{"id":9979,"date":"2019-12-10T08:54:19","date_gmt":"2019-12-10T07:54:19","guid":{"rendered":"http:\/\/tinnunculus.sy-sy.cz\/?page_id=9979"},"modified":"2025-03-14T18:14:41","modified_gmt":"2025-03-14T17:14:41","slug":"links-2","status":"publish","type":"page","link":"https:\/\/tinnunculus.sy-sy.cz\/index.php\/de\/links-2\/","title":{"rendered":"Links"},"content":{"rendered":"<ul>\n<li><a href=\"http:\/\/tinnunculus.sy-sy.cz\/index.php\/odkazy\/o-mysich\/\" target=\"_blank\" rel=\"noopener noreferrer\">Feldmaus (Microtus arvalis)<\/a><\/li>\n<li><a href=\"http:\/\/tinnunculus.sy-sy.cz\/index.php\/odkazy\/o-mysich\/\" target=\"_blank\" rel=\"noopener noreferrer\">Hausmaus (Mus musculus)<\/a><\/li>\n<li><a href=\"http:\/\/tinnunculus.sy-sy.cz\/index.php\/o-postolkach\/\">Turmfalke (Falco tinnunculus)<\/a><\/li>\n<li><a href=\"http:\/\/tinnunculus.sy-sy.cz\/index.php\/odkazy\/o-rorysech\/\">Mauersegler (Apus apus)<\/a><\/li>\n<\/ul>\n<h5 id=\"faunistick\u00e1-datab\u00e1ze-\u010cso:\"><span class=\"tlid-translation translation\" lang=\"de\"><span class=\"\" title=\"\">Faunistische Datenbank von<\/span><\/span> <a href=\"https:\/\/www.birdlife.cz\/en\/\" target=\"_blank\" rel=\"noopener noreferrer\">\u010cSO<\/a>:<\/h5>\n<ul>\n<li><a href=\"http:\/\/tinnunculus.sy-sy.cz\/index.php\/falco-tinnunculus-avif\/\">Turmfalke (Falco tinnunclus) in Avif<\/a><\/li>\n<li><a href=\"http:\/\/tinnunculus.sy-sy.cz\/index.php\/apus-apus-in-avif\/\">Mauersegler (Apus apus) in Avif<\/a><\/li>\n<\/ul>\n<h5 id=\"p\u0159\u00edm\u00e9-p\u0159enosy:\"><span class=\"tlid-translation translation\" lang=\"de\"><span class=\"\" title=\"\">Live-Cams und aktualisierten Videos:<\/span><\/span><\/h5>\n<ul>\n<li><a href=\"http:\/\/tinnunculus.sy-sy.cz\/index.php\/de\/falco-tinnunculus-online-3\/\">Turmfalke (Falco tinnunculus) online<\/a><\/li>\n<li><a href=\"http:\/\/tinnunculus.sy-sy.cz\/index.php\/odkazy\/apus-apus-online\/\">Mauersegler (Apus apus) online<\/a><\/li>\n<li><span class=\"tlid-translation translation\" lang=\"de\"><span class=\"\" title=\"\">Andere V\u00f6gel<\/span><\/span>:\n<ul>\n<li><a href=\"https:\/\/www.viewbirds.com\/\" target=\"_blank\" rel=\"noopener noreferrer\">View Nesting Birds (Bird\u00a0Cams)<\/a><\/li>\n<\/ul>\n<\/li>\n<\/ul>\n<p>&nbsp;<\/p>\n<p><span class=\"tlid-translation translation\" lang=\"de\"><span class=\"\" title=\"\">Hier finden Sie auch &#8222;unsere&#8220; Turmfalken<\/span><\/span>:<\/p>\n<ul>\n<li>Falken-F\u00f6rmchen \u00a6 Falken-Tipps von Zuzana<\/li>\n<li><a href=\"https:\/\/oiseau-libre.com\/portal\" target=\"_blank\" rel=\"noopener noreferrer\">Forum de l&#8217;Oiseau libre<\/a> \u00a6\u00a0<a href=\"https:\/\/oiseau-libre.com\/viewtopic.php?f=28&amp;t=3652#p31546\" target=\"_blank\" rel=\"noopener noreferrer\">Cr\u00e9cerelles de Brno\u00a0<\/a><\/li>\n<li><a href=\"https:\/\/lesfauconsdetheding.fr\" target=\"_blank\" rel=\"noopener noreferrer\">Les Faucons de Th\u00e9ding<\/a> \u00a6\u00a0<a href=\"https:\/\/lesfauconsdetheding.fr\/fr\/partenaires\/\" target=\"_blank\" rel=\"noopener noreferrer\">Partenaires<\/a><\/li>\n<li><a href=\"http:\/\/sinhaya.pl\/\" target=\"_blank\" rel=\"noopener noreferrer\">SINHAYA<\/a> \u00a6 <a href=\"http:\/\/sinhaya.pl\/viewtopic.php?f=98&amp;t=4802#p106672\" target=\"_blank\" rel=\"noopener noreferrer\">Pustu\u0142ki na balkonie &#8211; Brno<\/a><\/li>\n<li><a href=\"https:\/\/www.viewbirds.com\/#eurasian_kestrel\" target=\"_blank\" rel=\"noopener\">View Nesting Birds \u00a6 Eurasian Kestrel (Falco tinnunculus)<\/a><\/li>\n<\/ul>\n","protected":false},"excerpt":{"rendered":"<p>Feldmaus (Microtus arvalis) Hausmaus (Mus musculus) Turmfalke (Falco tinnunculus) Mauersegler (Apus apus) Faunistische Datenbank von \u010cSO: Turmfalke (Falco tinnunclus) in Avif Mauersegler (Apus apus) in Avif Live-Cams und aktualisierten Videos: Turmfalke (Falco tinnunculus) online Mauersegler (Apus apus) online Andere V\u00f6gel: View Nesting Birds (Bird\u00a0Cams) &nbsp; Hier finden Sie auch &#8222;unsere&#8220; Turmfalken: Falken-F\u00f6rmchen \u00a6 Falken-Tipps von &hellip; <\/p>\n<p class=\"link-more\"><a href=\"https:\/\/tinnunculus.sy-sy.cz\/index.php\/de\/links-2\/\" class=\"more-link\">Pokra\u010dovat ve \u010dten\u00ed<span class=\"screen-reader-text\"> &#8222;Links&#8220;<\/span><\/a><\/p>\n","protected":false},"author":2,"featured_media":0,"parent":0,"menu_order":70,"comment_status":"closed","ping_status":"closed","template":"","meta":{"jetpack_post_was_ever_published":false,"footnotes":""},"categories":[],"tags":[],"class_list":["post-9979","page","type-page","status-publish","hentry"],"jetpack_shortlink":"https:\/\/wp.me\/P91gKE-2AX","jetpack-related-posts":[{"id":40330,"url":"https:\/\/tinnunculus.sy-sy.cz\/index.php\/de\/voegel-online\/","url_meta":{"origin":9979,"position":0},"title":"V\u00f6gel online","author":"Zuzana Syrov\u00e1 An\u00fd\u017eov\u00e1","date":"15\/03\/2025","format":false,"excerpt":"Turmfalke (Falco tinnunculus) online Mauersegler (Apus apus) online Andere V\u00f6gel online: View Nesting Birds (Bird\u00a0Cams)","rel":"","context":"Podobn\u00fd p\u0159\u00edsp\u011bvek","block_context":{"text":"Podobn\u00fd p\u0159\u00edsp\u011bvek","link":""},"img":{"alt_text":"","src":"","width":0,"height":0},"classes":[]},{"id":10013,"url":"https:\/\/tinnunculus.sy-sy.cz\/index.php\/de\/voegel-online\/apus-apus-online\/","url_meta":{"origin":9979,"position":1},"title":"Apus apus online","author":"Zuzana Syrov\u00e1 An\u00fd\u017eov\u00e1","date":"10\/12\/2019","format":false,"excerpt":"Aktualisiert\u00a0 lokalita = Lokalit\u00e4t, Ort, Lokalisierung kamera = Kamera ABK\u00dcRZUNGEN: on+ Kamera on-line on- Kamera on-line, aber andere Vogel off\u00a0 Kamera off-line Die Tabelle zeigt das letzte Jahr, in dem die Mauersegler geschachtelt haben. L\u00e4ndercodes Links: View nesting birds: common swift Webcams gierzwaluwen","rel":"","context":"Podobn\u00fd p\u0159\u00edsp\u011bvek","block_context":{"text":"Podobn\u00fd p\u0159\u00edsp\u011bvek","link":""},"img":{"alt_text":"","src":"","width":0,"height":0},"classes":[]},{"id":46728,"url":"https:\/\/tinnunculus.sy-sy.cz\/index.php\/de\/unsere-turmfalken-online\/youtube-live\/apus-apus-brunensis\/","url_meta":{"origin":9979,"position":2},"title":"Apus apus brunensis","author":"Zuzana Syrov\u00e1 An\u00fd\u017eov\u00e1","date":"12\/03\/2026","format":false,"excerpt":"Permalinks: https:\/\/camstreamer.com\/redirect\/aQ5q2ii4Y7Fnl8YL00vOwCnqJTWmITdUXETNJJ4J https:\/\/camstreamer.com\/redirect\/86o0gPUVvKlp0Z1n2hrui3NHx2D9RVGzrbFYqPHE FALCO TINNUNCULUS BRUNENSIS \u2194 APUS APUS BRUNENSIS","rel":"","context":"Podobn\u00fd p\u0159\u00edsp\u011bvek","block_context":{"text":"Podobn\u00fd p\u0159\u00edsp\u011bvek","link":""},"img":{"alt_text":"","src":"","width":0,"height":0},"classes":[]},{"id":12894,"url":"https:\/\/tinnunculus.sy-sy.cz\/index.php\/de\/von-maeusen-und-turmfalken\/","url_meta":{"origin":9979,"position":3},"title":"Von M\u00e4usen und Turmfalken","author":"Zuzana Syrov\u00e1 An\u00fd\u017eov\u00e1","date":"30\/05\/2020","format":false,"excerpt":"Tut uns leid, dieser Inhalt wurde noch nicht in Deutsch \u00fcbersetzt. Lies die Version auf Englisch.","rel":"","context":"V \u201e\"Unsere\" Mauersegler\u201c","block_context":{"text":"\"Unsere\" Mauersegler","link":"https:\/\/tinnunculus.sy-sy.cz\/index.php\/de\/category\/mieter-und-besucher\/unsere-mauersegler\/"},"img":{"alt_text":"","src":"https:\/\/i0.wp.com\/tinnunculus.sy-sy.cz\/wp-content\/uploads\/2017\/08\/dsc22907_24x10cb-e1501697514766.jpg?fit=1200%2C500&ssl=1&resize=350%2C200","width":350,"height":200,"srcset":"https:\/\/i0.wp.com\/tinnunculus.sy-sy.cz\/wp-content\/uploads\/2017\/08\/dsc22907_24x10cb-e1501697514766.jpg?fit=1200%2C500&ssl=1&resize=350%2C200 1x, https:\/\/i0.wp.com\/tinnunculus.sy-sy.cz\/wp-content\/uploads\/2017\/08\/dsc22907_24x10cb-e1501697514766.jpg?fit=1200%2C500&ssl=1&resize=525%2C300 1.5x, https:\/\/i0.wp.com\/tinnunculus.sy-sy.cz\/wp-content\/uploads\/2017\/08\/dsc22907_24x10cb-e1501697514766.jpg?fit=1200%2C500&ssl=1&resize=700%2C400 2x, https:\/\/i0.wp.com\/tinnunculus.sy-sy.cz\/wp-content\/uploads\/2017\/08\/dsc22907_24x10cb-e1501697514766.jpg?fit=1200%2C500&ssl=1&resize=1050%2C600 3x"},"classes":[]},{"id":21257,"url":"https:\/\/tinnunculus.sy-sy.cz\/index.php\/de\/unsere-turmfalken-online\/youtube-live\/","url_meta":{"origin":9979,"position":4},"title":"YouTube-Live","author":"Zuzana Syrov\u00e1 An\u00fd\u017eov\u00e1","date":"02\/04\/2023","format":false,"excerpt":"Aktuell live: Falco tinnunculus brunensis 1 \u2192 Falco tinnunculus brunensis 2 \u2192 Apus apus brunensis \u2192 Permalinks: https:\/\/camstreamer.com\/redirect\/A7NqLLFPJXtvFYnNq0lyj4NzktH1FZof7pI4eqpY https:\/\/camstreamer.com\/redirect\/5VlgU1vAmpgM7ORmXjOdcmdzxzEbkX7sJ2IhxQRB https:\/\/camstreamer.com\/redirect\/qp2VoL6U8vNXAWmqPu8ETq3oaYV6YzYztbu34cMx https:\/\/camstreamer.com\/redirect\/XAP6hVk7bKHeT8TQs5rBZb5jV78QywJIVkQS5Lqy https:\/\/camstreamer.com\/redirect\/aQ5q2ii4Y7Fnl8YL00vOwCnqJTWmITdUXETNJJ4J https:\/\/camstreamer.com\/redirect\/86o0gPUVvKlp0Z1n2hrui3NHx2D9RVGzrbFYqPHE https:\/\/camstreamer.com\/redirect\/YprDdaZ6MpC5b4EHoLae835OrfMqeQbmimRKSspC https:\/\/youtube.com\/channel\/UCx1tb6S-HFz_XUyk2bGxavw\/live https:\/\/youtube.com\/channel\/UCn2Pab5nlUR3-bwZhUKdDSw\/live FALCO TINNUNCULUS BRUNENSIS \u2194 APUS APUS BRUNENSIS","rel":"","context":"Podobn\u00fd p\u0159\u00edsp\u011bvek","block_context":{"text":"Podobn\u00fd p\u0159\u00edsp\u011bvek","link":""},"img":{"alt_text":"","src":"","width":0,"height":0},"classes":[]},{"id":46734,"url":"https:\/\/tinnunculus.sy-sy.cz\/index.php\/de\/unsere-turmfalken-online\/youtube-live\/falco-tinnunculus-brunensis\/","url_meta":{"origin":9979,"position":5},"title":"Falco tinnunculus brunensis 1","author":"Zuzana Syrov\u00e1 An\u00fd\u017eov\u00e1","date":"12\/03\/2026","format":false,"excerpt":"Permalinks: https:\/\/camstreamer.com\/redirect\/A7NqLLFPJXtvFYnNq0lyj4NzktH1FZof7pI4eqpY https:\/\/camstreamer.com\/redirect\/5VlgU1vAmpgM7ORmXjOdcmdzxzEbkX7sJ2IhxQRB https:\/\/camstreamer.com\/redirect\/qp2VoL6U8vNXAWmqPu8ETq3oaYV6YzYztbu34cMx https:\/\/camstreamer.com\/redirect\/XAP6hVk7bKHeT8TQs5rBZb5jV78QywJIVkQS5Lqy FALCO TINNUNCULUS BRUNENSIS \u2194 APUS APUS BRUNENSIS","rel":"","context":"Podobn\u00fd p\u0159\u00edsp\u011bvek","block_context":{"text":"Podobn\u00fd p\u0159\u00edsp\u011bvek","link":""},"img":{"alt_text":"","src":"","width":0,"height":0},"classes":[]}],"jetpack_sharing_enabled":true,"_links":{"self":[{"href":"https:\/\/tinnunculus.sy-sy.cz\/index.php\/wp-json\/wp\/v2\/pages\/9979","targetHints":{"allow":["GET"]}}],"collection":[{"href":"https:\/\/tinnunculus.sy-sy.cz\/index.php\/wp-json\/wp\/v2\/pages"}],"about":[{"href":"https:\/\/tinnunculus.sy-sy.cz\/index.php\/wp-json\/wp\/v2\/types\/page"}],"author":[{"embeddable":true,"href":"https:\/\/tinnunculus.sy-sy.cz\/index.php\/wp-json\/wp\/v2\/users\/2"}],"replies":[{"embeddable":true,"href":"https:\/\/tinnunculus.sy-sy.cz\/index.php\/wp-json\/wp\/v2\/comments?post=9979"}],"version-history":[{"count":2,"href":"https:\/\/tinnunculus.sy-sy.cz\/index.php\/wp-json\/wp\/v2\/pages\/9979\/revisions"}],"predecessor-version":[{"id":24765,"href":"https:\/\/tinnunculus.sy-sy.cz\/index.php\/wp-json\/wp\/v2\/pages\/9979\/revisions\/24765"}],"wp:attachment":[{"href":"https:\/\/tinnunculus.sy-sy.cz\/index.php\/wp-json\/wp\/v2\/media?parent=9979"}],"wp:term":[{"taxonomy":"category","embeddable":true,"href":"https:\/\/tinnunculus.sy-sy.cz\/index.php\/wp-json\/wp\/v2\/categories?post=9979"},{"taxonomy":"post_tag","embeddable":true,"href":"https:\/\/tinnunculus.sy-sy.cz\/index.php\/wp-json\/wp\/v2\/tags?post=9979"}],"curies":[{"name":"wp","href":"https:\/\/api.w.org\/{rel}","templated":true}]}}