{"id":9977,"date":"2019-12-10T08:55:40","date_gmt":"2019-12-10T07:55:40","guid":{"rendered":"http:\/\/tinnunculus.sy-sy.cz\/?page_id=9977"},"modified":"2025-03-14T18:12:55","modified_gmt":"2025-03-14T17:12:55","slug":"liens","status":"publish","type":"page","link":"https:\/\/tinnunculus.sy-sy.cz\/index.php\/fr\/liens\/","title":{"rendered":"Liens"},"content":{"rendered":"<ul>\n<li><a href=\"http:\/\/tinnunculus.sy-sy.cz\/index.php\/odkazy\/o-mysich\/\" target=\"_blank\" rel=\"noopener noreferrer\">Campagnol des champs (Microtus arvalis)<\/a><\/li>\n<li><a href=\"http:\/\/tinnunculus.sy-sy.cz\/index.php\/odkazy\/o-mysich\/\" target=\"_blank\" rel=\"noopener noreferrer\">Souris domestique (Mus musculus)<\/a><\/li>\n<li><a href=\"http:\/\/tinnunculus.sy-sy.cz\/index.php\/o-postolkach\/\">Faucon cr\u00e9cerelle (Falco tinnunculus)<\/a><\/li>\n<li><a href=\"http:\/\/tinnunculus.sy-sy.cz\/index.php\/odkazy\/o-rorysech\/\">Martinet noir (Apus apus)<\/a><\/li>\n<\/ul>\n<h5 id=\"faunistick\u00e1-datab\u00e1ze-\u010cso:\"><span class=\"tlid-translation translation\" lang=\"fr\"><span class=\"\" title=\"\">Base de donn\u00e9es faunistique <\/span><\/span>de <a href=\"https:\/\/www.birdlife.cz\/en\/\" target=\"_blank\" rel=\"noopener noreferrer\">\u010cSO<\/a>:<\/h5>\n<ul>\n<li><a href=\"http:\/\/tinnunculus.sy-sy.cz\/index.php\/falco-tinnunculus-avif\/\">Faucon cr\u00e9cerelle (Falco tinnunclus) in Avif<\/a><\/li>\n<li><a href=\"http:\/\/tinnunculus.sy-sy.cz\/index.php\/apus-apus-in-avif\/\">Martinet noir (Apus apus) in Avif<\/a><\/li>\n<\/ul>\n<h5 id=\"p\u0159\u00edm\u00e9-p\u0159enosy:\"><span class=\"tlid-translation translation\" lang=\"fr\"><span class=\"\" title=\"\">cam\u00e9ras en direct et vid\u00e9os mises \u00e0 jour:<\/span><\/span><\/h5>\n<ul>\n<li><a href=\"http:\/\/tinnunculus.sy-sy.cz\/index.php\/fr\/falco-tinnunculus-online-2\/\">Faucon cr\u00e9cerelle (Falco tinnunculus) online<\/a><\/li>\n<li><a href=\"http:\/\/tinnunculus.sy-sy.cz\/index.php\/odkazy\/apus-apus-online\/\">Martinet noir (Apus apus) online<\/a><\/li>\n<li><span class=\"tlid-translation translation\" lang=\"fr\"><span class=\"\" title=\"\">Autres oiseaux<\/span><\/span>:\n<ul>\n<li><a href=\"https:\/\/www.viewbirds.com\/\" target=\"_blank\" rel=\"noopener noreferrer\">View Nesting Birds (Bird\u00a0Cams)<\/a><\/li>\n<\/ul>\n<\/li>\n<\/ul>\n<p>&nbsp;<\/p>\n<p><span class=\"tlid-translation translation\" lang=\"fr\"><span class=\"\" title=\"\">Vous pouvez trouver &#8222;nos&#8220; cr\u00e9cerelles aussi ici<\/span><\/span>:<\/p>\n<ul>\n<li>Falken-F\u00f6rmchen \u00a6 Falken-Tipps von Zuzana<\/li>\n<li><a href=\"https:\/\/oiseau-libre.com\/portal\" target=\"_blank\" rel=\"noopener noreferrer\">Forum de l&#8217;Oiseau libre<\/a> \u00a6\u00a0<a href=\"https:\/\/oiseau-libre.com\/viewtopic.php?f=28&amp;t=3652#p31546\" target=\"_blank\" rel=\"noopener noreferrer\">Cr\u00e9cerelles de Brno\u00a0<\/a><\/li>\n<li><a href=\"https:\/\/lesfauconsdetheding.fr\" target=\"_blank\" rel=\"noopener noreferrer\">Les Faucons de Th\u00e9ding<\/a> \u00a6\u00a0<a href=\"https:\/\/lesfauconsdetheding.fr\/fr\/partenaires\/\" target=\"_blank\" rel=\"noopener noreferrer\">Partenaires<\/a><\/li>\n<li><a href=\"http:\/\/sinhaya.pl\/\" target=\"_blank\" rel=\"noopener noreferrer\">SINHAYA<\/a> \u00a6 <a href=\"http:\/\/sinhaya.pl\/viewtopic.php?f=98&amp;t=4802#p106672\" target=\"_blank\" rel=\"noopener noreferrer\">Pustu\u0142ki na balkonie &#8211; Brno<\/a><\/li>\n<li><a href=\"https:\/\/www.viewbirds.com\/#eurasian_kestrel\" target=\"_blank\" rel=\"noopener\">View Nesting Birds \u00a6 Eurasian Kestrel (Falco tinnunculus)<\/a><\/li>\n<\/ul>\n","protected":false},"excerpt":{"rendered":"<p>Campagnol des champs (Microtus arvalis) Souris domestique (Mus musculus) Faucon cr\u00e9cerelle (Falco tinnunculus) Martinet noir (Apus apus) Base de donn\u00e9es faunistique de \u010cSO: Faucon cr\u00e9cerelle (Falco tinnunclus) in Avif Martinet noir (Apus apus) in Avif cam\u00e9ras en direct et vid\u00e9os mises \u00e0 jour: Faucon cr\u00e9cerelle (Falco tinnunculus) online Martinet noir (Apus apus) online Autres oiseaux: &hellip; <\/p>\n<p class=\"link-more\"><a href=\"https:\/\/tinnunculus.sy-sy.cz\/index.php\/fr\/liens\/\" class=\"more-link\">Pokra\u010dovat ve \u010dten\u00ed<span class=\"screen-reader-text\"> &#8222;Liens&#8220;<\/span><\/a><\/p>\n","protected":false},"author":2,"featured_media":0,"parent":0,"menu_order":70,"comment_status":"closed","ping_status":"closed","template":"","meta":{"jetpack_post_was_ever_published":false,"footnotes":""},"categories":[],"tags":[],"class_list":["post-9977","page","type-page","status-publish","hentry"],"jetpack_shortlink":"https:\/\/wp.me\/P91gKE-2AV","jetpack-related-posts":[{"id":40332,"url":"https:\/\/tinnunculus.sy-sy.cz\/index.php\/fr\/oiseaux-en-direct\/","url_meta":{"origin":9977,"position":0},"title":"Oiseaux en direct","author":"Zuzana Syrov\u00e1 An\u00fd\u017eov\u00e1","date":"15\/03\/2025","format":false,"excerpt":"Faucon cr\u00e9cerelle (Falco tinnunculus) en direct Martinet noir (Apus apus) en direct Autres oiseaux en direct: View Nesting Birds (Bird\u00a0Cams)","rel":"","context":"Podobn\u00fd p\u0159\u00edsp\u011bvek","block_context":{"text":"Podobn\u00fd p\u0159\u00edsp\u011bvek","link":""},"img":{"alt_text":"","src":"","width":0,"height":0},"classes":[]},{"id":14995,"url":"https:\/\/tinnunculus.sy-sy.cz\/index.php\/fr\/martinets\/","url_meta":{"origin":9977,"position":1},"title":"Martinets noirs saisons","author":"Zuzana Syrov\u00e1 An\u00fd\u017eov\u00e1","date":"25\/03\/2021","format":false,"excerpt":"2015\/05\/05 - retour des martinets 2016\/08\/?? - - installation du nichoir au-dessus de la fen\u00eatre \u00e0 c\u00f4t\u00e9 du balcon des cr\u00e9cerelles 2017\/04\/29 - retour des martinets 2018\/05\/04 - retour des martinets 2019\/05\/05 - retour des martinets 2020\/05\/07 - retour des martinets 2020\/05\/18 - M. Cr\u00e9cerelle apporte un martinet \u00e0 ses\u2026","rel":"","context":"V \u201e\"Nos\" martinets\u201c","block_context":{"text":"\"Nos\" martinets","link":"https:\/\/tinnunculus.sy-sy.cz\/index.php\/fr\/category\/locataires-et-visiteurs\/nos-martinets\/"},"img":{"alt_text":"","src":"https:\/\/i0.wp.com\/tinnunculus.sy-sy.cz\/wp-content\/uploads\/2017\/08\/20170707_15-07-36_1_uprav.jpg?resize=350%2C200&ssl=1","width":350,"height":200,"srcset":"https:\/\/i0.wp.com\/tinnunculus.sy-sy.cz\/wp-content\/uploads\/2017\/08\/20170707_15-07-36_1_uprav.jpg?resize=350%2C200&ssl=1 1x, https:\/\/i0.wp.com\/tinnunculus.sy-sy.cz\/wp-content\/uploads\/2017\/08\/20170707_15-07-36_1_uprav.jpg?resize=525%2C300&ssl=1 1.5x, https:\/\/i0.wp.com\/tinnunculus.sy-sy.cz\/wp-content\/uploads\/2017\/08\/20170707_15-07-36_1_uprav.jpg?resize=700%2C400&ssl=1 2x"},"classes":[]},{"id":46726,"url":"https:\/\/tinnunculus.sy-sy.cz\/index.php\/fr\/nos-crecerelles-online\/youtube-en-direct\/apus-apus-brunensis\/","url_meta":{"origin":9977,"position":2},"title":"Apus apus brunensis","author":"Zuzana Syrov\u00e1 An\u00fd\u017eov\u00e1","date":"12\/03\/2026","format":false,"excerpt":"Permalinks: https:\/\/camstreamer.com\/redirect\/aQ5q2ii4Y7Fnl8YL00vOwCnqJTWmITdUXETNJJ4J https:\/\/camstreamer.com\/redirect\/86o0gPUVvKlp0Z1n2hrui3NHx2D9RVGzrbFYqPHE FALCO TINNUNCULUS BRUNENSIS \u2194 APUS APUS BRUNENSIS","rel":"","context":"Podobn\u00fd p\u0159\u00edsp\u011bvek","block_context":{"text":"Podobn\u00fd p\u0159\u00edsp\u011bvek","link":""},"img":{"alt_text":"","src":"","width":0,"height":0},"classes":[]},{"id":12884,"url":"https:\/\/tinnunculus.sy-sy.cz\/index.php\/fr\/des-souris-et-des-crecerelles\/","url_meta":{"origin":9977,"position":3},"title":"Des souris et des cr\u00e9cerelles","author":"Zuzana Syrov\u00e1 An\u00fd\u017eov\u00e1","date":"30\/05\/2020","format":false,"excerpt":"Les faucons cr\u00e9cerelles vivent depuis longtemps avec nous sur le balcon de notre appartement dans la banlieue de Brno. Au d\u00e9part, ils utilisaient notre balcon uniquement comme abri et dortoir, mais depuis l'incendie de 2006, la situation a chang\u00e9. \u00c0 partir de la saison 2007, les cr\u00e9cerelles nichent ici. L'histoire\u2026","rel":"","context":"V \u201e\"Nos\" cr\u00e9cerelles\u201c","block_context":{"text":"\"Nos\" cr\u00e9cerelles","link":"https:\/\/tinnunculus.sy-sy.cz\/index.php\/fr\/category\/locataires-et-visiteurs\/nos-crecerelles\/"},"img":{"alt_text":"","src":"https:\/\/i0.wp.com\/tinnunculus.sy-sy.cz\/wp-content\/uploads\/2017\/08\/dsc22907_24x10cb-e1501697514766.jpg?fit=1200%2C500&ssl=1&resize=350%2C200","width":350,"height":200,"srcset":"https:\/\/i0.wp.com\/tinnunculus.sy-sy.cz\/wp-content\/uploads\/2017\/08\/dsc22907_24x10cb-e1501697514766.jpg?fit=1200%2C500&ssl=1&resize=350%2C200 1x, https:\/\/i0.wp.com\/tinnunculus.sy-sy.cz\/wp-content\/uploads\/2017\/08\/dsc22907_24x10cb-e1501697514766.jpg?fit=1200%2C500&ssl=1&resize=525%2C300 1.5x, https:\/\/i0.wp.com\/tinnunculus.sy-sy.cz\/wp-content\/uploads\/2017\/08\/dsc22907_24x10cb-e1501697514766.jpg?fit=1200%2C500&ssl=1&resize=700%2C400 2x, https:\/\/i0.wp.com\/tinnunculus.sy-sy.cz\/wp-content\/uploads\/2017\/08\/dsc22907_24x10cb-e1501697514766.jpg?fit=1200%2C500&ssl=1&resize=1050%2C600 3x"},"classes":[]},{"id":21255,"url":"https:\/\/tinnunculus.sy-sy.cz\/index.php\/fr\/nos-crecerelles-online\/youtube-en-direct\/","url_meta":{"origin":9977,"position":4},"title":"YouTube en direct","author":"Zuzana Syrov\u00e1 An\u00fd\u017eov\u00e1","date":"02\/04\/2023","format":false,"excerpt":"Actuellement en direct: Falco tinnunculus brunensis 1 \u2192 Falco tinnunculus brunensis 2 \u2192 Apus apus brunensis \u2192 Permalinks: https:\/\/camstreamer.com\/redirect\/A7NqLLFPJXtvFYnNq0lyj4NzktH1FZof7pI4eqpY https:\/\/camstreamer.com\/redirect\/5VlgU1vAmpgM7ORmXjOdcmdzxzEbkX7sJ2IhxQRB https:\/\/camstreamer.com\/redirect\/qp2VoL6U8vNXAWmqPu8ETq3oaYV6YzYztbu34cMx https:\/\/camstreamer.com\/redirect\/XAP6hVk7bKHeT8TQs5rBZb5jV78QywJIVkQS5Lqy https:\/\/camstreamer.com\/redirect\/aQ5q2ii4Y7Fnl8YL00vOwCnqJTWmITdUXETNJJ4J https:\/\/camstreamer.com\/redirect\/86o0gPUVvKlp0Z1n2hrui3NHx2D9RVGzrbFYqPHE https:\/\/camstreamer.com\/redirect\/YprDdaZ6MpC5b4EHoLae835OrfMqeQbmimRKSspC https:\/\/youtube.com\/channel\/UCx1tb6S-HFz_XUyk2bGxavw\/live https:\/\/youtube.com\/channel\/UCn2Pab5nlUR3-bwZhUKdDSw\/live FALCO TINNUNCULUS BRUNENSIS \u2194 APUS APUS BRUNENSIS","rel":"","context":"Podobn\u00fd p\u0159\u00edsp\u011bvek","block_context":{"text":"Podobn\u00fd p\u0159\u00edsp\u011bvek","link":""},"img":{"alt_text":"","src":"","width":0,"height":0},"classes":[]},{"id":46732,"url":"https:\/\/tinnunculus.sy-sy.cz\/index.php\/fr\/nos-crecerelles-online\/youtube-en-direct\/falco-tinnunculus-brunensis\/","url_meta":{"origin":9977,"position":5},"title":"Falco tinnunculus brunensis 1","author":"Zuzana Syrov\u00e1 An\u00fd\u017eov\u00e1","date":"12\/03\/2026","format":false,"excerpt":"Permalinks: https:\/\/camstreamer.com\/redirect\/A7NqLLFPJXtvFYnNq0lyj4NzktH1FZof7pI4eqpY https:\/\/camstreamer.com\/redirect\/5VlgU1vAmpgM7ORmXjOdcmdzxzEbkX7sJ2IhxQRB https:\/\/camstreamer.com\/redirect\/qp2VoL6U8vNXAWmqPu8ETq3oaYV6YzYztbu34cMx https:\/\/camstreamer.com\/redirect\/XAP6hVk7bKHeT8TQs5rBZb5jV78QywJIVkQS5Lqy FALCO TINNUNCULUS BRUNENSIS \u2194 APUS APUS BRUNENSIS","rel":"","context":"Podobn\u00fd p\u0159\u00edsp\u011bvek","block_context":{"text":"Podobn\u00fd p\u0159\u00edsp\u011bvek","link":""},"img":{"alt_text":"","src":"","width":0,"height":0},"classes":[]}],"jetpack_sharing_enabled":true,"_links":{"self":[{"href":"https:\/\/tinnunculus.sy-sy.cz\/index.php\/wp-json\/wp\/v2\/pages\/9977","targetHints":{"allow":["GET"]}}],"collection":[{"href":"https:\/\/tinnunculus.sy-sy.cz\/index.php\/wp-json\/wp\/v2\/pages"}],"about":[{"href":"https:\/\/tinnunculus.sy-sy.cz\/index.php\/wp-json\/wp\/v2\/types\/page"}],"author":[{"embeddable":true,"href":"https:\/\/tinnunculus.sy-sy.cz\/index.php\/wp-json\/wp\/v2\/users\/2"}],"replies":[{"embeddable":true,"href":"https:\/\/tinnunculus.sy-sy.cz\/index.php\/wp-json\/wp\/v2\/comments?post=9977"}],"version-history":[{"count":2,"href":"https:\/\/tinnunculus.sy-sy.cz\/index.php\/wp-json\/wp\/v2\/pages\/9977\/revisions"}],"predecessor-version":[{"id":24764,"href":"https:\/\/tinnunculus.sy-sy.cz\/index.php\/wp-json\/wp\/v2\/pages\/9977\/revisions\/24764"}],"wp:attachment":[{"href":"https:\/\/tinnunculus.sy-sy.cz\/index.php\/wp-json\/wp\/v2\/media?parent=9977"}],"wp:term":[{"taxonomy":"category","embeddable":true,"href":"https:\/\/tinnunculus.sy-sy.cz\/index.php\/wp-json\/wp\/v2\/categories?post=9977"},{"taxonomy":"post_tag","embeddable":true,"href":"https:\/\/tinnunculus.sy-sy.cz\/index.php\/wp-json\/wp\/v2\/tags?post=9977"}],"curies":[{"name":"wp","href":"https:\/\/api.w.org\/{rel}","templated":true}]}}