{"id":9885,"date":"2019-12-09T11:43:19","date_gmt":"2019-12-09T10:43:19","guid":{"rendered":"http:\/\/tinnunculus.sy-sy.cz\/?page_id=9885"},"modified":"2025-12-13T16:56:38","modified_gmt":"2025-12-13T15:56:38","slug":"souris","status":"publish","type":"page","link":"https:\/\/tinnunculus.sy-sy.cz\/index.php\/fr\/souris\/","title":{"rendered":"Souris"},"content":{"rendered":"<div class=\"article-main-content\">\n<div class=\"article-content\">\n<ol>\n<li style=\"list-style-type: none;\">\n<ol>\n<li>Rolanda (2009\/05\/30\u20142011\/05\/31)<\/li>\n<li>Rolandek (2011\/07\/06\u20142012\/10\/02)<\/li>\n<li>Martinka (2012\/11\/11\u20142013\/10\/2?)<\/li>\n<li>Cecilka (2013\/11\/22\u20142016\/04\/10)<\/li>\n<li>J\u016flinka (2016\/04\/12\u20142017\/03\/21)<\/li>\n<li>Leont\u00fdnka (2017\/03\/22\u20142017\/10\/02)<\/li>\n<li>\u00c9li\u0161ka (2017\/10\/05\u20142018\/09\/26)<\/li>\n<li>Ivu\u0161ka (2018\/10\/01\u20142018\/10\/26-29<strong>)<br \/>\n<\/strong><\/li>\n<li>Waru\u0161ka (2018\/10\/01\u20142020\/01\/14)<\/li>\n<li>Bla\u017eenka (2020\/02\/03\u20142021\/05\/14)<\/li>\n<li>\u017dofie (2021\/05\/15\u20142023\/06\/24)<\/li>\n<li>Am\u00e1lka (2023\/07\/10\u20142024\/12\/31)<\/li>\n<li>Jakubka, fille d&#8217;Am\u00e1lka (2023\/08\/15\u20142023\/10\/28)<\/li>\n<li>Haninka, fille d&#8217;Am\u00e1lka (2023\/08\/15\u20142024\/11\/13)<\/li>\n<li>Vilma (2025\/01\/07\u20142025\/12\/10)<\/li>\n<li>Lucie (2025\/12\/13\u2014)<\/li>\n<\/ol>\n<\/li>\n<\/ol>\n<p>Lucie vit avec nous <span style=\"font-weight: 400;\"> <span class=\"dhcountup\" data-time=\"10598612\">122 dn\u016f 16 hodin<\/span> .<\/span><\/p>\n<p><a href=\"https:\/\/photo.sy-sy.cz\/photo\/?t=Albums\/album_6d79736f7665\/album_6d79736f76652f726f6c616e646f7665#Albums\/album_6d79736f7665\/album_6d79736f76652f726f6c616e646f7665\" target=\"_blank\" rel=\"noopener\"><img data-recalc-dims=\"1\" loading=\"lazy\" decoding=\"async\" data-attachment-id=\"32257\" data-permalink=\"https:\/\/tinnunculus.sy-sy.cz\/index.php\/historie-mysi\/p1370792u1-2\/\" data-orig-file=\"https:\/\/i0.wp.com\/tinnunculus.sy-sy.cz\/wp-content\/uploads\/2024\/03\/P1370792u1-e1709481347160.jpg?fit=1038%2C707&amp;ssl=1\" data-orig-size=\"1038,707\" data-comments-opened=\"1\" data-image-meta=\"{&quot;aperture&quot;:&quot;3.3&quot;,&quot;credit&quot;:&quot;&quot;,&quot;camera&quot;:&quot;DMC-TZ20&quot;,&quot;caption&quot;:&quot;&quot;,&quot;created_timestamp&quot;:&quot;1507213328&quot;,&quot;copyright&quot;:&quot;&quot;,&quot;focal_length&quot;:&quot;4.3&quot;,&quot;iso&quot;:&quot;200&quot;,&quot;shutter_speed&quot;:&quot;0.066666666666667&quot;,&quot;title&quot;:&quot;&quot;,&quot;orientation&quot;:&quot;1&quot;}\" data-image-title=\"P1370792u1\" data-image-description=\"\" data-image-caption=\"\" data-large-file=\"https:\/\/i0.wp.com\/tinnunculus.sy-sy.cz\/wp-content\/uploads\/2024\/03\/P1370792u1-e1709481347160.jpg?fit=525%2C358&amp;ssl=1\" class=\"aligncenter wp-image-32257 size-large\" src=\"https:\/\/i0.wp.com\/tinnunculus.sy-sy.cz\/wp-content\/uploads\/2024\/03\/P1370792u1.jpg?resize=525%2C358&#038;ssl=1\" alt=\"\" width=\"525\" height=\"358\" \/><\/a><\/p>\n<p>&nbsp;<\/p>\n<\/div>\n<\/div>\n","protected":false},"excerpt":{"rendered":"<p>Rolanda (2009\/05\/30\u20142011\/05\/31) Rolandek (2011\/07\/06\u20142012\/10\/02) Martinka (2012\/11\/11\u20142013\/10\/2?) Cecilka (2013\/11\/22\u20142016\/04\/10) J\u016flinka (2016\/04\/12\u20142017\/03\/21) Leont\u00fdnka (2017\/03\/22\u20142017\/10\/02) \u00c9li\u0161ka (2017\/10\/05\u20142018\/09\/26) Ivu\u0161ka (2018\/10\/01\u20142018\/10\/26-29) Waru\u0161ka (2018\/10\/01\u20142020\/01\/14) Bla\u017eenka (2020\/02\/03\u20142021\/05\/14) \u017dofie (2021\/05\/15\u20142023\/06\/24) Am\u00e1lka (2023\/07\/10\u20142024\/12\/31) Jakubka, fille d&#8217;Am\u00e1lka (2023\/08\/15\u20142023\/10\/28) Haninka, fille d&#8217;Am\u00e1lka (2023\/08\/15\u20142024\/11\/13) Vilma (2025\/01\/07\u20142025\/12\/10) Lucie (2025\/12\/13\u2014) Lucie vit avec nous . &nbsp;<\/p>\n","protected":false},"author":2,"featured_media":0,"parent":0,"menu_order":10,"comment_status":"closed","ping_status":"closed","template":"","meta":{"jetpack_post_was_ever_published":false,"footnotes":""},"categories":[1153,1139,1271,1203],"tags":[1234,1252],"class_list":["post-9885","page","type-page","status-publish","hentry","category-locataires-et-visiteurs","category-nos-souris","category-souris","category-souris-domestique","tag-histoire-des-souris","tag-souris"],"jetpack_shortlink":"https:\/\/wp.me\/P91gKE-2zr","jetpack-related-posts":[{"id":860,"url":"https:\/\/tinnunculus.sy-sy.cz\/index.php\/fr\/faucons-crecerelle\/","url_meta":{"origin":9885,"position":0},"title":"Faucons cr\u00e9cerelle saisons","author":"Zuzana Syrov\u00e1 An\u00fd\u017eov\u00e1","date":"04\/08\/2017","format":false,"excerpt":"2007 5 + 1 oeufs pondus (avant 2007\/05\/10). 5 petits n\u00e9s (2007\/06\/03 quatre; 2007\/06\/04 5\u00e8me). 5 petits envol\u00e9s. 2008 5 oeufs pondus (2008\/05\/05\u20142008\/05\/14). 0 petit n\u00e9. \u00a0les parents ont mang\u00e9 les 5 oeufs (2008\/06\/09\u20142008\/06\/23). 2009 4 oeufs pondus (2009\/04\/24\u20142009\/05\/01). 3 petits n\u00e9s (2009\/05\/27\u20142009\/05\/28). 3 petits envol\u00e9s (2009\/06\/24 deux, dont un\u2026","rel":"","context":"V \u201e\"Nos\" cr\u00e9cerelles\u201c","block_context":{"text":"\"Nos\" cr\u00e9cerelles","link":"https:\/\/tinnunculus.sy-sy.cz\/index.php\/fr\/category\/locataires-et-visiteurs\/nos-crecerelles\/"},"img":{"alt_text":"Vlajka \u010cesk\u00e9 republiky","src":"https:\/\/i0.wp.com\/statni.vlajky.org\/32\/ceska_republika.png?resize=350%2C200","width":350,"height":200},"classes":[]},{"id":14995,"url":"https:\/\/tinnunculus.sy-sy.cz\/index.php\/fr\/martinets\/","url_meta":{"origin":9885,"position":1},"title":"Martinets noirs saisons","author":"Zuzana Syrov\u00e1 An\u00fd\u017eov\u00e1","date":"25\/03\/2021","format":false,"excerpt":"2015\/05\/05 - retour des martinets 2016\/08\/?? - - installation du nichoir au-dessus de la fen\u00eatre \u00e0 c\u00f4t\u00e9 du balcon des cr\u00e9cerelles 2017\/04\/29 - retour des martinets 2018\/05\/04 - retour des martinets 2019\/05\/05 - retour des martinets 2020\/05\/07 - retour des martinets 2020\/05\/18 - M. Cr\u00e9cerelle apporte un martinet \u00e0 ses\u2026","rel":"","context":"V \u201e\"Nos\" martinets\u201c","block_context":{"text":"\"Nos\" martinets","link":"https:\/\/tinnunculus.sy-sy.cz\/index.php\/fr\/category\/locataires-et-visiteurs\/nos-martinets\/"},"img":{"alt_text":"","src":"https:\/\/i0.wp.com\/tinnunculus.sy-sy.cz\/wp-content\/uploads\/2017\/08\/20170707_15-07-36_1_uprav.jpg?resize=350%2C200&ssl=1","width":350,"height":200,"srcset":"https:\/\/i0.wp.com\/tinnunculus.sy-sy.cz\/wp-content\/uploads\/2017\/08\/20170707_15-07-36_1_uprav.jpg?resize=350%2C200&ssl=1 1x, https:\/\/i0.wp.com\/tinnunculus.sy-sy.cz\/wp-content\/uploads\/2017\/08\/20170707_15-07-36_1_uprav.jpg?resize=525%2C300&ssl=1 1.5x, https:\/\/i0.wp.com\/tinnunculus.sy-sy.cz\/wp-content\/uploads\/2017\/08\/20170707_15-07-36_1_uprav.jpg?resize=700%2C400&ssl=1 2x"},"classes":[]},{"id":12884,"url":"https:\/\/tinnunculus.sy-sy.cz\/index.php\/fr\/des-souris-et-des-crecerelles\/","url_meta":{"origin":9885,"position":2},"title":"Des souris et des cr\u00e9cerelles","author":"Zuzana Syrov\u00e1 An\u00fd\u017eov\u00e1","date":"30\/05\/2020","format":false,"excerpt":"Les faucons cr\u00e9cerelles vivent depuis longtemps avec nous sur le balcon de notre appartement dans la banlieue de Brno. Au d\u00e9part, ils utilisaient notre balcon uniquement comme abri et dortoir, mais depuis l'incendie de 2006, la situation a chang\u00e9. \u00c0 partir de la saison 2007, les cr\u00e9cerelles nichent ici. L'histoire\u2026","rel":"","context":"V \u201e\"Nos\" cr\u00e9cerelles\u201c","block_context":{"text":"\"Nos\" cr\u00e9cerelles","link":"https:\/\/tinnunculus.sy-sy.cz\/index.php\/fr\/category\/locataires-et-visiteurs\/nos-crecerelles\/"},"img":{"alt_text":"","src":"https:\/\/i0.wp.com\/tinnunculus.sy-sy.cz\/wp-content\/uploads\/2017\/08\/dsc22907_24x10cb-e1501697514766.jpg?fit=1200%2C500&ssl=1&resize=350%2C200","width":350,"height":200,"srcset":"https:\/\/i0.wp.com\/tinnunculus.sy-sy.cz\/wp-content\/uploads\/2017\/08\/dsc22907_24x10cb-e1501697514766.jpg?fit=1200%2C500&ssl=1&resize=350%2C200 1x, https:\/\/i0.wp.com\/tinnunculus.sy-sy.cz\/wp-content\/uploads\/2017\/08\/dsc22907_24x10cb-e1501697514766.jpg?fit=1200%2C500&ssl=1&resize=525%2C300 1.5x, https:\/\/i0.wp.com\/tinnunculus.sy-sy.cz\/wp-content\/uploads\/2017\/08\/dsc22907_24x10cb-e1501697514766.jpg?fit=1200%2C500&ssl=1&resize=700%2C400 2x, https:\/\/i0.wp.com\/tinnunculus.sy-sy.cz\/wp-content\/uploads\/2017\/08\/dsc22907_24x10cb-e1501697514766.jpg?fit=1200%2C500&ssl=1&resize=1050%2C600 3x"},"classes":[]},{"id":19651,"url":"https:\/\/tinnunculus.sy-sy.cz\/index.php\/fr\/nos-crecerelles-online\/nos-webcams\/liste-des-cameras\/camera-10\/","url_meta":{"origin":9885,"position":3},"title":"Cam\u00e9ra 10","author":"Zuzana Syrov\u00e1 An\u00fd\u017eov\u00e1","date":"06\/08\/2022","format":false,"excerpt":"0\u00a6\u00a01\u00a6\u00a02\u00a6\u00a03\u00a6\u00a04\u00a6\u00a05\u00a6\u00a06\u00a6\u00a07\u00a6\u00a08\u00a6\u00a09\u00a6\u00a012\u00a6\u00a013\u00a6\u00a014\u00a6\u00a015\u00a6\u00a016\u00a6\u00a017\u00a6\u00a018\u00a6\u00a019\u00a6\u00a020\u00a6 10\u00a6\u00a0 11\u00a6 21\u00a6 \u00a0 \u2190\u00a0Nos webcams","rel":"","context":"V \u201e\"Nos\" cr\u00e9cerelles\u201c","block_context":{"text":"\"Nos\" cr\u00e9cerelles","link":"https:\/\/tinnunculus.sy-sy.cz\/index.php\/fr\/category\/locataires-et-visiteurs\/nos-crecerelles\/"},"img":{"alt_text":"Camera 10","src":"https:\/\/sy-sy.cz\/cam\/webapi\/entry.cgi?api=SYNO.SurveillanceStation.Stream.VideoStreaming&version=1&method=Stream&format=mjpeg&cameraId=68&StmKey=%223b0e33926c7c75440d585f053d8e3021%22","width":350,"height":200,"srcset":"https:\/\/sy-sy.cz\/cam\/webapi\/entry.cgi?api=SYNO.SurveillanceStation.Stream.VideoStreaming&version=1&method=Stream&format=mjpeg&cameraId=68&StmKey=%223b0e33926c7c75440d585f053d8e3021%22 1x, https:\/\/sy-sy.cz\/cam\/webapi\/entry.cgi?api=SYNO.SurveillanceStation.Stream.VideoStreaming&version=1&method=Stream&format=mjpeg&cameraId=68&StmKey=%223b0e33926c7c75440d585f053d8e3021%22 1.5x, https:\/\/sy-sy.cz\/cam\/webapi\/entry.cgi?api=SYNO.SurveillanceStation.Stream.VideoStreaming&version=1&method=Stream&format=mjpeg&cameraId=68&StmKey=%223b0e33926c7c75440d585f053d8e3021%22 2x"},"classes":[]},{"id":14380,"url":"https:\/\/tinnunculus.sy-sy.cz\/index.php\/fr\/meteo-bystrc\/archive-meteo\/meteo-2017\/","url_meta":{"origin":9885,"position":4},"title":"M\u00e9t\u00e9o 2017","author":"Zuzana Syrov\u00e1 An\u00fd\u017eov\u00e1","date":"12\/01\/2021","format":false,"excerpt":"2007 \u00a6 2008 \u00a6 2009 \u00a6 2010 \u00a6 2011 \u00a6 2012 \u00a6 2013 \u00a6 2014 \u00a6 2015 \u00a6 2016 \u00a6 2017 \u00a6 2018 \u00a6 2019 \u00a6 2020 \u00a6 2021 \u00a6 2022 \u00a6 2023 \u00a6 2024 \u00a6 2025 \u00a6 2026 \u00a0 M\u00e9t\u00e9o \u00e0 Bystrc \u00a6 Cartes \u00a6 Archive m\u00e9t\u00e9o \u00a6\u00a0Webcams autour\u2026","rel":"","context":"Podobn\u00fd p\u0159\u00edsp\u011bvek","block_context":{"text":"Podobn\u00fd p\u0159\u00edsp\u011bvek","link":""},"img":{"alt_text":"","src":"https:\/\/i0.wp.com\/tinnunculus.sy-sy.cz\/wp-content\/uploads\/2021\/01\/history_meteoblue_fr_2017-1024x830.png?resize=350%2C200&ssl=1","width":350,"height":200,"srcset":"https:\/\/i0.wp.com\/tinnunculus.sy-sy.cz\/wp-content\/uploads\/2021\/01\/history_meteoblue_fr_2017-1024x830.png?resize=350%2C200&ssl=1 1x, https:\/\/i0.wp.com\/tinnunculus.sy-sy.cz\/wp-content\/uploads\/2021\/01\/history_meteoblue_fr_2017-1024x830.png?resize=525%2C300&ssl=1 1.5x"},"classes":[]},{"id":29393,"url":"https:\/\/tinnunculus.sy-sy.cz\/index.php\/fr\/meteo-bystrc\/archive-meteo\/meteo-2023\/","url_meta":{"origin":9885,"position":5},"title":"M\u00e9t\u00e9o 2023","author":"Zuzana Syrov\u00e1 An\u00fd\u017eov\u00e1","date":"01\/01\/2024","format":false,"excerpt":"2007 \u00a6 2008 \u00a6 2009 \u00a6 2010 \u00a6 2011 \u00a6 2012 \u00a6 2013 \u00a6 2014 \u00a6 2015 \u00a6 2016 \u00a6 2017 \u00a6 2018 \u00a6 2019 \u00a6 2020 \u00a6 2021 \u00a6 2022 \u00a6 2023 \u00a6 2024 \u00a6 2025 \u00a6 2026 \u00a0 M\u00e9t\u00e9o \u00e0 Bystrc \u00a6 Cartes \u00a6 Archive m\u00e9t\u00e9o \u00a6\u00a0Webcams autour\u2026","rel":"","context":"Podobn\u00fd p\u0159\u00edsp\u011bvek","block_context":{"text":"Podobn\u00fd p\u0159\u00edsp\u011bvek","link":""},"img":{"alt_text":"","src":"https:\/\/i0.wp.com\/tinnunculus.sy-sy.cz\/wp-content\/uploads\/2024\/01\/history_meteoblue_fr_2023-1-1024x830.png?resize=350%2C200&ssl=1","width":350,"height":200,"srcset":"https:\/\/i0.wp.com\/tinnunculus.sy-sy.cz\/wp-content\/uploads\/2024\/01\/history_meteoblue_fr_2023-1-1024x830.png?resize=350%2C200&ssl=1 1x, https:\/\/i0.wp.com\/tinnunculus.sy-sy.cz\/wp-content\/uploads\/2024\/01\/history_meteoblue_fr_2023-1-1024x830.png?resize=525%2C300&ssl=1 1.5x"},"classes":[]}],"jetpack_sharing_enabled":true,"_links":{"self":[{"href":"https:\/\/tinnunculus.sy-sy.cz\/index.php\/wp-json\/wp\/v2\/pages\/9885","targetHints":{"allow":["GET"]}}],"collection":[{"href":"https:\/\/tinnunculus.sy-sy.cz\/index.php\/wp-json\/wp\/v2\/pages"}],"about":[{"href":"https:\/\/tinnunculus.sy-sy.cz\/index.php\/wp-json\/wp\/v2\/types\/page"}],"author":[{"embeddable":true,"href":"https:\/\/tinnunculus.sy-sy.cz\/index.php\/wp-json\/wp\/v2\/users\/2"}],"replies":[{"embeddable":true,"href":"https:\/\/tinnunculus.sy-sy.cz\/index.php\/wp-json\/wp\/v2\/comments?post=9885"}],"version-history":[{"count":3,"href":"https:\/\/tinnunculus.sy-sy.cz\/index.php\/wp-json\/wp\/v2\/pages\/9885\/revisions"}],"predecessor-version":[{"id":45296,"href":"https:\/\/tinnunculus.sy-sy.cz\/index.php\/wp-json\/wp\/v2\/pages\/9885\/revisions\/45296"}],"wp:attachment":[{"href":"https:\/\/tinnunculus.sy-sy.cz\/index.php\/wp-json\/wp\/v2\/media?parent=9885"}],"wp:term":[{"taxonomy":"category","embeddable":true,"href":"https:\/\/tinnunculus.sy-sy.cz\/index.php\/wp-json\/wp\/v2\/categories?post=9885"},{"taxonomy":"post_tag","embeddable":true,"href":"https:\/\/tinnunculus.sy-sy.cz\/index.php\/wp-json\/wp\/v2\/tags?post=9885"}],"curies":[{"name":"wp","href":"https:\/\/api.w.org\/{rel}","templated":true}]}}