{"id":9878,"date":"2019-12-09T11:31:57","date_gmt":"2019-12-09T10:31:57","guid":{"rendered":"http:\/\/tinnunculus.sy-sy.cz\/?page_id=9878"},"modified":"2025-03-14T14:56:46","modified_gmt":"2025-03-14T13:56:46","slug":"archiv-2","status":"publish","type":"page","link":"https:\/\/tinnunculus.sy-sy.cz\/index.php\/de\/archiv-2\/","title":{"rendered":"Archiv"},"content":{"rendered":"<p><iframe loading=\"lazy\" src=\"https:\/\/photo.sy-sy.cz\/photo\/embed\/embed.html?album=album_706f73746f6c652f746f707477&amp;autoplay=1\" width=\"480\" height=\"320\" frameborder=\"0\"><\/iframe><\/p>\n<h5 id=\"foto---video-\/\/-photo---video-\" align=\"center\"><span class=\"short_text\"><span class=\"hps\">Foto- und Videogalerie<\/span><\/span><\/h5>\n<ul>\n<li><a href=\"https:\/\/photo.sy-sy.cz\/photo\/?t=category_5#category_5\" target=\"_blank\" rel=\"noopener noreferrer\">&#8222;Unsere&#8220; Turmfalken<\/a><\/li>\n<li><a href=\"https:\/\/photo.sy-sy.cz\/photo\/?t=category_7#category_7\" target=\"_blank\" rel=\"noopener noreferrer\">M\u00e4usen<\/a><\/li>\n<li><a href=\"https:\/\/photo.sy-sy.cz\/photo\/?t=category_6#category_6\" target=\"_blank\" rel=\"noopener noreferrer\">Andere V\u00f6gel und Tiere<\/a>\n<ul>\n<li><a href=\"https:\/\/photo.sy-sy.cz\/photo\/?t=Albums\/album_466f746f50617374#!Albums\/album_4369737461466f746f70617374\" target=\"_blank\" rel=\"noopener\">Wildkamera<\/a><\/li>\n<\/ul>\n<\/li>\n<\/ul>\n","protected":false},"excerpt":{"rendered":"<p>Foto- und Videogalerie &#8222;Unsere&#8220; Turmfalken M\u00e4usen Andere V\u00f6gel und Tiere Wildkamera<\/p>\n","protected":false},"author":2,"featured_media":0,"parent":0,"menu_order":30,"comment_status":"closed","ping_status":"closed","template":"","meta":{"jetpack_post_was_ever_published":false,"footnotes":""},"categories":[],"tags":[],"class_list":["post-9878","page","type-page","status-publish","hentry"],"jetpack_shortlink":"https:\/\/wp.me\/P91gKE-2zk","jetpack-related-posts":[{"id":12894,"url":"https:\/\/tinnunculus.sy-sy.cz\/index.php\/de\/von-maeusen-und-turmfalken\/","url_meta":{"origin":9878,"position":0},"title":"Von M\u00e4usen und Turmfalken","author":"Zuzana Syrov\u00e1 An\u00fd\u017eov\u00e1","date":"30\/05\/2020","format":false,"excerpt":"Tut uns leid, dieser Inhalt wurde noch nicht in Deutsch \u00fcbersetzt. Lies die Version auf Englisch.","rel":"","context":"V \u201e\"Unsere\" Mauersegler\u201c","block_context":{"text":"\"Unsere\" Mauersegler","link":"https:\/\/tinnunculus.sy-sy.cz\/index.php\/de\/category\/mieter-und-besucher\/unsere-mauersegler\/"},"img":{"alt_text":"","src":"https:\/\/i0.wp.com\/tinnunculus.sy-sy.cz\/wp-content\/uploads\/2017\/08\/dsc22907_24x10cb-e1501697514766.jpg?fit=1200%2C500&ssl=1&resize=350%2C200","width":350,"height":200,"srcset":"https:\/\/i0.wp.com\/tinnunculus.sy-sy.cz\/wp-content\/uploads\/2017\/08\/dsc22907_24x10cb-e1501697514766.jpg?fit=1200%2C500&ssl=1&resize=350%2C200 1x, https:\/\/i0.wp.com\/tinnunculus.sy-sy.cz\/wp-content\/uploads\/2017\/08\/dsc22907_24x10cb-e1501697514766.jpg?fit=1200%2C500&ssl=1&resize=525%2C300 1.5x, https:\/\/i0.wp.com\/tinnunculus.sy-sy.cz\/wp-content\/uploads\/2017\/08\/dsc22907_24x10cb-e1501697514766.jpg?fit=1200%2C500&ssl=1&resize=700%2C400 2x, https:\/\/i0.wp.com\/tinnunculus.sy-sy.cz\/wp-content\/uploads\/2017\/08\/dsc22907_24x10cb-e1501697514766.jpg?fit=1200%2C500&ssl=1&resize=1050%2C600 3x"},"classes":[]},{"id":39230,"url":"https:\/\/tinnunculus.sy-sy.cz\/index.php\/de\/wildtiere-in-unserem-landhaus\/","url_meta":{"origin":9878,"position":1},"title":"Wildtiere in unserem Landhaus","author":"Zuzana Syrov\u00e1 An\u00fd\u017eov\u00e1","date":"22\/01\/2025","format":false,"excerpt":"\ufeff\ufeff Tut uns leid, dieser Inhalt wurde noch nicht in Deutsch \u00fcbersetzt. Lies die\u00a0Version auf Englisch. Archives: Fotogalerie Wildkamera","rel":"","context":"V \u201eMieter und Besucher\u201c","block_context":{"text":"Mieter und Besucher","link":"https:\/\/tinnunculus.sy-sy.cz\/index.php\/de\/category\/mieter-und-besucher\/"},"img":{"alt_text":"","src":"","width":0,"height":0},"classes":[]},{"id":9979,"url":"https:\/\/tinnunculus.sy-sy.cz\/index.php\/de\/links-2\/","url_meta":{"origin":9878,"position":2},"title":"Links","author":"Zuzana Syrov\u00e1 An\u00fd\u017eov\u00e1","date":"10\/12\/2019","format":false,"excerpt":"Feldmaus (Microtus arvalis) Hausmaus (Mus musculus) Turmfalke (Falco tinnunculus) Mauersegler (Apus apus) Faunistische Datenbank von \u010cSO: Turmfalke (Falco tinnunclus) in Avif Mauersegler (Apus apus) in Avif Live-Cams und aktualisierten Videos: Turmfalke (Falco tinnunculus) online Mauersegler (Apus apus) online Andere V\u00f6gel: View Nesting Birds (Bird\u00a0Cams) \u00a0 Hier finden Sie auch \"unsere\"\u2026","rel":"","context":"Podobn\u00fd p\u0159\u00edsp\u011bvek","block_context":{"text":"Podobn\u00fd p\u0159\u00edsp\u011bvek","link":""},"img":{"alt_text":"","src":"","width":0,"height":0},"classes":[]},{"id":38526,"url":"https:\/\/tinnunculus.sy-sy.cz\/index.php\/de\/maeusen\/tabellenuebersicht-unserer-maeuse\/","url_meta":{"origin":9878,"position":3},"title":"Tabellen\u00fcbersicht unserer M\u00e4use","author":"Zuzana Syrov\u00e1 An\u00fd\u017eov\u00e1","date":"16\/12\/2024","format":false,"excerpt":"Tut uns leid, dieser Inhalt wurde noch nicht in Deutsch \u00fcbersetzt. Lies die\u00a0Version auf Englisch. M\u00e4usen","rel":"","context":"V \u201eMieter und Besucher\u201c","block_context":{"text":"Mieter und Besucher","link":"https:\/\/tinnunculus.sy-sy.cz\/index.php\/de\/category\/mieter-und-besucher\/"},"img":{"alt_text":"","src":"","width":0,"height":0},"classes":[]},{"id":9873,"url":"https:\/\/tinnunculus.sy-sy.cz\/index.php\/de\/vorbericht\/","url_meta":{"origin":9878,"position":4},"title":"Vorbericht","author":"Zuzana Syrov\u00e1 An\u00fd\u017eov\u00e1","date":"09\/12\/2019","format":false,"excerpt":"Willkommen bei Turmfalken aus Brno! Seit 2007 haben wir in fast jedem Jahr ein Turmfalkenp\u00e4rchen bei uns zu Gast auf unserem Balkon. Wir m\u00f6chten mit dieser Homepage allen Turmfalkenfreunden und solchen die es werden wollen diese faszinierenden Tiere n\u00e4her bringen! Aktuelles Live-Video: Live vom Turmfalkenbalkon \u00a6 von den Mauerseglerk\u00e4sten \u00a6\u2026","rel":"","context":"Podobn\u00fd p\u0159\u00edsp\u011bvek","block_context":{"text":"Podobn\u00fd p\u0159\u00edsp\u011bvek","link":""},"img":{"alt_text":"","src":"","width":0,"height":0},"classes":[]},{"id":47363,"url":"https:\/\/tinnunculus.sy-sy.cz\/index.php\/de\/unsere-turmfalken-online\/unsere-webcams\/kameraliste\/kamera-21\/21-%c2%a6-kuechenfenster-turmfalken\/","url_meta":{"origin":9878,"position":5},"title":"21 \u00a6 K\u00fcchenfenster Turmfalken","author":"Zuzana Syrov\u00e1 An\u00fd\u017eov\u00e1","date":"23\/03\/2026","format":false,"excerpt":"21\u00a6","rel":"","context":"V \u201e\"Unsere\" Turmfalken\u201c","block_context":{"text":"\"Unsere\" Turmfalken","link":"https:\/\/tinnunculus.sy-sy.cz\/index.php\/de\/category\/mieter-und-besucher\/unsere-turmfalken\/"},"img":{"alt_text":"Camera 21","src":"https:\/\/sy-sy.cz\/cam\/webapi\/entry.cgi?api=SYNO.SurveillanceStation.Stream.VideoStreaming&version=1&method=Stream&format=mjpeg&cameraId=70&StmKey=%22ac0aa1938a31ee59376e7854dc7d885d%22","width":350,"height":200,"srcset":"https:\/\/sy-sy.cz\/cam\/webapi\/entry.cgi?api=SYNO.SurveillanceStation.Stream.VideoStreaming&version=1&method=Stream&format=mjpeg&cameraId=70&StmKey=%22ac0aa1938a31ee59376e7854dc7d885d%22 1x, https:\/\/sy-sy.cz\/cam\/webapi\/entry.cgi?api=SYNO.SurveillanceStation.Stream.VideoStreaming&version=1&method=Stream&format=mjpeg&cameraId=70&StmKey=%22ac0aa1938a31ee59376e7854dc7d885d%22 1.5x, https:\/\/sy-sy.cz\/cam\/webapi\/entry.cgi?api=SYNO.SurveillanceStation.Stream.VideoStreaming&version=1&method=Stream&format=mjpeg&cameraId=70&StmKey=%22ac0aa1938a31ee59376e7854dc7d885d%22 2x, https:\/\/sy-sy.cz\/cam\/webapi\/entry.cgi?api=SYNO.SurveillanceStation.Stream.VideoStreaming&version=1&method=Stream&format=mjpeg&cameraId=70&StmKey=%22ac0aa1938a31ee59376e7854dc7d885d%22 3x"},"classes":[]}],"jetpack_sharing_enabled":true,"_links":{"self":[{"href":"https:\/\/tinnunculus.sy-sy.cz\/index.php\/wp-json\/wp\/v2\/pages\/9878","targetHints":{"allow":["GET"]}}],"collection":[{"href":"https:\/\/tinnunculus.sy-sy.cz\/index.php\/wp-json\/wp\/v2\/pages"}],"about":[{"href":"https:\/\/tinnunculus.sy-sy.cz\/index.php\/wp-json\/wp\/v2\/types\/page"}],"author":[{"embeddable":true,"href":"https:\/\/tinnunculus.sy-sy.cz\/index.php\/wp-json\/wp\/v2\/users\/2"}],"replies":[{"embeddable":true,"href":"https:\/\/tinnunculus.sy-sy.cz\/index.php\/wp-json\/wp\/v2\/comments?post=9878"}],"version-history":[{"count":3,"href":"https:\/\/tinnunculus.sy-sy.cz\/index.php\/wp-json\/wp\/v2\/pages\/9878\/revisions"}],"predecessor-version":[{"id":39220,"href":"https:\/\/tinnunculus.sy-sy.cz\/index.php\/wp-json\/wp\/v2\/pages\/9878\/revisions\/39220"}],"wp:attachment":[{"href":"https:\/\/tinnunculus.sy-sy.cz\/index.php\/wp-json\/wp\/v2\/media?parent=9878"}],"wp:term":[{"taxonomy":"category","embeddable":true,"href":"https:\/\/tinnunculus.sy-sy.cz\/index.php\/wp-json\/wp\/v2\/categories?post=9878"},{"taxonomy":"post_tag","embeddable":true,"href":"https:\/\/tinnunculus.sy-sy.cz\/index.php\/wp-json\/wp\/v2\/tags?post=9878"}],"curies":[{"name":"wp","href":"https:\/\/api.w.org\/{rel}","templated":true}]}}