{"id":9876,"date":"2019-12-09T11:30:39","date_gmt":"2019-12-09T10:30:39","guid":{"rendered":"http:\/\/tinnunculus.sy-sy.cz\/?page_id=9876"},"modified":"2025-03-14T14:56:10","modified_gmt":"2025-03-14T13:56:10","slug":"archives","status":"publish","type":"page","link":"https:\/\/tinnunculus.sy-sy.cz\/index.php\/fr\/archives\/","title":{"rendered":"Archives"},"content":{"rendered":"<p><iframe loading=\"lazy\" src=\"https:\/\/photo.sy-sy.cz\/photo\/embed\/embed.html?album=album_706f73746f6c652f746f707477&amp;autoplay=1\" width=\"480\" height=\"320\" frameborder=\"0\"><\/iframe><\/p>\n<h5 id=\"foto---video-\/\/-photo---video-\" align=\"center\"><span class=\"short_text\"><span class=\"hps\">Galerie photos et vid\u00e9os<\/span><\/span><\/h5>\n<ul>\n<li><a href=\"https:\/\/photo.sy-sy.cz\/photo\/?t=category_5#category_5\" target=\"_blank\" rel=\"noopener noreferrer\">&#8222;Nos&#8220; cr\u00e9cerelles<\/a><\/li>\n<li><a href=\"https:\/\/photo.sy-sy.cz\/photo\/?t=category_7#category_7\" target=\"_blank\" rel=\"noopener noreferrer\">Souris<\/a><\/li>\n<li><a href=\"https:\/\/photo.sy-sy.cz\/photo\/?t=category_6#category_6\" target=\"_blank\" rel=\"noopener noreferrer\">Autres oiseaux et animaux<\/a>\n<ul>\n<li><a href=\"https:\/\/photo.sy-sy.cz\/photo\/?t=Albums\/album_466f746f50617374#!Albums\/album_4369737461466f746f70617374\" target=\"_blank\" rel=\"noopener\">Pi\u00e8ge photographique<\/a><\/li>\n<\/ul>\n<\/li>\n<\/ul>\n","protected":false},"excerpt":{"rendered":"<p>Galerie photos et vid\u00e9os &#8222;Nos&#8220; cr\u00e9cerelles Souris Autres oiseaux et animaux Pi\u00e8ge photographique<\/p>\n","protected":false},"author":2,"featured_media":0,"parent":0,"menu_order":30,"comment_status":"closed","ping_status":"closed","template":"","meta":{"jetpack_post_was_ever_published":false,"footnotes":""},"categories":[],"tags":[],"class_list":["post-9876","page","type-page","status-publish","hentry"],"jetpack_shortlink":"https:\/\/wp.me\/P91gKE-2zi","jetpack-related-posts":[{"id":39226,"url":"https:\/\/tinnunculus.sy-sy.cz\/index.php\/fr\/la-faune-de-notre-maison-de-campagne\/","url_meta":{"origin":9876,"position":0},"title":"Faune de notre maison de \u010cist\u00e1","author":"Zuzana Syrov\u00e1 An\u00fd\u017eov\u00e1","date":"22\/01\/2025","format":false,"excerpt":"\ufeff Notre maison de campagne \u00e0 \u010cist\u00e1 pr\u00e8s de Litomy\u0161l abrite plusieurs animaux : des rougequeues \u00e0 front blanc, des sittelles, des chauves-souris et des martres. En 2022, nous avons d\u00e9couvert dans le grenier au-dessus des pelotes de r\u00e9jection\u00a0qui indiquent la pr\u00e9sence d'une chouette effraie. C'est pourquoi, en d\u00e9cembre 2024,\u2026","rel":"","context":"V \u201eLocataires et visiteurs\u201c","block_context":{"text":"Locataires et visiteurs","link":"https:\/\/tinnunculus.sy-sy.cz\/index.php\/fr\/category\/locataires-et-visiteurs\/"},"img":{"alt_text":"","src":"","width":0,"height":0},"classes":[]},{"id":12884,"url":"https:\/\/tinnunculus.sy-sy.cz\/index.php\/fr\/des-souris-et-des-crecerelles\/","url_meta":{"origin":9876,"position":1},"title":"Des souris et des cr\u00e9cerelles","author":"Zuzana Syrov\u00e1 An\u00fd\u017eov\u00e1","date":"30\/05\/2020","format":false,"excerpt":"Les faucons cr\u00e9cerelles vivent depuis longtemps avec nous sur le balcon de notre appartement dans la banlieue de Brno. Au d\u00e9part, ils utilisaient notre balcon uniquement comme abri et dortoir, mais depuis l'incendie de 2006, la situation a chang\u00e9. \u00c0 partir de la saison 2007, les cr\u00e9cerelles nichent ici. L'histoire\u2026","rel":"","context":"V \u201e\"Nos\" cr\u00e9cerelles\u201c","block_context":{"text":"\"Nos\" cr\u00e9cerelles","link":"https:\/\/tinnunculus.sy-sy.cz\/index.php\/fr\/category\/locataires-et-visiteurs\/nos-crecerelles\/"},"img":{"alt_text":"","src":"https:\/\/i0.wp.com\/tinnunculus.sy-sy.cz\/wp-content\/uploads\/2017\/08\/dsc22907_24x10cb-e1501697514766.jpg?fit=1200%2C500&ssl=1&resize=350%2C200","width":350,"height":200,"srcset":"https:\/\/i0.wp.com\/tinnunculus.sy-sy.cz\/wp-content\/uploads\/2017\/08\/dsc22907_24x10cb-e1501697514766.jpg?fit=1200%2C500&ssl=1&resize=350%2C200 1x, https:\/\/i0.wp.com\/tinnunculus.sy-sy.cz\/wp-content\/uploads\/2017\/08\/dsc22907_24x10cb-e1501697514766.jpg?fit=1200%2C500&ssl=1&resize=525%2C300 1.5x, https:\/\/i0.wp.com\/tinnunculus.sy-sy.cz\/wp-content\/uploads\/2017\/08\/dsc22907_24x10cb-e1501697514766.jpg?fit=1200%2C500&ssl=1&resize=700%2C400 2x, https:\/\/i0.wp.com\/tinnunculus.sy-sy.cz\/wp-content\/uploads\/2017\/08\/dsc22907_24x10cb-e1501697514766.jpg?fit=1200%2C500&ssl=1&resize=1050%2C600 3x"},"classes":[]},{"id":9977,"url":"https:\/\/tinnunculus.sy-sy.cz\/index.php\/fr\/liens\/","url_meta":{"origin":9876,"position":2},"title":"Liens","author":"Zuzana Syrov\u00e1 An\u00fd\u017eov\u00e1","date":"10\/12\/2019","format":false,"excerpt":"Campagnol des champs (Microtus arvalis) Souris domestique (Mus musculus) Faucon cr\u00e9cerelle (Falco tinnunculus) Martinet noir (Apus apus) Base de donn\u00e9es faunistique de \u010cSO: Faucon cr\u00e9cerelle (Falco tinnunclus) in Avif Martinet noir (Apus apus) in Avif cam\u00e9ras en direct et vid\u00e9os mises \u00e0 jour: Faucon cr\u00e9cerelle (Falco tinnunculus) online Martinet noir\u2026","rel":"","context":"Podobn\u00fd p\u0159\u00edsp\u011bvek","block_context":{"text":"Podobn\u00fd p\u0159\u00edsp\u011bvek","link":""},"img":{"alt_text":"","src":"","width":0,"height":0},"classes":[]},{"id":9870,"url":"https:\/\/tinnunculus.sy-sy.cz\/index.php\/fr\/introduction-2\/","url_meta":{"origin":9876,"position":3},"title":"Introduction","author":"Zuzana Syrov\u00e1 An\u00fd\u017eov\u00e1","date":"09\/12\/2019","format":false,"excerpt":"Bienvenue chez les faucons cr\u00e9cerelles de Brno! Ce site est d\u00e9di\u00e9 aux faucons cr\u00e9cerelles, qui nichent sur notre balcon depuis 2007. Les faucons y passent la nuit sur les perchoirs souvent pendant toute l'ann\u00e9e. Un nichoir pour les martinets noirs est situ\u00e9 au-dessus de la fen\u00eatre voisine. Jusqu'\u00e0 pr\u00e9sent, nos\u2026","rel":"","context":"Podobn\u00fd p\u0159\u00edsp\u011bvek","block_context":{"text":"Podobn\u00fd p\u0159\u00edsp\u011bvek","link":""},"img":{"alt_text":"","src":"","width":0,"height":0},"classes":[]},{"id":9963,"url":"https:\/\/tinnunculus.sy-sy.cz\/index.php\/fr\/oiseaux-en-direct\/falco-tinnunculus-online-2\/","url_meta":{"origin":9876,"position":4},"title":"Falco tinnunculus online","author":"Zuzana Syrov\u00e1 An\u00fd\u017eov\u00e1","date":"10\/12\/2019","format":false,"excerpt":"Mis \u00e0 jour Termes tch\u00e8ques: lokalita = localisation, localit\u00e9 kamera = cam\u00e9ra Abr\u00e9viations: on+ cam\u00e9ra on-line on- cam\u00e9ra on-line,\u00a0mais un autre genre d'oiseau off\u00a0 cam\u00e9ra off-line Le tableau montre la derni\u00e8re ann\u00e9e au cours de laquelle les cr\u00e9cerelles ont nich\u00e9 avec succ\u00e8s ou sans succ\u00e8s dans la localit\u00e9. Codes des\u2026","rel":"","context":"Podobn\u00fd p\u0159\u00edsp\u011bvek","block_context":{"text":"Podobn\u00fd p\u0159\u00edsp\u011bvek","link":""},"img":{"alt_text":"","src":"","width":0,"height":0},"classes":[]},{"id":38528,"url":"https:\/\/tinnunculus.sy-sy.cz\/index.php\/fr\/souris\/nos-souris-tableau-recapitulatif\/","url_meta":{"origin":9876,"position":5},"title":"Nos souris &#8211; tableau r\u00e9capitulatif","author":"Zuzana Syrov\u00e1 An\u00fd\u017eov\u00e1","date":"16\/12\/2024","format":false,"excerpt":"Pardon, mais ce contenu n\u2019a\u00a0pas encore \u00e9t\u00e9 traduit en fran\u00e7ais. Lire la version\u00a0en anglais. Souris","rel":"","context":"V \u201eLocataires et visiteurs\u201c","block_context":{"text":"Locataires et visiteurs","link":"https:\/\/tinnunculus.sy-sy.cz\/index.php\/fr\/category\/locataires-et-visiteurs\/"},"img":{"alt_text":"","src":"","width":0,"height":0},"classes":[]}],"jetpack_sharing_enabled":true,"_links":{"self":[{"href":"https:\/\/tinnunculus.sy-sy.cz\/index.php\/wp-json\/wp\/v2\/pages\/9876","targetHints":{"allow":["GET"]}}],"collection":[{"href":"https:\/\/tinnunculus.sy-sy.cz\/index.php\/wp-json\/wp\/v2\/pages"}],"about":[{"href":"https:\/\/tinnunculus.sy-sy.cz\/index.php\/wp-json\/wp\/v2\/types\/page"}],"author":[{"embeddable":true,"href":"https:\/\/tinnunculus.sy-sy.cz\/index.php\/wp-json\/wp\/v2\/users\/2"}],"replies":[{"embeddable":true,"href":"https:\/\/tinnunculus.sy-sy.cz\/index.php\/wp-json\/wp\/v2\/comments?post=9876"}],"version-history":[{"count":3,"href":"https:\/\/tinnunculus.sy-sy.cz\/index.php\/wp-json\/wp\/v2\/pages\/9876\/revisions"}],"predecessor-version":[{"id":39219,"href":"https:\/\/tinnunculus.sy-sy.cz\/index.php\/wp-json\/wp\/v2\/pages\/9876\/revisions\/39219"}],"wp:attachment":[{"href":"https:\/\/tinnunculus.sy-sy.cz\/index.php\/wp-json\/wp\/v2\/media?parent=9876"}],"wp:term":[{"taxonomy":"category","embeddable":true,"href":"https:\/\/tinnunculus.sy-sy.cz\/index.php\/wp-json\/wp\/v2\/categories?post=9876"},{"taxonomy":"post_tag","embeddable":true,"href":"https:\/\/tinnunculus.sy-sy.cz\/index.php\/wp-json\/wp\/v2\/tags?post=9876"}],"curies":[{"name":"wp","href":"https:\/\/api.w.org\/{rel}","templated":true}]}}