{"id":9873,"date":"2019-12-09T11:23:11","date_gmt":"2019-12-09T10:23:11","guid":{"rendered":"http:\/\/tinnunculus.sy-sy.cz\/?page_id=9873"},"modified":"2026-03-23T15:44:19","modified_gmt":"2026-03-23T14:44:19","slug":"vorbericht","status":"publish","type":"page","link":"https:\/\/tinnunculus.sy-sy.cz\/index.php\/de\/vorbericht\/","title":{"rendered":"Vorbericht"},"content":{"rendered":"<p><span class=\"tlid-translation translation\" lang=\"de\"><span class=\"\" title=\"\">Willkommen bei Turmfalken aus Brno!<\/span><\/span><\/p>\n<p>Seit 2007 haben wir in fast jedem Jahr ein Turmfalkenp\u00e4rchen bei uns zu Gast <span class=\"tlid-translation translation\" lang=\"de\"><span class=\"\" title=\"\">auf unserem Balkon<\/span><\/span>.<br \/>\nWir m\u00f6chten mit dieser Homepage allen Turmfalkenfreunden und solchen die es werden wollen diese faszinierenden Tiere n\u00e4her bringen!<\/p>\n<ul>\n<li><a href=\"http:\/\/tinnunculus.sy-sy.cz\/index.php\/de\/unsere-turmfalken-online\/\" rel=\"noopener noreferrer\">Aktuelles Live-Video<\/a>:\n<ul>\n<li><a href=\"https:\/\/tinnunculus.sy-sy.cz\/index.php\/de\/unsere-turmfalken-online\/unsere-webcams\/kameraliste\/kamera-1\/1-turmfalke-balkon\/\">Live vom Turmfalkenbalkon<\/a> \u00a6 <a href=\"https:\/\/tinnunculus.sy-sy.cz\/index.php\/de\/unsere-turmfalken-online\/unsere-webcams\/kameraliste\/kamera-10\/kamera-10-mauersegler\/\">von den Mauerseglerk\u00e4sten<\/a> \u00a6 <a href=\"https:\/\/tinnunculus.sy-sy.cz\/index.php\/de\/unsere-turmfalken-online\/unsere-webcams\/kameraliste\/kamera-21\/21-%c2%a6-kuechenfenster-turmfalken\/\">vom Turmfalkenfenster<\/a><\/li>\n<\/ul>\n<\/li>\n<li><a href=\"http:\/\/tinnunculus.sy-sy.cz\/index.php\/en\/basic-info\/\"><span class=\"tlid-translation translation\" lang=\"de\"><span class=\"alt-edited\" title=\"\">Of mice and kestrels\u00a0<\/span><\/span> (en)<\/a><\/li>\n<li><a href=\"http:\/\/tinnunculus.sy-sy.cz\/index.php\/blog\/\">Blog (cs)<\/a><\/li>\n<li><a href=\"http:\/\/tinnunculus.sy-sy.cz\/index.php\/deniky\/\">Tagebuch (cs)<\/a><\/li>\n<\/ul>\n","protected":false},"excerpt":{"rendered":"<p>Willkommen bei Turmfalken aus Brno! Seit 2007 haben wir in fast jedem Jahr ein Turmfalkenp\u00e4rchen bei uns zu Gast auf unserem Balkon. Wir m\u00f6chten mit dieser Homepage allen Turmfalkenfreunden und solchen die es werden wollen diese faszinierenden Tiere n\u00e4her bringen! Aktuelles Live-Video: Live vom Turmfalkenbalkon \u00a6 von den Mauerseglerk\u00e4sten \u00a6 vom Turmfalkenfenster Of mice and &hellip; <\/p>\n<p class=\"link-more\"><a href=\"https:\/\/tinnunculus.sy-sy.cz\/index.php\/de\/vorbericht\/\" class=\"more-link\">Pokra\u010dovat ve \u010dten\u00ed<span class=\"screen-reader-text\"> &#8222;Vorbericht&#8220;<\/span><\/a><\/p>\n","protected":false},"author":2,"featured_media":0,"parent":0,"menu_order":1,"comment_status":"closed","ping_status":"closed","template":"","meta":{"jetpack_post_was_ever_published":false,"footnotes":""},"categories":[],"tags":[],"class_list":["post-9873","page","type-page","status-publish","hentry"],"jetpack_shortlink":"https:\/\/wp.me\/P91gKE-2zf","jetpack-related-posts":[{"id":9887,"url":"https:\/\/tinnunculus.sy-sy.cz\/index.php\/de\/maeusen\/","url_meta":{"origin":9873,"position":0},"title":"M\u00e4usen","author":"Zuzana Syrov\u00e1 An\u00fd\u017eov\u00e1","date":"09\/12\/2019","format":false,"excerpt":"Rolanda (2009\/05\/30\u20142011\/05\/31) Rolandek (2011\/07\/06\u20142012\/10\/02) Martinka (2012\/11\/11\u20142013\/10\/2?) Cecilka (2013\/11\/22\u20142016\/04\/10) J\u016flinka (2016\/04\/12\u20142017\/03\/21) Leont\u00fdnka (2017\/03\/22\u20142017\/10\/02) \u00c9li\u0161ka (2017\/10\/05\u20142018\/09\/26) Ivu\u0161ka (2018\/10\/01\u20142018\/10\/26-29) Waru\u0161ka (2018\/10\/01\u20142020\/01\/14) Bla\u017eenka (2020\/02\/03\u20142021\/05\/14) \u017dofie (2021\/05\/15\u20142023\/06\/24) Am\u00e1lka (2023\/07\/10\u20142024\/12\/31) Jakubka, Tochter von Am\u00e1lka (2023\/08\/15\u20142023\/10\/28) Haninka, Tochter von Am\u00e1lka (2023\/08\/15\u20142024\/11\/13) Vilma (2025\/01\/07\u20142025\/12\/10) Lucie (2025\/12\/13\u2014) Lucie lebt bei uns .","rel":"","context":"V \u201eHausmaus\u201c","block_context":{"text":"Hausmaus","link":"https:\/\/tinnunculus.sy-sy.cz\/index.php\/de\/category\/maus\/hausmaus\/"},"img":{"alt_text":"","src":"https:\/\/i0.wp.com\/tinnunculus.sy-sy.cz\/wp-content\/uploads\/2024\/03\/P1370792u1-1024x698.jpg?resize=350%2C200&ssl=1","width":350,"height":200,"srcset":"https:\/\/i0.wp.com\/tinnunculus.sy-sy.cz\/wp-content\/uploads\/2024\/03\/P1370792u1-1024x698.jpg?resize=350%2C200&ssl=1 1x, https:\/\/i0.wp.com\/tinnunculus.sy-sy.cz\/wp-content\/uploads\/2024\/03\/P1370792u1-1024x698.jpg?resize=525%2C300&ssl=1 1.5x"},"classes":[]},{"id":21257,"url":"https:\/\/tinnunculus.sy-sy.cz\/index.php\/de\/unsere-turmfalken-online\/youtube-live\/","url_meta":{"origin":9873,"position":1},"title":"YouTube-Live","author":"Zuzana Syrov\u00e1 An\u00fd\u017eov\u00e1","date":"02\/04\/2023","format":false,"excerpt":"Aktuell live: Falco tinnunculus brunensis 1 \u2192 Falco tinnunculus brunensis 2 \u2192 Apus apus brunensis \u2192 Permalinks: https:\/\/camstreamer.com\/redirect\/A7NqLLFPJXtvFYnNq0lyj4NzktH1FZof7pI4eqpY https:\/\/camstreamer.com\/redirect\/5VlgU1vAmpgM7ORmXjOdcmdzxzEbkX7sJ2IhxQRB https:\/\/camstreamer.com\/redirect\/qp2VoL6U8vNXAWmqPu8ETq3oaYV6YzYztbu34cMx https:\/\/camstreamer.com\/redirect\/XAP6hVk7bKHeT8TQs5rBZb5jV78QywJIVkQS5Lqy https:\/\/camstreamer.com\/redirect\/aQ5q2ii4Y7Fnl8YL00vOwCnqJTWmITdUXETNJJ4J https:\/\/camstreamer.com\/redirect\/86o0gPUVvKlp0Z1n2hrui3NHx2D9RVGzrbFYqPHE https:\/\/camstreamer.com\/redirect\/YprDdaZ6MpC5b4EHoLae835OrfMqeQbmimRKSspC https:\/\/youtube.com\/channel\/UCx1tb6S-HFz_XUyk2bGxavw\/live https:\/\/youtube.com\/channel\/UCn2Pab5nlUR3-bwZhUKdDSw\/live FALCO TINNUNCULUS BRUNENSIS \u2194 APUS APUS BRUNENSIS","rel":"","context":"Podobn\u00fd p\u0159\u00edsp\u011bvek","block_context":{"text":"Podobn\u00fd p\u0159\u00edsp\u011bvek","link":""},"img":{"alt_text":"","src":"","width":0,"height":0},"classes":[]},{"id":27845,"url":"https:\/\/tinnunculus.sy-sy.cz\/index.php\/de\/unsere-turmfalken-online\/axis-live-view-4\/","url_meta":{"origin":9873,"position":2},"title":"AXIS live view","author":"Zuzana Syrov\u00e1 An\u00fd\u017eov\u00e1","date":"23\/11\/2023","format":false,"excerpt":"Die AXIS-Liveansicht ist nicht mehr verf\u00fcgbar. Hier k\u00f6nnen Sie unsere Turmfalken noch live beobachten.","rel":"","context":"Podobn\u00fd p\u0159\u00edsp\u011bvek","block_context":{"text":"Podobn\u00fd p\u0159\u00edsp\u011bvek","link":""},"img":{"alt_text":"","src":"https:\/\/i0.wp.com\/tinnunculus.sy-sy.cz\/wp-content\/uploads\/2017\/07\/0009901-uprav-cb-1024x685.jpg?resize=350%2C200&ssl=1","width":350,"height":200,"srcset":"https:\/\/i0.wp.com\/tinnunculus.sy-sy.cz\/wp-content\/uploads\/2017\/07\/0009901-uprav-cb-1024x685.jpg?resize=350%2C200&ssl=1 1x, https:\/\/i0.wp.com\/tinnunculus.sy-sy.cz\/wp-content\/uploads\/2017\/07\/0009901-uprav-cb-1024x685.jpg?resize=525%2C300&ssl=1 1.5x"},"classes":[]},{"id":19803,"url":"https:\/\/tinnunculus.sy-sy.cz\/index.php\/de\/unsere-turmfalken-online\/unsere-webcams\/kameraliste\/kamera-10\/kamera-10-mauersegler\/","url_meta":{"origin":9873,"position":3},"title":"10 \u00a6 Mauersegler Nistkasten","author":"Zuzana Syrov\u00e1 An\u00fd\u017eov\u00e1","date":"07\/08\/2022","format":false,"excerpt":"\u00a010\u00a6 10A\u00a6 11\u00a6 \u00a0 \u2190\u00a0Unsere Webcams \u2190 AXIS Live \u00a6\u00a0 YouTube Live","rel":"","context":"V \u201e\"Unsere\" Mauersegler\u201c","block_context":{"text":"\"Unsere\" Mauersegler","link":"https:\/\/tinnunculus.sy-sy.cz\/index.php\/de\/category\/mieter-und-besucher\/unsere-mauersegler\/"},"img":{"alt_text":"Camera 4","src":"https:\/\/sy-sy.cz\/cam\/webapi\/entry.cgi?api=SYNO.SurveillanceStation.Stream.VideoStreaming&version=1&method=Stream&format=mjpeg&cameraId=66&StmKey=%22a3020304e0596f25f91b755831413792%22","width":350,"height":200,"srcset":"https:\/\/sy-sy.cz\/cam\/webapi\/entry.cgi?api=SYNO.SurveillanceStation.Stream.VideoStreaming&version=1&method=Stream&format=mjpeg&cameraId=66&StmKey=%22a3020304e0596f25f91b755831413792%22 1x, https:\/\/sy-sy.cz\/cam\/webapi\/entry.cgi?api=SYNO.SurveillanceStation.Stream.VideoStreaming&version=1&method=Stream&format=mjpeg&cameraId=66&StmKey=%22a3020304e0596f25f91b755831413792%22 1.5x, https:\/\/sy-sy.cz\/cam\/webapi\/entry.cgi?api=SYNO.SurveillanceStation.Stream.VideoStreaming&version=1&method=Stream&format=mjpeg&cameraId=66&StmKey=%22a3020304e0596f25f91b755831413792%22 2x, https:\/\/sy-sy.cz\/cam\/webapi\/entry.cgi?api=SYNO.SurveillanceStation.Stream.VideoStreaming&version=1&method=Stream&format=mjpeg&cameraId=66&StmKey=%22a3020304e0596f25f91b755831413792%22 3x"},"classes":[]},{"id":48024,"url":"https:\/\/tinnunculus.sy-sy.cz\/index.php\/de\/unsere-turmfalken-online\/youtube-live\/falco-tinnunculus-brunensis-2\/","url_meta":{"origin":9873,"position":4},"title":"Falco tinnunculus brunensis 2","author":"Zuzana Syrov\u00e1 An\u00fd\u017eov\u00e1","date":"31\/03\/2026","format":false,"excerpt":"Permalink: https:\/\/camstreamer.com\/redirect\/YprDdaZ6MpC5b4EHoLae835OrfMqeQbmimRKSspC","rel":"","context":"Podobn\u00fd p\u0159\u00edsp\u011bvek","block_context":{"text":"Podobn\u00fd p\u0159\u00edsp\u011bvek","link":""},"img":{"alt_text":"","src":"","width":0,"height":0},"classes":[]},{"id":21204,"url":"https:\/\/tinnunculus.sy-sy.cz\/index.php\/de\/bruenner-turmfalken\/","url_meta":{"origin":9873,"position":5},"title":"Br\u00fcnner Turmfalken","author":"Zuzana Syrov\u00e1 An\u00fd\u017eov\u00e1","date":"31\/03\/2023","format":false,"excerpt":"\u00a0 Hier k\u00f6nnen Sie das Geschehen auf unserem Balkon in der Bystrc-Siedlung am Stadtrand von Br\u00fcnn mit den aktuellen Ereignissen im Nistkasten im Stadtzentrum in der Francouzsk\u00e1-Stra\u00dfe oder in der Bohunice-Siedlung vergleichen. Unsere anderen Kameras Live-\u00dcbertragungen von anderen Orten. Die Live-\u00dcbertragung aus Bohunice hat in der Saison 2026 noch nicht\u2026","rel":"","context":"V \u201e(Web-)Kameras\u201c","block_context":{"text":"(Web-)Kameras","link":"https:\/\/tinnunculus.sy-sy.cz\/index.php\/de\/category\/live-uebertragung\/web-kameras\/"},"img":{"alt_text":"","src":"","width":0,"height":0},"classes":[]}],"jetpack_sharing_enabled":true,"_links":{"self":[{"href":"https:\/\/tinnunculus.sy-sy.cz\/index.php\/wp-json\/wp\/v2\/pages\/9873","targetHints":{"allow":["GET"]}}],"collection":[{"href":"https:\/\/tinnunculus.sy-sy.cz\/index.php\/wp-json\/wp\/v2\/pages"}],"about":[{"href":"https:\/\/tinnunculus.sy-sy.cz\/index.php\/wp-json\/wp\/v2\/types\/page"}],"author":[{"embeddable":true,"href":"https:\/\/tinnunculus.sy-sy.cz\/index.php\/wp-json\/wp\/v2\/users\/2"}],"replies":[{"embeddable":true,"href":"https:\/\/tinnunculus.sy-sy.cz\/index.php\/wp-json\/wp\/v2\/comments?post=9873"}],"version-history":[{"count":3,"href":"https:\/\/tinnunculus.sy-sy.cz\/index.php\/wp-json\/wp\/v2\/pages\/9873\/revisions"}],"predecessor-version":[{"id":47438,"href":"https:\/\/tinnunculus.sy-sy.cz\/index.php\/wp-json\/wp\/v2\/pages\/9873\/revisions\/47438"}],"wp:attachment":[{"href":"https:\/\/tinnunculus.sy-sy.cz\/index.php\/wp-json\/wp\/v2\/media?parent=9873"}],"wp:term":[{"taxonomy":"category","embeddable":true,"href":"https:\/\/tinnunculus.sy-sy.cz\/index.php\/wp-json\/wp\/v2\/categories?post=9873"},{"taxonomy":"post_tag","embeddable":true,"href":"https:\/\/tinnunculus.sy-sy.cz\/index.php\/wp-json\/wp\/v2\/tags?post=9873"}],"curies":[{"name":"wp","href":"https:\/\/api.w.org\/{rel}","templated":true}]}}