{"id":9851,"date":"2019-12-08T23:37:52","date_gmt":"2019-12-08T22:37:52","guid":{"rendered":"http:\/\/tinnunculus.sy-sy.cz\/?page_id=9851"},"modified":"2025-12-13T16:54:48","modified_gmt":"2025-12-13T15:54:48","slug":"mice","status":"publish","type":"page","link":"https:\/\/tinnunculus.sy-sy.cz\/index.php\/en\/mice\/","title":{"rendered":"Mice"},"content":{"rendered":"<div class=\"article-main-content\">\n<div class=\"article-content\">\n<ol>\n<li style=\"list-style-type: none;\">\n<ol>\n<li>Rolanda (2009\/05\/30\u20142011\/05\/31)<\/li>\n<li>Rolandek (2011\/07\/06\u20142012\/10\/02)<\/li>\n<li>Martinka (2012\/11\/11\u20142013\/10\/2?)<\/li>\n<li>Cecilka (2013\/11\/22\u20142016\/04\/10)<\/li>\n<li>J\u016flinka (2016\/04\/12\u20142017\/03\/21)<\/li>\n<li>Leont\u00fdnka (2017\/03\/22\u20142017\/10\/02)<\/li>\n<li>\u00c9li\u0161ka (2017\/10\/05\u20142018\/09\/26)<\/li>\n<li>Ivu\u0161ka (2018\/10\/01\u20142018\/10\/26-29<strong>)<br \/>\n<\/strong><\/li>\n<li>Waru\u0161ka (2018\/10\/01\u20142020\/01\/14)<\/li>\n<li>Bla\u017eenka (2020\/02\/03\u20142021\/05\/14)<\/li>\n<li>\u017dofie (2021\/05\/15\u20142023\/06\/24)<\/li>\n<li>Am\u00e1lka (2023\/07\/10\u20142024\/12\/31)<\/li>\n<li>Jakubka, Am\u00e1lka&#8217;s&nbsp;daughter (2023\/08\/15\u20142023\/10\/28)<\/li>\n<li>Haninka, Am\u00e1lka&#8217;s&nbsp;daughter (2023\/08\/15\u20142024\/11\/13)<\/li>\n<li>Vilma (2025\/01\/07\u20142025\/12\/10)<\/li>\n<li>Lucie (2025\/12\/13\u2014)<\/li>\n<\/ol>\n<\/li>\n<\/ol>\n<p><span style=\"font-weight: 400;\">Lucie lives with us  <span class=\"dhcountup\" data-time=\"12438240\">143 dn\u016f 23 hodin<\/span> .<\/span><\/p>\n<p><a href=\"https:\/\/photo.sy-sy.cz\/photo\/?t=Albums\/album_6d79736f7665\/album_6d79736f76652f726f6c616e646f7665#Albums\/album_6d79736f7665\/album_6d79736f76652f726f6c616e646f7665\" target=\"_blank\" rel=\"noopener\"><img data-recalc-dims=\"1\" loading=\"lazy\" decoding=\"async\" data-attachment-id=\"32257\" data-permalink=\"https:\/\/tinnunculus.sy-sy.cz\/index.php\/historie-mysi\/p1370792u1-2\/\" data-orig-file=\"https:\/\/i0.wp.com\/tinnunculus.sy-sy.cz\/wp-content\/uploads\/2024\/03\/P1370792u1-e1709481347160.jpg?fit=1038%2C707&amp;ssl=1\" data-orig-size=\"1038,707\" data-comments-opened=\"1\" data-image-meta=\"{&quot;aperture&quot;:&quot;3.3&quot;,&quot;credit&quot;:&quot;&quot;,&quot;camera&quot;:&quot;DMC-TZ20&quot;,&quot;caption&quot;:&quot;&quot;,&quot;created_timestamp&quot;:&quot;1507213328&quot;,&quot;copyright&quot;:&quot;&quot;,&quot;focal_length&quot;:&quot;4.3&quot;,&quot;iso&quot;:&quot;200&quot;,&quot;shutter_speed&quot;:&quot;0.066666666666667&quot;,&quot;title&quot;:&quot;&quot;,&quot;orientation&quot;:&quot;1&quot;}\" data-image-title=\"P1370792u1\" data-image-description=\"\" data-image-caption=\"\" data-large-file=\"https:\/\/i0.wp.com\/tinnunculus.sy-sy.cz\/wp-content\/uploads\/2024\/03\/P1370792u1-e1709481347160.jpg?fit=525%2C358&amp;ssl=1\" class=\"aligncenter wp-image-32257 size-large\" src=\"https:\/\/i0.wp.com\/tinnunculus.sy-sy.cz\/wp-content\/uploads\/2024\/03\/P1370792u1.jpg?resize=525%2C358&#038;ssl=1\" alt=\"\" width=\"525\" height=\"358\" \/><\/a><\/p>\n<ul>\n<li><a href=\"https:\/\/tinnunculus.sy-sy.cz\/index.php\/en\/mice\/overview-of-our-mice\/\">Overview of our mice<\/a><\/li>\n<\/ul>\n<\/div>\n<\/div>\n","protected":false},"excerpt":{"rendered":"<p>Rolanda (2009\/05\/30\u20142011\/05\/31) Rolandek (2011\/07\/06\u20142012\/10\/02) Martinka (2012\/11\/11\u20142013\/10\/2?) Cecilka (2013\/11\/22\u20142016\/04\/10) J\u016flinka (2016\/04\/12\u20142017\/03\/21) Leont\u00fdnka (2017\/03\/22\u20142017\/10\/02) \u00c9li\u0161ka (2017\/10\/05\u20142018\/09\/26) Ivu\u0161ka (2018\/10\/01\u20142018\/10\/26-29) Waru\u0161ka (2018\/10\/01\u20142020\/01\/14) Bla\u017eenka (2020\/02\/03\u20142021\/05\/14) \u017dofie (2021\/05\/15\u20142023\/06\/24) Am\u00e1lka (2023\/07\/10\u20142024\/12\/31) Jakubka, Am\u00e1lka&#8217;s&nbsp;daughter (2023\/08\/15\u20142023\/10\/28) Haninka, Am\u00e1lka&#8217;s&nbsp;daughter (2023\/08\/15\u20142024\/11\/13) Vilma (2025\/01\/07\u20142025\/12\/10) Lucie (2025\/12\/13\u2014) Lucie lives with us . Overview of our mice<\/p>\n","protected":false},"author":2,"featured_media":0,"parent":0,"menu_order":10,"comment_status":"closed","ping_status":"closed","template":"","meta":{"jetpack_post_was_ever_published":false,"footnotes":""},"categories":[1199,1269,1141,1151],"tags":[1232,1250],"class_list":["post-9851","page","type-page","status-publish","hentry","category-house-mouse-en","category-mouse","category-our-mice-en","category-tenants-and-visitors","tag-history-of-mice","tag-mouse"],"jetpack_shortlink":"https:\/\/wp.me\/P91gKE-2yT","jetpack-related-posts":[{"id":865,"url":"https:\/\/tinnunculus.sy-sy.cz\/index.php\/en\/kestrel-seasons\/","url_meta":{"origin":9851,"position":0},"title":"Kestrel seasons","author":"Zuzana Syrov\u00e1 An\u00fd\u017eov\u00e1","date":"04\/08\/2017","format":false,"excerpt":"2007 5 + 1 eggs laid (before 2007\/05\/10). 5 eggs hatched (2007\/06\/03\u20142007\/06\/04). 5 juveniles fledged successfully. 2008 5 eggs laid (2008\/05\/05\u20142008\/05\/14). 0 eggs hatched. 5 eggs eaten by parents (2008\/06\/09\u20142008\/06\/23). 2009 4 eggs laid (2009\/04\/24\u20142009\/05\/01). 3 eggs hatched (2009\/05\/27\u20142009\/05\/28). 3 juveniles fledged (2 prematurely 2009\/06\/24 - one of them disappeared,\u2026","rel":"","context":"V \u201e\"Our\" kestrels\u201c","block_context":{"text":"\"Our\" kestrels","link":"https:\/\/tinnunculus.sy-sy.cz\/index.php\/en\/category\/tenants-and-visitors\/our-kestrels-en\/"},"img":{"alt_text":"Vlajka \u010cesk\u00e9 republiky","src":"https:\/\/i0.wp.com\/statni.vlajky.org\/32\/ceska_republika.png?resize=350%2C200","width":350,"height":200},"classes":[]},{"id":38520,"url":"https:\/\/tinnunculus.sy-sy.cz\/index.php\/en\/mice\/overview-of-our-mice\/","url_meta":{"origin":9851,"position":1},"title":"Overview of our mice","author":"Zuzana Syrov\u00e1 An\u00fd\u017eov\u00e1","date":"16\/12\/2024","format":false,"excerpt":"The table records the date of acquisition of the mouse and the date of its death. If the date of birth is known, it is indicated with an asterisk. Lifespan is calculated in days (? d) or years, months and days (?r?m?d). Updated Lucie lives with us . Our mice","rel":"","context":"V \u201eOur mice\u201c","block_context":{"text":"Our mice","link":"https:\/\/tinnunculus.sy-sy.cz\/index.php\/en\/category\/tenants-and-visitors\/our-mice-en\/"},"img":{"alt_text":"","src":"","width":0,"height":0},"classes":[]},{"id":14993,"url":"https:\/\/tinnunculus.sy-sy.cz\/index.php\/en\/swifts\/","url_meta":{"origin":9851,"position":2},"title":"Swift seasons","author":"Zuzana Syrov\u00e1 An\u00fd\u017eov\u00e1","date":"25\/03\/2021","format":false,"excerpt":"2015\/05\/05 - return of the swifts 2016\/08\/?? - - installation of the nestoxes above the window next to the kestrel balcony 2017\/04\/29 - return of the swifts 2018\/05\/04 - return of the swifts 2019\/05\/05 - return of the swifts 2020\/05\/07 - return of the swifts 2020\/05\/18 - Mr. Kestrel brings\u2026","rel":"","context":"V \u201e\"Our\" swifts\u201c","block_context":{"text":"\"Our\" swifts","link":"https:\/\/tinnunculus.sy-sy.cz\/index.php\/en\/category\/tenants-and-visitors\/our-swifts-en\/"},"img":{"alt_text":"","src":"https:\/\/i0.wp.com\/tinnunculus.sy-sy.cz\/wp-content\/uploads\/2017\/08\/20170707_15-07-36_1_uprav.jpg?resize=350%2C200&ssl=1","width":350,"height":200,"srcset":"https:\/\/i0.wp.com\/tinnunculus.sy-sy.cz\/wp-content\/uploads\/2017\/08\/20170707_15-07-36_1_uprav.jpg?resize=350%2C200&ssl=1 1x, https:\/\/i0.wp.com\/tinnunculus.sy-sy.cz\/wp-content\/uploads\/2017\/08\/20170707_15-07-36_1_uprav.jpg?resize=525%2C300&ssl=1 1.5x, https:\/\/i0.wp.com\/tinnunculus.sy-sy.cz\/wp-content\/uploads\/2017\/08\/20170707_15-07-36_1_uprav.jpg?resize=700%2C400&ssl=1 2x"},"classes":[]},{"id":9804,"url":"https:\/\/tinnunculus.sy-sy.cz\/index.php\/en\/online\/","url_meta":{"origin":9851,"position":3},"title":"&#8222;Our&#8220; kestrels online","author":"Zuzana Syrov\u00e1 An\u00fd\u017eov\u00e1","date":"08\/12\/2019","format":false,"excerpt":"0\u00a6\u00a01\u00a6\u00a02\u00a6\u00a03\u00a6\u00a04\u00a6\u00a05\u00a6\u00a06\u00a6\u00a07\u00a6\u00a08\u00a6\u00a09\u00a612\u00a6\u00a013\u00a6\u00a014\u00a6\u00a015\u00a6\u00a016\u00a6\u00a017\u00a6\u00a018\u00a6\u00a019\u00a6\u00a020\u00a6 10\u00a6\u00a0 11\u00a6 21\u00a6 \u00a0 A virtual window into our balcony... Click the camera number to open the\u00a0 camera page; you can also select it from a list of our cameras. Main camera groups: the kestrel balcony\u00a0\u00a6\u00a0the swift nestboxes\u00a0\u00a6\u00a0the kestrel window. We are also testing a live stream on our\u2026","rel":"","context":"V \u201e\"Our\" kestrels\u201c","block_context":{"text":"\"Our\" kestrels","link":"https:\/\/tinnunculus.sy-sy.cz\/index.php\/en\/category\/tenants-and-visitors\/our-kestrels-en\/"},"img":{"alt_text":"Camera 1","src":"https:\/\/sy-sy.cz\/cam\/webapi\/entry.cgi?api=SYNO.SurveillanceStation.Stream.VideoStreaming&version=1&method=Stream&format=mjpeg&cameraId=2&StmKey=%229853f85e3f00a090389e5f3da7058a2c%22","width":350,"height":200,"srcset":"https:\/\/sy-sy.cz\/cam\/webapi\/entry.cgi?api=SYNO.SurveillanceStation.Stream.VideoStreaming&version=1&method=Stream&format=mjpeg&cameraId=2&StmKey=%229853f85e3f00a090389e5f3da7058a2c%22 1x, https:\/\/sy-sy.cz\/cam\/webapi\/entry.cgi?api=SYNO.SurveillanceStation.Stream.VideoStreaming&version=1&method=Stream&format=mjpeg&cameraId=2&StmKey=%229853f85e3f00a090389e5f3da7058a2c%22 1.5x, https:\/\/sy-sy.cz\/cam\/webapi\/entry.cgi?api=SYNO.SurveillanceStation.Stream.VideoStreaming&version=1&method=Stream&format=mjpeg&cameraId=2&StmKey=%229853f85e3f00a090389e5f3da7058a2c%22 2x, https:\/\/sy-sy.cz\/cam\/webapi\/entry.cgi?api=SYNO.SurveillanceStation.Stream.VideoStreaming&version=1&method=Stream&format=mjpeg&cameraId=2&StmKey=%229853f85e3f00a090389e5f3da7058a2c%22 3x, https:\/\/sy-sy.cz\/cam\/webapi\/entry.cgi?api=SYNO.SurveillanceStation.Stream.VideoStreaming&version=1&method=Stream&format=mjpeg&cameraId=2&StmKey=%229853f85e3f00a090389e5f3da7058a2c%22 4x"},"classes":[]},{"id":19649,"url":"https:\/\/tinnunculus.sy-sy.cz\/index.php\/en\/online\/our-webcams\/camera-list\/camera-10\/","url_meta":{"origin":9851,"position":4},"title":"Camera 10","author":"Zuzana Syrov\u00e1 An\u00fd\u017eov\u00e1","date":"06\/08\/2022","format":false,"excerpt":"0\u00a6\u00a01\u00a6\u00a02\u00a6\u00a03\u00a6\u00a04\u00a6\u00a05\u00a6\u00a06\u00a6\u00a07\u00a6\u00a08\u00a6\u00a09\u00a6 12\u00a6\u00a013\u00a6\u00a014\u00a6\u00a015\u00a6\u00a016\u00a6\u00a017\u00a6\u00a018\u00a6\u00a019\u00a6\u00a020\u00a6 10\u00a6\u00a0 11\u00a6 21\u00a6 \u00a0 \u2190 Our webcams","rel":"","context":"V \u201e\"Our\" kestrels\u201c","block_context":{"text":"\"Our\" kestrels","link":"https:\/\/tinnunculus.sy-sy.cz\/index.php\/en\/category\/tenants-and-visitors\/our-kestrels-en\/"},"img":{"alt_text":"Camera 10","src":"https:\/\/sy-sy.cz\/cam\/webapi\/entry.cgi?api=SYNO.SurveillanceStation.Stream.VideoStreaming&version=1&method=Stream&format=mjpeg&cameraId=68&StmKey=%223b0e33926c7c75440d585f053d8e3021%22","width":350,"height":200,"srcset":"https:\/\/sy-sy.cz\/cam\/webapi\/entry.cgi?api=SYNO.SurveillanceStation.Stream.VideoStreaming&version=1&method=Stream&format=mjpeg&cameraId=68&StmKey=%223b0e33926c7c75440d585f053d8e3021%22 1x, https:\/\/sy-sy.cz\/cam\/webapi\/entry.cgi?api=SYNO.SurveillanceStation.Stream.VideoStreaming&version=1&method=Stream&format=mjpeg&cameraId=68&StmKey=%223b0e33926c7c75440d585f053d8e3021%22 1.5x, https:\/\/sy-sy.cz\/cam\/webapi\/entry.cgi?api=SYNO.SurveillanceStation.Stream.VideoStreaming&version=1&method=Stream&format=mjpeg&cameraId=68&StmKey=%223b0e33926c7c75440d585f053d8e3021%22 2x"},"classes":[]},{"id":1655,"url":"https:\/\/tinnunculus.sy-sy.cz\/index.php\/en\/basic-info\/","url_meta":{"origin":9851,"position":5},"title":"Of Mice and Kestrels","author":"Zuzana Syrov\u00e1 An\u00fd\u017eov\u00e1","date":"08\/08\/2017","format":false,"excerpt":"Kestrels (common or european kestrels) stay with us in our flat in a\u00a0housing estate in the suburb of Brno for a long time. Initially they used our balcony only as a shelter and dormitory, but since the fire in 2006, the situation changed. Starting with the 2007 season\u00a0kestrels are nesting\u2026","rel":"","context":"V \u201e\"Our\" kestrels\u201c","block_context":{"text":"\"Our\" kestrels","link":"https:\/\/tinnunculus.sy-sy.cz\/index.php\/en\/category\/tenants-and-visitors\/our-kestrels-en\/"},"img":{"alt_text":"","src":"https:\/\/i0.wp.com\/tinnunculus.sy-sy.cz\/wp-content\/uploads\/2017\/08\/dsc22907_24x10cb-e1501697514766.jpg?fit=1200%2C500&ssl=1&resize=350%2C200","width":350,"height":200,"srcset":"https:\/\/i0.wp.com\/tinnunculus.sy-sy.cz\/wp-content\/uploads\/2017\/08\/dsc22907_24x10cb-e1501697514766.jpg?fit=1200%2C500&ssl=1&resize=350%2C200 1x, https:\/\/i0.wp.com\/tinnunculus.sy-sy.cz\/wp-content\/uploads\/2017\/08\/dsc22907_24x10cb-e1501697514766.jpg?fit=1200%2C500&ssl=1&resize=525%2C300 1.5x, https:\/\/i0.wp.com\/tinnunculus.sy-sy.cz\/wp-content\/uploads\/2017\/08\/dsc22907_24x10cb-e1501697514766.jpg?fit=1200%2C500&ssl=1&resize=700%2C400 2x, https:\/\/i0.wp.com\/tinnunculus.sy-sy.cz\/wp-content\/uploads\/2017\/08\/dsc22907_24x10cb-e1501697514766.jpg?fit=1200%2C500&ssl=1&resize=1050%2C600 3x"},"classes":[]}],"jetpack_sharing_enabled":true,"_links":{"self":[{"href":"https:\/\/tinnunculus.sy-sy.cz\/index.php\/wp-json\/wp\/v2\/pages\/9851","targetHints":{"allow":["GET"]}}],"collection":[{"href":"https:\/\/tinnunculus.sy-sy.cz\/index.php\/wp-json\/wp\/v2\/pages"}],"about":[{"href":"https:\/\/tinnunculus.sy-sy.cz\/index.php\/wp-json\/wp\/v2\/types\/page"}],"author":[{"embeddable":true,"href":"https:\/\/tinnunculus.sy-sy.cz\/index.php\/wp-json\/wp\/v2\/users\/2"}],"replies":[{"embeddable":true,"href":"https:\/\/tinnunculus.sy-sy.cz\/index.php\/wp-json\/wp\/v2\/comments?post=9851"}],"version-history":[{"count":3,"href":"https:\/\/tinnunculus.sy-sy.cz\/index.php\/wp-json\/wp\/v2\/pages\/9851\/revisions"}],"predecessor-version":[{"id":45295,"href":"https:\/\/tinnunculus.sy-sy.cz\/index.php\/wp-json\/wp\/v2\/pages\/9851\/revisions\/45295"}],"wp:attachment":[{"href":"https:\/\/tinnunculus.sy-sy.cz\/index.php\/wp-json\/wp\/v2\/media?parent=9851"}],"wp:term":[{"taxonomy":"category","embeddable":true,"href":"https:\/\/tinnunculus.sy-sy.cz\/index.php\/wp-json\/wp\/v2\/categories?post=9851"},{"taxonomy":"post_tag","embeddable":true,"href":"https:\/\/tinnunculus.sy-sy.cz\/index.php\/wp-json\/wp\/v2\/tags?post=9851"}],"curies":[{"name":"wp","href":"https:\/\/api.w.org\/{rel}","templated":true}]}}