{"id":9783,"date":"2019-12-08T16:15:43","date_gmt":"2019-12-08T15:15:43","guid":{"rendered":"http:\/\/tinnunculus.sy-sy.cz\/?page_id=9783"},"modified":"2025-03-15T00:09:09","modified_gmt":"2025-03-14T23:09:09","slug":"data-protection-decaration","status":"publish","type":"page","link":"https:\/\/tinnunculus.sy-sy.cz\/index.php\/en\/data-protection-decaration\/","title":{"rendered":"Data protection declaration"},"content":{"rendered":"<h2 id=\"name-and-address-of-the-repres\"><span class=\"tlid-translation translation\" lang=\"en\"><span class=\"tlid-translation translation\" lang=\"en\">Name and address of the representative<br \/>\n<\/span><\/span><\/h2>\n<p><span class=\"tlid-translation translation\" lang=\"en\"><span class=\"tlid-translation translation\" lang=\"en\">The representative with respect to the European General Data Protection Regulation and national regulations of the member states as well as other relevant regulations for this purely personal and private website is:<\/span><\/span><\/p>\n<p>Zuzana Syrov\u00e1 &#8211; An\u00fd\u017eov\u00e1 and Ji\u0159\u00ed Syrov\u00fd<br \/>\nKur\u0161ova 30, Brno. 63500<\/p>\n<p>The address of the site \/ blog is: https:\/\/tinnunculus.sy-sy.cz.<\/p>\n<h2 id=\"what-personal-information-we-c\" class=\"result-shield-container tlid-copy-target\" tabindex=\"0\">What personal information we collect and why we collect it<\/h2>\n<p class=\"result-shield-container tlid-copy-target\" tabindex=\"0\">This site is for private \/ personal use only. It does not pursue any business goals. Therefore, we only collect data necessary for the proper functioning of this site, communication with its visitors, or the establishment of an account on this site \/ blog.<\/p>\n<h2 id=\"we-collect-your-personal-infor\">We collect your personal information if:<\/h2>\n<ul>\n<li>you contact us through the website,<\/li>\n<li>you add a&nbsp;comment to the post<\/li>\n<li>you become a&nbsp;registered user of this site \/ blog.<\/li>\n<\/ul>\n<p>We process the following data:<\/p>\n<ul>\n<li>name and surname,<\/li>\n<li>email address,<\/li>\n<li>IP address identifying your browser, operating system, and other traffic analysis information<\/li>\n<li>cookies.<\/li>\n<\/ul>\n<h2 style=\"text-align: left;\">Comments<\/h2>\n<p style=\"text-align: left;\">When visitors comment on this site, the information displayed in the comment form is collected, as well as the visitor&#8217;s&nbsp;IP address and the user agent string defining the browser, which helps to detect spam.<\/p>\n<p class=\"text-wrap tlid-copy-target\">Gravatar may be provided with an anonymous string created from your email address (also called a&nbsp;hash) to determine if you are using this service. The Gravatar privacy policy is available at https:\/\/automattic.com\/privacy\/. Once your comment is approved, your profile image is visible to the public in the context of your comment.<\/p>\n<h2>Media<\/h2>\n<p>If you upload images to this site, you should avoid uploading images with embedded location data (EXIF GPS). Site visitors can download and view any location data from images on the site.<\/p>\n<h2>Cookies<\/h2>\n<p>If you add a&nbsp;comment to our site, you can allow the name, email address and website to be stored in cookies. In this way, we try to increase your comfort by writing a&nbsp;new comment and not having to fill in this information again. These cookies will have a&nbsp;lifetime of one year.<\/p>\n<p>If you have an account and log in to this site, we will set a&nbsp;temporary cookie to verify that your browser accepts cookies. This cookie does not contain any personal data and will be canceled when you close your browser.<\/p>\n<p>When you sign in, we also set a&nbsp;few cookies to save your login information and to set the screen display. Login cookies have a&nbsp;lifetime of two days and display settings cookies have a&nbsp;lifetime of one year. If you confirm the &#8222;Remember me&#8220; option, your login will take two weeks. If you sign out of your account, login cookies will be removed.<\/p>\n<p>If you edit or publish an article, another cookie will be stored in your browser. This cookie does not contain any personal information and simply indicates the post ID you just edited. Expires after 1 day.<\/p>\n<p>Standard web browsers (Internet Explorer, Mozilla Firefox, Google Chrome, etc.) support cookie management. As part of your browser settings, you can manually delete, block, or completely prohibit the use of cookies, or you can block or allow only individual websites. Please use your browser&#8217;s&nbsp;help for more details. If your browser is allowed to use cookies, we will assume that you accept the use of standard cookies by our server.<\/p>\n<p>How to disable cookies in different browsers:<\/p>\n<ul>\n<li>Chrome:\u00a0<a href=\"https:\/\/support.google.com\/chrome\/answer\/95647?hl=cs&amp;hlrm=cz\" target=\"_blank\" rel=\"noopener noreferrer\">support.google.com<\/a><\/li>\n<li>Opera:\u00a0<a href=\"http:\/\/help.opera.com\/Windows\/9.64\/cs\/cookies.html\" target=\"_blank\" rel=\"noopener noreferrer\">help.opera.com<\/a><\/li>\n<li>Firefox:\u00a0<a href=\"https:\/\/support.mozilla.org\/cs\/kb\/povoleni-zakazani-cookies\" target=\"_blank\" rel=\"noopener noreferrer\">support.mozilla.org<\/a><\/li>\n<li>MSIE:\u00a0<a href=\"http:\/\/windows.microsoft.com\/cs-cz\/windows\/cookies-faq#1TC=windows-7\" target=\"_blank\" rel=\"noopener noreferrer\">windows.microsoft.com<\/a><\/li>\n<li>Safari:\u00a0<a href=\"http:\/\/support.apple.com\/kb\/HT1677?viewlocale=cs_CZ\" target=\"_blank\" rel=\"noopener noreferrer\">support.apple.com<\/a><\/li>\n<\/ul>\n<h2 id=\"embedded-content-from-other-si\">Embedded content from other sites<\/h2>\n<p>Posts on this site may contain embedded content (such as videos, images, articles, etc.). Embedded content from other websites behaves in the same way as if a&nbsp;visitor visited another website.<\/p>\n<p>This website may collect data about you, use cookies, embed additional tracking from third parties, and track your interaction with this embedded content, including tracking interaction with embedded content if you have an account and are logged into the website.<\/p>\n<h2 id=\"analytics\">Analytics<\/h2>\n<p>We use JetPack to monitor site visits and store anonymous data. They cannot identify a&nbsp;specific person.<br \/>\nFor more information, visit https:\/\/jetpack.com\/support\/wordpress-com-stats\/.<\/p>\n<h2 id=\"we-share-your-information-with\">We share your information with<\/h2>\n<p>Information gathered by site visitors is processed and shared with Akismet and JetPack.<\/p>\n<h2 id=\"how-long-we-keep-your-informat\">How long we keep your information<\/h2>\n<p>If you add a&nbsp;comment, the comment and its metadata will be kept indefinitely. The data is stored for automatic recognition and approval of all subsequent comments, instead of being held in the moderation queue.<\/p>\n<p>For users who register on this site (if they have this option), we also store the personal information they provide in their user profile. All users can see, edit or delete their personal information at any time (except that they cannot change their username). Webmasters can also view and edit this information.<\/p>\n<h2 id=\"what-rights-do-you-have\">What rights do you have?<\/h2>\n<p>If you have an account on this site or have commented on it, you can request to receive an export file of the personal information we store about you, including any information you provide. You can also request the removal of any personal information we store about you. This option does not include data that we are required to retain for administrative, legal or security reasons.<\/p>\n<h2 id=\"where-do-we-send-your-data\">Where do we send your data?<\/h2>\n<p>Visitors&#8216; comments are checked through Akismet&#8217;s&nbsp;automated spam detection service. You can find the Akismet anti-spam privacy policy here: https:\/\/automattic.com\/privacy\/.<\/p>\n<h2 id=\"contact-information\">Contact information<\/h2>\n<p>If you have a&nbsp;question about accessing or correcting your personal data, please contact us at:<\/p>\n<p>posta.postole@gmail.com<\/p>\n<p>Updated <span class=\"last-modified-timestamp\">15\/03\/2025 00:09<\/span><\/p>\n","protected":false},"excerpt":{"rendered":"<p>Name and address of the representative The representative with respect to the European General Data Protection Regulation and national regulations of the member states as well as other relevant regulations for this purely personal and private website is: Zuzana Syrov\u00e1 &#8211; An\u00fd\u017eov\u00e1 and Ji\u0159\u00ed Syrov\u00fd Kur\u0161ova 30, Brno. 63500 The address of the site \/ &hellip; <\/p>\n<p class=\"link-more\"><a href=\"https:\/\/tinnunculus.sy-sy.cz\/index.php\/en\/data-protection-decaration\/\" class=\"more-link\">Pokra\u010dovat ve \u010dten\u00ed<span class=\"screen-reader-text\"> &#8222;Data protection declaration&#8220;<\/span><\/a><\/p>\n","protected":false},"author":2,"featured_media":0,"parent":0,"menu_order":110,"comment_status":"closed","ping_status":"closed","template":"","meta":{"jetpack_post_was_ever_published":false,"footnotes":""},"categories":[],"tags":[],"class_list":["post-9783","page","type-page","status-publish","hentry"],"jetpack_shortlink":"https:\/\/wp.me\/P91gKE-2xN","jetpack-related-posts":[{"id":1655,"url":"https:\/\/tinnunculus.sy-sy.cz\/index.php\/en\/basic-info\/","url_meta":{"origin":9783,"position":0},"title":"Of Mice and Kestrels","author":"Zuzana Syrov\u00e1 An\u00fd\u017eov\u00e1","date":"08\/08\/2017","format":false,"excerpt":"Kestrels (common or european kestrels) stay with us in our flat in a\u00a0housing estate in the suburb of Brno for a long time. Initially they used our balcony only as a shelter and dormitory, but since the fire in 2006, the situation changed. Starting with the 2007 season\u00a0kestrels are nesting\u2026","rel":"","context":"V \u201e\"Our\" kestrels\u201c","block_context":{"text":"\"Our\" kestrels","link":"https:\/\/tinnunculus.sy-sy.cz\/index.php\/en\/category\/tenants-and-visitors\/our-kestrels-en\/"},"img":{"alt_text":"","src":"https:\/\/i0.wp.com\/tinnunculus.sy-sy.cz\/wp-content\/uploads\/2017\/08\/dsc22907_24x10cb-e1501697514766.jpg?fit=1200%2C500&ssl=1&resize=350%2C200","width":350,"height":200,"srcset":"https:\/\/i0.wp.com\/tinnunculus.sy-sy.cz\/wp-content\/uploads\/2017\/08\/dsc22907_24x10cb-e1501697514766.jpg?fit=1200%2C500&ssl=1&resize=350%2C200 1x, https:\/\/i0.wp.com\/tinnunculus.sy-sy.cz\/wp-content\/uploads\/2017\/08\/dsc22907_24x10cb-e1501697514766.jpg?fit=1200%2C500&ssl=1&resize=525%2C300 1.5x, https:\/\/i0.wp.com\/tinnunculus.sy-sy.cz\/wp-content\/uploads\/2017\/08\/dsc22907_24x10cb-e1501697514766.jpg?fit=1200%2C500&ssl=1&resize=700%2C400 2x, https:\/\/i0.wp.com\/tinnunculus.sy-sy.cz\/wp-content\/uploads\/2017\/08\/dsc22907_24x10cb-e1501697514766.jpg?fit=1200%2C500&ssl=1&resize=1050%2C600 3x"},"classes":[]},{"id":9765,"url":"https:\/\/tinnunculus.sy-sy.cz\/index.php\/en\/introduction\/","url_meta":{"origin":9783,"position":1},"title":"Introduction","author":"Zuzana Syrov\u00e1 An\u00fd\u017eov\u00e1","date":"08\/12\/2019","format":false,"excerpt":"This site and blog or notebook is a follow-up to the older blog Of Mice and Kestrels, which we decided to launch back in 2014. It is dedicated mainly to kestrels, who decided to live with us under one roof on the balcony of our home office, and since 2007\u2026","rel":"","context":"Podobn\u00fd p\u0159\u00edsp\u011bvek","block_context":{"text":"Podobn\u00fd p\u0159\u00edsp\u011bvek","link":""},"img":{"alt_text":"Vlajka Spojen\u00e9ho kr\u00e1lovstv\u00ed","src":"https:\/\/i1.wp.com\/statni.vlajky.org\/32\/spojene_kralovstvi.png?resize=350%2C200","width":350,"height":200},"classes":[]},{"id":39224,"url":"https:\/\/tinnunculus.sy-sy.cz\/index.php\/en\/wildlife-in-our-country-house\/","url_meta":{"origin":9783,"position":2},"title":"Wildlife in our country house","author":"Zuzana Syrov\u00e1 An\u00fd\u017eov\u00e1","date":"22\/01\/2025","format":false,"excerpt":"\ufeff Our country house in \u010cist\u00e1 near Litomy\u0161l has several animal tenants: redstarts, nuthatches, bats and martens. In 2022, we discovered in the attic above the barn pellets, that indicate the presence of a barn owl. Therefore, in December 2024, we installed a camera trap there. The yard and garden\u2026","rel":"","context":"V \u201eTenants and visitors\u201c","block_context":{"text":"Tenants and visitors","link":"https:\/\/tinnunculus.sy-sy.cz\/index.php\/en\/category\/tenants-and-visitors\/"},"img":{"alt_text":"","src":"","width":0,"height":0},"classes":[]},{"id":38520,"url":"https:\/\/tinnunculus.sy-sy.cz\/index.php\/en\/mice\/overview-of-our-mice\/","url_meta":{"origin":9783,"position":3},"title":"Overview of our mice","author":"Zuzana Syrov\u00e1 An\u00fd\u017eov\u00e1","date":"16\/12\/2024","format":false,"excerpt":"The table records the date of acquisition of the mouse and the date of its death. If the date of birth is known, it is indicated with an asterisk. Lifespan is calculated in days (? d) or years, months and days (?r?m?d). Updated Lucie lives with us . Our mice","rel":"","context":"V \u201eOur mice\u201c","block_context":{"text":"Our mice","link":"https:\/\/tinnunculus.sy-sy.cz\/index.php\/en\/category\/tenants-and-visitors\/our-mice-en\/"},"img":{"alt_text":"","src":"","width":0,"height":0},"classes":[]},{"id":9804,"url":"https:\/\/tinnunculus.sy-sy.cz\/index.php\/en\/online\/","url_meta":{"origin":9783,"position":4},"title":"&#8222;Our&#8220; kestrels online","author":"Zuzana Syrov\u00e1 An\u00fd\u017eov\u00e1","date":"08\/12\/2019","format":false,"excerpt":"0\u00a6\u00a01\u00a6\u00a02\u00a6\u00a03\u00a6\u00a04\u00a6\u00a05\u00a6\u00a06\u00a6\u00a07\u00a6\u00a08\u00a6\u00a09\u00a612\u00a6\u00a013\u00a6\u00a014\u00a6\u00a015\u00a6\u00a016\u00a6\u00a017\u00a6\u00a018\u00a6\u00a019\u00a6\u00a020\u00a6 10\u00a6\u00a0 11\u00a6 21\u00a6 \u00a0 A virtual window into our balcony... Click the camera number to open the\u00a0 camera page; you can also select it from a list of our cameras. Main camera groups: the kestrel balcony\u00a0\u00a6\u00a0the swift nestboxes\u00a0\u00a6\u00a0the kestrel window. We are also testing a live stream on our\u2026","rel":"","context":"V \u201e\"Our\" kestrels\u201c","block_context":{"text":"\"Our\" kestrels","link":"https:\/\/tinnunculus.sy-sy.cz\/index.php\/en\/category\/tenants-and-visitors\/our-kestrels-en\/"},"img":{"alt_text":"Camera 1","src":"https:\/\/sy-sy.cz\/cam\/webapi\/entry.cgi?api=SYNO.SurveillanceStation.Stream.VideoStreaming&version=1&method=Stream&format=mjpeg&cameraId=2&StmKey=%229853f85e3f00a090389e5f3da7058a2c%22","width":350,"height":200,"srcset":"https:\/\/sy-sy.cz\/cam\/webapi\/entry.cgi?api=SYNO.SurveillanceStation.Stream.VideoStreaming&version=1&method=Stream&format=mjpeg&cameraId=2&StmKey=%229853f85e3f00a090389e5f3da7058a2c%22 1x, https:\/\/sy-sy.cz\/cam\/webapi\/entry.cgi?api=SYNO.SurveillanceStation.Stream.VideoStreaming&version=1&method=Stream&format=mjpeg&cameraId=2&StmKey=%229853f85e3f00a090389e5f3da7058a2c%22 1.5x, https:\/\/sy-sy.cz\/cam\/webapi\/entry.cgi?api=SYNO.SurveillanceStation.Stream.VideoStreaming&version=1&method=Stream&format=mjpeg&cameraId=2&StmKey=%229853f85e3f00a090389e5f3da7058a2c%22 2x, https:\/\/sy-sy.cz\/cam\/webapi\/entry.cgi?api=SYNO.SurveillanceStation.Stream.VideoStreaming&version=1&method=Stream&format=mjpeg&cameraId=2&StmKey=%229853f85e3f00a090389e5f3da7058a2c%22 3x, https:\/\/sy-sy.cz\/cam\/webapi\/entry.cgi?api=SYNO.SurveillanceStation.Stream.VideoStreaming&version=1&method=Stream&format=mjpeg&cameraId=2&StmKey=%229853f85e3f00a090389e5f3da7058a2c%22 4x"},"classes":[]},{"id":9813,"url":"https:\/\/tinnunculus.sy-sy.cz\/index.php\/en\/birds-online\/falco-tinnunculus-online\/","url_meta":{"origin":9783,"position":5},"title":"Falco tinnunculus online","author":"Zuzana Syrov\u00e1 An\u00fd\u017eov\u00e1","date":"08\/12\/2019","format":false,"excerpt":"Updated Czech Terms: lokalita = locality, site kamera = camera Abbreviations: on+ camera on-line on- camera on-line, but another kind of bird off\u00a0 camera off-line The table shows the last year in which the kestrels nested successfully or unsuccessfully in the locality. Country codes 2026 selection\u00a0\u00a0\u2194 All data without filter\u2026","rel":"","context":"Podobn\u00fd p\u0159\u00edsp\u011bvek","block_context":{"text":"Podobn\u00fd p\u0159\u00edsp\u011bvek","link":""},"img":{"alt_text":"","src":"","width":0,"height":0},"classes":[]}],"jetpack_sharing_enabled":true,"_links":{"self":[{"href":"https:\/\/tinnunculus.sy-sy.cz\/index.php\/wp-json\/wp\/v2\/pages\/9783","targetHints":{"allow":["GET"]}}],"collection":[{"href":"https:\/\/tinnunculus.sy-sy.cz\/index.php\/wp-json\/wp\/v2\/pages"}],"about":[{"href":"https:\/\/tinnunculus.sy-sy.cz\/index.php\/wp-json\/wp\/v2\/types\/page"}],"author":[{"embeddable":true,"href":"https:\/\/tinnunculus.sy-sy.cz\/index.php\/wp-json\/wp\/v2\/users\/2"}],"replies":[{"embeddable":true,"href":"https:\/\/tinnunculus.sy-sy.cz\/index.php\/wp-json\/wp\/v2\/comments?post=9783"}],"version-history":[{"count":3,"href":"https:\/\/tinnunculus.sy-sy.cz\/index.php\/wp-json\/wp\/v2\/pages\/9783\/revisions"}],"predecessor-version":[{"id":35793,"href":"https:\/\/tinnunculus.sy-sy.cz\/index.php\/wp-json\/wp\/v2\/pages\/9783\/revisions\/35793"}],"wp:attachment":[{"href":"https:\/\/tinnunculus.sy-sy.cz\/index.php\/wp-json\/wp\/v2\/media?parent=9783"}],"wp:term":[{"taxonomy":"category","embeddable":true,"href":"https:\/\/tinnunculus.sy-sy.cz\/index.php\/wp-json\/wp\/v2\/categories?post=9783"},{"taxonomy":"post_tag","embeddable":true,"href":"https:\/\/tinnunculus.sy-sy.cz\/index.php\/wp-json\/wp\/v2\/tags?post=9783"}],"curies":[{"name":"wp","href":"https:\/\/api.w.org\/{rel}","templated":true}]}}