{"id":9664,"date":"2019-11-23T12:12:05","date_gmt":"2019-11-23T11:12:05","guid":{"rendered":"http:\/\/tinnunculus.sy-sy.cz\/?page_id=9664"},"modified":"2025-12-15T09:11:44","modified_gmt":"2025-12-15T08:11:44","slug":"apus-apus-in-avif","status":"publish","type":"page","link":"https:\/\/tinnunculus.sy-sy.cz\/index.php\/odkazy\/o-rorysech\/apus-apus-in-avif\/","title":{"rendered":"Apus apus in Avif"},"content":{"rendered":"<h5 id=\"v\u00fdb\u011br-z\u00e1znam\u016f-pozorov\u00e1n\u00ed\">pozorov\u00e1n\u00ed ror\u00fdse obecn\u00e9ho<br \/>\nve faunistick\u00e9 datab\u00e1zi \u010cSO:<\/h5>\n<blockquote class=\"alignleft\"><p>&nbsp;<\/p>\n<p>Kliknut\u00edm na z\u00e1znam se dostanete na jeho detail na avif.birdlife.cz, kde m\u00e1te mo\u017enost dal\u0161\u00edho podrobn\u011bj\u0161\u00edho vyhled\u00e1v\u00e1n\u00ed.<\/p><\/blockquote>\n<p><iframe loading=\"lazy\" style=\"border: 1px solid #EEE;\" src=\"https:\/\/avif.birds.cz\/iframe\/items?filter={%22taxonId%22%3A%5B643%5D%2C%22minRarityLevel%22%3A1%2C%22dateNDays%22%3A365}\" width=\"100%\" height=\"600px\"><span data-mce-type=\"bookmark\" style=\"display: inline-block; width: 0px; overflow: hidden; line-height: 0;\" class=\"mce_SELRES_start\">\ufeff<\/span><\/iframe><\/p>\n<ul>\n<li><a href=\"https:\/\/avif.birds.cz\/news\/cs\/001-novy-avif\" target=\"_blank\" rel=\"noopener noreferrer\">O faunistick\u00e9 datab\u00e1zi avif.birds.cz<\/a><\/li>\n<li><a href=\"https:\/\/www.birdlife.cz\/co-delame\/vyzkum-a-ochrana-ptaku\/ochrana-druhu\/o-rorysovi\/\" target=\"_blank\" rel=\"noopener\">O ror\u00fdsovi: Vyhled\u00e1v\u00e1n\u00ed a&nbsp;vkl\u00e1d\u00e1n\u00ed hn\u00edzdi\u0161\u0165<\/a><\/li>\n<\/ul>\n","protected":false},"excerpt":{"rendered":"<p>pozorov\u00e1n\u00ed ror\u00fdse obecn\u00e9ho ve faunistick\u00e9 datab\u00e1zi \u010cSO: &nbsp; Kliknut\u00edm na z\u00e1znam se dostanete na jeho detail na avif.birdlife.cz, kde m\u00e1te mo\u017enost dal\u0161\u00edho podrobn\u011bj\u0161\u00edho vyhled\u00e1v\u00e1n\u00ed. \ufeff O&nbsp;faunistick\u00e9 datab\u00e1zi avif.birds.cz O&nbsp;ror\u00fdsovi: Vyhled\u00e1v\u00e1n\u00ed a&nbsp;vkl\u00e1d\u00e1n\u00ed hn\u00edzdi\u0161\u0165<\/p>\n","protected":false},"author":2,"featured_media":0,"parent":2210,"menu_order":0,"comment_status":"closed","ping_status":"closed","template":"","meta":{"jetpack_post_was_ever_published":false,"footnotes":""},"categories":[],"tags":[],"class_list":["post-9664","page","type-page","status-publish","hentry"],"jetpack_shortlink":"https:\/\/wp.me\/P91gKE-2vS","jetpack-related-posts":[{"id":9640,"url":"https:\/\/tinnunculus.sy-sy.cz\/index.php\/odkazy\/o-postolkach\/falco-tinnunculus-avif\/","url_meta":{"origin":9664,"position":0},"title":"Falco Tinnunculus in Avif","author":"Zuzana Syrov\u00e1 An\u00fd\u017eov\u00e1","date":"23\/11\/2019","format":false,"excerpt":"pozorov\u00e1n\u00ed po\u0161tolky obecn\u00e9 ve faunistick\u00e9 datab\u00e1zi \u010cSO: \u00a0 Kliknut\u00edm na z\u00e1znam se dostanete na jeho detail na avif.birdlife.cz, kde m\u00e1te mo\u017enost dal\u0161\u00edho podrobn\u011bj\u0161\u00edho vyhled\u00e1v\u00e1n\u00ed. \ufeff O faunistick\u00e9 datab\u00e1zi avif.birds.cz","rel":"","context":"Podobn\u00fd p\u0159\u00edsp\u011bvek","block_context":{"text":"Podobn\u00fd p\u0159\u00edsp\u011bvek","link":""},"img":{"alt_text":"","src":"","width":0,"height":0},"classes":[]},{"id":1928,"url":"https:\/\/tinnunculus.sy-sy.cz\/index.php\/odkazy\/","url_meta":{"origin":9664,"position":1},"title":"Odkazy","author":"Zuzana Syrov\u00e1 An\u00fd\u017eov\u00e1","date":"14\/08\/2017","format":false,"excerpt":"Hrabo\u0161 poln\u00ed (Microtus arvalis) My\u0161 dom\u00e1c\u00ed (Mus musculus) Po\u0161tolka obecn\u00e1 (Falco tinnunculus) Ror\u00fds obecn\u00fd (Apus apus) Faunistick\u00e1 datab\u00e1ze \u010cSO: Po\u0161tolka obecn\u00e1 (Falco tinnunclus) in Avif Ror\u00fds obecn\u00fd (Apus apus) in Avif P\u0159\u00edm\u00e9 p\u0159enosy: Po\u0161tolka obecn\u00e1 (Falco tinnunculus) online Ror\u00fds obecn\u00fd (Apus apus) online Dal\u0161\u00ed druhy pt\u00e1k\u016f online: View Nesting Birds\u2026","rel":"","context":"Podobn\u00fd p\u0159\u00edsp\u011bvek","block_context":{"text":"Podobn\u00fd p\u0159\u00edsp\u011bvek","link":""},"img":{"alt_text":"","src":"","width":0,"height":0},"classes":[]},{"id":1937,"url":"https:\/\/tinnunculus.sy-sy.cz\/index.php\/v-primem-prenosu-odjinud\/apus-apus-online\/","url_meta":{"origin":9664,"position":2},"title":"Apus apus online","author":"Zuzana Syrov\u00e1 An\u00fd\u017eov\u00e1","date":"14\/08\/2017","format":false,"excerpt":"Aktualizov\u00e1no Pou\u017eit\u00e9 zkratky: on+ kamera on-line on- kamera on-line, ale sn\u00edm\u00e1 jin\u00fd druh pt\u00e1k\u016f off\u00a0 kamera off-line V tabulce se uv\u00e1d\u00ed posledn\u00ed rok, v n\u011bm\u017e ror\u00fdsi v dan\u00e9 lokalit\u011b \u00fasp\u011b\u0161n\u011b \u010di ne\u00fasp\u011b\u0161n\u011b hn\u00edzdili. K\u00f3dy zemi \u00a6 Country codes odkazy: View nesting birds: common swift Webcams gierzwaluwen","rel":"","context":"V \u201e\"Na\u0161i\" ror\u00fdsi\u201c","block_context":{"text":"\"Na\u0161i\" ror\u00fdsi","link":"https:\/\/tinnunculus.sy-sy.cz\/index.php\/category\/nasi\/nasi-rorysi\/"},"img":{"alt_text":"","src":"","width":0,"height":0},"classes":[]},{"id":2210,"url":"https:\/\/tinnunculus.sy-sy.cz\/index.php\/odkazy\/o-rorysech\/","url_meta":{"origin":9664,"position":3},"title":"Odkazy: Ror\u00fds obecn\u00fd","author":"Zuzana Syrov\u00e1 An\u00fd\u017eov\u00e1","date":"15\/10\/2017","format":false,"excerpt":"V \u010de\u0161tin\u011b \u00a6 \u010de\u0161tina: Avibase: Ror\u00fds obecn\u00fd Apus apus (Linnaeus, 1758) Ror\u00fds obecn\u00fd na Wikipedii Ror\u00fdsi na FB \u010cesk\u00e1 spole\u010dnost ornitologick\u00e1: Pt\u00e1k roku 2004 Pt\u00e1k roku 2004 (bro\u017eura \u010cSO) Rorysi.cz (web \u010cSO) P\u0159\u00e1tel\u00e9 ror\u00fds\u016f \u010cesk\u00fd rozhlas : Hlas pro tento den \u010cesk\u00fd rozhlas: T\u011b\u017ek\u00fd \u017eivot ror\u00fdse 1. \u010d\u00e1st, 2. \u010d\u00e1st\u2026","rel":"","context":"Podobn\u00fd p\u0159\u00edsp\u011bvek","block_context":{"text":"Podobn\u00fd p\u0159\u00edsp\u011bvek","link":""},"img":{"alt_text":"","src":"","width":0,"height":0},"classes":[]},{"id":19973,"url":"https:\/\/tinnunculus.sy-sy.cz\/index.php\/rorys-obecny-obecne\/","url_meta":{"origin":9664,"position":4},"title":"Ror\u00fds obecn\u00fd | obecn\u011b","author":"Zuzana Syrov\u00e1 An\u00fd\u017eov\u00e1","date":"13\/08\/2022","format":false,"excerpt":"V\u011bdeck\u00fd n\u00e1zev | Apus apus Linnaeus, 1758 \u00a0- ror\u00fds obecn\u00fd Taxonomick\u00e9 za\u0159azen\u00ed | \u0159\u00ed\u0161e Animalia \/ kmen Chordata \/ t\u0159\u00edda Aves \/ \u0159\u00e1d Apodiformes\u00a0 \/ \u010dele\u010f Apodidae \/ rod Apus anglicky: Common Swift | b\u011blorusky: \u0427\u043e\u0440\u043d\u044b \u0441\u0432\u0456\u0440\u0433\u0443\u043b\u044c\u00a0| bulharsky: \u0427\u0435\u0440\u0435\u043d \u0431\u044a\u0440\u0437\u043e\u043b\u0435\u0442 | \u010desky: Ror\u00fds obecn\u00fd | d\u00e1nsky: Mursejler | finsky: Tervap\u00e4\u00e4sky\u00a0|\u2026","rel":"","context":"Podobn\u00fd p\u0159\u00edsp\u011bvek","block_context":{"text":"Podobn\u00fd p\u0159\u00edsp\u011bvek","link":""},"img":{"alt_text":"","src":"https:\/\/i0.wp.com\/tinnunculus.sy-sy.cz\/wp-content\/uploads\/2022\/08\/2022-07-19-1232167234u-300x203.jpg?resize=350%2C200&ssl=1","width":350,"height":200,"srcset":"https:\/\/i0.wp.com\/tinnunculus.sy-sy.cz\/wp-content\/uploads\/2022\/08\/2022-07-19-1232167234u-300x203.jpg?resize=350%2C200&ssl=1 1x, https:\/\/i0.wp.com\/tinnunculus.sy-sy.cz\/wp-content\/uploads\/2022\/08\/2022-07-19-1232167234u-300x203.jpg?resize=525%2C300&ssl=1 1.5x"},"classes":[]},{"id":2888,"url":"https:\/\/tinnunculus.sy-sy.cz\/index.php\/v-primem-prenosu-odjinud\/","url_meta":{"origin":9664,"position":5},"title":"V p\u0159\u00edm\u00e9m p\u0159enosu odjinud","author":"Zuzana Syrov\u00e1 An\u00fd\u017eov\u00e1","date":"12\/01\/2018","format":false,"excerpt":"Po\u0161tolka obecn\u00e1 (Falco tinnunculus) online Ror\u00fds obecn\u00fd (Apus apus) online Dal\u0161\u00ed druhy pt\u00e1k\u016f online: View Nesting Birds (Bird\u00a0Cams)","rel":"","context":"Podobn\u00fd p\u0159\u00edsp\u011bvek","block_context":{"text":"Podobn\u00fd p\u0159\u00edsp\u011bvek","link":""},"img":{"alt_text":"","src":"","width":0,"height":0},"classes":[]}],"jetpack_sharing_enabled":true,"_links":{"self":[{"href":"https:\/\/tinnunculus.sy-sy.cz\/index.php\/wp-json\/wp\/v2\/pages\/9664","targetHints":{"allow":["GET"]}}],"collection":[{"href":"https:\/\/tinnunculus.sy-sy.cz\/index.php\/wp-json\/wp\/v2\/pages"}],"about":[{"href":"https:\/\/tinnunculus.sy-sy.cz\/index.php\/wp-json\/wp\/v2\/types\/page"}],"author":[{"embeddable":true,"href":"https:\/\/tinnunculus.sy-sy.cz\/index.php\/wp-json\/wp\/v2\/users\/2"}],"replies":[{"embeddable":true,"href":"https:\/\/tinnunculus.sy-sy.cz\/index.php\/wp-json\/wp\/v2\/comments?post=9664"}],"version-history":[{"count":3,"href":"https:\/\/tinnunculus.sy-sy.cz\/index.php\/wp-json\/wp\/v2\/pages\/9664\/revisions"}],"predecessor-version":[{"id":44798,"href":"https:\/\/tinnunculus.sy-sy.cz\/index.php\/wp-json\/wp\/v2\/pages\/9664\/revisions\/44798"}],"up":[{"embeddable":true,"href":"https:\/\/tinnunculus.sy-sy.cz\/index.php\/wp-json\/wp\/v2\/pages\/2210"}],"wp:attachment":[{"href":"https:\/\/tinnunculus.sy-sy.cz\/index.php\/wp-json\/wp\/v2\/media?parent=9664"}],"wp:term":[{"taxonomy":"category","embeddable":true,"href":"https:\/\/tinnunculus.sy-sy.cz\/index.php\/wp-json\/wp\/v2\/categories?post=9664"},{"taxonomy":"post_tag","embeddable":true,"href":"https:\/\/tinnunculus.sy-sy.cz\/index.php\/wp-json\/wp\/v2\/tags?post=9664"}],"curies":[{"name":"wp","href":"https:\/\/api.w.org\/{rel}","templated":true}]}}