{"id":9640,"date":"2019-11-23T11:53:21","date_gmt":"2019-11-23T10:53:21","guid":{"rendered":"http:\/\/tinnunculus.sy-sy.cz\/?page_id=9640"},"modified":"2025-12-15T09:11:06","modified_gmt":"2025-12-15T08:11:06","slug":"falco-tinnunculus-avif","status":"publish","type":"page","link":"https:\/\/tinnunculus.sy-sy.cz\/index.php\/odkazy\/o-postolkach\/falco-tinnunculus-avif\/","title":{"rendered":"Falco Tinnunculus in Avif"},"content":{"rendered":"<h5 id=\"v\u00fdb\u011br-z\u00e1znam\u016f-pozorov\u00e1n\u00ed\">pozorov\u00e1n\u00ed po\u0161tolky obecn\u00e9<br \/>\nve faunistick\u00e9 datab\u00e1zi \u010cSO:<\/h5>\n<blockquote class=\"alignleft\"><p>&nbsp;<\/p>\n<p>Kliknut\u00edm na z\u00e1znam se dostanete na jeho detail na avif.birdlife.cz, kde m\u00e1te mo\u017enost dal\u0161\u00edho podrobn\u011bj\u0161\u00edho vyhled\u00e1v\u00e1n\u00ed.<\/p><\/blockquote>\n<p><iframe loading=\"lazy\" style=\"border: 1px solid #EEE;\" src=\"https:\/\/avif.birds.cz\/iframe\/items?filter={%22taxonId%22%3A%5B434%5D%2C%22minRarityLevel%22%3A1%2C%22dateNDays%22%3A365}\" width=\"100%\" height=\"600px\"><span data-mce-type=\"bookmark\" style=\"display: inline-block; width: 0px; overflow: hidden; line-height: 0;\" class=\"mce_SELRES_start\">\ufeff<\/span><\/iframe><\/p>\n<ul>\n<li><a href=\"https:\/\/avif.birds.cz\/news\/cs\/001-novy-avif\" target=\"_blank\" rel=\"noopener noreferrer\">O faunistick\u00e9 datab\u00e1zi avif.birds.cz<\/a><\/li>\n<\/ul>\n","protected":false},"excerpt":{"rendered":"<p>pozorov\u00e1n\u00ed po\u0161tolky obecn\u00e9 ve faunistick\u00e9 datab\u00e1zi \u010cSO: &nbsp; Kliknut\u00edm na z\u00e1znam se dostanete na jeho detail na avif.birdlife.cz, kde m\u00e1te mo\u017enost dal\u0161\u00edho podrobn\u011bj\u0161\u00edho vyhled\u00e1v\u00e1n\u00ed. \ufeff O&nbsp;faunistick\u00e9 datab\u00e1zi avif.birds.cz<\/p>\n","protected":false},"author":2,"featured_media":0,"parent":2208,"menu_order":0,"comment_status":"closed","ping_status":"closed","template":"","meta":{"footnotes":""},"categories":[],"tags":[],"class_list":["post-9640","page","type-page","status-publish","hentry"],"jetpack_shortlink":"https:\/\/wp.me\/P91gKE-2vu","jetpack-related-posts":[{"id":9664,"url":"https:\/\/tinnunculus.sy-sy.cz\/index.php\/odkazy\/o-rorysech\/apus-apus-in-avif\/","url_meta":{"origin":9640,"position":0},"title":"Apus apus in Avif","author":"Zuzana Syrov\u00e1 An\u00fd\u017eov\u00e1","date":"23\/11\/2019","format":false,"excerpt":"pozorov\u00e1n\u00ed ror\u00fdse obecn\u00e9ho ve faunistick\u00e9 datab\u00e1zi \u010cSO: \u00a0 Kliknut\u00edm na z\u00e1znam se dostanete na jeho detail na avif.birdlife.cz, kde m\u00e1te mo\u017enost dal\u0161\u00edho podrobn\u011bj\u0161\u00edho vyhled\u00e1v\u00e1n\u00ed. \ufeff O faunistick\u00e9 datab\u00e1zi avif.birds.cz O ror\u00fdsovi: Vyhled\u00e1v\u00e1n\u00ed a vkl\u00e1d\u00e1n\u00ed hn\u00edzdi\u0161\u0165","rel":"","context":"Podobn\u00fd p\u0159\u00edsp\u011bvek","block_context":{"text":"Podobn\u00fd p\u0159\u00edsp\u011bvek","link":""},"img":{"alt_text":"","src":"","width":0,"height":0},"classes":[]},{"id":1928,"url":"https:\/\/tinnunculus.sy-sy.cz\/index.php\/odkazy\/","url_meta":{"origin":9640,"position":1},"title":"Odkazy","author":"Zuzana Syrov\u00e1 An\u00fd\u017eov\u00e1","date":"14\/08\/2017","format":false,"excerpt":"Hrabo\u0161 poln\u00ed (Microtus arvalis) My\u0161 dom\u00e1c\u00ed (Mus musculus) Po\u0161tolka obecn\u00e1 (Falco tinnunculus) Ror\u00fds obecn\u00fd (Apus apus) Faunistick\u00e1 datab\u00e1ze \u010cSO: Po\u0161tolka obecn\u00e1 (Falco tinnunclus) in Avif Ror\u00fds obecn\u00fd (Apus apus) in Avif P\u0159\u00edm\u00e9 p\u0159enosy: Po\u0161tolka obecn\u00e1 (Falco tinnunculus) online Ror\u00fds obecn\u00fd (Apus apus) online Dal\u0161\u00ed druhy pt\u00e1k\u016f online: View Nesting Birds\u2026","rel":"","context":"Podobn\u00fd p\u0159\u00edsp\u011bvek","block_context":{"text":"Podobn\u00fd p\u0159\u00edsp\u011bvek","link":""},"img":{"alt_text":"","src":"","width":0,"height":0},"classes":[]},{"id":19973,"url":"https:\/\/tinnunculus.sy-sy.cz\/index.php\/rorys-obecny-obecne\/","url_meta":{"origin":9640,"position":2},"title":"Ror\u00fds obecn\u00fd | obecn\u011b","author":"Zuzana Syrov\u00e1 An\u00fd\u017eov\u00e1","date":"13\/08\/2022","format":false,"excerpt":"V\u011bdeck\u00fd n\u00e1zev | Apus apus Linnaeus, 1758 \u00a0- ror\u00fds obecn\u00fd Taxonomick\u00e9 za\u0159azen\u00ed | \u0159\u00ed\u0161e Animalia \/ kmen Chordata \/ t\u0159\u00edda Aves \/ \u0159\u00e1d Apodiformes\u00a0 \/ \u010dele\u010f Apodidae \/ rod Apus anglicky: Common Swift | b\u011blorusky: \u0427\u043e\u0440\u043d\u044b \u0441\u0432\u0456\u0440\u0433\u0443\u043b\u044c\u00a0| bulharsky: \u0427\u0435\u0440\u0435\u043d \u0431\u044a\u0440\u0437\u043e\u043b\u0435\u0442 | \u010desky: Ror\u00fds obecn\u00fd | d\u00e1nsky: Mursejler | finsky: Tervap\u00e4\u00e4sky\u00a0|\u2026","rel":"","context":"Podobn\u00fd p\u0159\u00edsp\u011bvek","block_context":{"text":"Podobn\u00fd p\u0159\u00edsp\u011bvek","link":""},"img":{"alt_text":"","src":"https:\/\/i0.wp.com\/tinnunculus.sy-sy.cz\/wp-content\/uploads\/2022\/08\/2022-07-19-1232167234u-300x203.jpg?resize=350%2C200&ssl=1","width":350,"height":200,"srcset":"https:\/\/i0.wp.com\/tinnunculus.sy-sy.cz\/wp-content\/uploads\/2022\/08\/2022-07-19-1232167234u-300x203.jpg?resize=350%2C200&ssl=1 1x, https:\/\/i0.wp.com\/tinnunculus.sy-sy.cz\/wp-content\/uploads\/2022\/08\/2022-07-19-1232167234u-300x203.jpg?resize=525%2C300&ssl=1 1.5x"},"classes":[]},{"id":6731,"url":"https:\/\/tinnunculus.sy-sy.cz\/index.php\/postolka-obecna-obecne\/","url_meta":{"origin":9640,"position":3},"title":"Po\u0161tolka obecn\u00e1 | obecn\u011b","author":"Zuzana Syrov\u00e1 An\u00fd\u017eov\u00e1","date":"10\/11\/2018","format":false,"excerpt":"V\u011bdeck\u00fd n\u00e1zev | Falco tinnunculus Linnaeus, 1758 \u00a0-\u00a0po\u0161tolka obecn\u00e1 Taxonomick\u00e9 za\u0159azen\u00ed | \u0159\u00ed\u0161e Animalia \/ kmen Chordata \/ t\u0159\u00edda Aves \/ \u0159\u00e1d Falconiformes \/ \u010dele\u010f Falconidae anglicky: Common Kestrel | b\u011blorusky: \u0417\u0432\u044b\u0447\u0430\u0439\u043d\u0430\u044f \u043f\u0443\u0441\u0442\u0430\u043b\u044c\u0433\u0430 | bulharsky: \u041a\u0435\u0440\u043a\u0435\u043d\u0435\u0437\u00a0| \u010desky: Po\u0161tolka obecn\u00e1\u00a0| \u010d\u00ednsky: \u7ea2\u96bc | d\u00e1nsky: T\u00e5rnfalk | finsky: Tuulihaukka | francouzsky: Faucon\u2026","rel":"","context":"V \u201eDravec\u201c","block_context":{"text":"Dravec","link":"https:\/\/tinnunculus.sy-sy.cz\/index.php\/category\/ostatni-zvirena\/ptaci\/dravec\/"},"img":{"alt_text":"","src":"https:\/\/i0.wp.com\/tinnunculus.sy-sy.cz\/wp-content\/uploads\/2018\/11\/kestrel-male-female_U1-300x208.jpg?resize=350%2C200&ssl=1","width":350,"height":200},"classes":[]}],"jetpack_sharing_enabled":true,"_links":{"self":[{"href":"https:\/\/tinnunculus.sy-sy.cz\/index.php\/wp-json\/wp\/v2\/pages\/9640","targetHints":{"allow":["GET"]}}],"collection":[{"href":"https:\/\/tinnunculus.sy-sy.cz\/index.php\/wp-json\/wp\/v2\/pages"}],"about":[{"href":"https:\/\/tinnunculus.sy-sy.cz\/index.php\/wp-json\/wp\/v2\/types\/page"}],"author":[{"embeddable":true,"href":"https:\/\/tinnunculus.sy-sy.cz\/index.php\/wp-json\/wp\/v2\/users\/2"}],"replies":[{"embeddable":true,"href":"https:\/\/tinnunculus.sy-sy.cz\/index.php\/wp-json\/wp\/v2\/comments?post=9640"}],"version-history":[{"count":3,"href":"https:\/\/tinnunculus.sy-sy.cz\/index.php\/wp-json\/wp\/v2\/pages\/9640\/revisions"}],"predecessor-version":[{"id":34021,"href":"https:\/\/tinnunculus.sy-sy.cz\/index.php\/wp-json\/wp\/v2\/pages\/9640\/revisions\/34021"}],"up":[{"embeddable":true,"href":"https:\/\/tinnunculus.sy-sy.cz\/index.php\/wp-json\/wp\/v2\/pages\/2208"}],"wp:attachment":[{"href":"https:\/\/tinnunculus.sy-sy.cz\/index.php\/wp-json\/wp\/v2\/media?parent=9640"}],"wp:term":[{"taxonomy":"category","embeddable":true,"href":"https:\/\/tinnunculus.sy-sy.cz\/index.php\/wp-json\/wp\/v2\/categories?post=9640"},{"taxonomy":"post_tag","embeddable":true,"href":"https:\/\/tinnunculus.sy-sy.cz\/index.php\/wp-json\/wp\/v2\/tags?post=9640"}],"curies":[{"name":"wp","href":"https:\/\/api.w.org\/{rel}","templated":true}]}}