{"id":9021,"date":"2020-10-18T18:32:25","date_gmt":"2020-10-18T16:32:25","guid":{"rendered":"http:\/\/tinnunculus.sy-sy.cz\/?page_id=9021"},"modified":"2025-12-14T23:39:30","modified_gmt":"2025-12-14T22:39:30","slug":"historie-rorysi","status":"publish","type":"page","link":"https:\/\/tinnunculus.sy-sy.cz\/index.php\/historie-rorysi\/","title":{"rendered":"Historie ror\u00fds\u00ed"},"content":{"rendered":"<p><img data-recalc-dims=\"1\" loading=\"lazy\" decoding=\"async\" data-attachment-id=\"1760\" data-permalink=\"https:\/\/tinnunculus.sy-sy.cz\/index.php\/2017\/08\/09\/zprava-o-stavu-lodzie\/20170707_15-07-36_1_uprav\/\" data-orig-file=\"https:\/\/i0.wp.com\/tinnunculus.sy-sy.cz\/wp-content\/uploads\/2017\/08\/20170707_15-07-36_1_uprav.jpg?fit=800%2C545&amp;ssl=1\" data-orig-size=\"800,545\" data-comments-opened=\"1\" data-image-meta=\"{&quot;aperture&quot;:&quot;0&quot;,&quot;credit&quot;:&quot;&quot;,&quot;camera&quot;:&quot;&quot;,&quot;caption&quot;:&quot;&quot;,&quot;created_timestamp&quot;:&quot;0&quot;,&quot;copyright&quot;:&quot;&quot;,&quot;focal_length&quot;:&quot;0&quot;,&quot;iso&quot;:&quot;0&quot;,&quot;shutter_speed&quot;:&quot;0&quot;,&quot;title&quot;:&quot;&quot;,&quot;orientation&quot;:&quot;0&quot;}\" data-image-title=\"20170707_15-07-36_1_uprav\" data-image-description=\"\" data-image-caption=\"\" data-large-file=\"https:\/\/i0.wp.com\/tinnunculus.sy-sy.cz\/wp-content\/uploads\/2017\/08\/20170707_15-07-36_1_uprav.jpg?fit=525%2C358&amp;ssl=1\" class=\"aligncenter wp-image-1760 size-full\" src=\"https:\/\/i0.wp.com\/tinnunculus.sy-sy.cz\/wp-content\/uploads\/2017\/08\/20170707_15-07-36_1_uprav.jpg?resize=525%2C358&#038;ssl=1\" alt=\"\" width=\"525\" height=\"358\" srcset=\"https:\/\/i0.wp.com\/tinnunculus.sy-sy.cz\/wp-content\/uploads\/2017\/08\/20170707_15-07-36_1_uprav.jpg?w=800&amp;ssl=1 800w, https:\/\/i0.wp.com\/tinnunculus.sy-sy.cz\/wp-content\/uploads\/2017\/08\/20170707_15-07-36_1_uprav.jpg?resize=300%2C204&amp;ssl=1 300w, https:\/\/i0.wp.com\/tinnunculus.sy-sy.cz\/wp-content\/uploads\/2017\/08\/20170707_15-07-36_1_uprav.jpg?resize=768%2C523&amp;ssl=1 768w\" sizes=\"auto, (max-width: 767px) 89vw, (max-width: 1000px) 54vw, (max-width: 1071px) 543px, 580px\" \/><\/p>\n<ul>\n<li>2015\/05\/05 &#8211; n\u00e1vrat ror\u00fds\u016f<\/li>\n<li>2016\/08\/?? &#8211; instalace ror\u00fdsovn\u00edku nad oknem vedle lod\u017eie<\/li>\n<li>2017\/04\/29 &#8211; n\u00e1vrat ror\u00fds\u016f<\/li>\n<li>2018\/05\/04 &#8211; n\u00e1vrat ror\u00fds\u016f<\/li>\n<li>2019\/05\/05 &#8211; n\u00e1vrat ror\u00fds\u016f<\/li>\n<li>2020\/05\/07 &#8211; n\u00e1vrat ror\u00fds\u016f<\/li>\n<li>2020\/05\/18 &#8211; po\u0161tol\u010d\u00ed same\u010dek p\u0159in\u00e1\u0161\u00ed ror\u00fdse (prvn\u00ed zaznamenan\u00fd p\u0159\u00edpad)<\/li>\n<li>2020\/07\/12 &#8211; z\u00e1chrana ror\u00fdska, kter\u00fd nezvl\u00e1dl prvn\u00ed let<\/li>\n<li>2021\/05\/09 &#8211; n\u00e1vrat ror\u00fds\u016f<\/li>\n<li>2022\/05\/11 &#8211; n\u00e1vrat ror\u00fds\u016f<\/li>\n<li>2022\/06\/16 &#8211; pan po\u0161tolka ulovil ror\u00fdse z&nbsp;ror\u00fdsovn\u00edku (07:28)<\/li>\n<li>2022\/07\/23 &#8211; posledn\u00ed ror\u00fdsi zaznamen\u00e1ni u&nbsp;ror\u00fdsovn\u00edku<\/li>\n<li>2023\/05\/07 &#8211; n\u00e1vrat ror\u00fds\u016f<\/li>\n<li>2023\/06\/12 &#8211; jeden z&nbsp;ror\u00fds\u016f uloven po\u0161tol\u010d\u00edm same\u010dkem (18:00)<\/li>\n<li>2023\/09\/25 &#8211; posledn\u00ed ror\u00fdsi zaznamen\u00e1ni p\u0159i&nbsp;krmen\u00ed<\/li>\n<li>2024\/04\/15 &#8211; tlupa \u0161pa\u010dk\u016f se rozhodla zahn\u00edzdit v&nbsp;ror\u00fdsovn\u00edku<\/li>\n<li>2024\/05\/29 &#8211; pozorov\u00e1ny minim\u00e1ln\u011b 2 p\u00e1ry ror\u00fds\u016f, kter\u00fdm se poda\u0159ilo zahn\u00edzdit vedle \u0161pa\u010dk\u016f v&nbsp;ror\u00fdsovn\u00edku<\/li>\n<li>2025\/05\/02 &#8211; n\u00e1vrat ror\u00fds\u016f<\/li>\n<\/ul>\n<ul>\n<li>Ror\u00fdsi pohledem na\u0161\u00ed kamery <a href=\"https:\/\/tinnunculus.sy-sy.cz\/index.php\/nase-kamery\/kamera-10-rorysovnik\/\">10 a&nbsp;10a<\/a> \u00a0\u00a6 <a href=\"https:\/\/tinnunculus.sy-sy.cz\/index.php\/axis-live-view\/\" target=\"_blank\" rel=\"noopener\">AXIS Live view<\/a><br \/>\nYouTube permalink:<br \/>\n<a href=\"https:\/\/camstreamer.com\/redirect\/aQ5q2ii4Y7Fnl8YL00vOwCnqJTWmITdUXETNJJ4J\" target=\"_blank\" rel=\"noopener\">https:\/\/camstreamer.com\/redirect\/aQ5q2ii4Y7Fnl8YL00vOwCnqJTWmITdUXETNJJ4J<\/a><\/li>\n<li><a href=\"https:\/\/tinnunculus.sy-sy.cz\/index.php\/nasi-rorysi\/\">Souvisej\u00edc\u00ed p\u0159\u00edsp\u011bvky<\/a><\/li>\n<\/ul>\n","protected":false},"excerpt":{"rendered":"<p>2015\/05\/05 &#8211; n\u00e1vrat ror\u00fds\u016f 2016\/08\/?? &#8211; instalace ror\u00fdsovn\u00edku nad oknem vedle lod\u017eie 2017\/04\/29 &#8211; n\u00e1vrat ror\u00fds\u016f 2018\/05\/04 &#8211; n\u00e1vrat ror\u00fds\u016f 2019\/05\/05 &#8211; n\u00e1vrat ror\u00fds\u016f 2020\/05\/07 &#8211; n\u00e1vrat ror\u00fds\u016f 2020\/05\/18 &#8211; po\u0161tol\u010d\u00ed same\u010dek p\u0159in\u00e1\u0161\u00ed ror\u00fdse (prvn\u00ed zaznamenan\u00fd p\u0159\u00edpad) 2020\/07\/12 &#8211; z\u00e1chrana ror\u00fdska, kter\u00fd nezvl\u00e1dl prvn\u00ed let 2021\/05\/09 &#8211; n\u00e1vrat ror\u00fds\u016f 2022\/05\/11 &#8211; n\u00e1vrat ror\u00fds\u016f 2022\/06\/16 &#8211; &hellip; <\/p>\n<p class=\"link-more\"><a href=\"https:\/\/tinnunculus.sy-sy.cz\/index.php\/historie-rorysi\/\" class=\"more-link\">Pokra\u010dovat ve \u010dten\u00ed<span class=\"screen-reader-text\"> &#8222;Historie ror\u00fds\u00ed&#8220;<\/span><\/a><\/p>\n","protected":false},"author":2,"featured_media":0,"parent":0,"menu_order":13,"comment_status":"closed","ping_status":"closed","template":"","meta":{"jetpack_post_was_ever_published":false,"footnotes":""},"categories":[148,116,106,113],"tags":[1279,22,1277],"class_list":["post-9021","page","type-page","status-publish","hentry","category-nasi-rorysi","category-nasi","category-rorys-cs","category-rorys-obecny-cs","tag-historie-rorysu","tag-ps_7","tag-rorys-obecny"],"jetpack_shortlink":"https:\/\/wp.me\/P91gKE-2lv","jetpack-related-posts":[{"id":16605,"url":"https:\/\/tinnunculus.sy-sy.cz\/index.php\/deniky\/2022-2\/","url_meta":{"origin":9021,"position":0},"title":"2022","author":"Zuzana Syrov\u00e1 An\u00fd\u017eov\u00e1","date":"15\/06\/2021","format":false,"excerpt":"2021 \u00a0 p\u0159edchoz\u00ed rok \u2194 n\u00e1sleduj\u00edc\u00ed rok 2023 2022\/01\/01 - o silvestrovsk\u00e9 noci se po\u0161tol\u010d\u00ed sami\u010dka nenech\u00e1v\u00e1 zapla\u0161it a na rozd\u00edl od same\u010dka vydr\u017e\u00ed na bid\u00fdlku a\u017e do r\u00e1na 2022\/01\/04 - ve\u010der p\u0159il\u00e9t\u00e1 ciz\u00ed po\u0161tolka; je zahn\u00e1na same\u010dkem (16:30) 2022\/01\/16 - ve\u010der same\u010dek p\u0159in\u00e1\u0161\u00ed do lod\u017eie hrabo\u0161e a konzumuje ho\u2026","rel":"","context":"V \u201eden\u00edk\u201c","block_context":{"text":"den\u00edk","link":"https:\/\/tinnunculus.sy-sy.cz\/index.php\/tag\/denik\/"},"img":{"alt_text":"","src":"https:\/\/i0.wp.com\/tinnunculus.sy-sy.cz\/wp-content\/uploads\/2022\/03\/20220319_07-46-25-1024x576.jpg?resize=350%2C200&ssl=1","width":350,"height":200,"srcset":"https:\/\/i0.wp.com\/tinnunculus.sy-sy.cz\/wp-content\/uploads\/2022\/03\/20220319_07-46-25-1024x576.jpg?resize=350%2C200&ssl=1 1x, https:\/\/i0.wp.com\/tinnunculus.sy-sy.cz\/wp-content\/uploads\/2022\/03\/20220319_07-46-25-1024x576.jpg?resize=525%2C300&ssl=1 1.5x"},"classes":[]},{"id":786,"url":"https:\/\/tinnunculus.sy-sy.cz\/index.php\/v-primem-prenosu\/","url_meta":{"origin":9021,"position":1},"title":"V p\u0159\u00edm\u00e9m p\u0159enosu","author":"Zuzana Syrov\u00e1 An\u00fd\u017eov\u00e1","date":"04\/08\/2017","format":false,"excerpt":"0\u00a6\u00a01\u00a6\u00a02\u00a6\u00a03\u00a6\u00a04\u00a6\u00a05\u00a6\u00a06\u00a6\u00a07\u00a6\u00a08\u00a6\u00a09\u00a6\u00a012\u00a6\u00a013\u00a6\u00a014\u00a6\u00a015\u00a6\u00a016\u00a6\u00a017\u00a6\u00a018\u00a6\u00a019\u00a6\u00a020\u00a6 10\u00a6\u00a0\u00a011\u00a6 21\u00a6 \u00a0 Kameru ke sledov\u00e1n\u00ed zvol\u00edte kliknut\u00edm na \u010d\u00edslo kamery nebo ji m\u016f\u017eete vybrat ze seznamu kamer. V\u00edce na str\u00e1nce Na\u0161e kamery. K dispozici jsou skupiny kamer:\u00a0\u00a0z po\u0161tol\u010d\u00ed lod\u017eie (hn\u00edzdo,\u00a0bid\u00fdlka,\u00a0z\u00e1bradl\u00ed,\u00a0za oknem,\u00a0na podlaze, ror\u00fdsovn\u00edk), z okol\u00ed ror\u00fdsovn\u00edku a z po\u0161tol\u010d\u00edho okna. Testujeme rovn\u011b\u017e \u017eiv\u00e9 vys\u00edl\u00e1n\u00ed na na\u0161em po\u0161tol\u010d\u00edm YouTube\u2026","rel":"","context":"V \u201e\"Na\u0161e\" po\u0161tolky\u201c","block_context":{"text":"\"Na\u0161e\" po\u0161tolky","link":"https:\/\/tinnunculus.sy-sy.cz\/index.php\/category\/nasi\/nase-postolky\/"},"img":{"alt_text":"Camera 1","src":"https:\/\/sy-sy.cz\/cam\/webapi\/entry.cgi?api=SYNO.SurveillanceStation.Stream.VideoStreaming&version=1&method=Stream&format=mjpeg&cameraId=2&StmKey=%229853f85e3f00a090389e5f3da7058a2c%22","width":350,"height":200,"srcset":"https:\/\/sy-sy.cz\/cam\/webapi\/entry.cgi?api=SYNO.SurveillanceStation.Stream.VideoStreaming&version=1&method=Stream&format=mjpeg&cameraId=2&StmKey=%229853f85e3f00a090389e5f3da7058a2c%22 1x, https:\/\/sy-sy.cz\/cam\/webapi\/entry.cgi?api=SYNO.SurveillanceStation.Stream.VideoStreaming&version=1&method=Stream&format=mjpeg&cameraId=2&StmKey=%229853f85e3f00a090389e5f3da7058a2c%22 1.5x, https:\/\/sy-sy.cz\/cam\/webapi\/entry.cgi?api=SYNO.SurveillanceStation.Stream.VideoStreaming&version=1&method=Stream&format=mjpeg&cameraId=2&StmKey=%229853f85e3f00a090389e5f3da7058a2c%22 2x, https:\/\/sy-sy.cz\/cam\/webapi\/entry.cgi?api=SYNO.SurveillanceStation.Stream.VideoStreaming&version=1&method=Stream&format=mjpeg&cameraId=2&StmKey=%229853f85e3f00a090389e5f3da7058a2c%22 3x, https:\/\/sy-sy.cz\/cam\/webapi\/entry.cgi?api=SYNO.SurveillanceStation.Stream.VideoStreaming&version=1&method=Stream&format=mjpeg&cameraId=2&StmKey=%229853f85e3f00a090389e5f3da7058a2c%22 4x"},"classes":[]},{"id":29104,"url":"https:\/\/tinnunculus.sy-sy.cz\/index.php\/deniky\/2025-2\/","url_meta":{"origin":9021,"position":2},"title":"2025","author":"Zuzana Syrov\u00e1 An\u00fd\u017eov\u00e1","date":"28\/12\/2023","format":false,"excerpt":"\u00a02024 p\u0159edchoz\u00ed rok \u2194 n\u00e1sleduj\u00edc\u00ed rok 2026 ? 2025\/01\/01 - dom\u00e1c\u00ed po\u0161tol\u010d\u00ed p\u00e1r p\u0159e\u010dkal silvestrovskou noc v bezpe\u010d\u00ed lod\u017eie, on na bid\u00fdlku nad star\u00fdm hn\u00edzdem, ona v polici pod stropem nad hn\u00edzdem nov\u00fdm 2025\/01\/07 - pan\u00ed po\u0161tolka p\u0159il\u00e9t\u00e1 do lod\u017eie cel\u00e1 zkrvaven\u00e1, patrn\u011b se n\u011bkde poprala 2025\/02\/04 - pan po\u0161tolka\u2026","rel":"","context":"V \u201e\"Na\u0161e\" po\u0161tolky\u201c","block_context":{"text":"\"Na\u0161e\" po\u0161tolky","link":"https:\/\/tinnunculus.sy-sy.cz\/index.php\/category\/nasi\/nase-postolky\/"},"img":{"alt_text":"","src":"https:\/\/i0.wp.com\/tinnunculus.sy-sy.cz\/wp-content\/uploads\/2025\/02\/202502221082318-1024x576.jpg?resize=350%2C200&ssl=1","width":350,"height":200,"srcset":"https:\/\/i0.wp.com\/tinnunculus.sy-sy.cz\/wp-content\/uploads\/2025\/02\/202502221082318-1024x576.jpg?resize=350%2C200&ssl=1 1x, https:\/\/i0.wp.com\/tinnunculus.sy-sy.cz\/wp-content\/uploads\/2025\/02\/202502221082318-1024x576.jpg?resize=525%2C300&ssl=1 1.5x"},"classes":[]},{"id":17502,"url":"https:\/\/tinnunculus.sy-sy.cz\/index.php\/deniky\/2023-2\/","url_meta":{"origin":9021,"position":3},"title":"2023","author":"Zuzana Syrov\u00e1 An\u00fd\u017eov\u00e1","date":"30\/12\/2021","format":false,"excerpt":"2022 p\u0159edchoz\u00ed rok \u2194 n\u00e1sleduj\u00edc\u00ed rok\u00a02024 2023\/01\/01 - silvestrovskou noc p\u0159e\u010dkal \"n\u00e1\u0161\" po\u0161tol\u010d\u00ed p\u00e1r ve zdrav\u00ed na bid\u00fdlku; sami\u010dka po r\u00e1nu zah\u00e1n\u00ed drz\u00e9 holuby 2023\/01\/03 - same\u010dek se dvo\u0159\u00ed sami\u010dce na hn\u00edzd\u011b 2023\/02\/07 - obletuje ciz\u00ed same\u010dek, kter\u00e9ho pron\u00e1sleduje vr\u00e1na (8:32); dom\u00e1c\u00ed zah\u00e1n\u011bj\u00ed vet\u0159elce; prvn\u00ed p\u00e1\u0159en\u00ed na z\u00e1bradl\u00ed (8:34) 2023\/02\/08\u2026","rel":"","context":"V \u201e\"Na\u0161e\" po\u0161tolky\u201c","block_context":{"text":"\"Na\u0161e\" po\u0161tolky","link":"https:\/\/tinnunculus.sy-sy.cz\/index.php\/category\/nasi\/nase-postolky\/"},"img":{"alt_text":"","src":"https:\/\/i0.wp.com\/tinnunculus.sy-sy.cz\/wp-content\/uploads\/2023\/03\/20230309_09-05-15-e1678350442869-1024x576.jpg?resize=350%2C200&ssl=1","width":350,"height":200,"srcset":"https:\/\/i0.wp.com\/tinnunculus.sy-sy.cz\/wp-content\/uploads\/2023\/03\/20230309_09-05-15-e1678350442869-1024x576.jpg?resize=350%2C200&ssl=1 1x, https:\/\/i0.wp.com\/tinnunculus.sy-sy.cz\/wp-content\/uploads\/2023\/03\/20230309_09-05-15-e1678350442869-1024x576.jpg?resize=525%2C300&ssl=1 1.5x"},"classes":[]},{"id":2210,"url":"https:\/\/tinnunculus.sy-sy.cz\/index.php\/odkazy\/o-rorysech\/","url_meta":{"origin":9021,"position":4},"title":"Odkazy: Ror\u00fds obecn\u00fd","author":"Zuzana Syrov\u00e1 An\u00fd\u017eov\u00e1","date":"15\/10\/2017","format":false,"excerpt":"V \u010de\u0161tin\u011b \u00a6 \u010de\u0161tina: Avibase: Ror\u00fds obecn\u00fd Apus apus (Linnaeus, 1758) Ror\u00fds obecn\u00fd na Wikipedii Ror\u00fdsi na FB \u010cesk\u00e1 spole\u010dnost ornitologick\u00e1: Pt\u00e1k roku 2004 Pt\u00e1k roku 2004 (bro\u017eura \u010cSO) Rorysi.cz (web \u010cSO) P\u0159\u00e1tel\u00e9 ror\u00fds\u016f \u010cesk\u00fd rozhlas : Hlas pro tento den \u010cesk\u00fd rozhlas: T\u011b\u017ek\u00fd \u017eivot ror\u00fdse 1. \u010d\u00e1st, 2. \u010d\u00e1st\u2026","rel":"","context":"Podobn\u00fd p\u0159\u00edsp\u011bvek","block_context":{"text":"Podobn\u00fd p\u0159\u00edsp\u011bvek","link":""},"img":{"alt_text":"","src":"","width":0,"height":0},"classes":[]},{"id":13997,"url":"https:\/\/tinnunculus.sy-sy.cz\/index.php\/deniky\/2021-2\/","url_meta":{"origin":9021,"position":5},"title":"2021","author":"Zuzana Syrov\u00e1 An\u00fd\u017eov\u00e1","date":"30\/11\/2020","format":false,"excerpt":"2020\u00a0 p\u0159edchoz\u00ed rok \u2194 n\u00e1sleduj\u00edc\u00ed rok 2022\u00a0 2021\/01\/01 \u2013 po\u0161tol\u010d\u00ed sami\u010dka vypla\u0161en\u00e1 o p\u016flnoci silvestrovsk\u00fdmi petardami p\u0159il\u00e9t\u00e1 a\u017e odpoledne (14:35); same\u010dek se objevuje vz\u00e1p\u011bt\u00ed za n\u00ed (14:54) 2021\/01\/10 - po\u0161tol\u010d\u00ed sami\u010dka se po p\u0159\u00edletu na noc (16:40) uchyluje do police pod stropem u dve\u0159\u00ed, kde vydr\u017e\u00ed a\u017e do 19:02 2021\/01\/26\u2026","rel":"","context":"V \u201eden\u00edk\u201c","block_context":{"text":"den\u00edk","link":"https:\/\/tinnunculus.sy-sy.cz\/index.php\/tag\/denik\/"},"img":{"alt_text":"","src":"https:\/\/i0.wp.com\/tinnunculus.sy-sy.cz\/wp-content\/uploads\/2021\/03\/20210331-1322037018-1024x576.jpg?resize=350%2C200&ssl=1","width":350,"height":200,"srcset":"https:\/\/i0.wp.com\/tinnunculus.sy-sy.cz\/wp-content\/uploads\/2021\/03\/20210331-1322037018-1024x576.jpg?resize=350%2C200&ssl=1 1x, https:\/\/i0.wp.com\/tinnunculus.sy-sy.cz\/wp-content\/uploads\/2021\/03\/20210331-1322037018-1024x576.jpg?resize=525%2C300&ssl=1 1.5x"},"classes":[]}],"jetpack_sharing_enabled":true,"_links":{"self":[{"href":"https:\/\/tinnunculus.sy-sy.cz\/index.php\/wp-json\/wp\/v2\/pages\/9021","targetHints":{"allow":["GET"]}}],"collection":[{"href":"https:\/\/tinnunculus.sy-sy.cz\/index.php\/wp-json\/wp\/v2\/pages"}],"about":[{"href":"https:\/\/tinnunculus.sy-sy.cz\/index.php\/wp-json\/wp\/v2\/types\/page"}],"author":[{"embeddable":true,"href":"https:\/\/tinnunculus.sy-sy.cz\/index.php\/wp-json\/wp\/v2\/users\/2"}],"replies":[{"embeddable":true,"href":"https:\/\/tinnunculus.sy-sy.cz\/index.php\/wp-json\/wp\/v2\/comments?post=9021"}],"version-history":[{"count":3,"href":"https:\/\/tinnunculus.sy-sy.cz\/index.php\/wp-json\/wp\/v2\/pages\/9021\/revisions"}],"predecessor-version":[{"id":43414,"href":"https:\/\/tinnunculus.sy-sy.cz\/index.php\/wp-json\/wp\/v2\/pages\/9021\/revisions\/43414"}],"wp:attachment":[{"href":"https:\/\/tinnunculus.sy-sy.cz\/index.php\/wp-json\/wp\/v2\/media?parent=9021"}],"wp:term":[{"taxonomy":"category","embeddable":true,"href":"https:\/\/tinnunculus.sy-sy.cz\/index.php\/wp-json\/wp\/v2\/categories?post=9021"},{"taxonomy":"post_tag","embeddable":true,"href":"https:\/\/tinnunculus.sy-sy.cz\/index.php\/wp-json\/wp\/v2\/tags?post=9021"}],"curies":[{"name":"wp","href":"https:\/\/api.w.org\/{rel}","templated":true}]}}