{"id":843,"date":"2017-08-04T18:07:40","date_gmt":"2017-08-04T16:07:40","guid":{"rendered":"http:\/\/tinnunculus.sy-sy.cz\/?page_id=843"},"modified":"2026-03-06T12:24:03","modified_gmt":"2026-03-06T11:24:03","slug":"2013-2","status":"publish","type":"page","link":"https:\/\/tinnunculus.sy-sy.cz\/index.php\/deniky\/2013-2\/","title":{"rendered":"2013"},"content":{"rendered":"<p><img data-recalc-dims=\"1\" loading=\"lazy\" decoding=\"async\" data-attachment-id=\"32226\" data-permalink=\"https:\/\/tinnunculus.sy-sy.cz\/index.php\/deniky\/2013-2\/p1150504\/\" data-orig-file=\"https:\/\/i0.wp.com\/tinnunculus.sy-sy.cz\/wp-content\/uploads\/2024\/03\/P1150504-scaled-e1772796214136.jpg?fit=1038%2C585&amp;ssl=1\" data-orig-size=\"1038,585\" data-comments-opened=\"1\" data-image-meta=\"{&quot;aperture&quot;:&quot;5.9&quot;,&quot;credit&quot;:&quot;&quot;,&quot;camera&quot;:&quot;DMC-TZ20&quot;,&quot;caption&quot;:&quot;&quot;,&quot;created_timestamp&quot;:&quot;1372960151&quot;,&quot;copyright&quot;:&quot;&quot;,&quot;focal_length&quot;:&quot;68.8&quot;,&quot;iso&quot;:&quot;200&quot;,&quot;shutter_speed&quot;:&quot;0.04&quot;,&quot;title&quot;:&quot;&quot;,&quot;orientation&quot;:&quot;1&quot;}\" data-image-title=\"P1150504\" data-image-description=\"\" data-image-caption=\"\" data-large-file=\"https:\/\/i0.wp.com\/tinnunculus.sy-sy.cz\/wp-content\/uploads\/2024\/03\/P1150504-scaled-e1772796214136.jpg?fit=525%2C296&amp;ssl=1\" class=\"alignnone wp-image-32226 size-large\" src=\"https:\/\/i0.wp.com\/tinnunculus.sy-sy.cz\/wp-content\/uploads\/2024\/03\/P1150504-scaled-e1772796214136-1024x577.jpg?resize=525%2C296&#038;ssl=1\" alt=\"\" width=\"525\" height=\"296\" srcset=\"https:\/\/i0.wp.com\/tinnunculus.sy-sy.cz\/wp-content\/uploads\/2024\/03\/P1150504-scaled-e1772796214136.jpg?resize=1024%2C577&amp;ssl=1 1024w, https:\/\/i0.wp.com\/tinnunculus.sy-sy.cz\/wp-content\/uploads\/2024\/03\/P1150504-scaled-e1772796214136.jpg?resize=300%2C169&amp;ssl=1 300w, https:\/\/i0.wp.com\/tinnunculus.sy-sy.cz\/wp-content\/uploads\/2024\/03\/P1150504-scaled-e1772796214136.jpg?resize=768%2C433&amp;ssl=1 768w, https:\/\/i0.wp.com\/tinnunculus.sy-sy.cz\/wp-content\/uploads\/2024\/03\/P1150504-scaled-e1772796214136.jpg?w=1038&amp;ssl=1 1038w\" sizes=\"auto, (max-width: 525px) 100vw, 525px\" \/><\/p>\n<p style=\"text-align: center;\"><em><a title=\"hn\u00edzdn\u00ed sez\u00f3na 2012\" href=\"https:\/\/tinnunculus.sy-sy.cz\/index.php\/deniky\/2012-2\/\">2012<\/a> <\/em><em>p\u0159edchoz\u00ed rok \u2194 n\u00e1sleduj\u00edc\u00ed rok <a title=\"hn\u00edzdn\u00ed sez\u00f3na 2014\" href=\"https:\/\/tinnunculus.sy-sy.cz\/index.php\/deniky\/2014-2\/\">2014<\/a><\/em><\/p>\n<p><!--more--><\/p>\n<ul>\n<li>2013\/03\/06 &#8211; instalace a&nbsp;spu\u0161t\u011bn\u00ed kamer<\/li>\n<li>2013\/03\/07 &#8211; sami\u010dka p\u0159esp\u00e1v\u00e1 v&nbsp;lod\u017eii; po\u0161tolka na bid\u00fdlku (12:00-13:00)<\/li>\n<li>2013\/03\/10 &#8211; sami\u010dka zah\u00e1n\u00ed holuba u&nbsp;hn\u00edzda (07:58); objevuje se same\u010dek (10:04)<\/li>\n<li>2013\/03\/14 &#8211; same\u010dek p\u0159il\u00e9t\u00e1 za sami\u010dkou na bid\u00fdlko<\/li>\n<li>2013\/03\/30 &#8211; poprv\u00e9 na hn\u00edzd\u011b: sami\u010dka r\u00e1no sl\u00e9t\u00e1 do hn\u00edzda, kdy\u017e p\u0159ilet\u00ed z\u00e1rove\u0148 se same\u010dkem a&nbsp;u\u017e i&nbsp;vrt\u00ed d\u016flek; same\u010dek poprv\u00e9 na pr\u016fzkumu hn\u00edzda t\u00e9ho\u017e dne v&nbsp;11:30<\/li>\n<li>2013\/04\/04 &#8211; sojka (08:47)<\/li>\n<li>2013\/04\/09 &#8211; dva same\u010dci se hon\u00ed (06:17)<\/li>\n<li>2013\/04\/10 &#8211; prvn\u00ed p\u00e1\u0159en\u00ed na bid\u00fdlku (12:20)<\/li>\n<li>2013\/04\/12 &#8211; ciz\u00ed po\u0161tolka (06:03); same\u010dek p\u0159in\u00e1\u0161\u00ed sami\u010dce my\u0161e (14:23)<\/li>\n<li>2013\/04\/17 &#8211; dva same\u010dci se perou na z\u00e1bradl\u00ed (17:51)<\/li>\n<li><strong>2013\/05\/02<\/strong> &#8211; prvn\u00ed vejce (15:14); same\u010dek obdivuje prvn\u00ed vejce (17:43)<\/li>\n<li><strong>2013\/05\/04<\/strong> &#8211; druh\u00e9 vejce (10:22)<\/li>\n<li><strong>2013\/05\/07<\/strong> &#8211; t\u0159et\u00ed vejce (08:46)<\/li>\n<li><strong>2013\/05\/09<\/strong> &#8211; \u010dtvrt\u00e9 vejce(13:00)<\/li>\n<li>2013\/05\/10 &#8211; \u0159\u00e1dn\u00e9 sezen\u00ed na vejc\u00edch<\/li>\n<li><strong>2013\/05\/11<\/strong> &#8211; p\u00e1t\u00e9 vejce (17:06-19:01)<\/li>\n<li>2013\/05\/14 &#8211; vet\u0159elec (11:42)<\/li>\n<li>2013\/05\/15 &#8211; ciz\u00ed obejda (06:37)<\/li>\n<li>2013\/05\/21 &#8211; zahn\u00e1n\u00ed vet\u0159elce (05:17); po\u0161tolka zah\u00e1n\u00ed holuba (07:25)<\/li>\n<li>2013\/05\/27 &#8211; same\u010dek p\u0159il\u00e9tl bez my\u0161e a&nbsp;vyl\u00e1kal sami\u010dku z&nbsp;hn\u00edzda \/ spole\u010dn\u011b odl\u00e9tli; same\u010dek se vr\u00e1til sed\u011bt pot\u00e9 , co se vr\u00e1tila sami\u010dka a&nbsp;se pucuje na bid\u00fdlku &#8211; vyu\u017eili skr\u00fd\u0161?? (06:33)<\/li>\n<li>2013\/05\/30 &#8211; same\u010dek zah\u00e1n\u00ed holuba ze z\u00e1bradl\u00ed (08:00)<\/li>\n<li>2013\/06\/02 &#8211; same\u010dka hon\u00ed vet\u0159elec (14:10)<\/li>\n<li><strong>2013-06-06<\/strong> &#8211; vyl\u00edhla se 3 po\u0161tol\u010data: prvn\u00ed po\u0161tol\u010de na kame\u0159e 05:11, druh\u00e9 na kame\u0159e 06:44, t\u0159i po\u0161tol\u010data na kame\u0159e 07:40; prvn\u00ed krmen\u00ed\u00a0 (08:00)<\/li>\n<li><strong>2013-06-07<\/strong> &#8211; vyl\u00edhlo se \u010dtvrt\u00e9 po\u0161tol\u010de (6:57)<\/li>\n<li><strong>2013-06-08<\/strong> &#8211; vyl\u00edhlo se p\u00e1t\u00e9 po\u0161tol\u010de (7:12); same\u010dek krm\u00ed po\u0161tol\u010data (16:12)<\/li>\n<li>2013\/06\/10 &#8211; same\u010dek krm\u00ed spolu se sami\u010dkou<\/li>\n<li>2013\/06\/15 &#8211; same\u010dek zkou\u0161\u00ed zah\u0159\u00edvat po\u0161tol\u010data<\/li>\n<li><strong>2013\/06\/18<\/strong> &#8211; uhynulo nejmen\u0161\u00ed p\u00e1t\u00e9 po\u0161tol\u010de (v&nbsp;noci z&nbsp;2013-06-17)<\/li>\n<li>2013\/06\/26 &#8211; zat\u00edmco po\u0161tolka posp\u00e1v\u00e1 na bid\u00fdlku, s\u00fdkorka odibuje citron\u00edk a&nbsp;smr\u010dek (06:22)<\/li>\n<li>2013\/07\/02 &#8211; po\u0161tol\u010de v&nbsp;prvn\u00ed polici molgeru (07:50)<\/li>\n<li>2013\/07\/05 &#8211; dosa\u017een\u00ed sk\u0159nky a&nbsp;z\u00e1bradl\u00ed<\/li>\n<li><strong>2013\/07\/06<\/strong> &#8211; p\u0159ilet\u011blo a&nbsp;zabydlelo se ciz\u00ed po\u0161tol\u010de (p\u0159\u00edlet 6:43; odlet 6:52; n\u00e1vrat 7:01; odlet 7:39; n\u00e1vrat 8:32, tahanice o&nbsp;my\u0161e s&nbsp;ostatn\u00edmi \u010dty\u0159mi 8:46 a&nbsp;dal\u0161\u00ed my\u0161e t\u00e9ho\u017e dne &#8211; celkem 8 b\u011bhem doby, kdy jich bylo 5; 20:14 odlet\u011blo z\u0159ejm\u011b to sam\u00e9 n\u00e1v\u0161t\u011bvn\u00ed)<\/li>\n<li>2013\/07\/07 &#8211; p\u00e1t\u00e9 po\u0161tol\u010de se vrac\u00ed (11:45);\u00a0 17:10 ulet\u011blo dom\u00e1c\u00edm po\u0161tol\u010dat\u016fm s&nbsp;my\u0161em pod z\u00e1bradl\u00edm; 18:00 se vrac\u00ed a&nbsp;miz\u00ed 20:11 op\u011bt s&nbsp;uko\u0159ist\u011bn\u00fdm my\u0161em<\/li>\n<li>2013\/07\/09 &#8211; p\u00e1t\u00e9 po\u0161tol\u010de se vrac\u00ed (05:15); prvn\u00ed po\u0161tol\u010de dom\u00e1c\u00ed vyl\u00e9t\u00e1 z&nbsp;lod\u017eie (07:17 po\u0161tol\u010de odl\u00e9t\u00e1 z&nbsp;plas\u0165\u00e1ku sm\u011brem k&nbsp;lesu; p\u0159edt\u00edm odlet v&nbsp;7:09 ze z\u00e1bradl\u00ed v&nbsp;dob\u011b, kdy bylo v&nbsp;lod\u017eii n\u00e1\u0161t\u011bvou i&nbsp;p\u00e1t\u00e9 po\u0161tol\u010de &#8212; jeden ze dvou odlet\u016f tedy muselo b\u00fdt dom\u00e1c\u00ed)<\/li>\n<li>2013\/07\/10 &#8211; p\u00e1t\u00e9 po\u0161tol\u010de se r\u00e1no pravideln\u011b vrac\u00ed a&nbsp;ve\u010der odl\u00e9t\u00e1 v&nbsp;tomto i&nbsp;n\u00e1sleduj\u00edc\u00edch dnech do 2013\/07\/24 (v\u010detn\u011b); po\u0161tol\u010data sp\u00ed na molgeru a&nbsp;na bid\u00fdlc\u00edch<\/li>\n<li>2013\/07\/13 &#8211; po\u0161tol\u010data l\u00e9taj\u00ed mimo lod\u017eii (v\u0161echny v\u010detn\u011b p\u00e1t\u00e9ho adoptivn\u00edho vyl\u00e9tla 09:17)<\/li>\n<li>2013\/07\/18 &#8211; po\u0161tol\u010data si d\u011blaj\u00ed skr\u00fd\u0161e (05:22 si bere po\u0161tol\u010de my\u0161e od sami\u010dky; ba\u0161t\u00ed ho jen \u010d\u00e1st a&nbsp;v&nbsp;05:38 si ho ulo\u017e\u00ed v&nbsp;kv\u011btin\u00e1\u010di; 06:34 po\u0161tol\u010de sl\u00e9t\u00e1 dol\u016f a&nbsp;bere si my\u0161e z&nbsp;kv\u011btin\u00e1\u010de a&nbsp;doba\u0161t\u00ed ho &#8211; ??? je to to stejn\u00e9)<\/li>\n<li>2013\/07\/22 &#8211; po\u0161tol\u010de zah\u00e1n\u00ed holuba<\/li>\n<li>2013\/08\/02 &#8211; ve\u010der u\u017e jen same\u010dek<\/li>\n<li>2013\/08\/03 &#8211; same\u010dek vrt\u00ed hn\u00edzdo (05:45); ciz\u00ed same\u010dek (18:45)<\/li>\n<li>2013\/08\/30 &#8211; velk\u00fd souboj same\u010dk\u016f (19:33)<\/li>\n<\/ul>\n<p align=\"center\">Aktu\u00e1ln\u00ed d\u011bn\u00ed je mo\u017eno sledovat\u00a0<a href=\"https:\/\/tinnunculus.sy-sy.cz\/index.php\/v-primem-prenosu\/\" target=\"_blank\" rel=\"noopener noreferrer\">zde<\/a>.<br \/>\nFoto a&nbsp;videoarchiv\u00a0<a href=\"https:\/\/photo.sy-sy.cz\/photo\/?t=Albums\/album_706f73746f6c65\/album_706f73746f6c652f32303133#Albums\/album_706f73746f6c65\/album_706f73746f6c652f32303133\" target=\"_blank\" rel=\"noopener\">2013<\/a>.<br \/>\nRok\u00a0<a href=\"https:\/\/tinnunculus.sy-sy.cz\/index.php\/deniky\/2013-2\/sezona-2013\/\">2013<\/a>\u00a0v\u00a0Bloku (aneb blogu, bloku \u010dili z\u00e1pisn\u00edku).<\/p>\n<p align=\"center\"><em><a title=\"hn\u00edzdn\u00ed sez\u00f3na 2012\" href=\"https:\/\/tinnunculus.sy-sy.cz\/index.php\/deniky\/2012-2\/\">2012<\/a> <\/em><em>p\u0159edchoz\u00ed rok \u2194 n\u00e1sleduj\u00edc\u00ed rok <a title=\"hn\u00edzdn\u00ed sez\u00f3na 2014\" href=\"https:\/\/tinnunculus.sy-sy.cz\/index.php\/deniky\/2014-2\/\">2014<\/a><\/em><\/p>\n<p>Pozn.: Z\u00e1kladn\u00ed informace o&nbsp;historii po\u0161tol\u010d\u00edho hn\u00edzda a&nbsp;pr\u016fb\u011bhu po\u0161tol\u010d\u00edho roku v&nbsp;lod\u017eii poskytuje \u010dl\u00e1nek <em><a title=\"O po\u0161tolk\u00e1ch aneb historie hn\u00edzda\" href=\"https:\/\/tinnunculus.sy-sy.cz\/index.php\/2013\/05\/24\/o-postolkach-aneb-historie-hnizda\/\">O po\u0161tolk\u00e1ch aneb historie hn\u00edzda<\/a>.<\/em><\/p>\n<p>Jak\u00e9 po\u010das\u00ed prov\u00e1zelo sez\u00f3nu 2013 lze nahl\u00e9dnout v&nbsp;historick\u00fdch ro\u010dn\u00edch a&nbsp;m\u011bs\u00ed\u010dn\u00edch datech <em><a href=\"https:\/\/tinnunculus.sy-sy.cz\/index.php\/pocasi-u-nas\/archiv-pocasi\/pocasi-2013\/\" rel=\"noopener noreferrer\">zde<\/a><\/em>.<\/p>\n","protected":false},"excerpt":{"rendered":"<p>2012 p\u0159edchoz\u00ed rok \u2194 n\u00e1sleduj\u00edc\u00ed rok 2014<\/p>\n","protected":false},"author":2,"featured_media":0,"parent":809,"menu_order":7,"comment_status":"closed","ping_status":"closed","template":"","meta":{"jetpack_post_was_ever_published":false,"footnotes":""},"categories":[],"tags":[1424],"class_list":["post-843","page","type-page","status-publish","hentry","tag-denik"],"jetpack_shortlink":"https:\/\/wp.me\/P91gKE-dB","jetpack-related-posts":[{"id":840,"url":"https:\/\/tinnunculus.sy-sy.cz\/index.php\/deniky\/2012-2\/","url_meta":{"origin":843,"position":0},"title":"2012","author":"Zuzana Syrov\u00e1 An\u00fd\u017eov\u00e1","date":"04\/08\/2017","format":false,"excerpt":"2011 p\u0159edchoz\u00ed rok \u2194 n\u00e1sleduj\u00edc\u00ed rok 2013 2012\/01\/10 - same\u010dek na kontroln\u00ed obhl\u00eddce lod\u017eie 2012\/01\/18 - po\u0161tolky v ulici a v lod\u017eii; objevuj\u00ed se n\u011bkolik dn\u00ed a p\u0159esp\u00e1vaj\u00ed 2012\/01\/25 - sami\u010dka na bid\u00fdlku (08:30), pak oba miz\u00ed 2012\/02\/02 - po\u0161tolky se op\u011bt vracej\u00ed do lod\u017eie; pot\u00e9 ji\u017e prakticky ka\u017edodenn\u011b 2012\/02\/21\u2026","rel":"","context":"V \u201eden\u00edk\u201c","block_context":{"text":"den\u00edk","link":"https:\/\/tinnunculus.sy-sy.cz\/index.php\/tag\/denik\/"},"img":{"alt_text":"","src":"https:\/\/i0.wp.com\/tinnunculus.sy-sy.cz\/wp-content\/uploads\/2024\/03\/P1090073-scaled-e1709478270148-1024x577.jpg?resize=350%2C200&ssl=1","width":350,"height":200,"srcset":"https:\/\/i0.wp.com\/tinnunculus.sy-sy.cz\/wp-content\/uploads\/2024\/03\/P1090073-scaled-e1709478270148-1024x577.jpg?resize=350%2C200&ssl=1 1x, https:\/\/i0.wp.com\/tinnunculus.sy-sy.cz\/wp-content\/uploads\/2024\/03\/P1090073-scaled-e1709478270148-1024x577.jpg?resize=525%2C300&ssl=1 1.5x"},"classes":[]},{"id":823,"url":"https:\/\/tinnunculus.sy-sy.cz\/index.php\/deniky\/2009-2\/","url_meta":{"origin":843,"position":1},"title":"2009","author":"Zuzana Syrov\u00e1 An\u00fd\u017eov\u00e1","date":"04\/08\/2017","format":false,"excerpt":"2008 p\u0159edchoz\u00ed rok \u2194 n\u00e1sleduj\u00edc\u00ed rok 2010 2009\/03\/18 - po\u0161tolka na z\u00e1bradl\u00ed (8:00) 2009\/03\/27 - same\u010dek se sami\u010dkou na obhl\u00eddce hn\u00edzda 2009\/03\/28 - span\u00ed na bid\u00fdlku 2009\/03\/29 - p\u00e1\u0159en\u00ed na ant\u00e9n\u011b a na bid\u00fdlku 2009\/03\/30 - nad r\u00e1nem zmizelo holoub\u011b; ciz\u00ed same\u010dek 2009\/03\/31 - same\u010dek p\u0159inesl my\u0161e (13:58) 2009\/04\/02 -\u2026","rel":"","context":"V \u201eden\u00edk\u201c","block_context":{"text":"den\u00edk","link":"https:\/\/tinnunculus.sy-sy.cz\/index.php\/tag\/denik\/"},"img":{"alt_text":"","src":"https:\/\/i0.wp.com\/tinnunculus.sy-sy.cz\/wp-content\/uploads\/2024\/03\/DSC_2834-1024x681.jpg?resize=350%2C200&ssl=1","width":350,"height":200,"srcset":"https:\/\/i0.wp.com\/tinnunculus.sy-sy.cz\/wp-content\/uploads\/2024\/03\/DSC_2834-1024x681.jpg?resize=350%2C200&ssl=1 1x, https:\/\/i0.wp.com\/tinnunculus.sy-sy.cz\/wp-content\/uploads\/2024\/03\/DSC_2834-1024x681.jpg?resize=525%2C300&ssl=1 1.5x"},"classes":[]},{"id":834,"url":"https:\/\/tinnunculus.sy-sy.cz\/index.php\/deniky\/2011-2\/","url_meta":{"origin":843,"position":2},"title":"2011","author":"Zuzana Syrov\u00e1 An\u00fd\u017eov\u00e1","date":"04\/08\/2017","format":false,"excerpt":"2010 p\u0159edchoz\u00ed rok \u2194 n\u00e1sleduj\u00edc\u00ed rok 2012 2011\/02\/04 - same\u010dek na z\u00e1bradl\u00ed (16:30) a na bid\u00fdlku (16:38) 2011\/02\/05 - same\u010dek na bid\u00fdlku (16:30) 2011\/02\/09 - same\u010dek a sami\u010dka v lod\u017eii 2011\/02\/12 - nov\u00e1 podest\u00fdlka 2011\/03\/04 - pokus o p\u00e1\u0159en\u00ed na z\u00e1bradl\u00ed (10:43) 2011\/03\/08 - sami\u010dka zah\u00e1n\u00ed holuby a hon\u00ed havrany\u2026","rel":"","context":"V \u201eden\u00edk\u201c","block_context":{"text":"den\u00edk","link":"https:\/\/tinnunculus.sy-sy.cz\/index.php\/tag\/denik\/"},"img":{"alt_text":"","src":"https:\/\/i0.wp.com\/tinnunculus.sy-sy.cz\/wp-content\/uploads\/2024\/03\/DSC_1829-1024x681.jpg?resize=350%2C200&ssl=1","width":350,"height":200,"srcset":"https:\/\/i0.wp.com\/tinnunculus.sy-sy.cz\/wp-content\/uploads\/2024\/03\/DSC_1829-1024x681.jpg?resize=350%2C200&ssl=1 1x, https:\/\/i0.wp.com\/tinnunculus.sy-sy.cz\/wp-content\/uploads\/2024\/03\/DSC_1829-1024x681.jpg?resize=525%2C300&ssl=1 1.5x"},"classes":[]},{"id":829,"url":"https:\/\/tinnunculus.sy-sy.cz\/index.php\/deniky\/2010-2\/","url_meta":{"origin":843,"position":3},"title":"2010","author":"Zuzana Syrov\u00e1 An\u00fd\u017eov\u00e1","date":"04\/08\/2017","format":false,"excerpt":"2009 p\u0159edchoz\u00ed rok \u2194 n\u00e1sleduj\u00edc\u00ed rok 2011 2010\/02\/28 - same\u010dek i sami\u010dka v lod\u017eii a na z\u00e1bradl\u00ed 2010\/03\/20 - po\u0161tolky se vracej\u00ed 2010\/03\/29 - souboj sami\u010dky s ciz\u00ed po\u0161tol\u00ed 2010\/04\/01 - sami\u010dka op\u011bt zah\u00e1n\u00ed ciz\u00ed po\u0161tolku (ta m\u00e1 z\u00e1jem p\u0159edev\u0161\u00edm o same\u010dkovy my\u0161e) 2010\/04\/05 - same\u010dek p\u0159esouv\u00e1 lo\u0148sk\u00e9 vejce do\u2026","rel":"","context":"V \u201eden\u00edk\u201c","block_context":{"text":"den\u00edk","link":"https:\/\/tinnunculus.sy-sy.cz\/index.php\/tag\/denik\/"},"img":{"alt_text":"","src":"https:\/\/i0.wp.com\/tinnunculus.sy-sy.cz\/wp-content\/uploads\/2024\/03\/DSC_7697-1024x681.jpg?resize=350%2C200&ssl=1","width":350,"height":200,"srcset":"https:\/\/i0.wp.com\/tinnunculus.sy-sy.cz\/wp-content\/uploads\/2024\/03\/DSC_7697-1024x681.jpg?resize=350%2C200&ssl=1 1x, https:\/\/i0.wp.com\/tinnunculus.sy-sy.cz\/wp-content\/uploads\/2024\/03\/DSC_7697-1024x681.jpg?resize=525%2C300&ssl=1 1.5x"},"classes":[]},{"id":16605,"url":"https:\/\/tinnunculus.sy-sy.cz\/index.php\/deniky\/2022-2\/","url_meta":{"origin":843,"position":4},"title":"2022","author":"Zuzana Syrov\u00e1 An\u00fd\u017eov\u00e1","date":"15\/06\/2021","format":false,"excerpt":"2021 \u00a0 p\u0159edchoz\u00ed rok \u2194 n\u00e1sleduj\u00edc\u00ed rok 2023 2022\/01\/01 - o silvestrovsk\u00e9 noci se po\u0161tol\u010d\u00ed sami\u010dka nenech\u00e1v\u00e1 zapla\u0161it a na rozd\u00edl od same\u010dka vydr\u017e\u00ed na bid\u00fdlku a\u017e do r\u00e1na 2022\/01\/04 - ve\u010der p\u0159il\u00e9t\u00e1 ciz\u00ed po\u0161tolka; je zahn\u00e1na same\u010dkem (16:30) 2022\/01\/16 - ve\u010der same\u010dek p\u0159in\u00e1\u0161\u00ed do lod\u017eie hrabo\u0161e a konzumuje ho\u2026","rel":"","context":"V \u201eden\u00edk\u201c","block_context":{"text":"den\u00edk","link":"https:\/\/tinnunculus.sy-sy.cz\/index.php\/tag\/denik\/"},"img":{"alt_text":"","src":"https:\/\/i0.wp.com\/tinnunculus.sy-sy.cz\/wp-content\/uploads\/2022\/03\/20220319_07-46-25-1024x576.jpg?resize=350%2C200&ssl=1","width":350,"height":200,"srcset":"https:\/\/i0.wp.com\/tinnunculus.sy-sy.cz\/wp-content\/uploads\/2022\/03\/20220319_07-46-25-1024x576.jpg?resize=350%2C200&ssl=1 1x, https:\/\/i0.wp.com\/tinnunculus.sy-sy.cz\/wp-content\/uploads\/2022\/03\/20220319_07-46-25-1024x576.jpg?resize=525%2C300&ssl=1 1.5x"},"classes":[]},{"id":10186,"url":"https:\/\/tinnunculus.sy-sy.cz\/index.php\/deniky\/2020-2\/","url_meta":{"origin":843,"position":5},"title":"2020","author":"Zuzana Syrov\u00e1 An\u00fd\u017eov\u00e1","date":"29\/12\/2019","format":false,"excerpt":"2019\u00a0 p\u0159edchoz\u00ed rok \u2194 n\u00e1sleduj\u00edc\u00ed rok 2021 2020\/01\/01 - po\u0161tol\u010d\u00ed sami\u010dka vypla\u0161en\u00e1 p\u0159edchoz\u00ed ve\u010der silvestrovsk\u00fdmi petardami p\u0159il\u00e9t\u00e1 spolu se same\u010dkem na rann\u00ed inspekci (7:41\u20137:45); objevuj\u00ed se pak n\u011bkolikr\u00e1t za den a ve\u010der sami\u010dka op\u011bt p\u0159il\u00e9t\u00e1 na noc 2020\/01\/02 - po\u0161tol\u010d\u00ed sami\u010dka si p\u0159in\u00e1\u0161\u00ed do lod\u017eie hrabo\u0161e (9:12) 2020\/01\/06 - same\u010dek\u2026","rel":"","context":"V \u201eden\u00edk\u201c","block_context":{"text":"den\u00edk","link":"https:\/\/tinnunculus.sy-sy.cz\/index.php\/tag\/denik\/"},"img":{"alt_text":"","src":"https:\/\/i0.wp.com\/tinnunculus.sy-sy.cz\/wp-content\/uploads\/2020\/01\/20200101_08-20-38uprav-1024x677.jpg?resize=350%2C200&ssl=1","width":350,"height":200,"srcset":"https:\/\/i0.wp.com\/tinnunculus.sy-sy.cz\/wp-content\/uploads\/2020\/01\/20200101_08-20-38uprav-1024x677.jpg?resize=350%2C200&ssl=1 1x, https:\/\/i0.wp.com\/tinnunculus.sy-sy.cz\/wp-content\/uploads\/2020\/01\/20200101_08-20-38uprav-1024x677.jpg?resize=525%2C300&ssl=1 1.5x"},"classes":[]}],"jetpack_sharing_enabled":true,"_links":{"self":[{"href":"https:\/\/tinnunculus.sy-sy.cz\/index.php\/wp-json\/wp\/v2\/pages\/843","targetHints":{"allow":["GET"]}}],"collection":[{"href":"https:\/\/tinnunculus.sy-sy.cz\/index.php\/wp-json\/wp\/v2\/pages"}],"about":[{"href":"https:\/\/tinnunculus.sy-sy.cz\/index.php\/wp-json\/wp\/v2\/types\/page"}],"author":[{"embeddable":true,"href":"https:\/\/tinnunculus.sy-sy.cz\/index.php\/wp-json\/wp\/v2\/users\/2"}],"replies":[{"embeddable":true,"href":"https:\/\/tinnunculus.sy-sy.cz\/index.php\/wp-json\/wp\/v2\/comments?post=843"}],"version-history":[{"count":3,"href":"https:\/\/tinnunculus.sy-sy.cz\/index.php\/wp-json\/wp\/v2\/pages\/843\/revisions"}],"predecessor-version":[{"id":46388,"href":"https:\/\/tinnunculus.sy-sy.cz\/index.php\/wp-json\/wp\/v2\/pages\/843\/revisions\/46388"}],"up":[{"embeddable":true,"href":"https:\/\/tinnunculus.sy-sy.cz\/index.php\/wp-json\/wp\/v2\/pages\/809"}],"wp:attachment":[{"href":"https:\/\/tinnunculus.sy-sy.cz\/index.php\/wp-json\/wp\/v2\/media?parent=843"}],"wp:term":[{"taxonomy":"category","embeddable":true,"href":"https:\/\/tinnunculus.sy-sy.cz\/index.php\/wp-json\/wp\/v2\/categories?post=843"},{"taxonomy":"post_tag","embeddable":true,"href":"https:\/\/tinnunculus.sy-sy.cz\/index.php\/wp-json\/wp\/v2\/tags?post=843"}],"curies":[{"name":"wp","href":"https:\/\/api.w.org\/{rel}","templated":true}]}}