{"id":840,"date":"2017-08-04T18:03:05","date_gmt":"2017-08-04T16:03:05","guid":{"rendered":"http:\/\/tinnunculus.sy-sy.cz\/?page_id=840"},"modified":"2024-03-23T12:15:18","modified_gmt":"2024-03-23T11:15:18","slug":"2012-2","status":"publish","type":"page","link":"https:\/\/tinnunculus.sy-sy.cz\/index.php\/deniky\/2012-2\/","title":{"rendered":"2012"},"content":{"rendered":"<p><img data-recalc-dims=\"1\" loading=\"lazy\" decoding=\"async\" data-attachment-id=\"32229\" data-permalink=\"https:\/\/tinnunculus.sy-sy.cz\/index.php\/deniky\/2012-2\/p1090073\/\" data-orig-file=\"https:\/\/i0.wp.com\/tinnunculus.sy-sy.cz\/wp-content\/uploads\/2024\/03\/P1090073-scaled-e1709478291705.jpg?fit=1038%2C585&amp;ssl=1\" data-orig-size=\"1038,585\" data-comments-opened=\"1\" data-image-meta=\"{&quot;aperture&quot;:&quot;5.4&quot;,&quot;credit&quot;:&quot;&quot;,&quot;camera&quot;:&quot;DMC-TZ20&quot;,&quot;caption&quot;:&quot;&quot;,&quot;created_timestamp&quot;:&quot;1339749464&quot;,&quot;copyright&quot;:&quot;&quot;,&quot;focal_length&quot;:&quot;30.1&quot;,&quot;iso&quot;:&quot;200&quot;,&quot;shutter_speed&quot;:&quot;0.002&quot;,&quot;title&quot;:&quot;&quot;,&quot;orientation&quot;:&quot;1&quot;}\" data-image-title=\"P1090073\" data-image-description=\"\" data-image-caption=\"\" data-large-file=\"https:\/\/i0.wp.com\/tinnunculus.sy-sy.cz\/wp-content\/uploads\/2024\/03\/P1090073-scaled-e1709478291705.jpg?fit=525%2C296&amp;ssl=1\" class=\"aligncenter wp-image-32229 size-large\" src=\"https:\/\/i0.wp.com\/tinnunculus.sy-sy.cz\/wp-content\/uploads\/2024\/03\/P1090073-scaled-e1709478270148-1024x577.jpg?resize=525%2C296&#038;ssl=1\" alt=\"\" width=\"525\" height=\"296\" \/><\/p>\n<p style=\"text-align: center;\"><em><a title=\"hn\u00edzdn\u00ed sez\u00f3na 2011\" href=\"https:\/\/tinnunculus.sy-sy.cz\/index.php\/deniky\/2011-2\/\">2011<\/a> <\/em><em>p\u0159edchoz\u00ed rok \u2194 n\u00e1sleduj\u00edc\u00ed rok <a title=\"hn\u00edzdn\u00ed sez\u00f3na 2013\" href=\"https:\/\/tinnunculus.sy-sy.cz\/index.php\/deniky\/2013-2\/\">2013<\/a><\/em><\/p>\n<p><!--more--><\/p>\n<ul>\n<li>2012\/01\/10 &#8211; same\u010dek na kontroln\u00ed obhl\u00eddce lod\u017eie<\/li>\n<li>2012\/01\/18 &#8211; po\u0161tolky v&nbsp;ulici a&nbsp;v&nbsp;lod\u017eii; objevuj\u00ed se n\u011bkolik dn\u00ed a&nbsp;p\u0159esp\u00e1vaj\u00ed<\/li>\n<li>2012\/01\/25 &#8211; sami\u010dka na bid\u00fdlku (08:30), pak oba miz\u00ed<\/li>\n<li>2012\/02\/02 &#8211; po\u0161tolky se op\u011bt vracej\u00ed do lod\u017eie; pot\u00e9 ji\u017e prakticky ka\u017edodenn\u011b<\/li>\n<li>2012\/02\/21 &#8211; instalace a&nbsp;spu\u0161t\u011bn\u00ed kamer; pokus o&nbsp;p\u00e1\u0159en\u00ed na z\u00e1bradl\u00ed (08:00); spolu na hn\u00edzd\u011b (08:48); same\u010dek p\u0159in\u00e1\u0161\u00ed sami\u010dce my\u0161e (16:10)<\/li>\n<li>2012\/02\/25 &#8211; ? ciz\u00ed same\u010dek<\/li>\n<li>2012\/02\/29 &#8211; sami\u010dky se perou (09:10)<\/li>\n<li>2012\/03\/01 &#8211; vet\u0159elci (08:58)<\/li>\n<li>2012\/03\/02 &#8211; ciz\u00ed po\u0161tolka (13:25)<\/li>\n<li>2012\/03\/04 &#8211; obletuje vet\u0159elec (09:25)<\/li>\n<li>2012\/03\/16 &#8211; konflikt s&nbsp;ciz\u00ed sami\u010dkou (09:33)<\/li>\n<li>2012\/03\/21 &#8211; cel\u00fd den otravuje ciz\u00ed obejda; velk\u00e1 pranice (16:06)<\/li>\n<li>2012\/03\/27 &#8211; op\u011bt ciz\u00ed otrapa (09:41)<\/li>\n<li>2012\/03\/28 &#8211; zahn\u00e1n\u00ed vet\u0159elce (09:13); same\u010dek p\u0159in\u00e1\u0161\u00ed sami\u010dce zelenou andulku (17:40)<\/li>\n<li>2012\/03\/30 &#8211; same\u010dek s\u00e1m \u017eere my\u0161e, kter\u00e9ho donesl<\/li>\n<li>2012\/04\/10 &#8211; po\u0161tolka za\u010d\u00edn\u00e1 pob\u00fdvat na hn\u00edzd\u011b<\/li>\n<li><strong>2012\/04\/13<\/strong> &#8211; prvn\u00ed vejce (14:26)<\/li>\n<li>2012\/04\/15 &#8211; ciz\u00ed otrapa jde po&nbsp;my\u0161ovi (06:54)<\/li>\n<li><strong>2012\/04\/16<\/strong> &#8211; druh\u00e9 vejce (13:44 &#8211; 15:31); ciz\u00ed otrapa n\u011bkolikr\u00e1t za den otravuje<\/li>\n<li><strong>2012\/04\/19<\/strong> &#8211; t\u0159et\u00ed vejce (p\u0159ed 05:09)<\/li>\n<li>2012\/04\/20 &#8211; ciz\u00ed otrapa n\u011bkolikr\u00e1t za den otravuje a&nbsp;sna\u017e\u00ed se urvat pro sebe my\u0161e; objevuje se i&nbsp;vn\u00e1sleduj\u00edc\u00edch dnech<\/li>\n<li><strong>2012\/04\/21<\/strong> &#8211; \u010dtvrt\u00e9 vejce (06:27 &#8211; 06:28); sami\u010dka za\u010d\u00edn\u00e1 sed\u011bt na vejc\u00edch<\/li>\n<li><strong>2012\/04\/23<\/strong> &#8211; p\u00e1t\u00e9 vejce (10:32 &#8211; 12:32)<\/li>\n<li>2012\/04\/25 &#8211; rehek (16:47)<\/li>\n<li>2012\/04\/26 &#8211; ciz\u00ed same\u010dek na z\u00e1bradl\u00ed<\/li>\n<li>2012\/04\/27 &#8211; rehek (06:27), ciz\u00ed otrapa (16:54)<\/li>\n<li>2012\/05\/01 &#8211; ciz\u00ed same\u010dek na z\u00e1bradl\u00ed<\/li>\n<li>2012\/05\/02 &#8211; obletuje vet\u0159elec<\/li>\n<li>2012\/05\/13 &#8211; ciz\u00ed same\u010dek<\/li>\n<li><strong>2012\/05\/19<\/strong> &#8211; vyl\u00edhnut\u00ed \u010dty\u0159 z&nbsp;p\u011bti vajec (07:31 prvn\u00ed po\u0161tol\u010de; 08:40\u00a0 druh\u00e9 po\u0161tol\u010de; 10:16 &#8211; 10:50 t\u0159et\u00ed po\u0161tol\u010de; 16:53 &#8211; 17:37 \u010dtvrt\u00e9 po\u0161tol\u010de)<\/li>\n<li><strong>2012\/05\/21<\/strong> &#8211; p\u00e1t\u00e9 po\u0161tol\u010de (06:20); same\u010dek krm\u00ed sami\u010dku (12:44)<\/li>\n<li>2012\/05\/22 &#8211; same\u010dek krm\u00ed sami\u010dku (09:42)<\/li>\n<li>2012\/05\/29 &#8211; vet\u0159elec (14:16)<\/li>\n<li>2012\/05\/29 &#8211; sami\u010dka zah\u0159\u00edv\u00e1 po\u0161tol\u010data ji\u017e jen podle pot\u0159eby<\/li>\n<li><strong>2012\/05\/30<\/strong> &#8211; konec denn\u00edho i&nbsp;no\u010dn\u00edho zah\u0159\u00edv\u00e1n\u00ed; od 13:21 nezv\u011bstn\u00fd same\u010dek!!!<\/li>\n<li>2012\/05\/31 &#8211; po\u0161tol\u010data za sami\u010dkou v&nbsp;bed\u00fdnce (10:31); sami\u010dka po&nbsp;marn\u00e9m \u010dek\u00e1n\u00ed na same\u010dka za\u010d\u00edn\u00e1 lovit<\/li>\n<li>2012\/06\/01 &#8211; 6 my\u0161\u016f p\u0159inesen\u00fdch sami\u010dkou<\/li>\n<li>2012\/06\/02 &#8211; 10 my\u0161\u016f p\u0159inesen\u00fdch sami\u010dkou (jeden maximy\u0161 13:59)<\/li>\n<li>2012\/06\/03 &#8211; 9 my\u0161\u016f p\u0159inesen\u00fdch sami\u010dkou (v&nbsp;dal\u0161\u00edch dnech 9 &#8211; 11 my\u0161\u016f); 2 po\u0161tol\u010data v&nbsp;bed\u00fdnce<\/li>\n<li>2012\/06\/05 &#8211; po\u0161tol\u010data za\u010d\u00ednaj\u00ed samostatn\u011b \u010fobat a&nbsp;polykat<\/li>\n<li>2012\/06\/06 &#8211; po\u0161tol\u010data zah\u00e1n\u011bj\u00ed hul\u00e1k\u00e1n\u00edm holuba (10:15); v\u0161echna po\u0161tol\u010data v&nbsp;bed\u00fdnce (12:38)<\/li>\n<li>2012\/06\/07 &#8211; p\u0159ekon\u00e1n\u00ed bari\u00e9ry bed\u00fdnky<\/li>\n<li>2012\/06\/08 &#8211; po\u0161tol\u010data p\u0159ede dve\u0159mi; po\u0161tol\u010de v&nbsp;truhl\u00edku pod sk\u0159\u00ed\u0148kou (18:05)<\/li>\n<li>2012\/06\/09 &#8211; po\u0161tol\u010data za\u010d\u00ednaj\u00ed samostatn\u011b konzumovat; sami\u010dka p\u0159in\u00e1\u0161\u00ed \u017eiv\u00e9ho my\u0161e; ciz\u00ed otrapa otravuje (13:20, 14:34, 15:15)<\/li>\n<li>2012\/06\/10 &#8211; ciz\u00ed otrapa otravuje a&nbsp;sna\u017e\u00ed se sehnat n\u011bco k&nbsp;sn\u011bdku (7:30, 8:00, 10:11, 15:00, 15:30, 19:37) &#8211; pravideln\u011b se objevuje i&nbsp;v&nbsp;n\u00e1sleduj\u00edc\u00edch dnech; po\u0161tol\u010de se z\u00e1jmem sleduje \u017eiv\u00e9ho my\u0161e (19:32)<\/li>\n<li>2012\/06\/12 &#8211; po\u0161tol\u010data se v&nbsp;pr\u016fb\u011bhu dne dost\u00e1vaj\u00ed pod sk\u0159\u00ed\u0148ku, kde str\u00e1v\u00ed i&nbsp;noc (opakuje se v&nbsp;dal\u0161\u00edch dnech)<\/li>\n<li>2012\/06\/15 &#8211; jedno po\u0161tol\u010de seskakuje z&nbsp;prahu otev\u0159en\u00fdch dve\u0159\u00ed do kancel\u00e1\u0159e (12:26) &#8211; na\u0161t\u011bst\u00ed se d\u00e1v\u00e1 v&nbsp;klidu dobrovoln\u011b na \u00fastup<\/li>\n<li>2012\/06\/16 &#8211; dosa\u017een\u00ed ucha bed\u00fdnky (10:03); prvn\u00ed po\u0161tol\u010de v&nbsp;kv\u011btin\u00e1\u010di s&nbsp;citron\u00edkem (17:58)<\/li>\n<li>2012\/06\/17 &#8211; 2 po\u0161tol\u010data v&nbsp;kv\u011btin\u00e1\u010di s&nbsp;citron\u00edkem (17:58); postupn\u011b dosa\u017een\u00ed dal\u0161\u00edch v\u00fd\u0161ek po&nbsp;z\u00e1bradl\u00ed<\/li>\n<li><strong>2012\/07\/02<\/strong> &#8211; objevuje se nov\u00fd(?) same\u010dek (14:15; 14:51)<\/li>\n<li>2012\/07\/06 &#8211; same\u010dek l\u00e1k\u00e1 sami\u010dku do hn\u00edzda; sami\u010dka se same\u010dkem na hn\u00edzd\u011b (04:54; 05:35)<\/li>\n<li>2012\/07\/07 &#8211; sami\u010dka za\u010d\u00edn\u00e1 op\u011bt p\u0159esp\u00e1vat na bid\u00fdlku; pranice sami\u010dky a&nbsp;same\u010dka s&nbsp;otrapou p\u0159ed hn\u00edzdem (04:47); same\u010dek vrt\u00ed hn\u00edzdo (05:18); sami\u010dka zah\u00e1n\u00ed po\u0161tol\u010de (12:49)<\/li>\n<li>2012\/07\/09 &#8211; nov\u00fd p\u00e1r (???) &#8211; 21:17 sami\u010dka p\u0159in\u00e1\u0161\u00ed my\u0161e, za n\u00ed p\u0159il\u00e9t\u00e1 na z\u00e1bradl\u00ed same\u010dek, z&nbsp;plastov\u00fdch bid\u00fdlek sl\u00e9t\u00e1 druh\u00e1 sami\u010dka a&nbsp;ml\u00e1d\u011b, sami\u010dky se perou &#8230;. ? kter\u00e1 vyhr\u00e1la; 21:28 sami\u010dka se same\u010dkem zah\u00e1n\u011bj\u00ed vet\u0159elce<\/li>\n<li>2012\/07\/10 &#8211; same\u010dek p\u0159in\u00e1\u0161\u00ed my\u0161e<\/li>\n<li>2012\/07\/18 &#8211; po\u0161tol\u010de z\u00edsk\u00e1v\u00e1 od sami\u010dky my\u0161e (13:37)<\/li>\n<li>2012\/07\/20 &#8211; sami\u010dka ud\u00e1v\u00e1 my\u0161e po\u0161tol\u010deti<\/li>\n<li>2012\/07\/21 &#8211; same\u010dek zah\u00e1n\u00ed po\u0161tol\u010de (16:54, 17:30); po\u0161tol\u010de hon\u00ed sami\u010dku (18:20)<\/li>\n<li>2012\/07\/22 &#8211; vyh\u00e1n\u011bn\u00ed po\u0161tol\u010dete<\/li>\n<li>2012\/07\/26 &#8211; po\u0161tolka zah\u00e1n\u00ed holubici (06:41); zahn\u00e1n\u00ed ciz\u00edho otrapy (18:13)<\/li>\n<li>2012\/08\/01 &#8211; same\u010dek \u00fato\u010d\u00ed na holubici pod sk\u0159\u00ed\u0148kou (07:07); same\u010dek zah\u00e1n\u00ed holubici (11:49)<\/li>\n<li>2012\/08\/13 &#8211; sami\u010dka za\u010d\u00edn\u00e1 p\u0159esp\u00e1vat pod molgerem<\/li>\n<li>2012\/08\/14 &#8211; same\u010dek proh\u00e1n\u00ed holuba (05:41); obletuje vet\u0159elec (06:07)<\/li>\n<li>2012\/08\/20 &#8211; po\u0161tol\u010data (14:00)<\/li>\n<li>2012\/08\/22 &#8211; vyh\u00e1n\u011bn\u00ed po\u0161tol\u010dete<\/li>\n<li>2012\/08\/26 &#8211; vyh\u00e1n\u011bn\u00ed po\u0161tol\u010dete (07:18)<\/li>\n<li>2012\/08\/28 &#8211; vyh\u00e1n\u011bn\u00ed po\u0161tol\u010dete (05:43)<\/li>\n<li>2012\/09\/01 &#8211; zah\u00e1n\u011bn\u00ed po\u0161tol\u010dete (18:05); op\u011bt po\u0161tol\u010de (18:15, 18:55)<\/li>\n<li>2012\/09\/04 &#8211; dv\u011b po\u0161tolky na noc v&nbsp;lod\u017eii &#8211; sami\u010dka jako obvykle pod molgerem, na d\u0159ev\u011bn\u00e9m bid\u00fdlku pravd\u011bpodobn\u011b po\u0161tol\u010de nebo druh\u00e1 sami\u010dka (od 19:15)<\/li>\n<li>2012\/09\/09 &#8211; ciz\u00ed same\u010dek vyhn\u00e1n same\u010dkem (10:27)<\/li>\n<li>2012\/09\/11 &#8211; same\u010dek vyh\u00e1n\u00ed po\u0161tol\u010de (16:02)<\/li>\n<li>2012\/09\/12 &#8211; po\u0161tol\u010de vyk\u0159i\u010deno sami\u010dkou a&nbsp;same\u010dkem (18:10); v\u0161ichni t\u0159i op\u011bt v&nbsp;lod\u017eii (18:20)<\/li>\n<li>2012\/09\/22 &#8211; same\u010dek zah\u00e1n\u00ed po\u0161tol\u010de (11:41); zah\u00e1n\u011bn\u00ed vet\u0159elce (18:38)<\/li>\n<li>2012\/09\/26 &#8211; v&nbsp;noci z&nbsp;25.9.&nbsp;p\u0159espal same\u010dek na platov\u00e9m bid\u00fdlku, jedna po\u0161tolka nebo ml\u00e1d\u011b na d\u0159ev\u011bn\u00e9m bid\u00fdlku a&nbsp;druh\u00e1 sami\u010dka pod molgerem; r\u00e1no ta doln\u00ed nal\u00e9t\u00e1 na horn\u00ed a&nbsp;zah\u00e1n\u00ed ji (06:22)<\/li>\n<li>2012\/09\/28 &#8211; dramatick\u00e1 pranice sami\u010dka s&nbsp;vet\u0159elcem (11:13-11:48); znovu vet\u0159elci (18:33)<\/li>\n<li>2012\/09\/29 &#8211; straka (11:40)<\/li>\n<li>2012\/09\/30 &#8211; drz\u00e9 po\u0161tol\u010de nejprve zah\u00e1n\u00ed same\u010dka, pot\u00e9 je samo zahn\u00e1no (07:54 &#8211; 08:09)<\/li>\n<li>2012\/10\/04 &#8211; sami\u010dka hon\u00ed same\u010dka s&nbsp;my\u0161em (16:55)<\/li>\n<li>2012\/10\/07 &#8211; pranice (17:30); zah\u00e1n\u011bn\u00ed vet\u0159elce (17:55)<\/li>\n<li>2012\/10\/12 &#8211; po\u0161tolka p\u0159eprala holuba (10:49)<\/li>\n<li>2012\/10\/15 &#8211; po\u0161tolka jde po&nbsp;s\u00fdkorce (11:21)<\/li>\n<li>2012\/10\/30 &#8211; po\u0161tolka hon\u00ed s\u00fdkorku<\/li>\n<\/ul>\n<p align=\"center\">Aktu\u00e1ln\u00ed d\u011bn\u00ed je mo\u017eno sledovat\u00a0<a href=\"https:\/\/tinnunculus.sy-sy.cz\/index.php\/v-primem-prenosu\/\" target=\"_blank\" rel=\"noopener noreferrer\">zde<\/a>.<br \/>\nFoto a&nbsp;videoarchiv <a href=\"https:\/\/photo.sy-sy.cz\/photo\/?t=Albums\/album_706f73746f6c65\/album_706f73746f6c652f32303132#Albums\/album_706f73746f6c65\/album_706f73746f6c652f32303132\" target=\"_blank\" rel=\"noopener\">2012<\/a>.<br \/>\nRok\u00a0<a href=\"https:\/\/tinnunculus.sy-sy.cz\/index.php\/deniky\/2012-2\/sezona-2012\/\">2012<\/a>\u00a0v\u00a0Bloku (aneb blogu, bloku \u010dili z\u00e1pisn\u00edku).<\/p>\n<p align=\"center\"><em><a title=\"hn\u00edzdn\u00ed sez\u00f3na 2011\" href=\"https:\/\/tinnunculus.sy-sy.cz\/index.php\/deniky\/2011-2\/\">2011<\/a> p\u0159edchoz\u00ed rok \u2194 n\u00e1sleduj\u00edc\u00ed rok <a title=\"hn\u00edzdn\u00ed sez\u00f3na 2013\" href=\"https:\/\/tinnunculus.sy-sy.cz\/index.php\/deniky\/2013-2\/\">2013<\/a><\/em><\/p>\n<p>Pozn: Z\u00e1kl<em>a<\/em>dn\u00ed informace o&nbsp;historii po\u0161tol\u010d\u00edho hn\u00edzda a&nbsp;pr\u016fb\u011bhu po\u0161tol\u010d\u00edho roku v&nbsp;lod\u017eii poskytuje \u010dl\u00e1nek <em><a title=\"O po\u0161tolk\u00e1ch aneb historie hn\u00edzda\" href=\"https:\/\/tinnunculus.sy-sy.cz\/index.php\/2013\/05\/24\/o-postolkach-aneb-historie-hnizda\/\">O po\u0161tolk\u00e1ch aneb historie hn\u00edzda<\/a>.<\/em><\/p>\n<p>Jak\u00e9 po\u010das\u00ed prov\u00e1zelo sez\u00f3nu 2012 lze nahl\u00e9dnout v&nbsp;historick\u00fdch ro\u010dn\u00edch a&nbsp;m\u011bs\u00ed\u010dn\u00edch datech <em><a href=\"https:\/\/tinnunculus.sy-sy.cz\/index.php\/pocasi-u-nas\/archiv-pocasi\/pocasi-2012\/\" rel=\"noopener noreferrer\">zde<\/a><\/em>.<\/p>\n","protected":false},"excerpt":{"rendered":"<p>2011 p\u0159edchoz\u00ed rok \u2194 n\u00e1sleduj\u00edc\u00ed rok 2013<\/p>\n","protected":false},"author":2,"featured_media":0,"parent":809,"menu_order":6,"comment_status":"closed","ping_status":"closed","template":"","meta":{"jetpack_post_was_ever_published":false,"footnotes":""},"categories":[],"tags":[1424],"class_list":["post-840","page","type-page","status-publish","hentry","tag-denik"],"jetpack_shortlink":"https:\/\/wp.me\/P91gKE-dy","jetpack-related-posts":[{"id":843,"url":"https:\/\/tinnunculus.sy-sy.cz\/index.php\/deniky\/2013-2\/","url_meta":{"origin":840,"position":0},"title":"2013","author":"Zuzana Syrov\u00e1 An\u00fd\u017eov\u00e1","date":"04\/08\/2017","format":false,"excerpt":"2012 p\u0159edchoz\u00ed rok \u2194 n\u00e1sleduj\u00edc\u00ed rok 2014 2013\/03\/06 - instalace a spu\u0161t\u011bn\u00ed kamer 2013\/03\/07 - sami\u010dka p\u0159esp\u00e1v\u00e1 v lod\u017eii; po\u0161tolka na bid\u00fdlku (12:00-13:00) 2013\/03\/10 - sami\u010dka zah\u00e1n\u00ed holuba u hn\u00edzda (07:58); objevuje se same\u010dek (10:04) 2013\/03\/14 - same\u010dek p\u0159il\u00e9t\u00e1 za sami\u010dkou na bid\u00fdlko 2013\/03\/30 - poprv\u00e9 na hn\u00edzd\u011b: sami\u010dka r\u00e1no\u2026","rel":"","context":"V \u201eden\u00edk\u201c","block_context":{"text":"den\u00edk","link":"https:\/\/tinnunculus.sy-sy.cz\/index.php\/tag\/denik\/"},"img":{"alt_text":"","src":"https:\/\/i0.wp.com\/tinnunculus.sy-sy.cz\/wp-content\/uploads\/2024\/03\/P1150504-scaled-e1772796214136-1024x577.jpg?resize=350%2C200&ssl=1","width":350,"height":200,"srcset":"https:\/\/i0.wp.com\/tinnunculus.sy-sy.cz\/wp-content\/uploads\/2024\/03\/P1150504-scaled-e1772796214136-1024x577.jpg?resize=350%2C200&ssl=1 1x, https:\/\/i0.wp.com\/tinnunculus.sy-sy.cz\/wp-content\/uploads\/2024\/03\/P1150504-scaled-e1772796214136-1024x577.jpg?resize=525%2C300&ssl=1 1.5x"},"classes":[]},{"id":834,"url":"https:\/\/tinnunculus.sy-sy.cz\/index.php\/deniky\/2011-2\/","url_meta":{"origin":840,"position":1},"title":"2011","author":"Zuzana Syrov\u00e1 An\u00fd\u017eov\u00e1","date":"04\/08\/2017","format":false,"excerpt":"2010 p\u0159edchoz\u00ed rok \u2194 n\u00e1sleduj\u00edc\u00ed rok 2012 2011\/02\/04 - same\u010dek na z\u00e1bradl\u00ed (16:30) a na bid\u00fdlku (16:38) 2011\/02\/05 - same\u010dek na bid\u00fdlku (16:30) 2011\/02\/09 - same\u010dek a sami\u010dka v lod\u017eii 2011\/02\/12 - nov\u00e1 podest\u00fdlka 2011\/03\/04 - pokus o p\u00e1\u0159en\u00ed na z\u00e1bradl\u00ed (10:43) 2011\/03\/08 - sami\u010dka zah\u00e1n\u00ed holuby a hon\u00ed havrany\u2026","rel":"","context":"V \u201eden\u00edk\u201c","block_context":{"text":"den\u00edk","link":"https:\/\/tinnunculus.sy-sy.cz\/index.php\/tag\/denik\/"},"img":{"alt_text":"","src":"https:\/\/i0.wp.com\/tinnunculus.sy-sy.cz\/wp-content\/uploads\/2024\/03\/DSC_1829-1024x681.jpg?resize=350%2C200&ssl=1","width":350,"height":200,"srcset":"https:\/\/i0.wp.com\/tinnunculus.sy-sy.cz\/wp-content\/uploads\/2024\/03\/DSC_1829-1024x681.jpg?resize=350%2C200&ssl=1 1x, https:\/\/i0.wp.com\/tinnunculus.sy-sy.cz\/wp-content\/uploads\/2024\/03\/DSC_1829-1024x681.jpg?resize=525%2C300&ssl=1 1.5x"},"classes":[]},{"id":806,"url":"https:\/\/tinnunculus.sy-sy.cz\/index.php\/historie-mysi\/","url_meta":{"origin":840,"position":2},"title":"Historie my\u0161\u00ed","author":"Zuzana Syrov\u00e1 An\u00fd\u017eov\u00e1","date":"04\/08\/2017","format":false,"excerpt":"2009\/05\/30 - zakoupen v Hornbachu (cca 16:00) prvn\u00ed Zu\u0159iv\u00fd Roland - sami\u010dka Rolanda 2011\/05\/31 - um\u0159ela Rolanda 2011\/07\/06 - zakoupen Rolandek - same\u010dek, zvan\u00fd pozd\u011bji t\u00e9\u017e Raklet\u00edk neb Krupn\u00edk, ve Va\u0148kovce 2011\/10\/19 - Roland u pan\u00ed veterin\u00e1\u0159ky 2011\/10\/31 - Roland u pan\u00ed veterin\u00e1\u0159ky (kou\u0161e) 2012\/10\/02 - um\u0159el Rolandek 2012\/10\/03 -\u2026","rel":"","context":"V \u201eMy\u0161\u201c","block_context":{"text":"My\u0161","link":"https:\/\/tinnunculus.sy-sy.cz\/index.php\/category\/ostatni-zvirena\/savec\/mys-cs\/"},"img":{"alt_text":"","src":"https:\/\/i0.wp.com\/tinnunculus.sy-sy.cz\/wp-content\/uploads\/2024\/03\/P1370792u1-1024x698.jpg?resize=350%2C200&ssl=1","width":350,"height":200,"srcset":"https:\/\/i0.wp.com\/tinnunculus.sy-sy.cz\/wp-content\/uploads\/2024\/03\/P1370792u1-1024x698.jpg?resize=350%2C200&ssl=1 1x, https:\/\/i0.wp.com\/tinnunculus.sy-sy.cz\/wp-content\/uploads\/2024\/03\/P1370792u1-1024x698.jpg?resize=525%2C300&ssl=1 1.5x"},"classes":[]},{"id":10186,"url":"https:\/\/tinnunculus.sy-sy.cz\/index.php\/deniky\/2020-2\/","url_meta":{"origin":840,"position":3},"title":"2020","author":"Zuzana Syrov\u00e1 An\u00fd\u017eov\u00e1","date":"29\/12\/2019","format":false,"excerpt":"2019\u00a0 p\u0159edchoz\u00ed rok \u2194 n\u00e1sleduj\u00edc\u00ed rok 2021 2020\/01\/01 - po\u0161tol\u010d\u00ed sami\u010dka vypla\u0161en\u00e1 p\u0159edchoz\u00ed ve\u010der silvestrovsk\u00fdmi petardami p\u0159il\u00e9t\u00e1 spolu se same\u010dkem na rann\u00ed inspekci (7:41\u20137:45); objevuj\u00ed se pak n\u011bkolikr\u00e1t za den a ve\u010der sami\u010dka op\u011bt p\u0159il\u00e9t\u00e1 na noc 2020\/01\/02 - po\u0161tol\u010d\u00ed sami\u010dka si p\u0159in\u00e1\u0161\u00ed do lod\u017eie hrabo\u0161e (9:12) 2020\/01\/06 - same\u010dek\u2026","rel":"","context":"V \u201eden\u00edk\u201c","block_context":{"text":"den\u00edk","link":"https:\/\/tinnunculus.sy-sy.cz\/index.php\/tag\/denik\/"},"img":{"alt_text":"","src":"https:\/\/i0.wp.com\/tinnunculus.sy-sy.cz\/wp-content\/uploads\/2020\/01\/20200101_08-20-38uprav-1024x677.jpg?resize=350%2C200&ssl=1","width":350,"height":200,"srcset":"https:\/\/i0.wp.com\/tinnunculus.sy-sy.cz\/wp-content\/uploads\/2020\/01\/20200101_08-20-38uprav-1024x677.jpg?resize=350%2C200&ssl=1 1x, https:\/\/i0.wp.com\/tinnunculus.sy-sy.cz\/wp-content\/uploads\/2020\/01\/20200101_08-20-38uprav-1024x677.jpg?resize=525%2C300&ssl=1 1.5x"},"classes":[]},{"id":13997,"url":"https:\/\/tinnunculus.sy-sy.cz\/index.php\/deniky\/2021-2\/","url_meta":{"origin":840,"position":4},"title":"2021","author":"Zuzana Syrov\u00e1 An\u00fd\u017eov\u00e1","date":"30\/11\/2020","format":false,"excerpt":"2020\u00a0 p\u0159edchoz\u00ed rok \u2194 n\u00e1sleduj\u00edc\u00ed rok 2022\u00a0 2021\/01\/01 \u2013 po\u0161tol\u010d\u00ed sami\u010dka vypla\u0161en\u00e1 o p\u016flnoci silvestrovsk\u00fdmi petardami p\u0159il\u00e9t\u00e1 a\u017e odpoledne (14:35); same\u010dek se objevuje vz\u00e1p\u011bt\u00ed za n\u00ed (14:54) 2021\/01\/10 - po\u0161tol\u010d\u00ed sami\u010dka se po p\u0159\u00edletu na noc (16:40) uchyluje do police pod stropem u dve\u0159\u00ed, kde vydr\u017e\u00ed a\u017e do 19:02 2021\/01\/26\u2026","rel":"","context":"V \u201eden\u00edk\u201c","block_context":{"text":"den\u00edk","link":"https:\/\/tinnunculus.sy-sy.cz\/index.php\/tag\/denik\/"},"img":{"alt_text":"","src":"https:\/\/i0.wp.com\/tinnunculus.sy-sy.cz\/wp-content\/uploads\/2021\/03\/20210331-1322037018-1024x576.jpg?resize=350%2C200&ssl=1","width":350,"height":200,"srcset":"https:\/\/i0.wp.com\/tinnunculus.sy-sy.cz\/wp-content\/uploads\/2021\/03\/20210331-1322037018-1024x576.jpg?resize=350%2C200&ssl=1 1x, https:\/\/i0.wp.com\/tinnunculus.sy-sy.cz\/wp-content\/uploads\/2021\/03\/20210331-1322037018-1024x576.jpg?resize=525%2C300&ssl=1 1.5x"},"classes":[]},{"id":16605,"url":"https:\/\/tinnunculus.sy-sy.cz\/index.php\/deniky\/2022-2\/","url_meta":{"origin":840,"position":5},"title":"2022","author":"Zuzana Syrov\u00e1 An\u00fd\u017eov\u00e1","date":"15\/06\/2021","format":false,"excerpt":"2021 \u00a0 p\u0159edchoz\u00ed rok \u2194 n\u00e1sleduj\u00edc\u00ed rok 2023 2022\/01\/01 - o silvestrovsk\u00e9 noci se po\u0161tol\u010d\u00ed sami\u010dka nenech\u00e1v\u00e1 zapla\u0161it a na rozd\u00edl od same\u010dka vydr\u017e\u00ed na bid\u00fdlku a\u017e do r\u00e1na 2022\/01\/04 - ve\u010der p\u0159il\u00e9t\u00e1 ciz\u00ed po\u0161tolka; je zahn\u00e1na same\u010dkem (16:30) 2022\/01\/16 - ve\u010der same\u010dek p\u0159in\u00e1\u0161\u00ed do lod\u017eie hrabo\u0161e a konzumuje ho\u2026","rel":"","context":"V \u201eden\u00edk\u201c","block_context":{"text":"den\u00edk","link":"https:\/\/tinnunculus.sy-sy.cz\/index.php\/tag\/denik\/"},"img":{"alt_text":"","src":"https:\/\/i0.wp.com\/tinnunculus.sy-sy.cz\/wp-content\/uploads\/2022\/03\/20220319_07-46-25-1024x576.jpg?resize=350%2C200&ssl=1","width":350,"height":200,"srcset":"https:\/\/i0.wp.com\/tinnunculus.sy-sy.cz\/wp-content\/uploads\/2022\/03\/20220319_07-46-25-1024x576.jpg?resize=350%2C200&ssl=1 1x, https:\/\/i0.wp.com\/tinnunculus.sy-sy.cz\/wp-content\/uploads\/2022\/03\/20220319_07-46-25-1024x576.jpg?resize=525%2C300&ssl=1 1.5x"},"classes":[]}],"jetpack_sharing_enabled":true,"_links":{"self":[{"href":"https:\/\/tinnunculus.sy-sy.cz\/index.php\/wp-json\/wp\/v2\/pages\/840","targetHints":{"allow":["GET"]}}],"collection":[{"href":"https:\/\/tinnunculus.sy-sy.cz\/index.php\/wp-json\/wp\/v2\/pages"}],"about":[{"href":"https:\/\/tinnunculus.sy-sy.cz\/index.php\/wp-json\/wp\/v2\/types\/page"}],"author":[{"embeddable":true,"href":"https:\/\/tinnunculus.sy-sy.cz\/index.php\/wp-json\/wp\/v2\/users\/2"}],"replies":[{"embeddable":true,"href":"https:\/\/tinnunculus.sy-sy.cz\/index.php\/wp-json\/wp\/v2\/comments?post=840"}],"version-history":[{"count":3,"href":"https:\/\/tinnunculus.sy-sy.cz\/index.php\/wp-json\/wp\/v2\/pages\/840\/revisions"}],"predecessor-version":[{"id":33693,"href":"https:\/\/tinnunculus.sy-sy.cz\/index.php\/wp-json\/wp\/v2\/pages\/840\/revisions\/33693"}],"up":[{"embeddable":true,"href":"https:\/\/tinnunculus.sy-sy.cz\/index.php\/wp-json\/wp\/v2\/pages\/809"}],"wp:attachment":[{"href":"https:\/\/tinnunculus.sy-sy.cz\/index.php\/wp-json\/wp\/v2\/media?parent=840"}],"wp:term":[{"taxonomy":"category","embeddable":true,"href":"https:\/\/tinnunculus.sy-sy.cz\/index.php\/wp-json\/wp\/v2\/categories?post=840"},{"taxonomy":"post_tag","embeddable":true,"href":"https:\/\/tinnunculus.sy-sy.cz\/index.php\/wp-json\/wp\/v2\/tags?post=840"}],"curies":[{"name":"wp","href":"https:\/\/api.w.org\/{rel}","templated":true}]}}