{"id":834,"date":"2017-08-04T17:55:35","date_gmt":"2017-08-04T15:55:35","guid":{"rendered":"http:\/\/tinnunculus.sy-sy.cz\/?page_id=834"},"modified":"2024-03-23T12:14:32","modified_gmt":"2024-03-23T11:14:32","slug":"2011-2","status":"publish","type":"page","link":"https:\/\/tinnunculus.sy-sy.cz\/index.php\/deniky\/2011-2\/","title":{"rendered":"2011"},"content":{"rendered":"<p><img data-recalc-dims=\"1\" loading=\"lazy\" decoding=\"async\" data-attachment-id=\"32233\" data-permalink=\"https:\/\/tinnunculus.sy-sy.cz\/index.php\/deniky\/2011-2\/dsc_1829\/\" data-orig-file=\"https:\/\/i0.wp.com\/tinnunculus.sy-sy.cz\/wp-content\/uploads\/2024\/03\/DSC_1829-scaled-e1709478664795.jpg?fit=1038%2C690&amp;ssl=1\" data-orig-size=\"1038,690\" data-comments-opened=\"1\" data-image-meta=\"{&quot;aperture&quot;:&quot;5&quot;,&quot;credit&quot;:&quot;&quot;,&quot;camera&quot;:&quot;NIKON D70&quot;,&quot;caption&quot;:&quot;&quot;,&quot;created_timestamp&quot;:&quot;1307773537&quot;,&quot;copyright&quot;:&quot;&quot;,&quot;focal_length&quot;:&quot;125&quot;,&quot;iso&quot;:&quot;0&quot;,&quot;shutter_speed&quot;:&quot;0.0025&quot;,&quot;title&quot;:&quot;&quot;,&quot;orientation&quot;:&quot;1&quot;}\" data-image-title=\"DSC_1829\" data-image-description=\"\" data-image-caption=\"\" data-large-file=\"https:\/\/i0.wp.com\/tinnunculus.sy-sy.cz\/wp-content\/uploads\/2024\/03\/DSC_1829-scaled-e1709478664795.jpg?fit=525%2C349&amp;ssl=1\" class=\"aligncenter wp-image-32233 size-large\" src=\"https:\/\/i0.wp.com\/tinnunculus.sy-sy.cz\/wp-content\/uploads\/2024\/03\/DSC_1829.jpg?resize=525%2C349&#038;ssl=1\" alt=\"\" width=\"525\" height=\"349\" \/><\/p>\n<div class=\"article-main-content\">\n<div class=\"article-content\">\n<p style=\"text-align: center;\"><em><a title=\"hn\u00edzdn\u00ed sez\u00f3na 2010\" href=\"https:\/\/tinnunculus.sy-sy.cz\/index.php\/deniky\/2010-2\/\">2010<\/a> <\/em><em>p\u0159edchoz\u00ed rok \u2194 n\u00e1sleduj\u00edc\u00ed rok <a title=\"hn\u00edzdn\u00ed sez\u00f3na 2012\" href=\"https:\/\/tinnunculus.sy-sy.cz\/index.php\/deniky\/2012-2\/\">2012<\/a><\/em><\/p>\n<p><!--more--><\/p>\n<ul>\n<li>2011\/02\/04 &#8211; same\u010dek na z\u00e1bradl\u00ed (16:30) a&nbsp;na bid\u00fdlku (16:38)<\/li>\n<li>2011\/02\/05 &#8211; same\u010dek na bid\u00fdlku (16:30)<\/li>\n<li>2011\/02\/09 &#8211; same\u010dek a&nbsp;sami\u010dka v&nbsp;lod\u017eii<\/li>\n<li>2011\/02\/12 &#8211; nov\u00e1 podest\u00fdlka<\/li>\n<li>2011\/03\/04 &#8211; pokus o&nbsp;p\u00e1\u0159en\u00ed na z\u00e1bradl\u00ed (10:43)<\/li>\n<li>2011\/03\/08 &#8211; sami\u010dka zah\u00e1n\u00ed holuby a&nbsp;hon\u00ed havrany<\/li>\n<li>2011\/03\/11 &#8211; instalace a&nbsp;spu\u0161t\u011bn\u00ed kamer<\/li>\n<li>2011\/03\/12 &#8211; p\u00e1\u0159en\u00ed (6:50)<\/li>\n<li>2011\/03\/13 &#8211; souboj sami\u010dek<\/li>\n<li>2011\/03\/14 &#8211; same\u010dek p\u0159in\u00e1\u0161\u00ed my\u0161e (10:30); obletuje vet\u0159elec a&nbsp;je zahn\u00e1n (11:40)<\/li>\n<li>2011\/03\/16 &#8211; sami\u010dka zah\u00e1n\u00ed holuby (12:35)<\/li>\n<li>2011\/03\/23 &#8211; ciz\u00ed same\u010dek (8:12, 09:19)<\/li>\n<li>2011\/04\/05 &#8211; vet\u0159elec (12:50, 16:40)<\/li>\n<li><strong>2011\/04\/09<\/strong> &#8211; prvn\u00ed vejce (12:34)<\/li>\n<li><strong>2011\/04\/11<\/strong> &#8211; druh\u00e9 vejce (13:33)<\/li>\n<li><strong>2011\/04\/13<\/strong> &#8211; obl\u00e9t\u00e1v\u00e1 vet\u0159elec (06:22); t\u0159et\u00ed vejce (14:58)<\/li>\n<li><strong>2011\/04\/16<\/strong> &#8211; \u010dtvrt\u00e9 vejce (08:04); za\u010d\u00edn\u00e1 sezen\u00ed<\/li>\n<li><strong>2011\/04\/18<\/strong> &#8211; p\u00e1t\u00e9 vejce (10:10)<\/li>\n<li>2011\/05\/05 &#8211; vyhn\u00e1n\u00ed holub\u016f (20:43)<\/li>\n<li><strong>2011\/05\/14<\/strong> &#8211; prvn\u00ed po\u0161tol\u010de (09:06); prvn\u00ed krmen\u00ed (10:51); druh\u00e9 po\u0161tol\u010de (12:40)<\/li>\n<li><strong>2011\/05\/15<\/strong> &#8211; prvn\u00ed krmen\u00ed \u010dty\u0159 po\u0161tol\u010dat (06:41); prvn\u00ed krmen\u00ed p\u011bti po\u0161tol\u010dat (14:49)<\/li>\n<li>2011\/05\/19 &#8211; sami\u010dka zah\u0159\u00edv\u00e1 po\u0161tol\u010data u\u017e jen podle teploty<\/li>\n<li>2011\/05\/21 &#8211; sami\u010dka zah\u0159\u00edv\u00e1 po\u0161tol\u010data je\u0161t\u011b p\u0159es noc<\/li>\n<li>2011\/05\/25 &#8211; sami\u010dka p\u0159est\u00e1v\u00e1 zah\u0159\u00edvat po\u0161tol\u010data p\u0159es noc<\/li>\n<li>2011\/05\/27 &#8211; prvn\u00ed po\u0161tol\u010de v&nbsp;truhl\u00edku (08:06)<\/li>\n<li>2011\/05\/28 &#8211; same\u010dek nezv\u011btn\u00fd od 10:00 do druh\u00e9ho dne 09:19<\/li>\n<li>2011\/05\/29 &#8211; dv\u011b po\u0161tol\u010data poprv\u00e9 v&nbsp;bed\u00fdnce za my\u0161\u00ed (09:09)<\/li>\n<li>2011\/05\/30 &#8211; po\u0161tol\u010de samo v&nbsp;bed\u00fdnce (12:05)<\/li>\n<li>2011\/06\/03 &#8211; po\u0161tol\u010de p\u0159ed bed\u00fdnkou (9:03); p\u0159ed truhl\u00edkem (9:30)<\/li>\n<li>2011\/06\/04 &#8211; prvn\u00ed po\u0161tol\u010de zdol\u00e1v\u00e1 ucho bed\u00fdnky<\/li>\n<li>2011\/06\/05 &#8211; prvn\u00ed po\u0161tol\u010de u&nbsp;dve\u0159\u00ed do lod\u017eie (9:26); v\u0161echna po\u0161tol\u010data venku z&nbsp;hn\u00edzda i&nbsp;bed\u00fdnky<\/li>\n<li>2011\/06\/08 &#8211; prvn\u00ed po\u0161tol\u010de na plas\u0165\u00e1ku<\/li>\n<li>2011\/06\/11 &#8211; prvn\u00ed po\u0161tol\u010de na sk\u0159\u00ed\u0148ce a&nbsp;z\u00e1bradl\u00ed (19:20)<\/li>\n<li>2011\/06\/14 &#8211; po\u0161tol\u010data p\u0159esp\u00e1vaj\u00ed v&nbsp;bed\u00fdnce<\/li>\n<li>2011\/06\/15 &#8211; prvn\u00ed po\u0161tol\u010de vyl\u00e9tlo z&nbsp;lod\u017eie<\/li>\n<li>2011\/06\/16 &#8211; v\u0161echna po\u0161tol\u010deta podnikaj\u00ed v\u00fdlety z&nbsp;lod\u017eie; ve\u010der v\u0161ech p\u011bt zp\u00e1tky (18:30), po\u0161tol\u010data vyl\u00e9taj\u00ed na bid\u00fdlka a&nbsp;poprv\u00e9 sp\u00ed naho\u0159e (20:30 &#8211; 4:00)<\/li>\n<li>2011\/06\/27 &#8211; po\u0161tol\u010data naposledy v\u0161echna p\u0159esp\u00e1vaj\u00ed na bid\u00fdlk\u00e1ch<\/li>\n<li>2011\/06\/28 &#8211; ve\u010der u\u017e jen dv\u011b po\u0161tol\u010data na bid\u00fdlk\u00e1ch<\/li>\n<li>2011\/07\/11 &#8211; same\u010dek upravuje hn\u00edzdo (8:00)<\/li>\n<li>2011\/10\/19 &#8211; sami\u010dka naposledy p\u0159esp\u00e1v\u00e1<\/li>\n<li>2011\/10\/20 &#8211; same\u010dek naposledy p\u0159esp\u00e1v\u00e1<\/li>\n<li>2011\/12\/04 &#8211; po\u0161tolka na bid\u00fdlku<\/li>\n<li>2011\/12\/10 &#8211; vypnut\u00ed a&nbsp;zazimov\u00e1n\u00ed kamer<\/li>\n<\/ul>\n<p align=\"center\">Aktu\u00e1ln\u00ed d\u011bn\u00ed je mo\u017eno sledovat\u00a0<a href=\"https:\/\/tinnunculus.sy-sy.cz\/index.php\/v-primem-prenosu\/\" target=\"_blank\" rel=\"noopener noreferrer\">zde<\/a>.<br \/>\nFoto a&nbsp;videoarchiv\u00a0<a href=\"https:\/\/photo.sy-sy.cz\/photo\/?t=Albums\/album_706f73746f6c65\/album_706f73746f6c652f32303131#Albums\/album_706f73746f6c65\/album_706f73746f6c652f32303131\" target=\"_blank\" rel=\"noopener\">2011<\/a>.<br \/>\nRok\u00a0<a href=\"https:\/\/tinnunculus.sy-sy.cz\/index.php\/deniky\/2011-2\/sezona-2011\/\">2011<\/a>\u00a0v\u00a0Bloku (aneb blogu, bloku \u010dili z\u00e1pisn\u00edku).<\/p>\n<p align=\"center\"><em><a title=\"hn\u00edzdn\u00ed sez\u00f3na 2010\" href=\"https:\/\/tinnunculus.sy-sy.cz\/index.php\/deniky\/2010-2\/\">2010<\/a> <\/em><em>p\u0159edchoz\u00ed rok \u2194 n\u00e1sleduj\u00edc\u00ed rok <a title=\"hn\u00edzdn\u00ed sez\u00f3na 2012\" href=\"https:\/\/tinnunculus.sy-sy.cz\/index.php\/deniky\/2012-2\/\">2012<\/a><\/em><\/p>\n<p>Pozn.: Z\u00e1kladn\u00ed informace o&nbsp;historii po\u0161tol\u010d\u00edho hn\u00edzda a&nbsp;pr\u016fb\u011bhu po\u0161tol\u010d\u00edho roku v&nbsp;lod\u017eii poskytuje \u010dl\u00e1nek <em><a title=\"O po\u0161tolk\u00e1ch aneb historie hn\u00edzda\" href=\"https:\/\/tinnunculus.sy-sy.cz\/index.php\/2013\/05\/24\/o-postolkach-aneb-historie-hnizda\/\">O po\u0161tolk\u00e1ch aneb historie hn\u00edzda<\/a>.<\/em><\/p>\n<p>Jak\u00e9 po\u010das\u00ed prov\u00e1zelo sez\u00f3nu 2011 lze nahl\u00e9dnout v&nbsp;historick\u00fdch ro\u010dn\u00edch a&nbsp;m\u011bs\u00ed\u010dn\u00edch datech <em><a href=\"https:\/\/tinnunculus.sy-sy.cz\/index.php\/pocasi-u-nas\/archiv-pocasi\/pocasi-2011\/\" rel=\"noopener noreferrer\">zde<\/a><\/em>.<\/p>\n<\/div>\n<\/div>\n","protected":false},"excerpt":{"rendered":"<p>2010 p\u0159edchoz\u00ed rok \u2194 n\u00e1sleduj\u00edc\u00ed rok 2012<\/p>\n","protected":false},"author":2,"featured_media":0,"parent":809,"menu_order":5,"comment_status":"closed","ping_status":"closed","template":"","meta":{"jetpack_post_was_ever_published":false,"footnotes":""},"categories":[],"tags":[1424],"class_list":["post-834","page","type-page","status-publish","hentry","tag-denik"],"jetpack_shortlink":"https:\/\/wp.me\/P91gKE-ds","jetpack-related-posts":[{"id":840,"url":"https:\/\/tinnunculus.sy-sy.cz\/index.php\/deniky\/2012-2\/","url_meta":{"origin":834,"position":0},"title":"2012","author":"Zuzana Syrov\u00e1 An\u00fd\u017eov\u00e1","date":"04\/08\/2017","format":false,"excerpt":"2011 p\u0159edchoz\u00ed rok \u2194 n\u00e1sleduj\u00edc\u00ed rok 2013 2012\/01\/10 - same\u010dek na kontroln\u00ed obhl\u00eddce lod\u017eie 2012\/01\/18 - po\u0161tolky v ulici a v lod\u017eii; objevuj\u00ed se n\u011bkolik dn\u00ed a p\u0159esp\u00e1vaj\u00ed 2012\/01\/25 - sami\u010dka na bid\u00fdlku (08:30), pak oba miz\u00ed 2012\/02\/02 - po\u0161tolky se op\u011bt vracej\u00ed do lod\u017eie; pot\u00e9 ji\u017e prakticky ka\u017edodenn\u011b 2012\/02\/21\u2026","rel":"","context":"V \u201eden\u00edk\u201c","block_context":{"text":"den\u00edk","link":"https:\/\/tinnunculus.sy-sy.cz\/index.php\/tag\/denik\/"},"img":{"alt_text":"","src":"https:\/\/i0.wp.com\/tinnunculus.sy-sy.cz\/wp-content\/uploads\/2024\/03\/P1090073-scaled-e1709478270148-1024x577.jpg?resize=350%2C200&ssl=1","width":350,"height":200,"srcset":"https:\/\/i0.wp.com\/tinnunculus.sy-sy.cz\/wp-content\/uploads\/2024\/03\/P1090073-scaled-e1709478270148-1024x577.jpg?resize=350%2C200&ssl=1 1x, https:\/\/i0.wp.com\/tinnunculus.sy-sy.cz\/wp-content\/uploads\/2024\/03\/P1090073-scaled-e1709478270148-1024x577.jpg?resize=525%2C300&ssl=1 1.5x"},"classes":[]},{"id":829,"url":"https:\/\/tinnunculus.sy-sy.cz\/index.php\/deniky\/2010-2\/","url_meta":{"origin":834,"position":1},"title":"2010","author":"Zuzana Syrov\u00e1 An\u00fd\u017eov\u00e1","date":"04\/08\/2017","format":false,"excerpt":"2009 p\u0159edchoz\u00ed rok \u2194 n\u00e1sleduj\u00edc\u00ed rok 2011 2010\/02\/28 - same\u010dek i sami\u010dka v lod\u017eii a na z\u00e1bradl\u00ed 2010\/03\/20 - po\u0161tolky se vracej\u00ed 2010\/03\/29 - souboj sami\u010dky s ciz\u00ed po\u0161tol\u00ed 2010\/04\/01 - sami\u010dka op\u011bt zah\u00e1n\u00ed ciz\u00ed po\u0161tolku (ta m\u00e1 z\u00e1jem p\u0159edev\u0161\u00edm o same\u010dkovy my\u0161e) 2010\/04\/05 - same\u010dek p\u0159esouv\u00e1 lo\u0148sk\u00e9 vejce do\u2026","rel":"","context":"V \u201eden\u00edk\u201c","block_context":{"text":"den\u00edk","link":"https:\/\/tinnunculus.sy-sy.cz\/index.php\/tag\/denik\/"},"img":{"alt_text":"","src":"https:\/\/i0.wp.com\/tinnunculus.sy-sy.cz\/wp-content\/uploads\/2024\/03\/DSC_7697-1024x681.jpg?resize=350%2C200&ssl=1","width":350,"height":200,"srcset":"https:\/\/i0.wp.com\/tinnunculus.sy-sy.cz\/wp-content\/uploads\/2024\/03\/DSC_7697-1024x681.jpg?resize=350%2C200&ssl=1 1x, https:\/\/i0.wp.com\/tinnunculus.sy-sy.cz\/wp-content\/uploads\/2024\/03\/DSC_7697-1024x681.jpg?resize=525%2C300&ssl=1 1.5x"},"classes":[]},{"id":806,"url":"https:\/\/tinnunculus.sy-sy.cz\/index.php\/historie-mysi\/","url_meta":{"origin":834,"position":2},"title":"Historie my\u0161\u00ed","author":"Zuzana Syrov\u00e1 An\u00fd\u017eov\u00e1","date":"04\/08\/2017","format":false,"excerpt":"2009\/05\/30 - zakoupen v Hornbachu (cca 16:00) prvn\u00ed Zu\u0159iv\u00fd Roland - sami\u010dka Rolanda 2011\/05\/31 - um\u0159ela Rolanda 2011\/07\/06 - zakoupen Rolandek - same\u010dek, zvan\u00fd pozd\u011bji t\u00e9\u017e Raklet\u00edk neb Krupn\u00edk, ve Va\u0148kovce 2011\/10\/19 - Roland u pan\u00ed veterin\u00e1\u0159ky 2011\/10\/31 - Roland u pan\u00ed veterin\u00e1\u0159ky (kou\u0161e) 2012\/10\/02 - um\u0159el Rolandek 2012\/10\/03 -\u2026","rel":"","context":"V \u201eMy\u0161\u201c","block_context":{"text":"My\u0161","link":"https:\/\/tinnunculus.sy-sy.cz\/index.php\/category\/ostatni-zvirena\/savec\/mys-cs\/"},"img":{"alt_text":"","src":"https:\/\/i0.wp.com\/tinnunculus.sy-sy.cz\/wp-content\/uploads\/2024\/03\/P1370792u1-1024x698.jpg?resize=350%2C200&ssl=1","width":350,"height":200,"srcset":"https:\/\/i0.wp.com\/tinnunculus.sy-sy.cz\/wp-content\/uploads\/2024\/03\/P1370792u1-1024x698.jpg?resize=350%2C200&ssl=1 1x, https:\/\/i0.wp.com\/tinnunculus.sy-sy.cz\/wp-content\/uploads\/2024\/03\/P1370792u1-1024x698.jpg?resize=525%2C300&ssl=1 1.5x"},"classes":[]},{"id":10186,"url":"https:\/\/tinnunculus.sy-sy.cz\/index.php\/deniky\/2020-2\/","url_meta":{"origin":834,"position":3},"title":"2020","author":"Zuzana Syrov\u00e1 An\u00fd\u017eov\u00e1","date":"29\/12\/2019","format":false,"excerpt":"2019\u00a0 p\u0159edchoz\u00ed rok \u2194 n\u00e1sleduj\u00edc\u00ed rok 2021 2020\/01\/01 - po\u0161tol\u010d\u00ed sami\u010dka vypla\u0161en\u00e1 p\u0159edchoz\u00ed ve\u010der silvestrovsk\u00fdmi petardami p\u0159il\u00e9t\u00e1 spolu se same\u010dkem na rann\u00ed inspekci (7:41\u20137:45); objevuj\u00ed se pak n\u011bkolikr\u00e1t za den a ve\u010der sami\u010dka op\u011bt p\u0159il\u00e9t\u00e1 na noc 2020\/01\/02 - po\u0161tol\u010d\u00ed sami\u010dka si p\u0159in\u00e1\u0161\u00ed do lod\u017eie hrabo\u0161e (9:12) 2020\/01\/06 - same\u010dek\u2026","rel":"","context":"V \u201eden\u00edk\u201c","block_context":{"text":"den\u00edk","link":"https:\/\/tinnunculus.sy-sy.cz\/index.php\/tag\/denik\/"},"img":{"alt_text":"","src":"https:\/\/i0.wp.com\/tinnunculus.sy-sy.cz\/wp-content\/uploads\/2020\/01\/20200101_08-20-38uprav-1024x677.jpg?resize=350%2C200&ssl=1","width":350,"height":200,"srcset":"https:\/\/i0.wp.com\/tinnunculus.sy-sy.cz\/wp-content\/uploads\/2020\/01\/20200101_08-20-38uprav-1024x677.jpg?resize=350%2C200&ssl=1 1x, https:\/\/i0.wp.com\/tinnunculus.sy-sy.cz\/wp-content\/uploads\/2020\/01\/20200101_08-20-38uprav-1024x677.jpg?resize=525%2C300&ssl=1 1.5x"},"classes":[]},{"id":823,"url":"https:\/\/tinnunculus.sy-sy.cz\/index.php\/deniky\/2009-2\/","url_meta":{"origin":834,"position":4},"title":"2009","author":"Zuzana Syrov\u00e1 An\u00fd\u017eov\u00e1","date":"04\/08\/2017","format":false,"excerpt":"2008 p\u0159edchoz\u00ed rok \u2194 n\u00e1sleduj\u00edc\u00ed rok 2010 2009\/03\/18 - po\u0161tolka na z\u00e1bradl\u00ed (8:00) 2009\/03\/27 - same\u010dek se sami\u010dkou na obhl\u00eddce hn\u00edzda 2009\/03\/28 - span\u00ed na bid\u00fdlku 2009\/03\/29 - p\u00e1\u0159en\u00ed na ant\u00e9n\u011b a na bid\u00fdlku 2009\/03\/30 - nad r\u00e1nem zmizelo holoub\u011b; ciz\u00ed same\u010dek 2009\/03\/31 - same\u010dek p\u0159inesl my\u0161e (13:58) 2009\/04\/02 -\u2026","rel":"","context":"V \u201eden\u00edk\u201c","block_context":{"text":"den\u00edk","link":"https:\/\/tinnunculus.sy-sy.cz\/index.php\/tag\/denik\/"},"img":{"alt_text":"","src":"https:\/\/i0.wp.com\/tinnunculus.sy-sy.cz\/wp-content\/uploads\/2024\/03\/DSC_2834-1024x681.jpg?resize=350%2C200&ssl=1","width":350,"height":200,"srcset":"https:\/\/i0.wp.com\/tinnunculus.sy-sy.cz\/wp-content\/uploads\/2024\/03\/DSC_2834-1024x681.jpg?resize=350%2C200&ssl=1 1x, https:\/\/i0.wp.com\/tinnunculus.sy-sy.cz\/wp-content\/uploads\/2024\/03\/DSC_2834-1024x681.jpg?resize=525%2C300&ssl=1 1.5x"},"classes":[]},{"id":857,"url":"https:\/\/tinnunculus.sy-sy.cz\/index.php\/deniky\/2017-2\/","url_meta":{"origin":834,"position":5},"title":"2017","author":"Zuzana Syrov\u00e1 An\u00fd\u017eov\u00e1","date":"04\/08\/2017","format":false,"excerpt":"2016\u00a0 p\u0159edchoz\u00ed rok \u2194 n\u00e1sleduj\u00edc\u00ed rok 2018\u00a0 2017\/02\/19 - same\u010dek tik\u00e1 na z\u00e1bradl\u00ed a obhl\u00ed\u017e\u00ed lod\u017eii (11:15) 2017\/02\/21 - p\u00e1\u0159en\u00ed na z\u00e1bradl\u00ed (7:25) 2017\/02\/25 - znovuinstalov\u00e1no jedno z bid\u00fdlek u dve\u0159\u00ed 2017\/03\/01 - same\u010dek p\u0159il\u00e9t\u00e1 na bid\u00fdlko (17:14) a z\u016fst\u00e1v\u00e1 na noc 2017\/03\/02 - same\u010dek p\u0159il\u00e9t\u00e1 na bid\u00fdlko (16:51), ale\u2026","rel":"","context":"V \u201eden\u00edk\u201c","block_context":{"text":"den\u00edk","link":"https:\/\/tinnunculus.sy-sy.cz\/index.php\/tag\/denik\/"},"img":{"alt_text":"","src":"https:\/\/i0.wp.com\/tinnunculus.sy-sy.cz\/wp-content\/uploads\/2024\/03\/20170316_06-49-56a.jpg?resize=350%2C200&ssl=1","width":350,"height":200,"srcset":"https:\/\/i0.wp.com\/tinnunculus.sy-sy.cz\/wp-content\/uploads\/2024\/03\/20170316_06-49-56a.jpg?resize=350%2C200&ssl=1 1x, https:\/\/i0.wp.com\/tinnunculus.sy-sy.cz\/wp-content\/uploads\/2024\/03\/20170316_06-49-56a.jpg?resize=525%2C300&ssl=1 1.5x"},"classes":[]}],"jetpack_sharing_enabled":true,"_links":{"self":[{"href":"https:\/\/tinnunculus.sy-sy.cz\/index.php\/wp-json\/wp\/v2\/pages\/834","targetHints":{"allow":["GET"]}}],"collection":[{"href":"https:\/\/tinnunculus.sy-sy.cz\/index.php\/wp-json\/wp\/v2\/pages"}],"about":[{"href":"https:\/\/tinnunculus.sy-sy.cz\/index.php\/wp-json\/wp\/v2\/types\/page"}],"author":[{"embeddable":true,"href":"https:\/\/tinnunculus.sy-sy.cz\/index.php\/wp-json\/wp\/v2\/users\/2"}],"replies":[{"embeddable":true,"href":"https:\/\/tinnunculus.sy-sy.cz\/index.php\/wp-json\/wp\/v2\/comments?post=834"}],"version-history":[{"count":3,"href":"https:\/\/tinnunculus.sy-sy.cz\/index.php\/wp-json\/wp\/v2\/pages\/834\/revisions"}],"predecessor-version":[{"id":33692,"href":"https:\/\/tinnunculus.sy-sy.cz\/index.php\/wp-json\/wp\/v2\/pages\/834\/revisions\/33692"}],"up":[{"embeddable":true,"href":"https:\/\/tinnunculus.sy-sy.cz\/index.php\/wp-json\/wp\/v2\/pages\/809"}],"wp:attachment":[{"href":"https:\/\/tinnunculus.sy-sy.cz\/index.php\/wp-json\/wp\/v2\/media?parent=834"}],"wp:term":[{"taxonomy":"category","embeddable":true,"href":"https:\/\/tinnunculus.sy-sy.cz\/index.php\/wp-json\/wp\/v2\/categories?post=834"},{"taxonomy":"post_tag","embeddable":true,"href":"https:\/\/tinnunculus.sy-sy.cz\/index.php\/wp-json\/wp\/v2\/tags?post=834"}],"curies":[{"name":"wp","href":"https:\/\/api.w.org\/{rel}","templated":true}]}}