{"id":829,"date":"2017-08-04T17:45:15","date_gmt":"2017-08-04T15:45:15","guid":{"rendered":"http:\/\/tinnunculus.sy-sy.cz\/?page_id=829"},"modified":"2024-03-23T12:13:43","modified_gmt":"2024-03-23T11:13:43","slug":"2010-2","status":"publish","type":"page","link":"https:\/\/tinnunculus.sy-sy.cz\/index.php\/deniky\/2010-2\/","title":{"rendered":"2010"},"content":{"rendered":"<p><img data-recalc-dims=\"1\" loading=\"lazy\" decoding=\"async\" data-attachment-id=\"32239\" data-permalink=\"https:\/\/tinnunculus.sy-sy.cz\/index.php\/deniky\/2010-2\/dsc_7697-2\/\" data-orig-file=\"https:\/\/i0.wp.com\/tinnunculus.sy-sy.cz\/wp-content\/uploads\/2024\/03\/DSC_7697-scaled-e1709479332642.jpg?fit=1038%2C690&amp;ssl=1\" data-orig-size=\"1038,690\" data-comments-opened=\"1\" data-image-meta=\"{&quot;aperture&quot;:&quot;5.6&quot;,&quot;credit&quot;:&quot;Zuzana Syrov\\u00e1&quot;,&quot;camera&quot;:&quot;NIKON D70&quot;,&quot;caption&quot;:&quot;&quot;,&quot;created_timestamp&quot;:&quot;1274781369&quot;,&quot;copyright&quot;:&quot;&quot;,&quot;focal_length&quot;:&quot;75&quot;,&quot;iso&quot;:&quot;0&quot;,&quot;shutter_speed&quot;:&quot;0.008&quot;,&quot;title&quot;:&quot;&quot;,&quot;orientation&quot;:&quot;1&quot;}\" data-image-title=\"DSC_7697\" data-image-description=\"\" data-image-caption=\"\" data-large-file=\"https:\/\/i0.wp.com\/tinnunculus.sy-sy.cz\/wp-content\/uploads\/2024\/03\/DSC_7697-scaled-e1709479332642.jpg?fit=525%2C349&amp;ssl=1\" class=\"aligncenter wp-image-32239 size-large\" src=\"https:\/\/i0.wp.com\/tinnunculus.sy-sy.cz\/wp-content\/uploads\/2024\/03\/DSC_7697.jpg?resize=525%2C349&#038;ssl=1\" alt=\"\" width=\"525\" height=\"349\" \/><\/p>\n<p style=\"text-align: center;\"><em><a title=\"hn\u00edzdn\u00ed sez\u00f3na 2009\" href=\"https:\/\/tinnunculus.sy-sy.cz\/index.php\/deniky\/2009-2\/\">2009<\/a> <\/em><em>p\u0159edchoz\u00ed rok \u2194 n\u00e1sleduj\u00edc\u00ed rok <a title=\"hn\u00edzdn\u00ed sez\u00f3na 2011\" href=\"https:\/\/tinnunculus.sy-sy.cz\/index.php\/deniky\/2011-2\/\">2011<\/a><\/em><\/p>\n<p><!--more--><\/p>\n<ul>\n<li>2010\/02\/28 &#8211; same\u010dek i&nbsp;sami\u010dka v&nbsp;lod\u017eii a&nbsp;na z\u00e1bradl\u00ed<\/li>\n<li>2010\/03\/20 &#8211; po\u0161tolky se vracej\u00ed<\/li>\n<li>2010\/03\/29 &#8211; souboj sami\u010dky s&nbsp;ciz\u00ed po\u0161tol\u00ed<\/li>\n<li>2010\/04\/01 &#8211; sami\u010dka op\u011bt zah\u00e1n\u00ed ciz\u00ed po\u0161tolku (ta m\u00e1 z\u00e1jem p\u0159edev\u0161\u00edm o&nbsp;same\u010dkovy my\u0161e)<\/li>\n<li>2010\/04\/05 &#8211; same\u010dek p\u0159esouv\u00e1 lo\u0148sk\u00e9 vejce do hn\u00edzdn\u00edho d\u016flku<\/li>\n<li>2010\/04\/06 &#8211; 09 &#8211; op\u011bt vet\u0159elci<\/li>\n<li>2010\/04\/09 &#8211; vyl\u00e9zaj\u00ed hadi a&nbsp;\u0161t\u00ed\u0159i &#8211; same\u010dek za\u010d\u00edn\u00e1 nosit je\u0161t\u011brky<\/li>\n<li><strong>2010\/04\/12<\/strong> &#8211; po&nbsp;6 hodin\u011b sneseno prvn\u00ed vejce<\/li>\n<li><strong>2010\/04\/14<\/strong> &#8211; kolem 9 hodiny sneseno druh\u00e9 vejce<\/li>\n<li>2010\/04\/15 &#8211; same\u010dek likviduje lo\u0148sk\u00e9 vejce<\/li>\n<li><strong>2010\/04\/16<\/strong> &#8211; sneseno t\u0159et\u00ed vejce (9:30)<\/li>\n<li><strong>2010\/04\/18<\/strong> &#8211; \u010dtvrt\u00e9 vejce (p\u0159ed 11:00)<\/li>\n<li><strong>2010\/04\/20<\/strong> &#8211; zahn\u00e1na ciz\u00ed po\u0161tolka (p\u0159ed 13:00); sneseno p\u00e1t\u00e9 vejce (15:45 &#8211; 18:00)<\/li>\n<li><strong>2010\/04\/22<\/strong> &#8211; \u0161est\u00e9 vejce (po&nbsp;20:00)<\/li>\n<li>2010\/05\/04 &#8211; 05 &#8211; vyru\u0161uje ciz\u00ed same\u010dek<\/li>\n<li>2010\/05\/06 &#8211; pro zm\u011bnu ciz\u00ed sami\u010dka<\/li>\n<li><strong>2010\/05\/17<\/strong> &#8211; vyl\u00edhlo se prvn\u00ed po\u0161tol\u010de (p\u0159ed 11:26); prvn\u00ed krmen\u00ed (12:50); druh\u00e9 po\u0161tol\u010de (p\u0159ed 15:19), t\u0159et\u00ed po\u0161tol\u010de (p\u0159ed 18:19)<\/li>\n<li><strong>2010\/05\/18<\/strong> &#8211; vyklubalo se \u010dtvrt\u00e9 po\u0161tol\u010de (p\u0159ed 8:39);p\u00e1t\u00e9 po\u0161tol\u010de (12:57)<\/li>\n<li><strong>2010\/05\/20<\/strong> &#8211; v&nbsp;dob\u011b krmen\u00ed se klube \u0161est\u00e9 po\u0161tol\u010de (8:07)<\/li>\n<li>2010\/05\/26 &#8211; same\u010dek poprv\u00e9 krm\u00ed po\u0161tol\u010data (zvl\u00e1\u0161t\u011b nejmlad\u0161\u00ed a&nbsp;nejstar\u0161\u00ed)<\/li>\n<li>2010\/05\/28 &#8211; sami\u010dka p\u0159in\u00e1\u0161\u00ed po\u0161tol\u010dat\u016fm kosa, snad toho, co se j\u00ed ji\u017e del\u0161\u00ed dobu denn\u011b vysm\u00edval na z\u00e1bradl\u00ed; sami\u010dka p\u0159etahuje zatoulan\u00e9 nejmlad\u0161\u00ed po\u0161tol\u010de do klub\u00ed\u010dka mezi ostatn\u00ed (17:56)<\/li>\n<li>2010\/05\/31 &#8211; sami\u010dka poprv\u00e9 nezah\u0159\u00edv\u00e1 po\u0161tol\u010data p\u0159es noc a&nbsp;p\u0159esp\u00e1v\u00e1 na bid\u00fdlku<\/li>\n<li><strong>2010\/06\/01<\/strong> &#8211; r\u00e1no nejmlad\u0161\u00ed po\u0161tol\u010de nejev\u00ed zn\u00e1mky \u017eivota<\/li>\n<li>2010\/06\/02 &#8211; za de\u0161tiv\u00e9ho dne, kdy se rodi\u010d\u016fm neda\u0159\u00ed lov, po\u0161tol\u010data zkonzumovala uhynul\u00e9 ml\u00e1d\u011b; po\u0161tol\u010data p\u0159el\u00e9zaj\u00ed do bed\u00fdnky a&nbsp;zvl\u00e1daj\u00ed truhl\u00edk<\/li>\n<li>v nastal\u00fdch dnech hojnosti same\u010dek v\u011bt\u0161inou s\u00e1m zvl\u00e1d\u00e1 lov a&nbsp;sami\u010dka hl\u00edd\u00e1 po\u0161tol\u010data z&nbsp;bid\u00fdlka<\/li>\n<li>2010\/06\/03 &#8211; prvn\u00ed po\u0161tol\u010de se p\u0159i&nbsp;p\u0159ed\u00e1v\u00e1n\u00ed my\u0161e dost\u00e1v\u00e1 za bari\u00e9ru bed\u00fdnky<\/li>\n<li>2010\/06\/05 &#8211; po\u0161tol\u010data za\u010d\u00ednaj\u00ed sama zvl\u00e1dat konzumaci, nech\u00e1vaj\u00ed se v\u0161ak je\u0161t\u011b \u0159adu dn\u00ed krmit maminkou i&nbsp;tat\u00ednkem<\/li>\n<li>2010\/06\/10 &#8211; v\u0161ech p\u011bt po\u0161tol\u010dat dorazilo na p\u011b\u0161\u00edm pr\u016fzkumu lod\u017eie ke dve\u0159\u00edm<\/li>\n<li>2010\/06\/11 &#8211; po\u0161tol\u010data balancuj\u00ed na uchu bed\u00fdnky<\/li>\n<li>2010\/06\/12 &#8211; prvn\u00ed po\u0161tol\u010de vyl\u00e9tlo na plas\u0165\u00e1k<\/li>\n<li>2010\/06\/13 &#8211; prvn\u00ed po\u0161tol\u010de zdol\u00e1v\u00e1 p\u0159elet na ty\u010dku u&nbsp;citron\u00edku, \u0161tokrdle a&nbsp;sk\u0159\u00ed\u0148ku<\/li>\n<li>2010\/06\/14 &#8211; prvn\u00ed po\u0161tol\u010de ze smr\u010dku na z\u00e1bradl\u00ed<\/li>\n<li>2010\/06\/15 &#8211; 16 &#8211; rodi\u010de zah\u00e1n\u011bj\u00ed vet\u0159elce<\/li>\n<li>2010\/06\/16 &#8211; same\u010dek p\u0159in\u00e1\u0161\u00ed po\u0161tol\u010dat\u016fm \u017eiv\u00e9ho hrabo\u0161e<\/li>\n<li>2010\/06\/17 &#8211; po\u0161tol\u010data se slun\u00ed na sk\u0159\u00ed\u0148ce; prvn\u00ed pokus o&nbsp;zdol\u00e1n\u00ed bid\u00fdlka; prvn\u00ed po\u0161tol\u010de p\u0159el\u00e9t\u00e1 ze smr\u010dku p\u0159es z\u00e1bradl\u00ed ven z&nbsp;lod\u017eie (11:30); ve\u010der spat\u0159eno na sousedn\u00edm balkon\u011b; v&nbsp;hn\u00edzdn\u00ed kout\u011b p\u0159esp\u00e1vaj\u00ed nad\u00e1le jen \u010dty\u0159i po\u0161tol\u010data<\/li>\n<li>2010\/06\/18 &#8211; prvn\u00ed po\u0161tol\u010de se po&nbsp;p\u0159ist\u00e1n\u00ed na st\u011bn\u011b lod\u017eie vy\u0161plh\u00e1v\u00e1 na bid\u00fdlko<\/li>\n<li>2010\/06\/19 &#8211; vylet\u011bv\u0161\u00ed po\u0161tol\u010de na prot\u011bj\u0161\u00ed st\u0159e\u0161e a&nbsp;sousedn\u00ed ant\u00e9n\u011b<\/li>\n<li>2010\/06\/20 &#8211; prvn\u00ed po\u0161tol\u010de se dost\u00e1v\u00e1 na bid\u00fdlko letem; b\u011bhem dne se k&nbsp;n\u011bmu p\u0159ipojuj\u00ed dal\u0161\u00ed dv\u011b; ve\u010der po&nbsp;d\u016fkladn\u00e9m treninku p\u0159elet\u016f napod\u00e9l lod\u017eie vyl\u00e9t\u00e1 ven druh\u00e9 po\u0161tol\u010de (18:00); posledn\u00ed krmen\u00ed od maminky na hn\u00edzd\u011b<\/li>\n<li>&#8212;&#8212;&#8212;&#8212; &#8211; po\u0161tol\u010data hlu\u010dn\u011b loud\u00ed na obou rodi\u010d\u00edch; p\u0159etahuj\u00ed se a&nbsp;perou o&nbsp;my\u0161e; sami\u010dka se p\u0159ed nimi schov\u00e1v\u00e1 na hn\u00edzd\u011b<\/li>\n<li>2010\/06\/21 &#8211; \u010dty\u0159i po\u0161tol\u010data naposledy p\u0159esp\u00e1vaj\u00ed ve hn\u00edzdn\u00ed kout\u011b<\/li>\n<li>2010\/06\/22 &#8211; v\u0161echna po\u0161tol\u010data l\u00e9taj\u00ed i&nbsp;mimo lod\u017eii<\/li>\n<li>2010\/06\/23 &#8211; po\u0161tol\u010data za\u010d\u00ednaj\u00ed p\u0159esp\u00e1vat na bid\u00fdlk\u00e1ch<\/li>\n<li>2010\/07\/02 &#8211; same\u010dek za\u010d\u00edn\u00e1 op\u011bt vrt\u011bn\u00ed na hn\u00edzd\u011b a&nbsp;l\u00e1k\u00e1 do n\u011bj sami\u010dku<\/li>\n<li>2010\/07\/23 &#8211; rodi\u010de si zab\u00edraj\u00ed op\u011bt d\u0159ev\u011bn\u00e1 bid\u00fdlka na span\u00ed; sami\u010dka ve\u010der p\u0159ed p\u0159em\u00edst\u011bn\u00edm na bid\u00fdlko pravideln\u011b pob\u00fdv\u00e1 na hn\u00edzd\u011b<\/li>\n<li>2010\/08\/02 &#8211; sami\u010dka poprv\u00e9 zah\u00e1n\u00ed po\u0161tol\u010de z&nbsp;bid\u00fdlka<\/li>\n<li>2010\/08\/04 &#8211; sami\u010dka se same\u010dkem za\u010d\u00ednaj\u00ed d\u016fsledn\u011b vyh\u00e1n\u011bt ml\u00e1\u010fata jako ostatn\u00ed ostatn\u00ed vet\u0159elc\u011b (holuby a&nbsp;ciz\u00ed po\u0161tolky)<\/li>\n<li>2010\/09\/24 &#8211; ne\u00fasp\u011b\u0161n\u00fd celodenn\u00ed pokus mlad\u00e9 po\u0161tolky zabrat lod\u017eii (? ml\u00e1d\u011b nebo cizinec)<\/li>\n<li>2010\/10\/15 &#8211; zahn\u00e1n ciz\u00ed same\u010dek; sami\u010dka naposledy p\u0159esp\u00e1v\u00e1 na bid\u00fdlku<\/li>\n<li>2010\/10\/16 &#8211; same\u010dek z\u0159ejm\u011b naposledy p\u0159esp\u00e1v\u00e1 na bid\u00fdlku<\/li>\n<li>2010\/10\/30 &#8211; same\u010dek kontroluje hn\u00edzdo a&nbsp;zah\u00e1n\u00ed drz\u00e9 holuby z&nbsp;bid\u00fdlka<\/li>\n<li>2010\/11\/01 &#8211; po\u0161tol\u010de na bid\u00fdlku; p\u0159el\u00e9t\u00e1 na kamerku<\/li>\n<li>2010\/11\/02 &#8211; same\u010dek r\u00e1no na bid\u00fdllku<\/li>\n<li>2010\/11\/18 &#8211; sami\u010dka se same\u010dkem odpo\u010d\u00edvaj\u00ed na bid\u00fdlku<\/li>\n<li>pak u\u017e jen s\u00fdkorky, rehci a&nbsp;drz\u00ed holubi, kter\u00e9 nikdo nehon\u00ed&#8230;.<\/li>\n<\/ul>\n<p align=\"center\">Aktu\u00e1ln\u00ed d\u011bn\u00ed je mo\u017eno sledovat\u00a0<a href=\"https:\/\/tinnunculus.sy-sy.cz\/index.php\/v-primem-prenosu\/\" target=\"_blank\" rel=\"noopener noreferrer\">zde<\/a>.<br \/>\nFoto a&nbsp;videoarchiv\u00a0<a href=\"https:\/\/photo.sy-sy.cz\/photo\/?t=Albums\/album_706f73746f6c65\/album_706f73746f6c652f32303130#Albums\/album_706f73746f6c65\/album_706f73746f6c652f32303130\" target=\"_blank\" rel=\"noopener\">2010<\/a>.<br \/>\nRok\u00a0<a href=\"https:\/\/tinnunculus.sy-sy.cz\/index.php\/deniky\/2010-2\/sezona-2010\/\">2010<\/a>\u00a0v\u00a0Bloku (aneb blogu, bloku \u010dili z\u00e1pisn\u00edku).<\/p>\n<p align=\"center\"><em><a title=\"hn\u00edzdn\u00ed sez\u00f3na 2009\" href=\"https:\/\/tinnunculus.sy-sy.cz\/index.php\/deniky\/2009-2\/\">2009<\/a> <\/em><em>p\u0159edchoz\u00ed rok \u2194 n\u00e1sleduj\u00edc\u00ed rok <a title=\"hn\u00edzdn\u00ed sez\u00f3na 2011\" href=\"https:\/\/tinnunculus.sy-sy.cz\/index.php\/deniky\/2011-2\/\">2011<\/a><\/em><\/p>\n<p>Pozn.: Z\u00e1kladn\u00ed informace o&nbsp;historii po\u0161tol\u010d\u00edho hn\u00edzda a&nbsp;pr\u016fb\u011bhu po\u0161tol\u010d\u00edho roku v&nbsp;lod\u017eii poskytuje \u010dl\u00e1nek <em><a title=\"O po\u0161tolk\u00e1ch aneb historie hn\u00edzda\" href=\"https:\/\/tinnunculus.sy-sy.cz\/index.php\/2013\/05\/24\/o-postolkach-aneb-historie-hnizda\/\">O po\u0161tolk\u00e1ch aneb historie hn\u00edzda<\/a>.<\/em><\/p>\n<p>Jak\u00e9 po\u010das\u00ed prov\u00e1zelo sez\u00f3nu 2010 lze nahl\u00e9dnout v&nbsp;historick\u00fdch ro\u010dn\u00edch a&nbsp;m\u011bs\u00ed\u010dn\u00edch datech <em><a href=\"https:\/\/tinnunculus.sy-sy.cz\/index.php\/pocasi-u-nas\/archiv-pocasi\/pocasi-2010\/\" rel=\"noopener noreferrer\">zde<\/a><\/em>.<\/p>\n","protected":false},"excerpt":{"rendered":"<p>2009 p\u0159edchoz\u00ed rok \u2194 n\u00e1sleduj\u00edc\u00ed rok 2011<\/p>\n","protected":false},"author":2,"featured_media":0,"parent":809,"menu_order":4,"comment_status":"closed","ping_status":"closed","template":"","meta":{"jetpack_post_was_ever_published":false,"footnotes":""},"categories":[],"tags":[1424],"class_list":["post-829","page","type-page","status-publish","hentry","tag-denik"],"jetpack_shortlink":"https:\/\/wp.me\/P91gKE-dn","jetpack-related-posts":[{"id":823,"url":"https:\/\/tinnunculus.sy-sy.cz\/index.php\/deniky\/2009-2\/","url_meta":{"origin":829,"position":0},"title":"2009","author":"Zuzana Syrov\u00e1 An\u00fd\u017eov\u00e1","date":"04\/08\/2017","format":false,"excerpt":"2008 p\u0159edchoz\u00ed rok \u2194 n\u00e1sleduj\u00edc\u00ed rok 2010 2009\/03\/18 - po\u0161tolka na z\u00e1bradl\u00ed (8:00) 2009\/03\/27 - same\u010dek se sami\u010dkou na obhl\u00eddce hn\u00edzda 2009\/03\/28 - span\u00ed na bid\u00fdlku 2009\/03\/29 - p\u00e1\u0159en\u00ed na ant\u00e9n\u011b a na bid\u00fdlku 2009\/03\/30 - nad r\u00e1nem zmizelo holoub\u011b; ciz\u00ed same\u010dek 2009\/03\/31 - same\u010dek p\u0159inesl my\u0161e (13:58) 2009\/04\/02 -\u2026","rel":"","context":"V \u201eden\u00edk\u201c","block_context":{"text":"den\u00edk","link":"https:\/\/tinnunculus.sy-sy.cz\/index.php\/tag\/denik\/"},"img":{"alt_text":"","src":"https:\/\/i0.wp.com\/tinnunculus.sy-sy.cz\/wp-content\/uploads\/2024\/03\/DSC_2834-1024x681.jpg?resize=350%2C200&ssl=1","width":350,"height":200,"srcset":"https:\/\/i0.wp.com\/tinnunculus.sy-sy.cz\/wp-content\/uploads\/2024\/03\/DSC_2834-1024x681.jpg?resize=350%2C200&ssl=1 1x, https:\/\/i0.wp.com\/tinnunculus.sy-sy.cz\/wp-content\/uploads\/2024\/03\/DSC_2834-1024x681.jpg?resize=525%2C300&ssl=1 1.5x"},"classes":[]},{"id":834,"url":"https:\/\/tinnunculus.sy-sy.cz\/index.php\/deniky\/2011-2\/","url_meta":{"origin":829,"position":1},"title":"2011","author":"Zuzana Syrov\u00e1 An\u00fd\u017eov\u00e1","date":"04\/08\/2017","format":false,"excerpt":"2010 p\u0159edchoz\u00ed rok \u2194 n\u00e1sleduj\u00edc\u00ed rok 2012 2011\/02\/04 - same\u010dek na z\u00e1bradl\u00ed (16:30) a na bid\u00fdlku (16:38) 2011\/02\/05 - same\u010dek na bid\u00fdlku (16:30) 2011\/02\/09 - same\u010dek a sami\u010dka v lod\u017eii 2011\/02\/12 - nov\u00e1 podest\u00fdlka 2011\/03\/04 - pokus o p\u00e1\u0159en\u00ed na z\u00e1bradl\u00ed (10:43) 2011\/03\/08 - sami\u010dka zah\u00e1n\u00ed holuby a hon\u00ed havrany\u2026","rel":"","context":"V \u201eden\u00edk\u201c","block_context":{"text":"den\u00edk","link":"https:\/\/tinnunculus.sy-sy.cz\/index.php\/tag\/denik\/"},"img":{"alt_text":"","src":"https:\/\/i0.wp.com\/tinnunculus.sy-sy.cz\/wp-content\/uploads\/2024\/03\/DSC_1829-1024x681.jpg?resize=350%2C200&ssl=1","width":350,"height":200,"srcset":"https:\/\/i0.wp.com\/tinnunculus.sy-sy.cz\/wp-content\/uploads\/2024\/03\/DSC_1829-1024x681.jpg?resize=350%2C200&ssl=1 1x, https:\/\/i0.wp.com\/tinnunculus.sy-sy.cz\/wp-content\/uploads\/2024\/03\/DSC_1829-1024x681.jpg?resize=525%2C300&ssl=1 1.5x"},"classes":[]},{"id":733,"url":"https:\/\/tinnunculus.sy-sy.cz\/index.php\/postolci-sezony\/","url_meta":{"origin":829,"position":2},"title":"Po\u0161tol\u010d\u00ed sez\u00f3ny","author":"Zuzana Syrov\u00e1 An\u00fd\u017eov\u00e1","date":"03\/08\/2017","format":false,"excerpt":"2007 Sneseno 5 vajec + 1 b\u00edl\u00e9 vejce (p\u0159ed 2007\/05\/10). Vyl\u00edhlo se 5 po\u0161tol\u010dat (2007\/06\/03 zji\u0161t\u011bna \u010dty\u0159i; 2007\/06\/04 p\u00e1t\u00e9). V\u0161ech 5 po\u0161tol\u010dat odchov\u00e1no a zd\u00e1rn\u011b vylet\u011blo. 2008 Sneseno 5 vajec (2008\/05\/05\u20142008\/05\/14). Vyl\u00edhlo se 0 po\u0161tol\u010dat. V\u0161ech 5 vajec zkonzumovali rodi\u010de (2008\/06\/09\u20142008\/06\/23). 2009 Snesena 4 vejce (2009\/04\/24\u20142009\/05\/01). Vyl\u00edhla se 3 po\u0161tol\u010data\u2026","rel":"","context":"V \u201e\"Na\u0161e\" po\u0161tolky\u201c","block_context":{"text":"\"Na\u0161e\" po\u0161tolky","link":"https:\/\/tinnunculus.sy-sy.cz\/index.php\/category\/nasi\/nase-postolky\/"},"img":{"alt_text":"Vlajka Francie","src":"https:\/\/i0.wp.com\/statni.vlajky.org\/32\/francie.png?resize=350%2C200","width":350,"height":200},"classes":[]},{"id":840,"url":"https:\/\/tinnunculus.sy-sy.cz\/index.php\/deniky\/2012-2\/","url_meta":{"origin":829,"position":3},"title":"2012","author":"Zuzana Syrov\u00e1 An\u00fd\u017eov\u00e1","date":"04\/08\/2017","format":false,"excerpt":"2011 p\u0159edchoz\u00ed rok \u2194 n\u00e1sleduj\u00edc\u00ed rok 2013 2012\/01\/10 - same\u010dek na kontroln\u00ed obhl\u00eddce lod\u017eie 2012\/01\/18 - po\u0161tolky v ulici a v lod\u017eii; objevuj\u00ed se n\u011bkolik dn\u00ed a p\u0159esp\u00e1vaj\u00ed 2012\/01\/25 - sami\u010dka na bid\u00fdlku (08:30), pak oba miz\u00ed 2012\/02\/02 - po\u0161tolky se op\u011bt vracej\u00ed do lod\u017eie; pot\u00e9 ji\u017e prakticky ka\u017edodenn\u011b 2012\/02\/21\u2026","rel":"","context":"V \u201eden\u00edk\u201c","block_context":{"text":"den\u00edk","link":"https:\/\/tinnunculus.sy-sy.cz\/index.php\/tag\/denik\/"},"img":{"alt_text":"","src":"https:\/\/i0.wp.com\/tinnunculus.sy-sy.cz\/wp-content\/uploads\/2024\/03\/P1090073-scaled-e1709478270148-1024x577.jpg?resize=350%2C200&ssl=1","width":350,"height":200,"srcset":"https:\/\/i0.wp.com\/tinnunculus.sy-sy.cz\/wp-content\/uploads\/2024\/03\/P1090073-scaled-e1709478270148-1024x577.jpg?resize=350%2C200&ssl=1 1x, https:\/\/i0.wp.com\/tinnunculus.sy-sy.cz\/wp-content\/uploads\/2024\/03\/P1090073-scaled-e1709478270148-1024x577.jpg?resize=525%2C300&ssl=1 1.5x"},"classes":[]},{"id":10186,"url":"https:\/\/tinnunculus.sy-sy.cz\/index.php\/deniky\/2020-2\/","url_meta":{"origin":829,"position":4},"title":"2020","author":"Zuzana Syrov\u00e1 An\u00fd\u017eov\u00e1","date":"29\/12\/2019","format":false,"excerpt":"2019\u00a0 p\u0159edchoz\u00ed rok \u2194 n\u00e1sleduj\u00edc\u00ed rok 2021 2020\/01\/01 - po\u0161tol\u010d\u00ed sami\u010dka vypla\u0161en\u00e1 p\u0159edchoz\u00ed ve\u010der silvestrovsk\u00fdmi petardami p\u0159il\u00e9t\u00e1 spolu se same\u010dkem na rann\u00ed inspekci (7:41\u20137:45); objevuj\u00ed se pak n\u011bkolikr\u00e1t za den a ve\u010der sami\u010dka op\u011bt p\u0159il\u00e9t\u00e1 na noc 2020\/01\/02 - po\u0161tol\u010d\u00ed sami\u010dka si p\u0159in\u00e1\u0161\u00ed do lod\u017eie hrabo\u0161e (9:12) 2020\/01\/06 - same\u010dek\u2026","rel":"","context":"V \u201eden\u00edk\u201c","block_context":{"text":"den\u00edk","link":"https:\/\/tinnunculus.sy-sy.cz\/index.php\/tag\/denik\/"},"img":{"alt_text":"","src":"https:\/\/i0.wp.com\/tinnunculus.sy-sy.cz\/wp-content\/uploads\/2020\/01\/20200101_08-20-38uprav-1024x677.jpg?resize=350%2C200&ssl=1","width":350,"height":200,"srcset":"https:\/\/i0.wp.com\/tinnunculus.sy-sy.cz\/wp-content\/uploads\/2020\/01\/20200101_08-20-38uprav-1024x677.jpg?resize=350%2C200&ssl=1 1x, https:\/\/i0.wp.com\/tinnunculus.sy-sy.cz\/wp-content\/uploads\/2020\/01\/20200101_08-20-38uprav-1024x677.jpg?resize=525%2C300&ssl=1 1.5x"},"classes":[]},{"id":38491,"url":"https:\/\/tinnunculus.sy-sy.cz\/index.php\/deniky\/2026-2\/","url_meta":{"origin":829,"position":5},"title":"2026","author":"Zuzana Syrov\u00e1 An\u00fd\u017eov\u00e1","date":"16\/12\/2024","format":false,"excerpt":"\u00a02025 p\u0159edchoz\u00ed rok \u2194 n\u00e1sleduj\u00edc\u00ed rok 2027 ? 2026\/01\/01 - po silvestrovsk\u00e9 noci str\u00e1ven\u00e9 v polici pod stropem nad hn\u00edzdem pan\u00ed po\u0161tolka odl\u00e9t\u00e1 v 7:34; pan po\u0161tolka, kter\u00fd tr\u00e1vil noc nezn\u00e1mo kde, se vrac\u00ed hned po r\u00e1nu zahnat holuby (8:17). 2026\/01\/03 - jedna kavka se sna\u017e\u00ed sebrat pan\u00ed po\u0161tolce hrabo\u0161e,\u2026","rel":"","context":"V \u201e\"Na\u0161e\" po\u0161tolky\u201c","block_context":{"text":"\"Na\u0161e\" po\u0161tolky","link":"https:\/\/tinnunculus.sy-sy.cz\/index.php\/category\/nasi\/nase-postolky\/"},"img":{"alt_text":"","src":"https:\/\/i0.wp.com\/tinnunculus.sy-sy.cz\/wp-content\/uploads\/2026\/02\/20260228-094239pe-0-e1772301397717-1024x577.jpg?resize=350%2C200&ssl=1","width":350,"height":200,"srcset":"https:\/\/i0.wp.com\/tinnunculus.sy-sy.cz\/wp-content\/uploads\/2026\/02\/20260228-094239pe-0-e1772301397717-1024x577.jpg?resize=350%2C200&ssl=1 1x, https:\/\/i0.wp.com\/tinnunculus.sy-sy.cz\/wp-content\/uploads\/2026\/02\/20260228-094239pe-0-e1772301397717-1024x577.jpg?resize=525%2C300&ssl=1 1.5x"},"classes":[]}],"jetpack_sharing_enabled":true,"_links":{"self":[{"href":"https:\/\/tinnunculus.sy-sy.cz\/index.php\/wp-json\/wp\/v2\/pages\/829","targetHints":{"allow":["GET"]}}],"collection":[{"href":"https:\/\/tinnunculus.sy-sy.cz\/index.php\/wp-json\/wp\/v2\/pages"}],"about":[{"href":"https:\/\/tinnunculus.sy-sy.cz\/index.php\/wp-json\/wp\/v2\/types\/page"}],"author":[{"embeddable":true,"href":"https:\/\/tinnunculus.sy-sy.cz\/index.php\/wp-json\/wp\/v2\/users\/2"}],"replies":[{"embeddable":true,"href":"https:\/\/tinnunculus.sy-sy.cz\/index.php\/wp-json\/wp\/v2\/comments?post=829"}],"version-history":[{"count":3,"href":"https:\/\/tinnunculus.sy-sy.cz\/index.php\/wp-json\/wp\/v2\/pages\/829\/revisions"}],"predecessor-version":[{"id":33691,"href":"https:\/\/tinnunculus.sy-sy.cz\/index.php\/wp-json\/wp\/v2\/pages\/829\/revisions\/33691"}],"up":[{"embeddable":true,"href":"https:\/\/tinnunculus.sy-sy.cz\/index.php\/wp-json\/wp\/v2\/pages\/809"}],"wp:attachment":[{"href":"https:\/\/tinnunculus.sy-sy.cz\/index.php\/wp-json\/wp\/v2\/media?parent=829"}],"wp:term":[{"taxonomy":"category","embeddable":true,"href":"https:\/\/tinnunculus.sy-sy.cz\/index.php\/wp-json\/wp\/v2\/categories?post=829"},{"taxonomy":"post_tag","embeddable":true,"href":"https:\/\/tinnunculus.sy-sy.cz\/index.php\/wp-json\/wp\/v2\/tags?post=829"}],"curies":[{"name":"wp","href":"https:\/\/api.w.org\/{rel}","templated":true}]}}