{"id":823,"date":"2017-08-04T17:36:54","date_gmt":"2017-08-04T15:36:54","guid":{"rendered":"http:\/\/tinnunculus.sy-sy.cz\/?page_id=823"},"modified":"2024-03-23T12:10:30","modified_gmt":"2024-03-23T11:10:30","slug":"2009-2","status":"publish","type":"page","link":"https:\/\/tinnunculus.sy-sy.cz\/index.php\/deniky\/2009-2\/","title":{"rendered":"2009"},"content":{"rendered":"<div class=\"article-main-content\">\n<div class=\"article-content\">\n<p><img data-recalc-dims=\"1\" loading=\"lazy\" decoding=\"async\" data-attachment-id=\"32242\" data-permalink=\"https:\/\/tinnunculus.sy-sy.cz\/index.php\/deniky\/2009-2\/dsc_2834\/\" data-orig-file=\"https:\/\/i0.wp.com\/tinnunculus.sy-sy.cz\/wp-content\/uploads\/2024\/03\/DSC_2834-scaled-e1709479578614.jpg?fit=1038%2C690&amp;ssl=1\" data-orig-size=\"1038,690\" data-comments-opened=\"1\" data-image-meta=\"{&quot;aperture&quot;:&quot;5.3&quot;,&quot;credit&quot;:&quot;&quot;,&quot;camera&quot;:&quot;NIKON D70&quot;,&quot;caption&quot;:&quot;&quot;,&quot;created_timestamp&quot;:&quot;1244972551&quot;,&quot;copyright&quot;:&quot;&quot;,&quot;focal_length&quot;:&quot;155&quot;,&quot;iso&quot;:&quot;0&quot;,&quot;shutter_speed&quot;:&quot;0.033333333333333&quot;,&quot;title&quot;:&quot;&quot;,&quot;orientation&quot;:&quot;1&quot;}\" data-image-title=\"DSC_2834\" data-image-description=\"\" data-image-caption=\"\" data-large-file=\"https:\/\/i0.wp.com\/tinnunculus.sy-sy.cz\/wp-content\/uploads\/2024\/03\/DSC_2834-scaled-e1709479578614.jpg?fit=525%2C349&amp;ssl=1\" class=\"aligncenter wp-image-32242 size-large\" src=\"https:\/\/i0.wp.com\/tinnunculus.sy-sy.cz\/wp-content\/uploads\/2024\/03\/DSC_2834.jpg?resize=525%2C349&#038;ssl=1\" alt=\"\" width=\"525\" height=\"349\" \/><\/p>\n<p style=\"text-align: center;\"><em><a title=\"hn\u00edzdn\u00ed sez\u00f3na 2008\" href=\"https:\/\/tinnunculus.sy-sy.cz\/index.php\/deniky\/2008-2\/\">2008 <\/a><\/em><em>p\u0159edchoz\u00ed rok \u2194 n\u00e1sleduj\u00edc\u00ed rok <a title=\"hn\u00edzdn\u00ed sez\u00f3na 2010\" href=\"https:\/\/tinnunculus.sy-sy.cz\/index.php\/deniky\/2010-2\/\">2010<\/a><\/em><\/p>\n<p><!--more--><\/p>\n<ul>\n<li>2009\/03\/18 &#8211; po\u0161tolka na z\u00e1bradl\u00ed (8:00)<\/li>\n<li>2009\/03\/27 &#8211; same\u010dek se sami\u010dkou na obhl\u00eddce hn\u00edzda<\/li>\n<li>2009\/03\/28 &#8211; span\u00ed na bid\u00fdlku<\/li>\n<li>2009\/03\/29 &#8211; p\u00e1\u0159en\u00ed na ant\u00e9n\u011b a&nbsp;na bid\u00fdlku<\/li>\n<li>2009\/03\/30 &#8211; nad r\u00e1nem zmizelo holoub\u011b; ciz\u00ed same\u010dek<\/li>\n<li>2009\/03\/31 &#8211; same\u010dek p\u0159inesl my\u0161e (13:58)<\/li>\n<li>2009\/04\/02 &#8211; o&nbsp;lod\u017eii projevuj\u00ed z\u00e1jem dva p\u00e1ry po\u0161tolek &#8211; dom\u00e1c\u00ed je rozeznateln\u00e1 podle \u0161r\u00e1mu na hlavi\u010dce<\/li>\n<li>2009\/04\/03 &#8211; ciz\u00ed sami\u010dka<\/li>\n<li>2009\/04\/04 &#8211; ciz\u00ed sami\u010dka<\/li>\n<li>2009\/04\/12 &#8211; ciz\u00ed same\u010dek<\/li>\n<li>2009\/04\/16 &#8211; same\u010dek nos\u00ed je\u0161t\u011brky<\/li>\n<li>2009\/04\/22 &#8211; sami\u010dka za\u010d\u00edn\u00e1 posed\u00e1vat na hn\u00edzd\u011b<\/li>\n<li><strong>2009\/04\/24<\/strong> &#8211; prvn\u00ed vejce (12:02)<\/li>\n<li><strong>2009\/04\/26<\/strong> &#8211; <strong>2009\/04\/27<\/strong> &#8211; druh\u00e9 vejce (sneseno v&nbsp;noci; po\u0161tolka sed\u00ed od 20:00, v&nbsp;5:25 u\u017e jejce na z\u00e1znamu kamery)<\/li>\n<li><strong>2009\/04\/29<\/strong> &#8211; t\u0159et\u00ed vejce (po&nbsp;12:55 kolem 13:06-13:07); sami\u010dka za\u010d\u00edn\u00e1 sed\u011bt na vejc\u00edch<\/li>\n<li><strong>2009\/05\/01<\/strong> &#8211; \u010dtvrt\u00e9 vejce (15:57)<\/li>\n<li><em>2009\/05\/25 &#8211; na druh\u00e9 stran\u011b domu u&nbsp;K\u0159iv\u00e1k\u016f v&nbsp;otvoru po&nbsp;v\u011btr\u00e1ku sp\u00ed\u017ee se sna\u017e\u00ed zahn\u00edzdit dal\u0161\u00ed p\u00e1r; same\u010dek nos\u00ed sami\u010dce my\u0161i na atiku sousedn\u00edho ni\u017e\u0161\u00edho domu<\/em><\/li>\n<li>2009\/05\/26 &#8211; same\u010dek p\u0159in\u00e1\u0161\u00ed sami\u010dce 9 my\u0161\u00e1k\u016f<\/li>\n<li><strong>2009\/05\/27<\/strong> &#8211; prvn\u00ed po\u0161tol\u010de (7:18); prvn\u00ed krmen\u00ed (8:19); druh\u00e9 po\u0161tol\u010de (15:05-15:10)<\/li>\n<li><strong>2009\/05\/28<\/strong> &#8211; t\u0159et\u00ed po\u0161tol\u010de (6:40-6:54)<\/li>\n<li>2009\/05\/30 &#8211; \u010dtvrt\u00e9 vejce se u\u017e z\u0159ejm\u011b nevyl\u00edhle, sami\u010dka v\u0161ak na n\u011bm st\u00e1le sed\u00ed<\/li>\n<li>2009\/06\/02 &#8211; sami\u010dka se poprv\u00e9 vzdaluje a&nbsp;prol\u00e9t\u00e1v\u00e1 (16:18); sami\u010dka p\u0159est\u00e1v\u00e1 zah\u0159\u00edvat \u010dtvrt\u00e9 vejce (20:16); sami\u010dka op\u011bt pokr\u00fdv\u00e1 \u010dtvrt\u00e9 vejce (21:12)<\/li>\n<li>2009\/06\/07 &#8211; sami\u010dka se vrac\u00ed cel\u00e1 mokr\u00e1 po&nbsp;koupeli (8:40)<\/li>\n<li>2009\/06\/08 &#8211; sami\u010dka sp\u00ed poprv\u00e9 na bid\u00fdlku a&nbsp;nezah\u0159\u00edv\u00e1 ml\u00e1\u010fata (same\u010dek rovn\u011b\u017e p\u0159esp\u00e1v\u00e1 v&nbsp;lod\u017eii)<\/li>\n<li>2009\/06\/09 &#8211; po\u0161tol\u010data se odpoledne p\u0159esouvaj\u00ed do druh\u00e9ho kouta; po\u0161tol\u010data p\u0159eb\u00edraj\u00ed my\u0161e od same\u010dka<\/li>\n<li>2009\/06\/11 &#8211; po\u0161tol\u010data sama spo\u0159\u00e1daj\u00ed my\u0161e od tat\u00ednka<\/li>\n<li>2009\/06\/14 &#8211; prvn\u00ed dv\u011b po\u0161tol\u010data odpoledne poprv\u00e9 v&nbsp;truhl\u00edku<\/li>\n<li>2009\/06\/15 &#8211; v\u0161echna po\u0161tol\u010data v&nbsp;truhl\u00edku<\/li>\n<li>2009\/06\/17 &#8211; prvn\u00ed po\u0161tol\u010de p\u0159ed sk\u0159\u00ed\u0148kou<\/li>\n<li>2009\/06\/18 &#8211; po\u0161tol\u010de si bere my\u0161e od tat\u00ednka p\u0159ed sk\u0159\u00ed\u0148kou (1:4:15); posledn\u00ed krmen\u00ed od maminky?<\/li>\n<li>2009\/06\/24 &#8211; dv\u011b po\u0161tol\u010data vylet\u011bla z&nbsp;lod\u017eie- jedno p\u0159ist\u00e1lona atice prot\u011bj\u0161\u00edho domu, kde se k&nbsp;n\u011bmu pozd\u011bji p\u0159ipojilo druh\u00e9<\/li>\n<li>2009\/06\/27 &#8211; t\u0159et\u00ed po\u0161tol\u010de vylet\u00e1v\u00e1 p\u0159es sk\u0159\u00ed\u0148ku na z\u00e1bradl\u00ed<\/li>\n<li>2009\/06\/28 &#8211; jedno ze dvou po\u0161tol\u010dat z&nbsp;prot\u011bj\u0161\u00ed strany ulice se vrac\u00ed (20:10 p\u0159ist\u00e1v\u00e1 na z\u00e1bradl\u00ed)<\/li>\n<li>2009\/06\/29 &#8211; zcestoval\u00e9 po\u0161tol\u010de op\u011bt odl\u00e9t\u00e1 op\u011bt na druhou stranu ulice (6:58) a&nbsp;vz\u00e1p\u011bt\u00ed se vrac\u00ed pro \u017e\u00ed\u017ealu a&nbsp;pak u\u017e voln\u011b p\u0159el\u00e9t\u00e1v\u00e1 p\u0159es ulici<\/li>\n<li>2009\/06\/30 &#8211; po\u0161tol\u010de peciv\u00e1l se po&nbsp;pozvoln\u00e9m le\u010d vytrval\u00e9m treninku poprv\u00e9 dost\u00e1v\u00e1 na bid\u00fdlko (7:24); pot\u00e9 se koupe v&nbsp;de\u0161\u0165ovce v&nbsp;misce od kv\u011btin\u00e1\u010de; 18:03 i&nbsp;ono vyl\u00e9t\u00e1 z&nbsp;lod\u017eie<\/li>\n<li>2009\/07\/02 &#8211; ob\u011b po\u0161tol\u010data se dopoledne cvi\u010d\u00ed v&nbsp;leteck\u00e9m um\u011bn\u00ed; dom\u00e1c\u00ed peciv\u00e1l u\u017e i&nbsp;konzumuje na bid\u00fdlku<\/li>\n<li>2009\/07\/04 &#8211; po\u0161tol\u010de, kter\u00e9 p\u0159ed\u010dasn\u011b vyl\u00e9tlo, kone\u010dn\u011b rovn\u011b\u017e zvl\u00e1d\u00e1 p\u0159esn\u00e9 p\u0159ist\u00e1n\u00ed na bid\u00fdlku a&nbsp;t\u00e9\u017e na n\u011bm p\u0159esp\u00e1v\u00e1; ob\u011b po\u0161tol\u010data si zab\u00edraj\u00ed pohodln\u011bj\u0161\u00ed bid\u00fdlka d\u0159ev\u011bn\u00e1<\/li>\n<li>2009\/07\/19 &#8211; sami\u010dka se same\u010dkem si pro sebe op\u011bt zab\u00edraj\u00ed d\u0159ev\u011bn\u00e1 bid\u00fdlka na span\u00ed<\/li>\n<li>2009\/07\/22 &#8211; ciz\u00ed same\u010dek<\/li>\n<li>2009\/07\/28 &#8211; po\u0161tol\u010de r\u00e1no na okn\u011b a&nbsp;na sk\u0159\u00ed\u0148ce<\/li>\n<li>2009\/08\/12 &#8211; ob\u011b po\u0161tol\u010data p\u0159il\u00e9taj\u00ed ve\u010der p\u0159espat &#8211; jako v\u0161ichni vet\u0159elci jsou sami\u010dkou a&nbsp;same\u010dkem vyh\u00e1n\u011bni<\/li>\n<li>2009\/09\/26 &#8211; vyh\u00e1n\u011bn\u00ed cizince (? po\u0161tol\u010de)<\/li>\n<li>2009\/10\/14 &#8211; same\u010dek se sna\u017e\u00ed sebrat sami\u010dce hrabo\u0161e (17:20)<\/li>\n<li>2009\/10\/19 &#8211; sami\u010dka opou\u0161t\u00ed lod\u017eii (07:09)<\/li>\n<li>2009\/10\/23 &#8211; same\u010dek opou\u0161t\u00ed lod\u017eii (07:29)<\/li>\n<li>2009\/11\/21 -22 &#8211; sami\u010dka (? ciz\u00ed) na bid\u00fdlku<\/li>\n<li>2009\/12\/02 &#8211; same\u010dek (? ciz\u00ed) na bid\u00fdlku<\/li>\n<\/ul>\n<p align=\"center\">Aktu\u00e1ln\u00ed d\u011bn\u00ed je mo\u017eno sledovat\u00a0<a href=\"https:\/\/tinnunculus.sy-sy.cz\/index.php\/v-primem-prenosu\/\" target=\"_blank\" rel=\"noopener noreferrer\">zde<\/a>.<br \/>\nFoto a&nbsp;videoarchiv\u00a0<a href=\"https:\/\/photo.sy-sy.cz\/photo\/?t=Albums\/album_706f73746f6c65\/album_706f73746f6c652f32303039#Albums\/album_706f73746f6c65\/album_706f73746f6c652f32303039\" target=\"_blank\" rel=\"noopener\">2009<\/a>.<br \/>\nRok\u00a0<a href=\"https:\/\/tinnunculus.sy-sy.cz\/index.php\/deniky\/2009-2\/sezona-2009\/\">2009<\/a>\u00a0v\u00a0Bloku (aneb blogu, bloku \u010dili z\u00e1pisn\u00edku).<\/p>\n<p align=\"center\"><em> <a title=\"hn\u00edzdn\u00ed sez\u00f3na 2008\" href=\"https:\/\/tinnunculus.sy-sy.cz\/index.php\/deniky\/2008-2\/\">2008 <\/a><\/em><em>p\u0159edchoz\u00ed rok \u2194 n\u00e1sleduj\u00edc\u00ed rok <a title=\"hn\u00edzdn\u00ed sez\u00f3na 2010\" href=\"https:\/\/tinnunculus.sy-sy.cz\/index.php\/deniky\/2010-2\/\">2010<\/a><\/em><\/p>\n<p>Pozn.: Z\u00e1kladn\u00ed informace o&nbsp;historii po\u0161tol\u010d\u00edho hn\u00edzda a&nbsp;pr\u016fb\u011bhu po\u0161tol\u010d\u00edho roku v&nbsp;lod\u017eii poskytuje \u010dl\u00e1nek <em><a title=\"O po\u0161tolk\u00e1ch aneb historie hn\u00edzda\" href=\"https:\/\/tinnunculus.sy-sy.cz\/index.php\/2013\/05\/24\/o-postolkach-aneb-historie-hnizda\/\">O po\u0161tolk\u00e1ch aneb historie hn\u00edzda<\/a>.<\/em><\/p>\n<p>Jak\u00e9 po\u010das\u00ed prov\u00e1zelo sez\u00f3nu 2009 lze nahl\u00e9dnout v&nbsp;historick\u00fdch ro\u010dn\u00edch a&nbsp;m\u011bs\u00ed\u010dn\u00edch datech <em><a href=\"https:\/\/tinnunculus.sy-sy.cz\/index.php\/pocasi-u-nas\/archiv-pocasi\/pocasi-2009\/\" rel=\"noopener noreferrer\">zde<\/a><\/em>.<\/p>\n<\/div>\n<\/div>\n","protected":false},"excerpt":{"rendered":"<p>2008 p\u0159edchoz\u00ed rok \u2194 n\u00e1sleduj\u00edc\u00ed rok 2010<\/p>\n","protected":false},"author":2,"featured_media":0,"parent":809,"menu_order":3,"comment_status":"closed","ping_status":"closed","template":"","meta":{"jetpack_post_was_ever_published":false,"footnotes":""},"categories":[],"tags":[1424],"class_list":["post-823","page","type-page","status-publish","hentry","tag-denik"],"jetpack_shortlink":"https:\/\/wp.me\/P91gKE-dh","jetpack-related-posts":[{"id":829,"url":"https:\/\/tinnunculus.sy-sy.cz\/index.php\/deniky\/2010-2\/","url_meta":{"origin":823,"position":0},"title":"2010","author":"Zuzana Syrov\u00e1 An\u00fd\u017eov\u00e1","date":"04\/08\/2017","format":false,"excerpt":"2009 p\u0159edchoz\u00ed rok \u2194 n\u00e1sleduj\u00edc\u00ed rok 2011 2010\/02\/28 - same\u010dek i sami\u010dka v lod\u017eii a na z\u00e1bradl\u00ed 2010\/03\/20 - po\u0161tolky se vracej\u00ed 2010\/03\/29 - souboj sami\u010dky s ciz\u00ed po\u0161tol\u00ed 2010\/04\/01 - sami\u010dka op\u011bt zah\u00e1n\u00ed ciz\u00ed po\u0161tolku (ta m\u00e1 z\u00e1jem p\u0159edev\u0161\u00edm o same\u010dkovy my\u0161e) 2010\/04\/05 - same\u010dek p\u0159esouv\u00e1 lo\u0148sk\u00e9 vejce do\u2026","rel":"","context":"V \u201eden\u00edk\u201c","block_context":{"text":"den\u00edk","link":"https:\/\/tinnunculus.sy-sy.cz\/index.php\/tag\/denik\/"},"img":{"alt_text":"","src":"https:\/\/i0.wp.com\/tinnunculus.sy-sy.cz\/wp-content\/uploads\/2024\/03\/DSC_7697-1024x681.jpg?resize=350%2C200&ssl=1","width":350,"height":200,"srcset":"https:\/\/i0.wp.com\/tinnunculus.sy-sy.cz\/wp-content\/uploads\/2024\/03\/DSC_7697-1024x681.jpg?resize=350%2C200&ssl=1 1x, https:\/\/i0.wp.com\/tinnunculus.sy-sy.cz\/wp-content\/uploads\/2024\/03\/DSC_7697-1024x681.jpg?resize=525%2C300&ssl=1 1.5x"},"classes":[]},{"id":820,"url":"https:\/\/tinnunculus.sy-sy.cz\/index.php\/deniky\/2008-2\/","url_meta":{"origin":823,"position":1},"title":"2008","author":"Zuzana Syrov\u00e1 An\u00fd\u017eov\u00e1","date":"04\/08\/2017","format":false,"excerpt":"2007 p\u0159edchoz\u00ed rok \u2194 n\u00e1sleduj\u00edc\u00ed rok 2009 2008\/02\/26 - po\u0161tolky se oz\u00fdvaj\u00ed v lod\u017eii 2008\/03\/15 - po\u0161tolky (? lo\u0148sk\u00e1 po\u0161tol\u010data) v po\u010dtu p\u011bti nav\u0161t\u00edvila lod\u017eii a vyv\u00e1d\u011bla; jeden same\u010dek se sokolnick\u00fdmi poutky na noh\u00e1ch 2008\/04\/10 - \u00faklid hn\u00edzdn\u00edho kouta; vystl\u00e1no senem; instalace kamery AXIS 207MW na hn\u00edzdo 2008\/04\/19 - prvn\u00ed\u2026","rel":"","context":"V \u201eden\u00edk\u201c","block_context":{"text":"den\u00edk","link":"https:\/\/tinnunculus.sy-sy.cz\/index.php\/tag\/denik\/"},"img":{"alt_text":"","src":"https:\/\/i0.wp.com\/tinnunculus.sy-sy.cz\/wp-content\/uploads\/2024\/03\/DSC_9634-1024x681.jpg?resize=350%2C200&ssl=1","width":350,"height":200,"srcset":"https:\/\/i0.wp.com\/tinnunculus.sy-sy.cz\/wp-content\/uploads\/2024\/03\/DSC_9634-1024x681.jpg?resize=350%2C200&ssl=1 1x, https:\/\/i0.wp.com\/tinnunculus.sy-sy.cz\/wp-content\/uploads\/2024\/03\/DSC_9634-1024x681.jpg?resize=525%2C300&ssl=1 1.5x"},"classes":[]},{"id":733,"url":"https:\/\/tinnunculus.sy-sy.cz\/index.php\/postolci-sezony\/","url_meta":{"origin":823,"position":2},"title":"Po\u0161tol\u010d\u00ed sez\u00f3ny","author":"Zuzana Syrov\u00e1 An\u00fd\u017eov\u00e1","date":"03\/08\/2017","format":false,"excerpt":"2007 Sneseno 5 vajec + 1 b\u00edl\u00e9 vejce (p\u0159ed 2007\/05\/10). Vyl\u00edhlo se 5 po\u0161tol\u010dat (2007\/06\/03 zji\u0161t\u011bna \u010dty\u0159i; 2007\/06\/04 p\u00e1t\u00e9). V\u0161ech 5 po\u0161tol\u010dat odchov\u00e1no a zd\u00e1rn\u011b vylet\u011blo. 2008 Sneseno 5 vajec (2008\/05\/05\u20142008\/05\/14). Vyl\u00edhlo se 0 po\u0161tol\u010dat. V\u0161ech 5 vajec zkonzumovali rodi\u010de (2008\/06\/09\u20142008\/06\/23). 2009 Snesena 4 vejce (2009\/04\/24\u20142009\/05\/01). Vyl\u00edhla se 3 po\u0161tol\u010data\u2026","rel":"","context":"V \u201e\"Na\u0161e\" po\u0161tolky\u201c","block_context":{"text":"\"Na\u0161e\" po\u0161tolky","link":"https:\/\/tinnunculus.sy-sy.cz\/index.php\/category\/nasi\/nase-postolky\/"},"img":{"alt_text":"Vlajka Francie","src":"https:\/\/i0.wp.com\/statni.vlajky.org\/32\/francie.png?resize=350%2C200","width":350,"height":200},"classes":[]},{"id":840,"url":"https:\/\/tinnunculus.sy-sy.cz\/index.php\/deniky\/2012-2\/","url_meta":{"origin":823,"position":3},"title":"2012","author":"Zuzana Syrov\u00e1 An\u00fd\u017eov\u00e1","date":"04\/08\/2017","format":false,"excerpt":"2011 p\u0159edchoz\u00ed rok \u2194 n\u00e1sleduj\u00edc\u00ed rok 2013 2012\/01\/10 - same\u010dek na kontroln\u00ed obhl\u00eddce lod\u017eie 2012\/01\/18 - po\u0161tolky v ulici a v lod\u017eii; objevuj\u00ed se n\u011bkolik dn\u00ed a p\u0159esp\u00e1vaj\u00ed 2012\/01\/25 - sami\u010dka na bid\u00fdlku (08:30), pak oba miz\u00ed 2012\/02\/02 - po\u0161tolky se op\u011bt vracej\u00ed do lod\u017eie; pot\u00e9 ji\u017e prakticky ka\u017edodenn\u011b 2012\/02\/21\u2026","rel":"","context":"V \u201eden\u00edk\u201c","block_context":{"text":"den\u00edk","link":"https:\/\/tinnunculus.sy-sy.cz\/index.php\/tag\/denik\/"},"img":{"alt_text":"","src":"https:\/\/i0.wp.com\/tinnunculus.sy-sy.cz\/wp-content\/uploads\/2024\/03\/P1090073-scaled-e1709478270148-1024x577.jpg?resize=350%2C200&ssl=1","width":350,"height":200,"srcset":"https:\/\/i0.wp.com\/tinnunculus.sy-sy.cz\/wp-content\/uploads\/2024\/03\/P1090073-scaled-e1709478270148-1024x577.jpg?resize=350%2C200&ssl=1 1x, https:\/\/i0.wp.com\/tinnunculus.sy-sy.cz\/wp-content\/uploads\/2024\/03\/P1090073-scaled-e1709478270148-1024x577.jpg?resize=525%2C300&ssl=1 1.5x"},"classes":[]},{"id":16605,"url":"https:\/\/tinnunculus.sy-sy.cz\/index.php\/deniky\/2022-2\/","url_meta":{"origin":823,"position":4},"title":"2022","author":"Zuzana Syrov\u00e1 An\u00fd\u017eov\u00e1","date":"15\/06\/2021","format":false,"excerpt":"2021 \u00a0 p\u0159edchoz\u00ed rok \u2194 n\u00e1sleduj\u00edc\u00ed rok 2023 2022\/01\/01 - o silvestrovsk\u00e9 noci se po\u0161tol\u010d\u00ed sami\u010dka nenech\u00e1v\u00e1 zapla\u0161it a na rozd\u00edl od same\u010dka vydr\u017e\u00ed na bid\u00fdlku a\u017e do r\u00e1na 2022\/01\/04 - ve\u010der p\u0159il\u00e9t\u00e1 ciz\u00ed po\u0161tolka; je zahn\u00e1na same\u010dkem (16:30) 2022\/01\/16 - ve\u010der same\u010dek p\u0159in\u00e1\u0161\u00ed do lod\u017eie hrabo\u0161e a konzumuje ho\u2026","rel":"","context":"V \u201eden\u00edk\u201c","block_context":{"text":"den\u00edk","link":"https:\/\/tinnunculus.sy-sy.cz\/index.php\/tag\/denik\/"},"img":{"alt_text":"","src":"https:\/\/i0.wp.com\/tinnunculus.sy-sy.cz\/wp-content\/uploads\/2022\/03\/20220319_07-46-25-1024x576.jpg?resize=350%2C200&ssl=1","width":350,"height":200,"srcset":"https:\/\/i0.wp.com\/tinnunculus.sy-sy.cz\/wp-content\/uploads\/2022\/03\/20220319_07-46-25-1024x576.jpg?resize=350%2C200&ssl=1 1x, https:\/\/i0.wp.com\/tinnunculus.sy-sy.cz\/wp-content\/uploads\/2022\/03\/20220319_07-46-25-1024x576.jpg?resize=525%2C300&ssl=1 1.5x"},"classes":[]},{"id":10186,"url":"https:\/\/tinnunculus.sy-sy.cz\/index.php\/deniky\/2020-2\/","url_meta":{"origin":823,"position":5},"title":"2020","author":"Zuzana Syrov\u00e1 An\u00fd\u017eov\u00e1","date":"29\/12\/2019","format":false,"excerpt":"2019\u00a0 p\u0159edchoz\u00ed rok \u2194 n\u00e1sleduj\u00edc\u00ed rok 2021 2020\/01\/01 - po\u0161tol\u010d\u00ed sami\u010dka vypla\u0161en\u00e1 p\u0159edchoz\u00ed ve\u010der silvestrovsk\u00fdmi petardami p\u0159il\u00e9t\u00e1 spolu se same\u010dkem na rann\u00ed inspekci (7:41\u20137:45); objevuj\u00ed se pak n\u011bkolikr\u00e1t za den a ve\u010der sami\u010dka op\u011bt p\u0159il\u00e9t\u00e1 na noc 2020\/01\/02 - po\u0161tol\u010d\u00ed sami\u010dka si p\u0159in\u00e1\u0161\u00ed do lod\u017eie hrabo\u0161e (9:12) 2020\/01\/06 - same\u010dek\u2026","rel":"","context":"V \u201eden\u00edk\u201c","block_context":{"text":"den\u00edk","link":"https:\/\/tinnunculus.sy-sy.cz\/index.php\/tag\/denik\/"},"img":{"alt_text":"","src":"https:\/\/i0.wp.com\/tinnunculus.sy-sy.cz\/wp-content\/uploads\/2020\/01\/20200101_08-20-38uprav-1024x677.jpg?resize=350%2C200&ssl=1","width":350,"height":200,"srcset":"https:\/\/i0.wp.com\/tinnunculus.sy-sy.cz\/wp-content\/uploads\/2020\/01\/20200101_08-20-38uprav-1024x677.jpg?resize=350%2C200&ssl=1 1x, https:\/\/i0.wp.com\/tinnunculus.sy-sy.cz\/wp-content\/uploads\/2020\/01\/20200101_08-20-38uprav-1024x677.jpg?resize=525%2C300&ssl=1 1.5x"},"classes":[]}],"jetpack_sharing_enabled":true,"_links":{"self":[{"href":"https:\/\/tinnunculus.sy-sy.cz\/index.php\/wp-json\/wp\/v2\/pages\/823","targetHints":{"allow":["GET"]}}],"collection":[{"href":"https:\/\/tinnunculus.sy-sy.cz\/index.php\/wp-json\/wp\/v2\/pages"}],"about":[{"href":"https:\/\/tinnunculus.sy-sy.cz\/index.php\/wp-json\/wp\/v2\/types\/page"}],"author":[{"embeddable":true,"href":"https:\/\/tinnunculus.sy-sy.cz\/index.php\/wp-json\/wp\/v2\/users\/2"}],"replies":[{"embeddable":true,"href":"https:\/\/tinnunculus.sy-sy.cz\/index.php\/wp-json\/wp\/v2\/comments?post=823"}],"version-history":[{"count":3,"href":"https:\/\/tinnunculus.sy-sy.cz\/index.php\/wp-json\/wp\/v2\/pages\/823\/revisions"}],"predecessor-version":[{"id":33689,"href":"https:\/\/tinnunculus.sy-sy.cz\/index.php\/wp-json\/wp\/v2\/pages\/823\/revisions\/33689"}],"up":[{"embeddable":true,"href":"https:\/\/tinnunculus.sy-sy.cz\/index.php\/wp-json\/wp\/v2\/pages\/809"}],"wp:attachment":[{"href":"https:\/\/tinnunculus.sy-sy.cz\/index.php\/wp-json\/wp\/v2\/media?parent=823"}],"wp:term":[{"taxonomy":"category","embeddable":true,"href":"https:\/\/tinnunculus.sy-sy.cz\/index.php\/wp-json\/wp\/v2\/categories?post=823"},{"taxonomy":"post_tag","embeddable":true,"href":"https:\/\/tinnunculus.sy-sy.cz\/index.php\/wp-json\/wp\/v2\/tags?post=823"}],"curies":[{"name":"wp","href":"https:\/\/api.w.org\/{rel}","templated":true}]}}