{"id":820,"date":"2017-08-04T17:28:45","date_gmt":"2017-08-04T15:28:45","guid":{"rendered":"http:\/\/tinnunculus.sy-sy.cz\/?page_id=820"},"modified":"2024-03-23T12:09:27","modified_gmt":"2024-03-23T11:09:27","slug":"2008-2","status":"publish","type":"page","link":"https:\/\/tinnunculus.sy-sy.cz\/index.php\/deniky\/2008-2\/","title":{"rendered":"2008"},"content":{"rendered":"<div class=\"article-main-content\">\n<div class=\"article-content\">\n<p><img data-recalc-dims=\"1\" loading=\"lazy\" decoding=\"async\" data-attachment-id=\"32246\" data-permalink=\"https:\/\/tinnunculus.sy-sy.cz\/index.php\/deniky\/2008-2\/dsc_9634-3\/\" data-orig-file=\"https:\/\/i0.wp.com\/tinnunculus.sy-sy.cz\/wp-content\/uploads\/2024\/03\/DSC_9634-scaled-e1709479887235.jpg?fit=1038%2C690&amp;ssl=1\" data-orig-size=\"1038,690\" data-comments-opened=\"1\" data-image-meta=\"{&quot;aperture&quot;:&quot;5.6&quot;,&quot;credit&quot;:&quot;&quot;,&quot;camera&quot;:&quot;NIKON D70&quot;,&quot;caption&quot;:&quot;&quot;,&quot;created_timestamp&quot;:&quot;1209718157&quot;,&quot;copyright&quot;:&quot;&quot;,&quot;focal_length&quot;:&quot;200&quot;,&quot;iso&quot;:&quot;0&quot;,&quot;shutter_speed&quot;:&quot;0.005&quot;,&quot;title&quot;:&quot;&quot;,&quot;orientation&quot;:&quot;1&quot;}\" data-image-title=\"DSC_9634\" data-image-description=\"\" data-image-caption=\"\" data-large-file=\"https:\/\/i0.wp.com\/tinnunculus.sy-sy.cz\/wp-content\/uploads\/2024\/03\/DSC_9634-scaled-e1709479887235.jpg?fit=525%2C349&amp;ssl=1\" class=\"aligncenter wp-image-32246 size-large\" src=\"https:\/\/i0.wp.com\/tinnunculus.sy-sy.cz\/wp-content\/uploads\/2024\/03\/DSC_9634.jpg?resize=525%2C349&#038;ssl=1\" alt=\"\" width=\"525\" height=\"349\" \/><\/p>\n<p style=\"text-align: center;\"><em><a title=\"hn\u00edzdn\u00ed sez\u00f3na 2007\" href=\"https:\/\/tinnunculus.sy-sy.cz\/index.php\/deniky\/2007-2\/\">2007<\/a> p\u0159edchoz\u00ed rok \u2194 n\u00e1sleduj\u00edc\u00ed rok <a title=\"hn\u00edzdn\u00ed sez\u00f3na 2009\" href=\"https:\/\/tinnunculus.sy-sy.cz\/index.php\/deniky\/2009-2\/\">2009<\/a><\/em><\/p>\n<p><!--more--><\/p>\n<ul style=\"text-align: center;\">\n<li style=\"text-align: left;\">2008\/02\/26 &#8211; po\u0161tolky se oz\u00fdvaj\u00ed v&nbsp;lod\u017eii<\/li>\n<li style=\"text-align: left;\">2008\/03\/15 &#8211; po\u0161tolky (? lo\u0148sk\u00e1 po\u0161tol\u010data) v&nbsp;po\u010dtu p\u011bti nav\u0161t\u00edvila lod\u017eii a&nbsp;vyv\u00e1d\u011bla; jeden same\u010dek se sokolnick\u00fdmi poutky na noh\u00e1ch<\/li>\n<li style=\"text-align: left;\">2008\/04\/10 &#8211; \u00faklid hn\u00edzdn\u00edho kouta; vystl\u00e1no senem; instalace kamery AXIS 207MW na hn\u00edzdo<\/li>\n<li style=\"text-align: left;\">2008\/04\/19 &#8211; prvn\u00ed z\u00e1znamy kamery; same\u010dek p\u0159inesl sami\u010dce my\u0161 na z\u00e1bradl\u00ed<\/li>\n<li style=\"text-align: left;\">2008\/05\/02 &#8211; zd\u00e1 se, \u017ee sami\u010dka preferuje hl\u00ednu v&nbsp;plas\u0165\u00e1ku p\u0159ed senem na hn\u00edzd\u011b<\/li>\n<li style=\"text-align: left;\"><strong>2008\/05\/05 &#8211; <\/strong>prvn\u00ed vejce v&nbsp;plas\u0165\u00e1ku<\/li>\n<li style=\"text-align: left;\"><strong>2008\/05\/08 &#8211;<\/strong> druh\u00e9 vejce<\/li>\n<li style=\"text-align: left;\"><strong>2008\/05\/10 &#8211; <\/strong>t\u0159et\u00ed vejce sneseno cca v&nbsp;09:11; sami\u010dka za\u010d\u00edn\u00e1 posed\u00e1vat<\/li>\n<li style=\"text-align: left;\"><strong>2008\/05\/12<\/strong>&#8211; \u010dtvrt\u00e9 vejce p\u0159ed 11:00<\/li>\n<li style=\"text-align: left;\">2008\/05\/13 &#8211; ukon\u010den\u00ed z\u00e1znam\u016f po&nbsp;dobu pobytu ve Francii do 2008\/05\/28<\/li>\n<li style=\"text-align: left;\"><strong>2008\/05\/14<\/strong>&#8211; p\u00e1t\u00e9 vejce<\/li>\n<li style=\"text-align: left;\">2008\/06\/01 &#8211; ciz\u00ed sami\u010dka (9:23, 11:16)<\/li>\n<li style=\"text-align: left;\">2008\/06\/08 &#8211; sami\u010dka sed\u00ed v&nbsp;pr\u016ftr\u017ei na vejc\u00edch<\/li>\n<li style=\"text-align: left;\"><strong>2008\/06\/09<\/strong> &#8211; same\u010dek vyhodil prvn\u00ed vejce<\/li>\n<li style=\"text-align: left;\">2008\/06\/14 &#8211; ciz\u00ed sami\u010dka (15:06)<\/li>\n<li style=\"text-align: left;\"><strong>2008\/06\/16<\/strong> &#8211; sami\u010dka se\u017erala druh\u00e9 vejce<\/li>\n<li style=\"text-align: left;\"><strong>2008\/06\/17<\/strong> &#8211; same\u010dek na n\u00e1v\u0161t\u011bv\u011b (8:33); sami\u010dka se\u017erala t\u0159et\u00ed vejce (8:39; sami\u010dka p\u0159est\u00e1v\u00e1 sed\u011bt na zb\u00fdvaj\u00edc\u00edch vejc\u00edch (odl\u00e9t\u00e111:28); same\u010dek si d\u00e1v\u00e1 \u010dtvrt\u00e9 vejce (13:44)<\/li>\n<li style=\"text-align: left;\">2008\/06\/18 &#8211; sami\u010dka vol\u00e1 same\u010dka; p\u00e1\u0159en\u00ed na ant\u00e9n\u011b prot\u011bj\u0161\u00edho domu (15:56)<\/li>\n<li style=\"text-align: left;\">2008\/06\/20 &#8211; same\u010dek r\u00e1no 2x v&nbsp;lod\u017eii<\/li>\n<li style=\"text-align: left;\">2008\/06\/21 &#8211; same\u010dek i&nbsp;sami\u010dka r\u00e1no v&nbsp;lod\u017eii<\/li>\n<li style=\"text-align: left;\"><strong>2008\/06\/23<\/strong> &#8211; nad r\u00e1nem zmizelo posledn\u00ed p\u00e1t\u00e9 vejce; p\u0159em\u00edst\u011bn\u00ed plas\u0165\u00e1ku;<\/li>\n<li style=\"text-align: left;\">&#8212;&#8212;&#8212;&#8212; &#8211; po\u0161tolky se nad\u00e1le objevuj\u00ed v&nbsp;lod\u017eii a&nbsp;p\u0159esp\u00e1vaj\u00ed zde; same\u010dek se vrt\u00ed na hn\u00edzd\u011b<\/li>\n<li style=\"text-align: left;\">2008\/07\/06 &#8211; same\u010dek spadl s&nbsp;bid\u00fdlkem a&nbsp;zlomil ho<\/li>\n<li style=\"text-align: left;\">2008\/08\/04 &#8211; instalace druh\u00e9 kamery AXIS 2011M na bid\u00fdlka<\/li>\n<li style=\"text-align: left;\">2008\/10\/17 &#8211; posledn\u00ed z\u00e1znam same\u010dka na bid\u00fdlku<\/li>\n<\/ul>\n<p align=\"center\">Aktu\u00e1ln\u00ed d\u011bn\u00ed je mo\u017eno sledovat\u00a0<a href=\"https:\/\/tinnunculus.sy-sy.cz\/index.php\/v-primem-prenosu\/\" target=\"_blank\" rel=\"noopener noreferrer\">zde<\/a>.<br \/>\nFoto a&nbsp;videoarchiv\u00a0<a href=\"https:\/\/photo.sy-sy.cz\/photo\/?t=Albums\/album_706f73746f6c65\/album_706f73746f6c652f32303038#Albums\/album_706f73746f6c65\/album_706f73746f6c652f32303038\" target=\"_blank\" rel=\"noopener\">2008<\/a>.<br \/>\nRok\u00a0<a href=\"https:\/\/tinnunculus.sy-sy.cz\/index.php\/deniky\/2008-2\/sezona-2008\/\">2008<\/a>\u00a0v\u00a0Bloku (aneb blogu, bloku \u010dili z\u00e1pisn\u00edku).<\/p>\n<p style=\"text-align: center;\" align=\"center\"><em><a title=\"hn\u00edzdn\u00ed sez\u00f3na 2007\" href=\"https:\/\/tinnunculus.sy-sy.cz\/index.php\/deniky\/2007-2\/\">2007<\/a> p\u0159edchoz\u00ed rok \u2194 n\u00e1sleduj\u00edc\u00ed rok <a title=\"hn\u00edzdn\u00ed sez\u00f3na 2009\" href=\"https:\/\/tinnunculus.sy-sy.cz\/index.php\/deniky\/2009-2\/\">2009<\/a><\/em><\/p>\n<div style=\"text-align: center;\" align=\"center\"><\/div>\n<p style=\"text-align: left;\">Pozn.: Z\u00e1kladn\u00ed informace o&nbsp;historii po\u0161tol\u010d\u00edho hn\u00edzda a&nbsp;pr\u016fb\u011bhu po\u0161tol\u010d\u00edho roku v&nbsp;lod\u017eii poskytuje \u010dl\u00e1nek <em><a title=\"O po\u0161tolk\u00e1ch aneb historie hn\u00edzda\" href=\"https:\/\/tinnunculus.sy-sy.cz\/index.php\/2013\/05\/24\/o-postolkach-aneb-historie-hnizda\/\">O po\u0161tolk\u00e1ch aneb historie hn\u00edzda<\/a>.<\/em><\/p>\n<p style=\"text-align: left;\">Jak\u00e9 po\u010das\u00ed prov\u00e1zelo sez\u00f3nu 2008 lze nahl\u00e9dnout v&nbsp;historick\u00fdch ro\u010dn\u00edch a&nbsp;m\u011bs\u00ed\u010dn\u00edch datech <em><a href=\"https:\/\/tinnunculus.sy-sy.cz\/index.php\/pocasi-u-nas\/archiv-pocasi\/pocasi-2008\/\" rel=\"noopener noreferrer\">zde<\/a><\/em>.<\/p>\n<\/div>\n<\/div>\n","protected":false},"excerpt":{"rendered":"<p>2007 p\u0159edchoz\u00ed rok \u2194 n\u00e1sleduj\u00edc\u00ed rok 2009<\/p>\n","protected":false},"author":2,"featured_media":0,"parent":809,"menu_order":2,"comment_status":"closed","ping_status":"closed","template":"","meta":{"jetpack_post_was_ever_published":false,"footnotes":""},"categories":[],"tags":[1424],"class_list":["post-820","page","type-page","status-publish","hentry","tag-denik"],"jetpack_shortlink":"https:\/\/wp.me\/P91gKE-de","jetpack-related-posts":[{"id":811,"url":"https:\/\/tinnunculus.sy-sy.cz\/index.php\/deniky\/2007-2\/","url_meta":{"origin":820,"position":0},"title":"2007","author":"Zuzana Syrov\u00e1 An\u00fd\u017eov\u00e1","date":"04\/08\/2017","format":false,"excerpt":"\u2192 n\u00e1sleduj\u00edc\u00ed rok 2008 2007\/05\/10 - ji\u017e kompletn\u00ed sn\u016f\u0161ka 5 zrzav\u00fdch vajec; dal\u0161\u00ed b\u00edl\u00e9 vejce se st\u0159\u00eddav\u011b ocit\u00e1 pod sami\u010dkou a\u017e n\u011bkdy koncem kv\u011btna miz\u00ed 2007\/06\/03 - vyl\u00edhnut\u00e1 ji\u017e 4 po\u0161tol\u010data 2007\/06\/04 - vyl\u00edhnuto ji\u017e v\u0161ech p\u011bt po\u0161tol\u010dat 2007\/06\/20 - po\u0161tol\u010data se zdr\u017euj\u00ed p\u0159i vyhl\u00ed\u017een\u00ed rodi\u010d\u016f pod z\u00e1bradl\u00edm u\u00a0plas\u0165\u00e1ku 2007\/06\/24\u2026","rel":"","context":"V \u201eden\u00edk\u201c","block_context":{"text":"den\u00edk","link":"https:\/\/tinnunculus.sy-sy.cz\/index.php\/tag\/denik\/"},"img":{"alt_text":"","src":"https:\/\/i0.wp.com\/tinnunculus.sy-sy.cz\/wp-content\/uploads\/2024\/03\/dsc20412-1024x681.jpg?resize=350%2C200&ssl=1","width":350,"height":200,"srcset":"https:\/\/i0.wp.com\/tinnunculus.sy-sy.cz\/wp-content\/uploads\/2024\/03\/dsc20412-1024x681.jpg?resize=350%2C200&ssl=1 1x, https:\/\/i0.wp.com\/tinnunculus.sy-sy.cz\/wp-content\/uploads\/2024\/03\/dsc20412-1024x681.jpg?resize=525%2C300&ssl=1 1.5x"},"classes":[]},{"id":823,"url":"https:\/\/tinnunculus.sy-sy.cz\/index.php\/deniky\/2009-2\/","url_meta":{"origin":820,"position":1},"title":"2009","author":"Zuzana Syrov\u00e1 An\u00fd\u017eov\u00e1","date":"04\/08\/2017","format":false,"excerpt":"2008 p\u0159edchoz\u00ed rok \u2194 n\u00e1sleduj\u00edc\u00ed rok 2010 2009\/03\/18 - po\u0161tolka na z\u00e1bradl\u00ed (8:00) 2009\/03\/27 - same\u010dek se sami\u010dkou na obhl\u00eddce hn\u00edzda 2009\/03\/28 - span\u00ed na bid\u00fdlku 2009\/03\/29 - p\u00e1\u0159en\u00ed na ant\u00e9n\u011b a na bid\u00fdlku 2009\/03\/30 - nad r\u00e1nem zmizelo holoub\u011b; ciz\u00ed same\u010dek 2009\/03\/31 - same\u010dek p\u0159inesl my\u0161e (13:58) 2009\/04\/02 -\u2026","rel":"","context":"V \u201eden\u00edk\u201c","block_context":{"text":"den\u00edk","link":"https:\/\/tinnunculus.sy-sy.cz\/index.php\/tag\/denik\/"},"img":{"alt_text":"","src":"https:\/\/i0.wp.com\/tinnunculus.sy-sy.cz\/wp-content\/uploads\/2024\/03\/DSC_2834-1024x681.jpg?resize=350%2C200&ssl=1","width":350,"height":200,"srcset":"https:\/\/i0.wp.com\/tinnunculus.sy-sy.cz\/wp-content\/uploads\/2024\/03\/DSC_2834-1024x681.jpg?resize=350%2C200&ssl=1 1x, https:\/\/i0.wp.com\/tinnunculus.sy-sy.cz\/wp-content\/uploads\/2024\/03\/DSC_2834-1024x681.jpg?resize=525%2C300&ssl=1 1.5x"},"classes":[]},{"id":733,"url":"https:\/\/tinnunculus.sy-sy.cz\/index.php\/postolci-sezony\/","url_meta":{"origin":820,"position":2},"title":"Po\u0161tol\u010d\u00ed sez\u00f3ny","author":"Zuzana Syrov\u00e1 An\u00fd\u017eov\u00e1","date":"03\/08\/2017","format":false,"excerpt":"2007 Sneseno 5 vajec + 1 b\u00edl\u00e9 vejce (p\u0159ed 2007\/05\/10). Vyl\u00edhlo se 5 po\u0161tol\u010dat (2007\/06\/03 zji\u0161t\u011bna \u010dty\u0159i; 2007\/06\/04 p\u00e1t\u00e9). V\u0161ech 5 po\u0161tol\u010dat odchov\u00e1no a zd\u00e1rn\u011b vylet\u011blo. 2008 Sneseno 5 vajec (2008\/05\/05\u20142008\/05\/14). Vyl\u00edhlo se 0 po\u0161tol\u010dat. V\u0161ech 5 vajec zkonzumovali rodi\u010de (2008\/06\/09\u20142008\/06\/23). 2009 Snesena 4 vejce (2009\/04\/24\u20142009\/05\/01). Vyl\u00edhla se 3 po\u0161tol\u010data\u2026","rel":"","context":"V \u201e\"Na\u0161e\" po\u0161tolky\u201c","block_context":{"text":"\"Na\u0161e\" po\u0161tolky","link":"https:\/\/tinnunculus.sy-sy.cz\/index.php\/category\/nasi\/nase-postolky\/"},"img":{"alt_text":"Vlajka Francie","src":"https:\/\/i0.wp.com\/statni.vlajky.org\/32\/francie.png?resize=350%2C200","width":350,"height":200},"classes":[]},{"id":20977,"url":"https:\/\/tinnunculus.sy-sy.cz\/index.php\/deniky\/2008-2\/sezona-2008\/","url_meta":{"origin":820,"position":3},"title":"Sez\u00f3na 2008","author":"Zuzana Syrov\u00e1 An\u00fd\u017eov\u00e1","date":"19\/03\/2023","format":false,"excerpt":"\u00a0 Den\u00edk 2008","rel":"","context":"Podobn\u00fd p\u0159\u00edsp\u011bvek","block_context":{"text":"Podobn\u00fd p\u0159\u00edsp\u011bvek","link":""},"img":{"alt_text":"","src":"","width":0,"height":0},"classes":[]},{"id":14180,"url":"https:\/\/tinnunculus.sy-sy.cz\/index.php\/pocasi-u-nas\/archiv-pocasi\/pocasi-2008\/","url_meta":{"origin":820,"position":4},"title":"Po\u010das\u00ed 2008","author":"Zuzana Syrov\u00e1 An\u00fd\u017eov\u00e1","date":"12\/01\/2021","format":false,"excerpt":"2007 \u00a6 2008 \u00a6 2009 \u00a6 2010 \u00a6 2011 \u00a6 2012 \u00a6 2013 \u00a6 2014 \u00a6 2015 \u00a6 2016 \u00a6 2017 \u00a6 2018 \u00a6 2019 \u00a6 2020 \u00a6 2021 \u00a6 2022 \u00a6 2023 \u00a6 2024 \u00a6 2025 \u00a6 2026 \u00a0 Po\u010das\u00ed v Bystrci \u00a6 Mapa \u00a6 Archiv \u00a6 Meteostanice a\u2026","rel":"","context":"Podobn\u00fd p\u0159\u00edsp\u011bvek","block_context":{"text":"Podobn\u00fd p\u0159\u00edsp\u011bvek","link":""},"img":{"alt_text":"","src":"https:\/\/i0.wp.com\/tinnunculus.sy-sy.cz\/wp-content\/uploads\/2021\/01\/history_meteoblue_cz_2008-1024x830.png?resize=350%2C200&ssl=1","width":350,"height":200,"srcset":"https:\/\/i0.wp.com\/tinnunculus.sy-sy.cz\/wp-content\/uploads\/2021\/01\/history_meteoblue_cz_2008-1024x830.png?resize=350%2C200&ssl=1 1x, https:\/\/i0.wp.com\/tinnunculus.sy-sy.cz\/wp-content\/uploads\/2021\/01\/history_meteoblue_cz_2008-1024x830.png?resize=525%2C300&ssl=1 1.5x"},"classes":[]},{"id":2863,"url":"https:\/\/tinnunculus.sy-sy.cz\/index.php\/v-primem-prenosu-odjinud\/falco-tinnunculus-online\/webkamery-z-hnizd\/webkamery-vyber-2018\/","url_meta":{"origin":820,"position":5},"title":"V\u00fdb\u011br z&nbsp;&#8222;ciz\u00edch&#8220; hn\u00edzd 2018","author":"Zuzana Syrov\u00e1 An\u00fd\u017eov\u00e1","date":"23\/03\/2018","format":false,"excerpt":"V\u00fdb\u011br zahrnuje report\u00e1\u017ee a p\u0159enosy z hn\u00edzd po\u0161tolky obecn\u00e9, v nich\u017e bylo v\u00a0 roce 2018 zaznamen\u00e1no snesen\u00ed alespo\u0148 jednoho vejce. \u00a0 2019 \u00a6 2018 \u00a6 2017 \u00a6 2016 \u00a6 2015 \u00a6 2014 \u00a6 2013 \u00a6 2012 \u00a6 2011 \u00a6 2010 2009 \u00a6 2008 \u00a6 2007 \u00a6 2006 P\u0159ehled v\u0161ech sledovan\u00fdch\u2026","rel":"","context":"Podobn\u00fd p\u0159\u00edsp\u011bvek","block_context":{"text":"Podobn\u00fd p\u0159\u00edsp\u011bvek","link":""},"img":{"alt_text":"","src":"","width":0,"height":0},"classes":[]}],"jetpack_sharing_enabled":true,"_links":{"self":[{"href":"https:\/\/tinnunculus.sy-sy.cz\/index.php\/wp-json\/wp\/v2\/pages\/820","targetHints":{"allow":["GET"]}}],"collection":[{"href":"https:\/\/tinnunculus.sy-sy.cz\/index.php\/wp-json\/wp\/v2\/pages"}],"about":[{"href":"https:\/\/tinnunculus.sy-sy.cz\/index.php\/wp-json\/wp\/v2\/types\/page"}],"author":[{"embeddable":true,"href":"https:\/\/tinnunculus.sy-sy.cz\/index.php\/wp-json\/wp\/v2\/users\/2"}],"replies":[{"embeddable":true,"href":"https:\/\/tinnunculus.sy-sy.cz\/index.php\/wp-json\/wp\/v2\/comments?post=820"}],"version-history":[{"count":3,"href":"https:\/\/tinnunculus.sy-sy.cz\/index.php\/wp-json\/wp\/v2\/pages\/820\/revisions"}],"predecessor-version":[{"id":33688,"href":"https:\/\/tinnunculus.sy-sy.cz\/index.php\/wp-json\/wp\/v2\/pages\/820\/revisions\/33688"}],"up":[{"embeddable":true,"href":"https:\/\/tinnunculus.sy-sy.cz\/index.php\/wp-json\/wp\/v2\/pages\/809"}],"wp:attachment":[{"href":"https:\/\/tinnunculus.sy-sy.cz\/index.php\/wp-json\/wp\/v2\/media?parent=820"}],"wp:term":[{"taxonomy":"category","embeddable":true,"href":"https:\/\/tinnunculus.sy-sy.cz\/index.php\/wp-json\/wp\/v2\/categories?post=820"},{"taxonomy":"post_tag","embeddable":true,"href":"https:\/\/tinnunculus.sy-sy.cz\/index.php\/wp-json\/wp\/v2\/tags?post=820"}],"curies":[{"name":"wp","href":"https:\/\/api.w.org\/{rel}","templated":true}]}}