{"id":7953,"date":"2019-05-21T14:49:23","date_gmt":"2019-05-21T12:49:23","guid":{"rendered":"http:\/\/tinnunculus.sy-sy.cz\/?page_id=7953"},"modified":"2025-12-15T09:12:57","modified_gmt":"2025-12-15T08:12:57","slug":"napiste-nam","status":"publish","type":"page","link":"https:\/\/tinnunculus.sy-sy.cz\/index.php\/contact\/napiste-nam\/","title":{"rendered":"Napi\u0161te n\u00e1m"},"content":{"rendered":"<div data-test='contact-form'\n\t\t\tid='contact-form-7953'\n\t\t\tclass='jetpack-contact-form-container '\n\t\t\tdata-wp-interactive='jetpack\/form' data-wp-context='{\"formId\":\"7953\",\"formHash\":\"566ac1b4f2990b3ddcf04e6d467ba92e7266e240\",\"showErrors\":false,\"errors\":[],\"fields\":[],\"isMultiStep\":false,\"useAjax\":true,\"submissionData\":null,\"formattedSubmissionData\":[],\"submissionSuccess\":false,\"submissionError\":null,\"elementId\":\"jp-form-566ac1b4f2990b3ddcf04e6d467ba92e7266e240\",\"isSingleInputForm\":false,\"isForcedHorizontal\":false}'\n\t\t\tdata-wp-watch--scroll-to-wrapper=\"callbacks.scrollToWrapper\"\n\t\t>\n<div class=\"contact-form-submission contact-form-ajax-submission\" data-wp-bind--aria-hidden=\"state.isSuccessMessageAriaHidden\" data-wp-class--submission-success=\"context.submissionSuccess\" id=\"contact-form-success-566ac1b4f2990b3ddcf04e6d467ba92e7266e240\" tabindex=\"-1\" aria-labelledby=\"contact-form-success-header-566ac1b4f2990b3ddcf04e6d467ba92e7266e240\"><p class=\"go-back-message\"><a class=\"link\" role=\"button\" tabindex=\"0\" data-wp-on--click=\"actions.goBack\" href=\"\/index.php\/wp-json\/wp\/v2\/pages\/7953\">\u2190 Zp\u011bt<\/a><\/p><h4 data-wp-bind--aria-hidden=\"state.isSuccessMessageAriaHidden\" id=\"contact-form-success-header-566ac1b4f2990b3ddcf04e6d467ba92e7266e240\">D\u011bkujeme za Va\u0161i odpov\u011b\u010f. \u2728<\/h4>\n\n<template data-wp-each--submission=\"context.formattedSubmissionData\">\n\t\t\t\t\t<div class=\"jetpack_forms_contact-form-success-summary\">\n\t\t\t\t\t\t<div class=\"field-name-wrapper\">\n\t\t\t\t\t\t\t<div class=\"field-type-icon\" data-wp-watch=\"callbacks.watchFieldTypeIcon\"><\/div>\n\t\t\t\t\t\t\t<div class=\"field-name\" data-wp-text=\"context.submission.label\" data-wp-bind--hidden=\"!context.submission.label\"><\/div>\n\t\t\t\t\t\t<\/div>\n\t\t\t\t\t\t<div class=\"field-value\" data-wp-text=\"context.submission.value\" data-wp-bind--hidden=\"!context.submission.showPlainValue\"><\/div>\n\t\t\t\t\t\t<a class=\"field-url\" data-wp-bind--href=\"context.submission.url\" data-wp-text=\"context.submission.value\" data-wp-bind--hidden=\"!context.submission.url\" target=\"_blank\" rel=\"noopener noreferrer\"><\/a>\n\t\t\t\t\t\t<div class=\"field-rating\" data-wp-bind--hidden=\"!context.submission.rating\" data-wp-watch=\"callbacks.watchRatingIcons\"><\/div>\n\t\t\t\t\t\t<div class=\"field-images\" data-wp-bind--hidden=\"!context.submission.images\">\n\t\t\t\t\t\t\t<template data-wp-each--image=\"context.submission.images\">\n\t\t\t\t\t\t\t\t<div class=\"field-image-option\" data-wp-class--is-empty=\"!context.image.src\">\n\t\t\t\t\t\t\t\t\t<figure class=\"field-image-option__image\" data-wp-class--is-empty=\"!context.image.src\">\n\t\t\t\t\t\t\t\t\t\t<img data-wp-bind--src=\"context.image.src\" data-wp-bind--hidden=\"!context.image.src\" \/>\n\t\t\t\t\t\t\t\t\t\t<img decoding=\"async\" src=\"data:image\/gif;base64,R0lGODlhAQABAAD\/ACwAAAAAAQABAAACADs=\" data-wp-bind--hidden=\"context.image.src\" \/>\n\t\t\t\t\t\t\t\t\t<\/figure>\n\t\t\t\t\t\t\t\t\t<div class=\"field-image-option__label-wrapper\">\n\t\t\t\t\t\t\t\t\t\t<span class=\"field-image-option__label-code\" data-wp-text=\"context.image.letterCode\"><\/span>\n\t\t\t\t\t\t\t\t\t\t<span class=\"field-image-option__label\" data-wp-text=\"context.image.label\" data-wp-bind--hidden=\"!context.image.label\"><\/span>\n\t\t\t\t\t\t\t\t\t<\/div>\n\t\t\t\t\t\t\t\t<\/div>\n\t\t\t\t\t\t\t<\/template>\n\t\t\t\t\t\t<\/div>\n\t\t\t\t\t\t<div class=\"field-files\" data-wp-bind--hidden=\"!context.submission.files\">\n\t\t\t\t\t\t\t<template data-wp-each--file=\"context.submission.files\">\n\t\t\t\t\t\t\t\t<div class=\"field-file\">\n\t\t\t\t\t\t\t\t\t<div class=\"field-file__thumbnail\" data-wp-style--background-image=\"context.file.previewUrl\" data-wp-style--mask-image=\"context.file.iconUrl\" data-wp-bind--hidden=\"!context.file.hasPreview\"><\/div>\n\t\t\t\t\t\t\t\t\t<svg class=\"field-file__icon\" data-wp-bind--hidden=\"context.file.hasPreview\" width=\"20\" height=\"20\" viewBox=\"0 0 24 24\" fill=\"none\" xmlns=\"http:\/\/www.w3.org\/2000\/svg\" aria-hidden=\"true\">\n\t\t\t\t\t\t\t\t\t\t<path d=\"M14 2H6C4.9 2 4 2.9 4 4V20C4 21.1 4.89 22 5.99 22H18C19.1 22 20 21.1 20 20V8L14 2ZM18 20H6V4H13V9H18V20Z\" fill=\"currentColor\"\/>\n\t\t\t\t\t\t\t\t\t<\/svg>\n\t\t\t\t\t\t\t\t\t<span class=\"field-file__name\" data-wp-text=\"context.file.name\"><\/span>\n\t\t\t\t\t\t\t\t\t<span class=\"field-file__size\" data-wp-text=\"context.file.size\"><\/span>\n\t\t\t\t\t\t\t\t<\/div>\n\t\t\t\t\t\t\t<\/template>\n\t\t\t\t\t\t<\/div>\n\t\t\t\t\t<\/div>\n\t\t\t\t<\/template><\/div><form action='https:\/\/tinnunculus.sy-sy.cz\/index.php\/contact\/napiste-nam\/'\n\t\t\t\tid='jp-form-566ac1b4f2990b3ddcf04e6d467ba92e7266e240'\n\t\t\t\tmethod='post'\n\t\t\t\tclass='contact-form commentsblock jetpack-contact-form__form has-no-jetpack-form-layout' aria-label=\"Napi\u0161te n\u00e1m\"\n\t\t\t\tdata-wp-on--submit=\"actions.onFormSubmit\"\n\t\t\t\tdata-wp-on--reset=\"actions.onFormReset\"\n\t\t\t\tdata-wp-class--submission-success=\"context.submissionSuccess\"\n\t\t\t\tdata-wp-class--is-first-step=\"state.isFirstStep\"\n\t\t\t\tdata-wp-class--is-last-step=\"state.isLastStep\"\n\t\t\t\tdata-wp-class--is-ajax-form=\"context.useAjax\"\n\t\t\t\tnovalidate >\n<input type='hidden' name='jetpack_contact_form_jwt' value='eyJ0eXAiOiJKV1QiLCJhbGciOiJIUzI1NiJ9.eyJlbmNyeXB0ZWRfYXR0cmlidXRlcyI6Ik12VzdySEg4ZVlwT3htOHhDdXZaaUtVTGxTQ2VUVitBNTdQRzFNRktXU0oybHYyMkJWenlqWms4V2tPWFNRZXU2NzFrUWMwdE1YMjZFcFczMjVGSng0S3pnVmNzVGp6bUxQclVIVGVGNHFDNkhMYWx0NEZBcFAveFFVSS9rYU0zS09Cc0o3UFI2UXJSSS9xT1QySWo0QzI4bXpLcXhwOVpxaWJMMG52L0xlVUNhVVhLMjQ4VEtOclBmTDJOdkNWQVdlNENsSDVKZEhuUnNsM25HOW9sQmRqcnpQWDV3Q3VmeTVFVzFaeWYvSUNLK3llb3JHUUFrbUxBMklqTktsdHBZL1hycGt4QXNtWHBLU0FWMzd5WUNVWGdYSE0xOGRlTjB5YlIwQnBQUFJSbVVrUGxCb0hpUTRVazNPb2hqbG1vdzN0bnhNd0plSDdaSzhRYVhuVkJIQk9YUStPeVJTK2hVSy95YmVIdGgzUHNrbkdZSmxVeEpaT3EwOEcvYlNzVnc0RlpRcmhQTlUya2VTQ3RJZGNnWjF2cHRwZTQvVHVSeDVuOTJxdlhObHFISmdOMFpnZm9PU0hnMk43WlNUalY3UHVIWEpkN203ZFZVV0dzWFE0MXRXZE11TGY5S1BZRDlaSU5kOHlDN3NLYzBKL0JzakNISS82VzA3dkZVRkNjL0pzcGFWcGlCZUJrdG8wRDFmY0xKamhRbnhCbmNYak8zZk5ZRHRiMm1VM0tCQjFkWmN2OThUWWZVQSt3UEJ3T2ZPZm1tZDhIdWJDUUFPWjhRYVlwQk80Q1pwcDJOSjhFTDhrT0FNMFRMZ0RJekw4a1NJbmxnUnZCSnRGVmgzc1hBZ0FZWkhxUTJQR3BtSGxCanYxNlVCRmFRRndCRm9qU3ZaSmpHRVQ4b2RtWVd5YlI0OE9FcEZsSkZNcmZONTRldlRnQTB5YmEwYllwOWJaNGkxbjR0cWRyWWN6Ujd5UWVWSWtQWkNTYTA4UG1zaE45RnRFcWRuejJYRFhOTURHM2Zsdm85Vkt2VmEvaHEzcDNEVi9RN01ucXBCL1NNMThNWXc4MmxBK2RNNlh1dTJTS2VaUmJBdjhMSHVyRk1KZThtTUxGWldzTEVZQmFndmh4WVlsVk1PZGhlNEVwdFhjNDNQcUNaNWxOS0NMMExmbDkvQWp5NWdLUWc0SjUvemV0bExoYjlTcWNQK1E0RC83b2hTZDFSaDNURG1VQjF2Y1VrTUZiNmdoUUFPdUM3bE9QOStoWnpiWE9SUEU5WkVLR3BReVBtaTIxb2NsdCtHUW1Cb0VHeGY1bUZJOFAvQnVGOEpPdyIsImNvbnRlbnQiOiJbY29udGFjdC1maWVsZCBsYWJlbD1cIkptXHUwMGU5bm9cIiB0eXBlPVwibmFtZVwiICByZXF1aXJlZD1cInRydWVcIiAvXVtjb250YWN0LWZpZWxkIGxhYmVsPVwiRW1haWxvdlx1MDBlMSBhZHJlc2FcIiB0eXBlPVwiZW1haWxcIiByZXF1aXJlZD1cInRydWVcIiAvXVtjb250YWN0LWZpZWxkIGxhYmVsPVwiV2Vib3ZcdTAwZTEgc3RyXHUwMGUxbmthXCIgdHlwZT1cInVybFwiIC9dW2NvbnRhY3QtZmllbGQgbGFiZWw9XCJacHJcdTAwZTF2YVwiIHR5cGU9XCJ0ZXh0YXJlYVwiIC9dIiwiaGFzaCI6IjU2NmFjMWI0ZjI5OTBiM2RkY2YwNGU2ZDQ2N2JhOTJlNzI2NmUyNDAiLCJzb3VyY2UiOnsiZW50cnlfdGl0bGUiOiJOYXBpXHUwMTYxdGUgblx1MDBlMW0iLCJlbnRyeV9wYWdlIjoxLCJzb3VyY2VfaWQiOjc5NTMsInNvdXJjZV90eXBlIjoic2luZ2xlIiwicmVxdWVzdF91cmwiOiJodHRwczovL3Rpbm51bmN1bHVzLnN5LXN5LmN6L3dwLWpzb24vd3AvdjIvcGFnZXMvNzk1MyJ9LCJ2ZXJzaW9uIjoyLCJjaXBoZXIiOiJhZXMtMjU2LWdjbSJ9.RFrPWoSwbJaaEgeCz7EeJYqr38V3FniTW1NXgVhew6c' \/>\n\n<div style=\"\"  data-wp-interactive=\"jetpack\/form\" data-wp-context='{\"fieldId\":\"g7953-jmno\",\"fieldType\":\"name\",\"fieldLabel\":\"Jm\\u00e9no\",\"fieldValue\":\"\",\"fieldPlaceholder\":\"\",\"fieldIsRequired\":\"1\",\"fieldErrorMessage\":\"\",\"fieldExtra\":[],\"formHash\":\"566ac1b4f2990b3ddcf04e6d467ba92e7266e240\"}'  class='grunion-field-name-wrap grunion-field-wrap'  data-wp-init='callbacks.initializeField' data-wp-on--jetpack-form-reset='callbacks.initializeField' >\n<label\n\t\t\t\tfor='g7953-jmno' class=\"grunion-field-label name\" >Jm\u00e9no<span class=\"grunion-label-required\" aria-hidden=\"true\">(vy\u017eadov\u00e1no)<\/span><\/label>\n<input\n\t\t\t\t\ttype='text'\n\t\t\t\t\tname='g7953-jmno'\n\t\t\t\t\tid='g7953-jmno'\n\t\t\t\t\tvalue=''\n\n\t\t\t\t\tdata-wp-bind--aria-invalid='state.fieldAriaInvalid'\n\t\t\t\t\tdata-wp-bind--value='state.getFieldValue'\n\t\t\t\t\taria-describedby='g7953-jmno-text-error-message'\n\t\t\t\t\tdata-wp-on--input='actions.onFieldChange'\n\t\t\t\t\tdata-wp-on--blur='actions.onFieldBlur'\n\t\t\t\t\tdata-wp-class--has-value='state.hasFieldValue'\n\n\t\t\t\t\tclass='name  grunion-field' \n\t\t\t\t\trequired='true' aria-required='true'  \/>\n \n\t\t\t<div id=\"g7953-jmno-text-error\" class=\"contact-form__input-error\" data-wp-class--has-errors=\"state.fieldHasErrors\">\n\t\t\t\t<span class=\"contact-form__warning-icon\" aria-hidden=\"true\">\n\t\t\t\t\t<svg width=\"16\" height=\"16\" viewBox=\"0 0 16 16\" fill=\"none\" xmlns=\"http:\/\/www.w3.org\/2000\/svg\">\n\t\t\t\t\t\t<path d=\"M8.50015 11.6402H7.50015V10.6402H8.50015V11.6402Z\" \/>\n\t\t\t\t\t\t<path d=\"M7.50015 9.64018H8.50015V6.30684H7.50015V9.64018Z\" \/>\n\t\t\t\t\t\t<path fill-rule=\"evenodd\" clip-rule=\"evenodd\" d=\"M6.98331 3.0947C7.42933 2.30177 8.57096 2.30177 9.01698 3.09469L13.8771 11.7349C14.3145 12.5126 13.7525 13.4735 12.8602 13.4735H3.14004C2.24774 13.4735 1.68575 12.5126 2.12321 11.7349L6.98331 3.0947ZM8.14541 3.58496C8.08169 3.47168 7.9186 3.47168 7.85488 3.58496L2.99478 12.2251C2.93229 12.3362 3.01257 12.4735 3.14004 12.4735H12.8602C12.9877 12.4735 13.068 12.3362 13.0055 12.2251L8.14541 3.58496Z\" \/>\n\t\t\t\t\t<\/svg>\n\t\t\t\t<\/span>\n\t\t\t\t<span data-wp-text=\"state.errorMessage\" id=\"g7953-jmno-text-error-message\"><\/span>\n\t\t\t<\/div> \n\t<\/div>\n\n<div style=\"\"  data-wp-interactive=\"jetpack\/form\" data-wp-context='{\"fieldId\":\"g7953-emailovadresa\",\"fieldType\":\"email\",\"fieldLabel\":\"Emailov\\u00e1 adresa\",\"fieldValue\":\"\",\"fieldPlaceholder\":\"\",\"fieldIsRequired\":\"1\",\"fieldErrorMessage\":\"\",\"fieldExtra\":[],\"formHash\":\"566ac1b4f2990b3ddcf04e6d467ba92e7266e240\"}'  class='grunion-field-email-wrap grunion-field-wrap'  data-wp-init='callbacks.initializeField' data-wp-on--jetpack-form-reset='callbacks.initializeField' >\n<label\n\t\t\t\tfor='g7953-emailovadresa' class=\"grunion-field-label email\" >Emailov\u00e1 adresa<span class=\"grunion-label-required\" aria-hidden=\"true\">(vy\u017eadov\u00e1no)<\/span><\/label>\n<input\n\t\t\t\t\ttype='email'\n\t\t\t\t\tname='g7953-emailovadresa'\n\t\t\t\t\tid='g7953-emailovadresa'\n\t\t\t\t\tvalue=''\n\n\t\t\t\t\tdata-wp-bind--aria-invalid='state.fieldAriaInvalid'\n\t\t\t\t\tdata-wp-bind--value='state.getFieldValue'\n\t\t\t\t\taria-describedby='g7953-emailovadresa-email-error-message'\n\t\t\t\t\tdata-wp-on--input='actions.onFieldChange'\n\t\t\t\t\tdata-wp-on--blur='actions.onFieldBlur'\n\t\t\t\t\tdata-wp-class--has-value='state.hasFieldValue'\n\n\t\t\t\t\tclass='email  grunion-field' \n\t\t\t\t\trequired='true' aria-required='true'  \/>\n \n\t\t\t<div id=\"g7953-emailovadresa-email-error\" class=\"contact-form__input-error\" data-wp-class--has-errors=\"state.fieldHasErrors\">\n\t\t\t\t<span class=\"contact-form__warning-icon\" aria-hidden=\"true\">\n\t\t\t\t\t<svg width=\"16\" height=\"16\" viewBox=\"0 0 16 16\" fill=\"none\" xmlns=\"http:\/\/www.w3.org\/2000\/svg\">\n\t\t\t\t\t\t<path d=\"M8.50015 11.6402H7.50015V10.6402H8.50015V11.6402Z\" \/>\n\t\t\t\t\t\t<path d=\"M7.50015 9.64018H8.50015V6.30684H7.50015V9.64018Z\" \/>\n\t\t\t\t\t\t<path fill-rule=\"evenodd\" clip-rule=\"evenodd\" d=\"M6.98331 3.0947C7.42933 2.30177 8.57096 2.30177 9.01698 3.09469L13.8771 11.7349C14.3145 12.5126 13.7525 13.4735 12.8602 13.4735H3.14004C2.24774 13.4735 1.68575 12.5126 2.12321 11.7349L6.98331 3.0947ZM8.14541 3.58496C8.08169 3.47168 7.9186 3.47168 7.85488 3.58496L2.99478 12.2251C2.93229 12.3362 3.01257 12.4735 3.14004 12.4735H12.8602C12.9877 12.4735 13.068 12.3362 13.0055 12.2251L8.14541 3.58496Z\" \/>\n\t\t\t\t\t<\/svg>\n\t\t\t\t<\/span>\n\t\t\t\t<span data-wp-text=\"state.errorMessage\" id=\"g7953-emailovadresa-email-error-message\"><\/span>\n\t\t\t<\/div> \n\t<\/div>\n\n<div style=\"\"  data-wp-interactive=\"jetpack\/form\" data-wp-context='{\"fieldId\":\"g7953-webovstrnka\",\"fieldType\":\"url\",\"fieldLabel\":\"Webov\\u00e1 str\\u00e1nka\",\"fieldValue\":\"\",\"fieldPlaceholder\":\"\",\"fieldIsRequired\":\"\",\"fieldErrorMessage\":\"\",\"fieldExtra\":[],\"formHash\":\"566ac1b4f2990b3ddcf04e6d467ba92e7266e240\"}'  class='grunion-field-url-wrap grunion-field-wrap'  data-wp-init='callbacks.initializeField' data-wp-on--jetpack-form-reset='callbacks.initializeField' >\n<label\n\t\t\t\tfor='g7953-webovstrnka' class=\"grunion-field-label url\" >Webov\u00e1 str\u00e1nka<\/label>\n<input\n\t\t\t\t\ttype='text'\n\t\t\t\t\tname='g7953-webovstrnka'\n\t\t\t\t\tid='g7953-webovstrnka'\n\t\t\t\t\tvalue=''\n\n\t\t\t\t\tdata-wp-bind--aria-invalid='state.fieldAriaInvalid'\n\t\t\t\t\tdata-wp-bind--value='state.getFieldValue'\n\t\t\t\t\taria-describedby='g7953-webovstrnka-text-error-message'\n\t\t\t\t\tdata-wp-on--input='actions.onFieldChange'\n\t\t\t\t\tdata-wp-on--blur='actions.onFieldBlur'\n\t\t\t\t\tdata-wp-class--has-value='state.hasFieldValue'\n\n\t\t\t\t\tclass='url  grunion-field' \n\t\t\t\t\t \/>\n \n\t\t\t<div id=\"g7953-webovstrnka-text-error\" class=\"contact-form__input-error\" data-wp-class--has-errors=\"state.fieldHasErrors\">\n\t\t\t\t<span class=\"contact-form__warning-icon\" aria-hidden=\"true\">\n\t\t\t\t\t<svg width=\"16\" height=\"16\" viewBox=\"0 0 16 16\" fill=\"none\" xmlns=\"http:\/\/www.w3.org\/2000\/svg\">\n\t\t\t\t\t\t<path d=\"M8.50015 11.6402H7.50015V10.6402H8.50015V11.6402Z\" \/>\n\t\t\t\t\t\t<path d=\"M7.50015 9.64018H8.50015V6.30684H7.50015V9.64018Z\" \/>\n\t\t\t\t\t\t<path fill-rule=\"evenodd\" clip-rule=\"evenodd\" d=\"M6.98331 3.0947C7.42933 2.30177 8.57096 2.30177 9.01698 3.09469L13.8771 11.7349C14.3145 12.5126 13.7525 13.4735 12.8602 13.4735H3.14004C2.24774 13.4735 1.68575 12.5126 2.12321 11.7349L6.98331 3.0947ZM8.14541 3.58496C8.08169 3.47168 7.9186 3.47168 7.85488 3.58496L2.99478 12.2251C2.93229 12.3362 3.01257 12.4735 3.14004 12.4735H12.8602C12.9877 12.4735 13.068 12.3362 13.0055 12.2251L8.14541 3.58496Z\" \/>\n\t\t\t\t\t<\/svg>\n\t\t\t\t<\/span>\n\t\t\t\t<span data-wp-text=\"state.errorMessage\" id=\"g7953-webovstrnka-text-error-message\"><\/span>\n\t\t\t<\/div> \n\t<\/div>\n\n<div style=\"\"  data-wp-interactive=\"jetpack\/form\" data-wp-context='{\"fieldId\":\"g7953-zprva\",\"fieldType\":\"textarea\",\"fieldLabel\":\"Zpr\\u00e1va\",\"fieldValue\":\"\",\"fieldPlaceholder\":\"\",\"fieldIsRequired\":\"\",\"fieldErrorMessage\":\"\",\"fieldExtra\":[],\"formHash\":\"566ac1b4f2990b3ddcf04e6d467ba92e7266e240\"}'  class='grunion-field-textarea-wrap grunion-field-wrap'  data-wp-init='callbacks.initializeField' data-wp-on--jetpack-form-reset='callbacks.initializeField' >\n<label\n\t\t\t\tfor='contact-form-comment-g7953-zprva' class=\"grunion-field-label textarea\" >Zpr\u00e1va<\/label>\n<textarea\n\t\t                style=''\n\t\t                name='g7953-zprva'\n\t\t                id='contact-form-comment-g7953-zprva'\n\t\t                rows='20'\n\t\t\t\t\t\tdata-wp-text='state.getFieldValue'\n\t\t\t\t\t\tdata-wp-on--input='actions.onFieldChange'\n\t\t\t\t\t\tdata-wp-on--blur='actions.onFieldBlur'\n\t\t\t\t\t\tdata-wp-class--has-value='state.hasFieldValue'\n\t\t\t\t\t\taria-describedby='g7953-zprva-textarea-error-message'\n\t\t\t\t\t\tdata-wp-bind--aria-invalid='state.fieldAriaInvalid'\n\t\t\t\t\t\tclass='textarea  grunion-field'  ><\/textarea>\n \n\t\t\t<div id=\"g7953-zprva-textarea-error\" class=\"contact-form__input-error\" data-wp-class--has-errors=\"state.fieldHasErrors\">\n\t\t\t\t<span class=\"contact-form__warning-icon\" aria-hidden=\"true\">\n\t\t\t\t\t<svg width=\"16\" height=\"16\" viewBox=\"0 0 16 16\" fill=\"none\" xmlns=\"http:\/\/www.w3.org\/2000\/svg\">\n\t\t\t\t\t\t<path d=\"M8.50015 11.6402H7.50015V10.6402H8.50015V11.6402Z\" \/>\n\t\t\t\t\t\t<path d=\"M7.50015 9.64018H8.50015V6.30684H7.50015V9.64018Z\" \/>\n\t\t\t\t\t\t<path fill-rule=\"evenodd\" clip-rule=\"evenodd\" d=\"M6.98331 3.0947C7.42933 2.30177 8.57096 2.30177 9.01698 3.09469L13.8771 11.7349C14.3145 12.5126 13.7525 13.4735 12.8602 13.4735H3.14004C2.24774 13.4735 1.68575 12.5126 2.12321 11.7349L6.98331 3.0947ZM8.14541 3.58496C8.08169 3.47168 7.9186 3.47168 7.85488 3.58496L2.99478 12.2251C2.93229 12.3362 3.01257 12.4735 3.14004 12.4735H12.8602C12.9877 12.4735 13.068 12.3362 13.0055 12.2251L8.14541 3.58496Z\" \/>\n\t\t\t\t\t<\/svg>\n\t\t\t\t<\/span>\n\t\t\t\t<span data-wp-text=\"state.errorMessage\" id=\"g7953-zprva-textarea-error-message\"><\/span>\n\t\t\t<\/div>\n\t<\/div>\n\t<p class='contact-submit'>\n<div class=\"contact-form__error\" data-wp-class--show-errors=\"state.showFormErrors\"><span class=\"contact-form__warning-icon\" aria-hidden=\"true\"><i><\/i><\/span><span class=\"contact-form__error-message\" tabindex=\"-1\" data-wp-watch=\"callbacks.focusOnValidationError\" data-wp-text=\"state.getFormErrorMessage\"><\/span><ul aria-label=\"Chyby ve formul\u00e1\u0159i\">\n\t\t\t\t<template data-wp-each=\"state.getErrorList\" data-wp-key=\"context.item.id\">\n\t\t\t\t\t<li><a data-wp-bind--href=\"context.item.anchor\" data-wp-on--click=\"actions.scrollIntoView\" data-wp-text=\"context.item.label\"><\/a><\/li>\n\t\t\t\t<\/template>\n\t\t\t\t<\/ul><\/div><div class=\"contact-form__error\" data-wp-class--show-errors=\"state.showSubmissionError\" data-wp-text=\"context.submissionError\" tabindex=\"-1\" data-wp-watch=\"callbacks.focusOnSubmissionError\"><\/div>\t\t<button type='submit' class='pushbutton-wide'>Potvrdit<\/button>\t\t<input type='hidden' name='contact-form-id' value='7953' \/>\n\t\t<input type='hidden' name='action' value='grunion-contact-form' \/>\n\t\t<input type='hidden' name='contact-form-hash' value='566ac1b4f2990b3ddcf04e6d467ba92e7266e240' \/>\n\t<\/p>\n<p style=\"display: none !important;\" class=\"akismet-fields-container\" data-prefix=\"ak_\"><label>&#916;<textarea name=\"ak_hp_textarea\" cols=\"45\" rows=\"8\" maxlength=\"100\"><\/textarea><\/label><input type=\"hidden\" id=\"ak_js_1\" name=\"ak_js\" value=\"215\"\/><script data-jetpack-boost=\"ignore\">\ndocument.getElementById( \"ak_js_1\" ).setAttribute( \"value\", ( new Date() ).getTime() );\n<\/script>\n<\/p><\/form>\n<\/div>\n","protected":false},"excerpt":{"rendered":"","protected":false},"author":2,"featured_media":0,"parent":16,"menu_order":0,"comment_status":"closed","ping_status":"closed","template":"","meta":{"jetpack_post_was_ever_published":false,"footnotes":""},"categories":[],"tags":[],"class_list":["post-7953","page","type-page","status-publish","hentry"],"jetpack_shortlink":"https:\/\/wp.me\/P91gKE-24h","jetpack-related-posts":[{"id":16,"url":"https:\/\/tinnunculus.sy-sy.cz\/index.php\/contact\/","url_meta":{"origin":7953,"position":0},"title":"Kontakt","author":"Zuzana Syrov\u00e1 An\u00fd\u017eov\u00e1","date":"28\/07\/2017","format":false,"excerpt":"e-po\u0161ta :\u00a0 posta.postole@gmail.com K naps\u00e1n\u00ed zpr\u00e1vy, dotazu, n\u00e1m\u011btu \u010di p\u0159ipom\u00ednky m\u016f\u017eete pou\u017e\u00edt krom\u011b po\u0161tol\u010d\u00ed e-po\u0161ty i po\u0161tol\u010d\u00ed formul\u00e1\u0159.","rel":"","context":"Podobn\u00fd p\u0159\u00edsp\u011bvek","block_context":{"text":"Podobn\u00fd p\u0159\u00edsp\u011bvek","link":""},"img":{"alt_text":"","src":"https:\/\/i0.wp.com\/tinnunculus.sy-sy.cz\/wp-content\/uploads\/2025\/01\/dsc33683_BW-scaled-e1735841641758.jpg?fit=1200%2C500&ssl=1&resize=350%2C200","width":350,"height":200,"srcset":"https:\/\/i0.wp.com\/tinnunculus.sy-sy.cz\/wp-content\/uploads\/2025\/01\/dsc33683_BW-scaled-e1735841641758.jpg?fit=1200%2C500&ssl=1&resize=350%2C200 1x, https:\/\/i0.wp.com\/tinnunculus.sy-sy.cz\/wp-content\/uploads\/2025\/01\/dsc33683_BW-scaled-e1735841641758.jpg?fit=1200%2C500&ssl=1&resize=525%2C300 1.5x, https:\/\/i0.wp.com\/tinnunculus.sy-sy.cz\/wp-content\/uploads\/2025\/01\/dsc33683_BW-scaled-e1735841641758.jpg?fit=1200%2C500&ssl=1&resize=700%2C400 2x, https:\/\/i0.wp.com\/tinnunculus.sy-sy.cz\/wp-content\/uploads\/2025\/01\/dsc33683_BW-scaled-e1735841641758.jpg?fit=1200%2C500&ssl=1&resize=1050%2C600 3x"},"classes":[]},{"id":37028,"url":"https:\/\/tinnunculus.sy-sy.cz\/index.php\/v-primem-prenosu\/nase-kamery\/seznam-kamer\/","url_meta":{"origin":7953,"position":1},"title":"Seznam kamer","author":"Zuzana Syrov\u00e1 An\u00fd\u017eov\u00e1","date":"23\/07\/2024","format":false,"excerpt":"Aktualizov\u00e1no \u00a0Po\u0161tol\u010d\u00ed lod\u017eie \u2194 Ror\u00fdsovn\u00edk\u00a0\u2194 Po\u0161tol\u010d\u00ed okno\u00a0\u2194 V\u0161echny kamery \u2190 Na\u0161e kamery \u2190\u00a0YouTube Live","rel":"","context":"Podobn\u00fd p\u0159\u00edsp\u011bvek","block_context":{"text":"Podobn\u00fd p\u0159\u00edsp\u011bvek","link":""},"img":{"alt_text":"","src":"","width":0,"height":0},"classes":[]},{"id":37398,"url":"https:\/\/tinnunculus.sy-sy.cz\/index.php\/v-primem-prenosu-odjinud\/kody-zemi\/","url_meta":{"origin":7953,"position":2},"title":"K\u00f3dy zem\u00ed","author":"Zuzana Syrov\u00e1 An\u00fd\u017eov\u00e1","date":"13\/08\/2024","format":false,"excerpt":"Aktualizov\u00e1no K\u00f3dy zem\u00ed dle ISO 3166-1. Zdroj: \u010c\u00edseln\u00edk zem\u00ed (CZEM); \u010cS\u00da viz t\u00e9\u017e Country Codes - ISO 3166","rel":"","context":"Podobn\u00fd p\u0159\u00edsp\u011bvek","block_context":{"text":"Podobn\u00fd p\u0159\u00edsp\u011bvek","link":""},"img":{"alt_text":"","src":"","width":0,"height":0},"classes":[]},{"id":35020,"url":"https:\/\/tinnunculus.sy-sy.cz\/index.php\/v-primem-prenosu-odjinud\/sturnus-vulgaris-online\/","url_meta":{"origin":7953,"position":3},"title":"Sturnus vulgaris online","author":"Zuzana Syrov\u00e1 An\u00fd\u017eov\u00e1","date":"03\/05\/2024","format":false,"excerpt":"Aktualizov\u00e1no Pou\u017eit\u00e9 zkratky: on+ kamera on-line on- kamera on-line, ale sn\u00edm\u00e1 jin\u00fd druh pt\u00e1k\u016f off\u00a0 kamera off-line V tabulce se uv\u00e1d\u00ed posledn\u00ed rok, v n\u011bm\u017e \u0161pa\u010dci v dan\u00e9 lokalit\u011b \u00fasp\u011b\u0161n\u011b \u010di ne\u00fasp\u011b\u0161n\u011b hn\u00edzdili. K\u00f3dy zemi odkazy: View nesting birds: European Starling","rel":"","context":"Podobn\u00fd p\u0159\u00edsp\u011bvek","block_context":{"text":"Podobn\u00fd p\u0159\u00edsp\u011bvek","link":""},"img":{"alt_text":"","src":"","width":0,"height":0},"classes":[]},{"id":1937,"url":"https:\/\/tinnunculus.sy-sy.cz\/index.php\/v-primem-prenosu-odjinud\/apus-apus-online\/","url_meta":{"origin":7953,"position":4},"title":"Apus apus online","author":"Zuzana Syrov\u00e1 An\u00fd\u017eov\u00e1","date":"14\/08\/2017","format":false,"excerpt":"Aktualizov\u00e1no Pou\u017eit\u00e9 zkratky: on+ kamera on-line on- kamera on-line, ale sn\u00edm\u00e1 jin\u00fd druh pt\u00e1k\u016f off\u00a0 kamera off-line V tabulce se uv\u00e1d\u00ed posledn\u00ed rok, v n\u011bm\u017e ror\u00fdsi v dan\u00e9 lokalit\u011b \u00fasp\u011b\u0161n\u011b \u010di ne\u00fasp\u011b\u0161n\u011b hn\u00edzdili. K\u00f3dy zemi \u00a6 Country codes odkazy: View nesting birds: common swift Webcams gierzwaluwen","rel":"","context":"V \u201e\"Na\u0161i\" ror\u00fdsi\u201c","block_context":{"text":"\"Na\u0161i\" ror\u00fdsi","link":"https:\/\/tinnunculus.sy-sy.cz\/index.php\/category\/nasi\/nasi-rorysi\/"},"img":{"alt_text":"","src":"","width":0,"height":0},"classes":[]},{"id":38217,"url":"https:\/\/tinnunculus.sy-sy.cz\/index.php\/historie-mysi\/prehled-mysi\/","url_meta":{"origin":7953,"position":5},"title":"P\u0159ehled chovan\u00fdch my\u0161ek","author":"Zuzana Syrov\u00e1 An\u00fd\u017eov\u00e1","date":"17\/11\/2024","format":false,"excerpt":"V tabulce zaznamen\u00e1no datum po\u0159\u00edzen\u00ed my\u0161ky a datum jej\u00edho \u00famrt\u00ed. V p\u0159\u00edpad\u011b, \u017ee je zn\u00e1mo datum narozen\u00ed, je uvedeno s hv\u011bzdi\u010dkou. D\u00e9lka do\u017eit\u00ed je po\u010d\u00edt\u00e1na na dny (? d) a roky, m\u011bs\u00edce a dny (?r ?m ?d). Aktualizov\u00e1no Lucie u n\u00e1s bydl\u00ed . Historie my\u0161\u00ed Na\u0161e my\u0161i v Bloku (aneb\u2026","rel":"","context":"V \u201eN\u00e1jemn\u00edci a n\u00e1v\u0161t\u011bvn\u00edci\u201c","block_context":{"text":"N\u00e1jemn\u00edci a n\u00e1v\u0161t\u011bvn\u00edci","link":"https:\/\/tinnunculus.sy-sy.cz\/index.php\/category\/nasi\/"},"img":{"alt_text":"","src":"","width":0,"height":0},"classes":[]}],"jetpack_sharing_enabled":true,"_links":{"self":[{"href":"https:\/\/tinnunculus.sy-sy.cz\/index.php\/wp-json\/wp\/v2\/pages\/7953","targetHints":{"allow":["GET"]}}],"collection":[{"href":"https:\/\/tinnunculus.sy-sy.cz\/index.php\/wp-json\/wp\/v2\/pages"}],"about":[{"href":"https:\/\/tinnunculus.sy-sy.cz\/index.php\/wp-json\/wp\/v2\/types\/page"}],"author":[{"embeddable":true,"href":"https:\/\/tinnunculus.sy-sy.cz\/index.php\/wp-json\/wp\/v2\/users\/2"}],"replies":[{"embeddable":true,"href":"https:\/\/tinnunculus.sy-sy.cz\/index.php\/wp-json\/wp\/v2\/comments?post=7953"}],"version-history":[{"count":1,"href":"https:\/\/tinnunculus.sy-sy.cz\/index.php\/wp-json\/wp\/v2\/pages\/7953\/revisions"}],"predecessor-version":[{"id":40297,"href":"https:\/\/tinnunculus.sy-sy.cz\/index.php\/wp-json\/wp\/v2\/pages\/7953\/revisions\/40297"}],"up":[{"embeddable":true,"href":"https:\/\/tinnunculus.sy-sy.cz\/index.php\/wp-json\/wp\/v2\/pages\/16"}],"wp:attachment":[{"href":"https:\/\/tinnunculus.sy-sy.cz\/index.php\/wp-json\/wp\/v2\/media?parent=7953"}],"wp:term":[{"taxonomy":"category","embeddable":true,"href":"https:\/\/tinnunculus.sy-sy.cz\/index.php\/wp-json\/wp\/v2\/categories?post=7953"},{"taxonomy":"post_tag","embeddable":true,"href":"https:\/\/tinnunculus.sy-sy.cz\/index.php\/wp-json\/wp\/v2\/tags?post=7953"}],"curies":[{"name":"wp","href":"https:\/\/api.w.org\/{rel}","templated":true}]}}