{"id":773,"date":"2017-08-04T12:12:18","date_gmt":"2017-08-04T10:12:18","guid":{"rendered":"http:\/\/tinnunculus.sy-sy.cz\/?page_id=773"},"modified":"2025-03-14T14:55:12","modified_gmt":"2025-03-14T13:55:12","slug":"foto-a-videoarchiv","status":"publish","type":"page","link":"https:\/\/tinnunculus.sy-sy.cz\/index.php\/foto-a-videoarchiv\/","title":{"rendered":"Foto a&nbsp;videoarchiv"},"content":{"rendered":"<p><iframe loading=\"lazy\" src=\"https:\/\/photo.sy-sy.cz\/photo\/embed\/embed.html?album=album_706f73746f6c652f746f707477&amp;autoplay=1\" width=\"480\" height=\"320\" frameborder=\"0\"><\/iframe><\/p>\n<p style=\"text-align: left;\" align=\"center\">V\u00fdb\u011br fotografi\u00ed po\u0161tolek, my\u0161\u016f a&nbsp;ostatn\u00ed zv\u00ed\u0159eny, sn\u00edmk\u016f a&nbsp;z\u00e1znam\u016f z&nbsp;kamer uspo\u0159\u00e1dan\u00fdch podle jednotliv\u00fdch sez\u00f3n se souvisej\u00edc\u00edmi ilustracemi\u00a0 najdete po&nbsp;kliknut\u00ed na odkaz na do p\u0159\u00edslu\u0161n\u00e9ho alba na Photostation.\u00a0 V\u0161e nen\u00ed je\u0161t\u011b ani zdaleka vybr\u00e1no, p\u0159ebr\u00e1no, pops\u00e1no&#8230;<\/p>\n<h5 align=\"center\"><strong>Foto + video \/\/ <\/strong><span class=\"short_text\"><strong><span class=\"hps\">Photo +<\/span> <\/strong><span class=\"hps\"><strong>video:<\/strong> <\/span><\/span><\/h5>\n<ul>\n<li><a href=\"https:\/\/photo.sy-sy.cz\/photo\/?t=category_5#category_5\" target=\"_blank\" rel=\"noopener noreferrer\">Po\u0161tolky (&#8222;na\u0161e&#8220;)<\/a><\/li>\n<li><a href=\"https:\/\/photo.sy-sy.cz\/photo\/?t=category_7#category_7\" target=\"_blank\" rel=\"noopener noreferrer\">My\u0161ov\u00e9 a&nbsp;p\u0159\u00edbuzn\u00ed hlodavci<\/a><\/li>\n<li><a href=\"https:\/\/photo.sy-sy.cz\/photo\/?t=category_6#category_6\" target=\"_blank\" rel=\"noopener noreferrer\">Ostatn\u00ed zv\u00ed\u0159ena<\/a>\n<ul>\n<li><a href=\"https:\/\/photo.sy-sy.cz\/photo\/?t=Albums\/album_4369737461466f746f70617374#Albums\/album_4369737461466f746f70617374\" target=\"_blank\" rel=\"noopener\">Fotopast v&nbsp;\u010cist\u00e9 u&nbsp;Litomy\u0161le<\/a><\/li>\n<\/ul>\n<\/li>\n<\/ul>\n","protected":false},"excerpt":{"rendered":"<p>V\u00fdb\u011br fotografi\u00ed po\u0161tolek, my\u0161\u016f a&nbsp;ostatn\u00ed zv\u00ed\u0159eny, sn\u00edmk\u016f a&nbsp;z\u00e1znam\u016f z&nbsp;kamer uspo\u0159\u00e1dan\u00fdch podle jednotliv\u00fdch sez\u00f3n se souvisej\u00edc\u00edmi ilustracemi\u00a0 najdete po&nbsp;kliknut\u00ed na odkaz na do p\u0159\u00edslu\u0161n\u00e9ho alba na Photostation.\u00a0 V\u0161e nen\u00ed je\u0161t\u011b ani zdaleka vybr\u00e1no, p\u0159ebr\u00e1no, pops\u00e1no&#8230; Foto + video \/\/ Photo + video: Po\u0161tolky (&#8222;na\u0161e&#8220;) My\u0161ov\u00e9 a&nbsp;p\u0159\u00edbuzn\u00ed hlodavci Ostatn\u00ed zv\u00ed\u0159ena Fotopast v&nbsp;\u010cist\u00e9 u&nbsp;Litomy\u0161le<\/p>\n","protected":false},"author":2,"featured_media":0,"parent":0,"menu_order":30,"comment_status":"closed","ping_status":"closed","template":"","meta":{"jetpack_post_was_ever_published":false,"footnotes":""},"categories":[],"tags":[],"class_list":["post-773","page","type-page","status-publish","hentry"],"jetpack_shortlink":"https:\/\/wp.me\/P91gKE-ct","jetpack-related-posts":[{"id":811,"url":"https:\/\/tinnunculus.sy-sy.cz\/index.php\/deniky\/2007-2\/","url_meta":{"origin":773,"position":0},"title":"2007","author":"Zuzana Syrov\u00e1 An\u00fd\u017eov\u00e1","date":"04\/08\/2017","format":false,"excerpt":"\u2192 n\u00e1sleduj\u00edc\u00ed rok 2008 2007\/05\/10 - ji\u017e kompletn\u00ed sn\u016f\u0161ka 5 zrzav\u00fdch vajec; dal\u0161\u00ed b\u00edl\u00e9 vejce se st\u0159\u00eddav\u011b ocit\u00e1 pod sami\u010dkou a\u017e n\u011bkdy koncem kv\u011btna miz\u00ed 2007\/06\/03 - vyl\u00edhnut\u00e1 ji\u017e 4 po\u0161tol\u010data 2007\/06\/04 - vyl\u00edhnuto ji\u017e v\u0161ech p\u011bt po\u0161tol\u010dat 2007\/06\/20 - po\u0161tol\u010data se zdr\u017euj\u00ed p\u0159i vyhl\u00ed\u017een\u00ed rodi\u010d\u016f pod z\u00e1bradl\u00edm u\u00a0plas\u0165\u00e1ku 2007\/06\/24\u2026","rel":"","context":"V \u201eden\u00edk\u201c","block_context":{"text":"den\u00edk","link":"https:\/\/tinnunculus.sy-sy.cz\/index.php\/tag\/denik\/"},"img":{"alt_text":"","src":"https:\/\/i0.wp.com\/tinnunculus.sy-sy.cz\/wp-content\/uploads\/2024\/03\/dsc20412-1024x681.jpg?resize=350%2C200&ssl=1","width":350,"height":200,"srcset":"https:\/\/i0.wp.com\/tinnunculus.sy-sy.cz\/wp-content\/uploads\/2024\/03\/dsc20412-1024x681.jpg?resize=350%2C200&ssl=1 1x, https:\/\/i0.wp.com\/tinnunculus.sy-sy.cz\/wp-content\/uploads\/2024\/03\/dsc20412-1024x681.jpg?resize=525%2C300&ssl=1 1.5x"},"classes":[]},{"id":2208,"url":"https:\/\/tinnunculus.sy-sy.cz\/index.php\/odkazy\/o-postolkach\/","url_meta":{"origin":773,"position":1},"title":"Odkazy: Po\u0161tolka obecn\u00e1","author":"Zuzana Syrov\u00e1 An\u00fd\u017eov\u00e1","date":"15\/10\/2017","format":false,"excerpt":"V \u010de\u0161tin\u011b \u00a6 \u010de\u0161tina: Avibase: Po\u0161tolka obecn\u00e1 \/ Falco tinnunculus Linnaeus, 1758 Po\u0161tolka obecn\u00e1 na Wikipedii \u010cesk\u00e1 spole\u010dnost ornitologick\u00e1: Pt\u00e1k roku 2002 Pt\u00e1k roku 2002 (bro\u017eura \u010cSO) \u010cesk\u00e1 spole\u010dnost ornitologick\u00e1: Skupina pro ochranu a v\u00fdzkum dravc\u016f a sov \u010cesk\u00fd rozhlas: Z\u00e1kladn\u00ed \u00fadaje o po\u0161tolce obecn\u00e9 (hlas pro tento den) iFauna:\u2026","rel":"","context":"Podobn\u00fd p\u0159\u00edsp\u011bvek","block_context":{"text":"Podobn\u00fd p\u0159\u00edsp\u011bvek","link":""},"img":{"alt_text":"","src":"","width":0,"height":0},"classes":[]},{"id":24843,"url":"https:\/\/tinnunculus.sy-sy.cz\/index.php\/postolky-brnenske\/postolky-z-francouzske\/","url_meta":{"origin":773,"position":2},"title":"Po\u0161tolky z&nbsp;Francouzsk\u00e9","author":"Zuzana Syrov\u00e1 An\u00fd\u017eov\u00e1","date":"10\/10\/2023","format":false,"excerpt":"2022 P\u0159\u00edm\u00fd p\u0159enos za\u010dal 8.6.2022. V t\u00e9 dob\u011b u\u017e se vyl\u00edhla 4 po\u0161tol\u010data.\u00a0V\u0161echna 4 po\u0161tol\u010data odchov\u00e1na a zd\u00e1rn\u011b vylet\u011bla. 2023 Snesen\u00ed prvn\u00edho vejce zaznamen\u00e1no 14.4.2023. Samice za\u010dala sed\u011bt v noci z 20. na 21. dubna \u0159\u00e1dn\u011b na vejc\u00edch. Prvn\u00ed po\u0161tol\u010de se vyl\u00edhlo 17. kv\u011btna dopoledne. 18. kv\u011btna odpoledne ji\u017e byla\u2026","rel":"","context":"V \u201eFalco tinnunculus online\u201c","block_context":{"text":"Falco tinnunculus online","link":"https:\/\/tinnunculus.sy-sy.cz\/index.php\/category\/zivy-prenos\/odjinud\/falco-tinnunculus-online\/"},"img":{"alt_text":"","src":"","width":0,"height":0},"classes":[]},{"id":733,"url":"https:\/\/tinnunculus.sy-sy.cz\/index.php\/postolci-sezony\/","url_meta":{"origin":773,"position":3},"title":"Po\u0161tol\u010d\u00ed sez\u00f3ny","author":"Zuzana Syrov\u00e1 An\u00fd\u017eov\u00e1","date":"03\/08\/2017","format":false,"excerpt":"2007 Sneseno 5 vajec + 1 b\u00edl\u00e9 vejce (p\u0159ed 2007\/05\/10). Vyl\u00edhlo se 5 po\u0161tol\u010dat (2007\/06\/03 zji\u0161t\u011bna \u010dty\u0159i; 2007\/06\/04 p\u00e1t\u00e9). V\u0161ech 5 po\u0161tol\u010dat odchov\u00e1no a zd\u00e1rn\u011b vylet\u011blo. 2008 Sneseno 5 vajec (2008\/05\/05\u20142008\/05\/14). Vyl\u00edhlo se 0 po\u0161tol\u010dat. V\u0161ech 5 vajec zkonzumovali rodi\u010de (2008\/06\/09\u20142008\/06\/23). 2009 Snesena 4 vejce (2009\/04\/24\u20142009\/05\/01). Vyl\u00edhla se 3 po\u0161tol\u010data\u2026","rel":"","context":"V \u201e\"Na\u0161e\" po\u0161tolky\u201c","block_context":{"text":"\"Na\u0161e\" po\u0161tolky","link":"https:\/\/tinnunculus.sy-sy.cz\/index.php\/category\/nasi\/nase-postolky\/"},"img":{"alt_text":"Vlajka Francie","src":"https:\/\/i0.wp.com\/statni.vlajky.org\/32\/francie.png?resize=350%2C200","width":350,"height":200},"classes":[]},{"id":820,"url":"https:\/\/tinnunculus.sy-sy.cz\/index.php\/deniky\/2008-2\/","url_meta":{"origin":773,"position":4},"title":"2008","author":"Zuzana Syrov\u00e1 An\u00fd\u017eov\u00e1","date":"04\/08\/2017","format":false,"excerpt":"2007 p\u0159edchoz\u00ed rok \u2194 n\u00e1sleduj\u00edc\u00ed rok 2009 2008\/02\/26 - po\u0161tolky se oz\u00fdvaj\u00ed v lod\u017eii 2008\/03\/15 - po\u0161tolky (? lo\u0148sk\u00e1 po\u0161tol\u010data) v po\u010dtu p\u011bti nav\u0161t\u00edvila lod\u017eii a vyv\u00e1d\u011bla; jeden same\u010dek se sokolnick\u00fdmi poutky na noh\u00e1ch 2008\/04\/10 - \u00faklid hn\u00edzdn\u00edho kouta; vystl\u00e1no senem; instalace kamery AXIS 207MW na hn\u00edzdo 2008\/04\/19 - prvn\u00ed\u2026","rel":"","context":"V \u201eden\u00edk\u201c","block_context":{"text":"den\u00edk","link":"https:\/\/tinnunculus.sy-sy.cz\/index.php\/tag\/denik\/"},"img":{"alt_text":"","src":"https:\/\/i0.wp.com\/tinnunculus.sy-sy.cz\/wp-content\/uploads\/2024\/03\/DSC_9634-1024x681.jpg?resize=350%2C200&ssl=1","width":350,"height":200,"srcset":"https:\/\/i0.wp.com\/tinnunculus.sy-sy.cz\/wp-content\/uploads\/2024\/03\/DSC_9634-1024x681.jpg?resize=350%2C200&ssl=1 1x, https:\/\/i0.wp.com\/tinnunculus.sy-sy.cz\/wp-content\/uploads\/2024\/03\/DSC_9634-1024x681.jpg?resize=525%2C300&ssl=1 1.5x"},"classes":[]},{"id":834,"url":"https:\/\/tinnunculus.sy-sy.cz\/index.php\/deniky\/2011-2\/","url_meta":{"origin":773,"position":5},"title":"2011","author":"Zuzana Syrov\u00e1 An\u00fd\u017eov\u00e1","date":"04\/08\/2017","format":false,"excerpt":"2010 p\u0159edchoz\u00ed rok \u2194 n\u00e1sleduj\u00edc\u00ed rok 2012 2011\/02\/04 - same\u010dek na z\u00e1bradl\u00ed (16:30) a na bid\u00fdlku (16:38) 2011\/02\/05 - same\u010dek na bid\u00fdlku (16:30) 2011\/02\/09 - same\u010dek a sami\u010dka v lod\u017eii 2011\/02\/12 - nov\u00e1 podest\u00fdlka 2011\/03\/04 - pokus o p\u00e1\u0159en\u00ed na z\u00e1bradl\u00ed (10:43) 2011\/03\/08 - sami\u010dka zah\u00e1n\u00ed holuby a hon\u00ed havrany\u2026","rel":"","context":"V \u201eden\u00edk\u201c","block_context":{"text":"den\u00edk","link":"https:\/\/tinnunculus.sy-sy.cz\/index.php\/tag\/denik\/"},"img":{"alt_text":"","src":"https:\/\/i0.wp.com\/tinnunculus.sy-sy.cz\/wp-content\/uploads\/2024\/03\/DSC_1829-1024x681.jpg?resize=350%2C200&ssl=1","width":350,"height":200,"srcset":"https:\/\/i0.wp.com\/tinnunculus.sy-sy.cz\/wp-content\/uploads\/2024\/03\/DSC_1829-1024x681.jpg?resize=350%2C200&ssl=1 1x, https:\/\/i0.wp.com\/tinnunculus.sy-sy.cz\/wp-content\/uploads\/2024\/03\/DSC_1829-1024x681.jpg?resize=525%2C300&ssl=1 1.5x"},"classes":[]}],"jetpack_sharing_enabled":true,"_links":{"self":[{"href":"https:\/\/tinnunculus.sy-sy.cz\/index.php\/wp-json\/wp\/v2\/pages\/773","targetHints":{"allow":["GET"]}}],"collection":[{"href":"https:\/\/tinnunculus.sy-sy.cz\/index.php\/wp-json\/wp\/v2\/pages"}],"about":[{"href":"https:\/\/tinnunculus.sy-sy.cz\/index.php\/wp-json\/wp\/v2\/types\/page"}],"author":[{"embeddable":true,"href":"https:\/\/tinnunculus.sy-sy.cz\/index.php\/wp-json\/wp\/v2\/users\/2"}],"replies":[{"embeddable":true,"href":"https:\/\/tinnunculus.sy-sy.cz\/index.php\/wp-json\/wp\/v2\/comments?post=773"}],"version-history":[{"count":3,"href":"https:\/\/tinnunculus.sy-sy.cz\/index.php\/wp-json\/wp\/v2\/pages\/773\/revisions"}],"predecessor-version":[{"id":39207,"href":"https:\/\/tinnunculus.sy-sy.cz\/index.php\/wp-json\/wp\/v2\/pages\/773\/revisions\/39207"}],"wp:attachment":[{"href":"https:\/\/tinnunculus.sy-sy.cz\/index.php\/wp-json\/wp\/v2\/media?parent=773"}],"wp:term":[{"taxonomy":"category","embeddable":true,"href":"https:\/\/tinnunculus.sy-sy.cz\/index.php\/wp-json\/wp\/v2\/categories?post=773"},{"taxonomy":"post_tag","embeddable":true,"href":"https:\/\/tinnunculus.sy-sy.cz\/index.php\/wp-json\/wp\/v2\/tags?post=773"}],"curies":[{"name":"wp","href":"https:\/\/api.w.org\/{rel}","templated":true}]}}