{"id":733,"date":"2017-08-03T18:27:28","date_gmt":"2017-08-03T16:27:28","guid":{"rendered":"http:\/\/tinnunculus.sy-sy.cz\/?page_id=733"},"modified":"2026-04-18T09:20:32","modified_gmt":"2026-04-18T07:20:32","slug":"postolci-sezony","status":"publish","type":"page","link":"https:\/\/tinnunculus.sy-sy.cz\/index.php\/postolci-sezony\/","title":{"rendered":"Po\u0161tol\u010d\u00ed sez\u00f3ny"},"content":{"rendered":"<ul>\n<li><strong>2007<\/strong>\n<ul>\n<li>Sneseno <strong>5 vajec<\/strong> + 1 b\u00edl\u00e9 vejce (p\u0159ed 2007\/05\/10).<\/li>\n<li>Vyl\u00edhlo se <strong>5 po\u0161tol\u010dat<\/strong> (2007\/06\/03 zji\u0161t\u011bna \u010dty\u0159i; 2007\/06\/04 p\u00e1t\u00e9).<\/li>\n<li>V\u0161ech <strong>5 po\u0161tol\u010dat<\/strong> odchov\u00e1no a&nbsp;zd\u00e1rn\u011b vylet\u011blo.<\/li>\n<\/ul>\n<\/li>\n<li><strong>2008<\/strong>\n<ul>\n<li>Sneseno <strong>5 vajec<\/strong> (2008\/05\/05\u20142008\/05\/14).<\/li>\n<li>Vyl\u00edhlo se <strong>0 po\u0161tol\u010dat<\/strong>.<\/li>\n<li>V\u0161ech 5 vajec zkonzumovali rodi\u010de (2008\/06\/09\u20142008\/06\/23).<\/li>\n<\/ul>\n<\/li>\n<li><strong>2009<\/strong>\n<ul>\n<li>Snesena <strong>4 vejce<\/strong> (2009\/04\/24\u20142009\/05\/01).<\/li>\n<li>Vyl\u00edhla se <strong>3 po\u0161tol\u010data<\/strong> (2009\/05\/27\u20142009\/05\/28).<\/li>\n<li>Odchov\u00e1na<strong> 3 po\u0161tol\u010data <\/strong>(2 po\u0161tol\u010data vyl\u00e9tla poprv\u00e9 ji\u017e 2009\/06\/24 &#8211; jedno z&nbsp;nich se ji\u017e nevr\u00e1tilo; 3.&nbsp;po\u0161tol\u010de 2009\/06\/30).<\/li>\n<\/ul>\n<\/li>\n<li><strong>2010<\/strong>\n<ul>\n<li>Sneseno <strong>6 vajec<\/strong> (2010\/04\/12\u20142010\/04\/22).<\/li>\n<li>Vyl\u00edhlo se <strong>6 po\u0161tol\u010dat<\/strong> (2010\/05\/17\u20142010\/05\/20).<\/li>\n<li>Uhynulo 1 po\u0161tol\u010de (2010\/05\/31\u20142010\/06\/01); zb\u00fdvaj\u00edc\u00edch <strong>5\u00a0po\u0161tol\u010dat<\/strong> odchov\u00e1no a&nbsp;zd\u00e1rn\u011b vylet\u011blo.<\/li>\n<\/ul>\n<\/li>\n<li><strong>2011<\/strong>\n<ul>\n<li>Sneseno <strong>5 vajec<\/strong> (2011\/04\/09\u20142011\/04\/18).<\/li>\n<li>Vyl\u00edhlo se <strong>5 po\u0161tol\u010dat<\/strong> (2011\/05\/14\u20142011\/05\/15).<\/li>\n<li>\u00a0V\u0161ech <strong>5 po\u0161tol\u010dat<\/strong> odchov\u00e1no a&nbsp;zd\u00e1rn\u011b vylet\u011blo.<\/li>\n<\/ul>\n<\/li>\n<li>\u00a0<strong>2012<\/strong>\n<ul>\n<li>Sneseno <strong>5 vajec <\/strong>(2012\/04\/13\u20142012\/04\/23).<\/li>\n<li>Vyl\u00edhlo se <strong>5 po\u0161tol\u010dat <\/strong>(2012\/05\/19\u20142012\/05\/21).<strong><br \/>\n<\/strong><\/li>\n<li>Same\u010dek nezv\u011bstn\u00fd od 2012\/05\/30 \/\/ nov\u00fd same\u010dek 2012\/07\/02.<\/li>\n<li>V\u0161ech <strong>5 po\u0161tol\u010dat<\/strong> odchov\u00e1no a&nbsp;zd\u00e1rn\u011b vylet\u011blo.<\/li>\n<\/ul>\n<\/li>\n<li><strong>2013\u00a0<\/strong>\n<ul>\n<li>Sneseno<strong> 5 vajec <\/strong>(2013\/05\/02\u20142013\/05\/11).<\/li>\n<li>Vyl\u00edhlo se<strong> 5 po\u0161tol\u010dat <\/strong>(2013\/06\/06\u20142013\/06\/08).<\/li>\n<li>Uhynulo nejmen\u0161\u00ed p\u00e1t\u00e9 po\u0161tol\u010de (v&nbsp;noci z&nbsp;2013\/06\/17 na 2013\/06\/18).<\/li>\n<li>P\u0159ilet\u011blo a&nbsp;se zb\u00fdvaj\u00edc\u00edmi \u010dty\u0159mi se zabydlelo ciz\u00ed po\u0161tol\u010de (2013\/07\/06).<\/li>\n<li><strong>4 dom\u00e1c\u00ed<\/strong> + adoptovan\u00e9 p\u00e1t\u00e9 po\u0161tol\u010de odchov\u00e1na a&nbsp;zd\u00e1rn\u011b vylet\u011bla.<\/li>\n<\/ul>\n<\/li>\n<li><strong>2014<\/strong>\n<ul>\n<li>Sneseno<strong> 6 vajec<\/strong> (2014\/04\/09\u20142014\/04\/20).<\/li>\n<li>Vyl\u00edhlo se <strong>6 po\u0161tol\u010dat<\/strong> (2014\/05\/14\u20142014\/05\/18).<\/li>\n<li>V\u0161ech <strong>6 po\u0161tol\u010dat<\/strong> odchov\u00e1no a&nbsp;zd\u00e1rn\u011b vylet\u011blo.<\/li>\n<\/ul>\n<\/li>\n<li><strong>2015<\/strong>\n<ul>\n<li>Sneseno <strong>6 vajec<\/strong> (2015\/04\/13\u20142015\/04\/23).<\/li>\n<li>Vyl\u00edhlo se <strong>6 po\u0161tol\u010dat<\/strong> (2015\/05\/18\u20142015\/05\/21).<\/li>\n<li>Uhynulo \u0161est\u00e9 nejmen\u0161\u00ed po\u0161tol\u010de (2015\/06\/20).<\/li>\n<li>P\u0159ilet\u011blo a&nbsp;se zb\u00fdvaj\u00edc\u00edmi \u010dty\u0159mi se zabydlelo ciz\u00ed po\u0161tol\u010de (2015\/06\/23).<\/li>\n<li><strong>5 dom\u00e1c\u00edch<\/strong> + adoptovan\u00e9 \u0161est\u00e9 po\u0161tol\u010de odchov\u00e1no a&nbsp;zd\u00e1rn\u011b vylet\u011blo.<\/li>\n<\/ul>\n<\/li>\n<li><strong>2016<\/strong>\n<ul>\n<li>Sneseno <strong>5 vajec<\/strong> (2016\/04\/13\u20142016\/04\/21).<\/li>\n<li>Vyl\u00edhlo se <strong>5 po\u0161tol\u010dat<\/strong> (2016\/05\/17\u20142016\/05\/19).<\/li>\n<li>Uhynula 3 po\u0161tol\u010data (2016\/15\/18\u20142016\/05\/31).<\/li>\n<li><strong>2 po\u0161tol\u010data<\/strong> odchov\u00e1na a&nbsp;vylet\u011bla.<\/li>\n<\/ul>\n<\/li>\n<li>2017\n<ul>\n<li>&#8212;<\/li>\n<\/ul>\n<\/li>\n<li><strong>2018<\/strong>\n<ul>\n<li>Sneseno <strong>5 vajec<\/strong> (2018\/05\/12\u20142018\/05\/19).<\/li>\n<li>Vyl\u00edhla se <strong>4 po\u0161tol\u010data<\/strong> (2018\/06\/13\u20142018\/06\/16).<\/li>\n<li>Samec nezv\u011bstn\u00fd od 2018\/06\/29 \/\/ Samice od 208\/07\/03.<\/li>\n<li>Okrou\u017ekov\u00e1na 4 po\u0161tol\u010data (2018\/07\/04).<\/li>\n<li>V\u0161echna 4 po\u0161tol\u010data odvezena do z\u00e1chrann\u00e9 stanice (2018\/07\/08).<\/li>\n<\/ul>\n<\/li>\n<li><strong>2019<\/strong>\n<ul>\n<li>Sneseno<strong> 5 vajec<\/strong> (2019\/04\/29\u20142019\/05\/09).<\/li>\n<li>Vyl\u00edhlo se <strong>5<\/strong> <strong>po\u0161tol\u010dat<\/strong> (2019\/05\/31\u20142019\/06\/05).<\/li>\n<li>Uhynula 2 nejmen\u0161\u00ed po\u0161tol\u010data (2019\/06\/15).<\/li>\n<li>Okrou\u017ekov\u00e1na 3 po\u0161tol\u010data (2019\/06\/22).<\/li>\n<li><strong>3 po\u0161tol\u010data<\/strong> odchov\u00e1na a&nbsp;vylet\u011bla.<\/li>\n<\/ul>\n<\/li>\n<li><strong>2020<\/strong>\n<ul>\n<li>Sneseno <strong>6 vajec<\/strong> (2020\/04\/23\u20142020\/05\/04).<\/li>\n<li>Vyl\u00edhlo se <strong>6 po\u0161tol\u010dat<\/strong> (2020\/05\/26\u20142020\/06\/01).<\/li>\n<li>Okrou\u017ekov\u00e1no 6 po\u0161tol\u010dat (2020\/06\/16)<\/li>\n<li>V\u0161ech <strong>6 po\u0161tol\u010dat<\/strong> odchov\u00e1no a&nbsp;zd\u00e1rn\u011b vylet\u011blo.<\/li>\n<\/ul>\n<\/li>\n<li><strong>2021<\/strong>\n<ul>\n<li>Sneseno <strong>5 vajec<\/strong> (2021\/04\/27\u20142021\/05\/06).<\/li>\n<li>Vyl\u00edhla se <strong>4 po\u0161tol\u010data<\/strong> (2021\/05\/29\u20142021\/05\/31).<\/li>\n<li>Okrou\u017ekov\u00e1na 4 po\u0161tol\u010data (2021\/06\/17).<\/li>\n<li>V\u0161echna <strong>4 po\u0161tol\u010data<\/strong> odchov\u00e1na a&nbsp;zd\u00e1rn\u011b vylet\u011bla.<\/li>\n<li>Po\u0161tol\u010de ozna\u010den\u00e9 krou\u017ekem ES 65001 z\u016fst\u00e1v\u00e1 do 2021\/09\/30.<\/li>\n<\/ul>\n<\/li>\n<li><strong>2022<\/strong>\n<ul>\n<li>Snesena <strong>4 vejce<\/strong> (2022\/05\/02\u20142022\/05\/14).<\/li>\n<li>Vyl\u00edhla se <strong>4 po\u0161tol\u010data<\/strong> (2022\/06\/07\u20142022\/06\/11).<\/li>\n<li>Okrou\u017ekov\u00e1na 4 po\u0161tol\u010data (2022\/06\/29).<\/li>\n<li>V\u0161echna <strong>4 po\u0161tol\u010data<\/strong> odchov\u00e1na a&nbsp;zd\u00e1rn\u011b vylet\u011bla.<\/li>\n<\/ul>\n<\/li>\n<li><strong>2023<\/strong>\n<ul>\n<li>N\u00e1lez same\u010dka ozna\u010den\u00e9ho v&nbsp;roce 2021 krou\u017ekem ES 65004 (2023\/04\/06).<\/li>\n<li>Sneseno <strong>6 vajec<\/strong> (2023\/04\/15\u20142023\/04\/27).<\/li>\n<li>Vyl\u00edhlo se <strong>6 po\u0161tol\u010dat<\/strong> (2023\/05\/22\u20142023\/05\/24).<\/li>\n<li>Okrou\u017ekov\u00e1no 6 po\u0161tol\u010dat (2023\/06\/14).<\/li>\n<li>V\u0161ech <strong>6 po\u0161tol\u010dat<\/strong> odchov\u00e1no a&nbsp;zd\u00e1rn\u011b vylet\u011blo.<\/li>\n<li>N\u00e1lez jednoho z&nbsp;ml\u00e1\u010fat ozna\u010den\u00e9ho v&nbsp;roce 2023 krou\u017ekem ES 65016 (2023\/08\/02)<\/li>\n<\/ul>\n<\/li>\n<li><strong>2024<\/strong>\n<ul>\n<li>Sneseno <strong>6 vajec<\/strong> (2024\/04\/08\u20142024\/04\/19).<\/li>\n<li>Vyl\u00edhlo se <strong>6 po\u0161tol\u010dat<\/strong> (2024\/05\/14\u20142024\/05\/17).<\/li>\n<li>Okrou\u017ekov\u00e1no 6 po\u0161tol\u010dat (2024\/06\/01).<\/li>\n<li>V\u0161ech <strong>6 po\u0161tol\u010dat<\/strong> odchov\u00e1no a&nbsp;zd\u00e1rn\u011b vylet\u011blo.<\/li>\n<\/ul>\n<\/li>\n<li><strong>2025<\/strong>\n<ul>\n<li>Sneseno <strong>7 vajec<\/strong> (2025\/04\/03\u20142025\/04\/16).<\/li>\n<li>Vyl\u00edhlo se <strong>7 po\u0161tol\u010dat<\/strong> (2025\/05\/11\u20142025\/05\/14).<\/li>\n<li>Okrou\u017ekov\u00e1no 7 po\u0161tol\u010dat (2025\/05\/29).<\/li>\n<li>V\u0161ech <strong>7 po\u0161tol\u010dat<\/strong> odchov\u00e1no a&nbsp;zd\u00e1rn\u011b vylet\u011blo.<\/li>\n<li>K po\u0161tol\u010dat\u016fm se v&nbsp;dob\u011b, kdy u\u017e vylet\u011bla do ulice p\u0159idru\u017euje jedno neokrou\u017ekovan\u00e9.<\/li>\n<\/ul>\n<\/li>\n<li><strong>2026<\/strong>\n<ul>\n<li>Sneseno <strong>7 vajec<\/strong> (2026\/04\/05\u20142026\/04\/18).<\/li>\n<\/ul>\n<\/li>\n<\/ul>\n<p>Pro jednotliv\u00e9 hn\u00edzdn\u00ed sezony postupn\u011b dopl\u0148ujeme ze z\u00e1znam\u016f podrobn\u011bj\u0161\u00ed data<em> (<a title=\"hn\u00edzdn\u00ed sez\u00f3na 2007\" href=\"https:\/\/tinnunculus.sy-sy.cz\/index.php\/deniky\/2007-2\/\">2007<\/a>, <a title=\"hn\u00edzdn\u00ed sez\u00f3na 2008\" href=\"https:\/\/tinnunculus.sy-sy.cz\/index.php\/deniky\/2008-2\/\">2008<\/a>, <a title=\"hn\u00edzdn\u00ed sez\u00f3na 2009\" href=\"https:\/\/tinnunculus.sy-sy.cz\/index.php\/deniky\/2009-2\/\">2009<\/a>, <a title=\"hn\u00edzdn\u00ed sez\u00f3na 2010\" href=\"https:\/\/tinnunculus.sy-sy.cz\/index.php\/deniky\/2010-2\/\">2010<\/a>, <a title=\"hn\u00edzdn\u00ed sez\u00f3na 2011\" href=\"https:\/\/tinnunculus.sy-sy.cz\/index.php\/deniky\/2011-2\/\">2011<\/a>, <a href=\"https:\/\/tinnunculus.sy-sy.cz\/index.php\/deniky\/2012-2\/\">2012<\/a>, <a title=\"hn\u00edzdn\u00ed sez\u00f3na 2013\" href=\"https:\/\/tinnunculus.sy-sy.cz\/index.php\/deniky\/2013-2\/\">2013<\/a>, <a title=\"hn\u00edzdn\u00ed sez\u00f3na 2014\" href=\"https:\/\/tinnunculus.sy-sy.cz\/index.php\/deniky\/2014-2\/\">2014<\/a>, <a title=\"hn\u00edzdn\u00ed sez\u00f3na 2015\" href=\"https:\/\/tinnunculus.sy-sy.cz\/index.php\/deniky\/2015-2\/\">2015<\/a>, <a href=\"https:\/\/tinnunculus.sy-sy.cz\/index.php\/deniky\/2016-2\/\">2016,<\/a> <a href=\"https:\/\/tinnunculus.sy-sy.cz\/index.php\/deniky\/2017-2\/\">2017<\/a>, <a href=\"https:\/\/tinnunculus.sy-sy.cz\/index.php\/deniky\/2018-2\/\">2018<\/a>, <a href=\"https:\/\/tinnunculus.sy-sy.cz\/index.php\/deniky\/2019-2\/\">2019<\/a>, <a href=\"https:\/\/tinnunculus.sy-sy.cz\/index.php\/deniky\/2020-2\/\">2020<\/a>, <a href=\"https:\/\/tinnunculus.sy-sy.cz\/index.php\/deniky\/2021-2\/\">2021<\/a>, <a href=\"https:\/\/tinnunculus.sy-sy.cz\/index.php\/deniky\/2022-2\/\">2022<\/a>, <a href=\"https:\/\/tinnunculus.sy-sy.cz\/index.php\/deniky\/2023-2\/\">2023<\/a>, <a href=\"https:\/\/tinnunculus.sy-sy.cz\/index.php\/deniky\/2024-2\/\">2024<\/a>, <a href=\"https:\/\/tinnunculus.sy-sy.cz\/index.php\/deniky\/2025-2\/\">2025<\/a>, <a href=\"https:\/\/tinnunculus.sy-sy.cz\/index.php\/deniky\/2026-2\/\">2026<\/a>).<\/em><\/p>\n<p><em>P\u0159ehledn\u00e9 v\u00fdsledky hn\u00edzd\u011bn\u00ed najdete <a href=\"https:\/\/tinnunculus.sy-sy.cz\/index.php\/hnizdeni-postolek-vysledky\/\">zde<\/a>.<\/em><br \/>\n<em>Statistick\u00e9 kalend\u00e1rium je dispozici <a title=\"statistika\" href=\"https:\/\/tinnunculus.sy-sy.cz\/index.php\/historie-hnizda\/statisticke-kalendarium\/\" rel=\"noopener noreferrer\">zde<\/a> (viz <a style=\"font-size: 1rem;\" href=\"https:\/\/docs.google.com\/spreadsheets\/d\/1xjONdl1pv543PLV9Ubq0cllWvj2mcbl26LAHb4btqPI\/edit?usp=sharing\" target=\"_blank\" rel=\"noopener noreferrer\">Google Sheets<\/a>)<\/em>.<br \/>\n<em>\u00dadaje z&nbsp;krou\u017ekov\u00e1n\u00ed <a href=\"https:\/\/tinnunculus.sy-sy.cz\/index.php\/krouzkovani\/\" target=\"_blank\" rel=\"noopener noreferrer\">zde<\/a>.<\/em><\/p>\n<p><a title=\"photo + video\" href=\"https:\/\/tinnunculus.sy-sy.cz\/index.php\/foto-a-videoarchiv\/\" rel=\"noopener noreferrer\"><em>Foto + video<\/em><\/a><\/p>\n<p><em>Jak\u00e9 po\u010das\u00ed prov\u00e1zelo a&nbsp;prov\u00e1z\u00ed hn\u00edzd\u011bn\u00ed zjist\u00edte v&nbsp;<a href=\"https:\/\/tinnunculus.sy-sy.cz\/index.php\/pocasi-u-nas\/archiv-pocasi\/\">archivu po\u010das\u00ed<\/a>.<br \/>\n<\/em><\/p>\n<div align=\"right\">\n<blockquote><p><a title=\"version francaise\" href=\"https:\/\/tinnunculus.sy-sy.cz\/index.php\/postolci-sezony\/faucons-crecerelle\/\"><img data-recalc-dims=\"1\" loading=\"lazy\" decoding=\"async\" src=\"https:\/\/i0.wp.com\/statni.vlajky.org\/32\/francie.png?resize=32%2C18\" alt=\"Vlajka Francie\" width=\"32\" height=\"18\" \/><\/a> <a title=\"English version\" href=\"https:\/\/tinnunculus.sy-sy.cz\/index.php\/postolci-sezony\/kestrel-seasons\/\"><img data-recalc-dims=\"1\" loading=\"lazy\" decoding=\"async\" src=\"https:\/\/i0.wp.com\/statni.vlajky.org\/32\/spojene_kralovstvi.png?resize=32%2C18\" alt=\"Vlajka Spojen\u00e9ho kr\u00e1lovstv\u00ed\" width=\"32\" height=\"18\" \/><\/a> <a title=\"Deutsch Version\" href=\"https:\/\/tinnunculus.sy-sy.cz\/index.php\/postolci-sezony\/turmfalken\/\"><img data-recalc-dims=\"1\" decoding=\"async\" class=\"transparent\" src=\"https:\/\/i0.wp.com\/statni.vlajky.org\/32\/nemecko.png?w=525\" alt=\"http:\/\/statni.vlajky.org\/32\/nemecko.png\" \/><\/a><\/p><\/blockquote>\n<\/div>\n","protected":false},"excerpt":{"rendered":"<p>2007 Sneseno 5 vajec + 1 b\u00edl\u00e9 vejce (p\u0159ed 2007\/05\/10). Vyl\u00edhlo se 5 po\u0161tol\u010dat (2007\/06\/03 zji\u0161t\u011bna \u010dty\u0159i; 2007\/06\/04 p\u00e1t\u00e9). V\u0161ech 5 po\u0161tol\u010dat odchov\u00e1no a&nbsp;zd\u00e1rn\u011b vylet\u011blo. 2008 Sneseno 5 vajec (2008\/05\/05\u20142008\/05\/14). Vyl\u00edhlo se 0 po\u0161tol\u010dat. V\u0161ech 5 vajec zkonzumovali rodi\u010de (2008\/06\/09\u20142008\/06\/23). 2009 Snesena 4 vejce (2009\/04\/24\u20142009\/05\/01). Vyl\u00edhla se 3 po\u0161tol\u010data (2009\/05\/27\u20142009\/05\/28). Odchov\u00e1na 3 po\u0161tol\u010data (2 po\u0161tol\u010data &hellip; <\/p>\n<p class=\"link-more\"><a href=\"https:\/\/tinnunculus.sy-sy.cz\/index.php\/postolci-sezony\/\" class=\"more-link\">Pokra\u010dovat ve \u010dten\u00ed<span class=\"screen-reader-text\"> &#8222;Po\u0161tol\u010d\u00ed sez\u00f3ny&#8220;<\/span><\/a><\/p>\n","protected":false},"author":2,"featured_media":0,"parent":0,"menu_order":12,"comment_status":"closed","ping_status":"closed","template":"","meta":{"jetpack_post_was_ever_published":false,"footnotes":""},"categories":[147,116,105,110],"tags":[85,1034,91],"class_list":["post-733","page","type-page","status-publish","hentry","category-nase-postolky","category-nasi","category-postolka","category-postolka-obecna","tag-ps_73","tag-postolka","tag-ps_95"],"jetpack_shortlink":"https:\/\/wp.me\/P91gKE-bP","jetpack-related-posts":[{"id":823,"url":"https:\/\/tinnunculus.sy-sy.cz\/index.php\/deniky\/2009-2\/","url_meta":{"origin":733,"position":0},"title":"2009","author":"Zuzana Syrov\u00e1 An\u00fd\u017eov\u00e1","date":"04\/08\/2017","format":false,"excerpt":"2008 p\u0159edchoz\u00ed rok \u2194 n\u00e1sleduj\u00edc\u00ed rok 2010 2009\/03\/18 - po\u0161tolka na z\u00e1bradl\u00ed (8:00) 2009\/03\/27 - same\u010dek se sami\u010dkou na obhl\u00eddce hn\u00edzda 2009\/03\/28 - span\u00ed na bid\u00fdlku 2009\/03\/29 - p\u00e1\u0159en\u00ed na ant\u00e9n\u011b a na bid\u00fdlku 2009\/03\/30 - nad r\u00e1nem zmizelo holoub\u011b; ciz\u00ed same\u010dek 2009\/03\/31 - same\u010dek p\u0159inesl my\u0161e (13:58) 2009\/04\/02 -\u2026","rel":"","context":"V \u201eden\u00edk\u201c","block_context":{"text":"den\u00edk","link":"https:\/\/tinnunculus.sy-sy.cz\/index.php\/tag\/denik\/"},"img":{"alt_text":"","src":"https:\/\/i0.wp.com\/tinnunculus.sy-sy.cz\/wp-content\/uploads\/2024\/03\/DSC_2834-1024x681.jpg?resize=350%2C200&ssl=1","width":350,"height":200,"srcset":"https:\/\/i0.wp.com\/tinnunculus.sy-sy.cz\/wp-content\/uploads\/2024\/03\/DSC_2834-1024x681.jpg?resize=350%2C200&ssl=1 1x, https:\/\/i0.wp.com\/tinnunculus.sy-sy.cz\/wp-content\/uploads\/2024\/03\/DSC_2834-1024x681.jpg?resize=525%2C300&ssl=1 1.5x"},"classes":[]},{"id":829,"url":"https:\/\/tinnunculus.sy-sy.cz\/index.php\/deniky\/2010-2\/","url_meta":{"origin":733,"position":1},"title":"2010","author":"Zuzana Syrov\u00e1 An\u00fd\u017eov\u00e1","date":"04\/08\/2017","format":false,"excerpt":"2009 p\u0159edchoz\u00ed rok \u2194 n\u00e1sleduj\u00edc\u00ed rok 2011 2010\/02\/28 - same\u010dek i sami\u010dka v lod\u017eii a na z\u00e1bradl\u00ed 2010\/03\/20 - po\u0161tolky se vracej\u00ed 2010\/03\/29 - souboj sami\u010dky s ciz\u00ed po\u0161tol\u00ed 2010\/04\/01 - sami\u010dka op\u011bt zah\u00e1n\u00ed ciz\u00ed po\u0161tolku (ta m\u00e1 z\u00e1jem p\u0159edev\u0161\u00edm o same\u010dkovy my\u0161e) 2010\/04\/05 - same\u010dek p\u0159esouv\u00e1 lo\u0148sk\u00e9 vejce do\u2026","rel":"","context":"V \u201eden\u00edk\u201c","block_context":{"text":"den\u00edk","link":"https:\/\/tinnunculus.sy-sy.cz\/index.php\/tag\/denik\/"},"img":{"alt_text":"","src":"https:\/\/i0.wp.com\/tinnunculus.sy-sy.cz\/wp-content\/uploads\/2024\/03\/DSC_7697-1024x681.jpg?resize=350%2C200&ssl=1","width":350,"height":200,"srcset":"https:\/\/i0.wp.com\/tinnunculus.sy-sy.cz\/wp-content\/uploads\/2024\/03\/DSC_7697-1024x681.jpg?resize=350%2C200&ssl=1 1x, https:\/\/i0.wp.com\/tinnunculus.sy-sy.cz\/wp-content\/uploads\/2024\/03\/DSC_7697-1024x681.jpg?resize=525%2C300&ssl=1 1.5x"},"classes":[]},{"id":820,"url":"https:\/\/tinnunculus.sy-sy.cz\/index.php\/deniky\/2008-2\/","url_meta":{"origin":733,"position":2},"title":"2008","author":"Zuzana Syrov\u00e1 An\u00fd\u017eov\u00e1","date":"04\/08\/2017","format":false,"excerpt":"2007 p\u0159edchoz\u00ed rok \u2194 n\u00e1sleduj\u00edc\u00ed rok 2009 2008\/02\/26 - po\u0161tolky se oz\u00fdvaj\u00ed v lod\u017eii 2008\/03\/15 - po\u0161tolky (? lo\u0148sk\u00e1 po\u0161tol\u010data) v po\u010dtu p\u011bti nav\u0161t\u00edvila lod\u017eii a vyv\u00e1d\u011bla; jeden same\u010dek se sokolnick\u00fdmi poutky na noh\u00e1ch 2008\/04\/10 - \u00faklid hn\u00edzdn\u00edho kouta; vystl\u00e1no senem; instalace kamery AXIS 207MW na hn\u00edzdo 2008\/04\/19 - prvn\u00ed\u2026","rel":"","context":"V \u201eden\u00edk\u201c","block_context":{"text":"den\u00edk","link":"https:\/\/tinnunculus.sy-sy.cz\/index.php\/tag\/denik\/"},"img":{"alt_text":"","src":"https:\/\/i0.wp.com\/tinnunculus.sy-sy.cz\/wp-content\/uploads\/2024\/03\/DSC_9634-1024x681.jpg?resize=350%2C200&ssl=1","width":350,"height":200,"srcset":"https:\/\/i0.wp.com\/tinnunculus.sy-sy.cz\/wp-content\/uploads\/2024\/03\/DSC_9634-1024x681.jpg?resize=350%2C200&ssl=1 1x, https:\/\/i0.wp.com\/tinnunculus.sy-sy.cz\/wp-content\/uploads\/2024\/03\/DSC_9634-1024x681.jpg?resize=525%2C300&ssl=1 1.5x"},"classes":[]},{"id":811,"url":"https:\/\/tinnunculus.sy-sy.cz\/index.php\/deniky\/2007-2\/","url_meta":{"origin":733,"position":3},"title":"2007","author":"Zuzana Syrov\u00e1 An\u00fd\u017eov\u00e1","date":"04\/08\/2017","format":false,"excerpt":"\u2192 n\u00e1sleduj\u00edc\u00ed rok 2008 2007\/05\/10 - ji\u017e kompletn\u00ed sn\u016f\u0161ka 5 zrzav\u00fdch vajec; dal\u0161\u00ed b\u00edl\u00e9 vejce se st\u0159\u00eddav\u011b ocit\u00e1 pod sami\u010dkou a\u017e n\u011bkdy koncem kv\u011btna miz\u00ed 2007\/06\/03 - vyl\u00edhnut\u00e1 ji\u017e 4 po\u0161tol\u010data 2007\/06\/04 - vyl\u00edhnuto ji\u017e v\u0161ech p\u011bt po\u0161tol\u010dat 2007\/06\/20 - po\u0161tol\u010data se zdr\u017euj\u00ed p\u0159i vyhl\u00ed\u017een\u00ed rodi\u010d\u016f pod z\u00e1bradl\u00edm u\u00a0plas\u0165\u00e1ku 2007\/06\/24\u2026","rel":"","context":"V \u201eden\u00edk\u201c","block_context":{"text":"den\u00edk","link":"https:\/\/tinnunculus.sy-sy.cz\/index.php\/tag\/denik\/"},"img":{"alt_text":"","src":"https:\/\/i0.wp.com\/tinnunculus.sy-sy.cz\/wp-content\/uploads\/2024\/03\/dsc20412-1024x681.jpg?resize=350%2C200&ssl=1","width":350,"height":200,"srcset":"https:\/\/i0.wp.com\/tinnunculus.sy-sy.cz\/wp-content\/uploads\/2024\/03\/dsc20412-1024x681.jpg?resize=350%2C200&ssl=1 1x, https:\/\/i0.wp.com\/tinnunculus.sy-sy.cz\/wp-content\/uploads\/2024\/03\/dsc20412-1024x681.jpg?resize=525%2C300&ssl=1 1.5x"},"classes":[]},{"id":29104,"url":"https:\/\/tinnunculus.sy-sy.cz\/index.php\/deniky\/2025-2\/","url_meta":{"origin":733,"position":4},"title":"2025","author":"Zuzana Syrov\u00e1 An\u00fd\u017eov\u00e1","date":"28\/12\/2023","format":false,"excerpt":"\u00a02024 p\u0159edchoz\u00ed rok \u2194 n\u00e1sleduj\u00edc\u00ed rok 2026 ? 2025\/01\/01 - dom\u00e1c\u00ed po\u0161tol\u010d\u00ed p\u00e1r p\u0159e\u010dkal silvestrovskou noc v bezpe\u010d\u00ed lod\u017eie, on na bid\u00fdlku nad star\u00fdm hn\u00edzdem, ona v polici pod stropem nad hn\u00edzdem nov\u00fdm 2025\/01\/07 - pan\u00ed po\u0161tolka p\u0159il\u00e9t\u00e1 do lod\u017eie cel\u00e1 zkrvaven\u00e1, patrn\u011b se n\u011bkde poprala 2025\/02\/04 - pan po\u0161tolka\u2026","rel":"","context":"V \u201e\"Na\u0161e\" po\u0161tolky\u201c","block_context":{"text":"\"Na\u0161e\" po\u0161tolky","link":"https:\/\/tinnunculus.sy-sy.cz\/index.php\/category\/nasi\/nase-postolky\/"},"img":{"alt_text":"","src":"https:\/\/i0.wp.com\/tinnunculus.sy-sy.cz\/wp-content\/uploads\/2025\/02\/202502221082318-1024x576.jpg?resize=350%2C200&ssl=1","width":350,"height":200,"srcset":"https:\/\/i0.wp.com\/tinnunculus.sy-sy.cz\/wp-content\/uploads\/2025\/02\/202502221082318-1024x576.jpg?resize=350%2C200&ssl=1 1x, https:\/\/i0.wp.com\/tinnunculus.sy-sy.cz\/wp-content\/uploads\/2025\/02\/202502221082318-1024x576.jpg?resize=525%2C300&ssl=1 1.5x"},"classes":[]},{"id":2863,"url":"https:\/\/tinnunculus.sy-sy.cz\/index.php\/v-primem-prenosu-odjinud\/falco-tinnunculus-online\/webkamery-z-hnizd\/webkamery-vyber-2018\/","url_meta":{"origin":733,"position":5},"title":"V\u00fdb\u011br z&nbsp;&#8222;ciz\u00edch&#8220; hn\u00edzd 2018","author":"Zuzana Syrov\u00e1 An\u00fd\u017eov\u00e1","date":"23\/03\/2018","format":false,"excerpt":"V\u00fdb\u011br zahrnuje report\u00e1\u017ee a p\u0159enosy z hn\u00edzd po\u0161tolky obecn\u00e9, v nich\u017e bylo v\u00a0 roce 2018 zaznamen\u00e1no snesen\u00ed alespo\u0148 jednoho vejce. \u00a0 2019 \u00a6 2018 \u00a6 2017 \u00a6 2016 \u00a6 2015 \u00a6 2014 \u00a6 2013 \u00a6 2012 \u00a6 2011 \u00a6 2010 2009 \u00a6 2008 \u00a6 2007 \u00a6 2006 P\u0159ehled v\u0161ech sledovan\u00fdch\u2026","rel":"","context":"Podobn\u00fd p\u0159\u00edsp\u011bvek","block_context":{"text":"Podobn\u00fd p\u0159\u00edsp\u011bvek","link":""},"img":{"alt_text":"","src":"","width":0,"height":0},"classes":[]}],"jetpack_sharing_enabled":true,"_links":{"self":[{"href":"https:\/\/tinnunculus.sy-sy.cz\/index.php\/wp-json\/wp\/v2\/pages\/733","targetHints":{"allow":["GET"]}}],"collection":[{"href":"https:\/\/tinnunculus.sy-sy.cz\/index.php\/wp-json\/wp\/v2\/pages"}],"about":[{"href":"https:\/\/tinnunculus.sy-sy.cz\/index.php\/wp-json\/wp\/v2\/types\/page"}],"author":[{"embeddable":true,"href":"https:\/\/tinnunculus.sy-sy.cz\/index.php\/wp-json\/wp\/v2\/users\/2"}],"replies":[{"embeddable":true,"href":"https:\/\/tinnunculus.sy-sy.cz\/index.php\/wp-json\/wp\/v2\/comments?post=733"}],"version-history":[{"count":12,"href":"https:\/\/tinnunculus.sy-sy.cz\/index.php\/wp-json\/wp\/v2\/pages\/733\/revisions"}],"predecessor-version":[{"id":49103,"href":"https:\/\/tinnunculus.sy-sy.cz\/index.php\/wp-json\/wp\/v2\/pages\/733\/revisions\/49103"}],"wp:attachment":[{"href":"https:\/\/tinnunculus.sy-sy.cz\/index.php\/wp-json\/wp\/v2\/media?parent=733"}],"wp:term":[{"taxonomy":"category","embeddable":true,"href":"https:\/\/tinnunculus.sy-sy.cz\/index.php\/wp-json\/wp\/v2\/categories?post=733"},{"taxonomy":"post_tag","embeddable":true,"href":"https:\/\/tinnunculus.sy-sy.cz\/index.php\/wp-json\/wp\/v2\/tags?post=733"}],"curies":[{"name":"wp","href":"https:\/\/api.w.org\/{rel}","templated":true}]}}