{"id":6903,"date":"2018-12-27T09:47:33","date_gmt":"2018-12-27T08:47:33","guid":{"rendered":"http:\/\/tinnunculus.sy-sy.cz\/?page_id=6903"},"modified":"2026-03-12T21:53:35","modified_gmt":"2026-03-12T20:53:35","slug":"e-mapa","status":"publish","type":"page","link":"https:\/\/tinnunculus.sy-sy.cz\/index.php\/v-primem-prenosu\/nase-kamery\/e-mapa\/","title":{"rendered":"e-Map(a)"},"content":{"rendered":"<p><a href=\"https:\/\/i0.wp.com\/tinnunculus.sy-sy.cz\/wp-content\/uploads\/2024\/11\/mapa202411_-scaled-e1731067859650.jpg?ssl=1\" target=\"_blank\" rel=\"noopener\"><img data-recalc-dims=\"1\" loading=\"lazy\" decoding=\"async\" data-attachment-id=\"38152\" data-permalink=\"https:\/\/tinnunculus.sy-sy.cz\/index.php\/v-primem-prenosu\/nase-kamery\/e-mapa\/mapa202411_\/\" data-orig-file=\"https:\/\/i0.wp.com\/tinnunculus.sy-sy.cz\/wp-content\/uploads\/2024\/11\/mapa202411_-scaled-e1731067859650.jpg?fit=1038%2C598&amp;ssl=1\" data-orig-size=\"1038,598\" data-comments-opened=\"1\" data-image-meta=\"{&quot;aperture&quot;:&quot;0&quot;,&quot;credit&quot;:&quot;&quot;,&quot;camera&quot;:&quot;&quot;,&quot;caption&quot;:&quot;&quot;,&quot;created_timestamp&quot;:&quot;0&quot;,&quot;copyright&quot;:&quot;&quot;,&quot;focal_length&quot;:&quot;0&quot;,&quot;iso&quot;:&quot;0&quot;,&quot;shutter_speed&quot;:&quot;0&quot;,&quot;title&quot;:&quot;&quot;,&quot;orientation&quot;:&quot;1&quot;}\" data-image-title=\"mapa202411_\" data-image-description=\"\" data-image-caption=\"\" data-large-file=\"https:\/\/i0.wp.com\/tinnunculus.sy-sy.cz\/wp-content\/uploads\/2024\/11\/mapa202411_-scaled-e1731067859650.jpg?fit=525%2C302&amp;ssl=1\" class=\"aligncenter wp-image-38152 size-large\" src=\"https:\/\/i0.wp.com\/tinnunculus.sy-sy.cz\/wp-content\/uploads\/2024\/11\/mapa202411_.jpg?resize=525%2C302&#038;ssl=1\" alt=\"\" width=\"525\" height=\"302\" \/><\/a><\/p>\n<p>Rozm\u00edst\u011bn\u00ed kamer \u00a6 Locations of cameras<\/p>\n<h5 id=\"\u25cf-camera-0\"><strong>\u25cf camera 0<\/strong><\/h5>\n<p>Pohled do lod\u017eie zpoza okna &#8211; View of the balcony through the window &#8211; AXIS P1364 <strong><a href=\"https:\/\/tinnunculus.sy-sy.cz\/index.php\/nase-kamery\/kamera-0\/\" target=\"_blank\" rel=\"noopener noreferrer\">\u25cf 0<\/a><br \/>\n<\/strong><\/p>\n<h5 id=\"\u25cf-camera-1\"><span style=\"color: #339966;\">\u25cf camera <strong>1<\/strong><\/span><\/h5>\n<p>Bid\u00fdlka a&nbsp;nov\u00e9 hn\u00edzdo \u2013 P<span id=\"result_box\" class=\"\" lang=\"en\"><span class=\"\">art of the balcony near the door with<\/span><\/span> the new nest\u00a0 &#8211; AXIS M1135 <a href=\"https:\/\/tinnunculus.sy-sy.cz\/index.php\/nase-kamery\/kamera-1\/\" target=\"_blank\" rel=\"noopener noreferrer\"><span style=\"color: #339966;\"><strong>\u25cf 1<\/strong><\/span><\/a><\/p>\n<h5 id=\"\u25cf-camera-2\"><span style=\"color: #f0d90e;\"><strong>\u25cf camera 2<\/strong><\/span><\/h5>\n<p>Nov\u00e9 hn\u00edzdo shora\u00a0 \u00a6 Bid\u00fdlka u&nbsp;dve\u0159\u00ed a&nbsp;z\u00e1bradl\u00ed \u00a6 Ror\u00fdsovn\u00edk \u2013 New nest \u00a6 Perches above the new nest \u00a6 Swift nest boxes &#8211; AXIS M2014-E (1) <a href=\"https:\/\/tinnunculus.sy-sy.cz\/index.php\/nase-kamery\/kamera-1\/\" target=\"_blank\" rel=\"noopener noreferrer\"><span style=\"color: #f0d90e;\"><strong>\u25cf 2<\/strong><\/span><\/a><span style=\"color: #ffff00;\"><br \/>\n<\/span><\/p>\n<h5 id=\"\u25cf-camera-3\"><span style=\"color: #ff0000;\">\u25cf camera <strong>3<\/strong><\/span><\/h5>\n<p>Bid\u00fdlka a&nbsp;nov\u00e9 hn\u00edzdo shora \u2013 Perches above the new nest &#8211; AXIS M1125 (1) <span style=\"color: #ff0000;\"><a href=\"https:\/\/tinnunculus.sy-sy.cz\/index.php\/nase-kamery\/kamera-3\/\" target=\"_blank\" rel=\"noopener noreferrer\"><strong><span style=\"color: #ff0000;\">\u25cf 3<\/span><\/strong><\/a><br \/>\n<\/span><\/p>\n<h5 id=\"\u25cf-camera-4\"><span style=\"color: #3366ff;\">\u25cf camera <strong>4<\/strong><\/span><\/h5>\n<p>Bid\u00fdlka nad star\u00fdm hn\u00edzdem \u00a6 Ror\u00fdsovn\u00edk \u2013Perches above the old nest \u00a6 Swift nest boxes \u2013 AXIS M2014-E (2) \u00a0<span style=\"color: #3366ff;\"><a style=\"color: #3366ff;\" href=\"https:\/\/tinnunculus.sy-sy.cz\/index.php\/nase-kamery\/kamera-4\/\" target=\"_blank\" rel=\"noopener noreferrer\"> <strong>\u25cf 4<\/strong><\/a><br \/>\n<\/span><\/p>\n<h5 id=\"\u25cf-camera-5\"><span style=\"color: #00ccff;\">\u25cf camera <strong>5<\/strong><\/span><\/h5>\n<p>Lod\u017eie ode dve\u0159\u00ed &#8211; Part of the balcony with the perches above the old nest \u2013\u00a0 AXIS M1135 Mk II i-CS <span style=\"color: #00ccff;\"><a style=\"color: #00ccff;\" href=\"https:\/\/tinnunculus.sy-sy.cz\/index.php\/nase-kamery\/kamera-4\/\" target=\"_blank\" rel=\"noopener noreferrer\"><strong>\u25cf 5<\/strong><\/a><br \/>\n<\/span><\/p>\n<h5 id=\"\u25cf-camera-6\"><span style=\"color: #ff9900;\">\u25cf camera 6<\/span><\/h5>\n<p>Doln\u00ed \u010d\u00e1st lod\u017eie \u2013\u00a0L<span id=\"result_box\" class=\"short_text\" lang=\"en\"><span class=\"\">ower part of the balcony<\/span><\/span> \u2013 AXIS 216MFD <span style=\"color: #ff9900;\"><a href=\"https:\/\/tinnunculus.sy-sy.cz\/index.php\/nase-kamery\/kamera-6\/\" target=\"_blank\" rel=\"noopener noreferrer\"><strong><span style=\"color: #ff9900;\">\u25cf 6<\/span><\/strong><\/a><br \/>\n<\/span><\/p>\n<h5 id=\"\u25cf-camera-7\"><span style=\"color: #993300;\">\u25cf camera 7<\/span><\/h5>\n<p>Doln\u00ed \u010d\u00e1st lod\u017eie \u2013\u00a0L<span id=\"result_box\" class=\"short_text\" lang=\"en\"><span class=\"\">ower part of the balcony<\/span><\/span> \u2013 AXIS M1114 <a href=\"https:\/\/tinnunculus.sy-sy.cz\/index.php\/nase-kamery\/kamera-7\/\" target=\"_blank\" rel=\"noopener noreferrer\"><span style=\"color: #800000;\">\u25cf <strong>7<\/strong> <\/span><\/a><\/p>\n<h5 id=\"\u25cf-camera-8\"><span style=\"color: #ff00ff;\">\u25cf camera 8<\/span><\/h5>\n<p>Star\u00e9 hn\u00edzdo shora \u2013 Old nest \u2013 AXIS 207MW <span style=\"color: #ff00ff;\"><a style=\"color: #ff00ff;\" href=\"https:\/\/tinnunculus.sy-sy.cz\/index.php\/nase-kamery\/kamera-8\/\" target=\"_blank\" rel=\"noopener noreferrer\">\u25cf <strong>8<\/strong><\/a><\/span><\/p>\n<h5 id=\"\u25cf-camera-8\"><span style=\"color: #99cc00;\">\u25cf Camera 9<\/span><\/h5>\n<p>Horn\u00ed \u010d\u00e1st lod\u017eie \u2013 Upper part of the balcony \u2013 AXIS P1435-LE <a href=\"https:\/\/tinnunculus.sy-sy.cz\/index.php\/nase-kamery\/kamera-9\/\" target=\"_blank\" rel=\"noopener noreferrer\"><span style=\"color: #99cc00;\">\u25cf <strong>9<\/strong><\/span><\/a><\/p>\n<h5 id=\"\u25cf-camera-8\"><span style=\"color: #cc99ff;\">\u25cf Camera 10<\/span><\/h5>\n<p>Ror\u00fdsovn\u00edk \u00a6 Lod\u017eie \u2013 Swift nest boxes \u00a6 Balcony &#8211; AXIS M2035-LE (2) <a href=\"https:\/\/tinnunculus.sy-sy.cz\/index.php\/nase-kamery\/kamera-10\/\" target=\"_blank\" rel=\"noopener noreferrer\"><span style=\"color: #cc99ff;\">\u25cf <strong>10<\/strong><\/span><\/a><\/p>\n<h5 id=\"\u25cf-camera-8\"><span style=\"color: #cc99ff;\">\u25cf Camera 10a<\/span><\/h5>\n<p>Ror\u00fdsovn\u00edk \u2013 Swift nest boxes &#8211; AXIS M2035-LE (1) <a href=\"https:\/\/tinnunculus.sy-sy.cz\/index.php\/v-primem-prenosu\/nase-kamery\/seznam-kamer\/kamera-10\/kamera-10a\/\" target=\"_blank\" rel=\"noopener noreferrer\"><span style=\"color: #cc99ff;\">\u25cf <strong>10a<\/strong><\/span><\/a><\/p>\n<h5 id=\"\u25cf-camera-8\"><span style=\"color: #999999;\">\u25cf Camera 11<\/span><\/h5>\n<p>Pod ror\u00fdsovn\u00edkem &#8211; Under the swift nest boxes &#8211; AXIS M1014 <a href=\"https:\/\/tinnunculus.sy-sy.cz\/index.php\/nase-kamery\/kamera-11\/\" target=\"_blank\" rel=\"noopener noreferrer\"><span style=\"color: #999999;\">\u25cf <strong>11<\/strong><\/span><\/a><\/p>\n<h5 id=\"\u25cf-camera-8\"><span style=\"color: #ff99cc;\">\u25cf Camera 12<\/span><\/h5>\n<p>Nov\u00e9 hn\u00edzdo (detail) &#8211; New kestrel nest (detail) &#8211; AXIS P1265<span style=\"color: #ff99cc;\">\u00a0<a style=\"color: #ff99cc;\" href=\"https:\/\/tinnunculus.sy-sy.cz\/index.php\/nase-kamery\/kamera-12\/\" target=\"_blank\" rel=\"noopener noreferrer\">\u25cf <strong>12<\/strong><\/a><\/span><\/p>\n<h5 id=\"\u25cf-camera-8\"><span style=\"color: #993366;\">\u25cf Camera 13<\/span><\/h5>\n<p>Ko\u0161 p\u0159ed nov\u00fdm hn\u00edzdem &#8211; Basket in front of the new nest &#8211; \u00a0AXIS P1224-E (1) <span style=\"color: #993366;\"><a style=\"color: #993366;\" href=\"https:\/\/tinnunculus.sy-sy.cz\/index.php\/nase-kamery\/kamera-13\/\" target=\"_blank\" rel=\"noopener noreferrer\">\u25cf <strong>13<\/strong><\/a><\/span><\/p>\n<h5 id=\"\u25cf-camera-8\"><span style=\"color: #6fa8b0;\">\u25cf\u00a0Camera 14<\/span><\/h5>\n<p>Pohled na z\u00e1bradl\u00ed lod\u017eie z&nbsp;polic pod hn\u00edzdem &#8211; Balcony railing &#8211; AXIS P1224-E <span style=\"color: #6fa8b0;\"><a style=\"color: #6fa8b0;\" href=\"https:\/\/tinnunculus.sy-sy.cz\/index.php\/nase-kamery\/kamera-14\/\" target=\"_blank\" rel=\"noopener noreferrer\">\u25cf <strong>14<\/strong><\/a><\/span><\/p>\n<h5 id=\"\u25cf-camera-8\"><span style=\"color: #993366;\">\u25cf\u00a0<\/span><span style=\"color: #000080;\">Camera 15<\/span><\/h5>\n<p>Nov\u00e9 hn\u00edzdo ode dve\u0159\u00ed &#8211; New kestrel nest &#8211; AXIS P1245 (2) <span style=\"color: #000080;\"><a style=\"color: #000080;\" href=\"https:\/\/tinnunculus.sy-sy.cz\/index.php\/nase-kamery\/kamera-15\/\" target=\"_blank\" rel=\"noopener noreferrer\">\u25cf <strong>15<\/strong><\/a><\/span><\/p>\n<h5 id=\"\u25cf-camera-8\"><span style=\"color: #d6a3a3;\">\u25cf\u00a0Camera 16<\/span><\/h5>\n<p>Pohled na sk\u0159\u00ed\u0148ku za oknem &#8211; Balcony \u2013 \u00a0AXIS P1264 <span style=\"color: #993366;\"><a style=\"color: #993366;\" href=\"https:\/\/tinnunculus.sy-sy.cz\/index.php\/nase-kamery\/kamera-16\/\" target=\"_blank\" rel=\"noopener noreferrer\"><span style=\"color: #d6a3a3;\">\u25cf<\/span> <strong>16<\/strong><\/a><\/span><\/p>\n<h5 id=\"\u25cf-camera-8\"><span style=\"color: #ff0000;\">\u25cf Camera 17<\/span><\/h5>\n<p>Bid\u00fdlka nad star\u00fdm hn\u00edzdem &#8211; Perches above the old nest \u2013 AXIS P1245 (1) <span style=\"color: #ff0000;\"><a style=\"color: #ff0000;\" href=\"https:\/\/tinnunculus.sy-sy.cz\/index.php\/nase-kamery\/kamera-17\/\" target=\"_blank\" rel=\"noopener noreferrer\">\u25cf <strong>17<\/strong><\/a><\/span><\/p>\n<h5 id=\"\u25cf-camera-8\"><span style=\"color: #003300;\">\u25cf Camera 18<\/span><\/h5>\n<p>Bid\u00fdlka nad star\u00fdm hn\u00edzdem &#8211; Perches above the old nest \u2013 AXIS M1125 (2) <span style=\"color: #ff0000;\"><a style=\"color: #ff0000;\" href=\"https:\/\/tinnunculus.sy-sy.cz\/index.php\/nase-kamery\/kamera-18\/\" target=\"_blank\" rel=\"noopener noreferrer\"><span style=\"color: #003300;\">\u25cf<\/span> <span style=\"color: #003300;\"><strong>18<\/strong><\/span><\/a><\/span><\/p>\n<h5 id=\"\u25cf-camera-8\"><span style=\"color: #003300;\">\u25cf <span style=\"color: #333333;\">Camera 19<\/span><\/span><\/h5>\n<p>Horn\u00ed \u010d\u00e1st lod\u017eie &#8211; Upper part of the balcony \u2013 \u00a0AXIS P1224-E (2) <span style=\"color: #333333;\"><a style=\"color: #333333;\" href=\"https:\/\/tinnunculus.sy-sy.cz\/index.php\/nase-kamery\/kamera-19\/\" target=\"_blank\" rel=\"noopener noreferrer\">\u25cf <strong>19<\/strong><\/a><\/span><\/p>\n<h5 id=\"\u25cf-camera-8\"><span style=\"color: #800080;\">\u25cf Camera 20<\/span><\/h5>\n<p>Lod\u017eie &#8211; Balcony \u2013 AXIS P1254 <span style=\"color: #800080;\"><a style=\"color: #800080;\" href=\"https:\/\/tinnunculus.sy-sy.cz\/index.php\/nase-kamery\/kamera-20\/\" target=\"_blank\" rel=\"noopener noreferrer\">\u25cf <strong>20<\/strong><\/a><\/span><\/p>\n<p>&nbsp;<\/p>\n<p><a href=\"https:\/\/tinnunculus.sy-sy.cz\/index.php\/nase-kamery\/\">Na\u0161e kamery<\/a> \u00a6 <a href=\"https:\/\/tinnunculus.sy-sy.cz\/index.php\/our-webcams\/\">Our webcams<\/a><br \/>\n<a href=\"https:\/\/tinnunculus.sy-sy.cz\/index.php\/nase-kamery\/seznam-kamer\/\">Seznam kamer<\/a> \u00a6 <a style=\"font-size: 1rem;\" href=\"https:\/\/tinnunculus.sy-sy.cz\/index.php\/en\/our-webcams\/camera-list\/\">Camera list<\/a><\/p>\n<p>Aktualizov\u00e1no \u00a6 Updated: <span class=\"last-modified-timestamp\">12\/03\/2026 21:53<\/span><\/p>\n<p>&nbsp;<\/p>\n","protected":false},"excerpt":{"rendered":"<p>Rozm\u00edst\u011bn\u00ed kamer \u00a6 Locations of cameras \u25cf camera 0 Pohled do lod\u017eie zpoza okna &#8211; View of the balcony through the window &#8211; AXIS P1364 \u25cf 0 \u25cf camera 1 Bid\u00fdlka a&nbsp;nov\u00e9 hn\u00edzdo \u2013 Part of the balcony near the door with the new nest\u00a0 &#8211; AXIS M1135 \u25cf 1 \u25cf camera 2 Nov\u00e9 hn\u00edzdo &hellip; <\/p>\n<p class=\"link-more\"><a href=\"https:\/\/tinnunculus.sy-sy.cz\/index.php\/v-primem-prenosu\/nase-kamery\/e-mapa\/\" class=\"more-link\">Pokra\u010dovat ve \u010dten\u00ed<span class=\"screen-reader-text\"> &#8222;e-Map(a)&#8220;<\/span><\/a><\/p>\n","protected":false},"author":2,"featured_media":0,"parent":5032,"menu_order":150,"comment_status":"closed","ping_status":"closed","template":"","meta":{"jetpack_post_was_ever_published":false,"footnotes":""},"categories":[],"tags":[],"class_list":["post-6903","page","type-page","status-publish","hentry"],"jetpack_shortlink":"https:\/\/wp.me\/P91gKE-1Nl","jetpack-related-posts":[{"id":6804,"url":"https:\/\/tinnunculus.sy-sy.cz\/index.php\/postolka-obecna-obecne\/postolka-odborne-literarni\/","url_meta":{"origin":6903,"position":0},"title":"Po\u0161tolka odborn\u011b liter\u00e1rn\u00ed","author":"Zuzana Syrov\u00e1 An\u00fd\u017eov\u00e1","date":"11\/11\/2018","format":false,"excerpt":"BAL\u00c1T, Franti\u0161ek. Kl\u00ed\u010d k ur\u010dov\u00e1n\u00ed na\u0161ich pt\u00e1k\u016f v p\u0159\u00edrod\u011b. Praha: Academia, 1986. BEDN\u00c1\u0158, Ji\u0159\u00ed. Dravci. \u010castolovice: [Ji\u0159\u00ed Bedn\u00e1\u0159], 2015. ISBN 978-80-260-8641-3. BIRKHEAD, Mike. The kestrel in the town.\u00a0 Methuen, 1988. BREHM, Alfred. Brehm\u016fv ilustrovan\u00fd \u017eivot zv\u00ed\u0159at. D\u00edl 5, Pt\u00e1ci. Lidov\u00e9 vyd\u00e1n\u00ed. Praha: Sfinx, 1926. Nov\u00e9 c\u00edle. DUNGEL, Jan a Karel\u2026","rel":"","context":"Podobn\u00fd p\u0159\u00edsp\u011bvek","block_context":{"text":"Podobn\u00fd p\u0159\u00edsp\u011bvek","link":""},"img":{"alt_text":"","src":"https:\/\/i0.wp.com\/tinnunculus.sy-sy.cz\/wp-content\/uploads\/2018\/11\/P1400108u1-1024x763.jpg?resize=350%2C200&ssl=1","width":350,"height":200,"srcset":"https:\/\/i0.wp.com\/tinnunculus.sy-sy.cz\/wp-content\/uploads\/2018\/11\/P1400108u1-1024x763.jpg?resize=350%2C200&ssl=1 1x, https:\/\/i0.wp.com\/tinnunculus.sy-sy.cz\/wp-content\/uploads\/2018\/11\/P1400108u1-1024x763.jpg?resize=525%2C300&ssl=1 1.5x"},"classes":[]},{"id":2208,"url":"https:\/\/tinnunculus.sy-sy.cz\/index.php\/odkazy\/o-postolkach\/","url_meta":{"origin":6903,"position":1},"title":"Odkazy: Po\u0161tolka obecn\u00e1","author":"Zuzana Syrov\u00e1 An\u00fd\u017eov\u00e1","date":"15\/10\/2017","format":false,"excerpt":"V \u010de\u0161tin\u011b \u00a6 \u010de\u0161tina: Avibase: Po\u0161tolka obecn\u00e1 \/ Falco tinnunculus Linnaeus, 1758 Po\u0161tolka obecn\u00e1 na Wikipedii \u010cesk\u00e1 spole\u010dnost ornitologick\u00e1: Pt\u00e1k roku 2002 Pt\u00e1k roku 2002 (bro\u017eura \u010cSO) \u010cesk\u00e1 spole\u010dnost ornitologick\u00e1: Skupina pro ochranu a v\u00fdzkum dravc\u016f a sov \u010cesk\u00fd rozhlas: Z\u00e1kladn\u00ed \u00fadaje o po\u0161tolce obecn\u00e9 (hlas pro tento den) iFauna:\u2026","rel":"","context":"Podobn\u00fd p\u0159\u00edsp\u011bvek","block_context":{"text":"Podobn\u00fd p\u0159\u00edsp\u011bvek","link":""},"img":{"alt_text":"","src":"","width":0,"height":0},"classes":[]},{"id":2210,"url":"https:\/\/tinnunculus.sy-sy.cz\/index.php\/odkazy\/o-rorysech\/","url_meta":{"origin":6903,"position":2},"title":"Odkazy: Ror\u00fds obecn\u00fd","author":"Zuzana Syrov\u00e1 An\u00fd\u017eov\u00e1","date":"15\/10\/2017","format":false,"excerpt":"V \u010de\u0161tin\u011b \u00a6 \u010de\u0161tina: Avibase: Ror\u00fds obecn\u00fd Apus apus (Linnaeus, 1758) Ror\u00fds obecn\u00fd na Wikipedii Ror\u00fdsi na FB \u010cesk\u00e1 spole\u010dnost ornitologick\u00e1: Pt\u00e1k roku 2004 Pt\u00e1k roku 2004 (bro\u017eura \u010cSO) Rorysi.cz (web \u010cSO) P\u0159\u00e1tel\u00e9 ror\u00fds\u016f \u010cesk\u00fd rozhlas : Hlas pro tento den \u010cesk\u00fd rozhlas: T\u011b\u017ek\u00fd \u017eivot ror\u00fdse 1. \u010d\u00e1st, 2. \u010d\u00e1st\u2026","rel":"","context":"Podobn\u00fd p\u0159\u00edsp\u011bvek","block_context":{"text":"Podobn\u00fd p\u0159\u00edsp\u011bvek","link":""},"img":{"alt_text":"","src":"","width":0,"height":0},"classes":[]},{"id":5032,"url":"https:\/\/tinnunculus.sy-sy.cz\/index.php\/v-primem-prenosu\/nase-kamery\/","url_meta":{"origin":6903,"position":3},"title":"Na\u0161e kamery","author":"Zuzana Syrov\u00e1 An\u00fd\u017eov\u00e1","date":"04\/05\/2018","format":false,"excerpt":"0\u00a6\u00a01\u00a6\u00a02\u00a6\u00a03\u00a6\u00a04\u00a6\u00a05\u00a6\u00a06\u00a6\u00a07\u00a6\u00a08\u00a6\u00a09\u00a6\u00a012\u00a6\u00a013\u00a6\u00a014\u00a6\u00a015\u00a6\u00a016\u00a6\u00a017\u00a6\u00a018\u00a6\u00a019\u00a6\u00a020\u00a6 10\u00a6\u00a0\u00a011\u00a6 21\u00a6 \u2190\u00a0Seznam kamer Z\u00e1kladn\u00ed informace o sledov\u00e1n\u00ed po\u0161tolek pomoc\u00ed s\u00ed\u0165ov\u00fdch kamer poskytuje u\u017e \u010dl\u00e1nek O kamer\u00e1ch ku sledov\u00e1n\u00ed po\u0161tolek. Zachycuje stav do r.\u00a0 2016, kdy prob\u011bhly stavebn\u00ed pr\u00e1ce spojen\u00e9 s oblo\u017een\u00edm fas\u00e1dy polystyrenem a v\u00fdm\u011bnou lod\u017eie za hlub\u0161\u00ed s vy\u0161\u0161\u00edm plechov\u00fdm z\u00e1bradl\u00edm bez doln\u00ed vletov\u00e9 mezery nad podlahou.\u2026","rel":"","context":"V \u201e(Web)kamery\u201c","block_context":{"text":"(Web)kamery","link":"https:\/\/tinnunculus.sy-sy.cz\/index.php\/category\/zivy-prenos\/kamery\/"},"img":{"alt_text":"","src":"https:\/\/i0.wp.com\/tinnunculus.sy-sy.cz\/wp-content\/uploads\/2021\/05\/youtube-1718976_960_720-300x300.png?resize=350%2C200&ssl=1","width":350,"height":200},"classes":[]},{"id":18405,"url":"https:\/\/tinnunculus.sy-sy.cz\/index.php\/v-primem-prenosu\/nase-kamery\/seznam-kamer\/kamera-15\/kamera-15-3\/","url_meta":{"origin":6903,"position":4},"title":"Kamera 15*","author":"Zuzana Syrov\u00e1 An\u00fd\u017eov\u00e1","date":"03\/04\/2022","format":false,"excerpt":"Kamera 0 \u00a6\u00a01 \u00a6 2 \u00a6\u00a03 \u00a6\u00a04 \u00a6 5 \u00a6 6 \u00a6\u00a07 \u00a6\u00a08 \u00a6 9 \u00a6 10 \u00a6\u00a011 \u00a6\u00a012 \u00a6\u00a013 \u00a6 14 \u00a6 15 \u00a6 \u00a0 \u2190 V p\u0159\u00edm\u00e9m p\u0159enosu z na\u0161\u00ed lod\u017eie \u2190 Na\u0161e kamery \u00a6 Our webcams \u2190 AXIS Live \u00a6\u00a0 YouTube Live","rel":"","context":"Podobn\u00fd p\u0159\u00edsp\u011bvek","block_context":{"text":"Podobn\u00fd p\u0159\u00edsp\u011bvek","link":""},"img":{"alt_text":"","src":"","width":0,"height":0},"classes":[]},{"id":22076,"url":"https:\/\/tinnunculus.sy-sy.cz\/index.php\/v-primem-prenosu\/nase-kamery\/seznam-kamer\/kamera-0\/0-postolci-lodzie\/","url_meta":{"origin":6903,"position":5},"title":"0 \u00a6 Po\u0161tol\u010d\u00ed lod\u017eie","author":"Zuzana Syrov\u00e1 An\u00fd\u017eov\u00e1","date":"01\/05\/2023","format":false,"excerpt":"1\u00a6 2\u00a6 3\u00a6 4\u00a6 5\u00a6 6\u00a6 7\u00a6 8\u00a6 9\u00a6 10\u00a6 11\u00a6 12\u00a6 13\u00a6 14\u00a6 15\u00a6 16\u00a6 17\u00a6\u00a018\u00a6 19\u00a6 20\u00a6 \u00a0","rel":"","context":"V \u201e\"Na\u0161e\" po\u0161tolky\u201c","block_context":{"text":"\"Na\u0161e\" po\u0161tolky","link":"https:\/\/tinnunculus.sy-sy.cz\/index.php\/category\/nasi\/nase-postolky\/"},"img":{"alt_text":"Camera 0","src":"https:\/\/sy-sy.cz\/cam\/webapi\/entry.cgi?api=SYNO.SurveillanceStation.Stream.VideoStreaming&version=1&method=Stream&format=mjpeg&cameraId=13&StmKey=%22ac1448ccf8a202070f6354b40b1be6f6%22","width":350,"height":200,"srcset":"https:\/\/sy-sy.cz\/cam\/webapi\/entry.cgi?api=SYNO.SurveillanceStation.Stream.VideoStreaming&version=1&method=Stream&format=mjpeg&cameraId=13&StmKey=%22ac1448ccf8a202070f6354b40b1be6f6%22 1x, https:\/\/sy-sy.cz\/cam\/webapi\/entry.cgi?api=SYNO.SurveillanceStation.Stream.VideoStreaming&version=1&method=Stream&format=mjpeg&cameraId=13&StmKey=%22ac1448ccf8a202070f6354b40b1be6f6%22 1.5x"},"classes":[]}],"jetpack_sharing_enabled":true,"_links":{"self":[{"href":"https:\/\/tinnunculus.sy-sy.cz\/index.php\/wp-json\/wp\/v2\/pages\/6903","targetHints":{"allow":["GET"]}}],"collection":[{"href":"https:\/\/tinnunculus.sy-sy.cz\/index.php\/wp-json\/wp\/v2\/pages"}],"about":[{"href":"https:\/\/tinnunculus.sy-sy.cz\/index.php\/wp-json\/wp\/v2\/types\/page"}],"author":[{"embeddable":true,"href":"https:\/\/tinnunculus.sy-sy.cz\/index.php\/wp-json\/wp\/v2\/users\/2"}],"replies":[{"embeddable":true,"href":"https:\/\/tinnunculus.sy-sy.cz\/index.php\/wp-json\/wp\/v2\/comments?post=6903"}],"version-history":[{"count":3,"href":"https:\/\/tinnunculus.sy-sy.cz\/index.php\/wp-json\/wp\/v2\/pages\/6903\/revisions"}],"predecessor-version":[{"id":46774,"href":"https:\/\/tinnunculus.sy-sy.cz\/index.php\/wp-json\/wp\/v2\/pages\/6903\/revisions\/46774"}],"up":[{"embeddable":true,"href":"https:\/\/tinnunculus.sy-sy.cz\/index.php\/wp-json\/wp\/v2\/pages\/5032"}],"wp:attachment":[{"href":"https:\/\/tinnunculus.sy-sy.cz\/index.php\/wp-json\/wp\/v2\/media?parent=6903"}],"wp:term":[{"taxonomy":"category","embeddable":true,"href":"https:\/\/tinnunculus.sy-sy.cz\/index.php\/wp-json\/wp\/v2\/categories?post=6903"},{"taxonomy":"post_tag","embeddable":true,"href":"https:\/\/tinnunculus.sy-sy.cz\/index.php\/wp-json\/wp\/v2\/tags?post=6903"}],"curies":[{"name":"wp","href":"https:\/\/api.w.org\/{rel}","templated":true}]}}