{"id":6731,"date":"2018-11-10T17:28:33","date_gmt":"2018-11-10T16:28:33","guid":{"rendered":"http:\/\/tinnunculus.sy-sy.cz\/?page_id=6731"},"modified":"2025-12-14T23:33:14","modified_gmt":"2025-12-14T22:33:14","slug":"postolka-obecna-obecne","status":"publish","type":"page","link":"https:\/\/tinnunculus.sy-sy.cz\/index.php\/postolka-obecna-obecne\/","title":{"rendered":"Po\u0161tolka obecn\u00e1 | obecn\u011b"},"content":{"rendered":"<p><strong>V\u011bdeck\u00fd n\u00e1zev<\/strong> | <em>Falco tinnunculus<\/em> <span class=\"c1\"> Linnaeus, 1758 \u00a0&#8211;\u00a0po\u0161tolka obecn\u00e1 <\/span><br \/>\n<strong class=\"nadpisPolozky\">Taxonomick\u00e9 za\u0159azen\u00ed<\/strong> | \u0159\u00ed\u0161e <span class=\"c1\">Animalia <\/span> \/ kmen <span class=\"c1\">Chordata <\/span> \/ t\u0159\u00edda <span class=\"c1\">Aves <\/span> \/ \u0159\u00e1d <span class=\"c1\">Falconiformes <\/span> \/ \u010dele\u010f <span class=\"c1\">Falconidae<\/span><\/p>\n<blockquote class=\"alignleft\"><p>anglicky: <a href=\"https:\/\/en.wikipedia.org\/wiki\/Common_kestrel\" target=\"_blank\" rel=\"noopener noreferrer\">Common Kestrel<\/a> | b\u011blorusky: <a href=\"https:\/\/be-tarask.wikipedia.org\/wiki\/%D0%97%D0%B2%D1%8B%D1%87%D0%B0%D0%B9%D0%BD%D0%B0%D1%8F_%D0%BF%D1%83%D1%81%D1%82%D0%B0%D0%BB%D1%8C%D0%B3%D0%B0\" target=\"_blank\" rel=\"noopener noreferrer\">\u0417\u0432\u044b\u0447\u0430\u0439\u043d\u0430\u044f \u043f\u0443\u0441\u0442\u0430\u043b\u044c\u0433\u0430<\/a> | bulharsky: <a href=\"https:\/\/bg.wikipedia.org\/wiki\/%D0%9A%D0%B5%D1%80%D0%BA%D0%B5%D0%BD%D0%B5%D0%B7\" target=\"_blank\" rel=\"noopener noreferrer\">\u041a\u0435\u0440\u043a\u0435\u043d\u0435\u0437\u00a0<\/a>| \u010desky: <a href=\"https:\/\/cs.wikipedia.org\/wiki\/Po%C5%A1tolka_obecn%C3%A1\" target=\"_blank\" rel=\"noopener noreferrer\">Po\u0161tolka obecn\u00e1<\/a>\u00a0| \u010d\u00ednsky: <a href=\"https:\/\/zh.wikipedia.org\/wiki\/%E7%B4%85%E9%9A%BC\" target=\"_blank\" rel=\"noopener noreferrer\">\u7ea2\u96bc<\/a> | d\u00e1nsky: <a href=\"https:\/\/da.wikipedia.org\/wiki\/T%C3%A5rnfalk\" target=\"_blank\" rel=\"noopener noreferrer\">T\u00e5rnfalk<\/a> | finsky: <a href=\"https:\/\/fi.wikipedia.org\/wiki\/Tuulihaukka\" target=\"_blank\" rel=\"noopener noreferrer\">Tuulihaukka<\/a> | francouzsky: <a href=\"https:\/\/fr.wikipedia.org\/wiki\/Faucon_cr%C3%A9cerelle\" target=\"_blank\" rel=\"noopener noreferrer\">Faucon cr\u00e9cerelle<\/a> | holandsky: <a href=\"https:\/\/nl.wikipedia.org\/wiki\/Torenvalk\" target=\"_blank\" rel=\"noopener noreferrer\">Torenvalk<\/a>\u00a0 | islandsky: Turnf\u00e1lki |\u00a0 italsky: <a href=\"https:\/\/it.wikipedia.org\/wiki\/Falco_tinnunculus\" target=\"_blank\" rel=\"noopener noreferrer\">Gheppio comune<\/a> |\u00a0 japonsky:\u00a0 <a href=\"https:\/\/ja.wikipedia.org\/wiki\/%E3%83%81%E3%83%A7%E3%82%A6%E3%82%B2%E3%83%B3%E3%83%9C%E3%82%A6\" target=\"_blank\" rel=\"noopener noreferrer\">\u30c1\u30e7\u30a6\u30b2\u30f3\u30dc\u30a6<\/a> (chougenbou) | ma\u010farsky: <a href=\"https:\/\/hu.wikipedia.org\/wiki\/V%C3%B6r%C3%B6s_v%C3%A9rcse\" target=\"_blank\" rel=\"noopener noreferrer\">V\u00f6r\u00f6s v\u00e9rcse<\/a> | n\u011bmecky: <a href=\"https:\/\/de.wikipedia.org\/wiki\/Turmfalke\" target=\"_blank\" rel=\"noopener noreferrer\">Turmfalke<\/a> | norsky: <a href=\"https:\/\/no.wikipedia.org\/wiki\/T%C3%A5rnfalk\" target=\"_blank\" rel=\"noopener noreferrer\">T\u00e5rnfalk<\/a> | polsky: <a href=\"https:\/\/pl.wikipedia.org\/wiki\/Pustu%C5%82ka_zwyczajna\" target=\"_blank\" rel=\"noopener noreferrer\">Pustulka zwyczajna<\/a> | portugalsky: <a href=\"https:\/\/pt.wikipedia.org\/wiki\/Peneireiro-vulgar\" target=\"_blank\" rel=\"noopener noreferrer\">Peneireiro-vulgar<\/a> (peneireiro-de-dorso-malhado) | rumunsky: <a href=\"https:\/\/ro.wikipedia.org\/wiki\/V%C3%A2nturel_ro%C8%99u\" target=\"_blank\" rel=\"noopener noreferrer\">V\u00e2nturel ro\u0219u<\/a> | rus\u00ednsky: <a href=\"https:\/\/rue.wikipedia.org\/wiki\/%D0%9F%D1%83%D1%81%D1%82%D1%8B%D0%BB%D1%8C%D0%B3%D0%B0\" target=\"_blank\" rel=\"noopener noreferrer\">\u041f\u0443\u0441\u0442\u044b\u043b\u044c\u0433\u0430 <\/a>|\u00a0rusky: <a href=\"https:\/\/ru.wikipedia.org\/wiki\/%D0%9E%D0%B1%D1%8B%D0%BA%D0%BD%D0%BE%D0%B2%D0%B5%D0%BD%D0%BD%D0%B0%D1%8F_%D0%BF%D1%83%D1%81%D1%82%D0%B5%D0%BB%D1%8C%D0%B3%D0%B0\" target=\"_blank\" rel=\"noopener noreferrer\">\u041e\u0431\u044b\u043a\u043d\u043e\u0432\u0435\u043d\u043d\u0430\u044f \u043f\u0443\u0441\u0442\u0435\u043b\u044c\u0433\u0430<\/a> | \u0159ecky: <a href=\"https:\/\/el.wikipedia.org\/wiki\/%CE%92%CF%81%CE%B1%CF%87%CE%BF%CE%BA%CE%B9%CF%81%CE%BA%CE%AF%CE%BD%CE%B5%CE%B6%CE%BF\" target=\"_blank\" rel=\"noopener noreferrer\">\u0392\u03c1\u03b1\u03c7\u03bf\u03ba\u03b9\u03c1\u03ba\u03af\u03bd\u03b5\u03b6\u03bf <\/a>| slovensky: <a href=\"https:\/\/sk.wikipedia.org\/wiki\/Sokol_my%C5%A1iar\" target=\"_blank\" rel=\"noopener noreferrer\">Sokol my\u0161iar<\/a> (pustovka) | srbsky:\u00a0<a href=\"https:\/\/sr.wikipedia.org\/wiki\/%D0%92%D0%B5%D1%82%D1%80%D1%83%D1%88%D0%BA%D0%B0\" target=\"_blank\" rel=\"noopener noreferrer\">\u0412\u0435\u0442\u0440\u0443\u0448\u043a\u0430<\/a> | \u0161pan\u011blsky: <a href=\"https:\/\/en.wikipedia.org\/wiki\/Common_kestrel\" target=\"_blank\" rel=\"noopener noreferrer\">Cernicalo Vulgar<\/a> | \u0161v\u00e9dsky: <a href=\"https:\/\/sv.wikipedia.org\/wiki\/Tornfalk\" target=\"_blank\" rel=\"noopener noreferrer\">Tornfalk<\/a> | turecky: <a href=\"https:\/\/tr.wikipedia.org\/wiki\/Baya%C4%9F%C4%B1_kerkenez\" target=\"_blank\" rel=\"noopener noreferrer\">Baya\u011f\u0131 kerkenez<\/a> | ukrajinsky:\u00a0<a href=\"https:\/\/uk.wikipedia.org\/wiki\/%D0%91%D0%BE%D1%80%D0%B8%D0%B2%D1%96%D1%82%D0%B5%D1%80_%D0%B7%D0%B2%D0%B8%D1%87%D0%B0%D0%B9%D0%BD%D0%B8%D0%B9\" target=\"_blank\" rel=\"noopener noreferrer\">\u0411\u043e\u0440\u0438\u0432\u0456\u0442\u0435\u0440 \u0437\u0432\u0438\u0447\u0430\u0439\u043d\u0438\u0439<\/a><\/p><\/blockquote>\n<blockquote><p><img data-recalc-dims=\"1\" loading=\"lazy\" decoding=\"async\" data-attachment-id=\"6741\" data-permalink=\"https:\/\/tinnunculus.sy-sy.cz\/index.php\/postolka-obecna-obecne\/kestrel-male-female_u1\/\" data-orig-file=\"https:\/\/i0.wp.com\/tinnunculus.sy-sy.cz\/wp-content\/uploads\/2018\/11\/kestrel-male-female_U1.jpg?fit=750%2C520&amp;ssl=1\" data-orig-size=\"750,520\" data-comments-opened=\"1\" data-image-meta=\"{&quot;aperture&quot;:&quot;0&quot;,&quot;credit&quot;:&quot;&quot;,&quot;camera&quot;:&quot;&quot;,&quot;caption&quot;:&quot;&quot;,&quot;created_timestamp&quot;:&quot;0&quot;,&quot;copyright&quot;:&quot;&quot;,&quot;focal_length&quot;:&quot;0&quot;,&quot;iso&quot;:&quot;0&quot;,&quot;shutter_speed&quot;:&quot;0&quot;,&quot;title&quot;:&quot;&quot;,&quot;orientation&quot;:&quot;1&quot;}\" data-image-title=\"kestrel-male-female_U1\" data-image-description=\"\" data-image-caption=\"\" data-medium-file=\"https:\/\/i0.wp.com\/tinnunculus.sy-sy.cz\/wp-content\/uploads\/2018\/11\/kestrel-male-female_U1.jpg?fit=300%2C208&amp;ssl=1\" data-large-file=\"https:\/\/i0.wp.com\/tinnunculus.sy-sy.cz\/wp-content\/uploads\/2018\/11\/kestrel-male-female_U1.jpg?fit=525%2C364&amp;ssl=1\" class=\"wp-image-6741 size-medium aligncenter\" src=\"https:\/\/i0.wp.com\/tinnunculus.sy-sy.cz\/wp-content\/uploads\/2018\/11\/kestrel-male-female_U1.jpg?resize=300%2C208&#038;ssl=1\" alt=\"\" width=\"300\" height=\"208\" srcset=\"https:\/\/i0.wp.com\/tinnunculus.sy-sy.cz\/wp-content\/uploads\/2018\/11\/kestrel-male-female_U1.jpg?resize=300%2C208&amp;ssl=1 300w, https:\/\/i0.wp.com\/tinnunculus.sy-sy.cz\/wp-content\/uploads\/2018\/11\/kestrel-male-female_U1.jpg?w=750&amp;ssl=1 750w\" sizes=\"auto, (max-width: 300px) 100vw, 300px\" \/><\/p><\/blockquote>\n<p><strong>Vzhled<\/strong> | drobn\u00fd sokolovit\u00fd dravec o&nbsp;n\u011bco v\u011bt\u0161\u00ed, ne\u017e hrdli\u010dka divok\u00e1.\u00a0 Jako ostatn\u00ed sokoli m\u00e1 po\u0161tolka na horn\u00ed \u010delisti zob\u00e1ku zejk. Tento ostr\u00fd v\u00fdr\u016fstek slou\u017e\u00ed k&nbsp;trh\u00e1n\u00ed potravy. M\u00e1 dlouh\u00e1, trochu srpovit\u011b zahnut\u00e1 k\u0159\u00eddla, kter\u00e1 se na konci zu\u017euj\u00ed v&nbsp;uzav\u0159enou \u0161pi\u010dku, a&nbsp;dlouh\u00fd ocas. C<span class=\"st\">harakteristick\u00fd pro ob\u011b pohlav\u00ed je tmav\u00fd \u201e <em>sokol\u00ed vous<\/em>\u201c na\u00a0 tv\u00e1\u0159i.\u00a0<\/span> Samec m\u00e1 hn\u011bdosko\u0159icov\u011b zabarven\u00fd h\u0159bet s&nbsp;tmav\u00fdmi kapkovit\u00fdmi skvrnami, na\u017eloutl\u00fd spodek t\u011bla s&nbsp;pod\u00e9ln\u00fdmi skvrnkami, \u017elut\u00e9 nohy s&nbsp;\u010dern\u00fdmi dr\u00e1py, \u0161edou hlavu a&nbsp;\u0161ed\u00fd ocas se \u0161irok\u00fdm \u010dern\u00fdm koncov\u00fdm pruhem. Samice a&nbsp;mlad\u00ed pt\u00e1ci jsou cel\u00ed rezavohn\u011bd\u00ed s&nbsp;p\u0159\u00ed\u010dn\u00fdmi skvrnami na h\u0159bet\u011b a&nbsp;pruhy na ocase a&nbsp;jsou na spodn\u00ed stran\u011b t\u011bla skvrnit\u011bj\u0161\u00ed ne\u017e samec.<br \/>\n<strong>Hmotnost<\/strong> | samec pr\u016fm\u011brn\u011b 180 g (125-253 g), samice pr\u016fm\u011brn\u011b 220 g (136-303 g)<br \/>\n<strong>D\u00e9lka\u00a0<\/strong>| samec 32 cm,\u00a0 samice 38 cm<br \/>\n<strong>Rozp\u011bt\u00ed k\u0159\u00eddel<\/strong> | 68-80 cm<br \/>\n<strong>St\u00e1\u0159\u00ed<\/strong> | nejvy\u0161\u0161\u00ed zji\u0161t\u011bn\u00fd v\u011bk ve voln\u00e9 p\u0159\u00edrod\u011b 16 rok\u016f (krou\u017ekovan\u00fd pt\u00e1k ve \u0160v\u00fdcarsku); u&nbsp;n\u00e1s 9,5 roku. Pouze 66% po\u0161tolek se ve voln\u00e9 p\u0159\u00edrod\u011b do\u017eije t\u0159et\u00edho roku \u017eivota.<br \/>\n<strong>Roz\u0161\u00ed\u0159en\u00ed <\/strong>| roz\u0161\u00ed\u0159ena v&nbsp;cel\u00e9 Evrop\u011b, Africe (krom\u011b Sahary) a&nbsp;ve velk\u00e9 \u010d\u00e1sti Asie.<br \/>\n<a href=\"https:\/\/portal.nature.cz\/w\/druh-1150#\/\" target=\"_blank\" rel=\"noopener noreferrer\">V\u00fdskyt druhu Falco tinnunculus v&nbsp;jednotliv\u00fdch period\u00e1ch podle z\u00e1znam\u016f v&nbsp;N\u00e1lezov\u00e9 datab\u00e1zi ochrany p\u0159\u00edrody (AOPK)<\/a><strong><br \/>\nProst\u0159ed\u00ed<\/strong> |\u00a0 otev\u0159en\u00e1 krajina zejm\u00e9na v&nbsp;rovin\u011b \u010di&nbsp;pahorkatin\u011b s&nbsp;poli, loukami a&nbsp;pastvinami.\u00a0 Vyskytuje se i&nbsp;v&nbsp;les\u00edch, pokud jsou protk\u00e1ny pasekami a&nbsp;lesn\u00edmi loukami. Od poloviny 20.&nbsp;stolet\u00ed p\u0159ib\u00fdv\u00e1 po\u0161tolek, kter\u00e9 os\u00eddlily m\u011bstsk\u00e9 prost\u0159ed\u00ed.\u00a0<strong><br \/>\nTah a&nbsp;zimov\u00e1n\u00ed<\/strong> | u&nbsp;n\u00e1s se vyskytuje po&nbsp;cel\u00fd rok, n\u011bkter\u00e9 na\u0161e po\u0161tolky, hlavn\u011b mlad\u00ed pt\u00e1ci, t\u00e1hnou a\u017e do severn\u00ed a&nbsp;z\u00e1padn\u00ed Afriky, na podzim a&nbsp;v&nbsp;zim\u011b se u&nbsp;n\u00e1s vyskytuj\u00ed i&nbsp;pt\u00e1ci z&nbsp;hn\u00edzdi\u0161\u0165 v&nbsp;SRN, Polsku, \u0160v\u00e9dsku \u010di&nbsp;Finsku.<br \/>\n<strong>Teritorium <\/strong>| 2\u201410 km\u00b2. Mohou se p\u0159ekr\u00fdvat (nap\u0159.&nbsp;po\u0161tolky hn\u00edzd\u00edc\u00ed v&nbsp;centrech m\u011bst a&nbsp;zal\u00e9t\u00e1vaj\u00edc\u00ed p\u0159irozen\u011b lovit na jeho okraj mohou m\u00edt v\u011bt\u0161\u00ed domovsk\u00e9 okrsky, kter\u00e9 se p\u0159ekr\u00fdvaj\u00ed s&nbsp;teritorii venkovsk\u00fdch a&nbsp;perifern\u00edch po\u0161tolek). <strong><br \/>\nChov\u00e1n\u00ed<\/strong> | mimo hn\u00edzdn\u00ed obdob\u00ed tr\u00e1v\u00ed dosp\u011bl\u00e9 po\u0161tolky v\u011bt\u0161inu roku samot\u00e1\u0159sky. Pokud zrovna nelov\u00ed, tak po&nbsp;v\u011bt\u0161inu dne a&nbsp;noci posed\u00e1vaj\u00ed n\u011bkde ve sv\u00e9m teritoriu; del\u0161\u00ed \u010das pak tr\u00e1v\u00ed ve vzduchu a\u017e p\u0159i&nbsp;n\u00e1mluv\u00e1ch. Ve m\u011bstech\u00a0 nocuj\u00ed na stabiln\u00edch m\u00edstech, zpravidla na \u0159\u00edms\u00e1ch a&nbsp;okapech v&nbsp;bl\u00edzkosti hn\u00edzda; mohou zde ale nocovat i&nbsp;po\u0161tolky hn\u00edzd\u00edc\u00ed mimo m\u011bsto.<br \/>\nUpozorn\u011bn\u00edm na takov\u00e9 nocovi\u0161t\u011b nebo hn\u00edzdi\u0161t\u011b po\u0161tolek b\u00fdvaj\u00ed <a href=\"https:\/\/www.biolib.cz\/cz\/image\/dir843\/id14638\/?viewall=1&amp;galhidden=1&amp;termflt=3545\" target=\"_blank\" rel=\"noopener noreferrer\">v\u00fdvr\u017eky<\/a> (chuchvalce nestraviteln\u00fdch slo\u017eek potravy (srsti, pe\u0159\u00ed, kosti), vyd\u00e1ven\u00e9 ze svalnat\u00e9ho dravc\u016f a&nbsp;sov) a&nbsp;st\u0159\u00edkance b\u00edl\u00e9ho trusu.<br \/>\n<strong>Potrava<\/strong> | drobn\u00ed hlodavci, hlavn\u011b hrabo\u0161 poln\u00ed, tvo\u0159\u00ed 80 a\u017e 90% jej\u00ed potravy. V&nbsp;dob\u011b n\u00edzk\u00e9 po\u010detnosti hrabo\u0161e se m\u016f\u017ee po\u0161tolka p\u0159eorientovat na dostupn\u011bj\u0161\u00ed ko\u0159ist, nap\u0159\u00edklad na pr\u00e1v\u011b vyl\u00e9tl\u00e1 ml\u00e1\u010fata p\u011bvc\u016f a&nbsp;hmyz. Mezi ope\u0159ence, kter\u00e9 po\u0161tolky nej\u010dast\u011bji lov\u00ed, pat\u0159\u00ed vrabci, s\u00fdkory a&nbsp;kosi.\u00a0 Vyb\u00edr\u00e1 tak\u00e9 holub\u00ed ml\u00e1\u010fata z&nbsp;hn\u00edzd. Z&nbsp;hmyzu jsou v&nbsp;potrav\u011b zastoupeni p\u0159ev\u00e1\u017en\u011b brouci z&nbsp;\u010deledi st\u0159evl\u00edkovit\u00fdch a&nbsp;kobylky. Po\u0161tolky ob\u010das, nej\u010dast\u011bji po&nbsp;de\u0161t\u00edch, sb\u00edraj\u00ed na povrch vylezl\u00e9 \u017e\u00ed\u017ealy.<br \/>\n<strong>Zp\u016fsob lovu<\/strong> | Lov\u00ed ve dne v&nbsp;otev\u0159en\u00e9 krajin\u011b pom\u011brn\u011b n\u00edzko nad ter\u00e9nem.\u00a0 Po&nbsp;ko\u0159isti p\u00e1tr\u00e1 z&nbsp;vyv\u00fd\u0161en\u00fdch m\u00edst nebo za letu, v&nbsp;n\u011bm\u017e se \u010dasto zastav\u00ed ve vzduchu, p\u0159i\u010dem\u017e pozici udr\u017euje rychl\u00fdm t\u0159epet\u00e1n\u00edm k\u0159\u00eddel za pomoci \u0161iroce rozta\u017een\u00e9ho ocasu sm\u011b\u0159uj\u00edc\u00edho k&nbsp;zemi. Na vyhl\u00e9dnutou ko\u0159ist za\u00fato\u010d\u00ed v\u011bt\u0161inou\u00a0st\u0159emhlav\u00fdm letem, zatne do n\u00ed dr\u00e1py a&nbsp;balancuje na \u00falovku se zdvi\u017een\u00fdmi k\u0159\u00eddly. V&nbsp;pr\u016fm\u011bru je \u00fasp\u011b\u0161n\u00fd asi ka\u017ed\u00fd des\u00e1t\u00fd \u00fatok. Ko\u0159ist si odn\u00e1\u0161\u00ed (pokud nez\u00e1sobuje rodinu) na vyv\u00fd\u0161en\u00e1 m\u00edsta, kde ji zkonzumuje. Po&nbsp;r\u00e1nu a&nbsp;v&nbsp;podve\u010der naloven\u00e9 p\u0159ebytky m\u016f\u017ee ukr\u00fdvat do spi\u017en\u00edch skr\u00fd\u0161\u00ed.<br \/>\nP\u0159i&nbsp;lovu po\u0161tolka vyu\u017e\u00edv\u00e1 schopnost vn\u00edm\u00e1n\u00ed UV sv\u011btla, kter\u00e9 emituje mo\u010d,\u00a0 j\u00ed\u017e si hrabo\u0161i zna\u010dkuj\u00ed cesti\u010dky ve sv\u00e9m teritoriu.<br \/>\n<strong>Hn\u00edzd\u011bn\u00ed<\/strong> | 1x ro\u010dn\u011b, b\u0159ezen a\u017e \u010derven. V&nbsp;p\u0159\u00edpad\u011b zni\u010den\u00ed vajec m\u016f\u017ee b\u00fdt snesena druh\u00e1 n\u00e1hradn\u00ed sn\u016f\u0161ka. Za\u010d\u00e1tek hn\u00edzd\u011bn\u00ed z\u00e1vis\u00ed na potravn\u00edch a&nbsp;klimatick\u00fdch podm\u00ednk\u00e1ch. Ve m\u011bst\u011b za\u010d\u00edn\u00e1 hn\u00edzdit oproti voln\u00e9 krajin\u011b asi o&nbsp;14&nbsp;dn\u00ed d\u0159\u00edve.<br \/>\n<strong>Tok<\/strong> |\u00a0za\u010d\u00edn\u00e1 u\u017e v&nbsp;\u00fanoru.<br \/>\nN\u00e1mluvy u&nbsp;po\u0161tolek prob\u00edhaj\u00ed velmi hlu\u010dn\u011b. Samec se samic\u00ed krou\u017e\u00ed nad budouc\u00edm hn\u00edzdi\u0161t\u011bm, hlasit\u011b se oz\u00fdv\u00e1 ostr\u00fdm ki-ki-ki a&nbsp;za letu p\u0159edv\u00e1d\u00ed akrobatick\u00e9 schopnosti. P\u0159ed p\u00e1\u0159en\u00edm, k&nbsp;n\u011bmu\u017e doch\u00e1z\u00ed v&nbsp;bl\u00edzkosti vyhl\u00e9dnut\u00e9ho hn\u00edzda za hlasit\u00fdch zvukov\u00fdch projev\u016f (vysok\u00e9 je-er\u2013jeer), nos\u00ed samec samici nejr\u016fzn\u011bj\u0161\u00ed ko\u0159ist.<br \/>\nPo\u0161tolky jsou v\u011bt\u0161inou monogamn\u00ed, byla v\u0161ak zaznamen\u00e1na i&nbsp;polygynie a&nbsp;v\u00fdjime\u010dn\u011b i&nbsp;polyandrie.<br \/>\n<strong>Hn\u00edzdi\u0161t\u011b<\/strong> | hn\u00edzdo si nestav\u00ed ani je nevyst\u00fdl\u00e1, pouze podle mo\u017enost\u00ed vyhloub\u00ed v&nbsp;podkladu jamku (pr\u016fm\u011br 13\u201416 (26) cm, hloubka 4\u20148,5 cm). Hn\u00edzd\u00ed na stromech v&nbsp;hn\u00edzdech postaven\u00fdch jin\u00fdmi pt\u00e1ky (vr\u00e1ny, straky&#8230;) nebo ve stromov\u00fdch dutin\u00e1ch.\u00a0 M\u00e9n\u011b \u010dasto ve skaln\u00edch dutin\u00e1ch a&nbsp;\u0161t\u011brbin\u00e1ch nebo hlinit\u00fdch st\u011bn\u00e1ch. Vyu\u017e\u00edv\u00e1 i&nbsp;v\u011bt\u0161\u00ed budky.\u00a0 V&nbsp;lidsk\u00fdch s\u00eddlech v&nbsp;kosteln\u00edch v\u011b\u017e\u00edch, na p\u016fd\u00e1ch, balkonech a&nbsp;v&nbsp;r\u016fzn\u00fdch v\u00fdklenc\u00edch budov i&nbsp;kv\u011btin\u00e1\u010d\u00edch a&nbsp;truhl\u00edc\u00edch za okny.\u00a0 M\u011bsto nab\u00edz\u00ed po\u0161tolk\u00e1m v\u011bt\u0161\u00ed mno\u017estv\u00ed hn\u00edzdn\u00edch dutin, proto zde b\u00fdv\u00e1 i&nbsp;v\u011bt\u0161\u00ed hustota hn\u00edzdn\u00edch p\u00e1r\u016f.<br \/>\nN\u011bkdy se v\u00edce p\u00e1r\u016f seskup\u00ed do voln\u011bj\u0161\u00ed hn\u00edzdn\u00ed kolonie na pro hn\u00edzd\u011bn\u00ed vhodn\u00fdch lidsk\u00fdch stavb\u00e1ch (hrady, z\u0159\u00edceniny&#8230;) i&nbsp;mimo s\u00eddla (stromo\u0159ad\u00ed na ji\u017en\u00ed Morav\u011b).<br \/>\n<strong>Sn\u016f\u0161ka<\/strong> | 3\u20147, obvykle 4\u20146 vajec s&nbsp;pr\u016fm\u011brnou hmotnost\u00ed cca 19 gram\u016f. Zbarven\u00ed vajec je prom\u011bnliv\u00e9, vesm\u011bs okrov\u011b hn\u011bd\u00e9 s&nbsp;tmav\u0161\u00edmi skvrnami nebo mramorov\u00e1n\u00edm. Vejce jsou sn\u00e1\u0161ena v&nbsp;intervalu 1\u20142 dni.\u00a0 Sn\u016f\u0161ky s&nbsp;vy\u0161\u0161\u00edm po\u010dtem vajec ne\u017e 7 jsou pravd\u011bpodobn\u011b v\u00fdsledkem sn\u00e1\u0161en\u00ed dvou samic do stejn\u00e9ho hn\u00edzda.<br \/>\n<strong>Inkubace<\/strong> | 28\u201431&nbsp;dn\u00ed. Za\u010d\u00edn\u00e1 obvykle snesen\u00edm p\u0159edposledn\u00edho vejce. Na vejc\u00edch sed\u00ed samice, samec ji st\u0159\u00edd\u00e1 v&nbsp;dob\u011b, kdy\u017e konzumuje j\u00edm donesenou potravu.<br \/>\n<strong>Hn\u00edzdn\u00ed p\u00e9\u010de<\/strong> | 27\u201430 (38) dn\u016f. Ml\u00e1\u010fata jsou krmiv\u00e1. Samice na nich sed\u00ed je\u0161t\u011b asi prvn\u00edch deset dn\u00ed po&nbsp;vyl\u00edhnut\u00ed, dokud maj\u00ed pouze prvn\u00ed b\u00edl\u00e9 prachov\u00e9 pe\u0159\u00ed a&nbsp;nejsou schopna sama regulovat svou t\u011blesnou teplotu. Z&nbsp;po\u010d\u00e1tku samice ml\u00e1\u010fat\u016fm potravu trh\u00e1. Krmit ml\u00e1\u010fata dok\u00e1\u017e\u00ed i&nbsp;n\u011bkte\u0159\u00ed samci. Ve v\u011bku 22&nbsp;dn\u00ed ji\u017e ml\u00e1\u010fata jsou schopna natrhat si\u00a0 donesenou potravu sama. Po&nbsp;vylet\u011bn\u00ed jsou je\u0161t\u011b asi m\u011bs\u00edc z\u00e1visl\u00e1 na potrav\u011b, kterou jim nos\u00ed rodi\u010de.<br \/>\n<strong>Dosp\u011blost<\/strong> | ve 2.&nbsp;roce \u017eivota<\/p>\n<p>&nbsp;<\/p>\n<ul>\n<li>Literatura a&nbsp;prameny:\n<ul>\n<li style=\"list-style-type: none;\">\n<ul>\n<li><a href=\"https:\/\/tinnunculus.sy-sy.cz\/index.php\/postolka-odborne-literarni\/\">Po\u0161tolka odborn\u011b liter\u00e1rn\u00ed<\/a><\/li>\n<li><a href=\"https:\/\/tinnunculus.sy-sy.cz\/index.php\/postolky-krasne-literarni\/\">Po\u0161tolka kr\u00e1sn\u011b liter\u00e1rn\u00ed<\/a><\/li>\n<\/ul>\n<\/li>\n<li><a href=\"https:\/\/tinnunculus.sy-sy.cz\/index.php\/odkazy\/o-postolkach\/\">Odkazy<\/a><\/li>\n<\/ul>\n<\/li>\n<\/ul>\n<p>&nbsp;<\/p>\n<p>Aktualizov\u00e1no: <span class=\"last-modified-timestamp\">14\/12\/2025 23:33<\/span><\/p>\n","protected":false},"excerpt":{"rendered":"<p>V\u011bdeck\u00fd n\u00e1zev | Falco tinnunculus Linnaeus, 1758 \u00a0&#8211;\u00a0po\u0161tolka obecn\u00e1 Taxonomick\u00e9 za\u0159azen\u00ed | \u0159\u00ed\u0161e Animalia \/ kmen Chordata \/ t\u0159\u00edda Aves \/ \u0159\u00e1d Falconiformes \/ \u010dele\u010f Falconidae anglicky: Common Kestrel | b\u011blorusky: \u0417\u0432\u044b\u0447\u0430\u0439\u043d\u0430\u044f \u043f\u0443\u0441\u0442\u0430\u043b\u044c\u0433\u0430 | bulharsky: \u041a\u0435\u0440\u043a\u0435\u043d\u0435\u0437\u00a0| \u010desky: Po\u0161tolka obecn\u00e1\u00a0| \u010d\u00ednsky: \u7ea2\u96bc | d\u00e1nsky: T\u00e5rnfalk | finsky: Tuulihaukka | francouzsky: Faucon cr\u00e9cerelle | holandsky: Torenvalk\u00a0 | &hellip; <\/p>\n<p class=\"link-more\"><a href=\"https:\/\/tinnunculus.sy-sy.cz\/index.php\/postolka-obecna-obecne\/\" class=\"more-link\">Pokra\u010dovat ve \u010dten\u00ed<span class=\"screen-reader-text\"> &#8222;Po\u0161tolka obecn\u00e1 | obecn\u011b&#8220;<\/span><\/a><\/p>\n","protected":false},"author":2,"featured_media":0,"parent":0,"menu_order":5,"comment_status":"closed","ping_status":"closed","template":"","meta":{"jetpack_post_was_ever_published":false,"footnotes":""},"categories":[142,105,110,307,108],"tags":[26,1034,91],"class_list":["post-6731","page","type-page","status-publish","hentry","category-dravec","category-postolka","category-postolka-obecna","category-ptaci","category-ostatni-zvirena","tag-ps_19","tag-postolka","tag-ps_95"],"jetpack_shortlink":"https:\/\/wp.me\/P91gKE-1Kz","jetpack-related-posts":[{"id":1928,"url":"https:\/\/tinnunculus.sy-sy.cz\/index.php\/odkazy\/","url_meta":{"origin":6731,"position":0},"title":"Odkazy","author":"Zuzana Syrov\u00e1 An\u00fd\u017eov\u00e1","date":"14\/08\/2017","format":false,"excerpt":"Hrabo\u0161 poln\u00ed (Microtus arvalis) My\u0161 dom\u00e1c\u00ed (Mus musculus) Po\u0161tolka obecn\u00e1 (Falco tinnunculus) Ror\u00fds obecn\u00fd (Apus apus) Faunistick\u00e1 datab\u00e1ze \u010cSO: Po\u0161tolka obecn\u00e1 (Falco tinnunclus) in Avif Ror\u00fds obecn\u00fd (Apus apus) in Avif P\u0159\u00edm\u00e9 p\u0159enosy: Po\u0161tolka obecn\u00e1 (Falco tinnunculus) online Ror\u00fds obecn\u00fd (Apus apus) online Dal\u0161\u00ed druhy pt\u00e1k\u016f online: View Nesting Birds\u2026","rel":"","context":"Podobn\u00fd p\u0159\u00edsp\u011bvek","block_context":{"text":"Podobn\u00fd p\u0159\u00edsp\u011bvek","link":""},"img":{"alt_text":"","src":"","width":0,"height":0},"classes":[]},{"id":10473,"url":"https:\/\/tinnunculus.sy-sy.cz\/index.php\/faq-aneb-ckd\/","url_meta":{"origin":6731,"position":1},"title":"FAQ aneb \u010cKD","author":"Zuzana Syrov\u00e1 An\u00fd\u017eov\u00e1","date":"15\/02\/2020","format":false,"excerpt":"\u00a0 Na tomto m\u00edst\u011b najdete postupn\u011b dopl\u0148ovan\u00e9 odpov\u011bdi na \u010dasto kladen\u00e9 dotazy (odtud zkratka \u010cKD). Pokud nenajdete odpov\u011b\u010f na Va\u0161i ot\u00e1zku, nev\u00e1hejte n\u00e1m napsat. K naps\u00e1n\u00ed dotazu m\u016f\u017eete pou\u017e\u00edt po\u0161tol\u010d\u00ed formul\u00e1\u0159. P\u0159ed zad\u00e1n\u00edm dotazu se pod\u00edvejte i na str\u00e1nky s obecn\u00fdmi informacemi o po\u0161tok\u00e1ch:\u00a0 Po\u0161tolka obecn\u00e1 | obecn\u011b, ror\u00fdsech: Ror\u00fds\u2026","rel":"","context":"Podobn\u00fd p\u0159\u00edsp\u011bvek","block_context":{"text":"Podobn\u00fd p\u0159\u00edsp\u011bvek","link":""},"img":{"alt_text":"","src":"https:\/\/i0.wp.com\/tinnunculus.sy-sy.cz\/wp-content\/uploads\/2020\/02\/dsc29195_BW-1-1024x657.jpg?resize=350%2C200&ssl=1","width":350,"height":200,"srcset":"https:\/\/i0.wp.com\/tinnunculus.sy-sy.cz\/wp-content\/uploads\/2020\/02\/dsc29195_BW-1-1024x657.jpg?resize=350%2C200&ssl=1 1x, https:\/\/i0.wp.com\/tinnunculus.sy-sy.cz\/wp-content\/uploads\/2020\/02\/dsc29195_BW-1-1024x657.jpg?resize=525%2C300&ssl=1 1.5x"},"classes":[]},{"id":20905,"url":"https:\/\/tinnunculus.sy-sy.cz\/index.php\/deniky\/2023-2\/sezona-2023\/","url_meta":{"origin":6731,"position":2},"title":"Sez\u00f3na 2023","author":"Zuzana Syrov\u00e1 An\u00fd\u017eov\u00e1","date":"18\/03\/2023","format":false,"excerpt":"\u00a0 Den\u00edk 2023","rel":"","context":"V \u201e\"Na\u0161e\" po\u0161tolky\u201c","block_context":{"text":"\"Na\u0161e\" po\u0161tolky","link":"https:\/\/tinnunculus.sy-sy.cz\/index.php\/category\/nasi\/nase-postolky\/"},"img":{"alt_text":"","src":"","width":0,"height":0},"classes":[]},{"id":45551,"url":"https:\/\/tinnunculus.sy-sy.cz\/index.php\/deniky\/2026-2\/sezona-2026\/","url_meta":{"origin":6731,"position":3},"title":"Sez\u00f3na 2026","author":"Zuzana Syrov\u00e1 An\u00fd\u017eov\u00e1","date":"30\/12\/2025","format":false,"excerpt":"\u00a0 Den\u00edk 2026","rel":"","context":"V \u201e\"Na\u0161e\" po\u0161tolky\u201c","block_context":{"text":"\"Na\u0161e\" po\u0161tolky","link":"https:\/\/tinnunculus.sy-sy.cz\/index.php\/category\/nasi\/nase-postolky\/"},"img":{"alt_text":"","src":"","width":0,"height":0},"classes":[]},{"id":29109,"url":"https:\/\/tinnunculus.sy-sy.cz\/index.php\/deniky\/2024-2\/sezona-2024\/","url_meta":{"origin":6731,"position":4},"title":"Sez\u00f3na 2024","author":"Zuzana Syrov\u00e1 An\u00fd\u017eov\u00e1","date":"28\/12\/2023","format":false,"excerpt":"\u00a0 Den\u00edk 2024","rel":"","context":"V \u201e\"Na\u0161e\" po\u0161tolky\u201c","block_context":{"text":"\"Na\u0161e\" po\u0161tolky","link":"https:\/\/tinnunculus.sy-sy.cz\/index.php\/category\/nasi\/nase-postolky\/"},"img":{"alt_text":"","src":"","width":0,"height":0},"classes":[]},{"id":38500,"url":"https:\/\/tinnunculus.sy-sy.cz\/index.php\/deniky\/2025-2\/sezona-2025\/","url_meta":{"origin":6731,"position":5},"title":"Sez\u00f3na 2025","author":"Zuzana Syrov\u00e1 An\u00fd\u017eov\u00e1","date":"16\/12\/2024","format":false,"excerpt":"\u00a0 Den\u00edk 2025","rel":"","context":"V \u201e\"Na\u0161e\" po\u0161tolky\u201c","block_context":{"text":"\"Na\u0161e\" po\u0161tolky","link":"https:\/\/tinnunculus.sy-sy.cz\/index.php\/category\/nasi\/nase-postolky\/"},"img":{"alt_text":"","src":"","width":0,"height":0},"classes":[]}],"jetpack_sharing_enabled":true,"_links":{"self":[{"href":"https:\/\/tinnunculus.sy-sy.cz\/index.php\/wp-json\/wp\/v2\/pages\/6731","targetHints":{"allow":["GET"]}}],"collection":[{"href":"https:\/\/tinnunculus.sy-sy.cz\/index.php\/wp-json\/wp\/v2\/pages"}],"about":[{"href":"https:\/\/tinnunculus.sy-sy.cz\/index.php\/wp-json\/wp\/v2\/types\/page"}],"author":[{"embeddable":true,"href":"https:\/\/tinnunculus.sy-sy.cz\/index.php\/wp-json\/wp\/v2\/users\/2"}],"replies":[{"embeddable":true,"href":"https:\/\/tinnunculus.sy-sy.cz\/index.php\/wp-json\/wp\/v2\/comments?post=6731"}],"version-history":[{"count":3,"href":"https:\/\/tinnunculus.sy-sy.cz\/index.php\/wp-json\/wp\/v2\/pages\/6731\/revisions"}],"predecessor-version":[{"id":40140,"href":"https:\/\/tinnunculus.sy-sy.cz\/index.php\/wp-json\/wp\/v2\/pages\/6731\/revisions\/40140"}],"wp:attachment":[{"href":"https:\/\/tinnunculus.sy-sy.cz\/index.php\/wp-json\/wp\/v2\/media?parent=6731"}],"wp:term":[{"taxonomy":"category","embeddable":true,"href":"https:\/\/tinnunculus.sy-sy.cz\/index.php\/wp-json\/wp\/v2\/categories?post=6731"},{"taxonomy":"post_tag","embeddable":true,"href":"https:\/\/tinnunculus.sy-sy.cz\/index.php\/wp-json\/wp\/v2\/tags?post=6731"}],"curies":[{"name":"wp","href":"https:\/\/api.w.org\/{rel}","templated":true}]}}