{"id":6278,"date":"2018-09-29T12:55:04","date_gmt":"2018-09-29T10:55:04","guid":{"rendered":"http:\/\/tinnunculus.sy-sy.cz\/?page_id=6278"},"modified":"2025-12-14T23:34:00","modified_gmt":"2025-12-14T22:34:00","slug":"postolky-krasne-literarni","status":"publish","type":"page","link":"https:\/\/tinnunculus.sy-sy.cz\/index.php\/postolka-obecna-obecne\/postolky-krasne-literarni\/","title":{"rendered":"Po\u0161tolka kr\u00e1sn\u011b liter\u00e1rn\u00ed"},"content":{"rendered":"<p><img data-recalc-dims=\"1\" loading=\"lazy\" decoding=\"async\" data-attachment-id=\"6325\" data-permalink=\"https:\/\/tinnunculus.sy-sy.cz\/index.php\/postolka-obecna-obecne\/postolky-krasne-literarni\/dsc31388ubw\/\" data-orig-file=\"https:\/\/i0.wp.com\/tinnunculus.sy-sy.cz\/wp-content\/uploads\/2018\/09\/dsc31388uBW.jpg?fit=1038%2C720&amp;ssl=1\" data-orig-size=\"1038,720\" data-comments-opened=\"1\" data-image-meta=\"{&quot;aperture&quot;:&quot;0&quot;,&quot;credit&quot;:&quot;Zuzana Syrov\\u00e1&quot;,&quot;camera&quot;:&quot;&quot;,&quot;caption&quot;:&quot;&quot;,&quot;created_timestamp&quot;:&quot;0&quot;,&quot;copyright&quot;:&quot;Zuzana Syrov\\u00e1&quot;,&quot;focal_length&quot;:&quot;0&quot;,&quot;iso&quot;:&quot;0&quot;,&quot;shutter_speed&quot;:&quot;0&quot;,&quot;title&quot;:&quot;&quot;,&quot;orientation&quot;:&quot;1&quot;}\" data-image-title=\"dsc31388uBW\" data-image-description=\"\" data-image-caption=\"\" data-large-file=\"https:\/\/i0.wp.com\/tinnunculus.sy-sy.cz\/wp-content\/uploads\/2018\/09\/dsc31388uBW.jpg?fit=525%2C364&amp;ssl=1\" class=\"alignnone wp-image-6325 size-large\" src=\"https:\/\/i0.wp.com\/tinnunculus.sy-sy.cz\/wp-content\/uploads\/2018\/09\/dsc31388uBW.jpg?resize=525%2C364&#038;ssl=1\" alt=\"\" width=\"525\" height=\"364\" srcset=\"https:\/\/i0.wp.com\/tinnunculus.sy-sy.cz\/wp-content\/uploads\/2018\/09\/dsc31388uBW.jpg?resize=1024%2C710&amp;ssl=1 1024w, https:\/\/i0.wp.com\/tinnunculus.sy-sy.cz\/wp-content\/uploads\/2018\/09\/dsc31388uBW.jpg?resize=300%2C208&amp;ssl=1 300w, https:\/\/i0.wp.com\/tinnunculus.sy-sy.cz\/wp-content\/uploads\/2018\/09\/dsc31388uBW.jpg?resize=768%2C533&amp;ssl=1 768w, https:\/\/i0.wp.com\/tinnunculus.sy-sy.cz\/wp-content\/uploads\/2018\/09\/dsc31388uBW.jpg?w=1038&amp;ssl=1 1038w\" sizes=\"auto, (max-width: 525px) 100vw, 525px\" \/><\/p>\n<p><a href=\"https:\/\/tinnunculus.sy-sy.cz\/index.php\/2018\/10\/05\/postolka-a-hrabos-z-kameniteho-vrchu\/\">ADAMS, Richard. <i>Dalek\u00e1 cesta za domovem<\/i><\/a>. Praha: Mlad\u00e1 fronta, 1986.<\/p>\n<p><a href=\"https:\/\/tinnunculus.sy-sy.cz\/index.php\/2018\/09\/25\/lolo-a-jester\/\">BEZRU\u010c, Petr. <i>Lolo a&nbsp;druhov\u00e9<\/i>.<\/a> V&nbsp;Brn\u011b: Pokorn\u00fd, 1938.<\/p>\n<p><a href=\"https:\/\/tinnunculus.sy-sy.cz\/index.php\/2018\/11\/11\/postolka-naseda-na-vrsek-borovice\/\">BORKOVEC, Petr. Po\u0161tolka nased\u00e1 na vrchol borovice&#8230;<\/a> [online]. Dostupn\u00e9 z\u00a0<a href=\"https:\/\/www.lyrikline.org\/de\/gedichte\/postolka-naseda-na-vrsek-borovice-1498\" target=\"_blank\" rel=\"noopener noreferrer\">https:\/\/www.lyrikline.org\/de\/gedichte\/postolka-naseda-na-vrsek-borovice-1498<\/a><\/p>\n<p>BORKOVEC, Petr. Pozn\u00e1mka o&nbsp;houb\u00e1ch. In: Listy, 5, 2006. [online]. Dostupn\u00e9 z&nbsp;<a href=\"http:\/\/www.listy.cz\/archiv.php?cislo=065&amp;clanek=050615\" target=\"_blank\" rel=\"noopener noreferrer\">http:\/\/www.listy.cz\/archiv.php?cislo=065&amp;clanek=050615<\/a><\/p>\n<p><a href=\"https:\/\/tinnunculus.sy-sy.cz\/index.php\/2025\/07\/04\/vycerpana-postolka\/\">BURDOV\u00c1, Anna.\u00a0<i>Vy\u010derpan\u00e1 po\u0161tolka<\/i>.<\/a> Ilustroval Zuzana SL\u00c1NSK\u00c1. Nov\u00e9 p\u0159\u00edb\u011bhy se \u0161\u0165astn\u00fdm koncem. V&nbsp;Praze: Fragment, 2025. ISBN 978-80-253-7260-9.<\/p>\n<p><a href=\"https:\/\/tinnunculus.sy-sy.cz\/index.php\/2019\/11\/16\/ptak-poskrk\/\">CARROLL, Lewis a&nbsp;Lewis CARROLL. <em>Alen\u010dina dobrodru\u017estv\u00ed v&nbsp;kraji div\u016f a&nbsp;za zrcadlem<\/em>.<\/a> Ilustroval Ladislav VLNA, p\u0159elo\u017eil Ji\u0159\u00ed \u017d\u00c1K. Praha: XYZ, 2017, 252 s. ISBN 978-80-7505-416-6.<\/p>\n<p>DANN, Colin. <i>The Animals of Farthing Wood<\/i>. 2nd Print. London: Pan Books, 1981.&nbsp;302 s. Piccolo. ISBN 0-330-26187-8.<\/p>\n<p>EFFENBERGER, Vratislav. S&nbsp;\u00fazkost\u00ed jakou zn\u00e1 jen po\u0161tolka&#8230; In: EFFENBERGER, Vratislav. <em>B\u00e1sn\u011b<\/em><span style=\"font-size: 1rem;\">. Praha: Torst, 2007. ISBN 978-80-7215-330-5.<\/span><\/p>\n<p><a href=\"https:\/\/tinnunculus.sy-sy.cz\/index.php\/2018\/01\/28\/jen-postolky-chci-klidne-na-desatero\/\">HEISLER, Jind\u0159ich. <em>Jen po\u0161tolky ch\u010d\u00ed klidn\u011b na desatero<\/em>.<\/a> In:\u00a0HEISLER, Jind\u0159ich, Zuzana J\u00dcRGENS, V\u011bra LINHARTOV\u00c1 a&nbsp;Franti\u0161ek \u0160MEJKAL. <i>Z kasemat sp\u00e1nku<\/i>. Praha: Torst, 1999. ISBN 80-7215-100-2.<\/p>\n<p><a href=\"https:\/\/tinnunculus.sy-sy.cz\/index.php\/2018\/01\/31\/kes-slavi-padesatiny\/\">HINES, Barry. <i>Po\u0161tolka pro pacholka<\/i>.<\/a> Praha: Mlad\u00e1 fronta, 1989. Edice 13. ISBN 80-204-0012-5.<\/p>\n<p><a href=\"https:\/\/tinnunculus.sy-sy.cz\/index.php\/2019\/09\/10\/a-ktere-z-ptaku-mel-jsi-rad\/\" target=\"_blank\" rel=\"noopener noreferrer\">HOLAN, Vladim\u00edr. Tv\u00e9 d\u011btstv\u00ed.<\/a> In: HOLAN, Vladim\u00edr, Vladim\u00edr JUSTL a&nbsp;Pavel CHALUPA. <i>Propast propasti<\/i>. 2., rev. vyd. Praha: Paseka, 2001. Spisy Vladim\u00edra Holana. ISBN 80-7185-378-X.<\/p>\n<p><a href=\"https:\/\/tinnunculus.sy-sy.cz\/index.php\/2015\/04\/21\/the-windhover\/\" target=\"_blank\" rel=\"noopener noreferrer\">HOPKINS, Gerard Manley. Po\u0161tolka.<\/a> In: <span style=\"font-size: 1rem;\">HOPKINS, Gerard Manley; \u0160ULC, Jan a&nbsp;SLAV\u00cdK, Ivan.\u00a0<\/span><i style=\"font-size: 1rem;\">Z\u00e1nik Eurydiky<\/i><span style=\"font-size: 1rem;\">. Poezie. Praha: Torst, 1995. ISBN 80-85639-36-X.<\/span><\/p>\n<p><a href=\"https:\/\/tinnunculus.sy-sy.cz\/index.php\/2015\/04\/21\/the-windhover\/\" target=\"_blank\" rel=\"noopener noreferrer\">HOPKINS, Gerard Manley. Po\u0161tolka.<\/a> In:HOPKINS, Gerard Manley a&nbsp;HRDLI\u010cKA, Josef.\u00a0<i>Jsem v\u00fd\u0161leh z&nbsp;ohn\u011b k&nbsp;ohni<\/i>. Druh\u00e9, roz\u0161\u00ed\u0159en\u00e9 vyd\u00e1n\u00ed. Slovo a&nbsp;obraz. Olomouc: nakladatelstv\u00ed Centra Aletti Refugium Velehrad-Roma, 2016. ISBN 978-80-7412-229-3.<\/p>\n<p><a href=\"https:\/\/tinnunculus.sy-sy.cz\/index.php\/2023\/06\/14\/postovni-postolka\/\" target=\"_blank\" rel=\"noopener\">HOUSER, Pavel. Po\u0161tovn\u00ed po\u0161tolka.<\/a> In: HOUSER, Pavel a&nbsp;Mario MATOU\u0160. <i>\u010cernob\u00edl\u00e1 cesta: \u0161achov\u00e9 pov\u00eddky a&nbsp;studie<\/i>. Praha: Pra\u017esk\u00e1 \u0161achov\u00e1 spole\u010dnost, 2014. ISBN 978-80.<\/p>\n<p><a href=\"https:\/\/tinnunculus.sy-sy.cz\/index.php\/2025\/10\/28\/katedrala\/\">ILJA\u0160ENKO, Marie. Katedr\u00e1la.<\/a> In: ILJA\u0160ENKO, Marie. <i>Zv\u00ed\u0159ata p\u0159ich\u00e1zej\u00ed do m\u011bsta<\/i>. Brno: Host, 2025. ISBN 978-80-275-2546-1.<\/p>\n<p><a href=\"https:\/\/tinnunculus.sy-sy.cz\/index.php\/2018\/09\/14\/postolci-blues\/\">KLESTIL, Ond\u0159ej. Po\u0161tol\u010d\u00ed blues.<\/a> [online]. Dostupn\u00e9 z&nbsp;<a href=\"http:\/\/www.turdusmerula.cz\/kos.php?id=351\" target=\"_blank\" rel=\"noopener noreferrer\">http:\/\/www.turdusmerula.cz\/kos.php?id=351<\/a><\/p>\n<p><a href=\"https:\/\/tinnunculus.sy-sy.cz\/index.php\/2017\/10\/22\/postolka-lidsky-postolka\/\">KROLMUS, V\u00e1clav. Postolka, lidsky po\u0161tolka.<\/a> In: <a href=\"https:\/\/books.google.cz\/books?id=RxFEAAAAYAAJ&amp;printsec=frontcover&amp;dq=bibliogroup:%22Staro%C4%8Desk%C3%A9+pow%C4%9Bsti,+zp%C4%9Bwy,+hry,+oby%C4%8Dege:+slawnosti+a+n%C3%A1p%C4%9Bwy+ohledem+na+b%C3%A1geslowj+Ceskoslowansk%C3%A9%22&amp;hl=en&amp;sa=X&amp;ved=0ahUKEwi4nrW_1oPXAhXInBoKHZa6DHIQ6AEIJjAA#v=onepage&amp;q&amp;f=false\" target=\"_blank\" rel=\"noopener noreferrer\">Staro\u010desk\u00e9 pow\u011bsti, zp\u011bwy, hry, oby\u010dege, slawnosti a&nbsp;n\u00e1p\u011bwy ohledem na b\u00e1geslowj \u010cesko-slowansk\u00e9, ge\u017e sebral W.S. Sumlork, se\u0161itek prwnj; W Praze , 1845. Tiskem Karla Vetterla, w \u017eitnobransk\u00e9 ulici \u010d.\u00a0525-2<\/a><\/p>\n<p><a href=\"https:\/\/tinnunculus.sy-sy.cz\/index.php\/2022\/02\/03\/bratr-postolka\/\">MESSIAEN, Olivier<i style=\"font-size: 1rem;\">. Saint Fran\u00e7ois d&#8217;Assise<\/i><\/a><span style=\"font-size: 1rem;\"> ( op\u00e9ra command\u00e9 par\u00a0<\/span><span style=\"font-size: 1rem;\">Rolf Liebermann<\/span><span style=\"font-size: 1rem;\">\u00a0en 1975 pour l\u2019Op\u00e9ra de Paris Op\u00e9ra en 3 actes et 8 tableaux) [1975-83 &gt; Paris, 28 novembre 1983]<\/span><\/p>\n<p><a href=\"https:\/\/tinnunculus.sy-sy.cz\/index.php\/2018\/09\/23\/me-ptactvo\/\">MIKUL\u00c1\u0160EK, Old\u0159ich. M\u00e9 ptactvo.<\/a> In: MIKUL\u00c1\u0160EK, Old\u0159ich, Karel DEMEL a&nbsp;Milo\u0161 POHORSK\u00dd. <i>S\u00f3lo pro jeden dech: v\u00fdbor z&nbsp;poezie<\/i>. Praha: \u010ceskoslovensk\u00fd spisovatel, 1988. Klub p\u0159\u00e1tel poezie. V\u00fdb\u011brov\u00e1 \u0159ada.<\/p>\n<p><a href=\"https:\/\/tinnunculus.sy-sy.cz\/index.php\/2018\/03\/17\/postolka-na-vsi\/\">MR\u0160T\u00cdK, Alois a&nbsp;Vil\u00e9m MR\u0160T\u00cdK. B\u0159ezen\/Set\u00ed.<\/a> In: MR\u0160T\u00cdK, Alois a&nbsp;Vil\u00e9m MR\u0160T\u00cdK. <i>Rok na vsi: Kronika moravsk\u00e9 d\u011bdiny<\/i>. Sv.&nbsp;2, Jaro a&nbsp;l\u00e9to. 7.&nbsp;vyd., 3., krit. vyd. Praha: Vy\u0161ehrad, 1950. Dostupn\u00e9 tak\u00e9 z&nbsp;<a href=\"https:\/\/cs.wikisource.org\/wiki\/Rok_na_vsi\/B%C5%99ezen\/Set%C3%AD\" target=\"_blank\" rel=\"noopener noreferrer\">https:\/\/cs.wikisource.org\/wiki\/Rok_na_vsi\/B%C5%99ezen\/Set%C3%AD<\/a><\/p>\n<p>MR\u0160T\u00cdK, Alois a&nbsp;Vil\u00e9m MR\u0160T\u00cdK. Kv\u011bten\/Na \u010dekan\u00e9. In: MR\u0160T\u00cdK, Alois a&nbsp;Vil\u00e9m MR\u0160T\u00cdK. <i>Rok na vsi: Kronika moravsk\u00e9 d\u011bdiny<\/i>. Sv.&nbsp;2, Jaro a&nbsp;l\u00e9to. 7.&nbsp;vyd., 3., krit. vyd. Praha: Vy\u0161ehrad, 1950. Dostupn\u00e9 tak\u00e9 z&nbsp;<a href=\"https:\/\/cs.wikisource.org\/wiki\/Rok_na_vsi\/Kv%C4%9Bten\/Na_%C4%8Dekan%C3%A9\" target=\"_blank\" rel=\"noopener noreferrer\">https:\/\/cs.wikisource.org\/wiki\/Rok_na_vsi\/Kv%C4%9Bten\/Na_%C4%8Dekan%C3%A9<\/a><\/p>\n<p><a href=\"https:\/\/tinnunculus.sy-sy.cz\/index.php\/2018\/09\/16\/z-pernikove-chaloupky\/\">N\u011aMCOV\u00c1, Bo\u017eena. Poh\u00e1dka o&nbsp;pern\u00edkov\u00e9 chaloupce<\/a>. In: <em>N\u00e1rodn\u00ed b\u00e1chorky a&nbsp;pov\u011bsti<\/em>, Svazek 1, Praha, St\u00e1tn\u00ed nakladatelstv\u00ed kr\u00e1sn\u00e9 literatury, hudby a\u00a0um\u011bn\u00ed 1956.<\/p>\n<p><a href=\"https:\/\/tinnunculus.sy-sy.cz\/index.php\/2013\/07\/17\/udelejte-neco-pro-zvirata\/\">NEPIL. Franti\u0161ek. S\u00fdkorky a&nbsp;po\u0161tolka.<\/a> In: NEPIL, Franti\u0161ek. <i>Dobr\u00e9 a&nbsp;je\u0161t\u011b lep\u0161\u00ed jitro<\/i>. 2.&nbsp;vyd. (1.&nbsp;vyd. v&nbsp;SNTL). Praha: SNTL, 1990. Klub 89. ISBN 80-03-00283-4.<\/p>\n<p><a href=\"https:\/\/tinnunculus.sy-sy.cz\/index.php\/2018\/09\/19\/swatba-na-krasne-hore\/\">PICEK, V\u00e1clavJarom\u00edr. Svatba na Kr\u00e1sn\u00e9 Ho\u0159e.<\/a> In: <span dir=\"ltr\"><em>\u010casopis \u010cesk\u00e9ho Musea<\/em>, Svazek 9<\/span>., 1835, str.\u00a0131 \u2013 136.<\/p>\n<p><a href=\"https:\/\/tinnunculus.sy-sy.cz\/index.php\/2018\/09\/29\/byvam-postolka-nezeru-vsak-mysi\/\">REINER, Martin.\u00a0 \u010casto b\u00fdv\u00e1m divn\u00fd..<\/a>. In. REINER, Martin. <i>Pohled z\u00a0kav\u00e1rny v\u00a0Bath<\/i>. Brno: V\u011btrn\u00e9 ml\u00fdny, 2007. ISBN 978-80-86907-37-6.<\/p>\n<p><a href=\"https:\/\/tinnunculus.sy-sy.cz\/index.php\/2022\/03\/13\/okno-s-postolkami\/\" target=\"_blank\" rel=\"noopener\">RUIZ ECHAURI, Anna. <em>La ventana de los cern\u00edcalos<\/em><\/a>. Barcelona: Penguin Random House Grupo Editorial Espa\u00f1a. 2022. ISBN 978-84-253-6094-7.<\/p>\n<p><a href=\"https:\/\/tinnunculus.sy-sy.cz\/index.php\/2025\/03\/08\/konkretni-postolka\/\">\u0158EH\u00c1K, Jakub.\u00a0<i>Konkr\u00e9tn\u00ed po\u0161tolka<\/i><\/a>. Edice poezie. Praha: Odeon, 2024. ISBN 978-80-207-2230-0.<\/p>\n<p><a href=\"https:\/\/tinnunculus.sy-sy.cz\/index.php\/2019\/01\/05\/postolka-trikralova\/\">SHAKESPEARE, William.<em> Ve\u010der t\u0159\u00edkr\u00e1lov\u00fd<\/em><\/a> [online]. P\u0159el. Josef V\u00e1clav SL\u00c1DEK. V&nbsp;MKP 1.&nbsp;vyd. Praha: M\u011bstsk\u00e1 knihovna v&nbsp;Praze, 2013 [cit. 2018-11-07]. Dostupn\u00e9 z:\u00a0 <a href=\"http:\/\/web2.mlp.cz\/koweb\/00\/03\/88\/41\/57\/vecer_trikralovy.pdf\" target=\"_blank\" rel=\"noopener noreferrer\">http:\/\/web2.mlp.cz\/koweb\/00\/03\/88\/41\/57\/vecer_trikralovy.pdf<\/a><\/p>\n<div>\n<p><a href=\"https:\/\/tinnunculus.sy-sy.cz\/index.php\/2017\/10\/19\/uz-i-ta-postolka-si-krouzi-nad-brnem\/\" target=\"_blank\" rel=\"noopener noreferrer\">SK\u00c1CEL, Jan. Druh\u00e1 b\u00e1se\u0148 o&nbsp;Brn\u011b<\/a>. In: SK\u00c1CEL, Jan. <i>Smut\u00e9nka<\/i>. Praha: \u010ceskoslovensk\u00fd spisovatel, 1965. Klub p\u0159\u00e1tel poezie. V\u00fdb\u011brov\u00e1 \u0159ada.<\/p>\n<p><a href=\"https:\/\/tinnunculus.sy-sy.cz\/index.php\/2017\/11\/25\/mysilovka\/\" target=\"_blank\" rel=\"noopener noreferrer\">STAR\u00dd, Karel. My\u0161ilovka.<\/a> In: STAR\u00dd, Karel. <a href=\"http:\/\/kramerius4.nkp.cz\/search\/i.jsp?pid=uuid:98052fb0-ed56-11dd-84e9-000d606f5dc6&amp;q=Z%C3%A1bavy%20p%C5%99%C3%ADrodopisn%C3%A9%20k%20prosp%C4%9Bchu%20ml%C3%A1de%C5%BEe%20%C4%8Deskoslovansk%C3%A9\" target=\"_blank\" rel=\"noopener noreferrer\"><i>Z\u00e1bavy p\u0159\u00edrodopisn\u00e9: k\u00a0prosp\u011bchu ml\u00e1de\u017ee \u010deskoslovansk\u00e9<\/i><\/a>. Praha: Sv\u011btozor, 1877.<\/p>\n<p><a href=\"https:\/\/tinnunculus.sy-sy.cz\/index.php\/2017\/12\/12\/postolky-do-skolky\/\">SV\u011aR\u00c1K, Zden\u011bk, UHL\u00cd\u0158, Jaroslav. Mate\u0159inky.<\/a> In: SV\u011aR\u00c1K, Zden\u011bk, UHL\u00cd\u0158, Jaroslav. <i>Jup\u00ed<\/i>. Praha: Grada Publishing a.s., 2016. ISBN 802719380X, 9788027193806.<\/p>\n<p><a href=\"https:\/\/tinnunculus.sy-sy.cz\/index.php\/2019\/04\/03\/a-postolky-apostolky\/\">\u0160IKTANC, Karel. 9 (Te\u010f trochu ciz\u00ed&#8230;).<\/a> In: \u0160IKTANC, Karel. <i>Na Kn\u00ed\u017eec\u00ed: (pra\u017esk\u00e1 preludia)<\/i>. Praha: Karolinum, 2014. ISBN 978-80-246-2658-1. Dostupn\u00e9 z: <a href=\"https:\/\/web2.mlp.cz\/koweb\/00\/04\/39\/43\/72\/na_knizeci.pdf\" target=\"_blank\" rel=\"noopener noreferrer\">https:\/\/web2.mlp.cz\/koweb\/00\/04\/39\/43\/72\/na_knizeci.pdf<\/a><\/p>\n<p><a href=\"https:\/\/tinnunculus.sy-sy.cz\/index.php\/2014\/04\/25\/sla-postolka-do-skolky\/\">\u0160T\u00cdPLOV\u00c1, Ljuba. \u0160la po\u0161tolka do \u0161kolky.<\/a> In: <em>Vesel\u00e9 b\u00e1sni\u010dky: \u0160kvr\u0148ata.<\/em> Praha: Panorama, 1982.<\/p>\n<p><a href=\"https:\/\/tinnunculus.sy-sy.cz\/index.php\/2021\/10\/29\/to-v-akci-z-zabili-postolku\/\">\u0160RUT, Pavel.\u00a0 P.S.<\/a> In: <i>Bro\u017eovan\u00e9 b\u00e1sn\u011b<\/i>. Praha: Torst, 2000. Poezie. ISBN 80-7215-106-1.<\/p>\n<p><a href=\"https:\/\/tinnunculus.sy-sy.cz\/index.php\/2018\/09\/02\/a-co-zbude-po-nas\/\">TOPOL, Josef. A&nbsp;co zbude po&nbsp;n\u00e1s<\/a>? In: TOPOL, Josef. <em>B\u00e1sn\u011b<\/em>. Praha:Torst, 1997.<\/p>\n<p><a href=\"https:\/\/tinnunculus.sy-sy.cz\/index.php\/2025\/10\/04\/a-smala-se-newtonovi\/\">TOPOL, Josef. Dost jsem se u\u017e nad\u00edval.<\/a> In: TOPOL, Josef. <em>B\u00e1sn\u011b<\/em>. Praha: M\u011bstsk\u00e1 knihovna v&nbsp;Praze, 2019.<\/p>\n<p><a href=\"https:\/\/tinnunculus.sy-sy.cz\/index.php\/2022\/01\/09\/kde-ulovite-postolku\/\">VAN\u010cURA, Vladislav. <i>Marketa Lazarov\u00e1<\/i><\/a>. 5.&nbsp;vyd. [V Praze]: Dru\u017estevn\u00ed pr\u00e1ce, 1946. D\u00edlo Vladislava Van\u010dury.<\/p>\n<p><a href=\"https:\/\/tinnunculus.sy-sy.cz\/index.php\/2018\/10\/03\/rikadlo-ze-zivota-v-lese\/\">VOLF, Pavel. Po\u0161tolky<\/a>. In: VOLF, Pavel. \u017divot v&nbsp;lese. Praha: Ottovo nakladatelstv\u00ed, 2014.<\/p>\n<p><a href=\"https:\/\/tinnunculus.sy-sy.cz\/index.php\/2024\/10\/16\/humaniste-postolky-a-rorejsi\/\">VRCHLICK\u00dd, Jaroslav. Humanist\u00e9<\/a>. In: <i>\u017de\u0148 \u010dasu<\/i>.\u00a0<i>B\u00e1snick\u00e9 d\u00edlo<\/i>. Praha: St\u00e1tn\u00ed nakladatelstv\u00ed kr\u00e1sn\u00e9 literatury a&nbsp;um\u011bn\u00ed, 1963. Dostupn\u00e9 tak\u00e9 z:\u00a0<a href=\"http:\/\/www.digitalniknihovna.cz\/mzk\/uuid\/uuid:e28a14f0-a699-11ec-a3e4-5ef3fc9bb22f\" target=\"_blank\" rel=\"noopener\">http:\/\/www.digitalniknihovna.cz\/mzk\/uuid\/uuid:e28a14f0-a699-11ec-a3e4-5ef3fc9bb22f<\/a>.<\/p>\n<p><a href=\"https:\/\/tinnunculus.sy-sy.cz\/index.php\/2019\/11\/16\/ptak-poskrk\/\">\u017d\u00c1K, Ji\u0159\u00ed. Pidlovousi.<\/a> In: CARROLL, Lewis a&nbsp;Lewis CARROLL. <em>Alen\u010dina dobrodru\u017estv\u00ed v&nbsp;kraji div\u016f a&nbsp;za zrcadlem<\/em>. Ilustroval Ladislav VLNA, p\u0159elo\u017eil Ji\u0159\u00ed \u017d\u00c1K. Praha: XYZ, 2017, 252 s. ISBN 978-80-7505-416-6.<\/p>\n<p><a href=\"https:\/\/tinnunculus.sy-sy.cz\/index.php\/2016\/05\/31\/rikadlo-postolci\/\">???. Ml\u00e1\u010fata po\u0161tolky&#8230;<\/a><\/p>\n<\/div>\n<p>&nbsp;<\/p>\n<ul>\n<li><a href=\"https:\/\/tinnunculus.sy-sy.cz\/index.php\/postolka-obecna-obecne\/\">Po\u0161tolka obecn\u00e1 | obecn\u011b<\/a><\/li>\n<li><a href=\"https:\/\/tinnunculus.sy-sy.cz\/index.php\/postolka-odborne-literarni\/\">Po\u0161tolka odborn\u011b liter\u00e1rn\u00ed<\/a><\/li>\n<li><a href=\"https:\/\/tinnunculus.sy-sy.cz\/index.php\/postolky-a-jina-zvirena-kulturni\/\">Po\u0161tolky a&nbsp;jin\u00e1 zvi\u0159ena v&nbsp;kultu\u0159e \u010dlov\u011b\u010d\u00ed<\/a><br \/>\n<a href=\"https:\/\/tinnunculus.sy-sy.cz\/index.php\/postolky-a-jina-zvirena-kulturni\/postolky-kulturni\/\">Po\u0161tolky<\/a> \u00a6\u00a0<a href=\"https:\/\/tinnunculus.sy-sy.cz\/index.php\/postolky-a-jina-zvirena-kulturni\/mysi-kulturni\/\">My\u0161i<\/a> \u00a6\u00a0<a href=\"https:\/\/tinnunculus.sy-sy.cz\/index.php\/postolky-a-jina-zvirena-kulturni\/rorysi-kulturni\/\">Ror\u00fdsi<\/a><\/li>\n<\/ul>\n<div>\n<p>Aktualizov\u00e1no: <span class=\"last-modified-timestamp\">14\/12\/2025 23:34<\/span><\/p>\n<\/div>\n","protected":false},"excerpt":{"rendered":"<p>ADAMS, Richard. Dalek\u00e1 cesta za domovem. Praha: Mlad\u00e1 fronta, 1986. BEZRU\u010c, Petr. Lolo a&nbsp;druhov\u00e9. V&nbsp;Brn\u011b: Pokorn\u00fd, 1938. BORKOVEC, Petr. Po\u0161tolka nased\u00e1 na vrchol borovice&#8230; [online]. Dostupn\u00e9 z\u00a0https:\/\/www.lyrikline.org\/de\/gedichte\/postolka-naseda-na-vrsek-borovice-1498 BORKOVEC, Petr. Pozn\u00e1mka o&nbsp;houb\u00e1ch. In: Listy, 5, 2006. [online]. Dostupn\u00e9 z&nbsp;http:\/\/www.listy.cz\/archiv.php?cislo=065&amp;clanek=050615 BURDOV\u00c1, Anna.\u00a0Vy\u010derpan\u00e1 po\u0161tolka. Ilustroval Zuzana SL\u00c1NSK\u00c1. Nov\u00e9 p\u0159\u00edb\u011bhy se \u0161\u0165astn\u00fdm koncem. V&nbsp;Praze: Fragment, 2025. ISBN 978-80-253-7260-9. CARROLL, &hellip; <\/p>\n<p class=\"link-more\"><a href=\"https:\/\/tinnunculus.sy-sy.cz\/index.php\/postolka-obecna-obecne\/postolky-krasne-literarni\/\" class=\"more-link\">Pokra\u010dovat ve \u010dten\u00ed<span class=\"screen-reader-text\"> &#8222;Po\u0161tolka kr\u00e1sn\u011b liter\u00e1rn\u00ed&#8220;<\/span><\/a><\/p>\n","protected":false},"author":2,"featured_media":0,"parent":6731,"menu_order":2,"comment_status":"closed","ping_status":"closed","template":"","meta":{"jetpack_post_was_ever_published":false,"footnotes":""},"categories":[],"tags":[],"class_list":["post-6278","page","type-page","status-publish","hentry"],"jetpack_shortlink":"https:\/\/wp.me\/P91gKE-1Dg","jetpack-related-posts":[{"id":6804,"url":"https:\/\/tinnunculus.sy-sy.cz\/index.php\/postolka-obecna-obecne\/postolka-odborne-literarni\/","url_meta":{"origin":6278,"position":0},"title":"Po\u0161tolka odborn\u011b liter\u00e1rn\u00ed","author":"Zuzana Syrov\u00e1 An\u00fd\u017eov\u00e1","date":"11\/11\/2018","format":false,"excerpt":"BAL\u00c1T, Franti\u0161ek. Kl\u00ed\u010d k ur\u010dov\u00e1n\u00ed na\u0161ich pt\u00e1k\u016f v p\u0159\u00edrod\u011b. Praha: Academia, 1986. BEDN\u00c1\u0158, Ji\u0159\u00ed. Dravci. \u010castolovice: [Ji\u0159\u00ed Bedn\u00e1\u0159], 2015. ISBN 978-80-260-8641-3. BIRKHEAD, Mike. The kestrel in the town.\u00a0 Methuen, 1988. BREHM, Alfred. Brehm\u016fv ilustrovan\u00fd \u017eivot zv\u00ed\u0159at. D\u00edl 5, Pt\u00e1ci. Lidov\u00e9 vyd\u00e1n\u00ed. Praha: Sfinx, 1926. Nov\u00e9 c\u00edle. DUNGEL, Jan a Karel\u2026","rel":"","context":"Podobn\u00fd p\u0159\u00edsp\u011bvek","block_context":{"text":"Podobn\u00fd p\u0159\u00edsp\u011bvek","link":""},"img":{"alt_text":"","src":"https:\/\/i0.wp.com\/tinnunculus.sy-sy.cz\/wp-content\/uploads\/2018\/11\/P1400108u1-1024x763.jpg?resize=350%2C200&ssl=1","width":350,"height":200,"srcset":"https:\/\/i0.wp.com\/tinnunculus.sy-sy.cz\/wp-content\/uploads\/2018\/11\/P1400108u1-1024x763.jpg?resize=350%2C200&ssl=1 1x, https:\/\/i0.wp.com\/tinnunculus.sy-sy.cz\/wp-content\/uploads\/2018\/11\/P1400108u1-1024x763.jpg?resize=525%2C300&ssl=1 1.5x"},"classes":[]},{"id":2210,"url":"https:\/\/tinnunculus.sy-sy.cz\/index.php\/odkazy\/o-rorysech\/","url_meta":{"origin":6278,"position":1},"title":"Odkazy: Ror\u00fds obecn\u00fd","author":"Zuzana Syrov\u00e1 An\u00fd\u017eov\u00e1","date":"15\/10\/2017","format":false,"excerpt":"V \u010de\u0161tin\u011b \u00a6 \u010de\u0161tina: Avibase: Ror\u00fds obecn\u00fd Apus apus (Linnaeus, 1758) Ror\u00fds obecn\u00fd na Wikipedii Ror\u00fdsi na FB \u010cesk\u00e1 spole\u010dnost ornitologick\u00e1: Pt\u00e1k roku 2004 Pt\u00e1k roku 2004 (bro\u017eura \u010cSO) Rorysi.cz (web \u010cSO) P\u0159\u00e1tel\u00e9 ror\u00fds\u016f \u010cesk\u00fd rozhlas : Hlas pro tento den \u010cesk\u00fd rozhlas: T\u011b\u017ek\u00fd \u017eivot ror\u00fdse 1. \u010d\u00e1st, 2. \u010d\u00e1st\u2026","rel":"","context":"Podobn\u00fd p\u0159\u00edsp\u011bvek","block_context":{"text":"Podobn\u00fd p\u0159\u00edsp\u011bvek","link":""},"img":{"alt_text":"","src":"","width":0,"height":0},"classes":[]},{"id":2208,"url":"https:\/\/tinnunculus.sy-sy.cz\/index.php\/odkazy\/o-postolkach\/","url_meta":{"origin":6278,"position":2},"title":"Odkazy: Po\u0161tolka obecn\u00e1","author":"Zuzana Syrov\u00e1 An\u00fd\u017eov\u00e1","date":"15\/10\/2017","format":false,"excerpt":"V \u010de\u0161tin\u011b \u00a6 \u010de\u0161tina: Avibase: Po\u0161tolka obecn\u00e1 \/ Falco tinnunculus Linnaeus, 1758 Po\u0161tolka obecn\u00e1 na Wikipedii \u010cesk\u00e1 spole\u010dnost ornitologick\u00e1: Pt\u00e1k roku 2002 Pt\u00e1k roku 2002 (bro\u017eura \u010cSO) \u010cesk\u00e1 spole\u010dnost ornitologick\u00e1: Skupina pro ochranu a v\u00fdzkum dravc\u016f a sov \u010cesk\u00fd rozhlas: Z\u00e1kladn\u00ed \u00fadaje o po\u0161tolce obecn\u00e9 (hlas pro tento den) iFauna:\u2026","rel":"","context":"Podobn\u00fd p\u0159\u00edsp\u011bvek","block_context":{"text":"Podobn\u00fd p\u0159\u00edsp\u011bvek","link":""},"img":{"alt_text":"","src":"","width":0,"height":0},"classes":[]},{"id":5032,"url":"https:\/\/tinnunculus.sy-sy.cz\/index.php\/v-primem-prenosu\/nase-kamery\/","url_meta":{"origin":6278,"position":3},"title":"Na\u0161e kamery","author":"Zuzana Syrov\u00e1 An\u00fd\u017eov\u00e1","date":"04\/05\/2018","format":false,"excerpt":"0\u00a6\u00a01\u00a6\u00a02\u00a6\u00a03\u00a6\u00a04\u00a6\u00a05\u00a6\u00a06\u00a6\u00a07\u00a6\u00a08\u00a6\u00a09\u00a6\u00a012\u00a6\u00a013\u00a6\u00a014\u00a6\u00a015\u00a6\u00a016\u00a6\u00a017\u00a6\u00a018\u00a6\u00a019\u00a6\u00a020\u00a6 10\u00a6\u00a0\u00a011\u00a6 21\u00a6 \u2190\u00a0Seznam kamer Z\u00e1kladn\u00ed informace o sledov\u00e1n\u00ed po\u0161tolek pomoc\u00ed s\u00ed\u0165ov\u00fdch kamer poskytuje u\u017e \u010dl\u00e1nek O kamer\u00e1ch ku sledov\u00e1n\u00ed po\u0161tolek. Zachycuje stav do r.\u00a0 2016, kdy prob\u011bhly stavebn\u00ed pr\u00e1ce spojen\u00e9 s oblo\u017een\u00edm fas\u00e1dy polystyrenem a v\u00fdm\u011bnou lod\u017eie za hlub\u0161\u00ed s vy\u0161\u0161\u00edm plechov\u00fdm z\u00e1bradl\u00edm bez doln\u00ed vletov\u00e9 mezery nad podlahou.\u2026","rel":"","context":"V \u201e(Web)kamery\u201c","block_context":{"text":"(Web)kamery","link":"https:\/\/tinnunculus.sy-sy.cz\/index.php\/category\/zivy-prenos\/kamery\/"},"img":{"alt_text":"","src":"https:\/\/i0.wp.com\/tinnunculus.sy-sy.cz\/wp-content\/uploads\/2021\/05\/youtube-1718976_960_720-300x300.png?resize=350%2C200&ssl=1","width":350,"height":200},"classes":[]},{"id":16468,"url":"https:\/\/tinnunculus.sy-sy.cz\/index.php\/zasady-ochrany-osobnich-udaju\/nase-kamery-a-ochrana-osobnich-udaju\/","url_meta":{"origin":6278,"position":4},"title":"Na\u0161e kamery a&nbsp;ochrana osobn\u00edch \u00fadaj\u016f","author":"Zuzana Syrov\u00e1 An\u00fd\u017eov\u00e1","date":"04\/06\/2021","format":false,"excerpt":"Na\u0161e kamery, jejich\u017e kompletn\u00ed p\u0159ehled najdete zde,\u00a0 jsou ur\u010deny v\u00fdhradn\u011b k pozorov\u00e1n\u00ed pt\u00e1k\u016f. Osoby, kter\u00e9 vstupuj\u00ed do prostoru lod\u017eie z na\u0161eho bytu jsou sezn\u00e1meny se skute\u010dnost\u00ed, \u017ee\u00a0 tento prostor je kamerami monitorov\u00e1n. Z\u00e1znamy z jejich pohybu uchov\u00e1v\u00e1me s jejich souhlasem pouze v p\u0159\u00edpad\u011b, \u017ee se jedn\u00e1 o ud\u00e1losti bezprost\u0159edn\u011b se\u2026","rel":"","context":"Podobn\u00fd p\u0159\u00edsp\u011bvek","block_context":{"text":"Podobn\u00fd p\u0159\u00edsp\u011bvek","link":""},"img":{"alt_text":"","src":"","width":0,"height":0},"classes":[]},{"id":2888,"url":"https:\/\/tinnunculus.sy-sy.cz\/index.php\/v-primem-prenosu-odjinud\/","url_meta":{"origin":6278,"position":5},"title":"V p\u0159\u00edm\u00e9m p\u0159enosu odjinud","author":"Zuzana Syrov\u00e1 An\u00fd\u017eov\u00e1","date":"12\/01\/2018","format":false,"excerpt":"Po\u0161tolka obecn\u00e1 (Falco tinnunculus) online Ror\u00fds obecn\u00fd (Apus apus) online Dal\u0161\u00ed druhy pt\u00e1k\u016f online: View Nesting Birds (Bird\u00a0Cams)","rel":"","context":"Podobn\u00fd p\u0159\u00edsp\u011bvek","block_context":{"text":"Podobn\u00fd p\u0159\u00edsp\u011bvek","link":""},"img":{"alt_text":"","src":"","width":0,"height":0},"classes":[]}],"jetpack_sharing_enabled":true,"_links":{"self":[{"href":"https:\/\/tinnunculus.sy-sy.cz\/index.php\/wp-json\/wp\/v2\/pages\/6278","targetHints":{"allow":["GET"]}}],"collection":[{"href":"https:\/\/tinnunculus.sy-sy.cz\/index.php\/wp-json\/wp\/v2\/pages"}],"about":[{"href":"https:\/\/tinnunculus.sy-sy.cz\/index.php\/wp-json\/wp\/v2\/types\/page"}],"author":[{"embeddable":true,"href":"https:\/\/tinnunculus.sy-sy.cz\/index.php\/wp-json\/wp\/v2\/users\/2"}],"replies":[{"embeddable":true,"href":"https:\/\/tinnunculus.sy-sy.cz\/index.php\/wp-json\/wp\/v2\/comments?post=6278"}],"version-history":[{"count":3,"href":"https:\/\/tinnunculus.sy-sy.cz\/index.php\/wp-json\/wp\/v2\/pages\/6278\/revisions"}],"predecessor-version":[{"id":44224,"href":"https:\/\/tinnunculus.sy-sy.cz\/index.php\/wp-json\/wp\/v2\/pages\/6278\/revisions\/44224"}],"up":[{"embeddable":true,"href":"https:\/\/tinnunculus.sy-sy.cz\/index.php\/wp-json\/wp\/v2\/pages\/6731"}],"wp:attachment":[{"href":"https:\/\/tinnunculus.sy-sy.cz\/index.php\/wp-json\/wp\/v2\/media?parent=6278"}],"wp:term":[{"taxonomy":"category","embeddable":true,"href":"https:\/\/tinnunculus.sy-sy.cz\/index.php\/wp-json\/wp\/v2\/categories?post=6278"},{"taxonomy":"post_tag","embeddable":true,"href":"https:\/\/tinnunculus.sy-sy.cz\/index.php\/wp-json\/wp\/v2\/tags?post=6278"}],"curies":[{"name":"wp","href":"https:\/\/api.w.org\/{rel}","templated":true}]}}