{"id":6034,"date":"2019-01-04T07:35:23","date_gmt":"2019-01-04T06:35:23","guid":{"rendered":"http:\/\/tinnunculus.sy-sy.cz\/?page_id=6034"},"modified":"2025-12-15T09:13:13","modified_gmt":"2025-12-15T08:13:13","slug":"prihlaseni","status":"publish","type":"page","link":"https:\/\/tinnunculus.sy-sy.cz\/index.php\/prihlaseni\/","title":{"rendered":"P\u0159ihl\u00e1\u0161en\u00ed"},"content":{"rendered":"<div class=\"members-access-error\">        <div class=\"members-login-form\">\n            <form name=\"loginform\" id=\"loginform\" action=\"https:\/\/tinnunculus.sy-sy.cz\/wp-login.php\" method=\"post\"><p class=\"login-username\">\n\t\t\t\t<label for=\"user_login\">U\u017eivatelsk\u00e9 jm\u00e9no nebo e-mail<\/label>\n\t\t\t\t<input type=\"text\" name=\"log\" id=\"user_login\" autocomplete=\"username\" class=\"input\" value=\"\" size=\"20\" \/>\n\t\t\t<\/p><p class=\"login-password\">\n\t\t\t\t<label for=\"user_pass\">Heslo<\/label>\n\t\t\t\t<input type=\"password\" name=\"pwd\" id=\"user_pass\" autocomplete=\"current-password\" spellcheck=\"false\" class=\"input\" value=\"\" size=\"20\" \/>\n\t\t\t<\/p><p class=\"login-remember\"><label><input name=\"rememberme\" type=\"checkbox\" id=\"rememberme\" value=\"forever\" \/> Pamatovat si m\u011b<\/label><\/p><p class=\"login-submit\">\n\t\t\t\t<input type=\"submit\" name=\"wp-submit\" id=\"wp-submit\" class=\"button button-primary\" value=\"P\u0159ihl\u00e1sit se\" \/>\n\t\t\t\t<input type=\"hidden\" name=\"redirect_to\" value=\"https:\/\/tinnunculus.sy-sy.cz\/index.php\/wp-json\/wp\/v2\/pages\/6034\" \/>\n\t\t\t<\/p><input type=\"hidden\" id=\"members_login_nonce\" name=\"members_login_nonce\" value=\"943b0eed0c\" \/><input type=\"hidden\" name=\"_wp_http_referer\" value=\"\/index.php\/wp-json\/wp\/v2\/pages\/6034\" \/><\/form>        <\/div>\n                <style>\n            .members-login-form * {\n                box-sizing: border-box;\n            }\n            .members-login-form label {\n                display: block;\n                margin-bottom: 4px;\n                font-size: 18px;\n                font-weight: 500;\n            }\n            .members-login-form input[type=\"text\"],\n            .members-login-form input[type=\"password\"] {\n                width: 100%;\n                max-width: 320px;\n                padding: 0.5rem 0.75rem;\n                border: 1px solid #64748b;\n                border-radius: 4px;\n                font-size: 16px;\n            }\n            .members-login-form input[type=\"submit\"] {\n                width: 100%;\n                max-width: 320px;\n                padding: 0.75rem;\n                cursor: pointer;\n                background: #64748b;\n                border: 0;\n                border-radius: 4px;\n                color: #fff;\n                font-size: 16px;\n                font-weight: 500;\n            }\n            .members-logged-in input[type=\"submit\"] {\n                pointer-events: none;\n                opacity: 0.4;\n                cursor: not-allowed;\n            }\n            .members-login-notice {\n                display: block !important;\n                max-width: 320px;\n                padding: 10px;\n                background: #f1f1f1;\n                border-radius: 4px;\n                border-left: 3px solid #36d651;\n                font-size: 18px;\n                font-weight: 500;\n            }\n            .members-login-error {\n                border-left-color: #d63638;\n            }\n        <\/style>\n    <\/div>\n","protected":false},"excerpt":{"rendered":"<div class=\"members-access-error\">        <div class=\"members-login-form\">\n            <form name=\"loginform\" id=\"loginform\" action=\"https:\/\/tinnunculus.sy-sy.cz\/wp-login.php\" method=\"post\"><p class=\"login-username\">\n\t\t\t\t<label for=\"user_login\">U\u017eivatelsk\u00e9 jm\u00e9no nebo e-mail<\/label>\n\t\t\t\t<input type=\"text\" name=\"log\" id=\"user_login\" autocomplete=\"username\" class=\"input\" value=\"\" size=\"20\" \/>\n\t\t\t<\/p><p class=\"login-password\">\n\t\t\t\t<label for=\"user_pass\">Heslo<\/label>\n\t\t\t\t<input type=\"password\" name=\"pwd\" id=\"user_pass\" autocomplete=\"current-password\" spellcheck=\"false\" class=\"input\" value=\"\" size=\"20\" \/>\n\t\t\t<\/p><p class=\"login-remember\"><label><input name=\"rememberme\" type=\"checkbox\" id=\"rememberme\" value=\"forever\" \/> Pamatovat si m\u011b<\/label><\/p><p class=\"login-submit\">\n\t\t\t\t<input type=\"submit\" name=\"wp-submit\" id=\"wp-submit\" class=\"button button-primary\" value=\"P\u0159ihl\u00e1sit se\" \/>\n\t\t\t\t<input type=\"hidden\" name=\"redirect_to\" value=\"https:\/\/tinnunculus.sy-sy.cz\/index.php\/wp-json\/wp\/v2\/pages\/6034\" \/>\n\t\t\t<\/p><input type=\"hidden\" id=\"members_login_nonce\" name=\"members_login_nonce\" value=\"943b0eed0c\" \/><input type=\"hidden\" name=\"_wp_http_referer\" value=\"\/index.php\/wp-json\/wp\/v2\/pages\/6034\" \/><\/form>        <\/div>\n                <style>\n            .members-login-form * {\n                box-sizing: border-box;\n            }\n            .members-login-form label {\n                display: block;\n                margin-bottom: 4px;\n                font-size: 18px;\n                font-weight: 500;\n            }\n            .members-login-form input[type=\"text\"],\n            .members-login-form input[type=\"password\"] {\n                width: 100%;\n                max-width: 320px;\n                padding: 0.5rem 0.75rem;\n                border: 1px solid #64748b;\n                border-radius: 4px;\n                font-size: 16px;\n            }\n            .members-login-form input[type=\"submit\"] {\n                width: 100%;\n                max-width: 320px;\n                padding: 0.75rem;\n                cursor: pointer;\n                background: #64748b;\n                border: 0;\n                border-radius: 4px;\n                color: #fff;\n                font-size: 16px;\n                font-weight: 500;\n            }\n            .members-logged-in input[type=\"submit\"] {\n                pointer-events: none;\n                opacity: 0.4;\n                cursor: not-allowed;\n            }\n            .members-login-notice {\n                display: block !important;\n                max-width: 320px;\n                padding: 10px;\n                background: #f1f1f1;\n                border-radius: 4px;\n                border-left: 3px solid #36d651;\n                font-size: 18px;\n                font-weight: 500;\n            }\n            .members-login-error {\n                border-left-color: #d63638;\n            }\n        <\/style>\n    <\/div>\n","protected":false},"author":2,"featured_media":0,"parent":0,"menu_order":105,"comment_status":"closed","ping_status":"closed","template":"","meta":{"footnotes":""},"categories":[],"tags":[],"class_list":["post-6034","page","type-page","status-publish","hentry"],"jetpack_shortlink":"https:\/\/wp.me\/P91gKE-1zk","jetpack-related-posts":[{"id":5330,"url":"https:\/\/tinnunculus.sy-sy.cz\/index.php\/zasady-ochrany-osobnich-udaju\/","url_meta":{"origin":6034,"position":0},"title":"Ochrana osobn\u00edch \u00fadaj\u016f","author":"Zuzana Syrov\u00e1 An\u00fd\u017eov\u00e1","date":"27\/05\/2018","format":false,"excerpt":"Kdo jsme Tento web\/blog provozuje: Zuzana Syrov\u00e1 - An\u00fd\u017eov\u00e1 a Ji\u0159\u00ed Syrov\u00fd Kur\u0161ova 30, Brno. 63500 Adresa webu\/blogu je: https:\/\/tinnunculus.sy-sy.cz. Jak\u00e9 shroma\u017e\u010fujeme osobn\u00ed \u00fadaje a pro\u010d je shroma\u017e\u010fujeme Tento web slou\u017e\u00ed v\u00fdlu\u010dn\u011b priv\u00e1tn\u00edm \/ osobn\u00edm \u00fa\u010del\u016fm.\u00a0 Nesleduje \u017e\u00e1dn\u00e9 obchodn\u00ed c\u00edle.\u00a0 Shroma\u017e\u010fujeme proto pouze \u00fadaje nezbytn\u00e9 pro \u0159\u00e1dn\u00e9 fungov\u00e1n\u00ed tohoto webu,\u2026","rel":"","context":"Podobn\u00fd p\u0159\u00edsp\u011bvek","block_context":{"text":"Podobn\u00fd p\u0159\u00edsp\u011bvek","link":""},"img":{"alt_text":"","src":"","width":0,"height":0},"classes":[]},{"id":14867,"url":"https:\/\/tinnunculus.sy-sy.cz\/index.php\/postolci-sezony\/historie-hnizda\/o-postolkach-aneb-historie-hnizda-ii\/","url_meta":{"origin":6034,"position":1},"title":"Historie hn\u00edzda II","author":"Zuzana Syrov\u00e1 An\u00fd\u017eov\u00e1","date":"14\/03\/2021","format":false,"excerpt":"Historii po\u0161tol\u010d\u00edho hn\u00edzda v na\u0161\u00ed lod\u017eii jsme poprv\u00e9 sepsali v roce 2013. Tehdy u n\u00e1s hn\u00edzdily u\u017e sedm\u00fdm rokem ve skryt\u00e9m kout\u011b za sk\u0159\u00ed\u0148kou na opa\u010dn\u00e9 stran\u011b od vstupn\u00edch dve\u0159\u00ed. Historii, pr\u016fb\u011b\u017en\u011b aktualizovanou a\u017e do zlomov\u00e9ho roku 2016, najdete zde. V\u0161e se zm\u011bnilo, kdy\u017e se 31. b\u0159ezna 2016 b\u011bhem dne\u2026","rel":"","context":"Podobn\u00fd p\u0159\u00edsp\u011bvek","block_context":{"text":"Podobn\u00fd p\u0159\u00edsp\u011bvek","link":""},"img":{"alt_text":"","src":"","width":0,"height":0},"classes":[]},{"id":16605,"url":"https:\/\/tinnunculus.sy-sy.cz\/index.php\/deniky\/2022-2\/","url_meta":{"origin":6034,"position":2},"title":"2022","author":"Zuzana Syrov\u00e1 An\u00fd\u017eov\u00e1","date":"15\/06\/2021","format":false,"excerpt":"2021 \u00a0 p\u0159edchoz\u00ed rok \u2194 n\u00e1sleduj\u00edc\u00ed rok 2023 2022\/01\/01 - o silvestrovsk\u00e9 noci se po\u0161tol\u010d\u00ed sami\u010dka nenech\u00e1v\u00e1 zapla\u0161it a na rozd\u00edl od same\u010dka vydr\u017e\u00ed na bid\u00fdlku a\u017e do r\u00e1na 2022\/01\/04 - ve\u010der p\u0159il\u00e9t\u00e1 ciz\u00ed po\u0161tolka; je zahn\u00e1na same\u010dkem (16:30) 2022\/01\/16 - ve\u010der same\u010dek p\u0159in\u00e1\u0161\u00ed do lod\u017eie hrabo\u0161e a konzumuje ho\u2026","rel":"","context":"V \u201eden\u00edk\u201c","block_context":{"text":"den\u00edk","link":"https:\/\/tinnunculus.sy-sy.cz\/index.php\/tag\/denik\/"},"img":{"alt_text":"","src":"https:\/\/i0.wp.com\/tinnunculus.sy-sy.cz\/wp-content\/uploads\/2022\/03\/20220319_07-46-25-1024x576.jpg?resize=350%2C200&ssl=1","width":350,"height":200,"srcset":"https:\/\/i0.wp.com\/tinnunculus.sy-sy.cz\/wp-content\/uploads\/2022\/03\/20220319_07-46-25-1024x576.jpg?resize=350%2C200&ssl=1 1x, https:\/\/i0.wp.com\/tinnunculus.sy-sy.cz\/wp-content\/uploads\/2022\/03\/20220319_07-46-25-1024x576.jpg?resize=525%2C300&ssl=1 1.5x"},"classes":[]},{"id":854,"url":"https:\/\/tinnunculus.sy-sy.cz\/index.php\/deniky\/2016-2\/","url_meta":{"origin":6034,"position":3},"title":"2016","author":"Zuzana Syrov\u00e1 An\u00fd\u017eov\u00e1","date":"04\/08\/2017","format":false,"excerpt":"2015\u00a0 p\u0159edchoz\u00ed rok \u2194 n\u00e1sleduj\u00edc\u00ed rok 2017 2016\/01\/01 - o silvestrovsk\u00e9 noci same\u010dek zapla\u0161en petardami a rachejtlemi; r\u00e1no jen tlupa s\u00fdkorek zkoum\u00e1 lod\u017eii (8:44); ve\u010der se same\u010dek vrac\u00ed p\u0159espat op\u011bt jako ka\u017ed\u00fd den na bid\u00fdlku (16:25) 2016\/01\/02 - vrac\u00ed se i sami\u010dka a p\u00e1r nad\u00e1le pravideln\u011b v lod\u017eii nocuje 2016\/01\/06\u2026","rel":"","context":"V \u201eden\u00edk\u201c","block_context":{"text":"den\u00edk","link":"https:\/\/tinnunculus.sy-sy.cz\/index.php\/tag\/denik\/"},"img":{"alt_text":"","src":"https:\/\/i0.wp.com\/tinnunculus.sy-sy.cz\/wp-content\/uploads\/2024\/03\/P1290770-1024x768.jpg?resize=350%2C200&ssl=1","width":350,"height":200,"srcset":"https:\/\/i0.wp.com\/tinnunculus.sy-sy.cz\/wp-content\/uploads\/2024\/03\/P1290770-1024x768.jpg?resize=350%2C200&ssl=1 1x, https:\/\/i0.wp.com\/tinnunculus.sy-sy.cz\/wp-content\/uploads\/2024\/03\/P1290770-1024x768.jpg?resize=525%2C300&ssl=1 1.5x"},"classes":[]},{"id":850,"url":"https:\/\/tinnunculus.sy-sy.cz\/index.php\/deniky\/2015-2\/","url_meta":{"origin":6034,"position":4},"title":"2015","author":"Zuzana Syrov\u00e1 An\u00fd\u017eov\u00e1","date":"04\/08\/2017","format":false,"excerpt":"2014\u00a0 p\u0159edchoz\u00ed rok \u2194 n\u00e1sleduj\u00edc\u00ed rok 2016 2015\/01\/04 - same\u010dek v lod\u017eii (8:18-9:07) 2015\/01\/13 - same\u010dek prohl\u00ed\u017e\u00ed hn\u00edzdn\u00ed kout (8:48) 2015\/01\/26 - same\u010dek zah\u00e1n\u00ed holuby (7:57) 2015\/02\/01 - same\u010dek zah\u00e1n\u00ed holuby (8:08-8:10) 2015\/02\/09 - same\u010dek na bid\u00fdlku (7:29) 2015\/02\/12 - same\u010dek ze z\u00e1bradl\u00ed obhl\u00ed\u017e\u00ed hn\u00edzdn\u00ed kout (16:38-16:43) 2015\/02\/13 - same\u010dek\u2026","rel":"","context":"V \u201eden\u00edk\u201c","block_context":{"text":"den\u00edk","link":"https:\/\/tinnunculus.sy-sy.cz\/index.php\/tag\/denik\/"},"img":{"alt_text":"","src":"https:\/\/i0.wp.com\/tinnunculus.sy-sy.cz\/wp-content\/uploads\/2024\/03\/20150606_15-32-07-1024x576.jpg?resize=350%2C200&ssl=1","width":350,"height":200,"srcset":"https:\/\/i0.wp.com\/tinnunculus.sy-sy.cz\/wp-content\/uploads\/2024\/03\/20150606_15-32-07-1024x576.jpg?resize=350%2C200&ssl=1 1x, https:\/\/i0.wp.com\/tinnunculus.sy-sy.cz\/wp-content\/uploads\/2024\/03\/20150606_15-32-07-1024x576.jpg?resize=525%2C300&ssl=1 1.5x"},"classes":[]},{"id":29104,"url":"https:\/\/tinnunculus.sy-sy.cz\/index.php\/deniky\/2025-2\/","url_meta":{"origin":6034,"position":5},"title":"2025","author":"Zuzana Syrov\u00e1 An\u00fd\u017eov\u00e1","date":"28\/12\/2023","format":false,"excerpt":"\u00a02024 p\u0159edchoz\u00ed rok \u2194 n\u00e1sleduj\u00edc\u00ed rok 2026 ? 2025\/01\/01 - dom\u00e1c\u00ed po\u0161tol\u010d\u00ed p\u00e1r p\u0159e\u010dkal silvestrovskou noc v bezpe\u010d\u00ed lod\u017eie, on na bid\u00fdlku nad star\u00fdm hn\u00edzdem, ona v polici pod stropem nad hn\u00edzdem nov\u00fdm 2025\/01\/07 - pan\u00ed po\u0161tolka p\u0159il\u00e9t\u00e1 do lod\u017eie cel\u00e1 zkrvaven\u00e1, patrn\u011b se n\u011bkde poprala 2025\/02\/04 - pan po\u0161tolka\u2026","rel":"","context":"V \u201e\"Na\u0161e\" po\u0161tolky\u201c","block_context":{"text":"\"Na\u0161e\" po\u0161tolky","link":"https:\/\/tinnunculus.sy-sy.cz\/index.php\/category\/nasi\/nase-postolky\/"},"img":{"alt_text":"","src":"https:\/\/i0.wp.com\/tinnunculus.sy-sy.cz\/wp-content\/uploads\/2025\/02\/202502221082318-1024x576.jpg?resize=350%2C200&ssl=1","width":350,"height":200,"srcset":"https:\/\/i0.wp.com\/tinnunculus.sy-sy.cz\/wp-content\/uploads\/2025\/02\/202502221082318-1024x576.jpg?resize=350%2C200&ssl=1 1x, https:\/\/i0.wp.com\/tinnunculus.sy-sy.cz\/wp-content\/uploads\/2025\/02\/202502221082318-1024x576.jpg?resize=525%2C300&ssl=1 1.5x"},"classes":[]}],"jetpack_sharing_enabled":true,"_links":{"self":[{"href":"https:\/\/tinnunculus.sy-sy.cz\/index.php\/wp-json\/wp\/v2\/pages\/6034","targetHints":{"allow":["GET"]}}],"collection":[{"href":"https:\/\/tinnunculus.sy-sy.cz\/index.php\/wp-json\/wp\/v2\/pages"}],"about":[{"href":"https:\/\/tinnunculus.sy-sy.cz\/index.php\/wp-json\/wp\/v2\/types\/page"}],"author":[{"embeddable":true,"href":"https:\/\/tinnunculus.sy-sy.cz\/index.php\/wp-json\/wp\/v2\/users\/2"}],"replies":[{"embeddable":true,"href":"https:\/\/tinnunculus.sy-sy.cz\/index.php\/wp-json\/wp\/v2\/comments?post=6034"}],"version-history":[{"count":1,"href":"https:\/\/tinnunculus.sy-sy.cz\/index.php\/wp-json\/wp\/v2\/pages\/6034\/revisions"}],"predecessor-version":[{"id":40300,"href":"https:\/\/tinnunculus.sy-sy.cz\/index.php\/wp-json\/wp\/v2\/pages\/6034\/revisions\/40300"}],"wp:attachment":[{"href":"https:\/\/tinnunculus.sy-sy.cz\/index.php\/wp-json\/wp\/v2\/media?parent=6034"}],"wp:term":[{"taxonomy":"category","embeddable":true,"href":"https:\/\/tinnunculus.sy-sy.cz\/index.php\/wp-json\/wp\/v2\/categories?post=6034"},{"taxonomy":"post_tag","embeddable":true,"href":"https:\/\/tinnunculus.sy-sy.cz\/index.php\/wp-json\/wp\/v2\/tags?post=6034"}],"curies":[{"name":"wp","href":"https:\/\/api.w.org\/{rel}","templated":true}]}}