{"id":5642,"date":"2018-07-05T05:42:05","date_gmt":"2018-07-05T03:42:05","guid":{"rendered":"http:\/\/tinnunculus.sy-sy.cz\/?page_id=5642"},"modified":"2025-12-14T23:39:03","modified_gmt":"2025-12-14T22:39:03","slug":"krouzkovani","status":"publish","type":"page","link":"https:\/\/tinnunculus.sy-sy.cz\/index.php\/postolci-sezony\/krouzkovani\/","title":{"rendered":"Krou\u017ekov\u00e1n\u00ed po\u0161tolek"},"content":{"rendered":"\n<table id=\"tablepress-4\" class=\"tablepress tablepress-id-4\">\n<thead>\n<tr class=\"row-1\">\n\t<th class=\"column-1\">\u010c\u00edslo<br \/>\nNumber<\/th><th class=\"column-2\">Barva<br \/>\nColor<\/th><th class=\"column-3\">Noha<br \/>\nLeg<\/th><th class=\"column-4\">V\u011bk (dn\u00ed)<br \/>\nAge (days)<\/th><th class=\"column-5\">V\u00e1ha <br \/>\nWeight<br \/>\n(g)<\/th><th class=\"column-6\">L\u00edhnut\u00ed<br \/>\nKrou\u017ekov\u00e1n\u00ed<br \/>\nHatching <br \/>\nRinging<\/th><th class=\"column-7\">Rok<br \/>\nYear<\/th>\n<\/tr>\n<\/thead>\n<tbody class=\"row-hover\">\n<tr class=\"row-2\">\n\t<td class=\"column-1\">ES 65043<\/td><td class=\"column-2\">-<br \/>\n-<\/td><td class=\"column-3\">lev\u00e1<br \/>\r\nleft<br \/>\r\n<\/td><td class=\"column-4\">18<\/td><td class=\"column-5\">188<\/td><td class=\"column-6\">2025\/05\/11<br \/>\r\n2025\/05\/29<\/td><td class=\"column-7\">2025<\/td>\n<\/tr>\n<tr class=\"row-3\">\n\t<td class=\"column-1\">ES 65042<\/td><td class=\"column-2\">\u010dern\u00e1<br \/>\r\nblack<\/td><td class=\"column-3\">lev\u00e1<br \/>\r\nleft<br \/>\r\n<\/td><td class=\"column-4\">18<\/td><td class=\"column-5\">195<\/td><td class=\"column-6\">2025\/05\/11<br \/>\r\n2025\/05\/29<\/td><td class=\"column-7\">2025<\/td>\n<\/tr>\n<tr class=\"row-4\">\n\t<td class=\"column-1\">ES 65041<\/td><td class=\"column-2\">\u017elut\u00e1<br \/>\r\nyellow<\/td><td class=\"column-3\">lev\u00e1<br \/>\r\nleft<br \/>\r\n<\/td><td class=\"column-4\">18<\/td><td class=\"column-5\">232<\/td><td class=\"column-6\">2025\/05\/11<br \/>\r\n2025\/05\/29<\/td><td class=\"column-7\">2025<\/td>\n<\/tr>\n<tr class=\"row-5\">\n\t<td class=\"column-1\">ES 65040<\/td><td class=\"column-2\">r\u016f\u017eov\u00e1<br \/>\r\npink<\/td><td class=\"column-3\">lev\u00e1<br \/>\r\nleft<br \/>\r\n<\/td><td class=\"column-4\">18<\/td><td class=\"column-5\">225<\/td><td class=\"column-6\">2025\/05\/11<br \/>\r\n2025\/05\/29<\/td><td class=\"column-7\">2025<\/td>\n<\/tr>\n<tr class=\"row-6\">\n\t<td class=\"column-1\">ES 65039<\/td><td class=\"column-2\">modr\u00e1<br \/>\r\nblue<\/td><td class=\"column-3\">lev\u00e1<br \/>\r\nleft<br \/>\r\n<\/td><td class=\"column-4\">15<\/td><td class=\"column-5\">177<\/td><td class=\"column-6\">2025\/05\/14<br \/>\n2025\/05\/29<\/td><td class=\"column-7\">2025<\/td>\n<\/tr>\n<tr class=\"row-7\">\n\t<td class=\"column-1\">ES 65038<\/td><td class=\"column-2\">\u010derven\u00e1<br \/>\r\nred<\/td><td class=\"column-3\">lev\u00e1<br \/>\r\nleft<br \/>\r\n<\/td><td class=\"column-4\">18<\/td><td class=\"column-5\">204<\/td><td class=\"column-6\">2025\/05\/11<br \/>\r\n2025\/05\/29<\/td><td class=\"column-7\">2025<\/td>\n<\/tr>\n<tr class=\"row-8\">\n\t<td class=\"column-1\">ES 65037<\/td><td class=\"column-2\">zelen\u00e1<br \/>\ngreen<\/td><td class=\"column-3\">lev\u00e1<br \/>\nleft<br \/>\n<\/td><td class=\"column-4\">18<\/td><td class=\"column-5\">200<\/td><td class=\"column-6\">2025\/05\/11<br \/>\n2025\/05\/29<\/td><td class=\"column-7\">2025<\/td>\n<\/tr>\n<tr class=\"row-9\">\n\t<td class=\"column-1\">ES 65027<br \/>\n<\/td><td class=\"column-2\">zelen\u00e1<br \/>\r\ngreen<\/td><td class=\"column-3\">prav\u00e1<br \/>\r\nright<\/td><td class=\"column-4\">18<\/td><td class=\"column-5\">200<\/td><td class=\"column-6\">2024\/05\/14<br \/>\n2024\/06\/01<\/td><td class=\"column-7\">2024<\/td>\n<\/tr>\n<tr class=\"row-10\">\n\t<td class=\"column-1\">ES 65026<br \/>\n<\/td><td class=\"column-2\">r\u016f\u017eov\u00e1<br \/>\r\npink<\/td><td class=\"column-3\">prav\u00e1<br \/>\r\nright<\/td><td class=\"column-4\">15<\/td><td class=\"column-5\">179<\/td><td class=\"column-6\">2024\/05\/17<br \/>\n2024\/06\/01<\/td><td class=\"column-7\">2024<\/td>\n<\/tr>\n<tr class=\"row-11\">\n\t<td class=\"column-1\">ES 65024<br \/>\n<\/td><td class=\"column-2\">modr\u00e1<br \/>\r\nblue<\/td><td class=\"column-3\">prav\u00e1<br \/>\r\nright<\/td><td class=\"column-4\">18<\/td><td class=\"column-5\">219<\/td><td class=\"column-6\">2024\/05\/14<br \/>\n2024\/06\/01<\/td><td class=\"column-7\">2024<\/td>\n<\/tr>\n<tr class=\"row-12\">\n\t<td class=\"column-1\">ES 65023<br \/>\n<\/td><td class=\"column-2\">fialov\u00e1<br \/>\nviolet<\/td><td class=\"column-3\">prav\u00e1<br \/>\r\nright<\/td><td class=\"column-4\">18<\/td><td class=\"column-5\">202<\/td><td class=\"column-6\">2024\/05\/14<br \/>\n2024\/06\/01<\/td><td class=\"column-7\">2024<\/td>\n<\/tr>\n<tr class=\"row-13\">\n\t<td class=\"column-1\">ES 65022<br \/>\n<\/td><td class=\"column-2\">\u017elut\u00e1<br \/>\r\nyellow<\/td><td class=\"column-3\">prav\u00e1<br \/>\r\nright<\/td><td class=\"column-4\">17<\/td><td class=\"column-5\">189<\/td><td class=\"column-6\">2024\/05\/15<br \/>\n2024\/06\/01<\/td><td class=\"column-7\">2024<\/td>\n<\/tr>\n<tr class=\"row-14\">\n\t<td class=\"column-1\">ES 65021<br \/>\n<\/td><td class=\"column-2\">\u010derven\u00e1<br \/>\r\nred<\/td><td class=\"column-3\">prav\u00e1<br \/>\r\nright<\/td><td class=\"column-4\">18<\/td><td class=\"column-5\">207<\/td><td class=\"column-6\">2024\/05\/14<br \/>\n2024\/06\/01<\/td><td class=\"column-7\">2024<\/td>\n<\/tr>\n<tr class=\"row-15\">\n\t<td class=\"column-1\">ES 65025<\/td><td class=\"column-2\">r\u016f\u017eov\u00e1<br \/>\npink<\/td><td class=\"column-3\">lev\u00e1<br \/>\nleft<br \/>\n<\/td><td class=\"column-4\">23<\/td><td class=\"column-5\">209<\/td><td class=\"column-6\">2023\/05\/22<br \/>\n2023\/06\/14<\/td><td class=\"column-7\">2023<\/td>\n<\/tr>\n<tr class=\"row-16\">\n\t<td class=\"column-1\">ES 65020<\/td><td class=\"column-2\">\u010dern\u00e1<br \/>\nblack<\/td><td class=\"column-3\">lev\u00e1<br \/>\nleft<br \/>\n<\/td><td class=\"column-4\">23<\/td><td class=\"column-5\">201<\/td><td class=\"column-6\">2023\/05\/22<br \/>\n2023\/06\/14<\/td><td class=\"column-7\">2023<\/td>\n<\/tr>\n<tr class=\"row-17\">\n\t<td class=\"column-1\">ES 65019<\/td><td class=\"column-2\">\u010derven\u00e1<br \/>\nred<\/td><td class=\"column-3\">lev\u00e1<br \/>\nleft<br \/>\n<\/td><td class=\"column-4\">23<\/td><td class=\"column-5\">239<\/td><td class=\"column-6\">2023\/05\/22<br \/>\n2023\/06\/14<\/td><td class=\"column-7\">2023<\/td>\n<\/tr>\n<tr class=\"row-18\">\n\t<td class=\"column-1\">ES 65018<\/td><td class=\"column-2\">\u017elut\u00e1<br \/>\nyellow<\/td><td class=\"column-3\">lev\u00e1<br \/>\nleft<br \/>\n<\/td><td class=\"column-4\">21<\/td><td class=\"column-5\">217<\/td><td class=\"column-6\">2023\/05\/24<br \/>\n2023\/06\/14<\/td><td class=\"column-7\">2023<\/td>\n<\/tr>\n<tr class=\"row-19\">\n\t<td class=\"column-1\">ES 65017<\/td><td class=\"column-2\">zelen\u00e1<br \/>\ngreen<\/td><td class=\"column-3\">lev\u00e1<br \/>\nleft<br \/>\n<\/td><td class=\"column-4\">23<br \/>\n<\/td><td class=\"column-5\">230<\/td><td class=\"column-6\">2023\/05\/22<br \/>\n2023\/06\/14<\/td><td class=\"column-7\">2023<\/td>\n<\/tr>\n<tr class=\"row-20\">\n\t<td class=\"column-1\">ES 65016<\/td><td class=\"column-2\">modr\u00e1<br \/>\nblue<\/td><td class=\"column-3\">lev\u00e1<br \/>\nleft<br \/>\n<\/td><td class=\"column-4\">23<\/td><td class=\"column-5\">221<\/td><td class=\"column-6\">2023\/05\/22<br \/>\n2023\/06\/14<\/td><td class=\"column-7\">2023<\/td>\n<\/tr>\n<tr class=\"row-21\">\n\t<td class=\"column-1\">ES 65008<\/td><td class=\"column-2\">\u010derven\u00e1<br \/>\nred<\/td><td class=\"column-3\">prav\u00e1<br \/>\nright<\/td><td class=\"column-4\">22<\/td><td class=\"column-5\">199<\/td><td class=\"column-6\">2022\/06\/07<br \/>\n2022\/06\/29<\/td><td class=\"column-7\">2022<\/td>\n<\/tr>\n<tr class=\"row-22\">\n\t<td class=\"column-1\">ES 65007<\/td><td class=\"column-2\">\u017elut\u00e1<br \/>\nyellow<\/td><td class=\"column-3\">prav\u00e1<br \/>\nright<\/td><td class=\"column-4\">22<\/td><td class=\"column-5\">181<\/td><td class=\"column-6\">2022\/06\/07<br \/>\n2022\/06\/29<\/td><td class=\"column-7\">2022<\/td>\n<\/tr>\n<tr class=\"row-23\">\n\t<td class=\"column-1\">ES 65006<\/td><td class=\"column-2\">zelen\u00e1<br \/>\ngreen<\/td><td class=\"column-3\">prav\u00e1<br \/>\nright<\/td><td class=\"column-4\">18<\/td><td class=\"column-5\">195<\/td><td class=\"column-6\">2022\/06\/07<br \/>\n2022\/06\/11<\/td><td class=\"column-7\">2022<\/td>\n<\/tr>\n<tr class=\"row-24\">\n\t<td class=\"column-1\">ES 65005<\/td><td class=\"column-2\">modr\u00e1<br \/>\nblue<\/td><td class=\"column-3\">prav\u00e1<br \/>\nright<\/td><td class=\"column-4\">22<\/td><td class=\"column-5\">237<\/td><td class=\"column-6\">2022\/06\/07<br \/>\n2022\/06\/29<\/td><td class=\"column-7\">2022<\/td>\n<\/tr>\n<tr class=\"row-25\">\n\t<td class=\"column-1\">ES 65004<\/td><td class=\"column-2\">\u010dern\u00e1<br \/>\nblack<\/td><td class=\"column-3\">lev\u00e1<br \/>\nleft<\/td><td class=\"column-4\">18<\/td><td class=\"column-5\">205<\/td><td class=\"column-6\">2021\/05\/30<br \/>\n2021\/06\/17<\/td><td class=\"column-7\">2021<\/td>\n<\/tr>\n<tr class=\"row-26\">\n\t<td class=\"column-1\">ES 65003<\/td><td class=\"column-2\">\u017elut\u00e1<br \/>\nyellow<\/td><td class=\"column-3\">lev\u00e1<br \/>\nleft<\/td><td class=\"column-4\">17<\/td><td class=\"column-5\">193<\/td><td class=\"column-6\">2021\/05\/31<br \/>\n2021\/06\/17<\/td><td class=\"column-7\">2021<\/td>\n<\/tr>\n<tr class=\"row-27\">\n\t<td class=\"column-1\">ES 65002<\/td><td class=\"column-2\">modr\u00e1<br \/>\nblue<\/td><td class=\"column-3\">lev\u00e1<br \/>\nleft<\/td><td class=\"column-4\">19<\/td><td class=\"column-5\">247<\/td><td class=\"column-6\">2021\/05\/29<br \/>\n2021\/06\/17<\/td><td class=\"column-7\">2021<\/td>\n<\/tr>\n<tr class=\"row-28\">\n\t<td class=\"column-1\">ES 65001<\/td><td class=\"column-2\">r\u016f\u017eov\u00e1<br \/>\npink<\/td><td class=\"column-3\">lev\u00e1<br \/>\nleft<\/td><td class=\"column-4\">17<\/td><td class=\"column-5\">195<\/td><td class=\"column-6\">2021\/05\/31<br \/>\n2021\/06\/17<\/td><td class=\"column-7\">2021<\/td>\n<\/tr>\n<tr class=\"row-29\">\n\t<td class=\"column-1\">ES 48997<\/td><td class=\"column-2\">-<br \/>\n-<\/td><td class=\"column-3\">prav\u00e1<br \/>\nright<\/td><td class=\"column-4\">21<\/td><td class=\"column-5\">244<\/td><td class=\"column-6\">2020\/05\/26<br \/>\n2020\/06\/16<\/td><td class=\"column-7\">2020<\/td>\n<\/tr>\n<tr class=\"row-30\">\n\t<td class=\"column-1\">ES 48996<\/td><td class=\"column-2\">modr\u00e1<br \/>\nblue<\/td><td class=\"column-3\">prav\u00e1<br \/>\nright<\/td><td class=\"column-4\">19<\/td><td class=\"column-5\">230<\/td><td class=\"column-6\">2020\/05\/28<br \/>\n2020\/06\/16<\/td><td class=\"column-7\">2020<\/td>\n<\/tr>\n<tr class=\"row-31\">\n\t<td class=\"column-1\">ES 48995<\/td><td class=\"column-2\">\u017elut\u00e1<br \/>\nyellow<\/td><td class=\"column-3\">prav\u00e1<br \/>\nright<\/td><td class=\"column-4\">20<\/td><td class=\"column-5\">228<\/td><td class=\"column-6\">2020\/05\/27<br \/>\n2020\/06\/16<\/td><td class=\"column-7\">2020<\/td>\n<\/tr>\n<tr class=\"row-32\">\n\t<td class=\"column-1\">ES 48994<\/td><td class=\"column-2\">r\u016f\u017eov\u00e1\/modr\u00e1<br \/>\npink\/blue<\/td><td class=\"column-3\">prav\u00e1<br \/>\nright<\/td><td class=\"column-4\">21<\/td><td class=\"column-5\">248<\/td><td class=\"column-6\">2020\/05\/26<br \/>\n2020\/06\/16<\/td><td class=\"column-7\">2020<\/td>\n<\/tr>\n<tr class=\"row-33\">\n\t<td class=\"column-1\">ES 48993<\/td><td class=\"column-2\">\u010derven\u00e1<br \/>\nred<\/td><td class=\"column-3\">prav\u00e1<br \/>\nright<\/td><td class=\"column-4\">17<\/td><td class=\"column-5\">187<\/td><td class=\"column-6\">2020\/05\/30<br \/>\n2020\/06\/16<\/td><td class=\"column-7\">2020<\/td>\n<\/tr>\n<tr class=\"row-34\">\n\t<td class=\"column-1\">ES 48992<\/td><td class=\"column-2\">\u010dern\u00e1<br \/>\nblack<\/td><td class=\"column-3\">prav\u00e1<br \/>\nright<\/td><td class=\"column-4\">15<\/td><td class=\"column-5\">185<\/td><td class=\"column-6\">2020\/06\/01<br \/>\n2020\/06\/16<\/td><td class=\"column-7\">2020<\/td>\n<\/tr>\n<tr class=\"row-35\">\n\t<td class=\"column-1\">ES 48986<\/td><td class=\"column-2\">r\u016f\u017eov\u00e1<br \/>\npink<\/td><td class=\"column-3\">lev\u00e1<br \/>\nleft<\/td><td class=\"column-4\">21<\/td><td class=\"column-5\">197<\/td><td class=\"column-6\">2019\/06\/01<br \/>\n2019\/06\/22<\/td><td class=\"column-7\">2019<\/td>\n<\/tr>\n<tr class=\"row-36\">\n\t<td class=\"column-1\">ES 48988<\/td><td class=\"column-2\">\u010dern\u00e1<br \/>\nblack<\/td><td class=\"column-3\">lev\u00e1<br \/>\nleft<\/td><td class=\"column-4\">22<\/td><td class=\"column-5\">236<\/td><td class=\"column-6\">2019\/05\/31<br \/>\n2019\/06\/22<\/td><td class=\"column-7\">2019<\/td>\n<\/tr>\n<tr class=\"row-37\">\n\t<td class=\"column-1\">ES 48987<\/td><td class=\"column-2\">modr\u00e1<br \/>\nblue<\/td><td class=\"column-3\">lev\u00e1<br \/>\nleft<\/td><td class=\"column-4\">22<\/td><td class=\"column-5\">245<\/td><td class=\"column-6\">2019\/05\/31<br \/>\n2019\/06\/22<\/td><td class=\"column-7\">2019<\/td>\n<\/tr>\n<tr class=\"row-38\">\n\t<td class=\"column-1\">ES 48984<\/td><td class=\"column-2\">modr\u00e1<br \/>\nblue<\/td><td class=\"column-3\">prav\u00e1<br \/>\nright<\/td><td class=\"column-4\">18<\/td><td class=\"column-5\">122<\/td><td class=\"column-6\">2018\/06\/16<br \/>\n2018\/07\/04<\/td><td class=\"column-7\">2018<\/td>\n<\/tr>\n<tr class=\"row-39\">\n\t<td class=\"column-1\">ES 48983<\/td><td class=\"column-2\">zelen\u00e1<br \/>\ngreen<\/td><td class=\"column-3\">prav\u00e1<br \/>\nright<\/td><td class=\"column-4\">20<\/td><td class=\"column-5\">181<\/td><td class=\"column-6\">2018\/06\/14<br \/>\n2018\/07\/04<\/td><td class=\"column-7\">2018<\/td>\n<\/tr>\n<tr class=\"row-40\">\n\t<td class=\"column-1\">ES 48982<\/td><td class=\"column-2\">\u010derven\u00e1<br \/>\nred<\/td><td class=\"column-3\">prav\u00e1<br \/>\nright<\/td><td class=\"column-4\">21<\/td><td class=\"column-5\">195<\/td><td class=\"column-6\">2018\/06\/13<br \/>\n2018\/07\/04<\/td><td class=\"column-7\">2018<\/td>\n<\/tr>\n<tr class=\"row-41\">\n\t<td class=\"column-1\">ES 48985<\/td><td class=\"column-2\">\u010dern\u00e1<br \/>\nblack<\/td><td class=\"column-3\">prav\u00e1<br \/>\nright<\/td><td class=\"column-4\">21<\/td><td class=\"column-5\">196<\/td><td class=\"column-6\">2018\/06\/13<br \/>\n2018\/07\/04<\/td><td class=\"column-7\">2018<\/td>\n<\/tr>\n<\/tbody>\n<tfoot>\n<tr class=\"row-42\">\n\t<td class=\"column-1\"><\/td><td class=\"column-2\"><\/td><td class=\"column-3\"><\/td><td class=\"column-4\"><\/td><td class=\"column-5\"><\/td><td class=\"column-6\"><\/td><td class=\"column-7\"><\/td>\n<\/tr>\n<\/tfoot>\n<\/table>\n<!-- #tablepress-4 from cache -->\n<ul>\n<li>Standardn\u00ed krou\u017eky jsou obarveny fixem.<\/li>\n<\/ul>\n<h5>Zp\u011btn\u00e1 hl\u00e1\u0161en\u00ed<\/h5>\n\n<table id=\"tablepress-11\" class=\"tablepress tablepress-id-11\">\n<thead>\n<tr class=\"row-1\">\n\t<th class=\"column-1\">\u010c\u00edslo<br \/>\r\nNumber<\/th><th class=\"column-2\">Pohlav\u00ed<br \/>\nSex<br \/>\n<\/th><th class=\"column-3\">V\u011bk (dn\u00ed)<br \/>\r\nAge (days)<\/th><th class=\"column-4\">Sou\u0159adnice<br \/>\nCoordinates<br \/>\n<br \/>\nVz\u00e1lenost<br \/>\nDistance<br \/>\n(km)<\/th><th class=\"column-5\">Zp\u011btn\u00fd odchyt<br \/>\nRecapture<\/th><th class=\"column-6\">Zpr\u00e1va<br \/>\nReport<\/th>\n<\/tr>\n<\/thead>\n<tbody class=\"row-striping row-hover\">\n<tr class=\"row-2\">\n\t<td class=\"column-1\"><a href=\"https:\/\/tinnunculus.sy-sy.cz\/index.php\/krouzkovani\/?table_filter=ES%2065016\" rel=\"noopener\" target=\"_blank\">ES 65016<\/a><\/td><td class=\"column-2\">U<\/td><td class=\"column-3\">72<\/td><td class=\"column-4\"><a href=\"https:\/\/maps.app.goo.gl\/aPqVCcGkMx9VNBXy9\" rel=\"noopener\" target=\"_blank\">49\u00b014'45.2\"N 16\u00b035'10.4\"E<\/a><br \/>\n<br \/>\n6,78<\/td><td class=\"column-5\">2023\/08\/02<\/td><td class=\"column-6\"><a href=\"https:\/\/tinnunculus.sy-sy.cz\/wp-content\/uploads\/2024\/02\/CZP_ES65016.pdf\" rel=\"noopener\" target=\"_blank\">CZP_ES65016.pdf<\/a><\/td>\n<\/tr>\n<tr class=\"row-3\">\n\t<td class=\"column-1\"><a href=\"https:\/\/tinnunculus.sy-sy.cz\/index.php\/krouzkovani\/?table_filter=ES%2065004\" rel=\"noopener\" target=\"_blank\">ES 65004<\/a><\/td><td class=\"column-2\">M<\/td><td class=\"column-3\">676<\/td><td class=\"column-4\"><a href=\"https:\/\/goo.gl\/maps\/ZSdfeNMLD2YwcdyG8\" rel=\"noopener\" target=\"_blank\">49\u00b013'3\"N 16\u00b030'12,92\"E<\/a><br \/>\n<br \/>\n1,52<\/td><td class=\"column-5\">2023\/04\/06<\/td><td class=\"column-6\"><a href=\"https:\/\/tinnunculus.sy-sy.cz\/wp-content\/uploads\/2023\/04\/CZP_ES65004.pdf\" rel=\"noopener\" target=\"_blank\">CZP_ES65004.pdf<\/a><\/td>\n<\/tr>\n<\/tbody>\n<\/table>\n<!-- #tablepress-11 from cache -->\n","protected":false},"excerpt":{"rendered":"<p>Standardn\u00ed krou\u017eky jsou obarveny fixem. Zp\u011btn\u00e1 hl\u00e1\u0161en\u00ed<\/p>\n","protected":false},"author":2,"featured_media":0,"parent":733,"menu_order":4,"comment_status":"closed","ping_status":"closed","template":"","meta":{"jetpack_post_was_ever_published":false,"footnotes":""},"categories":[],"tags":[],"class_list":["post-5642","page","type-page","status-publish","hentry"],"jetpack_shortlink":"https:\/\/wp.me\/P91gKE-1t0","jetpack-related-posts":[{"id":37028,"url":"https:\/\/tinnunculus.sy-sy.cz\/index.php\/v-primem-prenosu\/nase-kamery\/seznam-kamer\/","url_meta":{"origin":5642,"position":0},"title":"Seznam kamer","author":"Zuzana Syrov\u00e1 An\u00fd\u017eov\u00e1","date":"23\/07\/2024","format":false,"excerpt":"Aktualizov\u00e1no \u00a0Po\u0161tol\u010d\u00ed lod\u017eie \u2194 Ror\u00fdsovn\u00edk\u00a0\u2194 Po\u0161tol\u010d\u00ed okno\u00a0\u2194 V\u0161echny kamery \u2190 Na\u0161e kamery \u2190\u00a0YouTube Live","rel":"","context":"Podobn\u00fd p\u0159\u00edsp\u011bvek","block_context":{"text":"Podobn\u00fd p\u0159\u00edsp\u011bvek","link":""},"img":{"alt_text":"","src":"","width":0,"height":0},"classes":[]},{"id":37398,"url":"https:\/\/tinnunculus.sy-sy.cz\/index.php\/v-primem-prenosu-odjinud\/kody-zemi\/","url_meta":{"origin":5642,"position":1},"title":"K\u00f3dy zem\u00ed","author":"Zuzana Syrov\u00e1 An\u00fd\u017eov\u00e1","date":"13\/08\/2024","format":false,"excerpt":"Aktualizov\u00e1no K\u00f3dy zem\u00ed dle ISO 3166-1. Zdroj: \u010c\u00edseln\u00edk zem\u00ed (CZEM); \u010cS\u00da viz t\u00e9\u017e Country Codes - ISO 3166","rel":"","context":"Podobn\u00fd p\u0159\u00edsp\u011bvek","block_context":{"text":"Podobn\u00fd p\u0159\u00edsp\u011bvek","link":""},"img":{"alt_text":"","src":"","width":0,"height":0},"classes":[]},{"id":35020,"url":"https:\/\/tinnunculus.sy-sy.cz\/index.php\/v-primem-prenosu-odjinud\/sturnus-vulgaris-online\/","url_meta":{"origin":5642,"position":2},"title":"Sturnus vulgaris online","author":"Zuzana Syrov\u00e1 An\u00fd\u017eov\u00e1","date":"03\/05\/2024","format":false,"excerpt":"Aktualizov\u00e1no Pou\u017eit\u00e9 zkratky: on+ kamera on-line on- kamera on-line, ale sn\u00edm\u00e1 jin\u00fd druh pt\u00e1k\u016f off\u00a0 kamera off-line V tabulce se uv\u00e1d\u00ed posledn\u00ed rok, v n\u011bm\u017e \u0161pa\u010dci v dan\u00e9 lokalit\u011b \u00fasp\u011b\u0161n\u011b \u010di ne\u00fasp\u011b\u0161n\u011b hn\u00edzdili. K\u00f3dy zemi odkazy: View nesting birds: European Starling","rel":"","context":"Podobn\u00fd p\u0159\u00edsp\u011bvek","block_context":{"text":"Podobn\u00fd p\u0159\u00edsp\u011bvek","link":""},"img":{"alt_text":"","src":"","width":0,"height":0},"classes":[]},{"id":1937,"url":"https:\/\/tinnunculus.sy-sy.cz\/index.php\/v-primem-prenosu-odjinud\/apus-apus-online\/","url_meta":{"origin":5642,"position":3},"title":"Apus apus online","author":"Zuzana Syrov\u00e1 An\u00fd\u017eov\u00e1","date":"14\/08\/2017","format":false,"excerpt":"Aktualizov\u00e1no Pou\u017eit\u00e9 zkratky: on+ kamera on-line on- kamera on-line, ale sn\u00edm\u00e1 jin\u00fd druh pt\u00e1k\u016f off\u00a0 kamera off-line V tabulce se uv\u00e1d\u00ed posledn\u00ed rok, v n\u011bm\u017e ror\u00fdsi v dan\u00e9 lokalit\u011b \u00fasp\u011b\u0161n\u011b \u010di ne\u00fasp\u011b\u0161n\u011b hn\u00edzdili. K\u00f3dy zemi \u00a6 Country codes odkazy: View nesting birds: common swift Webcams gierzwaluwen","rel":"","context":"V \u201e\"Na\u0161i\" ror\u00fdsi\u201c","block_context":{"text":"\"Na\u0161i\" ror\u00fdsi","link":"https:\/\/tinnunculus.sy-sy.cz\/index.php\/category\/nasi\/nasi-rorysi\/"},"img":{"alt_text":"","src":"","width":0,"height":0},"classes":[]},{"id":38217,"url":"https:\/\/tinnunculus.sy-sy.cz\/index.php\/historie-mysi\/prehled-mysi\/","url_meta":{"origin":5642,"position":4},"title":"P\u0159ehled chovan\u00fdch my\u0161ek","author":"Zuzana Syrov\u00e1 An\u00fd\u017eov\u00e1","date":"17\/11\/2024","format":false,"excerpt":"V tabulce zaznamen\u00e1no datum po\u0159\u00edzen\u00ed my\u0161ky a datum jej\u00edho \u00famrt\u00ed. V p\u0159\u00edpad\u011b, \u017ee je zn\u00e1mo datum narozen\u00ed, je uvedeno s hv\u011bzdi\u010dkou. D\u00e9lka do\u017eit\u00ed je po\u010d\u00edt\u00e1na na dny (? d) a roky, m\u011bs\u00edce a dny (?r ?m ?d). Aktualizov\u00e1no Lucie u n\u00e1s bydl\u00ed . Historie my\u0161\u00ed Na\u0161e my\u0161i v Bloku (aneb\u2026","rel":"","context":"V \u201eN\u00e1jemn\u00edci a n\u00e1v\u0161t\u011bvn\u00edci\u201c","block_context":{"text":"N\u00e1jemn\u00edci a n\u00e1v\u0161t\u011bvn\u00edci","link":"https:\/\/tinnunculus.sy-sy.cz\/index.php\/category\/nasi\/"},"img":{"alt_text":"","src":"","width":0,"height":0},"classes":[]},{"id":1828,"url":"https:\/\/tinnunculus.sy-sy.cz\/index.php\/v-primem-prenosu-odjinud\/falco-tinnunculus-online\/","url_meta":{"origin":5642,"position":5},"title":"Falco tinnunculus online","author":"Zuzana Syrov\u00e1 An\u00fd\u017eov\u00e1","date":"14\/08\/2017","format":false,"excerpt":"Aktualizov\u00e1no Pou\u017eit\u00e9 zkratky: on+ kamera on-line on- kamera on-line, ale sn\u00edm\u00e1 jin\u00fd druh pt\u00e1k\u016f off\u00a0 kamera off-line V tabulce se uv\u00e1d\u00ed posledn\u00ed rok, v n\u011bm\u017e po\u0161tolky v dan\u00e9 lokalit\u011b \u00fasp\u011b\u0161n\u011b \u010di ne\u00fasp\u011b\u0161n\u011b hn\u00edzdily. K\u00f3dy zem\u00ed \u00a0 V\u00fdb\u011br hn\u00edzd sledovan\u00fdch v roce 2026\u00a0 \u00a6 Tabulka 2026 \u2194 Cel\u00e1 tabulka Souvisej\u00edc\u00ed p\u0159\u00edsp\u011bvky\u2026","rel":"","context":"Podobn\u00fd p\u0159\u00edsp\u011bvek","block_context":{"text":"Podobn\u00fd p\u0159\u00edsp\u011bvek","link":""},"img":{"alt_text":"","src":"","width":0,"height":0},"classes":[]}],"jetpack_sharing_enabled":true,"_links":{"self":[{"href":"https:\/\/tinnunculus.sy-sy.cz\/index.php\/wp-json\/wp\/v2\/pages\/5642","targetHints":{"allow":["GET"]}}],"collection":[{"href":"https:\/\/tinnunculus.sy-sy.cz\/index.php\/wp-json\/wp\/v2\/pages"}],"about":[{"href":"https:\/\/tinnunculus.sy-sy.cz\/index.php\/wp-json\/wp\/v2\/types\/page"}],"author":[{"embeddable":true,"href":"https:\/\/tinnunculus.sy-sy.cz\/index.php\/wp-json\/wp\/v2\/users\/2"}],"replies":[{"embeddable":true,"href":"https:\/\/tinnunculus.sy-sy.cz\/index.php\/wp-json\/wp\/v2\/comments?post=5642"}],"version-history":[{"count":3,"href":"https:\/\/tinnunculus.sy-sy.cz\/index.php\/wp-json\/wp\/v2\/pages\/5642\/revisions"}],"predecessor-version":[{"id":37614,"href":"https:\/\/tinnunculus.sy-sy.cz\/index.php\/wp-json\/wp\/v2\/pages\/5642\/revisions\/37614"}],"up":[{"embeddable":true,"href":"https:\/\/tinnunculus.sy-sy.cz\/index.php\/wp-json\/wp\/v2\/pages\/733"}],"wp:attachment":[{"href":"https:\/\/tinnunculus.sy-sy.cz\/index.php\/wp-json\/wp\/v2\/media?parent=5642"}],"wp:term":[{"taxonomy":"category","embeddable":true,"href":"https:\/\/tinnunculus.sy-sy.cz\/index.php\/wp-json\/wp\/v2\/categories?post=5642"},{"taxonomy":"post_tag","embeddable":true,"href":"https:\/\/tinnunculus.sy-sy.cz\/index.php\/wp-json\/wp\/v2\/tags?post=5642"}],"curies":[{"name":"wp","href":"https:\/\/api.w.org\/{rel}","templated":true}]}}