{"id":50076,"date":"2026-05-16T14:50:14","date_gmt":"2026-05-16T12:50:14","guid":{"rendered":"https:\/\/tinnunculus.sy-sy.cz\/?page_id=50076"},"modified":"2026-05-16T15:07:29","modified_gmt":"2026-05-16T13:07:29","slug":"resultats-de-la-nidification-des-crecerelles-2","status":"publish","type":"page","link":"https:\/\/tinnunculus.sy-sy.cz\/index.php\/fr\/faucons-crecerelle\/resultats-de-la-nidification-des-crecerelles-2\/","title":{"rendered":"R\u00e9sultats de la nidification des cr\u00e9cerelles"},"content":{"rendered":"<h5>Nid du faucon cr\u00e9cerelle 2 &#8211; Fen\u00eatre de la cuisine<\/h5>\n\n<table id=\"tablepress-25\" class=\"tablepress tablepress-id-25 tablepress-responsive\">\n<thead>\n<tr class=\"row-1\">\n\t<th class=\"column-1\">Rok<br \/>\nYear<\/th><th class=\"column-2\">Vejce<br \/>\nEggs<br \/>\n-<br \/>\nPrvn\u00ed<br \/>\nFirst<\/th><th class=\"column-3\">Vejce<br \/>\nEggs<\/th><th class=\"column-4\">Vyl\u00edhnuto<br \/>\nHatched<\/th><th class=\"column-5\">Vylet\u011blo<br \/>\nFledged<\/th><th class=\"column-6\">Krou\u017ekov\u00e1no<br \/>\nRinged<\/th><th class=\"column-7\">Vejce<br \/>\nEggs<br \/>\n-<br \/>\nPosledn\u00ed<br \/>\nLast<\/th><th class=\"column-8\">Vyl\u00edhnuto<br \/>\nHatched<br \/>\n-<br \/>\nPrvn\u00ed<br \/>\nFirst<\/th><th class=\"column-9\">Vyl\u00edhnuto<br \/>\nHatched<br \/>\n-<br \/>\nPosledn\u00ed<br \/>\nLast<\/th>\n<\/tr>\n<\/thead>\n<tbody class=\"row-striping row-hover\">\n<tr class=\"row-2\">\n\t<td class=\"column-1\"><a href=\"https:\/\/tinnunculus.sy-sy.cz\/index.php\/deniky\/2026-2\/\" rel=\"noopener\" target=\"_blank\">2026<\/a><\/td><td class=\"column-2\">05\/15<\/td><td class=\"column-3\">1<\/td><td class=\"column-4\">?<\/td><td class=\"column-5\">?<\/td><td class=\"column-6\">?<\/td><td class=\"column-7\">05\/15<\/td><td class=\"column-8\"><\/td><td class=\"column-9\"><\/td>\n<\/tr>\n<\/tbody>\n<tfoot>\n<tr class=\"row-3\">\n\t<th class=\"column-1\">Sum :<\/th><td class=\"column-2\"><\/td><th class=\"column-3\">1<\/th><th class=\"column-4\">0<\/th><th class=\"column-5\">0<\/th><th class=\"column-6\">0<\/th><td class=\"column-7\"><\/td><td class=\"column-8\"><\/td><td class=\"column-9\"><\/td>\n<\/tr>\n<\/tfoot>\n<\/table>\n<!-- #tablepress-25 from cache -->\n<ul>\n<li><a href=\"https:\/\/docs.google.com\/spreadsheets\/d\/1xjONdl1pv543PLV9Ubq0cllWvj2mcbl26LAHb4btqPI\/edit?gid=1021686527#gid=1021686527\" target=\"_blank\" rel=\"noopener noreferrer\">Calendrier statistique (Google Sheets)<\/a><\/li>\n<li><a href=\"https:\/\/tinnunculus.sy-sy.cz\/index.php\/fr\/faucons-crecerelle\/\">Faucons cr\u00e9cerelle saisons<\/a><\/li>\n<\/ul>\n<h5><a href=\"https:\/\/tinnunculus.sy-sy.cz\/index.php\/fr\/faucons-crecerelle\/resultats-de-la-\u2026-des-crecerelles\/\">NID DU FAUCON CR\u00c9CERELLE 1 &#8211; BALCON<\/a><\/h5>\n","protected":false},"excerpt":{"rendered":"<p>Nid du faucon cr\u00e9cerelle 2 &#8211; Fen\u00eatre de la cuisine Calendrier statistique (Google Sheets) Faucons cr\u00e9cerelle saisons NID DU FAUCON CR\u00c9CERELLE 1 &#8211; BALCON<\/p>\n","protected":false},"author":2,"featured_media":0,"parent":860,"menu_order":2,"comment_status":"closed","ping_status":"closed","template":"","meta":{"footnotes":""},"categories":[],"tags":[],"class_list":["post-50076","page","type-page","status-publish","hentry"],"jetpack_shortlink":"https:\/\/wp.me\/P91gKE-d1G","jetpack-related-posts":[{"id":37644,"url":"https:\/\/tinnunculus.sy-sy.cz\/index.php\/fr\/faucons-crecerelle\/resultats-de-la-nidification-des-crecerelles\/","url_meta":{"origin":50076,"position":0},"title":"R\u00e9sultats de la nidification des cr\u00e9cerelles","author":"Zuzana Syrov\u00e1 An\u00fd\u017eov\u00e1","date":"16\/08\/2024","format":false,"excerpt":"Nid du faucon cr\u00e9cerelle 1 - Balcon Calendrier statistique (Google Sheets) Faucons cr\u00e9cerelle saisons NID DU FAUCON CR\u00c9CERELLE 2 - FEN\u00caTRE DE LA CUISINE","rel":"","context":"Podobn\u00fd p\u0159\u00edsp\u011bvek","block_context":{"text":"Podobn\u00fd p\u0159\u00edsp\u011bvek","link":""},"img":{"alt_text":"","src":"","width":0,"height":0},"classes":[]},{"id":9947,"url":"https:\/\/tinnunculus.sy-sy.cz\/index.php\/fr\/nos-crecerelles-online\/","url_meta":{"origin":50076,"position":1},"title":"&#8222;Nos&#8220; cr\u00e9cerelles online","author":"Zuzana Syrov\u00e1 An\u00fd\u017eov\u00e1","date":"10\/12\/2019","format":false,"excerpt":"0\u00a6\u00a01\u00a6\u00a02\u00a6\u00a03\u00a6\u00a04\u00a6\u00a05\u00a6\u00a06\u00a6\u00a07\u00a6\u00a08\u00a6\u00a09\u00a6\u00a012\u00a6\u00a013\u00a6\u00a014\u00a6\u00a015\u00a6\u00a016\u00a6\u00a017\u00a6\u00a018\u00a6\u00a019\u00a6\u00a020\u00a6 10\u00a6\u00a0 11\u00a6 21\u00a6 Pardon, mais ce contenu n'a pas encore \u00e9t\u00e9 traduit en fran\u00e7ais. Lire la version en anglais. Nos webcams En direct\u00a0du balcon aux cr\u00e9cerelles\u00a0\u00a6\u00a0des nichoirs \u00e0 martinets\u00a0\u00a6\u00a0de la fen\u00eatre aux cr\u00e9cerelles Liste des cam\u00e9ras YouTube en direct","rel":"","context":"V \u201e\"Nos\" cr\u00e9cerelles\u201c","block_context":{"text":"\"Nos\" cr\u00e9cerelles","link":"https:\/\/tinnunculus.sy-sy.cz\/index.php\/fr\/category\/locataires-et-visiteurs\/nos-crecerelles\/"},"img":{"alt_text":"Camera 1","src":"https:\/\/sy-sy.cz\/cam\/webapi\/entry.cgi?api=SYNO.SurveillanceStation.Stream.VideoStreaming&version=1&method=Stream&format=mjpeg&cameraId=2&StmKey=%229853f85e3f00a090389e5f3da7058a2c%22","width":350,"height":200,"srcset":"https:\/\/sy-sy.cz\/cam\/webapi\/entry.cgi?api=SYNO.SurveillanceStation.Stream.VideoStreaming&version=1&method=Stream&format=mjpeg&cameraId=2&StmKey=%229853f85e3f00a090389e5f3da7058a2c%22 1x, https:\/\/sy-sy.cz\/cam\/webapi\/entry.cgi?api=SYNO.SurveillanceStation.Stream.VideoStreaming&version=1&method=Stream&format=mjpeg&cameraId=2&StmKey=%229853f85e3f00a090389e5f3da7058a2c%22 1.5x, https:\/\/sy-sy.cz\/cam\/webapi\/entry.cgi?api=SYNO.SurveillanceStation.Stream.VideoStreaming&version=1&method=Stream&format=mjpeg&cameraId=2&StmKey=%229853f85e3f00a090389e5f3da7058a2c%22 2x, https:\/\/sy-sy.cz\/cam\/webapi\/entry.cgi?api=SYNO.SurveillanceStation.Stream.VideoStreaming&version=1&method=Stream&format=mjpeg&cameraId=2&StmKey=%229853f85e3f00a090389e5f3da7058a2c%22 3x, https:\/\/sy-sy.cz\/cam\/webapi\/entry.cgi?api=SYNO.SurveillanceStation.Stream.VideoStreaming&version=1&method=Stream&format=mjpeg&cameraId=2&StmKey=%229853f85e3f00a090389e5f3da7058a2c%22 4x"},"classes":[]},{"id":11894,"url":"https:\/\/tinnunculus.sy-sy.cz\/index.php\/fr\/nos-crecerelles-online\/nos-webcams\/","url_meta":{"origin":50076,"position":2},"title":"Nos webcams","author":"Zuzana Syrov\u00e1 An\u00fd\u017eov\u00e1","date":"03\/04\/2020","format":false,"excerpt":"0\u00a6\u00a01\u00a6\u00a02\u00a6\u00a03\u00a6\u00a04\u00a6\u00a05\u00a6\u00a06\u00a6\u00a07\u00a6\u00a08\u00a6\u00a09\u00a6\u00a012\u00a6\u00a013\u00a6\u00a014\u00a6\u00a015\u00a6\u00a016\u00a6\u00a017\u00a6\u00a018\u00a6\u00a019\u00a6\u00a020\u00a6 10\u00a6\u00a0 11\u00a6 21\u00a6 \u2190\u00a0Liste des cam\u00e9ras Coin derri\u00e8re la porte du balcon avec le nouveau nid \u2013 AXIS M1135 (1) Nouveau nid \u00a6\u00a0Perchoirs au-dessus du nouveau nid \u00a6 Nichoirs des martinets \u2013 AXIS M2014-E (1) Perchoirs au-dessus du nouveau nid \u2013 AXIS M1125 (1) Perchoirs au-dessus de l'ancien nid\u2026","rel":"","context":"V \u201e\"Nos\" cr\u00e9cerelles\u201c","block_context":{"text":"\"Nos\" cr\u00e9cerelles","link":"https:\/\/tinnunculus.sy-sy.cz\/index.php\/fr\/category\/locataires-et-visiteurs\/nos-crecerelles\/"},"img":{"alt_text":"","src":"https:\/\/i0.wp.com\/tinnunculus.sy-sy.cz\/wp-content\/uploads\/2021\/05\/youtube-1718976_960_720-300x300.png?resize=350%2C200&ssl=1","width":350,"height":200},"classes":[]},{"id":12884,"url":"https:\/\/tinnunculus.sy-sy.cz\/index.php\/fr\/des-souris-et-des-crecerelles\/","url_meta":{"origin":50076,"position":3},"title":"Des souris et des cr\u00e9cerelles","author":"Zuzana Syrov\u00e1 An\u00fd\u017eov\u00e1","date":"30\/05\/2020","format":false,"excerpt":"Les faucons cr\u00e9cerelles vivent depuis longtemps avec nous sur le balcon de notre appartement dans la banlieue de Brno. Au d\u00e9part, ils utilisaient notre balcon uniquement comme abri et dortoir, mais depuis l'incendie de 2006, la situation a chang\u00e9. \u00c0 partir de la saison 2007, les cr\u00e9cerelles nichent ici. L'histoire\u2026","rel":"","context":"V \u201e\"Nos\" cr\u00e9cerelles\u201c","block_context":{"text":"\"Nos\" cr\u00e9cerelles","link":"https:\/\/tinnunculus.sy-sy.cz\/index.php\/fr\/category\/locataires-et-visiteurs\/nos-crecerelles\/"},"img":{"alt_text":"","src":"https:\/\/i0.wp.com\/tinnunculus.sy-sy.cz\/wp-content\/uploads\/2017\/08\/dsc22907_24x10cb-e1501697514766.jpg?fit=1200%2C500&ssl=1&resize=350%2C200","width":350,"height":200,"srcset":"https:\/\/i0.wp.com\/tinnunculus.sy-sy.cz\/wp-content\/uploads\/2017\/08\/dsc22907_24x10cb-e1501697514766.jpg?fit=1200%2C500&ssl=1&resize=350%2C200 1x, https:\/\/i0.wp.com\/tinnunculus.sy-sy.cz\/wp-content\/uploads\/2017\/08\/dsc22907_24x10cb-e1501697514766.jpg?fit=1200%2C500&ssl=1&resize=525%2C300 1.5x, https:\/\/i0.wp.com\/tinnunculus.sy-sy.cz\/wp-content\/uploads\/2017\/08\/dsc22907_24x10cb-e1501697514766.jpg?fit=1200%2C500&ssl=1&resize=700%2C400 2x, https:\/\/i0.wp.com\/tinnunculus.sy-sy.cz\/wp-content\/uploads\/2017\/08\/dsc22907_24x10cb-e1501697514766.jpg?fit=1200%2C500&ssl=1&resize=1050%2C600 3x"},"classes":[]},{"id":21198,"url":"https:\/\/tinnunculus.sy-sy.cz\/index.php\/fr\/crecerelles-de-brno\/","url_meta":{"origin":50076,"position":4},"title":"Cr\u00e9cerelles de Brno","author":"Zuzana Syrov\u00e1 An\u00fd\u017eov\u00e1","date":"31\/03\/2023","format":false,"excerpt":"\u00a0 Ici, vous pouvez comparer ce qui se passe sur notre balcon dans le lotissement Bystrc dans la banlieue de Brno avec les \u00e9v\u00e9nements actuels dans le nichoir du centre-ville sur la rue Francouzsk\u00e1 ou dans le lotissement Bohunice. Nos autres cam\u00e9ras Diffusions en direct d'autres localit\u00e9s. La diffusion en\u2026","rel":"","context":"V \u201eCam\u00e9ras (Web)\u201c","block_context":{"text":"Cam\u00e9ras (Web)","link":"https:\/\/tinnunculus.sy-sy.cz\/index.php\/fr\/category\/diffusion-en-direct\/cameras-web\/"},"img":{"alt_text":"","src":"","width":0,"height":0},"classes":[]},{"id":9870,"url":"https:\/\/tinnunculus.sy-sy.cz\/index.php\/fr\/introduction-2\/","url_meta":{"origin":50076,"position":5},"title":"Introduction","author":"Zuzana Syrov\u00e1 An\u00fd\u017eov\u00e1","date":"09\/12\/2019","format":false,"excerpt":"Bienvenue chez les faucons cr\u00e9cerelles de Brno! Ce site est d\u00e9di\u00e9 aux faucons cr\u00e9cerelles, qui nichent sur notre balcon depuis 2007. Les faucons y passent la nuit sur les perchoirs souvent pendant toute l'ann\u00e9e. Un nichoir pour les martinets noirs est situ\u00e9 au-dessus de la fen\u00eatre voisine. Jusqu'\u00e0 pr\u00e9sent, nos\u2026","rel":"","context":"Podobn\u00fd p\u0159\u00edsp\u011bvek","block_context":{"text":"Podobn\u00fd p\u0159\u00edsp\u011bvek","link":""},"img":{"alt_text":"","src":"","width":0,"height":0},"classes":[]}],"jetpack_sharing_enabled":true,"_links":{"self":[{"href":"https:\/\/tinnunculus.sy-sy.cz\/index.php\/wp-json\/wp\/v2\/pages\/50076","targetHints":{"allow":["GET"]}}],"collection":[{"href":"https:\/\/tinnunculus.sy-sy.cz\/index.php\/wp-json\/wp\/v2\/pages"}],"about":[{"href":"https:\/\/tinnunculus.sy-sy.cz\/index.php\/wp-json\/wp\/v2\/types\/page"}],"author":[{"embeddable":true,"href":"https:\/\/tinnunculus.sy-sy.cz\/index.php\/wp-json\/wp\/v2\/users\/2"}],"replies":[{"embeddable":true,"href":"https:\/\/tinnunculus.sy-sy.cz\/index.php\/wp-json\/wp\/v2\/comments?post=50076"}],"version-history":[{"count":3,"href":"https:\/\/tinnunculus.sy-sy.cz\/index.php\/wp-json\/wp\/v2\/pages\/50076\/revisions"}],"predecessor-version":[{"id":50086,"href":"https:\/\/tinnunculus.sy-sy.cz\/index.php\/wp-json\/wp\/v2\/pages\/50076\/revisions\/50086"}],"up":[{"embeddable":true,"href":"https:\/\/tinnunculus.sy-sy.cz\/index.php\/wp-json\/wp\/v2\/pages\/860"}],"wp:attachment":[{"href":"https:\/\/tinnunculus.sy-sy.cz\/index.php\/wp-json\/wp\/v2\/media?parent=50076"}],"wp:term":[{"taxonomy":"category","embeddable":true,"href":"https:\/\/tinnunculus.sy-sy.cz\/index.php\/wp-json\/wp\/v2\/categories?post=50076"},{"taxonomy":"post_tag","embeddable":true,"href":"https:\/\/tinnunculus.sy-sy.cz\/index.php\/wp-json\/wp\/v2\/tags?post=50076"}],"curies":[{"name":"wp","href":"https:\/\/api.w.org\/{rel}","templated":true}]}}