{"id":50053,"date":"2026-05-16T09:07:13","date_gmt":"2026-05-16T07:07:13","guid":{"rendered":"https:\/\/tinnunculus.sy-sy.cz\/?page_id=50053"},"modified":"2026-05-16T09:55:03","modified_gmt":"2026-05-16T07:55:03","slug":"hnizdeni-postolek-vysledky-2","status":"publish","type":"page","link":"https:\/\/tinnunculus.sy-sy.cz\/index.php\/postolci-sezony\/hnizdeni-postolek-vysledky-2\/","title":{"rendered":"Hn\u00edzd\u011bn\u00ed po\u0161tolek &#8211; v\u00fdsledky"},"content":{"rendered":"<h5>PO\u0160TOL\u010c\u00cd HN\u00cdZDO 2 &#8211; OKNO KUCHYN\u011a<\/h5>\n\n<table id=\"tablepress-25\" class=\"tablepress tablepress-id-25 tablepress-responsive\">\n<thead>\n<tr class=\"row-1\">\n\t<th class=\"column-1\">Rok<br \/>\nYear<\/th><th class=\"column-2\">Vejce<br \/>\nEggs<br \/>\n-<br \/>\nPrvn\u00ed<br \/>\nFirst<\/th><th class=\"column-3\">Vejce<br \/>\nEggs<\/th><th class=\"column-4\">Vyl\u00edhnuto<br \/>\nHatched<\/th><th class=\"column-5\">Vylet\u011blo<br \/>\nFledged<\/th><th class=\"column-6\">Krou\u017ekov\u00e1no<br \/>\nRinged<\/th><th class=\"column-7\">Vejce<br \/>\nEggs<br \/>\n-<br \/>\nPosledn\u00ed<br \/>\nLast<\/th><th class=\"column-8\">Vyl\u00edhnuto<br \/>\nHatched<br \/>\n-<br \/>\nPrvn\u00ed<br \/>\nFirst<\/th><th class=\"column-9\">Vyl\u00edhnuto<br \/>\nHatched<br \/>\n-<br \/>\nPosledn\u00ed<br \/>\nLast<\/th>\n<\/tr>\n<\/thead>\n<tbody class=\"row-striping row-hover\">\n<tr class=\"row-2\">\n\t<td class=\"column-1\"><a href=\"https:\/\/tinnunculus.sy-sy.cz\/index.php\/deniky\/2026-2\/\" rel=\"noopener\" target=\"_blank\">2026<\/a><\/td><td class=\"column-2\">05\/15<\/td><td class=\"column-3\">1<\/td><td class=\"column-4\">?<\/td><td class=\"column-5\">?<\/td><td class=\"column-6\">?<\/td><td class=\"column-7\">05\/15<\/td><td class=\"column-8\"><\/td><td class=\"column-9\"><\/td>\n<\/tr>\n<\/tbody>\n<tfoot>\n<tr class=\"row-3\">\n\t<th class=\"column-1\">Sum :<\/th><td class=\"column-2\"><\/td><th class=\"column-3\">1<\/th><th class=\"column-4\">0<\/th><th class=\"column-5\">0<\/th><th class=\"column-6\">0<\/th><td class=\"column-7\"><\/td><td class=\"column-8\"><\/td><td class=\"column-9\"><\/td>\n<\/tr>\n<\/tfoot>\n<\/table>\n<!-- #tablepress-25 from cache -->\n<ul>\n<li><a href=\"https:\/\/docs.google.com\/spreadsheets\/d\/1xjONdl1pv543PLV9Ubq0cllWvj2mcbl26LAHb4btqPI\/edit?usp=sharing\" target=\"_blank\" rel=\"noopener noreferrer\">Statistick\u00e9 kalend\u00e1rium (Google Sheets)<\/a><\/li>\n<li><a href=\"https:\/\/tinnunculus.sy-sy.cz\/index.php\/deniky\/\">Den\u00edky 2007\u2014?<\/a><\/li>\n<li><a href=\"https:\/\/tinnunculus.sy-sy.cz\/index.php\/historie-hnizda\/postolci-sezony\/\">Po\u0161tol\u010d\u00ed sez\u00f3ny<\/a><\/li>\n<\/ul>\n<h5><a href=\"https:\/\/tinnunculus.sy-sy.cz\/index.php\/postolci-sezony\/hnizdeni-postolek-vysledky\/\">PO\u0160TOL\u010c\u00cd HN\u00cdZDO 1 &#8211; LOD\u017dIE<\/a><\/h5>\n","protected":false},"excerpt":{"rendered":"<p>PO\u0160TOL\u010c\u00cd HN\u00cdZDO 2 &#8211; OKNO KUCHYN\u011a Statistick\u00e9 kalend\u00e1rium (Google Sheets) Den\u00edky 2007\u2014? Po\u0161tol\u010d\u00ed sez\u00f3ny PO\u0160TOL\u010c\u00cd HN\u00cdZDO 1 &#8211; LOD\u017dIE<\/p>\n","protected":false},"author":2,"featured_media":0,"parent":733,"menu_order":3,"comment_status":"closed","ping_status":"closed","template":"","meta":{"footnotes":""},"categories":[],"tags":[],"class_list":["post-50053","page","type-page","status-publish","hentry"],"jetpack_shortlink":"https:\/\/wp.me\/P91gKE-d1j","jetpack-related-posts":[{"id":1697,"url":"https:\/\/tinnunculus.sy-sy.cz\/index.php\/postolci-sezony\/historie-hnizda\/","url_meta":{"origin":50053,"position":0},"title":"Historie po\u0161tol\u010d\u00edho hn\u00edzda","author":"Zuzana Syrov\u00e1 An\u00fd\u017eov\u00e1","date":"08\/08\/2017","format":false,"excerpt":"Po\u0161tolky u n\u00e1s pravideln\u011b hn\u00edzd\u00ed od roku 2007.\u00a0 Vybraly si k tomu nejprve zastr\u010den\u00fd kout za starou sk\u0159\u00ed\u0148kou vystr\u010denou do lod\u017eie po po\u017e\u00e1ru.\u00a0 V\u00a0roce\u00a02016 byla po\u0161tol\u010d\u00ed hn\u00edzdn\u00ed sez\u00f3na dramaticky poznamen\u00e1na stavebn\u00edmi pracemi spojen\u00fdmi s tzv. revitalizac\u00ed, kter\u00e9 se prot\u00e1hly a\u017e do n\u00e1sleduj\u00edc\u00edho roku.\u00a0 I kdy\u017e v n\u00e1sleduj\u00edc\u00ed sez\u00f3n\u011b 2017 jevily\u2026","rel":"","context":"Podobn\u00fd p\u0159\u00edsp\u011bvek","block_context":{"text":"Podobn\u00fd p\u0159\u00edsp\u011bvek","link":""},"img":{"alt_text":"","src":"","width":0,"height":0},"classes":[]},{"id":37616,"url":"https:\/\/tinnunculus.sy-sy.cz\/index.php\/postolci-sezony\/hnizdeni-postolek-vysledky\/","url_meta":{"origin":50053,"position":1},"title":"Hn\u00edzd\u011bn\u00ed po\u0161tolek &#8211; v\u00fdsledky","author":"Zuzana Syrov\u00e1 An\u00fd\u017eov\u00e1","date":"16\/08\/2024","format":false,"excerpt":"Po\u0161tol\u010d\u00ed hn\u00edzdo 1 - Lod\u017eie Statistick\u00e9 kalend\u00e1rium (Google Sheets) Den\u00edky 2007\u2014? Po\u0161tol\u010d\u00ed sez\u00f3ny PO\u0160TOL\u010c\u00cd HN\u00cdZDO 2 - OKNO KUCHYN\u011a","rel":"","context":"Podobn\u00fd p\u0159\u00edsp\u011bvek","block_context":{"text":"Podobn\u00fd p\u0159\u00edsp\u011bvek","link":""},"img":{"alt_text":"","src":"","width":0,"height":0},"classes":[]},{"id":20428,"url":"https:\/\/tinnunculus.sy-sy.cz\/index.php\/v-primem-prenosu-odjinud\/falco-tinnunculus-online\/webkamery-z-hnizd\/vyber-z-cizich-hnizd-2023\/","url_meta":{"origin":50053,"position":2},"title":"V\u00fdb\u011br z&nbsp;&#8222;ciz\u00edch&#8220; hn\u00edzd 2023","author":"Zuzana Syrov\u00e1 An\u00fd\u017eov\u00e1","date":"02\/01\/2023","format":false,"excerpt":"V\u00fdb\u011br zahrnuje report\u00e1\u017ee a p\u0159enosy z hn\u00edzd po\u0161tolky obecn\u00e9, v nich\u017e bylo v\u00a0 roce 2023 zaznamen\u00e1no snesen\u00ed alespo\u0148 jednoho vejce. \u00a0 2023 \u00a6 2022 \u00a6 2021 \u00a6 2020 \u00a6 2019 \u00a6 2018 \u00a6 2017 \u00a6 2016 \u00a6 2015 \u00a6 2014 \u00a6 2013 \u00a6 2012 \u00a6 2011 \u00a6 2010 \u00a6 2009\u2026","rel":"","context":"Podobn\u00fd p\u0159\u00edsp\u011bvek","block_context":{"text":"Podobn\u00fd p\u0159\u00edsp\u011bvek","link":""},"img":{"alt_text":"","src":"","width":0,"height":0},"classes":[]},{"id":33489,"url":"https:\/\/tinnunculus.sy-sy.cz\/index.php\/v-primem-prenosu-odjinud\/falco-tinnunculus-online\/webkamery-z-hnizd\/vyber-z-cizich-hnizd-2024\/","url_meta":{"origin":50053,"position":3},"title":"V\u00fdb\u011br z&nbsp;&#8222;ciz\u00edch&#8220; hn\u00edzd 2024","author":"Zuzana Syrov\u00e1 An\u00fd\u017eov\u00e1","date":"18\/03\/2024","format":false,"excerpt":"V\u00fdb\u011br zahrnuje report\u00e1\u017ee a p\u0159enosy z hn\u00edzd po\u0161tolky obecn\u00e9, v nich\u017e bylo v\u00a0 roce 2024 zaznamen\u00e1no snesen\u00ed alespo\u0148 jednoho vejce. \u00a0 2024 \u00a6 2023 \u00a62022 \u00a6 2021 \u00a6 2020 \u00a6 2019 \u00a6 2018 \u00a6 2017 \u00a6 2016 \u00a6 2015 \u00a6 2014 \u00a6 2013 \u00a6 2012 \u00a6 2011 \u00a6 2010 \u00a6\u2026","rel":"","context":"Podobn\u00fd p\u0159\u00edsp\u011bvek","block_context":{"text":"Podobn\u00fd p\u0159\u00edsp\u011bvek","link":""},"img":{"alt_text":"","src":"","width":0,"height":0},"classes":[]},{"id":11706,"url":"https:\/\/tinnunculus.sy-sy.cz\/index.php\/v-primem-prenosu-odjinud\/falco-tinnunculus-online\/webkamery-z-hnizd\/vyber-z-cizich-hnizd-2020\/","url_meta":{"origin":50053,"position":4},"title":"V\u00fdb\u011br z&nbsp;&#8222;ciz\u00edch&#8220; hn\u00edzd 2020","author":"Zuzana Syrov\u00e1 An\u00fd\u017eov\u00e1","date":"21\/03\/2020","format":false,"excerpt":"V\u00fdb\u011br zahrnuje report\u00e1\u017ee a p\u0159enosy z hn\u00edzd po\u0161tolky obecn\u00e9, v nich\u017e bylo v\u00a0 roce 2020 zaznamen\u00e1no snesen\u00ed alespo\u0148 jednoho vejce. \u00a0 2020 \u00a6 2019 \u00a6 2018 \u00a6 2017 \u00a6 2016 \u00a6 2015 \u00a6 2014 \u00a6 2013 \u00a6 2012 \u00a6 2011 \u00a6 2010 \u00a6 2009 \u00a6 2008 \u00a6 2007 \u00a6 2006\u2026","rel":"","context":"Podobn\u00fd p\u0159\u00edsp\u011bvek","block_context":{"text":"Podobn\u00fd p\u0159\u00edsp\u011bvek","link":""},"img":{"alt_text":"","src":"","width":0,"height":0},"classes":[]},{"id":14580,"url":"https:\/\/tinnunculus.sy-sy.cz\/index.php\/v-primem-prenosu-odjinud\/falco-tinnunculus-online\/webkamery-z-hnizd\/vyber-z-cizich-hnizd-2021\/","url_meta":{"origin":50053,"position":5},"title":"V\u00fdb\u011br z&nbsp;&#8222;ciz\u00edch&#8220; hn\u00edzd 2021","author":"Zuzana Syrov\u00e1 An\u00fd\u017eov\u00e1","date":"14\/01\/2021","format":false,"excerpt":"V\u00fdb\u011br zahrnuje report\u00e1\u017ee a p\u0159enosy z hn\u00edzd po\u0161tolky obecn\u00e9, v nich\u017e bylo v\u00a0 roce 2021 zaznamen\u00e1no snesen\u00ed alespo\u0148 jednoho vejce. \u00a0 2021 \u00a6 2020 \u00a6 2019 \u00a6 2018 \u00a6 2017 \u00a6 2016 \u00a6 2015 \u00a6 2014 \u00a6 2013 \u00a6 2012 \u00a6 2011 \u00a6 2010 \u00a6 2009 \u00a6 2008 \u00a6 2007\u2026","rel":"","context":"Podobn\u00fd p\u0159\u00edsp\u011bvek","block_context":{"text":"Podobn\u00fd p\u0159\u00edsp\u011bvek","link":""},"img":{"alt_text":"","src":"","width":0,"height":0},"classes":[]}],"jetpack_sharing_enabled":true,"_links":{"self":[{"href":"https:\/\/tinnunculus.sy-sy.cz\/index.php\/wp-json\/wp\/v2\/pages\/50053","targetHints":{"allow":["GET"]}}],"collection":[{"href":"https:\/\/tinnunculus.sy-sy.cz\/index.php\/wp-json\/wp\/v2\/pages"}],"about":[{"href":"https:\/\/tinnunculus.sy-sy.cz\/index.php\/wp-json\/wp\/v2\/types\/page"}],"author":[{"embeddable":true,"href":"https:\/\/tinnunculus.sy-sy.cz\/index.php\/wp-json\/wp\/v2\/users\/2"}],"replies":[{"embeddable":true,"href":"https:\/\/tinnunculus.sy-sy.cz\/index.php\/wp-json\/wp\/v2\/comments?post=50053"}],"version-history":[{"count":5,"href":"https:\/\/tinnunculus.sy-sy.cz\/index.php\/wp-json\/wp\/v2\/pages\/50053\/revisions"}],"predecessor-version":[{"id":50067,"href":"https:\/\/tinnunculus.sy-sy.cz\/index.php\/wp-json\/wp\/v2\/pages\/50053\/revisions\/50067"}],"up":[{"embeddable":true,"href":"https:\/\/tinnunculus.sy-sy.cz\/index.php\/wp-json\/wp\/v2\/pages\/733"}],"wp:attachment":[{"href":"https:\/\/tinnunculus.sy-sy.cz\/index.php\/wp-json\/wp\/v2\/media?parent=50053"}],"wp:term":[{"taxonomy":"category","embeddable":true,"href":"https:\/\/tinnunculus.sy-sy.cz\/index.php\/wp-json\/wp\/v2\/categories?post=50053"},{"taxonomy":"post_tag","embeddable":true,"href":"https:\/\/tinnunculus.sy-sy.cz\/index.php\/wp-json\/wp\/v2\/tags?post=50053"}],"curies":[{"name":"wp","href":"https:\/\/api.w.org\/{rel}","templated":true}]}}