{"id":47358,"date":"2026-03-23T00:10:06","date_gmt":"2026-03-22T23:10:06","guid":{"rendered":"https:\/\/tinnunculus.sy-sy.cz\/?page_id=47358"},"modified":"2026-03-31T16:36:58","modified_gmt":"2026-03-31T14:36:58","slug":"21-kitchen-window-kestrels","status":"publish","type":"page","link":"https:\/\/tinnunculus.sy-sy.cz\/index.php\/en\/online\/our-webcams\/camera-list\/camera-21\/21-kitchen-window-kestrels\/","title":{"rendered":"21 \u00a6 Kitchen window kestrels"},"content":{"rendered":"<div class=\"members-access-error\">\n<h5><img data-recalc-dims=\"1\" class=\"alignnone wp-image-47054 size-large\" src=\"https:\/\/i0.wp.com\/tinnunculus.sy-sy.cz\/wp-content\/uploads\/2026\/03\/0002748-scaled-e1774081078433-1024x577.jpg?resize=525%2C296&#038;ssl=1\" alt=\"\" width=\"525\" height=\"296\" \/><\/h5>\n<h5 style=\"text-align: right\"><span style=\"color: #999999\"><a href=\"https:\/\/tinnunculus.sy-sy.cz\/index.php\/en\/online\/our-webcams\/camera-list\/camera-21\/\">21<\/a><\/span><span style=\"color: #999999\">\u00a6<\/span><\/h5>\n<p>&nbsp;<\/p>\n<p>&nbsp;<\/p><\/div>\n","protected":false},"excerpt":{"rendered":"<div class=\"members-access-error\">\n<h5><img class=\"alignnone wp-image-47054 size-large\" src=\"https:\/\/tinnunculus.sy-sy.cz\/wp-content\/uploads\/2026\/03\/0002748-scaled-e1774081078433-1024x577.jpg\" alt=\"\" width=\"525\" height=\"296\" \/><\/h5>\n<h5 style=\"text-align: right\"><span style=\"color: #999999\"><a href=\"https:\/\/tinnunculus.sy-sy.cz\/index.php\/en\/online\/our-webcams\/camera-list\/camera-21\/\">21<\/a><\/span><span style=\"color: #999999\">\u00a6<\/span><\/h5>\n<p>&nbsp;<\/p>\n<p>&nbsp;<\/p><\/div>\n","protected":false},"author":2,"featured_media":0,"parent":47102,"menu_order":0,"comment_status":"closed","ping_status":"closed","template":"","meta":{"jetpack_post_was_ever_published":false,"footnotes":""},"categories":[1127,1163,1606,1159,1187,1151],"tags":[],"class_list":["post-47358","page","type-page","status-publish","hentry","category-our-kestrels-en","category-webcams","category-kestrels-from-our-kitchen-window","category-live-broadcast","category-online-from-our-balcony","category-tenants-and-visitors"],"jetpack_shortlink":"https:\/\/wp.me\/P91gKE-cjQ","jetpack-related-posts":[{"id":47102,"url":"https:\/\/tinnunculus.sy-sy.cz\/index.php\/en\/online\/our-webcams\/camera-list\/camera-21\/","url_meta":{"origin":47358,"position":0},"title":"Camera 21","author":"Zuzana Syrov\u00e1 An\u00fd\u017eov\u00e1","date":"21\/03\/2026","format":false,"excerpt":"0\u00a6\u00a01\u00a6\u00a02\u00a6\u00a03\u00a6\u00a04\u00a6\u00a05\u00a6\u00a06\u00a6\u00a07\u00a6\u00a08\u00a6\u00a09\u00a612\u00a6\u00a013\u00a6\u00a014\u00a6\u00a015\u00a6\u00a016\u00a6\u00a017\u00a6\u00a018\u00a6\u00a019\u00a6\u00a020\u00a6 10\u00a6\u00a0 11\u00a6 21\u00a6 \u00a0 \u2190 Our webcams \u2190 YouTube Live","rel":"","context":"V \u201e\"Our\" kestrels\u201c","block_context":{"text":"\"Our\" kestrels","link":"https:\/\/tinnunculus.sy-sy.cz\/index.php\/en\/category\/tenants-and-visitors\/our-kestrels-en\/"},"img":{"alt_text":"Camera 21","src":"https:\/\/sy-sy.cz\/cam\/webapi\/entry.cgi?api=SYNO.SurveillanceStation.Stream.VideoStreaming&version=1&method=Stream&format=mjpeg&cameraId=70&StmKey=%22ac0aa1938a31ee59376e7854dc7d885d%22","width":350,"height":200,"srcset":"https:\/\/sy-sy.cz\/cam\/webapi\/entry.cgi?api=SYNO.SurveillanceStation.Stream.VideoStreaming&version=1&method=Stream&format=mjpeg&cameraId=70&StmKey=%22ac0aa1938a31ee59376e7854dc7d885d%22 1x, https:\/\/sy-sy.cz\/cam\/webapi\/entry.cgi?api=SYNO.SurveillanceStation.Stream.VideoStreaming&version=1&method=Stream&format=mjpeg&cameraId=70&StmKey=%22ac0aa1938a31ee59376e7854dc7d885d%22 1.5x, https:\/\/sy-sy.cz\/cam\/webapi\/entry.cgi?api=SYNO.SurveillanceStation.Stream.VideoStreaming&version=1&method=Stream&format=mjpeg&cameraId=70&StmKey=%22ac0aa1938a31ee59376e7854dc7d885d%22 2x, https:\/\/sy-sy.cz\/cam\/webapi\/entry.cgi?api=SYNO.SurveillanceStation.Stream.VideoStreaming&version=1&method=Stream&format=mjpeg&cameraId=70&StmKey=%22ac0aa1938a31ee59376e7854dc7d885d%22 3x"},"classes":[]},{"id":9765,"url":"https:\/\/tinnunculus.sy-sy.cz\/index.php\/en\/introduction\/","url_meta":{"origin":47358,"position":1},"title":"Introduction","author":"Zuzana Syrov\u00e1 An\u00fd\u017eov\u00e1","date":"08\/12\/2019","format":false,"excerpt":"This site and blog or notebook is a follow-up to the older blog Of Mice and Kestrels, which we decided to launch back in 2014. It is dedicated mainly to kestrels, who decided to live with us under one roof on the balcony of our home office, and since 2007\u2026","rel":"","context":"Podobn\u00fd p\u0159\u00edsp\u011bvek","block_context":{"text":"Podobn\u00fd p\u0159\u00edsp\u011bvek","link":""},"img":{"alt_text":"Vlajka Spojen\u00e9ho kr\u00e1lovstv\u00ed","src":"https:\/\/i1.wp.com\/statni.vlajky.org\/32\/spojene_kralovstvi.png?resize=350%2C200","width":350,"height":200},"classes":[]},{"id":22500,"url":"https:\/\/tinnunculus.sy-sy.cz\/index.php\/en\/online\/our-webcams\/our-kestrels-webcams-outside-the-window\/","url_meta":{"origin":47358,"position":2},"title":"\u201cOur\u201d kestrels (web)cams: outside the window","author":"Zuzana Syrov\u00e1 An\u00fd\u017eov\u00e1","date":"08\/05\/2023","format":false,"excerpt":"\u00a0 You can scroll througit the of cameras. Click on the camera window to enlarge the preview. Click on its name to open the camera page. Camera groups: nest, perches, railing, outside the window, on the floor. You can also watch kestrels on the swift nestboxes. \u00a6 nest \u00a6 perches\u2026","rel":"","context":"V \u201e(Web) cameras\u201c","block_context":{"text":"(Web) cameras","link":"https:\/\/tinnunculus.sy-sy.cz\/index.php\/en\/category\/live-broadcast\/webcams\/"},"img":{"alt_text":"","src":"","width":0,"height":0},"classes":[]},{"id":22488,"url":"https:\/\/tinnunculus.sy-sy.cz\/index.php\/en\/online\/our-webcams\/our-kestrels-webcams-nest\/","url_meta":{"origin":47358,"position":3},"title":"\u201cOur\u201d kestrels (web)cams: nest","author":"Zuzana Syrov\u00e1 An\u00fd\u017eov\u00e1","date":"08\/05\/2023","format":false,"excerpt":"\u00a0 You can scroll througit the of cameras. Click on the camera window to enlarge the preview. Click on its name to open the camera page. Camera groups: nest, perches, railing, outside the window, on the floor. You can also watch kestrels on the swift nestboxes. \u00a6 nest \u00a6 perches\u2026","rel":"","context":"V \u201e(Web) cameras\u201c","block_context":{"text":"(Web) cameras","link":"https:\/\/tinnunculus.sy-sy.cz\/index.php\/en\/category\/live-broadcast\/webcams\/"},"img":{"alt_text":"","src":"","width":0,"height":0},"classes":[]},{"id":22492,"url":"https:\/\/tinnunculus.sy-sy.cz\/index.php\/en\/online\/our-webcams\/our-kestrels-webcams-perches\/","url_meta":{"origin":47358,"position":4},"title":"\u201cOur\u201d kestrels (web)cams: perches","author":"Zuzana Syrov\u00e1 An\u00fd\u017eov\u00e1","date":"08\/05\/2023","format":false,"excerpt":"\u00a0 You can scroll througit the of cameras. Click on the camera window to enlarge the preview. Click on its name to open the camera page. Camera groups: nest, perch, railing, outside the window, on the floor. You can also watch kestrels on the swift nestboxes. \u00a6 nest \u00a6 perches\u2026","rel":"","context":"V \u201e(Web) cameras\u201c","block_context":{"text":"(Web) cameras","link":"https:\/\/tinnunculus.sy-sy.cz\/index.php\/en\/category\/live-broadcast\/webcams\/"},"img":{"alt_text":"","src":"","width":0,"height":0},"classes":[]},{"id":22502,"url":"https:\/\/tinnunculus.sy-sy.cz\/index.php\/en\/online\/our-webcams\/our-kestrels-webcams-on-the-floor\/","url_meta":{"origin":47358,"position":5},"title":"\u201cOur\u201d kestrels (web)cams: on the floor","author":"Zuzana Syrov\u00e1 An\u00fd\u017eov\u00e1","date":"08\/05\/2023","format":false,"excerpt":"\u00a0 You can scroll througit the of cameras. Click on the camera window to enlarge the preview. Click on its name to open the camera page. Camera groups: nest, perches, railing, outside the window, on the floor. You can also watch kestrels on the swift nestboxes. \u00a6 nest \u00a6 perches\u2026","rel":"","context":"V \u201e(Web) cameras\u201c","block_context":{"text":"(Web) cameras","link":"https:\/\/tinnunculus.sy-sy.cz\/index.php\/en\/category\/live-broadcast\/webcams\/"},"img":{"alt_text":"","src":"","width":0,"height":0},"classes":[]}],"jetpack_sharing_enabled":true,"_links":{"self":[{"href":"https:\/\/tinnunculus.sy-sy.cz\/index.php\/wp-json\/wp\/v2\/pages\/47358","targetHints":{"allow":["GET"]}}],"collection":[{"href":"https:\/\/tinnunculus.sy-sy.cz\/index.php\/wp-json\/wp\/v2\/pages"}],"about":[{"href":"https:\/\/tinnunculus.sy-sy.cz\/index.php\/wp-json\/wp\/v2\/types\/page"}],"author":[{"embeddable":true,"href":"https:\/\/tinnunculus.sy-sy.cz\/index.php\/wp-json\/wp\/v2\/users\/2"}],"replies":[{"embeddable":true,"href":"https:\/\/tinnunculus.sy-sy.cz\/index.php\/wp-json\/wp\/v2\/comments?post=47358"}],"version-history":[{"count":5,"href":"https:\/\/tinnunculus.sy-sy.cz\/index.php\/wp-json\/wp\/v2\/pages\/47358\/revisions"}],"predecessor-version":[{"id":47995,"href":"https:\/\/tinnunculus.sy-sy.cz\/index.php\/wp-json\/wp\/v2\/pages\/47358\/revisions\/47995"}],"up":[{"embeddable":true,"href":"https:\/\/tinnunculus.sy-sy.cz\/index.php\/wp-json\/wp\/v2\/pages\/47102"}],"wp:attachment":[{"href":"https:\/\/tinnunculus.sy-sy.cz\/index.php\/wp-json\/wp\/v2\/media?parent=47358"}],"wp:term":[{"taxonomy":"category","embeddable":true,"href":"https:\/\/tinnunculus.sy-sy.cz\/index.php\/wp-json\/wp\/v2\/categories?post=47358"},{"taxonomy":"post_tag","embeddable":true,"href":"https:\/\/tinnunculus.sy-sy.cz\/index.php\/wp-json\/wp\/v2\/tags?post=47358"}],"curies":[{"name":"wp","href":"https:\/\/api.w.org\/{rel}","templated":true}]}}