{"id":46974,"date":"2026-03-17T17:50:47","date_gmt":"2026-03-17T16:50:47","guid":{"rendered":"https:\/\/tinnunculus.sy-sy.cz\/?page_id=46974"},"modified":"2026-03-21T19:48:26","modified_gmt":"2026-03-21T18:48:26","slug":"kamera-6a","status":"publish","type":"page","link":"https:\/\/tinnunculus.sy-sy.cz\/index.php\/v-primem-prenosu\/nase-kamery\/seznam-kamer\/kamera-6\/kamera-6a\/","title":{"rendered":"Kamera 6a"},"content":{"rendered":"<div class=\"members-access-error\">\n<h5 style=\"text-align: right\"><a href=\"https:\/\/tinnunculus.sy-sy.cz\/index.php\/nase-kamery\/kamera-0\/\">0<\/a>\u00a6\u00a0<a href=\"https:\/\/tinnunculus.sy-sy.cz\/index.php\/nase-kamery\/kamera-1\/\">1<\/a>\u00a6\u00a0<a href=\"https:\/\/tinnunculus.sy-sy.cz\/index.php\/nase-kamery\/kamera-2\/\">2<\/a>\u00a6\u00a0<a href=\"https:\/\/tinnunculus.sy-sy.cz\/index.php\/nase-kamery\/kamera-3\/\">3<\/a>\u00a6\u00a0<a href=\"https:\/\/tinnunculus.sy-sy.cz\/index.php\/nase-kamery\/kamera-4\/\">4<\/a>\u00a6\u00a0<a href=\"https:\/\/tinnunculus.sy-sy.cz\/index.php\/nase-kamery\/kamera-5\/\">5<\/a>\u00a6\u00a0<a href=\"https:\/\/tinnunculus.sy-sy.cz\/index.php\/nase-kamery\/kamera-6\/\">6<\/a>\u00a6\u00a0<a href=\"https:\/\/tinnunculus.sy-sy.cz\/index.php\/nase-kamery\/kamera-7\/\">7<\/a>\u00a6\u00a0<a href=\"https:\/\/tinnunculus.sy-sy.cz\/index.php\/nase-kamery\/kamera-8\/\">8<\/a>\u00a6\u00a0<a href=\"https:\/\/tinnunculus.sy-sy.cz\/index.php\/nase-kamery\/kamera-9\/\">9<\/a>\u00a6\u00a0<a href=\"https:\/\/tinnunculus.sy-sy.cz\/index.php\/nase-kamery\/kamera-12\/\">12<\/a>\u00a6\u00a0<a href=\"https:\/\/tinnunculus.sy-sy.cz\/index.php\/kamera-13\/\">13<\/a>\u00a6\u00a0<a href=\"https:\/\/tinnunculus.sy-sy.cz\/index.php\/kamera-14\/\">14<\/a>\u00a6\u00a0<a href=\"https:\/\/tinnunculus.sy-sy.cz\/index.php\/nase-kamery\/kamera-15\/\">15<\/a>\u00a6\u00a0<a href=\"https:\/\/tinnunculus.sy-sy.cz\/index.php\/nase-kamery\/kamera-16\/\">16<\/a>\u00a6\u00a0<a href=\"https:\/\/tinnunculus.sy-sy.cz\/index.php\/nase-kamery\/kamera-17\/\">17<\/a>\u00a6\u00a0<a href=\"https:\/\/tinnunculus.sy-sy.cz\/index.php\/kamera-18\/\">18<\/a>\u00a6\u00a0<a href=\"https:\/\/tinnunculus.sy-sy.cz\/index.php\/nase-kamery\/kamera-19\/\">19<\/a>\u00a6\u00a0<a href=\"https:\/\/tinnunculus.sy-sy.cz\/index.php\/nase-kamery\/kamera-20\/\">20<\/a>\u00a6<br \/>\n<a href=\"https:\/\/tinnunculus.sy-sy.cz\/index.php\/nase-kamery\/kamera-10\/\">10<\/a>\u00a6\u00a0\u00a0<a href=\"https:\/\/tinnunculus.sy-sy.cz\/index.php\/nase-kamery\/kamera-11\/\">11<\/a>\u00a6<br \/>\n<a href=\"https:\/\/tinnunculus.sy-sy.cz\/index.php\/v-primem-prenosu\/nase-kamery\/seznam-kamer\/kamera-21\/\">21<\/a>\u00a6<\/h5>\n<h5 style=\"text-align: right\"><a href=\"https:\/\/tinnunculus.sy-sy.cz\/index.php\/v-primem-prenosu\/nase-kamery\/seznam-kamer\/kamera-6\/\">KAMERA 6<\/a> \u00a6 <a href=\"https:\/\/tinnunculus.sy-sy.cz\/index.php\/v-primem-prenosu\/nase-kamery\/seznam-kamer\/kamera-6\/kamera-6a\/\">KAMERA 6A<\/a><\/h5>\n<p>&nbsp;<\/p>\n<p style=\"text-align: right\">\u2190 <a href=\"https:\/\/tinnunculus.sy-sy.cz\/index.php\/v-primem-prenosu\/\">V p\u0159\u00edm\u00e9m p\u0159enosu z na\u0161\u00ed lod\u017eie<\/a><br \/>\n\u2190 <a href=\"https:\/\/tinnunculus.sy-sy.cz\/index.php\/nase-kamery\/\">Na\u0161e kamery<\/a> \u00a6 <a href=\"https:\/\/tinnunculus.sy-sy.cz\/index.php\/our-webcams\/\">Our webcams<\/a><br \/>\n\u2190 \u00a0<a href=\"https:\/\/tinnunculus.sy-sy.cz\/index.php\/nase-kamery\/zive-vysilani-youtube\/\" target=\"_blank\" rel=\"noopener\">YouTube Live<\/a><\/p>\n<\/div>\n","protected":false},"excerpt":{"rendered":"<div class=\"members-access-error\">\n<h5 style=\"text-align: right\"><a href=\"https:\/\/tinnunculus.sy-sy.cz\/index.php\/nase-kamery\/kamera-0\/\">0<\/a>\u00a6\u00a0<a href=\"https:\/\/tinnunculus.sy-sy.cz\/index.php\/nase-kamery\/kamera-1\/\">1<\/a>\u00a6\u00a0<a href=\"https:\/\/tinnunculus.sy-sy.cz\/index.php\/nase-kamery\/kamera-2\/\">2<\/a>\u00a6\u00a0<a href=\"https:\/\/tinnunculus.sy-sy.cz\/index.php\/nase-kamery\/kamera-3\/\">3<\/a>\u00a6\u00a0<a href=\"https:\/\/tinnunculus.sy-sy.cz\/index.php\/nase-kamery\/kamera-4\/\">4<\/a>\u00a6\u00a0<a href=\"https:\/\/tinnunculus.sy-sy.cz\/index.php\/nase-kamery\/kamera-5\/\">5<\/a>\u00a6\u00a0<a href=\"https:\/\/tinnunculus.sy-sy.cz\/index.php\/nase-kamery\/kamera-6\/\">6<\/a>\u00a6\u00a0<a href=\"https:\/\/tinnunculus.sy-sy.cz\/index.php\/nase-kamery\/kamera-7\/\">7<\/a>\u00a6\u00a0<a href=\"https:\/\/tinnunculus.sy-sy.cz\/index.php\/nase-kamery\/kamera-8\/\">8<\/a>\u00a6\u00a0<a href=\"https:\/\/tinnunculus.sy-sy.cz\/index.php\/nase-kamery\/kamera-9\/\">9<\/a>\u00a6\u00a0<a href=\"https:\/\/tinnunculus.sy-sy.cz\/index.php\/nase-kamery\/kamera-12\/\">12<\/a>\u00a6\u00a0<a href=\"https:\/\/tinnunculus.sy-sy.cz\/index.php\/kamera-13\/\">13<\/a>\u00a6\u00a0<a href=\"https:\/\/tinnunculus.sy-sy.cz\/index.php\/kamera-14\/\">14<\/a>\u00a6\u00a0<a href=\"https:\/\/tinnunculus.sy-sy.cz\/index.php\/nase-kamery\/kamera-15\/\">15<\/a>\u00a6\u00a0<a href=\"https:\/\/tinnunculus.sy-sy.cz\/index.php\/nase-kamery\/kamera-16\/\">16<\/a>\u00a6\u00a0<a href=\"https:\/\/tinnunculus.sy-sy.cz\/index.php\/nase-kamery\/kamera-17\/\">17<\/a>\u00a6\u00a0<a href=\"https:\/\/tinnunculus.sy-sy.cz\/index.php\/kamera-18\/\">18<\/a>\u00a6\u00a0<a href=\"https:\/\/tinnunculus.sy-sy.cz\/index.php\/nase-kamery\/kamera-19\/\">19<\/a>\u00a6\u00a0<a href=\"https:\/\/tinnunculus.sy-sy.cz\/index.php\/nase-kamery\/kamera-20\/\">20<\/a>\u00a6<br \/>\n<a href=\"https:\/\/tinnunculus.sy-sy.cz\/index.php\/nase-kamery\/kamera-10\/\">10<\/a>\u00a6\u00a0\u00a0<a href=\"https:\/\/tinnunculus.sy-sy.cz\/index.php\/nase-kamery\/kamera-11\/\">11<\/a>\u00a6<br \/>\n<a href=\"https:\/\/tinnunculus.sy-sy.cz\/index.php\/v-primem-prenosu\/nase-kamery\/seznam-kamer\/kamera-21\/\">21<\/a>\u00a6<\/h5>\n<h5 style=\"text-align: right\"><a href=\"https:\/\/tinnunculus.sy-sy.cz\/index.php\/v-primem-prenosu\/nase-kamery\/seznam-kamer\/kamera-6\/\">KAMERA 6<\/a> \u00a6 <a href=\"https:\/\/tinnunculus.sy-sy.cz\/index.php\/v-primem-prenosu\/nase-kamery\/seznam-kamer\/kamera-6\/kamera-6a\/\">KAMERA 6A<\/a><\/h5>\n<p>&nbsp;<\/p>\n<p style=\"text-align: right\">\u2190 <a href=\"https:\/\/tinnunculus.sy-sy.cz\/index.php\/v-primem-prenosu\/\">V p\u0159\u00edm\u00e9m p\u0159enosu z na\u0161\u00ed lod\u017eie<\/a><br \/>\n\u2190 <a href=\"https:\/\/tinnunculus.sy-sy.cz\/index.php\/nase-kamery\/\">Na\u0161e kamery<\/a> \u00a6 <a href=\"https:\/\/tinnunculus.sy-sy.cz\/index.php\/our-webcams\/\">Our webcams<\/a><br \/>\n\u2190 \u00a0<a href=\"https:\/\/tinnunculus.sy-sy.cz\/index.php\/nase-kamery\/zive-vysilani-youtube\/\" target=\"_blank\" rel=\"noopener\">YouTube Live<\/a><\/p>\n<\/div>\n","protected":false},"author":2,"featured_media":0,"parent":5043,"menu_order":0,"comment_status":"closed","ping_status":"closed","template":"","meta":{"jetpack_post_was_ever_published":false,"footnotes":""},"categories":[147,118,116,149,1596,114],"tags":[],"class_list":["post-46974","page","type-page","status-publish","hentry","category-nase-postolky","category-kamery","category-nasi","category-z-nasi-lodzie","category-postolky-z-nasi-lodzie","category-zivy-prenos"],"jetpack_shortlink":"https:\/\/wp.me\/P91gKE-cdE","jetpack-related-posts":[{"id":43102,"url":"https:\/\/tinnunculus.sy-sy.cz\/index.php\/v-primem-prenosu\/nase-kamery\/seznam-kamer\/kamera-10\/kamera-10a\/","url_meta":{"origin":46974,"position":0},"title":"Kamera 10a","author":"Zuzana Syrov\u00e1 An\u00fd\u017eov\u00e1","date":"12\/07\/2025","format":false,"excerpt":"0\u00a6\u00a01\u00a6\u00a02\u00a6\u00a03\u00a6\u00a04\u00a6\u00a05\u00a6\u00a06\u00a6\u00a07\u00a6\u00a08\u00a6\u00a09\u00a6\u00a012\u00a6\u00a013\u00a6\u00a014\u00a6\u00a015\u00a6\u00a016\u00a6\u00a017\u00a6\u00a018\u00a6\u00a019\u00a6\u00a020\u00a6 10\u00a6\u00a0\u00a011\u00a6 21\u00a6 KAMERA 10 \u00a6 KAMERA 10A \u00a0 \u2190 V p\u0159\u00edm\u00e9m p\u0159enosu z na\u0161\u00ed lod\u017eie \u2190 Na\u0161e kamery \u00a6 Our webcams \u2190 \u00a0YouTube Live","rel":"","context":"V \u201e\"Na\u0161e\" po\u0161tolky\u201c","block_context":{"text":"\"Na\u0161e\" po\u0161tolky","link":"https:\/\/tinnunculus.sy-sy.cz\/index.php\/category\/nasi\/nase-postolky\/"},"img":{"alt_text":"Camera 4","src":"https:\/\/sy-sy.cz\/cam\/webapi\/entry.cgi?api=SYNO.SurveillanceStation.Stream.VideoStreaming&version=1&method=Stream&format=mjpeg&cameraId=66&StmKey=%22a3020304e0596f25f91b755831413792%22","width":350,"height":200,"srcset":"https:\/\/sy-sy.cz\/cam\/webapi\/entry.cgi?api=SYNO.SurveillanceStation.Stream.VideoStreaming&version=1&method=Stream&format=mjpeg&cameraId=66&StmKey=%22a3020304e0596f25f91b755831413792%22 1x, https:\/\/sy-sy.cz\/cam\/webapi\/entry.cgi?api=SYNO.SurveillanceStation.Stream.VideoStreaming&version=1&method=Stream&format=mjpeg&cameraId=66&StmKey=%22a3020304e0596f25f91b755831413792%22 1.5x, https:\/\/sy-sy.cz\/cam\/webapi\/entry.cgi?api=SYNO.SurveillanceStation.Stream.VideoStreaming&version=1&method=Stream&format=mjpeg&cameraId=66&StmKey=%22a3020304e0596f25f91b755831413792%22 2x, https:\/\/sy-sy.cz\/cam\/webapi\/entry.cgi?api=SYNO.SurveillanceStation.Stream.VideoStreaming&version=1&method=Stream&format=mjpeg&cameraId=66&StmKey=%22a3020304e0596f25f91b755831413792%22 3x"},"classes":[]},{"id":28825,"url":"https:\/\/tinnunculus.sy-sy.cz\/index.php\/v-primem-prenosu\/nase-kamery\/seznam-kamer\/kamera-11\/kamera-11a\/","url_meta":{"origin":46974,"position":1},"title":"Kamera 11a","author":"Zuzana Syrov\u00e1 An\u00fd\u017eov\u00e1","date":"20\/12\/2023","format":false,"excerpt":"0\u00a6\u00a01\u00a6\u00a02\u00a6\u00a03\u00a6\u00a04\u00a6\u00a05\u00a6\u00a06\u00a6\u00a07\u00a6\u00a08\u00a6\u00a09\u00a6\u00a012\u00a6\u00a013\u00a6\u00a014\u00a6\u00a015\u00a6\u00a016\u00a6\u00a017\u00a6\u00a018\u00a6\u00a019\u00a6\u00a020\u00a6 10\u00a6\u00a0\u00a011\u00a6 21\u00a6 \u00a0 \u2190 V p\u0159\u00edm\u00e9m p\u0159enosu z na\u0161\u00ed lod\u017eie \u2190 Na\u0161e kamery \u00a6 Our webcams","rel":"","context":"V \u201e\"Na\u0161e\" po\u0161tolky\u201c","block_context":{"text":"\"Na\u0161e\" po\u0161tolky","link":"https:\/\/tinnunculus.sy-sy.cz\/index.php\/category\/nasi\/nase-postolky\/"},"img":{"alt_text":"Camera 11a","src":"https:\/\/sy-sy.cz\/cam\/webapi\/entry.cgi?api=SYNO.SurveillanceStation.Stream.VideoStreaming&version=1&method=Stream&format=mjpeg&cameraId=17&StmKey=%2262be517abb99fed6a6e1ab663b123c95%22","width":350,"height":200,"srcset":"https:\/\/sy-sy.cz\/cam\/webapi\/entry.cgi?api=SYNO.SurveillanceStation.Stream.VideoStreaming&version=1&method=Stream&format=mjpeg&cameraId=17&StmKey=%2262be517abb99fed6a6e1ab663b123c95%22 1x, https:\/\/sy-sy.cz\/cam\/webapi\/entry.cgi?api=SYNO.SurveillanceStation.Stream.VideoStreaming&version=1&method=Stream&format=mjpeg&cameraId=17&StmKey=%2262be517abb99fed6a6e1ab663b123c95%22 1.5x, https:\/\/sy-sy.cz\/cam\/webapi\/entry.cgi?api=SYNO.SurveillanceStation.Stream.VideoStreaming&version=1&method=Stream&format=mjpeg&cameraId=17&StmKey=%2262be517abb99fed6a6e1ab663b123c95%22 2x"},"classes":[]},{"id":9280,"url":"https:\/\/tinnunculus.sy-sy.cz\/index.php\/v-primem-prenosu\/nase-kamery\/seznam-kamer\/kamera-10\/","url_meta":{"origin":46974,"position":2},"title":"Kamera 10","author":"Zuzana Syrov\u00e1 An\u00fd\u017eov\u00e1","date":"11\/09\/2019","format":false,"excerpt":"0\u00a6\u00a01\u00a6\u00a02\u00a6\u00a03\u00a6\u00a04\u00a6\u00a05\u00a6\u00a06\u00a6\u00a07\u00a6\u00a08\u00a6\u00a09\u00a6\u00a012\u00a6\u00a013\u00a6\u00a014\u00a6\u00a015\u00a6\u00a016\u00a6\u00a017\u00a6\u00a018\u00a6\u00a019\u00a6\u00a020\u00a6 10\u00a6\u00a0\u00a011\u00a6 21\u00a6 KAMERA 10 \u00a6 KAMERA 10A \u00a0 \u2190 V p\u0159\u00edm\u00e9m p\u0159enosu z na\u0161\u00ed lod\u017eie \u2190 Na\u0161e kamery \u00a6 Our webcams \u2190 \u00a0YouTube Live","rel":"","context":"V \u201e\"Na\u0161e\" po\u0161tolky\u201c","block_context":{"text":"\"Na\u0161e\" po\u0161tolky","link":"https:\/\/tinnunculus.sy-sy.cz\/index.php\/category\/nasi\/nase-postolky\/"},"img":{"alt_text":"Camera 10","src":"https:\/\/sy-sy.cz\/cam\/webapi\/entry.cgi?api=SYNO.SurveillanceStation.Stream.VideoStreaming&version=1&method=Stream&format=mjpeg&cameraId=68&StmKey=%223b0e33926c7c75440d585f053d8e3021%22","width":350,"height":200,"srcset":"https:\/\/sy-sy.cz\/cam\/webapi\/entry.cgi?api=SYNO.SurveillanceStation.Stream.VideoStreaming&version=1&method=Stream&format=mjpeg&cameraId=68&StmKey=%223b0e33926c7c75440d585f053d8e3021%22 1x, https:\/\/sy-sy.cz\/cam\/webapi\/entry.cgi?api=SYNO.SurveillanceStation.Stream.VideoStreaming&version=1&method=Stream&format=mjpeg&cameraId=68&StmKey=%223b0e33926c7c75440d585f053d8e3021%22 1.5x, https:\/\/sy-sy.cz\/cam\/webapi\/entry.cgi?api=SYNO.SurveillanceStation.Stream.VideoStreaming&version=1&method=Stream&format=mjpeg&cameraId=68&StmKey=%223b0e33926c7c75440d585f053d8e3021%22 2x"},"classes":[]},{"id":5043,"url":"https:\/\/tinnunculus.sy-sy.cz\/index.php\/v-primem-prenosu\/nase-kamery\/seznam-kamer\/kamera-6\/","url_meta":{"origin":46974,"position":3},"title":"Kamera 6","author":"Zuzana Syrov\u00e1 An\u00fd\u017eov\u00e1","date":"04\/05\/2018","format":false,"excerpt":"0\u00a6\u00a01\u00a6\u00a02\u00a6\u00a03\u00a6\u00a04\u00a6\u00a05\u00a6\u00a06\u00a6\u00a07\u00a6\u00a08\u00a6\u00a09\u00a6\u00a012\u00a6\u00a013\u00a6\u00a014\u00a6\u00a015\u00a6\u00a016\u00a6\u00a017\u00a6\u00a018\u00a6\u00a019\u00a6\u00a020\u00a6 10\u00a6\u00a0\u00a011\u00a6 21\u00a6 \u2190 V p\u0159\u00edm\u00e9m p\u0159enosu z na\u0161\u00ed lod\u017eie \u2190 Na\u0161e kamery \u00a6 Our webcams","rel":"","context":"V \u201e\"Na\u0161e\" po\u0161tolky\u201c","block_context":{"text":"\"Na\u0161e\" po\u0161tolky","link":"https:\/\/tinnunculus.sy-sy.cz\/index.php\/category\/nasi\/nase-postolky\/"},"img":{"alt_text":"Camera 6","src":"https:\/\/sy-sy.cz\/cam\/webapi\/entry.cgi?api=SYNO.SurveillanceStation.Stream.VideoStreaming&version=1&method=Stream&format=mjpeg&cameraId=18&StmKey=%22752a839c0eeb8fd2ca73a95c3f5f76c2%22","width":350,"height":200,"srcset":"https:\/\/sy-sy.cz\/cam\/webapi\/entry.cgi?api=SYNO.SurveillanceStation.Stream.VideoStreaming&version=1&method=Stream&format=mjpeg&cameraId=18&StmKey=%22752a839c0eeb8fd2ca73a95c3f5f76c2%22 1x, https:\/\/sy-sy.cz\/cam\/webapi\/entry.cgi?api=SYNO.SurveillanceStation.Stream.VideoStreaming&version=1&method=Stream&format=mjpeg&cameraId=18&StmKey=%22752a839c0eeb8fd2ca73a95c3f5f76c2%22 1.5x"},"classes":[]},{"id":5047,"url":"https:\/\/tinnunculus.sy-sy.cz\/index.php\/v-primem-prenosu\/nase-kamery\/seznam-kamer\/kamera-8\/","url_meta":{"origin":46974,"position":4},"title":"Kamera 8","author":"Zuzana Syrov\u00e1 An\u00fd\u017eov\u00e1","date":"04\/05\/2018","format":false,"excerpt":"0\u00a6\u00a01\u00a6\u00a02\u00a6\u00a03\u00a6\u00a04\u00a6\u00a05\u00a6\u00a06\u00a6\u00a07\u00a6\u00a08\u00a6\u00a09\u00a6\u00a012\u00a6\u00a013\u00a6\u00a014\u00a6\u00a015\u00a6\u00a016\u00a6\u00a017\u00a6\u00a018\u00a6\u00a019\u00a6\u00a020\u00a6 10\u00a6\u00a0\u00a011\u00a6 21\u00a6 \u00a0 \u2190 V p\u0159\u00edm\u00e9m p\u0159enosu z na\u0161\u00ed lod\u017eie \u2190 Na\u0161e kamery \u00a6 Our webcams","rel":"","context":"V \u201e\"Na\u0161e\" po\u0161tolky\u201c","block_context":{"text":"\"Na\u0161e\" po\u0161tolky","link":"https:\/\/tinnunculus.sy-sy.cz\/index.php\/category\/nasi\/nase-postolky\/"},"img":{"alt_text":"Camera 8","src":"https:\/\/sy-sy.cz\/cam\/webapi\/entry.cgi?api=SYNO.SurveillanceStation.Stream.VideoStreaming&version=1&method=Stream&format=mjpeg&cameraId=19&StmKey=%2205af68c3d89ab413f24d56758e6d64c3%22","width":350,"height":200,"srcset":"https:\/\/sy-sy.cz\/cam\/webapi\/entry.cgi?api=SYNO.SurveillanceStation.Stream.VideoStreaming&version=1&method=Stream&format=mjpeg&cameraId=19&StmKey=%2205af68c3d89ab413f24d56758e6d64c3%22 1x, https:\/\/sy-sy.cz\/cam\/webapi\/entry.cgi?api=SYNO.SurveillanceStation.Stream.VideoStreaming&version=1&method=Stream&format=mjpeg&cameraId=19&StmKey=%2205af68c3d89ab413f24d56758e6d64c3%22 1.5x"},"classes":[]},{"id":11686,"url":"https:\/\/tinnunculus.sy-sy.cz\/index.php\/v-primem-prenosu\/nase-kamery\/seznam-kamer\/kamera-11\/","url_meta":{"origin":46974,"position":5},"title":"Kamera 11","author":"Zuzana Syrov\u00e1 An\u00fd\u017eov\u00e1","date":"19\/03\/2020","format":false,"excerpt":"0\u00a6\u00a01\u00a6\u00a02\u00a6\u00a03\u00a6\u00a04\u00a6\u00a05\u00a6\u00a06\u00a6\u00a07\u00a6\u00a08\u00a6\u00a09\u00a6\u00a012\u00a6\u00a013\u00a6\u00a014\u00a6\u00a015\u00a6\u00a016\u00a6\u00a017\u00a6\u00a018\u00a6\u00a019\u00a6\u00a020\u00a6 10\u00a6\u00a0\u00a011\u00a6 21\u00a6 \u00a0 \u2190 V p\u0159\u00edm\u00e9m p\u0159enosu z na\u0161\u00ed lod\u017eie \u2190 Na\u0161e kamery \u00a6 Our webcams","rel":"","context":"V \u201e\"Na\u0161e\" po\u0161tolky\u201c","block_context":{"text":"\"Na\u0161e\" po\u0161tolky","link":"https:\/\/tinnunculus.sy-sy.cz\/index.php\/category\/nasi\/nase-postolky\/"},"img":{"alt_text":"Camera 11","src":"https:\/\/sy-sy.cz\/cam\/webapi\/entry.cgi?api=SYNO.SurveillanceStation.Stream.VideoStreaming&version=1&method=Stream&format=mjpeg&cameraId=15&StmKey=%221e8c7aaae0f8b26af37d5c517fb1951e%22","width":350,"height":200,"srcset":"https:\/\/sy-sy.cz\/cam\/webapi\/entry.cgi?api=SYNO.SurveillanceStation.Stream.VideoStreaming&version=1&method=Stream&format=mjpeg&cameraId=15&StmKey=%221e8c7aaae0f8b26af37d5c517fb1951e%22 1x, https:\/\/sy-sy.cz\/cam\/webapi\/entry.cgi?api=SYNO.SurveillanceStation.Stream.VideoStreaming&version=1&method=Stream&format=mjpeg&cameraId=15&StmKey=%221e8c7aaae0f8b26af37d5c517fb1951e%22 1.5x"},"classes":[]}],"jetpack_sharing_enabled":true,"_links":{"self":[{"href":"https:\/\/tinnunculus.sy-sy.cz\/index.php\/wp-json\/wp\/v2\/pages\/46974","targetHints":{"allow":["GET"]}}],"collection":[{"href":"https:\/\/tinnunculus.sy-sy.cz\/index.php\/wp-json\/wp\/v2\/pages"}],"about":[{"href":"https:\/\/tinnunculus.sy-sy.cz\/index.php\/wp-json\/wp\/v2\/types\/page"}],"author":[{"embeddable":true,"href":"https:\/\/tinnunculus.sy-sy.cz\/index.php\/wp-json\/wp\/v2\/users\/2"}],"replies":[{"embeddable":true,"href":"https:\/\/tinnunculus.sy-sy.cz\/index.php\/wp-json\/wp\/v2\/comments?post=46974"}],"version-history":[{"count":3,"href":"https:\/\/tinnunculus.sy-sy.cz\/index.php\/wp-json\/wp\/v2\/pages\/46974\/revisions"}],"predecessor-version":[{"id":47073,"href":"https:\/\/tinnunculus.sy-sy.cz\/index.php\/wp-json\/wp\/v2\/pages\/46974\/revisions\/47073"}],"up":[{"embeddable":true,"href":"https:\/\/tinnunculus.sy-sy.cz\/index.php\/wp-json\/wp\/v2\/pages\/5043"}],"wp:attachment":[{"href":"https:\/\/tinnunculus.sy-sy.cz\/index.php\/wp-json\/wp\/v2\/media?parent=46974"}],"wp:term":[{"taxonomy":"category","embeddable":true,"href":"https:\/\/tinnunculus.sy-sy.cz\/index.php\/wp-json\/wp\/v2\/categories?post=46974"},{"taxonomy":"post_tag","embeddable":true,"href":"https:\/\/tinnunculus.sy-sy.cz\/index.php\/wp-json\/wp\/v2\/tags?post=46974"}],"curies":[{"name":"wp","href":"https:\/\/api.w.org\/{rel}","templated":true}]}}