{"id":46726,"date":"2026-03-12T17:56:58","date_gmt":"2026-03-12T16:56:58","guid":{"rendered":"https:\/\/tinnunculus.sy-sy.cz\/?page_id=46726"},"modified":"2026-03-12T18:23:18","modified_gmt":"2026-03-12T17:23:18","slug":"apus-apus-brunensis","status":"publish","type":"page","link":"https:\/\/tinnunculus.sy-sy.cz\/index.php\/fr\/nos-crecerelles-online\/youtube-en-direct\/apus-apus-brunensis\/","title":{"rendered":"Apus apus brunensis"},"content":{"rendered":"<p><iframe style=\"border: none; overflow: hidden; width: 560px; height: 315px;\" src=\"https:\/\/camstreamer.com\/embed\/aQ5q2ii4Y7Fnl8YL00vOwCnqJTWmITdUXETNJJ4J\" allowfullscreen=\"allowfullscreen\" data-mce-fragment=\"1\"><\/iframe><\/p>\n<p><iframe style=\"border: none; overflow: hidden; width: 560px; height: 315px;\" src=\"https:\/\/camstreamer.com\/embed\/86o0gPUVvKlp0Z1n2hrui3NHx2D9RVGzrbFYqPHE\" allowfullscreen=\"allowfullscreen\" data-mce-fragment=\"1\"><\/iframe><\/p>\n<h5 id=\"permalinks:\">Permalinks:<\/h5>\n<ul>\n<li><a href=\"https:\/\/camstreamer.com\/redirect\/aQ5q2ii4Y7Fnl8YL00vOwCnqJTWmITdUXETNJJ4J\" target=\"_blank\" rel=\"noopener\">https:\/\/camstreamer.com\/redirect\/aQ5q2ii4Y7Fnl8YL00vOwCnqJTWmITdUXETNJJ4J<\/a><\/li>\n<li><a href=\"https:\/\/camstreamer.com\/redirect\/86o0gPUVvKlp0Z1n2hrui3NHx2D9RVGzrbFYqPHE\" target=\"_blank\" rel=\"noopener\">https:\/\/camstreamer.com\/redirect\/86o0gPUVvKlp0Z1n2hrui3NHx2D9RVGzrbFYqPHE<\/a><\/li>\n<\/ul>\n<h5><a href=\"https:\/\/tinnunculus.sy-sy.cz\/index.php\/fr\/nos-crecerelles-online\/youtube-en-direct\/falco-tinnunculus-brunensis\/\">FALCO TINNUNCULUS BRUNENSIS<\/a> \u2194 <a href=\"https:\/\/tinnunculus.sy-sy.cz\/index.php\/fr\/nos-crecerelles-online\/youtube-en-direct\/apus-apus-brunensis\/\">APUS APUS BRUNENSIS<\/a><\/h5>\n","protected":false},"excerpt":{"rendered":"<p>Permalinks: https:\/\/camstreamer.com\/redirect\/aQ5q2ii4Y7Fnl8YL00vOwCnqJTWmITdUXETNJJ4J https:\/\/camstreamer.com\/redirect\/86o0gPUVvKlp0Z1n2hrui3NHx2D9RVGzrbFYqPHE FALCO TINNUNCULUS BRUNENSIS \u2194 APUS APUS BRUNENSIS<\/p>\n","protected":false},"author":2,"featured_media":0,"parent":21255,"menu_order":2,"comment_status":"closed","ping_status":"closed","template":"","meta":{"jetpack_post_was_ever_published":false,"footnotes":""},"categories":[],"tags":[],"class_list":["post-46726","page","type-page","status-publish","hentry"],"jetpack_shortlink":"https:\/\/wp.me\/P91gKE-c9E","jetpack-related-posts":[{"id":21255,"url":"https:\/\/tinnunculus.sy-sy.cz\/index.php\/fr\/nos-crecerelles-online\/youtube-en-direct\/","url_meta":{"origin":46726,"position":0},"title":"YouTube en direct","author":"Zuzana Syrov\u00e1 An\u00fd\u017eov\u00e1","date":"02\/04\/2023","format":false,"excerpt":"Actuellement en direct: Falco tinnunculus brunensis 1 \u2192 Falco tinnunculus brunensis 2 \u2192 Apus apus brunensis \u2192 Permalinks: https:\/\/camstreamer.com\/redirect\/A7NqLLFPJXtvFYnNq0lyj4NzktH1FZof7pI4eqpY https:\/\/camstreamer.com\/redirect\/5VlgU1vAmpgM7ORmXjOdcmdzxzEbkX7sJ2IhxQRB https:\/\/camstreamer.com\/redirect\/qp2VoL6U8vNXAWmqPu8ETq3oaYV6YzYztbu34cMx https:\/\/camstreamer.com\/redirect\/XAP6hVk7bKHeT8TQs5rBZb5jV78QywJIVkQS5Lqy https:\/\/camstreamer.com\/redirect\/aQ5q2ii4Y7Fnl8YL00vOwCnqJTWmITdUXETNJJ4J https:\/\/camstreamer.com\/redirect\/86o0gPUVvKlp0Z1n2hrui3NHx2D9RVGzrbFYqPHE https:\/\/camstreamer.com\/redirect\/YprDdaZ6MpC5b4EHoLae835OrfMqeQbmimRKSspC https:\/\/youtube.com\/channel\/UCx1tb6S-HFz_XUyk2bGxavw\/live https:\/\/youtube.com\/channel\/UCn2Pab5nlUR3-bwZhUKdDSw\/live FALCO TINNUNCULUS BRUNENSIS \u2194 APUS APUS BRUNENSIS","rel":"","context":"Podobn\u00fd p\u0159\u00edsp\u011bvek","block_context":{"text":"Podobn\u00fd p\u0159\u00edsp\u011bvek","link":""},"img":{"alt_text":"","src":"","width":0,"height":0},"classes":[]},{"id":46732,"url":"https:\/\/tinnunculus.sy-sy.cz\/index.php\/fr\/nos-crecerelles-online\/youtube-en-direct\/falco-tinnunculus-brunensis\/","url_meta":{"origin":46726,"position":1},"title":"Falco tinnunculus brunensis 1","author":"Zuzana Syrov\u00e1 An\u00fd\u017eov\u00e1","date":"12\/03\/2026","format":false,"excerpt":"Permalinks: https:\/\/camstreamer.com\/redirect\/A7NqLLFPJXtvFYnNq0lyj4NzktH1FZof7pI4eqpY https:\/\/camstreamer.com\/redirect\/5VlgU1vAmpgM7ORmXjOdcmdzxzEbkX7sJ2IhxQRB https:\/\/camstreamer.com\/redirect\/qp2VoL6U8vNXAWmqPu8ETq3oaYV6YzYztbu34cMx https:\/\/camstreamer.com\/redirect\/XAP6hVk7bKHeT8TQs5rBZb5jV78QywJIVkQS5Lqy FALCO TINNUNCULUS BRUNENSIS \u2194 APUS APUS BRUNENSIS","rel":"","context":"Podobn\u00fd p\u0159\u00edsp\u011bvek","block_context":{"text":"Podobn\u00fd p\u0159\u00edsp\u011bvek","link":""},"img":{"alt_text":"","src":"","width":0,"height":0},"classes":[]},{"id":48022,"url":"https:\/\/tinnunculus.sy-sy.cz\/index.php\/fr\/nos-crecerelles-online\/youtube-en-direct\/falco-tinnunculus-brunensis-2\/","url_meta":{"origin":46726,"position":2},"title":"Falco tinnunculus brunensis 2","author":"Zuzana Syrov\u00e1 An\u00fd\u017eov\u00e1","date":"31\/03\/2026","format":false,"excerpt":"Permalink: https:\/\/camstreamer.com\/redirect\/YprDdaZ6MpC5b4EHoLae835OrfMqeQbmimRKSspC","rel":"","context":"Podobn\u00fd p\u0159\u00edsp\u011bvek","block_context":{"text":"Podobn\u00fd p\u0159\u00edsp\u011bvek","link":""},"img":{"alt_text":"","src":"","width":0,"height":0},"classes":[]},{"id":11894,"url":"https:\/\/tinnunculus.sy-sy.cz\/index.php\/fr\/nos-crecerelles-online\/nos-webcams\/","url_meta":{"origin":46726,"position":3},"title":"Nos webcams","author":"Zuzana Syrov\u00e1 An\u00fd\u017eov\u00e1","date":"03\/04\/2020","format":false,"excerpt":"0\u00a6\u00a01\u00a6\u00a02\u00a6\u00a03\u00a6\u00a04\u00a6\u00a05\u00a6\u00a06\u00a6\u00a07\u00a6\u00a08\u00a6\u00a09\u00a6\u00a012\u00a6\u00a013\u00a6\u00a014\u00a6\u00a015\u00a6\u00a016\u00a6\u00a017\u00a6\u00a018\u00a6\u00a019\u00a6\u00a020\u00a6 10\u00a6\u00a0 11\u00a6 21\u00a6 \u2190\u00a0Liste des cam\u00e9ras Coin derri\u00e8re la porte du balcon avec le nouveau nid \u2013 AXIS M1135 (1) Nouveau nid \u00a6\u00a0Perchoirs au-dessus du nouveau nid \u00a6 Nichoirs des martinets \u2013 AXIS M2014-E (1) Perchoirs au-dessus du nouveau nid \u2013 AXIS M1125 (1) Perchoirs au-dessus de l'ancien nid\u2026","rel":"","context":"V \u201e\"Nos\" cr\u00e9cerelles\u201c","block_context":{"text":"\"Nos\" cr\u00e9cerelles","link":"https:\/\/tinnunculus.sy-sy.cz\/index.php\/fr\/category\/locataires-et-visiteurs\/nos-crecerelles\/"},"img":{"alt_text":"","src":"https:\/\/i0.wp.com\/tinnunculus.sy-sy.cz\/wp-content\/uploads\/2021\/05\/youtube-1718976_960_720-300x300.png?resize=350%2C200&ssl=1","width":350,"height":200},"classes":[]},{"id":10008,"url":"https:\/\/tinnunculus.sy-sy.cz\/index.php\/fr\/oiseaux-en-direct\/apus-apus-online\/","url_meta":{"origin":46726,"position":4},"title":"Apus apus online","author":"Zuzana Syrov\u00e1 An\u00fd\u017eov\u00e1","date":"10\/12\/2019","format":false,"excerpt":"Mis \u00e0 jour Termes tch\u00e8ques: lokalita = localisation, localit\u00e9 kamera = cam\u00e9ra Abr\u00e9viations: on+ cam\u00e9ra on-line on- cam\u00e9ra on-line,\u00a0mais un autre genre d'oiseau off\u00a0 cam\u00e9ra off-line Le tableau montre la derni\u00e8re ann\u00e9e au cours de laquelle les martinets ont nich\u00e9 avec succ\u00e8s ou sans succ\u00e8s dans la localit\u00e9. Codes des\u2026","rel":"","context":"Podobn\u00fd p\u0159\u00edsp\u011bvek","block_context":{"text":"Podobn\u00fd p\u0159\u00edsp\u011bvek","link":""},"img":{"alt_text":"","src":"","width":0,"height":0},"classes":[]},{"id":9977,"url":"https:\/\/tinnunculus.sy-sy.cz\/index.php\/fr\/liens\/","url_meta":{"origin":46726,"position":5},"title":"Liens","author":"Zuzana Syrov\u00e1 An\u00fd\u017eov\u00e1","date":"10\/12\/2019","format":false,"excerpt":"Campagnol des champs (Microtus arvalis) Souris domestique (Mus musculus) Faucon cr\u00e9cerelle (Falco tinnunculus) Martinet noir (Apus apus) Base de donn\u00e9es faunistique de \u010cSO: Faucon cr\u00e9cerelle (Falco tinnunclus) in Avif Martinet noir (Apus apus) in Avif cam\u00e9ras en direct et vid\u00e9os mises \u00e0 jour: Faucon cr\u00e9cerelle (Falco tinnunculus) online Martinet noir\u2026","rel":"","context":"Podobn\u00fd p\u0159\u00edsp\u011bvek","block_context":{"text":"Podobn\u00fd p\u0159\u00edsp\u011bvek","link":""},"img":{"alt_text":"","src":"","width":0,"height":0},"classes":[]}],"jetpack_sharing_enabled":true,"_links":{"self":[{"href":"https:\/\/tinnunculus.sy-sy.cz\/index.php\/wp-json\/wp\/v2\/pages\/46726","targetHints":{"allow":["GET"]}}],"collection":[{"href":"https:\/\/tinnunculus.sy-sy.cz\/index.php\/wp-json\/wp\/v2\/pages"}],"about":[{"href":"https:\/\/tinnunculus.sy-sy.cz\/index.php\/wp-json\/wp\/v2\/types\/page"}],"author":[{"embeddable":true,"href":"https:\/\/tinnunculus.sy-sy.cz\/index.php\/wp-json\/wp\/v2\/users\/2"}],"replies":[{"embeddable":true,"href":"https:\/\/tinnunculus.sy-sy.cz\/index.php\/wp-json\/wp\/v2\/comments?post=46726"}],"version-history":[{"count":2,"href":"https:\/\/tinnunculus.sy-sy.cz\/index.php\/wp-json\/wp\/v2\/pages\/46726\/revisions"}],"predecessor-version":[{"id":46742,"href":"https:\/\/tinnunculus.sy-sy.cz\/index.php\/wp-json\/wp\/v2\/pages\/46726\/revisions\/46742"}],"up":[{"embeddable":true,"href":"https:\/\/tinnunculus.sy-sy.cz\/index.php\/wp-json\/wp\/v2\/pages\/21255"}],"wp:attachment":[{"href":"https:\/\/tinnunculus.sy-sy.cz\/index.php\/wp-json\/wp\/v2\/media?parent=46726"}],"wp:term":[{"taxonomy":"category","embeddable":true,"href":"https:\/\/tinnunculus.sy-sy.cz\/index.php\/wp-json\/wp\/v2\/categories?post=46726"},{"taxonomy":"post_tag","embeddable":true,"href":"https:\/\/tinnunculus.sy-sy.cz\/index.php\/wp-json\/wp\/v2\/tags?post=46726"}],"curies":[{"name":"wp","href":"https:\/\/api.w.org\/{rel}","templated":true}]}}