{"id":46712,"date":"2026-03-12T17:19:44","date_gmt":"2026-03-12T16:19:44","guid":{"rendered":"https:\/\/tinnunculus.sy-sy.cz\/?page_id=46712"},"modified":"2026-03-12T17:45:39","modified_gmt":"2026-03-12T16:45:39","slug":"apus-apus-brunensis","status":"publish","type":"page","link":"https:\/\/tinnunculus.sy-sy.cz\/index.php\/v-primem-prenosu\/zive-vysilani-youtube\/apus-apus-brunensis\/","title":{"rendered":"Apus apus brunensis"},"content":{"rendered":"<p><iframe style=\"border: none; overflow: hidden; width: 560px; height: 315px;\" src=\"https:\/\/camstreamer.com\/embed\/aQ5q2ii4Y7Fnl8YL00vOwCnqJTWmITdUXETNJJ4J\" allowfullscreen=\"allowfullscreen\"><\/iframe><\/p>\n<p><iframe style=\"border: none; overflow: hidden; width: 560px; height: 315px;\" src=\"https:\/\/camstreamer.com\/embed\/86o0gPUVvKlp0Z1n2hrui3NHx2D9RVGzrbFYqPHE\" allowfullscreen=\"allowfullscreen\"><\/iframe><\/p>\n<h5 id=\"permalinks:\">Permalinks:<\/h5>\n<ul>\n<li><a href=\"https:\/\/camstreamer.com\/redirect\/aQ5q2ii4Y7Fnl8YL00vOwCnqJTWmITdUXETNJJ4J\" target=\"_blank\" rel=\"noopener\">https:\/\/camstreamer.com\/redirect\/aQ5q2ii4Y7Fnl8YL00vOwCnqJTWmITdUXETNJJ4J<\/a><\/li>\n<li><a href=\"https:\/\/camstreamer.com\/redirect\/86o0gPUVvKlp0Z1n2hrui3NHx2D9RVGzrbFYqPHE\" target=\"_blank\" rel=\"noopener\">https:\/\/camstreamer.com\/redirect\/86o0gPUVvKlp0Z1n2hrui3NHx2D9RVGzrbFYqPHE<\/a><\/li>\n<\/ul>\n<h5><a href=\"https:\/\/tinnunculus.sy-sy.cz\/index.php\/v-primem-prenosu\/zive-vysilani-youtube\/falco-tinnunculus-brunensis\/\">FALCO TINNUNCULUS BRUNENSIS<\/a> \u2194 <a href=\"https:\/\/tinnunculus.sy-sy.cz\/index.php\/apus-apus-brunensis\/\">APUS APUS BRUNENSIS<\/a><\/h5>\n","protected":false},"excerpt":{"rendered":"<p>Permalinks: https:\/\/camstreamer.com\/redirect\/aQ5q2ii4Y7Fnl8YL00vOwCnqJTWmITdUXETNJJ4J https:\/\/camstreamer.com\/redirect\/86o0gPUVvKlp0Z1n2hrui3NHx2D9RVGzrbFYqPHE FALCO TINNUNCULUS BRUNENSIS \u2194 APUS APUS BRUNENSIS<\/p>\n","protected":false},"author":2,"featured_media":0,"parent":21239,"menu_order":2,"comment_status":"closed","ping_status":"closed","template":"","meta":{"jetpack_post_was_ever_published":false,"footnotes":""},"categories":[],"tags":[],"class_list":["post-46712","page","type-page","status-publish","hentry"],"jetpack_shortlink":"https:\/\/wp.me\/P91gKE-c9q","jetpack-related-posts":[{"id":21239,"url":"https:\/\/tinnunculus.sy-sy.cz\/index.php\/v-primem-prenosu\/zive-vysilani-youtube\/","url_meta":{"origin":46712,"position":0},"title":"YouTube &#8211; \u017eiv\u00e9 vys\u00edl\u00e1n\u00ed","author":"Zuzana Syrov\u00e1 An\u00fd\u017eov\u00e1","date":"02\/04\/2023","format":false,"excerpt":"Aktu\u00e1ln\u00ed \u017eiv\u00e9 p\u0159enosy: Falco tinnunculus brunensis 1 \u2192 Falco tinnunculus brunensis 2 \u2192 Apus apus brunensis \u2192 Permalinks: https:\/\/camstreamer.com\/redirect\/A7NqLLFPJXtvFYnNq0lyj4NzktH1FZof7pI4eqpY https:\/\/camstreamer.com\/redirect\/5VlgU1vAmpgM7ORmXjOdcmdzxzEbkX7sJ2IhxQRB https:\/\/camstreamer.com\/redirect\/qp2VoL6U8vNXAWmqPu8ETq3oaYV6YzYztbu34cMx https:\/\/camstreamer.com\/redirect\/XAP6hVk7bKHeT8TQs5rBZb5jV78QywJIVkQS5Lqy https:\/\/camstreamer.com\/redirect\/aQ5q2ii4Y7Fnl8YL00vOwCnqJTWmITdUXETNJJ4J https:\/\/camstreamer.com\/redirect\/86o0gPUVvKlp0Z1n2hrui3NHx2D9RVGzrbFYqPHE https:\/\/camstreamer.com\/redirect\/YprDdaZ6MpC5b4EHoLae835OrfMqeQbmimRKSspC https:\/\/youtube.com\/channel\/UCx1tb6S-HFz_XUyk2bGxavw\/live https:\/\/youtube.com\/channel\/UCn2Pab5nlUR3-bwZhUKdDSw\/live FALCO TINNUNCULUS BRUNENSIS \u2194 APUS APUS BRUNENSIS","rel":"","context":"Podobn\u00fd p\u0159\u00edsp\u011bvek","block_context":{"text":"Podobn\u00fd p\u0159\u00edsp\u011bvek","link":""},"img":{"alt_text":"","src":"","width":0,"height":0},"classes":[]},{"id":46711,"url":"https:\/\/tinnunculus.sy-sy.cz\/index.php\/v-primem-prenosu\/zive-vysilani-youtube\/falco-tinnunculus-brunensis\/","url_meta":{"origin":46712,"position":1},"title":"Falco tinnunculus brunensis 1","author":"Zuzana Syrov\u00e1 An\u00fd\u017eov\u00e1","date":"12\/03\/2026","format":false,"excerpt":"Permalinks: https:\/\/camstreamer.com\/redirect\/A7NqLLFPJXtvFYnNq0lyj4NzktH1FZof7pI4eqpY https:\/\/camstreamer.com\/redirect\/5VlgU1vAmpgM7ORmXjOdcmdzxzEbkX7sJ2IhxQRB https:\/\/camstreamer.com\/redirect\/qp2VoL6U8vNXAWmqPu8ETq3oaYV6YzYztbu34cMx https:\/\/camstreamer.com\/redirect\/XAP6hVk7bKHeT8TQs5rBZb5jV78QywJIVkQS5Lqy FALCO TINNUNCULUS BRUNENSIS \u2194 APUS APUS BRUNENSIS","rel":"","context":"Podobn\u00fd p\u0159\u00edsp\u011bvek","block_context":{"text":"Podobn\u00fd p\u0159\u00edsp\u011bvek","link":""},"img":{"alt_text":"","src":"","width":0,"height":0},"classes":[]},{"id":48010,"url":"https:\/\/tinnunculus.sy-sy.cz\/index.php\/v-primem-prenosu\/zive-vysilani-youtube\/falco-tinnunculus-brunensis-2\/","url_meta":{"origin":46712,"position":2},"title":"Falco tinnunculus brunensis 2","author":"Zuzana Syrov\u00e1 An\u00fd\u017eov\u00e1","date":"31\/03\/2026","format":false,"excerpt":"Permalink: https:\/\/camstreamer.com\/redirect\/YprDdaZ6MpC5b4EHoLae835OrfMqeQbmimRKSspC","rel":"","context":"Podobn\u00fd p\u0159\u00edsp\u011bvek","block_context":{"text":"Podobn\u00fd p\u0159\u00edsp\u011bvek","link":""},"img":{"alt_text":"","src":"","width":0,"height":0},"classes":[]},{"id":5032,"url":"https:\/\/tinnunculus.sy-sy.cz\/index.php\/v-primem-prenosu\/nase-kamery\/","url_meta":{"origin":46712,"position":3},"title":"Na\u0161e kamery","author":"Zuzana Syrov\u00e1 An\u00fd\u017eov\u00e1","date":"04\/05\/2018","format":false,"excerpt":"0\u00a6\u00a01\u00a6\u00a02\u00a6\u00a03\u00a6\u00a04\u00a6\u00a05\u00a6\u00a06\u00a6\u00a07\u00a6\u00a08\u00a6\u00a09\u00a6\u00a012\u00a6\u00a013\u00a6\u00a014\u00a6\u00a015\u00a6\u00a016\u00a6\u00a017\u00a6\u00a018\u00a6\u00a019\u00a6\u00a020\u00a6 10\u00a6\u00a0\u00a011\u00a6 21\u00a6 \u2190\u00a0Seznam kamer Z\u00e1kladn\u00ed informace o sledov\u00e1n\u00ed po\u0161tolek pomoc\u00ed s\u00ed\u0165ov\u00fdch kamer poskytuje u\u017e \u010dl\u00e1nek O kamer\u00e1ch ku sledov\u00e1n\u00ed po\u0161tolek. Zachycuje stav do r.\u00a0 2016, kdy prob\u011bhly stavebn\u00ed pr\u00e1ce spojen\u00e9 s oblo\u017een\u00edm fas\u00e1dy polystyrenem a v\u00fdm\u011bnou lod\u017eie za hlub\u0161\u00ed s vy\u0161\u0161\u00edm plechov\u00fdm z\u00e1bradl\u00edm bez doln\u00ed vletov\u00e9 mezery nad podlahou.\u2026","rel":"","context":"V \u201e(Web)kamery\u201c","block_context":{"text":"(Web)kamery","link":"https:\/\/tinnunculus.sy-sy.cz\/index.php\/category\/zivy-prenos\/kamery\/"},"img":{"alt_text":"","src":"https:\/\/i0.wp.com\/tinnunculus.sy-sy.cz\/wp-content\/uploads\/2021\/05\/youtube-1718976_960_720-300x300.png?resize=350%2C200&ssl=1","width":350,"height":200},"classes":[]},{"id":9021,"url":"https:\/\/tinnunculus.sy-sy.cz\/index.php\/historie-rorysi\/","url_meta":{"origin":46712,"position":4},"title":"Historie ror\u00fds\u00ed","author":"Zuzana Syrov\u00e1 An\u00fd\u017eov\u00e1","date":"18\/10\/2020","format":false,"excerpt":"2015\/05\/05 - n\u00e1vrat ror\u00fds\u016f 2016\/08\/?? - instalace ror\u00fdsovn\u00edku nad oknem vedle lod\u017eie 2017\/04\/29 - n\u00e1vrat ror\u00fds\u016f 2018\/05\/04 - n\u00e1vrat ror\u00fds\u016f 2019\/05\/05 - n\u00e1vrat ror\u00fds\u016f 2020\/05\/07 - n\u00e1vrat ror\u00fds\u016f 2020\/05\/18 - po\u0161tol\u010d\u00ed same\u010dek p\u0159in\u00e1\u0161\u00ed ror\u00fdse (prvn\u00ed zaznamenan\u00fd p\u0159\u00edpad) 2020\/07\/12 - z\u00e1chrana ror\u00fdska, kter\u00fd nezvl\u00e1dl prvn\u00ed let 2021\/05\/09 - n\u00e1vrat ror\u00fds\u016f 2022\/05\/11\u2026","rel":"","context":"V \u201e\"Na\u0161i\" ror\u00fdsi\u201c","block_context":{"text":"\"Na\u0161i\" ror\u00fdsi","link":"https:\/\/tinnunculus.sy-sy.cz\/index.php\/category\/nasi\/nasi-rorysi\/"},"img":{"alt_text":"","src":"https:\/\/i0.wp.com\/tinnunculus.sy-sy.cz\/wp-content\/uploads\/2017\/08\/20170707_15-07-36_1_uprav.jpg?resize=350%2C200&ssl=1","width":350,"height":200,"srcset":"https:\/\/i0.wp.com\/tinnunculus.sy-sy.cz\/wp-content\/uploads\/2017\/08\/20170707_15-07-36_1_uprav.jpg?resize=350%2C200&ssl=1 1x, https:\/\/i0.wp.com\/tinnunculus.sy-sy.cz\/wp-content\/uploads\/2017\/08\/20170707_15-07-36_1_uprav.jpg?resize=525%2C300&ssl=1 1.5x, https:\/\/i0.wp.com\/tinnunculus.sy-sy.cz\/wp-content\/uploads\/2017\/08\/20170707_15-07-36_1_uprav.jpg?resize=700%2C400&ssl=1 2x"},"classes":[]},{"id":9664,"url":"https:\/\/tinnunculus.sy-sy.cz\/index.php\/odkazy\/o-rorysech\/apus-apus-in-avif\/","url_meta":{"origin":46712,"position":5},"title":"Apus apus in Avif","author":"Zuzana Syrov\u00e1 An\u00fd\u017eov\u00e1","date":"23\/11\/2019","format":false,"excerpt":"pozorov\u00e1n\u00ed ror\u00fdse obecn\u00e9ho ve faunistick\u00e9 datab\u00e1zi \u010cSO: \u00a0 Kliknut\u00edm na z\u00e1znam se dostanete na jeho detail na avif.birdlife.cz, kde m\u00e1te mo\u017enost dal\u0161\u00edho podrobn\u011bj\u0161\u00edho vyhled\u00e1v\u00e1n\u00ed. \ufeff O faunistick\u00e9 datab\u00e1zi avif.birds.cz O ror\u00fdsovi: Vyhled\u00e1v\u00e1n\u00ed a vkl\u00e1d\u00e1n\u00ed hn\u00edzdi\u0161\u0165","rel":"","context":"Podobn\u00fd p\u0159\u00edsp\u011bvek","block_context":{"text":"Podobn\u00fd p\u0159\u00edsp\u011bvek","link":""},"img":{"alt_text":"","src":"","width":0,"height":0},"classes":[]}],"jetpack_sharing_enabled":true,"_links":{"self":[{"href":"https:\/\/tinnunculus.sy-sy.cz\/index.php\/wp-json\/wp\/v2\/pages\/46712","targetHints":{"allow":["GET"]}}],"collection":[{"href":"https:\/\/tinnunculus.sy-sy.cz\/index.php\/wp-json\/wp\/v2\/pages"}],"about":[{"href":"https:\/\/tinnunculus.sy-sy.cz\/index.php\/wp-json\/wp\/v2\/types\/page"}],"author":[{"embeddable":true,"href":"https:\/\/tinnunculus.sy-sy.cz\/index.php\/wp-json\/wp\/v2\/users\/2"}],"replies":[{"embeddable":true,"href":"https:\/\/tinnunculus.sy-sy.cz\/index.php\/wp-json\/wp\/v2\/comments?post=46712"}],"version-history":[{"count":3,"href":"https:\/\/tinnunculus.sy-sy.cz\/index.php\/wp-json\/wp\/v2\/pages\/46712\/revisions"}],"predecessor-version":[{"id":46721,"href":"https:\/\/tinnunculus.sy-sy.cz\/index.php\/wp-json\/wp\/v2\/pages\/46712\/revisions\/46721"}],"up":[{"embeddable":true,"href":"https:\/\/tinnunculus.sy-sy.cz\/index.php\/wp-json\/wp\/v2\/pages\/21239"}],"wp:attachment":[{"href":"https:\/\/tinnunculus.sy-sy.cz\/index.php\/wp-json\/wp\/v2\/media?parent=46712"}],"wp:term":[{"taxonomy":"category","embeddable":true,"href":"https:\/\/tinnunculus.sy-sy.cz\/index.php\/wp-json\/wp\/v2\/categories?post=46712"},{"taxonomy":"post_tag","embeddable":true,"href":"https:\/\/tinnunculus.sy-sy.cz\/index.php\/wp-json\/wp\/v2\/tags?post=46712"}],"curies":[{"name":"wp","href":"https:\/\/api.w.org\/{rel}","templated":true}]}}