{"id":45637,"date":"2026-01-02T08:21:01","date_gmt":"2026-01-02T07:21:01","guid":{"rendered":"https:\/\/tinnunculus.sy-sy.cz\/?page_id=45637"},"modified":"2026-01-02T08:22:28","modified_gmt":"2026-01-02T07:22:28","slug":"meteo-2025","status":"publish","type":"page","link":"https:\/\/tinnunculus.sy-sy.cz\/index.php\/fr\/meteo-bystrc\/archive-meteo\/meteo-2025\/","title":{"rendered":"M\u00e9t\u00e9o 2025"},"content":{"rendered":"<p><a href=\"https:\/\/tinnunculus.sy-sy.cz\/wp-content\/uploads\/2026\/01\/meteogram_history_2025-FR.png\" target=\"_blank\" rel=\"noopener\"><img loading=\"lazy\" decoding=\"async\" data-attachment-id=\"45638\" data-permalink=\"https:\/\/tinnunculus.sy-sy.cz\/index.php\/fr\/meteo-bystrc\/archive-meteo\/meteo-2025\/meteogram_history_2025-fr\/\" data-orig-file=\"https:\/\/tinnunculus.sy-sy.cz\/wp-content\/uploads\/2026\/01\/meteogram_history_2025-FR.png\" data-orig-size=\"1600,1397\" data-comments-opened=\"1\" data-image-meta=\"{&quot;aperture&quot;:&quot;0&quot;,&quot;credit&quot;:&quot;&quot;,&quot;camera&quot;:&quot;&quot;,&quot;caption&quot;:&quot;&quot;,&quot;created_timestamp&quot;:&quot;0&quot;,&quot;copyright&quot;:&quot;&quot;,&quot;focal_length&quot;:&quot;0&quot;,&quot;iso&quot;:&quot;0&quot;,&quot;shutter_speed&quot;:&quot;0&quot;,&quot;title&quot;:&quot;&quot;,&quot;orientation&quot;:&quot;0&quot;}\" data-image-title=\"meteogram_history_2025-FR\" data-image-description=\"\" data-image-caption=\"\" data-medium-file=\"https:\/\/tinnunculus.sy-sy.cz\/wp-content\/uploads\/2026\/01\/meteogram_history_2025-FR-300x262.png\" data-large-file=\"https:\/\/tinnunculus.sy-sy.cz\/wp-content\/uploads\/2026\/01\/meteogram_history_2025-FR-1024x894.png\" class=\"aligncenter wp-image-45638 size-large\" src=\"https:\/\/tinnunculus.sy-sy.cz\/wp-content\/uploads\/2026\/01\/meteogram_history_2025-FR-1024x894.png\" alt=\"\" width=\"525\" height=\"458\" srcset=\"https:\/\/tinnunculus.sy-sy.cz\/wp-content\/uploads\/2026\/01\/meteogram_history_2025-FR-1024x894.png 1024w, https:\/\/tinnunculus.sy-sy.cz\/wp-content\/uploads\/2026\/01\/meteogram_history_2025-FR-300x262.png 300w, https:\/\/tinnunculus.sy-sy.cz\/wp-content\/uploads\/2026\/01\/meteogram_history_2025-FR-768x671.png 768w, https:\/\/tinnunculus.sy-sy.cz\/wp-content\/uploads\/2026\/01\/meteogram_history_2025-FR-1536x1341.png 1536w, https:\/\/tinnunculus.sy-sy.cz\/wp-content\/uploads\/2026\/01\/meteogram_history_2025-FR.png 1600w\" sizes=\"auto, (max-width: 525px) 100vw, 525px\" \/><\/a><\/p>\n<p><a href=\"https:\/\/tinnunculus.sy-sy.cz\/index.php\/fr\/meteo-2007\/\" rel=\"noopener\">2007<\/a> \u00a6 <a href=\"https:\/\/tinnunculus.sy-sy.cz\/index.php\/fr\/meteo-bystrc\/archive-meteo\/meteo-2008\/\" rel=\"noopener\">2008<\/a> \u00a6 <a href=\"https:\/\/tinnunculus.sy-sy.cz\/index.php\/fr\/meteo-bystrc\/archive-meteo\/meteo-2009\/\" rel=\"noopener\">2009<\/a> \u00a6 <a href=\"https:\/\/tinnunculus.sy-sy.cz\/index.php\/fr\/meteo-bystrc\/archive-meteo\/meteo-2010\/\" rel=\"noopener\">2010<\/a> \u00a6 <a href=\"https:\/\/tinnunculus.sy-sy.cz\/index.php\/fr\/meteo-bystrc\/archive-meteo\/meteo-2011\/\" rel=\"noopener\">2011<\/a> \u00a6 <a href=\"https:\/\/tinnunculus.sy-sy.cz\/index.php\/fr\/meteo-bystrc\/archive-meteo\/meteo-2012\/\" rel=\"noopener\">2012<\/a> \u00a6 <a href=\"https:\/\/tinnunculus.sy-sy.cz\/index.php\/fr\/meteo-bystrc\/archive-meteo\/meteo-2013\/\" target=\"_blank\" rel=\"noopener\">2013<\/a> \u00a6 <a href=\"https:\/\/tinnunculus.sy-sy.cz\/index.php\/fr\/meteo-bystrc\/archive-meteo\/meteo-2014\/\" rel=\"noopener\">2014<\/a> \u00a6 <a href=\"https:\/\/tinnunculus.sy-sy.cz\/index.php\/fr\/meteo-bystrc\/archive-meteo\/meteo-2015\/\" rel=\"noopener\">2015<\/a> \u00a6 <a href=\"https:\/\/tinnunculus.sy-sy.cz\/index.php\/fr\/meteo-bystrc\/archive-meteo\/meteo-2016\/\" target=\"_blank\" rel=\"noopener\">2016<\/a> \u00a6 <a href=\"https:\/\/tinnunculus.sy-sy.cz\/index.php\/fr\/meteo-bystrc\/archive-meteo\/meteo-2017\/\" rel=\"noopener\">2017<\/a> \u00a6 <a href=\"https:\/\/tinnunculus.sy-sy.cz\/index.php\/fr\/meteo-bystrc\/archive-meteo\/meteo-2018\/\" rel=\"noopener\">2018<\/a> \u00a6 <a href=\"https:\/\/tinnunculus.sy-sy.cz\/index.php\/fr\/meteo-bystrc\/archive-meteo\/meteo-2019\/\" rel=\"noopener\">2019<\/a> \u00a6 <a href=\"https:\/\/tinnunculus.sy-sy.cz\/index.php\/fr\/meteo-bystrc\/archive-meteo\/meteo-2020\/\" rel=\"noopener\">2020<\/a> \u00a6 <a href=\"https:\/\/tinnunculus.sy-sy.cz\/index.php\/meteo-2021\/\">2021<\/a> \u00a6 <a href=\"https:\/\/tinnunculus.sy-sy.cz\/index.php\/meteo-2022\/\" rel=\"noopener\">2022<\/a> \u00a6 <a href=\"https:\/\/tinnunculus.sy-sy.cz\/index.php\/fr\/meteo-2023\/\">2023<\/a> \u00a6 <a href=\"https:\/\/tinnunculus.sy-sy.cz\/index.php\/fr\/meteo-bystrc\/archive-meteo\/meteo-2024\/\" rel=\"noopener\">2024<\/a> \u00a6 <a href=\"https:\/\/tinnunculus.sy-sy.cz\/index.php\/fr\/meteo-bystrc\/archive-meteo\/meteo-2025\/\">2025<\/a> \u00a6 <a href=\"https:\/\/www.meteoblue.com\/fr\/meteo\/historyclimate\/weatherarchive\/bystrc_tch%c3%a9quie_3078308\" target=\"_blank\" rel=\"noopener\">2026<\/a><\/p>\n<p>&nbsp;<\/p>\n<p><a href=\"https:\/\/tinnunculus.sy-sy.cz\/index.php\/fr\/meteo-bystrc\/\">M\u00e9t\u00e9o \u00e0 Bystrc<\/a> \u00a6 <a href=\"https:\/\/tinnunculus.sy-sy.cz\/index.php\/fr\/meteo-bystrc\/meteo-cartes\/\">Cartes<\/a> \u00a6 <a href=\"https:\/\/tinnunculus.sy-sy.cz\/index.php\/fr\/meteo-bystrc\/archive-meteo\/\">Archive m\u00e9t\u00e9o<\/a> \u00a6\u00a0<a href=\"https:\/\/tinnunculus.sy-sy.cz\/index.php\/fr\/meteo-bystrc\/webcams-autour-bystrc\/\">Webcams autour Bystrc<\/a><\/p>\n","protected":false},"excerpt":{"rendered":"<p>2007 \u00a6 2008 \u00a6 2009 \u00a6 2010 \u00a6 2011 \u00a6 2012 \u00a6 2013 \u00a6 2014 \u00a6 2015 \u00a6 2016 \u00a6 2017 \u00a6 2018 \u00a6 2019 \u00a6 2020 \u00a6 2021 \u00a6 2022 \u00a6 2023 \u00a6 2024 \u00a6 2025 \u00a6 2026 &nbsp; M\u00e9t\u00e9o \u00e0 Bystrc \u00a6 Cartes \u00a6 Archive m\u00e9t\u00e9o \u00a6\u00a0Webcams autour Bystrc<\/p>\n","protected":false},"author":2,"featured_media":0,"parent":14158,"menu_order":0,"comment_status":"closed","ping_status":"closed","template":"","meta":{"jetpack_post_was_ever_published":false,"footnotes":""},"categories":[],"tags":[],"class_list":["post-45637","page","type-page","status-publish","hentry"],"jetpack_shortlink":"https:\/\/wp.me\/P91gKE-bS5","jetpack-related-posts":[{"id":14342,"url":"https:\/\/tinnunculus.sy-sy.cz\/index.php\/fr\/meteo-bystrc\/archive-meteo\/meteo-2008\/","url_meta":{"origin":45637,"position":0},"title":"M\u00e9t\u00e9o 2008","author":"Zuzana Syrov\u00e1 An\u00fd\u017eov\u00e1","date":"12\/01\/2021","format":false,"excerpt":"2007 \u00a6 2008 \u00a6 2009 \u00a6 2010 \u00a6 2011 \u00a6 2012 \u00a6 2013 \u00a6 2014 \u00a6 2015 \u00a6 2016 \u00a6 2017 \u00a6 2018 \u00a6 2019 \u00a6 2020 \u00a6 2021 \u00a6 2022 \u00a6 2023 \u00a6 2024 \u00a6 2025 \u00a6 2026 \u00a0 M\u00e9t\u00e9o \u00e0 Bystrc \u00a6 Cartes \u00a6 Archive m\u00e9t\u00e9o \u00a6\u00a0Webcams autour\u2026","rel":"","context":"Podobn\u00fd p\u0159\u00edsp\u011bvek","block_context":{"text":"Podobn\u00fd p\u0159\u00edsp\u011bvek","link":""},"img":{"alt_text":"","src":"https:\/\/i0.wp.com\/tinnunculus.sy-sy.cz\/wp-content\/uploads\/2021\/01\/history_meteoblue_fr_2008-1024x830.png?resize=350%2C200&ssl=1","width":350,"height":200,"srcset":"https:\/\/i0.wp.com\/tinnunculus.sy-sy.cz\/wp-content\/uploads\/2021\/01\/history_meteoblue_fr_2008-1024x830.png?resize=350%2C200&ssl=1 1x, https:\/\/i0.wp.com\/tinnunculus.sy-sy.cz\/wp-content\/uploads\/2021\/01\/history_meteoblue_fr_2008-1024x830.png?resize=525%2C300&ssl=1 1.5x"},"classes":[]},{"id":14350,"url":"https:\/\/tinnunculus.sy-sy.cz\/index.php\/fr\/meteo-bystrc\/archive-meteo\/meteo-2010\/","url_meta":{"origin":45637,"position":1},"title":"M\u00e9t\u00e9o 2010","author":"Zuzana Syrov\u00e1 An\u00fd\u017eov\u00e1","date":"12\/01\/2021","format":false,"excerpt":"2007 \u00a6 2008 \u00a6 2009 \u00a6 2010 \u00a6 2011 \u00a6 2012 \u00a6 2013 \u00a6 2014 \u00a6 2015 \u00a6 2016 \u00a6 2017 \u00a6 2018 \u00a6 2019 \u00a6 2020 \u00a6 2021 \u00a6 2022 \u00a6 2023 \u00a6 2024 \u00a6 2025 \u00a6 2026 \u00a0 M\u00e9t\u00e9o \u00e0 Bystrc \u00a6 Cartes \u00a6 Archive m\u00e9t\u00e9o \u00a6\u00a0Webcams autour\u2026","rel":"","context":"Podobn\u00fd p\u0159\u00edsp\u011bvek","block_context":{"text":"Podobn\u00fd p\u0159\u00edsp\u011bvek","link":""},"img":{"alt_text":"","src":"https:\/\/i0.wp.com\/tinnunculus.sy-sy.cz\/wp-content\/uploads\/2021\/01\/history_meteoblue_fr_2010-1024x830.png?resize=350%2C200&ssl=1","width":350,"height":200,"srcset":"https:\/\/i0.wp.com\/tinnunculus.sy-sy.cz\/wp-content\/uploads\/2021\/01\/history_meteoblue_fr_2010-1024x830.png?resize=350%2C200&ssl=1 1x, https:\/\/i0.wp.com\/tinnunculus.sy-sy.cz\/wp-content\/uploads\/2021\/01\/history_meteoblue_fr_2010-1024x830.png?resize=525%2C300&ssl=1 1.5x"},"classes":[]},{"id":14354,"url":"https:\/\/tinnunculus.sy-sy.cz\/index.php\/fr\/meteo-bystrc\/archive-meteo\/meteo-2011\/","url_meta":{"origin":45637,"position":2},"title":"M\u00e9t\u00e9o 2011","author":"Zuzana Syrov\u00e1 An\u00fd\u017eov\u00e1","date":"12\/01\/2021","format":false,"excerpt":"2007 \u00a6 2008 \u00a6 2009 \u00a6 2010 \u00a6 2011 \u00a6 2012 \u00a6 2013 \u00a6 2014 \u00a6 2015 \u00a6 2016 \u00a6 2017 \u00a6 2018 \u00a6 2019 \u00a6 2020 \u00a6 2021 \u00a6 2022 \u00a6 2023 \u00a6 2024 \u00a6 2025 \u00a6 2026 \u00a0 M\u00e9t\u00e9o \u00e0 Bystrc \u00a6 Cartes \u00a6 Archive m\u00e9t\u00e9o \u00a6\u00a0Webcams autour\u2026","rel":"","context":"Podobn\u00fd p\u0159\u00edsp\u011bvek","block_context":{"text":"Podobn\u00fd p\u0159\u00edsp\u011bvek","link":""},"img":{"alt_text":"","src":"https:\/\/i0.wp.com\/tinnunculus.sy-sy.cz\/wp-content\/uploads\/2021\/01\/history_meteoblue_fr_2011-1024x830.png?resize=350%2C200&ssl=1","width":350,"height":200,"srcset":"https:\/\/i0.wp.com\/tinnunculus.sy-sy.cz\/wp-content\/uploads\/2021\/01\/history_meteoblue_fr_2011-1024x830.png?resize=350%2C200&ssl=1 1x, https:\/\/i0.wp.com\/tinnunculus.sy-sy.cz\/wp-content\/uploads\/2021\/01\/history_meteoblue_fr_2011-1024x830.png?resize=525%2C300&ssl=1 1.5x"},"classes":[]},{"id":14346,"url":"https:\/\/tinnunculus.sy-sy.cz\/index.php\/fr\/meteo-bystrc\/archive-meteo\/meteo-2009\/","url_meta":{"origin":45637,"position":3},"title":"M\u00e9t\u00e9o 2009","author":"Zuzana Syrov\u00e1 An\u00fd\u017eov\u00e1","date":"12\/01\/2021","format":false,"excerpt":"2007 \u00a6 2008 \u00a6 2009 \u00a6 2010 \u00a6 2011 \u00a6 2012 \u00a6 2013 \u00a6 2014 \u00a6 2015 \u00a6 2016 \u00a6 2017 \u00a6 2018 \u00a6 2019 \u00a6 2020 \u00a6 2021 \u00a6 2022 \u00a6 2023 \u00a6 2024 \u00a6 2025 \u00a6 2026 \u00a0 M\u00e9t\u00e9o \u00e0 Bystrc \u00a6 Cartes \u00a6 Archive m\u00e9t\u00e9o \u00a6\u00a0Webcams autour\u2026","rel":"","context":"Podobn\u00fd p\u0159\u00edsp\u011bvek","block_context":{"text":"Podobn\u00fd p\u0159\u00edsp\u011bvek","link":""},"img":{"alt_text":"","src":"https:\/\/i0.wp.com\/tinnunculus.sy-sy.cz\/wp-content\/uploads\/2021\/01\/history_meteoblue_fr_2009-1024x830.png?resize=350%2C200&ssl=1","width":350,"height":200,"srcset":"https:\/\/i0.wp.com\/tinnunculus.sy-sy.cz\/wp-content\/uploads\/2021\/01\/history_meteoblue_fr_2009-1024x830.png?resize=350%2C200&ssl=1 1x, https:\/\/i0.wp.com\/tinnunculus.sy-sy.cz\/wp-content\/uploads\/2021\/01\/history_meteoblue_fr_2009-1024x830.png?resize=525%2C300&ssl=1 1.5x"},"classes":[]},{"id":14337,"url":"https:\/\/tinnunculus.sy-sy.cz\/index.php\/fr\/meteo-bystrc\/archive-meteo\/meteo-2007\/","url_meta":{"origin":45637,"position":4},"title":"M\u00e9t\u00e9o 2007","author":"Zuzana Syrov\u00e1 An\u00fd\u017eov\u00e1","date":"12\/01\/2021","format":false,"excerpt":"2007 \u00a6 2008 \u00a6 2009 \u00a6 2010 \u00a6 2011 \u00a6 2012 \u00a6 2013 \u00a6 2014 \u00a6 2015 \u00a6 2016 \u00a6 2017 \u00a6 2018 \u00a6 2019 \u00a6 2020 \u00a6 2021 \u00a6 2022 \u00a6 2023 \u00a6 2024 \u00a6 2025 \u00a6 2026 \u00a0 M\u00e9t\u00e9o \u00e0 Bystrc \u00a6 Cartes \u00a6 Archive m\u00e9t\u00e9o \u00a6\u00a0Webcams autour\u2026","rel":"","context":"Podobn\u00fd p\u0159\u00edsp\u011bvek","block_context":{"text":"Podobn\u00fd p\u0159\u00edsp\u011bvek","link":""},"img":{"alt_text":"","src":"https:\/\/i0.wp.com\/tinnunculus.sy-sy.cz\/wp-content\/uploads\/2021\/01\/history_meteoblue_fr_2007-1024x830.png?resize=350%2C200&ssl=1","width":350,"height":200,"srcset":"https:\/\/i0.wp.com\/tinnunculus.sy-sy.cz\/wp-content\/uploads\/2021\/01\/history_meteoblue_fr_2007-1024x830.png?resize=350%2C200&ssl=1 1x, https:\/\/i0.wp.com\/tinnunculus.sy-sy.cz\/wp-content\/uploads\/2021\/01\/history_meteoblue_fr_2007-1024x830.png?resize=525%2C300&ssl=1 1.5x"},"classes":[]},{"id":14358,"url":"https:\/\/tinnunculus.sy-sy.cz\/index.php\/fr\/meteo-bystrc\/archive-meteo\/meteo-2012\/","url_meta":{"origin":45637,"position":5},"title":"M\u00e9t\u00e9o 2012","author":"Zuzana Syrov\u00e1 An\u00fd\u017eov\u00e1","date":"12\/01\/2021","format":false,"excerpt":"2007 \u00a6 2008 \u00a6 2009 \u00a6 2010 \u00a6 2011 \u00a6 2012 \u00a6 2013 \u00a6 2014 \u00a6 2015 \u00a6 2016 \u00a6 2017 \u00a6 2018 \u00a6 2019 \u00a6 2020 \u00a6 2021 \u00a6 2022 \u00a6 2023 \u00a6 2024 \u00a6 2025 \u00a6 2026 \u00a0 M\u00e9t\u00e9o \u00e0 Bystrc \u00a6 Cartes \u00a6 Archive m\u00e9t\u00e9o \u00a6\u00a0Webcams autour\u2026","rel":"","context":"Podobn\u00fd p\u0159\u00edsp\u011bvek","block_context":{"text":"Podobn\u00fd p\u0159\u00edsp\u011bvek","link":""},"img":{"alt_text":"","src":"https:\/\/i0.wp.com\/tinnunculus.sy-sy.cz\/wp-content\/uploads\/2021\/01\/history_meteoblue_fr_2012-1024x830.png?resize=350%2C200&ssl=1","width":350,"height":200,"srcset":"https:\/\/i0.wp.com\/tinnunculus.sy-sy.cz\/wp-content\/uploads\/2021\/01\/history_meteoblue_fr_2012-1024x830.png?resize=350%2C200&ssl=1 1x, https:\/\/i0.wp.com\/tinnunculus.sy-sy.cz\/wp-content\/uploads\/2021\/01\/history_meteoblue_fr_2012-1024x830.png?resize=525%2C300&ssl=1 1.5x"},"classes":[]}],"jetpack_sharing_enabled":true,"_links":{"self":[{"href":"https:\/\/tinnunculus.sy-sy.cz\/index.php\/wp-json\/wp\/v2\/pages\/45637","targetHints":{"allow":["GET"]}}],"collection":[{"href":"https:\/\/tinnunculus.sy-sy.cz\/index.php\/wp-json\/wp\/v2\/pages"}],"about":[{"href":"https:\/\/tinnunculus.sy-sy.cz\/index.php\/wp-json\/wp\/v2\/types\/page"}],"author":[{"embeddable":true,"href":"https:\/\/tinnunculus.sy-sy.cz\/index.php\/wp-json\/wp\/v2\/users\/2"}],"replies":[{"embeddable":true,"href":"https:\/\/tinnunculus.sy-sy.cz\/index.php\/wp-json\/wp\/v2\/comments?post=45637"}],"version-history":[{"count":3,"href":"https:\/\/tinnunculus.sy-sy.cz\/index.php\/wp-json\/wp\/v2\/pages\/45637\/revisions"}],"predecessor-version":[{"id":45641,"href":"https:\/\/tinnunculus.sy-sy.cz\/index.php\/wp-json\/wp\/v2\/pages\/45637\/revisions\/45641"}],"up":[{"embeddable":true,"href":"https:\/\/tinnunculus.sy-sy.cz\/index.php\/wp-json\/wp\/v2\/pages\/14158"}],"wp:attachment":[{"href":"https:\/\/tinnunculus.sy-sy.cz\/index.php\/wp-json\/wp\/v2\/media?parent=45637"}],"wp:term":[{"taxonomy":"category","embeddable":true,"href":"https:\/\/tinnunculus.sy-sy.cz\/index.php\/wp-json\/wp\/v2\/categories?post=45637"},{"taxonomy":"post_tag","embeddable":true,"href":"https:\/\/tinnunculus.sy-sy.cz\/index.php\/wp-json\/wp\/v2\/tags?post=45637"}],"curies":[{"name":"wp","href":"https:\/\/api.w.org\/{rel}","templated":true}]}}