{"id":45253,"date":"2025-12-12T15:01:15","date_gmt":"2025-12-12T14:01:15","guid":{"rendered":"https:\/\/tinnunculus.sy-sy.cz\/?page_id=45253"},"modified":"2025-12-31T16:16:42","modified_gmt":"2025-12-31T15:16:42","slug":"2027-2","status":"publish","type":"page","link":"https:\/\/tinnunculus.sy-sy.cz\/index.php\/deniky\/2027-2\/","title":{"rendered":"2027"},"content":{"rendered":"<p style=\"text-align: center;\"><br \/>\n<span class=\"dhmscountdown\" data-time=\"23340065\">270 dn\u016f 3 hodin 21 minut 5 sekund<\/span> do za\u010d\u00e1tku roku 2027!<br \/>\n<\/p>\n<hr \/>\n<p style=\"text-align: center;\"><em>\u00a0<a href=\"https:\/\/tinnunculus.sy-sy.cz\/index.php\/deniky\/2026-2\/\">2026<\/a> p\u0159edchoz\u00ed rok \u2194 n\u00e1sleduj\u00edc\u00ed rok 2028 ?<\/em><\/p>\n<p><!--more--><\/p>\n","protected":false},"excerpt":{"rendered":"<p>\u00a02026 p\u0159edchoz\u00ed rok \u2194 n\u00e1sleduj\u00edc\u00ed rok 2028 ?<\/p>\n","protected":false},"author":2,"featured_media":0,"parent":809,"menu_order":21,"comment_status":"closed","ping_status":"closed","template":"","meta":{"jetpack_post_was_ever_published":false,"footnotes":""},"categories":[147,148,119,116,299,308,105,110],"tags":[1588,1424,85,90,91],"class_list":["post-45253","page","type-page","status-publish","hentry","category-nase-postolky","category-nasi-rorysi","category-info","category-nasi","category-nase-mysi","category-ostatni-najemnici-a-navstevnici","category-postolka","category-postolka-obecna","tag-1588","tag-denik","tag-ps_73","tag-ps_96","tag-ps_95"],"jetpack_shortlink":"https:\/\/wp.me\/P91gKE-bLT","jetpack-related-posts":[{"id":38491,"url":"https:\/\/tinnunculus.sy-sy.cz\/index.php\/deniky\/2026-2\/","url_meta":{"origin":45253,"position":0},"title":"2026","author":"Zuzana Syrov\u00e1 An\u00fd\u017eov\u00e1","date":"16\/12\/2024","format":false,"excerpt":"\u00a02025 p\u0159edchoz\u00ed rok \u2194 n\u00e1sleduj\u00edc\u00ed rok 2027 ? 2026\/01\/01 - po silvestrovsk\u00e9 noci str\u00e1ven\u00e9 v polici pod stropem nad hn\u00edzdem pan\u00ed po\u0161tolka odl\u00e9t\u00e1 v 7:34; pan po\u0161tolka, kter\u00fd tr\u00e1vil noc nezn\u00e1mo kde, se vrac\u00ed hned po r\u00e1nu zahnat holuby (8:17). 2026\/01\/03 - jedna kavka se sna\u017e\u00ed sebrat pan\u00ed po\u0161tolce hrabo\u0161e,\u2026","rel":"","context":"V \u201e\"Na\u0161e\" po\u0161tolky\u201c","block_context":{"text":"\"Na\u0161e\" po\u0161tolky","link":"https:\/\/tinnunculus.sy-sy.cz\/index.php\/category\/nasi\/nase-postolky\/"},"img":{"alt_text":"","src":"https:\/\/i0.wp.com\/tinnunculus.sy-sy.cz\/wp-content\/uploads\/2026\/02\/20260228-094239pe-0-e1772301397717-1024x577.jpg?resize=350%2C200&ssl=1","width":350,"height":200,"srcset":"https:\/\/i0.wp.com\/tinnunculus.sy-sy.cz\/wp-content\/uploads\/2026\/02\/20260228-094239pe-0-e1772301397717-1024x577.jpg?resize=350%2C200&ssl=1 1x, https:\/\/i0.wp.com\/tinnunculus.sy-sy.cz\/wp-content\/uploads\/2026\/02\/20260228-094239pe-0-e1772301397717-1024x577.jpg?resize=525%2C300&ssl=1 1.5x"},"classes":[]},{"id":786,"url":"https:\/\/tinnunculus.sy-sy.cz\/index.php\/v-primem-prenosu\/","url_meta":{"origin":45253,"position":1},"title":"V p\u0159\u00edm\u00e9m p\u0159enosu","author":"Zuzana Syrov\u00e1 An\u00fd\u017eov\u00e1","date":"04\/08\/2017","format":false,"excerpt":"0\u00a6\u00a01\u00a6\u00a02\u00a6\u00a03\u00a6\u00a04\u00a6\u00a05\u00a6\u00a06\u00a6\u00a07\u00a6\u00a08\u00a6\u00a09\u00a6\u00a012\u00a6\u00a013\u00a6\u00a014\u00a6\u00a015\u00a6\u00a016\u00a6\u00a017\u00a6\u00a018\u00a6\u00a019\u00a6\u00a020\u00a6 10\u00a6\u00a0\u00a011\u00a6 21\u00a6 \u00a0 Kameru ke sledov\u00e1n\u00ed zvol\u00edte kliknut\u00edm na \u010d\u00edslo kamery nebo ji m\u016f\u017eete vybrat ze seznamu kamer. V\u00edce na str\u00e1nce Na\u0161e kamery. K dispozici jsou skupiny kamer:\u00a0\u00a0z po\u0161tol\u010d\u00ed lod\u017eie (hn\u00edzdo,\u00a0bid\u00fdlka,\u00a0z\u00e1bradl\u00ed,\u00a0za oknem,\u00a0na podlaze, ror\u00fdsovn\u00edk), z okol\u00ed ror\u00fdsovn\u00edku a z po\u0161tol\u010d\u00edho okna. Testujeme rovn\u011b\u017e \u017eiv\u00e9 vys\u00edl\u00e1n\u00ed na na\u0161em po\u0161tol\u010d\u00edm YouTube\u2026","rel":"","context":"V \u201e\"Na\u0161e\" po\u0161tolky\u201c","block_context":{"text":"\"Na\u0161e\" po\u0161tolky","link":"https:\/\/tinnunculus.sy-sy.cz\/index.php\/category\/nasi\/nase-postolky\/"},"img":{"alt_text":"Camera 1","src":"https:\/\/sy-sy.cz\/cam\/webapi\/entry.cgi?api=SYNO.SurveillanceStation.Stream.VideoStreaming&version=1&method=Stream&format=mjpeg&cameraId=2&StmKey=%229853f85e3f00a090389e5f3da7058a2c%22","width":350,"height":200,"srcset":"https:\/\/sy-sy.cz\/cam\/webapi\/entry.cgi?api=SYNO.SurveillanceStation.Stream.VideoStreaming&version=1&method=Stream&format=mjpeg&cameraId=2&StmKey=%229853f85e3f00a090389e5f3da7058a2c%22 1x, https:\/\/sy-sy.cz\/cam\/webapi\/entry.cgi?api=SYNO.SurveillanceStation.Stream.VideoStreaming&version=1&method=Stream&format=mjpeg&cameraId=2&StmKey=%229853f85e3f00a090389e5f3da7058a2c%22 1.5x, https:\/\/sy-sy.cz\/cam\/webapi\/entry.cgi?api=SYNO.SurveillanceStation.Stream.VideoStreaming&version=1&method=Stream&format=mjpeg&cameraId=2&StmKey=%229853f85e3f00a090389e5f3da7058a2c%22 2x, https:\/\/sy-sy.cz\/cam\/webapi\/entry.cgi?api=SYNO.SurveillanceStation.Stream.VideoStreaming&version=1&method=Stream&format=mjpeg&cameraId=2&StmKey=%229853f85e3f00a090389e5f3da7058a2c%22 3x, https:\/\/sy-sy.cz\/cam\/webapi\/entry.cgi?api=SYNO.SurveillanceStation.Stream.VideoStreaming&version=1&method=Stream&format=mjpeg&cameraId=2&StmKey=%229853f85e3f00a090389e5f3da7058a2c%22 4x"},"classes":[]},{"id":20315,"url":"https:\/\/tinnunculus.sy-sy.cz\/index.php\/deniky\/2024-2\/","url_meta":{"origin":45253,"position":2},"title":"2024","author":"Zuzana Syrov\u00e1 An\u00fd\u017eov\u00e1","date":"31\/12\/2022","format":false,"excerpt":"\u00a02023 p\u0159edchoz\u00ed rok \u2194 n\u00e1sleduj\u00edc\u00ed rok 2025 2024\/01\/01 - pan po\u0161tolka vypla\u0161en silvestrovsk\u00fdmi petardami odl\u00e9t\u00e1 necelou minutu po p\u016flnoci; pan\u00ed po\u0161tolka z\u016fst\u00e1v\u00e1 a\u017e do r\u00e1na; pan po\u0161tolka se vrac\u00ed po jej\u00edm odletu v 8:02; ve\u010der se ale vrac\u00ed pouze pan\u00ed po\u0161tolka 2024\/01\/03 - pan po\u0161tolka se op\u011bt vrac\u00ed a\u017e r\u00e1no\u2026","rel":"","context":"V \u201e\"Na\u0161e\" po\u0161tolky\u201c","block_context":{"text":"\"Na\u0161e\" po\u0161tolky","link":"https:\/\/tinnunculus.sy-sy.cz\/index.php\/category\/nasi\/nase-postolky\/"},"img":{"alt_text":"","src":"https:\/\/i0.wp.com\/tinnunculus.sy-sy.cz\/wp-content\/uploads\/2024\/03\/20240323-1120525196-1024x576.jpg?resize=350%2C200&ssl=1","width":350,"height":200,"srcset":"https:\/\/i0.wp.com\/tinnunculus.sy-sy.cz\/wp-content\/uploads\/2024\/03\/20240323-1120525196-1024x576.jpg?resize=350%2C200&ssl=1 1x, https:\/\/i0.wp.com\/tinnunculus.sy-sy.cz\/wp-content\/uploads\/2024\/03\/20240323-1120525196-1024x576.jpg?resize=525%2C300&ssl=1 1.5x"},"classes":[]},{"id":18,"url":"https:\/\/tinnunculus.sy-sy.cz\/index.php\/a-homepage-section\/","url_meta":{"origin":45253,"position":3},"title":"O my\u0161\u00edch a&nbsp;po\u0161tolk\u00e1ch","author":"Zuzana Syrov\u00e1 An\u00fd\u017eov\u00e1","date":"28\/07\/2017","format":false,"excerpt":"Pro\u010d o po\u0161tolk\u00e1ch? Za d\u00e1vn\u00fdch a d\u00e1vn\u00fdch \u010das\u016f, n\u011bkdy t\u011bsn\u011b po roce 1986, kdy jsme se nast\u011bhovali do nov\u00e9ho bytu v panelov\u00e9m dom\u011b v s\u00eddli\u0161ti na okraji Brna, se v na\u0161\u00ed lod\u017eii objevily po\u0161tolky. Dlouh\u00e1 l\u00e9ta byla jejich obl\u00edben\u00fdm m\u00edstem pro p\u0159esp\u00e1n\u00ed a od roku 2007 zde i hn\u00edzd\u00ed. Vybraly\u2026","rel":"","context":"V \u201e\"Na\u0161e\" po\u0161tolky\u201c","block_context":{"text":"\"Na\u0161e\" po\u0161tolky","link":"https:\/\/tinnunculus.sy-sy.cz\/index.php\/category\/nasi\/nase-postolky\/"},"img":{"alt_text":"","src":"https:\/\/i0.wp.com\/tinnunculus.sy-sy.cz\/wp-content\/uploads\/2017\/08\/dsc22907_24x10cb-e1501697514766.jpg?fit=1200%2C500&ssl=1&resize=350%2C200","width":350,"height":200,"srcset":"https:\/\/i0.wp.com\/tinnunculus.sy-sy.cz\/wp-content\/uploads\/2017\/08\/dsc22907_24x10cb-e1501697514766.jpg?fit=1200%2C500&ssl=1&resize=350%2C200 1x, https:\/\/i0.wp.com\/tinnunculus.sy-sy.cz\/wp-content\/uploads\/2017\/08\/dsc22907_24x10cb-e1501697514766.jpg?fit=1200%2C500&ssl=1&resize=525%2C300 1.5x, https:\/\/i0.wp.com\/tinnunculus.sy-sy.cz\/wp-content\/uploads\/2017\/08\/dsc22907_24x10cb-e1501697514766.jpg?fit=1200%2C500&ssl=1&resize=700%2C400 2x, https:\/\/i0.wp.com\/tinnunculus.sy-sy.cz\/wp-content\/uploads\/2017\/08\/dsc22907_24x10cb-e1501697514766.jpg?fit=1200%2C500&ssl=1&resize=1050%2C600 3x"},"classes":[]},{"id":17502,"url":"https:\/\/tinnunculus.sy-sy.cz\/index.php\/deniky\/2023-2\/","url_meta":{"origin":45253,"position":4},"title":"2023","author":"Zuzana Syrov\u00e1 An\u00fd\u017eov\u00e1","date":"30\/12\/2021","format":false,"excerpt":"2022 p\u0159edchoz\u00ed rok \u2194 n\u00e1sleduj\u00edc\u00ed rok\u00a02024 2023\/01\/01 - silvestrovskou noc p\u0159e\u010dkal \"n\u00e1\u0161\" po\u0161tol\u010d\u00ed p\u00e1r ve zdrav\u00ed na bid\u00fdlku; sami\u010dka po r\u00e1nu zah\u00e1n\u00ed drz\u00e9 holuby 2023\/01\/03 - same\u010dek se dvo\u0159\u00ed sami\u010dce na hn\u00edzd\u011b 2023\/02\/07 - obletuje ciz\u00ed same\u010dek, kter\u00e9ho pron\u00e1sleduje vr\u00e1na (8:32); dom\u00e1c\u00ed zah\u00e1n\u011bj\u00ed vet\u0159elce; prvn\u00ed p\u00e1\u0159en\u00ed na z\u00e1bradl\u00ed (8:34) 2023\/02\/08\u2026","rel":"","context":"V \u201e\"Na\u0161e\" po\u0161tolky\u201c","block_context":{"text":"\"Na\u0161e\" po\u0161tolky","link":"https:\/\/tinnunculus.sy-sy.cz\/index.php\/category\/nasi\/nase-postolky\/"},"img":{"alt_text":"","src":"https:\/\/i0.wp.com\/tinnunculus.sy-sy.cz\/wp-content\/uploads\/2023\/03\/20230309_09-05-15-e1678350442869-1024x576.jpg?resize=350%2C200&ssl=1","width":350,"height":200,"srcset":"https:\/\/i0.wp.com\/tinnunculus.sy-sy.cz\/wp-content\/uploads\/2023\/03\/20230309_09-05-15-e1678350442869-1024x576.jpg?resize=350%2C200&ssl=1 1x, https:\/\/i0.wp.com\/tinnunculus.sy-sy.cz\/wp-content\/uploads\/2023\/03\/20230309_09-05-15-e1678350442869-1024x576.jpg?resize=525%2C300&ssl=1 1.5x"},"classes":[]},{"id":13997,"url":"https:\/\/tinnunculus.sy-sy.cz\/index.php\/deniky\/2021-2\/","url_meta":{"origin":45253,"position":5},"title":"2021","author":"Zuzana Syrov\u00e1 An\u00fd\u017eov\u00e1","date":"30\/11\/2020","format":false,"excerpt":"2020\u00a0 p\u0159edchoz\u00ed rok \u2194 n\u00e1sleduj\u00edc\u00ed rok 2022\u00a0 2021\/01\/01 \u2013 po\u0161tol\u010d\u00ed sami\u010dka vypla\u0161en\u00e1 o p\u016flnoci silvestrovsk\u00fdmi petardami p\u0159il\u00e9t\u00e1 a\u017e odpoledne (14:35); same\u010dek se objevuje vz\u00e1p\u011bt\u00ed za n\u00ed (14:54) 2021\/01\/10 - po\u0161tol\u010d\u00ed sami\u010dka se po p\u0159\u00edletu na noc (16:40) uchyluje do police pod stropem u dve\u0159\u00ed, kde vydr\u017e\u00ed a\u017e do 19:02 2021\/01\/26\u2026","rel":"","context":"V \u201eden\u00edk\u201c","block_context":{"text":"den\u00edk","link":"https:\/\/tinnunculus.sy-sy.cz\/index.php\/tag\/denik\/"},"img":{"alt_text":"","src":"https:\/\/i0.wp.com\/tinnunculus.sy-sy.cz\/wp-content\/uploads\/2021\/03\/20210331-1322037018-1024x576.jpg?resize=350%2C200&ssl=1","width":350,"height":200,"srcset":"https:\/\/i0.wp.com\/tinnunculus.sy-sy.cz\/wp-content\/uploads\/2021\/03\/20210331-1322037018-1024x576.jpg?resize=350%2C200&ssl=1 1x, https:\/\/i0.wp.com\/tinnunculus.sy-sy.cz\/wp-content\/uploads\/2021\/03\/20210331-1322037018-1024x576.jpg?resize=525%2C300&ssl=1 1.5x"},"classes":[]}],"jetpack_sharing_enabled":true,"_links":{"self":[{"href":"https:\/\/tinnunculus.sy-sy.cz\/index.php\/wp-json\/wp\/v2\/pages\/45253","targetHints":{"allow":["GET"]}}],"collection":[{"href":"https:\/\/tinnunculus.sy-sy.cz\/index.php\/wp-json\/wp\/v2\/pages"}],"about":[{"href":"https:\/\/tinnunculus.sy-sy.cz\/index.php\/wp-json\/wp\/v2\/types\/page"}],"author":[{"embeddable":true,"href":"https:\/\/tinnunculus.sy-sy.cz\/index.php\/wp-json\/wp\/v2\/users\/2"}],"replies":[{"embeddable":true,"href":"https:\/\/tinnunculus.sy-sy.cz\/index.php\/wp-json\/wp\/v2\/comments?post=45253"}],"version-history":[{"count":2,"href":"https:\/\/tinnunculus.sy-sy.cz\/index.php\/wp-json\/wp\/v2\/pages\/45253\/revisions"}],"predecessor-version":[{"id":45557,"href":"https:\/\/tinnunculus.sy-sy.cz\/index.php\/wp-json\/wp\/v2\/pages\/45253\/revisions\/45557"}],"up":[{"embeddable":true,"href":"https:\/\/tinnunculus.sy-sy.cz\/index.php\/wp-json\/wp\/v2\/pages\/809"}],"wp:attachment":[{"href":"https:\/\/tinnunculus.sy-sy.cz\/index.php\/wp-json\/wp\/v2\/media?parent=45253"}],"wp:term":[{"taxonomy":"category","embeddable":true,"href":"https:\/\/tinnunculus.sy-sy.cz\/index.php\/wp-json\/wp\/v2\/categories?post=45253"},{"taxonomy":"post_tag","embeddable":true,"href":"https:\/\/tinnunculus.sy-sy.cz\/index.php\/wp-json\/wp\/v2\/tags?post=45253"}],"curies":[{"name":"wp","href":"https:\/\/api.w.org\/{rel}","templated":true}]}}