{"id":40330,"date":"2025-03-15T07:51:50","date_gmt":"2025-03-15T06:51:50","guid":{"rendered":"https:\/\/tinnunculus.sy-sy.cz\/?page_id=40330"},"modified":"2025-03-15T08:15:26","modified_gmt":"2025-03-15T07:15:26","slug":"voegel-online","status":"publish","type":"page","link":"https:\/\/tinnunculus.sy-sy.cz\/index.php\/de\/voegel-online\/","title":{"rendered":"V\u00f6gel online"},"content":{"rendered":"<ul>\n<li><a href=\"https:\/\/tinnunculus.sy-sy.cz\/index.php\/de\/links-2\/falco-tinnunculus-online-3\/\">Turmfalke (Falco tinnunculus) online<\/a><\/li>\n<li><a href=\"https:\/\/tinnunculus.sy-sy.cz\/index.php\/de\/links-2\/apus-apus-online\/\">Mauersegler (Apus apus) online<\/a><\/li>\n<li>Andere V\u00f6gel online:\n<ul>\n<li><a href=\"https:\/\/www.viewbirds.com\/\" target=\"_blank\" rel=\"noopener noreferrer\">View Nesting Birds (Bird\u00a0Cams)<\/a><\/li>\n<\/ul>\n<\/li>\n<\/ul>\n","protected":false},"excerpt":{"rendered":"<p>Turmfalke (Falco tinnunculus) online Mauersegler (Apus apus) online Andere V\u00f6gel online: View Nesting Birds (Bird\u00a0Cams)<\/p>\n","protected":false},"author":2,"featured_media":0,"parent":0,"menu_order":67,"comment_status":"closed","ping_status":"closed","template":"","meta":{"jetpack_post_was_ever_published":false,"footnotes":""},"categories":[],"tags":[],"class_list":["post-40330","page","type-page","status-publish","hentry"],"jetpack_shortlink":"https:\/\/wp.me\/P91gKE-auu","jetpack-related-posts":[{"id":9979,"url":"https:\/\/tinnunculus.sy-sy.cz\/index.php\/de\/links-2\/","url_meta":{"origin":40330,"position":0},"title":"Links","author":"Zuzana Syrov\u00e1 An\u00fd\u017eov\u00e1","date":"10\/12\/2019","format":false,"excerpt":"Feldmaus (Microtus arvalis) Hausmaus (Mus musculus) Turmfalke (Falco tinnunculus) Mauersegler (Apus apus) Faunistische Datenbank von \u010cSO: Turmfalke (Falco tinnunclus) in Avif Mauersegler (Apus apus) in Avif Live-Cams und aktualisierten Videos: Turmfalke (Falco tinnunculus) online Mauersegler (Apus apus) online Andere V\u00f6gel: View Nesting Birds (Bird\u00a0Cams) \u00a0 Hier finden Sie auch \"unsere\"\u2026","rel":"","context":"Podobn\u00fd p\u0159\u00edsp\u011bvek","block_context":{"text":"Podobn\u00fd p\u0159\u00edsp\u011bvek","link":""},"img":{"alt_text":"","src":"","width":0,"height":0},"classes":[]},{"id":10013,"url":"https:\/\/tinnunculus.sy-sy.cz\/index.php\/de\/voegel-online\/apus-apus-online\/","url_meta":{"origin":40330,"position":1},"title":"Apus apus online","author":"Zuzana Syrov\u00e1 An\u00fd\u017eov\u00e1","date":"10\/12\/2019","format":false,"excerpt":"Aktualisiert\u00a0 lokalita = Lokalit\u00e4t, Ort, Lokalisierung kamera = Kamera ABK\u00dcRZUNGEN: on+ Kamera on-line on- Kamera on-line, aber andere Vogel off\u00a0 Kamera off-line Die Tabelle zeigt das letzte Jahr, in dem die Mauersegler geschachtelt haben. L\u00e4ndercodes Links: View nesting birds: common swift Webcams gierzwaluwen","rel":"","context":"Podobn\u00fd p\u0159\u00edsp\u011bvek","block_context":{"text":"Podobn\u00fd p\u0159\u00edsp\u011bvek","link":""},"img":{"alt_text":"","src":"","width":0,"height":0},"classes":[]},{"id":9966,"url":"https:\/\/tinnunculus.sy-sy.cz\/index.php\/de\/voegel-online\/falco-tinnunculus-online-3\/","url_meta":{"origin":40330,"position":2},"title":"Falco tinnunculus online","author":"Zuzana Syrov\u00e1 An\u00fd\u017eov\u00e1","date":"10\/12\/2019","format":false,"excerpt":"Aktualisiert \u00a0 lokalita = Lokalit\u00e4t, Ort, Lokalisierung kamera = Kamera ABK\u00dcRZUNGEN: on+ Kamera on-line on- Kamera on-line, aber andere Vogel off\u00a0 Kamera off-line Die Tabelle zeigt das letzte Jahr, in dem die Turmfalken geschachtelt haben. L\u00e4ndercodes 2026 selection\u00a0\u00a0\u2194 Alle Daten ohne Filter Links: View nesting birds: Eurasian Kestrel","rel":"","context":"Podobn\u00fd p\u0159\u00edsp\u011bvek","block_context":{"text":"Podobn\u00fd p\u0159\u00edsp\u011bvek","link":""},"img":{"alt_text":"","src":"","width":0,"height":0},"classes":[]},{"id":46728,"url":"https:\/\/tinnunculus.sy-sy.cz\/index.php\/de\/unsere-turmfalken-online\/youtube-live\/apus-apus-brunensis\/","url_meta":{"origin":40330,"position":3},"title":"Apus apus brunensis","author":"Zuzana Syrov\u00e1 An\u00fd\u017eov\u00e1","date":"12\/03\/2026","format":false,"excerpt":"Permalinks: https:\/\/camstreamer.com\/redirect\/aQ5q2ii4Y7Fnl8YL00vOwCnqJTWmITdUXETNJJ4J https:\/\/camstreamer.com\/redirect\/86o0gPUVvKlp0Z1n2hrui3NHx2D9RVGzrbFYqPHE FALCO TINNUNCULUS BRUNENSIS \u2194 APUS APUS BRUNENSIS","rel":"","context":"Podobn\u00fd p\u0159\u00edsp\u011bvek","block_context":{"text":"Podobn\u00fd p\u0159\u00edsp\u011bvek","link":""},"img":{"alt_text":"","src":"","width":0,"height":0},"classes":[]},{"id":21257,"url":"https:\/\/tinnunculus.sy-sy.cz\/index.php\/de\/unsere-turmfalken-online\/youtube-live\/","url_meta":{"origin":40330,"position":4},"title":"YouTube-Live","author":"Zuzana Syrov\u00e1 An\u00fd\u017eov\u00e1","date":"02\/04\/2023","format":false,"excerpt":"Aktuell live: Falco tinnunculus brunensis 1 \u2192 Falco tinnunculus brunensis 2 \u2192 Apus apus brunensis \u2192 Permalinks: https:\/\/camstreamer.com\/redirect\/A7NqLLFPJXtvFYnNq0lyj4NzktH1FZof7pI4eqpY https:\/\/camstreamer.com\/redirect\/5VlgU1vAmpgM7ORmXjOdcmdzxzEbkX7sJ2IhxQRB https:\/\/camstreamer.com\/redirect\/qp2VoL6U8vNXAWmqPu8ETq3oaYV6YzYztbu34cMx https:\/\/camstreamer.com\/redirect\/XAP6hVk7bKHeT8TQs5rBZb5jV78QywJIVkQS5Lqy https:\/\/camstreamer.com\/redirect\/aQ5q2ii4Y7Fnl8YL00vOwCnqJTWmITdUXETNJJ4J https:\/\/camstreamer.com\/redirect\/86o0gPUVvKlp0Z1n2hrui3NHx2D9RVGzrbFYqPHE https:\/\/camstreamer.com\/redirect\/YprDdaZ6MpC5b4EHoLae835OrfMqeQbmimRKSspC https:\/\/youtube.com\/channel\/UCx1tb6S-HFz_XUyk2bGxavw\/live https:\/\/youtube.com\/channel\/UCn2Pab5nlUR3-bwZhUKdDSw\/live FALCO TINNUNCULUS BRUNENSIS \u2194 APUS APUS BRUNENSIS","rel":"","context":"Podobn\u00fd p\u0159\u00edsp\u011bvek","block_context":{"text":"Podobn\u00fd p\u0159\u00edsp\u011bvek","link":""},"img":{"alt_text":"","src":"","width":0,"height":0},"classes":[]},{"id":46734,"url":"https:\/\/tinnunculus.sy-sy.cz\/index.php\/de\/unsere-turmfalken-online\/youtube-live\/falco-tinnunculus-brunensis\/","url_meta":{"origin":40330,"position":5},"title":"Falco tinnunculus brunensis 1","author":"Zuzana Syrov\u00e1 An\u00fd\u017eov\u00e1","date":"12\/03\/2026","format":false,"excerpt":"Permalinks: https:\/\/camstreamer.com\/redirect\/A7NqLLFPJXtvFYnNq0lyj4NzktH1FZof7pI4eqpY https:\/\/camstreamer.com\/redirect\/5VlgU1vAmpgM7ORmXjOdcmdzxzEbkX7sJ2IhxQRB https:\/\/camstreamer.com\/redirect\/qp2VoL6U8vNXAWmqPu8ETq3oaYV6YzYztbu34cMx https:\/\/camstreamer.com\/redirect\/XAP6hVk7bKHeT8TQs5rBZb5jV78QywJIVkQS5Lqy FALCO TINNUNCULUS BRUNENSIS \u2194 APUS APUS BRUNENSIS","rel":"","context":"Podobn\u00fd p\u0159\u00edsp\u011bvek","block_context":{"text":"Podobn\u00fd p\u0159\u00edsp\u011bvek","link":""},"img":{"alt_text":"","src":"","width":0,"height":0},"classes":[]}],"jetpack_sharing_enabled":true,"_links":{"self":[{"href":"https:\/\/tinnunculus.sy-sy.cz\/index.php\/wp-json\/wp\/v2\/pages\/40330","targetHints":{"allow":["GET"]}}],"collection":[{"href":"https:\/\/tinnunculus.sy-sy.cz\/index.php\/wp-json\/wp\/v2\/pages"}],"about":[{"href":"https:\/\/tinnunculus.sy-sy.cz\/index.php\/wp-json\/wp\/v2\/types\/page"}],"author":[{"embeddable":true,"href":"https:\/\/tinnunculus.sy-sy.cz\/index.php\/wp-json\/wp\/v2\/users\/2"}],"replies":[{"embeddable":true,"href":"https:\/\/tinnunculus.sy-sy.cz\/index.php\/wp-json\/wp\/v2\/comments?post=40330"}],"version-history":[{"count":3,"href":"https:\/\/tinnunculus.sy-sy.cz\/index.php\/wp-json\/wp\/v2\/pages\/40330\/revisions"}],"predecessor-version":[{"id":40347,"href":"https:\/\/tinnunculus.sy-sy.cz\/index.php\/wp-json\/wp\/v2\/pages\/40330\/revisions\/40347"}],"wp:attachment":[{"href":"https:\/\/tinnunculus.sy-sy.cz\/index.php\/wp-json\/wp\/v2\/media?parent=40330"}],"wp:term":[{"taxonomy":"category","embeddable":true,"href":"https:\/\/tinnunculus.sy-sy.cz\/index.php\/wp-json\/wp\/v2\/categories?post=40330"},{"taxonomy":"post_tag","embeddable":true,"href":"https:\/\/tinnunculus.sy-sy.cz\/index.php\/wp-json\/wp\/v2\/tags?post=40330"}],"curies":[{"name":"wp","href":"https:\/\/api.w.org\/{rel}","templated":true}]}}