{"id":39230,"date":"2025-01-22T09:50:13","date_gmt":"2025-01-22T08:50:13","guid":{"rendered":"https:\/\/tinnunculus.sy-sy.cz\/?page_id=39230"},"modified":"2025-03-14T20:07:14","modified_gmt":"2025-03-14T19:07:14","slug":"wildtiere-in-unserem-landhaus","status":"publish","type":"page","link":"https:\/\/tinnunculus.sy-sy.cz\/index.php\/de\/wildtiere-in-unserem-landhaus\/","title":{"rendered":"Wildtiere in unserem Landhaus"},"content":{"rendered":"<p><iframe loading=\"lazy\" src=\"https:\/\/photo.sy-sy.cz\/photo\/embed\/embed.html?album=album_43697374615a766972656e612f543230&amp;openps=1&amp;autoplay=1&amp;lightbox=1\" width=\"480\" height=\"320\" frameborder=\"0\"><span data-mce-type=\"bookmark\" style=\"display: inline-block; width: 0px; overflow: hidden; line-height: 0;\" class=\"mce_SELRES_start\">\ufeff<\/span><span data-mce-type=\"bookmark\" style=\"display: inline-block; width: 0px; overflow: hidden; line-height: 0;\" class=\"mce_SELRES_start\">\ufeff<\/span><\/iframe><\/p>\n<p>Tut uns leid, dieser Inhalt wurde noch nicht in Deutsch \u00fcbersetzt.<br \/>\nLies die\u00a0<a href=\"https:\/\/tinnunculus.sy-sy.cz\/index.php\/en\/wildlife-in-our-country-house\/\">Version auf Englisch<\/a>.<\/p>\n<div style=\"width: 525px;\" class=\"wp-video\"><video class=\"wp-video-shortcode\" id=\"video-39230-1\" width=\"525\" height=\"295\" preload=\"metadata\" controls=\"controls\"><source type=\"video\/mp4\" src=\"https:\/\/tinnunculus.sy-sy.cz\/wp-content\/uploads\/2025\/01\/2024-12-28_2025-01-13.mp4?_=1\" \/><a href=\"https:\/\/tinnunculus.sy-sy.cz\/wp-content\/uploads\/2025\/01\/2024-12-28_2025-01-13.mp4\">https:\/\/tinnunculus.sy-sy.cz\/wp-content\/uploads\/2025\/01\/2024-12-28_2025-01-13.mp4<\/a><\/video><\/div>\n<h5><span style=\"color: #767676; font-size: 0.8125rem; font-weight: 800; letter-spacing: 0.15em; text-transform: uppercase;\">Archives:<\/span><\/h5>\n<ul>\n<li><a style=\"font-size: 1rem;\" href=\"https:\/\/photo.sy-sy.cz\/photo\/?t=Albums\/album_4369737461466f746f70617374#!Albums\/album_43697374615a766972656e61\" target=\"_blank\" rel=\"noopener\">Fotogalerie<\/a><\/li>\n<li><a style=\"font-size: 1rem;\" href=\"https:\/\/photo.sy-sy.cz\/photo\/?t=Albums\/album_4369737461466f746f70617374#Albums\/album_4369737461466f746f70617374\" target=\"_blank\" rel=\"noopener\">Wildkamera<\/a><\/li>\n<\/ul>\n","protected":false},"excerpt":{"rendered":"<p>\ufeff\ufeff Tut uns leid, dieser Inhalt wurde noch nicht in Deutsch \u00fcbersetzt. Lies die\u00a0Version auf Englisch. Archives: Fotogalerie Wildkamera<\/p>\n","protected":false},"author":2,"featured_media":0,"parent":0,"menu_order":23,"comment_status":"closed","ping_status":"closed","template":"","meta":{"jetpack_post_was_ever_published":false,"footnotes":""},"categories":[1155],"tags":[],"class_list":["post-39230","page","type-page","status-publish","hentry","category-mieter-und-besucher"],"jetpack_shortlink":"https:\/\/wp.me\/P91gKE-acK","jetpack-related-posts":[{"id":9979,"url":"https:\/\/tinnunculus.sy-sy.cz\/index.php\/de\/links-2\/","url_meta":{"origin":39230,"position":0},"title":"Links","author":"Zuzana Syrov\u00e1 An\u00fd\u017eov\u00e1","date":"10\/12\/2019","format":false,"excerpt":"Feldmaus (Microtus arvalis) Hausmaus (Mus musculus) Turmfalke (Falco tinnunculus) Mauersegler (Apus apus) Faunistische Datenbank von \u010cSO: Turmfalke (Falco tinnunclus) in Avif Mauersegler (Apus apus) in Avif Live-Cams und aktualisierten Videos: Turmfalke (Falco tinnunculus) online Mauersegler (Apus apus) online Andere V\u00f6gel: View Nesting Birds (Bird\u00a0Cams) \u00a0 Hier finden Sie auch \"unsere\"\u2026","rel":"","context":"Podobn\u00fd p\u0159\u00edsp\u011bvek","block_context":{"text":"Podobn\u00fd p\u0159\u00edsp\u011bvek","link":""},"img":{"alt_text":"","src":"","width":0,"height":0},"classes":[]},{"id":9873,"url":"https:\/\/tinnunculus.sy-sy.cz\/index.php\/de\/vorbericht\/","url_meta":{"origin":39230,"position":1},"title":"Vorbericht","author":"Zuzana Syrov\u00e1 An\u00fd\u017eov\u00e1","date":"09\/12\/2019","format":false,"excerpt":"Willkommen bei Turmfalken aus Brno! Seit 2007 haben wir in fast jedem Jahr ein Turmfalkenp\u00e4rchen bei uns zu Gast auf unserem Balkon. Wir m\u00f6chten mit dieser Homepage allen Turmfalkenfreunden und solchen die es werden wollen diese faszinierenden Tiere n\u00e4her bringen! Aktuelles Live-Video: Live vom Turmfalkenbalkon \u00a6 von den Mauerseglerk\u00e4sten \u00a6\u2026","rel":"","context":"Podobn\u00fd p\u0159\u00edsp\u011bvek","block_context":{"text":"Podobn\u00fd p\u0159\u00edsp\u011bvek","link":""},"img":{"alt_text":"","src":"","width":0,"height":0},"classes":[]},{"id":9887,"url":"https:\/\/tinnunculus.sy-sy.cz\/index.php\/de\/maeusen\/","url_meta":{"origin":39230,"position":2},"title":"M\u00e4usen","author":"Zuzana Syrov\u00e1 An\u00fd\u017eov\u00e1","date":"09\/12\/2019","format":false,"excerpt":"Rolanda (2009\/05\/30\u20142011\/05\/31) Rolandek (2011\/07\/06\u20142012\/10\/02) Martinka (2012\/11\/11\u20142013\/10\/2?) Cecilka (2013\/11\/22\u20142016\/04\/10) J\u016flinka (2016\/04\/12\u20142017\/03\/21) Leont\u00fdnka (2017\/03\/22\u20142017\/10\/02) \u00c9li\u0161ka (2017\/10\/05\u20142018\/09\/26) Ivu\u0161ka (2018\/10\/01\u20142018\/10\/26-29) Waru\u0161ka (2018\/10\/01\u20142020\/01\/14) Bla\u017eenka (2020\/02\/03\u20142021\/05\/14) \u017dofie (2021\/05\/15\u20142023\/06\/24) Am\u00e1lka (2023\/07\/10\u20142024\/12\/31) Jakubka, Tochter von Am\u00e1lka (2023\/08\/15\u20142023\/10\/28) Haninka, Tochter von Am\u00e1lka (2023\/08\/15\u20142024\/11\/13) Vilma (2025\/01\/07\u20142025\/12\/10) Lucie (2025\/12\/13\u2014) Lucie lebt bei uns .","rel":"","context":"V \u201eHausmaus\u201c","block_context":{"text":"Hausmaus","link":"https:\/\/tinnunculus.sy-sy.cz\/index.php\/de\/category\/maus\/hausmaus\/"},"img":{"alt_text":"","src":"https:\/\/i0.wp.com\/tinnunculus.sy-sy.cz\/wp-content\/uploads\/2024\/03\/P1370792u1-1024x698.jpg?resize=350%2C200&ssl=1","width":350,"height":200,"srcset":"https:\/\/i0.wp.com\/tinnunculus.sy-sy.cz\/wp-content\/uploads\/2024\/03\/P1370792u1-1024x698.jpg?resize=350%2C200&ssl=1 1x, https:\/\/i0.wp.com\/tinnunculus.sy-sy.cz\/wp-content\/uploads\/2024\/03\/P1370792u1-1024x698.jpg?resize=525%2C300&ssl=1 1.5x"},"classes":[]},{"id":867,"url":"https:\/\/tinnunculus.sy-sy.cz\/index.php\/de\/turmfalken\/","url_meta":{"origin":39230,"position":3},"title":"Turmfalken Nistsaison","author":"Zuzana Syrov\u00e1 An\u00fd\u017eov\u00e1","date":"04\/08\/2017","format":false,"excerpt":"2007 5 + 1 Eier (2007\/05\/10). 5 K\u00fcken (2007\/06\/03\u20142007\/06\/04). 5 Jungv\u00f6gel fl\u00fcgge. 2008 5 Eier (2008\/05\/05\u20142008\/05\/14). 0 K\u00fcken. 0 Jungv\u00f6gel fl\u00fcgge. 2009 4 Eier (2009\/04\/24\u20142009\/05\/01). 3 K\u00fcken (2009\/05\/27\u20142009\/05\/28). 3 Jungv\u00f6gel fl\u00fcgge. 2010 6 Eier (2010\/04\/12\u20142010\/04\/22). 6 K\u00fcken (2010\/05\/17\u20142010\/05\/20). 1 Junges gestorben (2010\/05\/31\u20142010\/06\/01). 5 Jungv\u00f6gel fl\u00fcgge. 2011 5 Eier (2011\/04\/09\u20142011\/04\/18). 5\u2026","rel":"","context":"V \u201e\"Unsere\" Turmfalken\u201c","block_context":{"text":"\"Unsere\" Turmfalken","link":"https:\/\/tinnunculus.sy-sy.cz\/index.php\/de\/category\/mieter-und-besucher\/unsere-turmfalken\/"},"img":{"alt_text":"Vlajka \u010cesk\u00e9 republiky","src":"https:\/\/i0.wp.com\/statni.vlajky.org\/32\/ceska_republika.png?resize=350%2C200","width":350,"height":200},"classes":[]},{"id":21204,"url":"https:\/\/tinnunculus.sy-sy.cz\/index.php\/de\/bruenner-turmfalken\/","url_meta":{"origin":39230,"position":4},"title":"Br\u00fcnner Turmfalken","author":"Zuzana Syrov\u00e1 An\u00fd\u017eov\u00e1","date":"31\/03\/2023","format":false,"excerpt":"\u00a0 Hier k\u00f6nnen Sie das Geschehen auf unserem Balkon in der Bystrc-Siedlung am Stadtrand von Br\u00fcnn mit den aktuellen Ereignissen im Nistkasten im Stadtzentrum in der Francouzsk\u00e1-Stra\u00dfe oder in der Bohunice-Siedlung vergleichen. Unsere anderen Kameras Live-\u00dcbertragungen von anderen Orten. Die Live-\u00dcbertragung aus Bohunice hat in der Saison 2026 noch nicht\u2026","rel":"","context":"V \u201e(Web-)Kameras\u201c","block_context":{"text":"(Web-)Kameras","link":"https:\/\/tinnunculus.sy-sy.cz\/index.php\/de\/category\/live-uebertragung\/web-kameras\/"},"img":{"alt_text":"","src":"","width":0,"height":0},"classes":[]},{"id":10026,"url":"https:\/\/tinnunculus.sy-sy.cz\/index.php\/de\/data-protection-declaration-2\/","url_meta":{"origin":39230,"position":5},"title":"Datenschutzerkl\u00e4rung","author":"Zuzana Syrov\u00e1 An\u00fd\u017eov\u00e1","date":"10\/12\/2019","format":false,"excerpt":"Tut uns leid, dieser Inhalt wurde noch nicht in Deutsch \u00fcbersetzt. Lies die Version auf Englisch.","rel":"","context":"Podobn\u00fd p\u0159\u00edsp\u011bvek","block_context":{"text":"Podobn\u00fd p\u0159\u00edsp\u011bvek","link":""},"img":{"alt_text":"","src":"","width":0,"height":0},"classes":[]}],"jetpack_sharing_enabled":true,"_links":{"self":[{"href":"https:\/\/tinnunculus.sy-sy.cz\/index.php\/wp-json\/wp\/v2\/pages\/39230","targetHints":{"allow":["GET"]}}],"collection":[{"href":"https:\/\/tinnunculus.sy-sy.cz\/index.php\/wp-json\/wp\/v2\/pages"}],"about":[{"href":"https:\/\/tinnunculus.sy-sy.cz\/index.php\/wp-json\/wp\/v2\/types\/page"}],"author":[{"embeddable":true,"href":"https:\/\/tinnunculus.sy-sy.cz\/index.php\/wp-json\/wp\/v2\/users\/2"}],"replies":[{"embeddable":true,"href":"https:\/\/tinnunculus.sy-sy.cz\/index.php\/wp-json\/wp\/v2\/comments?post=39230"}],"version-history":[{"count":3,"href":"https:\/\/tinnunculus.sy-sy.cz\/index.php\/wp-json\/wp\/v2\/pages\/39230\/revisions"}],"predecessor-version":[{"id":39235,"href":"https:\/\/tinnunculus.sy-sy.cz\/index.php\/wp-json\/wp\/v2\/pages\/39230\/revisions\/39235"}],"wp:attachment":[{"href":"https:\/\/tinnunculus.sy-sy.cz\/index.php\/wp-json\/wp\/v2\/media?parent=39230"}],"wp:term":[{"taxonomy":"category","embeddable":true,"href":"https:\/\/tinnunculus.sy-sy.cz\/index.php\/wp-json\/wp\/v2\/categories?post=39230"},{"taxonomy":"post_tag","embeddable":true,"href":"https:\/\/tinnunculus.sy-sy.cz\/index.php\/wp-json\/wp\/v2\/tags?post=39230"}],"curies":[{"name":"wp","href":"https:\/\/api.w.org\/{rel}","templated":true}]}}