{"id":39226,"date":"2025-01-22T09:38:45","date_gmt":"2025-01-22T08:38:45","guid":{"rendered":"https:\/\/tinnunculus.sy-sy.cz\/?page_id=39226"},"modified":"2025-03-14T20:06:51","modified_gmt":"2025-03-14T19:06:51","slug":"la-faune-de-notre-maison-de-campagne","status":"publish","type":"page","link":"https:\/\/tinnunculus.sy-sy.cz\/index.php\/fr\/la-faune-de-notre-maison-de-campagne\/","title":{"rendered":"Faune de notre maison de \u010cist\u00e1"},"content":{"rendered":"<p><iframe loading=\"lazy\" src=\"https:\/\/photo.sy-sy.cz\/photo\/embed\/embed.html?album=album_43697374615a766972656e612f543230&amp;openps=1&amp;autoplay=1&amp;lightbox=1\" width=\"480\" height=\"320\" frameborder=\"0\"><span data-mce-type=\"bookmark\" style=\"display: inline-block; width: 0px; overflow: hidden; line-height: 0;\" class=\"mce_SELRES_start\">\ufeff<\/span><\/iframe><\/p>\n<p>Notre maison de campagne \u00e0 \u010cist\u00e1 pr\u00e8s de Litomy\u0161l abrite plusieurs animaux : des rougequeues \u00e0 front blanc, des sittelles, des chauves-souris et des martres. En 2022, nous avons d\u00e9couvert dans le grenier au-dessus des <span class=\"mw-page-title-main\">pelotes de r\u00e9jection\u00a0<\/span>qui indiquent la pr\u00e9sence d&#8217;une chouette effraie. C&#8217;est pourquoi, en d\u00e9cembre 2024, nous y avons install\u00e9 un pi\u00e8ge photographique. La cour et le jardin de la maison sont habit\u00e9s par d&#8217;autres animaux, dont certains s&#8217;installent dans la maison pour l&#8217;hiver.<\/p>\n<div style=\"width: 525px;\" class=\"wp-video\"><video class=\"wp-video-shortcode\" id=\"video-39226-1\" width=\"525\" height=\"295\" preload=\"metadata\" controls=\"controls\"><source type=\"video\/mp4\" src=\"https:\/\/tinnunculus.sy-sy.cz\/wp-content\/uploads\/2025\/01\/2024-12-28_2025-01-13.mp4?_=1\" \/><a href=\"https:\/\/tinnunculus.sy-sy.cz\/wp-content\/uploads\/2025\/01\/2024-12-28_2025-01-13.mp4\">https:\/\/tinnunculus.sy-sy.cz\/wp-content\/uploads\/2025\/01\/2024-12-28_2025-01-13.mp4<\/a><\/video><\/div>\n<h5>Articles connexes :<\/h5>\n<ul>\n<li><a href=\"https:\/\/tinnunculus.sy-sy.cz\/index.php\/zvirena-u-nas-v-ciste\/zvirena-v-ciste\/\">&#8222;Nos&#8220; animaux de \u010cist\u00e1<\/a>\u00a0(uniquement en tch\u00e8que)<\/li>\n<\/ul>\n<h5>Archives :<\/h5>\n<ul>\n<li><a href=\"https:\/\/photo.sy-sy.cz\/photo\/?t=Albums\/album_4369737461466f746f70617374#!Albums\/album_43697374615a766972656e61\" target=\"_blank\" rel=\"noopener\">Galerie de photos<\/a><\/li>\n<li><a href=\"https:\/\/photo.sy-sy.cz\/photo\/?t=Albums\/album_4369737461466f746f70617374#Albums\/album_4369737461466f746f70617374\" target=\"_blank\" rel=\"noopener\">Pi\u00e8ge photographique<\/a><\/li>\n<\/ul>\n","protected":false},"excerpt":{"rendered":"<p>\ufeff Notre maison de campagne \u00e0 \u010cist\u00e1 pr\u00e8s de Litomy\u0161l abrite plusieurs animaux : des rougequeues \u00e0 front blanc, des sittelles, des chauves-souris et des martres. En 2022, nous avons d\u00e9couvert dans le grenier au-dessus des pelotes de r\u00e9jection\u00a0qui indiquent la pr\u00e9sence d&#8217;une chouette effraie. C&#8217;est pourquoi, en d\u00e9cembre 2024, nous y avons install\u00e9 un &hellip; <\/p>\n<p class=\"link-more\"><a href=\"https:\/\/tinnunculus.sy-sy.cz\/index.php\/fr\/la-faune-de-notre-maison-de-campagne\/\" class=\"more-link\">Pokra\u010dovat ve \u010dten\u00ed<span class=\"screen-reader-text\"> &#8222;Faune de notre maison de \u010cist\u00e1&#8220;<\/span><\/a><\/p>\n","protected":false},"author":2,"featured_media":0,"parent":0,"menu_order":23,"comment_status":"closed","ping_status":"closed","template":"","meta":{"jetpack_post_was_ever_published":false,"footnotes":""},"categories":[1153],"tags":[],"class_list":["post-39226","page","type-page","status-publish","hentry","category-locataires-et-visiteurs"],"jetpack_shortlink":"https:\/\/wp.me\/P91gKE-acG","jetpack-related-posts":[{"id":12884,"url":"https:\/\/tinnunculus.sy-sy.cz\/index.php\/fr\/des-souris-et-des-crecerelles\/","url_meta":{"origin":39226,"position":0},"title":"Des souris et des cr\u00e9cerelles","author":"Zuzana Syrov\u00e1 An\u00fd\u017eov\u00e1","date":"30\/05\/2020","format":false,"excerpt":"Les faucons cr\u00e9cerelles vivent depuis longtemps avec nous sur le balcon de notre appartement dans la banlieue de Brno. Au d\u00e9part, ils utilisaient notre balcon uniquement comme abri et dortoir, mais depuis l'incendie de 2006, la situation a chang\u00e9. \u00c0 partir de la saison 2007, les cr\u00e9cerelles nichent ici. L'histoire\u2026","rel":"","context":"V \u201e\"Nos\" cr\u00e9cerelles\u201c","block_context":{"text":"\"Nos\" cr\u00e9cerelles","link":"https:\/\/tinnunculus.sy-sy.cz\/index.php\/fr\/category\/locataires-et-visiteurs\/nos-crecerelles\/"},"img":{"alt_text":"","src":"https:\/\/i0.wp.com\/tinnunculus.sy-sy.cz\/wp-content\/uploads\/2017\/08\/dsc22907_24x10cb-e1501697514766.jpg?resize=350%2C200&ssl=1","width":350,"height":200,"srcset":"https:\/\/i0.wp.com\/tinnunculus.sy-sy.cz\/wp-content\/uploads\/2017\/08\/dsc22907_24x10cb-e1501697514766.jpg?resize=350%2C200&ssl=1 1x, https:\/\/i0.wp.com\/tinnunculus.sy-sy.cz\/wp-content\/uploads\/2017\/08\/dsc22907_24x10cb-e1501697514766.jpg?resize=525%2C300&ssl=1 1.5x, https:\/\/i0.wp.com\/tinnunculus.sy-sy.cz\/wp-content\/uploads\/2017\/08\/dsc22907_24x10cb-e1501697514766.jpg?resize=700%2C400&ssl=1 2x, https:\/\/i0.wp.com\/tinnunculus.sy-sy.cz\/wp-content\/uploads\/2017\/08\/dsc22907_24x10cb-e1501697514766.jpg?resize=1050%2C600&ssl=1 3x, https:\/\/i0.wp.com\/tinnunculus.sy-sy.cz\/wp-content\/uploads\/2017\/08\/dsc22907_24x10cb-e1501697514766.jpg?resize=1400%2C800&ssl=1 4x"},"classes":[]},{"id":11894,"url":"https:\/\/tinnunculus.sy-sy.cz\/index.php\/fr\/nos-crecerelles-online\/nos-webcams\/","url_meta":{"origin":39226,"position":1},"title":"Nos webcams","author":"Zuzana Syrov\u00e1 An\u00fd\u017eov\u00e1","date":"03\/04\/2020","format":false,"excerpt":"0\u00a6\u00a01\u00a6\u00a02\u00a6\u00a03\u00a6\u00a04\u00a6\u00a05\u00a6\u00a06\u00a6\u00a07\u00a6\u00a08\u00a6\u00a09\u00a6\u00a012\u00a6\u00a013\u00a6\u00a014\u00a6\u00a015\u00a6\u00a016\u00a6\u00a017\u00a6\u00a018\u00a6\u00a019\u00a6\u00a020\u00a6 10\u00a6\u00a0 11\u00a6 21\u00a6 \u2190\u00a0Liste des cam\u00e9ras Coin derri\u00e8re la porte du balcon avec le nouveau nid \u2013 AXIS M1135 (1) Nouveau nid \u00a6\u00a0Perchoirs au-dessus du nouveau nid \u00a6 Nichoirs des martinets \u2013 AXIS M2014-E (1) Perchoirs au-dessus du nouveau nid \u2013 AXIS M1125 (1) Perchoirs au-dessus de l'ancien nid\u2026","rel":"","context":"V \u201e\"Nos\" cr\u00e9cerelles\u201c","block_context":{"text":"\"Nos\" cr\u00e9cerelles","link":"https:\/\/tinnunculus.sy-sy.cz\/index.php\/fr\/category\/locataires-et-visiteurs\/nos-crecerelles\/"},"img":{"alt_text":"","src":"https:\/\/i0.wp.com\/tinnunculus.sy-sy.cz\/wp-content\/uploads\/2021\/05\/youtube-1718976_960_720-300x300.png?resize=350%2C200&ssl=1","width":350,"height":200},"classes":[]},{"id":9870,"url":"https:\/\/tinnunculus.sy-sy.cz\/index.php\/fr\/introduction-2\/","url_meta":{"origin":39226,"position":2},"title":"Introduction","author":"Zuzana Syrov\u00e1 An\u00fd\u017eov\u00e1","date":"09\/12\/2019","format":false,"excerpt":"Bienvenue chez les faucons cr\u00e9cerelles de Brno! Ce site est d\u00e9di\u00e9 aux faucons cr\u00e9cerelles, qui nichent sur notre balcon depuis 2007. Les faucons y passent la nuit sur les perchoirs souvent pendant toute l'ann\u00e9e. Un nichoir pour les martinets noirs est situ\u00e9 au-dessus de la fen\u00eatre voisine. Jusqu'\u00e0 pr\u00e9sent, nos\u2026","rel":"","context":"Podobn\u00fd p\u0159\u00edsp\u011bvek","block_context":{"text":"Podobn\u00fd p\u0159\u00edsp\u011bvek","link":""},"img":{"alt_text":"","src":"","width":0,"height":0},"classes":[]},{"id":21198,"url":"https:\/\/tinnunculus.sy-sy.cz\/index.php\/fr\/crecerelles-de-brno\/","url_meta":{"origin":39226,"position":3},"title":"Cr\u00e9cerelles de Brno","author":"Zuzana Syrov\u00e1 An\u00fd\u017eov\u00e1","date":"31\/03\/2023","format":false,"excerpt":"\u00a0 Ici, vous pouvez comparer ce qui se passe sur notre balcon dans le lotissement Bystrc dans la banlieue de Brno avec les \u00e9v\u00e9nements actuels dans le nichoir du centre-ville sur la rue Francouzsk\u00e1 ou dans le lotissement Bohunice. Nos autres cam\u00e9ras Diffusions en direct d'autres localit\u00e9s. La diffusion en\u2026","rel":"","context":"V \u201eCam\u00e9ras (Web)\u201c","block_context":{"text":"Cam\u00e9ras (Web)","link":"https:\/\/tinnunculus.sy-sy.cz\/index.php\/fr\/category\/diffusion-en-direct\/cameras-web\/"},"img":{"alt_text":"","src":"","width":0,"height":0},"classes":[]},{"id":9963,"url":"https:\/\/tinnunculus.sy-sy.cz\/index.php\/fr\/oiseaux-en-direct\/falco-tinnunculus-online-2\/","url_meta":{"origin":39226,"position":4},"title":"Falco tinnunculus online","author":"Zuzana Syrov\u00e1 An\u00fd\u017eov\u00e1","date":"10\/12\/2019","format":false,"excerpt":"Mis \u00e0 jour Termes tch\u00e8ques: lokalita = localisation, localit\u00e9 kamera = cam\u00e9ra Abr\u00e9viations: on+ cam\u00e9ra on-line on- cam\u00e9ra on-line,\u00a0mais un autre genre d'oiseau off\u00a0 cam\u00e9ra off-line Le tableau montre la derni\u00e8re ann\u00e9e au cours de laquelle les cr\u00e9cerelles ont nich\u00e9 avec succ\u00e8s ou sans succ\u00e8s dans la localit\u00e9. Codes des\u2026","rel":"","context":"Podobn\u00fd p\u0159\u00edsp\u011bvek","block_context":{"text":"Podobn\u00fd p\u0159\u00edsp\u011bvek","link":""},"img":{"alt_text":"","src":"","width":0,"height":0},"classes":[]},{"id":47361,"url":"https:\/\/tinnunculus.sy-sy.cz\/index.php\/fr\/nos-crecerelles-online\/nos-webcams\/liste-des-cameras\/camera-21\/21-crecerelles-de-fenetre-de-cuisine\/","url_meta":{"origin":39226,"position":5},"title":"21 \u00a6 Cr\u00e9cerelles de fen\u00eatre de cuisine","author":"Zuzana Syrov\u00e1 An\u00fd\u017eov\u00e1","date":"23\/03\/2026","format":false,"excerpt":"21\u00a6","rel":"","context":"V \u201e\"Nos\" cr\u00e9cerelles\u201c","block_context":{"text":"\"Nos\" cr\u00e9cerelles","link":"https:\/\/tinnunculus.sy-sy.cz\/index.php\/fr\/category\/locataires-et-visiteurs\/nos-crecerelles\/"},"img":{"alt_text":"Camera 21","src":"https:\/\/sy-sy.cz\/cam\/webapi\/entry.cgi?api=SYNO.SurveillanceStation.Stream.VideoStreaming&version=1&method=Stream&format=mjpeg&cameraId=70&StmKey=%22ac0aa1938a31ee59376e7854dc7d885d%22","width":350,"height":200,"srcset":"https:\/\/sy-sy.cz\/cam\/webapi\/entry.cgi?api=SYNO.SurveillanceStation.Stream.VideoStreaming&version=1&method=Stream&format=mjpeg&cameraId=70&StmKey=%22ac0aa1938a31ee59376e7854dc7d885d%22 1x, https:\/\/sy-sy.cz\/cam\/webapi\/entry.cgi?api=SYNO.SurveillanceStation.Stream.VideoStreaming&version=1&method=Stream&format=mjpeg&cameraId=70&StmKey=%22ac0aa1938a31ee59376e7854dc7d885d%22 1.5x, https:\/\/sy-sy.cz\/cam\/webapi\/entry.cgi?api=SYNO.SurveillanceStation.Stream.VideoStreaming&version=1&method=Stream&format=mjpeg&cameraId=70&StmKey=%22ac0aa1938a31ee59376e7854dc7d885d%22 2x, https:\/\/sy-sy.cz\/cam\/webapi\/entry.cgi?api=SYNO.SurveillanceStation.Stream.VideoStreaming&version=1&method=Stream&format=mjpeg&cameraId=70&StmKey=%22ac0aa1938a31ee59376e7854dc7d885d%22 3x"},"classes":[]}],"jetpack_sharing_enabled":true,"_links":{"self":[{"href":"https:\/\/tinnunculus.sy-sy.cz\/index.php\/wp-json\/wp\/v2\/pages\/39226","targetHints":{"allow":["GET"]}}],"collection":[{"href":"https:\/\/tinnunculus.sy-sy.cz\/index.php\/wp-json\/wp\/v2\/pages"}],"about":[{"href":"https:\/\/tinnunculus.sy-sy.cz\/index.php\/wp-json\/wp\/v2\/types\/page"}],"author":[{"embeddable":true,"href":"https:\/\/tinnunculus.sy-sy.cz\/index.php\/wp-json\/wp\/v2\/users\/2"}],"replies":[{"embeddable":true,"href":"https:\/\/tinnunculus.sy-sy.cz\/index.php\/wp-json\/wp\/v2\/comments?post=39226"}],"version-history":[{"count":3,"href":"https:\/\/tinnunculus.sy-sy.cz\/index.php\/wp-json\/wp\/v2\/pages\/39226\/revisions"}],"predecessor-version":[{"id":39240,"href":"https:\/\/tinnunculus.sy-sy.cz\/index.php\/wp-json\/wp\/v2\/pages\/39226\/revisions\/39240"}],"wp:attachment":[{"href":"https:\/\/tinnunculus.sy-sy.cz\/index.php\/wp-json\/wp\/v2\/media?parent=39226"}],"wp:term":[{"taxonomy":"category","embeddable":true,"href":"https:\/\/tinnunculus.sy-sy.cz\/index.php\/wp-json\/wp\/v2\/categories?post=39226"},{"taxonomy":"post_tag","embeddable":true,"href":"https:\/\/tinnunculus.sy-sy.cz\/index.php\/wp-json\/wp\/v2\/tags?post=39226"}],"curies":[{"name":"wp","href":"https:\/\/api.w.org\/{rel}","templated":true}]}}