{"id":39202,"date":"2025-01-21T23:07:23","date_gmt":"2025-01-21T22:07:23","guid":{"rendered":"https:\/\/tinnunculus.sy-sy.cz\/?page_id=39202"},"modified":"2025-12-14T23:56:17","modified_gmt":"2025-12-14T22:56:17","slug":"zvirena-u-nas-v-ciste","status":"publish","type":"page","link":"https:\/\/tinnunculus.sy-sy.cz\/index.php\/zvirena-u-nas-v-ciste\/","title":{"rendered":"Zv\u00ed\u0159ena u&nbsp;n\u00e1s v&nbsp;\u010cist\u00e9"},"content":{"rendered":"<p><iframe loading=\"lazy\" src=\"https:\/\/photo.sy-sy.cz\/photo\/embed\/embed.html?album=album_43697374615a766972656e612f543230&amp;openps=1&amp;autoplay=1&amp;lightbox=1\" width=\"480\" height=\"320\" frameborder=\"0\"><span data-mce-type=\"bookmark\" style=\"display: inline-block; width: 0px; overflow: hidden; line-height: 0;\" class=\"mce_SELRES_start\">\ufeff<\/span><\/iframe><\/p>\n<p>N\u00e1\u0161 vesnick\u00fd d\u016fm v&nbsp;\u010cist\u00e9 u&nbsp;Litomy\u0161le si pro trval\u00e9 bydlen\u00ed vybrali rehkov\u00e9, brhl\u00edci, netop\u00fd\u0159i a&nbsp;kuna. Od roku 2022 se v&nbsp;zadn\u00ed \u010d\u00e1sti p\u016fdy nad chl\u00e9vem za\u010daly objevovat v\u00fdvr\u017eky, kter\u00e9 sv\u011bd\u010d\u00ed o&nbsp;tom, \u017ee si toto m\u00edsto obl\u00edbila i&nbsp;sova p\u00e1len\u00e1. V&nbsp;prosinci 2024 jsme tam proto nainstalovali <a href=\"https:\/\/photo.sy-sy.cz\/photo\/?t=Albums\/album_4369737461466f746f70617374#Albums\/album_4369737461466f746f70617374\" target=\"_blank\" rel=\"noopener\">fotopast<\/a>. Dv\u016fr i\u00a0zahrada domu jsou plny dal\u0161\u00ed nejr\u016fzn\u011bj\u0161\u00ed hav\u011bti, z\u00a0n\u00ed\u017e \u010d\u00e1st se na zimu stahuje do domu.<\/p>\n<div style=\"width: 525px;\" class=\"wp-video\"><video class=\"wp-video-shortcode\" id=\"video-39202-1\" width=\"525\" height=\"295\" preload=\"metadata\" controls=\"controls\"><source type=\"video\/mp4\" src=\"https:\/\/tinnunculus.sy-sy.cz\/wp-content\/uploads\/2025\/01\/2024-12-28_2025-01-13.mp4?_=1\" \/><a href=\"https:\/\/tinnunculus.sy-sy.cz\/wp-content\/uploads\/2025\/01\/2024-12-28_2025-01-13.mp4\">https:\/\/tinnunculus.sy-sy.cz\/wp-content\/uploads\/2025\/01\/2024-12-28_2025-01-13.mp4<\/a><\/video><\/div>\n<h5>Souvisej\u00edc\u00ed p\u0159\u00edsp\u011bvky:<\/h5>\n<ul>\n<li><a href=\"https:\/\/tinnunculus.sy-sy.cz\/index.php\/zvirena-v-ciste\/\">&#8222;Na\u0161e&#8220; zv\u00ed\u0159ena v&nbsp;\u010cist\u00e9<\/a> v\u00a0Bloku (aneb blogu, bloku \u010dili z\u00e1pisn\u00edku)<\/li>\n<\/ul>\n<h5>Archiv:<\/h5>\n<ul>\n<li><a href=\"https:\/\/photo.sy-sy.cz\/photo\/?t=Albums\/album_4369737461466f746f70617374#!Albums\/album_43697374615a766972656e61\" target=\"_blank\" rel=\"noopener\">V\u00fdb\u011br fotografi\u00ed<\/a><\/li>\n<li><a href=\"https:\/\/photo.sy-sy.cz\/photo\/?t=Albums\/album_4369737461466f746f70617374#Albums\/album_4369737461466f746f70617374\" target=\"_blank\" rel=\"noopener\">Sn\u00edmky a&nbsp;z\u00e1znamy fotopasti<\/a><\/li>\n<\/ul>\n","protected":false},"excerpt":{"rendered":"<p>\ufeff N\u00e1\u0161 vesnick\u00fd d\u016fm v&nbsp;\u010cist\u00e9 u&nbsp;Litomy\u0161le si pro trval\u00e9 bydlen\u00ed vybrali rehkov\u00e9, brhl\u00edci, netop\u00fd\u0159i a&nbsp;kuna. Od roku 2022 se v&nbsp;zadn\u00ed \u010d\u00e1sti p\u016fdy nad chl\u00e9vem za\u010daly objevovat v\u00fdvr\u017eky, kter\u00e9 sv\u011bd\u010d\u00ed o&nbsp;tom, \u017ee si toto m\u00edsto obl\u00edbila i&nbsp;sova p\u00e1len\u00e1. V&nbsp;prosinci 2024 jsme tam proto nainstalovali fotopast. Dv\u016fr i\u00a0zahrada domu jsou plny dal\u0161\u00ed nejr\u016fzn\u011bj\u0161\u00ed hav\u011bti, z\u00a0n\u00ed\u017e \u010d\u00e1st se &hellip; <\/p>\n<p class=\"link-more\"><a href=\"https:\/\/tinnunculus.sy-sy.cz\/index.php\/zvirena-u-nas-v-ciste\/\" class=\"more-link\">Pokra\u010dovat ve \u010dten\u00ed<span class=\"screen-reader-text\"> &#8222;Zv\u00ed\u0159ena u&nbsp;n\u00e1s v&nbsp;\u010cist\u00e9&#8220;<\/span><\/a><\/p>\n","protected":false},"author":2,"featured_media":0,"parent":0,"menu_order":23,"comment_status":"closed","ping_status":"closed","template":"","meta":{"jetpack_post_was_ever_published":false,"footnotes":""},"categories":[1525,116],"tags":[1531],"class_list":["post-39202","page","type-page","status-publish","hentry","category-fotopast","category-nasi","tag-cista-171"],"jetpack_shortlink":"https:\/\/wp.me\/P91gKE-aci","jetpack-related-posts":[{"id":773,"url":"https:\/\/tinnunculus.sy-sy.cz\/index.php\/foto-a-videoarchiv\/","url_meta":{"origin":39202,"position":0},"title":"Foto a&nbsp;videoarchiv","author":"Zuzana Syrov\u00e1 An\u00fd\u017eov\u00e1","date":"04\/08\/2017","format":false,"excerpt":"V\u00fdb\u011br fotografi\u00ed po\u0161tolek, my\u0161\u016f a ostatn\u00ed zv\u00ed\u0159eny, sn\u00edmk\u016f a z\u00e1znam\u016f z kamer uspo\u0159\u00e1dan\u00fdch podle jednotliv\u00fdch sez\u00f3n se souvisej\u00edc\u00edmi ilustracemi\u00a0 najdete po kliknut\u00ed na odkaz na do p\u0159\u00edslu\u0161n\u00e9ho alba na Photostation.\u00a0 V\u0161e nen\u00ed je\u0161t\u011b ani zdaleka vybr\u00e1no, p\u0159ebr\u00e1no, pops\u00e1no... Foto + video \/\/ Photo + video: Po\u0161tolky (\"na\u0161e\") My\u0161ov\u00e9 a p\u0159\u00edbuzn\u00ed\u2026","rel":"","context":"Podobn\u00fd p\u0159\u00edsp\u011bvek","block_context":{"text":"Podobn\u00fd p\u0159\u00edsp\u011bvek","link":""},"img":{"alt_text":"","src":"","width":0,"height":0},"classes":[]},{"id":39192,"url":"https:\/\/tinnunculus.sy-sy.cz\/index.php\/blog\/zvirena-v-ciste\/","url_meta":{"origin":39202,"position":1},"title":"&#8222;Na\u0161e&#8220; zv\u00ed\u0159ena v&nbsp;\u010cist\u00e9","author":"Zuzana Syrov\u00e1 An\u00fd\u017eov\u00e1","date":"21\/01\/2025","format":false,"excerpt":"P\u0159\u00edsp\u011bvky v\u00a0Bloku, blogu \u010dili z\u00e1pisn\u00edku:","rel":"","context":"Podobn\u00fd p\u0159\u00edsp\u011bvek","block_context":{"text":"Podobn\u00fd p\u0159\u00edsp\u011bvek","link":""},"img":{"alt_text":"","src":"","width":0,"height":0},"classes":[]},{"id":20315,"url":"https:\/\/tinnunculus.sy-sy.cz\/index.php\/deniky\/2024-2\/","url_meta":{"origin":39202,"position":2},"title":"2024","author":"Zuzana Syrov\u00e1 An\u00fd\u017eov\u00e1","date":"31\/12\/2022","format":false,"excerpt":"\u00a02023 p\u0159edchoz\u00ed rok \u2194 n\u00e1sleduj\u00edc\u00ed rok 2025 2024\/01\/01 - pan po\u0161tolka vypla\u0161en silvestrovsk\u00fdmi petardami odl\u00e9t\u00e1 necelou minutu po p\u016flnoci; pan\u00ed po\u0161tolka z\u016fst\u00e1v\u00e1 a\u017e do r\u00e1na; pan po\u0161tolka se vrac\u00ed po jej\u00edm odletu v 8:02; ve\u010der se ale vrac\u00ed pouze pan\u00ed po\u0161tolka 2024\/01\/03 - pan po\u0161tolka se op\u011bt vrac\u00ed a\u017e r\u00e1no\u2026","rel":"","context":"V \u201e\"Na\u0161e\" po\u0161tolky\u201c","block_context":{"text":"\"Na\u0161e\" po\u0161tolky","link":"https:\/\/tinnunculus.sy-sy.cz\/index.php\/category\/nasi\/nase-postolky\/"},"img":{"alt_text":"","src":"https:\/\/i0.wp.com\/tinnunculus.sy-sy.cz\/wp-content\/uploads\/2024\/03\/20240323-1120525196-1024x576.jpg?resize=350%2C200&ssl=1","width":350,"height":200,"srcset":"https:\/\/i0.wp.com\/tinnunculus.sy-sy.cz\/wp-content\/uploads\/2024\/03\/20240323-1120525196-1024x576.jpg?resize=350%2C200&ssl=1 1x, https:\/\/i0.wp.com\/tinnunculus.sy-sy.cz\/wp-content\/uploads\/2024\/03\/20240323-1120525196-1024x576.jpg?resize=525%2C300&ssl=1 1.5x"},"classes":[]},{"id":18,"url":"https:\/\/tinnunculus.sy-sy.cz\/index.php\/a-homepage-section\/","url_meta":{"origin":39202,"position":3},"title":"O my\u0161\u00edch a&nbsp;po\u0161tolk\u00e1ch","author":"Zuzana Syrov\u00e1 An\u00fd\u017eov\u00e1","date":"28\/07\/2017","format":false,"excerpt":"Pro\u010d o po\u0161tolk\u00e1ch? Za d\u00e1vn\u00fdch a d\u00e1vn\u00fdch \u010das\u016f, n\u011bkdy t\u011bsn\u011b po roce 1986, kdy jsme se nast\u011bhovali do nov\u00e9ho bytu v panelov\u00e9m dom\u011b v s\u00eddli\u0161ti na okraji Brna, se v na\u0161\u00ed lod\u017eii objevily po\u0161tolky. Dlouh\u00e1 l\u00e9ta byla jejich obl\u00edben\u00fdm m\u00edstem pro p\u0159esp\u00e1n\u00ed a od roku 2007 zde i hn\u00edzd\u00ed. Vybraly\u2026","rel":"","context":"V \u201e\"Na\u0161e\" po\u0161tolky\u201c","block_context":{"text":"\"Na\u0161e\" po\u0161tolky","link":"https:\/\/tinnunculus.sy-sy.cz\/index.php\/category\/nasi\/nase-postolky\/"},"img":{"alt_text":"","src":"https:\/\/i0.wp.com\/tinnunculus.sy-sy.cz\/wp-content\/uploads\/2017\/08\/dsc22907_24x10cb-e1501697514766.jpg?fit=1200%2C500&ssl=1&resize=350%2C200","width":350,"height":200,"srcset":"https:\/\/i0.wp.com\/tinnunculus.sy-sy.cz\/wp-content\/uploads\/2017\/08\/dsc22907_24x10cb-e1501697514766.jpg?fit=1200%2C500&ssl=1&resize=350%2C200 1x, https:\/\/i0.wp.com\/tinnunculus.sy-sy.cz\/wp-content\/uploads\/2017\/08\/dsc22907_24x10cb-e1501697514766.jpg?fit=1200%2C500&ssl=1&resize=525%2C300 1.5x, https:\/\/i0.wp.com\/tinnunculus.sy-sy.cz\/wp-content\/uploads\/2017\/08\/dsc22907_24x10cb-e1501697514766.jpg?fit=1200%2C500&ssl=1&resize=700%2C400 2x, https:\/\/i0.wp.com\/tinnunculus.sy-sy.cz\/wp-content\/uploads\/2017\/08\/dsc22907_24x10cb-e1501697514766.jpg?fit=1200%2C500&ssl=1&resize=1050%2C600 3x"},"classes":[]},{"id":38491,"url":"https:\/\/tinnunculus.sy-sy.cz\/index.php\/deniky\/2026-2\/","url_meta":{"origin":39202,"position":4},"title":"2026","author":"Zuzana Syrov\u00e1 An\u00fd\u017eov\u00e1","date":"16\/12\/2024","format":false,"excerpt":"\u00a02025 p\u0159edchoz\u00ed rok \u2194 n\u00e1sleduj\u00edc\u00ed rok 2027 ? 2026\/01\/01 - po silvestrovsk\u00e9 noci str\u00e1ven\u00e9 v polici pod stropem nad hn\u00edzdem pan\u00ed po\u0161tolka odl\u00e9t\u00e1 v 7:34; pan po\u0161tolka, kter\u00fd tr\u00e1vil noc nezn\u00e1mo kde, se vrac\u00ed hned po r\u00e1nu zahnat holuby (8:17). 2026\/01\/03 - jedna kavka se sna\u017e\u00ed sebrat pan\u00ed po\u0161tolce hrabo\u0161e,\u2026","rel":"","context":"V \u201e\"Na\u0161e\" po\u0161tolky\u201c","block_context":{"text":"\"Na\u0161e\" po\u0161tolky","link":"https:\/\/tinnunculus.sy-sy.cz\/index.php\/category\/nasi\/nase-postolky\/"},"img":{"alt_text":"","src":"https:\/\/i0.wp.com\/tinnunculus.sy-sy.cz\/wp-content\/uploads\/2026\/02\/20260228-094239pe-0-e1772301397717-1024x577.jpg?resize=350%2C200&ssl=1","width":350,"height":200,"srcset":"https:\/\/i0.wp.com\/tinnunculus.sy-sy.cz\/wp-content\/uploads\/2026\/02\/20260228-094239pe-0-e1772301397717-1024x577.jpg?resize=350%2C200&ssl=1 1x, https:\/\/i0.wp.com\/tinnunculus.sy-sy.cz\/wp-content\/uploads\/2026\/02\/20260228-094239pe-0-e1772301397717-1024x577.jpg?resize=525%2C300&ssl=1 1.5x"},"classes":[]},{"id":29104,"url":"https:\/\/tinnunculus.sy-sy.cz\/index.php\/deniky\/2025-2\/","url_meta":{"origin":39202,"position":5},"title":"2025","author":"Zuzana Syrov\u00e1 An\u00fd\u017eov\u00e1","date":"28\/12\/2023","format":false,"excerpt":"\u00a02024 p\u0159edchoz\u00ed rok \u2194 n\u00e1sleduj\u00edc\u00ed rok 2026 ? 2025\/01\/01 - dom\u00e1c\u00ed po\u0161tol\u010d\u00ed p\u00e1r p\u0159e\u010dkal silvestrovskou noc v bezpe\u010d\u00ed lod\u017eie, on na bid\u00fdlku nad star\u00fdm hn\u00edzdem, ona v polici pod stropem nad hn\u00edzdem nov\u00fdm 2025\/01\/07 - pan\u00ed po\u0161tolka p\u0159il\u00e9t\u00e1 do lod\u017eie cel\u00e1 zkrvaven\u00e1, patrn\u011b se n\u011bkde poprala 2025\/02\/04 - pan po\u0161tolka\u2026","rel":"","context":"V \u201e\"Na\u0161e\" po\u0161tolky\u201c","block_context":{"text":"\"Na\u0161e\" po\u0161tolky","link":"https:\/\/tinnunculus.sy-sy.cz\/index.php\/category\/nasi\/nase-postolky\/"},"img":{"alt_text":"","src":"https:\/\/i0.wp.com\/tinnunculus.sy-sy.cz\/wp-content\/uploads\/2025\/02\/202502221082318-1024x576.jpg?resize=350%2C200&ssl=1","width":350,"height":200,"srcset":"https:\/\/i0.wp.com\/tinnunculus.sy-sy.cz\/wp-content\/uploads\/2025\/02\/202502221082318-1024x576.jpg?resize=350%2C200&ssl=1 1x, https:\/\/i0.wp.com\/tinnunculus.sy-sy.cz\/wp-content\/uploads\/2025\/02\/202502221082318-1024x576.jpg?resize=525%2C300&ssl=1 1.5x"},"classes":[]}],"jetpack_sharing_enabled":true,"_links":{"self":[{"href":"https:\/\/tinnunculus.sy-sy.cz\/index.php\/wp-json\/wp\/v2\/pages\/39202","targetHints":{"allow":["GET"]}}],"collection":[{"href":"https:\/\/tinnunculus.sy-sy.cz\/index.php\/wp-json\/wp\/v2\/pages"}],"about":[{"href":"https:\/\/tinnunculus.sy-sy.cz\/index.php\/wp-json\/wp\/v2\/types\/page"}],"author":[{"embeddable":true,"href":"https:\/\/tinnunculus.sy-sy.cz\/index.php\/wp-json\/wp\/v2\/users\/2"}],"replies":[{"embeddable":true,"href":"https:\/\/tinnunculus.sy-sy.cz\/index.php\/wp-json\/wp\/v2\/comments?post=39202"}],"version-history":[{"count":3,"href":"https:\/\/tinnunculus.sy-sy.cz\/index.php\/wp-json\/wp\/v2\/pages\/39202\/revisions"}],"predecessor-version":[{"id":39223,"href":"https:\/\/tinnunculus.sy-sy.cz\/index.php\/wp-json\/wp\/v2\/pages\/39202\/revisions\/39223"}],"wp:attachment":[{"href":"https:\/\/tinnunculus.sy-sy.cz\/index.php\/wp-json\/wp\/v2\/media?parent=39202"}],"wp:term":[{"taxonomy":"category","embeddable":true,"href":"https:\/\/tinnunculus.sy-sy.cz\/index.php\/wp-json\/wp\/v2\/categories?post=39202"},{"taxonomy":"post_tag","embeddable":true,"href":"https:\/\/tinnunculus.sy-sy.cz\/index.php\/wp-json\/wp\/v2\/tags?post=39202"}],"curies":[{"name":"wp","href":"https:\/\/api.w.org\/{rel}","templated":true}]}}