{"id":38526,"date":"2024-12-16T22:53:14","date_gmt":"2024-12-16T21:53:14","guid":{"rendered":"https:\/\/tinnunculus.sy-sy.cz\/?page_id=38526"},"modified":"2024-12-16T22:59:39","modified_gmt":"2024-12-16T21:59:39","slug":"tabellenuebersicht-unserer-maeuse","status":"publish","type":"page","link":"https:\/\/tinnunculus.sy-sy.cz\/index.php\/de\/maeusen\/tabellenuebersicht-unserer-maeuse\/","title":{"rendered":"Tabellen\u00fcbersicht unserer M\u00e4use"},"content":{"rendered":"<p>Tut uns leid, dieser Inhalt wurde noch nicht in Deutsch \u00fcbersetzt.<br \/>\nLies die\u00a0<a href=\"https:\/\/tinnunculus.sy-sy.cz\/index.php\/en\/mice\/overview-of-our-mice\/\">Version auf Englisch<\/a>.<\/p>\n<ul>\n<li><a href=\"https:\/\/tinnunculus.sy-sy.cz\/index.php\/de\/maeusen\/\">M\u00e4usen<\/a><\/li>\n<\/ul>\n","protected":false},"excerpt":{"rendered":"<p>Tut uns leid, dieser Inhalt wurde noch nicht in Deutsch \u00fcbersetzt. Lies die\u00a0Version auf Englisch. M\u00e4usen<\/p>\n","protected":false},"author":2,"featured_media":0,"parent":9887,"menu_order":0,"comment_status":"closed","ping_status":"closed","template":"","meta":{"jetpack_post_was_ever_published":false,"footnotes":""},"categories":[1155,1143],"tags":[],"class_list":["post-38526","page","type-page","status-publish","hentry","category-mieter-und-besucher","category-unsere-maeusen"],"jetpack_shortlink":"https:\/\/wp.me\/P91gKE-a1o","jetpack-related-posts":[{"id":12894,"url":"https:\/\/tinnunculus.sy-sy.cz\/index.php\/de\/von-maeusen-und-turmfalken\/","url_meta":{"origin":38526,"position":0},"title":"Von M\u00e4usen und Turmfalken","author":"Zuzana Syrov\u00e1 An\u00fd\u017eov\u00e1","date":"30\/05\/2020","format":false,"excerpt":"Tut uns leid, dieser Inhalt wurde noch nicht in Deutsch \u00fcbersetzt. Lies die Version auf Englisch.","rel":"","context":"V \u201e\"Unsere\" Mauersegler\u201c","block_context":{"text":"\"Unsere\" Mauersegler","link":"https:\/\/tinnunculus.sy-sy.cz\/index.php\/de\/category\/mieter-und-besucher\/unsere-mauersegler\/"},"img":{"alt_text":"","src":"https:\/\/i0.wp.com\/tinnunculus.sy-sy.cz\/wp-content\/uploads\/2017\/08\/dsc22907_24x10cb-e1501697514766.jpg?fit=1200%2C500&ssl=1&resize=350%2C200","width":350,"height":200,"srcset":"https:\/\/i0.wp.com\/tinnunculus.sy-sy.cz\/wp-content\/uploads\/2017\/08\/dsc22907_24x10cb-e1501697514766.jpg?fit=1200%2C500&ssl=1&resize=350%2C200 1x, https:\/\/i0.wp.com\/tinnunculus.sy-sy.cz\/wp-content\/uploads\/2017\/08\/dsc22907_24x10cb-e1501697514766.jpg?fit=1200%2C500&ssl=1&resize=525%2C300 1.5x, https:\/\/i0.wp.com\/tinnunculus.sy-sy.cz\/wp-content\/uploads\/2017\/08\/dsc22907_24x10cb-e1501697514766.jpg?fit=1200%2C500&ssl=1&resize=700%2C400 2x, https:\/\/i0.wp.com\/tinnunculus.sy-sy.cz\/wp-content\/uploads\/2017\/08\/dsc22907_24x10cb-e1501697514766.jpg?fit=1200%2C500&ssl=1&resize=1050%2C600 3x"},"classes":[]},{"id":9878,"url":"https:\/\/tinnunculus.sy-sy.cz\/index.php\/de\/archiv-2\/","url_meta":{"origin":38526,"position":1},"title":"Archiv","author":"Zuzana Syrov\u00e1 An\u00fd\u017eov\u00e1","date":"09\/12\/2019","format":false,"excerpt":"Foto- und Videogalerie \"Unsere\" Turmfalken M\u00e4usen Andere V\u00f6gel und Tiere Wildkamera","rel":"","context":"Podobn\u00fd p\u0159\u00edsp\u011bvek","block_context":{"text":"Podobn\u00fd p\u0159\u00edsp\u011bvek","link":""},"img":{"alt_text":"","src":"","width":0,"height":0},"classes":[]},{"id":9887,"url":"https:\/\/tinnunculus.sy-sy.cz\/index.php\/de\/maeusen\/","url_meta":{"origin":38526,"position":2},"title":"M\u00e4usen","author":"Zuzana Syrov\u00e1 An\u00fd\u017eov\u00e1","date":"09\/12\/2019","format":false,"excerpt":"Rolanda (2009\/05\/30\u20142011\/05\/31) Rolandek (2011\/07\/06\u20142012\/10\/02) Martinka (2012\/11\/11\u20142013\/10\/2?) Cecilka (2013\/11\/22\u20142016\/04\/10) J\u016flinka (2016\/04\/12\u20142017\/03\/21) Leont\u00fdnka (2017\/03\/22\u20142017\/10\/02) \u00c9li\u0161ka (2017\/10\/05\u20142018\/09\/26) Ivu\u0161ka (2018\/10\/01\u20142018\/10\/26-29) Waru\u0161ka (2018\/10\/01\u20142020\/01\/14) Bla\u017eenka (2020\/02\/03\u20142021\/05\/14) \u017dofie (2021\/05\/15\u20142023\/06\/24) Am\u00e1lka (2023\/07\/10\u20142024\/12\/31) Jakubka, Tochter von Am\u00e1lka (2023\/08\/15\u20142023\/10\/28) Haninka, Tochter von Am\u00e1lka (2023\/08\/15\u20142024\/11\/13) Vilma (2025\/01\/07\u20142025\/12\/10) Lucie (2025\/12\/13\u2014) Lucie lebt bei uns .","rel":"","context":"V \u201eHausmaus\u201c","block_context":{"text":"Hausmaus","link":"https:\/\/tinnunculus.sy-sy.cz\/index.php\/de\/category\/maus\/hausmaus\/"},"img":{"alt_text":"","src":"https:\/\/i0.wp.com\/tinnunculus.sy-sy.cz\/wp-content\/uploads\/2024\/03\/P1370792u1-1024x698.jpg?resize=350%2C200&ssl=1","width":350,"height":200,"srcset":"https:\/\/i0.wp.com\/tinnunculus.sy-sy.cz\/wp-content\/uploads\/2024\/03\/P1370792u1-1024x698.jpg?resize=350%2C200&ssl=1 1x, https:\/\/i0.wp.com\/tinnunculus.sy-sy.cz\/wp-content\/uploads\/2024\/03\/P1370792u1-1024x698.jpg?resize=525%2C300&ssl=1 1.5x"},"classes":[]}],"jetpack_sharing_enabled":true,"_links":{"self":[{"href":"https:\/\/tinnunculus.sy-sy.cz\/index.php\/wp-json\/wp\/v2\/pages\/38526","targetHints":{"allow":["GET"]}}],"collection":[{"href":"https:\/\/tinnunculus.sy-sy.cz\/index.php\/wp-json\/wp\/v2\/pages"}],"about":[{"href":"https:\/\/tinnunculus.sy-sy.cz\/index.php\/wp-json\/wp\/v2\/types\/page"}],"author":[{"embeddable":true,"href":"https:\/\/tinnunculus.sy-sy.cz\/index.php\/wp-json\/wp\/v2\/users\/2"}],"replies":[{"embeddable":true,"href":"https:\/\/tinnunculus.sy-sy.cz\/index.php\/wp-json\/wp\/v2\/comments?post=38526"}],"version-history":[{"count":2,"href":"https:\/\/tinnunculus.sy-sy.cz\/index.php\/wp-json\/wp\/v2\/pages\/38526\/revisions"}],"predecessor-version":[{"id":38531,"href":"https:\/\/tinnunculus.sy-sy.cz\/index.php\/wp-json\/wp\/v2\/pages\/38526\/revisions\/38531"}],"up":[{"embeddable":true,"href":"https:\/\/tinnunculus.sy-sy.cz\/index.php\/wp-json\/wp\/v2\/pages\/9887"}],"wp:attachment":[{"href":"https:\/\/tinnunculus.sy-sy.cz\/index.php\/wp-json\/wp\/v2\/media?parent=38526"}],"wp:term":[{"taxonomy":"category","embeddable":true,"href":"https:\/\/tinnunculus.sy-sy.cz\/index.php\/wp-json\/wp\/v2\/categories?post=38526"},{"taxonomy":"post_tag","embeddable":true,"href":"https:\/\/tinnunculus.sy-sy.cz\/index.php\/wp-json\/wp\/v2\/tags?post=38526"}],"curies":[{"name":"wp","href":"https:\/\/api.w.org\/{rel}","templated":true}]}}