{"id":38217,"date":"2024-11-17T20:07:33","date_gmt":"2024-11-17T19:07:33","guid":{"rendered":"https:\/\/tinnunculus.sy-sy.cz\/?page_id=38217"},"modified":"2025-12-13T16:45:11","modified_gmt":"2025-12-13T15:45:11","slug":"prehled-mysi","status":"publish","type":"page","link":"https:\/\/tinnunculus.sy-sy.cz\/index.php\/historie-mysi\/prehled-mysi\/","title":{"rendered":"P\u0159ehled chovan\u00fdch my\u0161ek"},"content":{"rendered":"<p>V tabulce zaznamen\u00e1no datum po\u0159\u00edzen\u00ed my\u0161ky a&nbsp;datum jej\u00edho \u00famrt\u00ed.<br \/>\nV&nbsp;p\u0159\u00edpad\u011b, \u017ee je zn\u00e1mo datum narozen\u00ed, je uvedeno s&nbsp;hv\u011bzdi\u010dkou. D\u00e9lka do\u017eit\u00ed je po\u010d\u00edt\u00e1na na dny (? d) a&nbsp;roky, m\u011bs\u00edce a&nbsp;dny (?r ?m ?d).<\/p>\n\n<table id=\"tablepress-23\" class=\"tablepress tablepress-id-23\">\n<thead>\n<tr class=\"row-1\">\n\t<td class=\"column-1\"><\/td><td class=\"column-2\"><\/td><td class=\"column-3\"><\/td><td class=\"column-4\"><\/td><th class=\"column-5\">(?d)<\/th><th class=\"column-6\">(?r ?m ?d)<\/th>\n<\/tr>\n<\/thead>\n<tbody class=\"row-striping row-hover\">\n<tr class=\"row-2\">\n\t<td class=\"column-1\">1<\/td><td class=\"column-2\">Rolanda<\/td><td class=\"column-3\">2009\/05\/30<\/td><td class=\"column-4\">2011\/05\/31<\/td><td class=\"column-5\">731<\/td><td class=\"column-6\">2r 00m 01d<\/td>\n<\/tr>\n<tr class=\"row-3\">\n\t<td class=\"column-1\">2<\/td><td class=\"column-2\">Rolandek<\/td><td class=\"column-3\">2011\/07\/06<\/td><td class=\"column-4\">2012\/10\/02<\/td><td class=\"column-5\">454<\/td><td class=\"column-6\">1r 02m 27d<\/td>\n<\/tr>\n<tr class=\"row-4\">\n\t<td class=\"column-1\">3<\/td><td class=\"column-2\">Martinka<\/td><td class=\"column-3\">2012\/11\/11<\/td><td class=\"column-4\">2013\/10\/2?<\/td><td class=\"column-5\">343<\/td><td class=\"column-6\">0r 11m 09d<\/td>\n<\/tr>\n<tr class=\"row-5\">\n\t<td class=\"column-1\">4<\/td><td class=\"column-2\">Cecilka<\/td><td class=\"column-3\">2013\/11\/22<\/td><td class=\"column-4\">2016\/04\/10<\/td><td class=\"column-5\">870<\/td><td class=\"column-6\">2r 04m 18d<\/td>\n<\/tr>\n<tr class=\"row-6\">\n\t<td class=\"column-1\">5<\/td><td class=\"column-2\">J\u016flie<\/td><td class=\"column-3\">2016\/04\/12<\/td><td class=\"column-4\">2017\/03\/21<\/td><td class=\"column-5\">343<\/td><td class=\"column-6\">0r 11m 09d<\/td>\n<\/tr>\n<tr class=\"row-7\">\n\t<td class=\"column-1\">6<\/td><td class=\"column-2\">Leont\u00fdna<\/td><td class=\"column-3\">2017\/03\/22<\/td><td class=\"column-4\">2017\/10\/02<\/td><td class=\"column-5\">194<\/td><td class=\"column-6\">0r 06m 11d<\/td>\n<\/tr>\n<tr class=\"row-8\">\n\t<td class=\"column-1\">7<\/td><td class=\"column-2\">\u00c9li\u0161ka<\/td><td class=\"column-3\">2017\/10\/05<\/td><td class=\"column-4\">2018\/09\/26<\/td><td class=\"column-5\">366<\/td><td class=\"column-6\">0r 11m 21d<\/td>\n<\/tr>\n<tr class=\"row-9\">\n\t<td class=\"column-1\">8<\/td><td class=\"column-2\">Iva<\/td><td class=\"column-3\">2018\/10\/01<\/td><td class=\"column-4\">2019\/10\/26<\/td><td class=\"column-5\">390<\/td><td class=\"column-6\">1r 00m 25d<\/td>\n<\/tr>\n<tr class=\"row-10\">\n\t<td class=\"column-1\">9<\/td><td class=\"column-2\">Wara<\/td><td class=\"column-3\">2018\/10\/01<\/td><td class=\"column-4\">2020\/01\/14<\/td><td class=\"column-5\">470<\/td><td class=\"column-6\">1r 03m 13d<\/td>\n<\/tr>\n<tr class=\"row-11\">\n\t<td class=\"column-1\">10<\/td><td class=\"column-2\">Bla\u017eenka<\/td><td class=\"column-3\">2020\/02\/03<\/td><td class=\"column-4\">2021\/05\/14<\/td><td class=\"column-5\">466<\/td><td class=\"column-6\">1r 03m 11d<\/td>\n<\/tr>\n<tr class=\"row-12\">\n\t<td class=\"column-1\">11<\/td><td class=\"column-2\">\u017dofie<\/td><td class=\"column-3\">2021\/05\/15<\/td><td class=\"column-4\">2023\/06\/24<\/td><td class=\"column-5\">769<\/td><td class=\"column-6\">2r 01m 08d<\/td>\n<\/tr>\n<tr class=\"row-13\">\n\t<td class=\"column-1\">12<\/td><td class=\"column-2\">M\u00e1linka<\/td><td class=\"column-3\">2023\/07\/10<\/td><td class=\"column-4\">2024\/12\/31<\/td><td class=\"column-5\">540<\/td><td class=\"column-6\">1r 05m 21d<\/td>\n<\/tr>\n<tr class=\"row-14\">\n\t<td class=\"column-1\">13<\/td><td class=\"column-2\">Jakubka<\/td><td class=\"column-3\">2023\/07\/24 *<\/td><td class=\"column-4\">2023\/10\/28<\/td><td class=\"column-5\">096 *<\/td><td class=\"column-6\">0r 03m 04d<\/td>\n<\/tr>\n<tr class=\"row-15\">\n\t<td class=\"column-1\">14<\/td><td class=\"column-2\">Haninka<\/td><td class=\"column-3\">2023\/07\/24 *<\/td><td class=\"column-4\">2024\/11\/13<\/td><td class=\"column-5\">478 *<\/td><td class=\"column-6\">1r 03m 20d<\/td>\n<\/tr>\n<tr class=\"row-16\">\n\t<td class=\"column-1\">15<\/td><td class=\"column-2\">Vilma<\/td><td class=\"column-3\">2025\/01\/07<\/td><td class=\"column-4\">2025\/12\/10<\/td><td class=\"column-5\">338<\/td><td class=\"column-6\">0r11m03d<\/td>\n<\/tr>\n<\/tbody>\n<tfoot>\n<tr class=\"row-17\">\n\t<th class=\"column-1\">16<\/th><th class=\"column-2\">Lucie<\/th><th class=\"column-3\">2025\/12\/13<\/th><td class=\"column-4\"><\/td><td class=\"column-5\"><\/td><td class=\"column-6\"><\/td>\n<\/tr>\n<\/tfoot>\n<\/table>\n\n<p>Aktualizov\u00e1no 2025-12-13 16:38:32<\/p>\n<hr \/>\n<p>Lucie u&nbsp;n\u00e1s bydl\u00ed  <span class=\"dhcountup\" data-time=\"12237361\">141 dn\u016f 15 hodin<\/span> .<\/p>\n<ul>\n<li><a href=\"https:\/\/tinnunculus.sy-sy.cz\/index.php\/historie-mysi\/\">Historie my\u0161\u00ed<\/a><\/li>\n<li><a href=\"https:\/\/tinnunculus.sy-sy.cz\/index.php\/blog\/nase-mysi\/\">Na\u0161e my\u0161i<\/a> v&nbsp;Bloku (aneb blogu, bloku \u010dili z\u00e1pisn\u00edku)<\/li>\n<\/ul>\n","protected":false},"excerpt":{"rendered":"<p>V tabulce zaznamen\u00e1no datum po\u0159\u00edzen\u00ed my\u0161ky a&nbsp;datum jej\u00edho \u00famrt\u00ed. V&nbsp;p\u0159\u00edpad\u011b, \u017ee je zn\u00e1mo datum narozen\u00ed, je uvedeno s&nbsp;hv\u011bzdi\u010dkou. D\u00e9lka do\u017eit\u00ed je po\u010d\u00edt\u00e1na na dny (? d) a&nbsp;roky, m\u011bs\u00edce a&nbsp;dny (?r ?m ?d). Aktualizov\u00e1no Lucie u&nbsp;n\u00e1s bydl\u00ed . Historie my\u0161\u00ed Na\u0161e my\u0161i v&nbsp;Bloku (aneb blogu, bloku \u010dili z\u00e1pisn\u00edku)<\/p>\n","protected":false},"author":2,"featured_media":0,"parent":806,"menu_order":0,"comment_status":"closed","ping_status":"closed","template":"","meta":{"jetpack_post_was_ever_published":false,"footnotes":""},"categories":[116,299],"tags":[],"class_list":["post-38217","page","type-page","status-publish","hentry","category-nasi","category-nase-mysi"],"jetpack_shortlink":"https:\/\/wp.me\/P91gKE-9Wp","jetpack-related-posts":[{"id":22189,"url":"https:\/\/tinnunculus.sy-sy.cz\/index.php\/blog\/nase-mysi\/","url_meta":{"origin":38217,"position":0},"title":"Na\u0161e my\u0161i","author":"Zuzana Syrov\u00e1 An\u00fd\u017eov\u00e1","date":"03\/05\/2023","format":false,"excerpt":"P\u0159\u00edsp\u011bvky v Bloku, blogu \u010dili z\u00e1pisn\u00edku: Historie chovan\u00fdch my\u0161ek 2009\u2014????","rel":"","context":"V \u201eN\u00e1jemn\u00edci a n\u00e1v\u0161t\u011bvn\u00edci\u201c","block_context":{"text":"N\u00e1jemn\u00edci a n\u00e1v\u0161t\u011bvn\u00edci","link":"https:\/\/tinnunculus.sy-sy.cz\/index.php\/category\/nasi\/"},"img":{"alt_text":"","src":"","width":0,"height":0},"classes":[]},{"id":806,"url":"https:\/\/tinnunculus.sy-sy.cz\/index.php\/historie-mysi\/","url_meta":{"origin":38217,"position":1},"title":"Historie my\u0161\u00ed","author":"Zuzana Syrov\u00e1 An\u00fd\u017eov\u00e1","date":"04\/08\/2017","format":false,"excerpt":"2009\/05\/30 - zakoupen v Hornbachu (cca 16:00) prvn\u00ed Zu\u0159iv\u00fd Roland - sami\u010dka Rolanda 2011\/05\/31 - um\u0159ela Rolanda 2011\/07\/06 - zakoupen Rolandek - same\u010dek, zvan\u00fd pozd\u011bji t\u00e9\u017e Raklet\u00edk neb Krupn\u00edk, ve Va\u0148kovce 2011\/10\/19 - Roland u pan\u00ed veterin\u00e1\u0159ky 2011\/10\/31 - Roland u pan\u00ed veterin\u00e1\u0159ky (kou\u0161e) 2012\/10\/02 - um\u0159el Rolandek 2012\/10\/03 -\u2026","rel":"","context":"V \u201eMy\u0161\u201c","block_context":{"text":"My\u0161","link":"https:\/\/tinnunculus.sy-sy.cz\/index.php\/category\/ostatni-zvirena\/savec\/mys-cs\/"},"img":{"alt_text":"","src":"https:\/\/i0.wp.com\/tinnunculus.sy-sy.cz\/wp-content\/uploads\/2024\/03\/P1370792u1-1024x698.jpg?resize=350%2C200&ssl=1","width":350,"height":200,"srcset":"https:\/\/i0.wp.com\/tinnunculus.sy-sy.cz\/wp-content\/uploads\/2024\/03\/P1370792u1-1024x698.jpg?resize=350%2C200&ssl=1 1x, https:\/\/i0.wp.com\/tinnunculus.sy-sy.cz\/wp-content\/uploads\/2024\/03\/P1370792u1-1024x698.jpg?resize=525%2C300&ssl=1 1.5x"},"classes":[]},{"id":14,"url":"https:\/\/tinnunculus.sy-sy.cz\/","url_meta":{"origin":38217,"position":2},"title":"\u00davod","author":"Zuzana Syrov\u00e1 An\u00fd\u017eov\u00e1","date":"28\/07\/2017","format":false,"excerpt":"Tyto str\u00e1nky a blog \u010dili blok aneb z\u00e1pisn\u00edk navazuj\u00ed na star\u0161\u00ed blog O\u00a0my\u0161\u00edch a po\u0161tolk\u00e1ch,\u00a0 kter\u00fd jsme za\u010dali v\u00e9st v roce 2014.\u00a0 Jsou v\u011bnov\u00e1ny p\u0159edev\u0161\u00edm po\u0161tolk\u00e1m, kter\u00e9 se rozhodly \u017e\u00edt s n\u00e1mi pod jednou st\u0159echou v lod\u017eii na\u0161\u00ed dom\u00e1c\u00ed kancel\u00e1\u0159e, a od roku 2007 zde tak\u00e9 hn\u00edzd\u00ed.\u00a0 O p\u00e1r let\u2026","rel":"","context":"Podobn\u00fd p\u0159\u00edsp\u011bvek","block_context":{"text":"Podobn\u00fd p\u0159\u00edsp\u011bvek","link":""},"img":{"alt_text":"","src":"","width":0,"height":0},"classes":[]},{"id":2264,"url":"https:\/\/tinnunculus.sy-sy.cz\/index.php\/odkazy\/o-mysich\/","url_meta":{"origin":38217,"position":3},"title":"Hrabo\u0161 poln\u00ed \u00a6 my\u0161 dom\u00e1c\u00ed","author":"Zuzana Syrov\u00e1 An\u00fd\u017eov\u00e1","date":"15\/10\/2017","format":false,"excerpt":"Hrabo\u0161 poln\u00ed (Microtus arvalis) Hrabo\u0161 poln\u00ed (Microtus arvalis) na Wikipedii P\u0159\u00edroda.cz: Hrabo\u0161 poln\u00ed - Microtus arvalis \u010cesk\u00e1 p\u0159\u00edrodov\u011bdn\u00e1 bibliot\u00e9ka: Seznam citac\u00ed p\u0159i\u0159azen\u00fdch k druhu Hrabo\u0161 poln\u00ed ISOP (AOPK): Microtus arvalis (Pallas, 1778) - hrabo\u0161 poln\u00ed OSEL: Nejrychleji se vyv\u00edjej\u00edc\u00ed savec \u010cSO: Hrabo\u0161 poln\u00ed \u2013 rozcestn\u00edk (nejen) pro zem\u011bd\u011blce a vlastn\u00edky\u2026","rel":"","context":"Podobn\u00fd p\u0159\u00edsp\u011bvek","block_context":{"text":"Podobn\u00fd p\u0159\u00edsp\u011bvek","link":""},"img":{"alt_text":"","src":"","width":0,"height":0},"classes":[]},{"id":22185,"url":"https:\/\/tinnunculus.sy-sy.cz\/index.php\/blog\/nasi-rorysi\/","url_meta":{"origin":38217,"position":4},"title":"&#8222;Na\u0161i&#8220; ror\u00fdsi","author":"Zuzana Syrov\u00e1 An\u00fd\u017eov\u00e1","date":"02\/05\/2023","format":false,"excerpt":"P\u0159\u00edsp\u011bvky v Bloku, blogu \u010dili z\u00e1pisn\u00edku: Historie ror\u00fds\u00ed 2015\u2014????","rel":"","context":"V \u201e\"Na\u0161i\" ror\u00fdsi\u201c","block_context":{"text":"\"Na\u0161i\" ror\u00fdsi","link":"https:\/\/tinnunculus.sy-sy.cz\/index.php\/category\/nasi\/nasi-rorysi\/"},"img":{"alt_text":"","src":"","width":0,"height":0},"classes":[]},{"id":39192,"url":"https:\/\/tinnunculus.sy-sy.cz\/index.php\/blog\/zvirena-v-ciste\/","url_meta":{"origin":38217,"position":5},"title":"&#8222;Na\u0161e&#8220; zv\u00ed\u0159ena v&nbsp;\u010cist\u00e9","author":"Zuzana Syrov\u00e1 An\u00fd\u017eov\u00e1","date":"21\/01\/2025","format":false,"excerpt":"P\u0159\u00edsp\u011bvky v\u00a0Bloku, blogu \u010dili z\u00e1pisn\u00edku:","rel":"","context":"Podobn\u00fd p\u0159\u00edsp\u011bvek","block_context":{"text":"Podobn\u00fd p\u0159\u00edsp\u011bvek","link":""},"img":{"alt_text":"","src":"","width":0,"height":0},"classes":[]}],"jetpack_sharing_enabled":true,"_links":{"self":[{"href":"https:\/\/tinnunculus.sy-sy.cz\/index.php\/wp-json\/wp\/v2\/pages\/38217","targetHints":{"allow":["GET"]}}],"collection":[{"href":"https:\/\/tinnunculus.sy-sy.cz\/index.php\/wp-json\/wp\/v2\/pages"}],"about":[{"href":"https:\/\/tinnunculus.sy-sy.cz\/index.php\/wp-json\/wp\/v2\/types\/page"}],"author":[{"embeddable":true,"href":"https:\/\/tinnunculus.sy-sy.cz\/index.php\/wp-json\/wp\/v2\/users\/2"}],"replies":[{"embeddable":true,"href":"https:\/\/tinnunculus.sy-sy.cz\/index.php\/wp-json\/wp\/v2\/comments?post=38217"}],"version-history":[{"count":3,"href":"https:\/\/tinnunculus.sy-sy.cz\/index.php\/wp-json\/wp\/v2\/pages\/38217\/revisions"}],"predecessor-version":[{"id":45292,"href":"https:\/\/tinnunculus.sy-sy.cz\/index.php\/wp-json\/wp\/v2\/pages\/38217\/revisions\/45292"}],"up":[{"embeddable":true,"href":"https:\/\/tinnunculus.sy-sy.cz\/index.php\/wp-json\/wp\/v2\/pages\/806"}],"wp:attachment":[{"href":"https:\/\/tinnunculus.sy-sy.cz\/index.php\/wp-json\/wp\/v2\/media?parent=38217"}],"wp:term":[{"taxonomy":"category","embeddable":true,"href":"https:\/\/tinnunculus.sy-sy.cz\/index.php\/wp-json\/wp\/v2\/categories?post=38217"},{"taxonomy":"post_tag","embeddable":true,"href":"https:\/\/tinnunculus.sy-sy.cz\/index.php\/wp-json\/wp\/v2\/tags?post=38217"}],"curies":[{"name":"wp","href":"https:\/\/api.w.org\/{rel}","templated":true}]}}