{"id":37644,"date":"2024-08-16T11:25:02","date_gmt":"2024-08-16T09:25:02","guid":{"rendered":"https:\/\/tinnunculus.sy-sy.cz\/?page_id=37644"},"modified":"2025-04-12T11:17:50","modified_gmt":"2025-04-12T09:17:50","slug":"resultats-de-la-nidification-des-crecerelles","status":"publish","type":"page","link":"https:\/\/tinnunculus.sy-sy.cz\/index.php\/fr\/faucons-crecerelle\/resultats-de-la-nidification-des-crecerelles\/","title":{"rendered":"R\u00e9sultats de la nidification des cr\u00e9cerelles"},"content":{"rendered":"\n<table id=\"tablepress-22\" class=\"tablepress tablepress-id-22 tablepress-responsive\">\n<thead>\n<tr class=\"row-1\">\n\t<th class=\"column-1\">Rok<br \/>\nYear<\/th><th class=\"column-2\">Vejce<br \/>\nEggs<br \/>\n-<br \/>\nPrvn\u00ed<br \/>\nFirst<\/th><th class=\"column-3\">Vejce<br \/>\nEggs<\/th><th class=\"column-4\">Vyl\u00edhnuto<br \/>\nHatched<\/th><th class=\"column-5\">Vylet\u011blo<br \/>\nFledged<\/th><th class=\"column-6\">Krou\u017ekov\u00e1no<br \/>\nRinged<\/th><th class=\"column-7\">Vejce<br \/>\nEggs<br \/>\n-<br \/>\nPosledn\u00ed<br \/>\nLast<\/th><th class=\"column-8\">Vyl\u00edhnuto<br \/>\nHatched<br \/>\n-<br \/>\nPrvn\u00ed<br \/>\nFirst<\/th><th class=\"column-9\">Vyl\u00edhnuto<br \/>\nHatched<br \/>\n-<br \/>\nPosledn\u00ed<br \/>\nLast<\/th>\n<\/tr>\n<\/thead>\n<tbody class=\"row-striping row-hover\">\n<tr class=\"row-2\">\n\t<td class=\"column-1\"><a href=\"https:\/\/tinnunculus.sy-sy.cz\/index.php\/deniky\/2026-2\/\" rel=\"noopener\" target=\"_blank\">2026<\/a><\/td><td class=\"column-2\">04\/05<\/td><td class=\"column-3\">7<\/td><td class=\"column-4\">?<\/td><td class=\"column-5\">?<\/td><td class=\"column-6\"><a href=\"https:\/\/tinnunculus.sy-sy.cz\/index.php\/krouzkovani\/?table_filter=2026\" rel=\"noopener\" target=\"_blank\">7<\/a><\/td><td class=\"column-7\">04\/18<\/td><td class=\"column-8\">?<\/td><td class=\"column-9\">?<\/td>\n<\/tr>\n<tr class=\"row-3\">\n\t<td class=\"column-1\"><a href=\"https:\/\/tinnunculus.sy-sy.cz\/index.php\/deniky\/2025-2\/\" rel=\"noopener\" target=\"_blank\">2025<\/a><\/td><td class=\"column-2\">04\/03<\/td><td class=\"column-3\">7<\/td><td class=\"column-4\">7<\/td><td class=\"column-5\">7<\/td><td class=\"column-6\"><a href=\"https:\/\/tinnunculus.sy-sy.cz\/index.php\/krouzkovani\/?table_filter=2025\" rel=\"noopener\" target=\"_blank\">7<\/a><\/td><td class=\"column-7\">04\/16<\/td><td class=\"column-8\">05\/11<\/td><td class=\"column-9\">05\/14<\/td>\n<\/tr>\n<tr class=\"row-4\">\n\t<td class=\"column-1\"><a href=\"https:\/\/tinnunculus.sy-sy.cz\/index.php\/deniky\/2024-2\/\" rel=\"noopener\" target=\"_blank\">2024<\/a><\/td><td class=\"column-2\">04\/08<\/td><td class=\"column-3\">6<\/td><td class=\"column-4\">6<\/td><td class=\"column-5\">6<\/td><td class=\"column-6\"><a href=\"https:\/\/tinnunculus.sy-sy.cz\/index.php\/krouzkovani\/?table_filter=2024\" rel=\"noopener\" target=\"_blank\">6<\/a><\/td><td class=\"column-7\">04\/19<\/td><td class=\"column-8\">05\/14<\/td><td class=\"column-9\">05\/17<\/td>\n<\/tr>\n<tr class=\"row-5\">\n\t<td class=\"column-1\"><a href=\"https:\/\/tinnunculus.sy-sy.cz\/index.php\/deniky\/2023-2\/\" rel=\"noopener\" target=\"_blank\">2023<\/a><\/td><td class=\"column-2\">04\/15<\/td><td class=\"column-3\">6<\/td><td class=\"column-4\">6<\/td><td class=\"column-5\">6<\/td><td class=\"column-6\"><a href=\"https:\/\/tinnunculus.sy-sy.cz\/index.php\/krouzkovani\/?table_filter=2023\" rel=\"noopener\" target=\"_blank\">6<\/a><\/td><td class=\"column-7\">04\/27<\/td><td class=\"column-8\">05\/22<\/td><td class=\"column-9\">05\/24<\/td>\n<\/tr>\n<tr class=\"row-6\">\n\t<td class=\"column-1\"><a href=\"https:\/\/tinnunculus.sy-sy.cz\/index.php\/deniky\/2022-2\/\" rel=\"noopener\" target=\"_blank\">2022<\/a><\/td><td class=\"column-2\">05\/02<\/td><td class=\"column-3\">4<\/td><td class=\"column-4\">4<\/td><td class=\"column-5\">4<\/td><td class=\"column-6\"><a href=\"https:\/\/tinnunculus.sy-sy.cz\/index.php\/krouzkovani\/?table_filter=2022\" rel=\"noopener\" target=\"_blank\">4<\/a><\/td><td class=\"column-7\">05\/14<\/td><td class=\"column-8\">06\/07<\/td><td class=\"column-9\">05\/11<\/td>\n<\/tr>\n<tr class=\"row-7\">\n\t<td class=\"column-1\"><a href=\"https:\/\/tinnunculus.sy-sy.cz\/index.php\/deniky\/2021-2\/\" rel=\"noopener\" target=\"_blank\">2021<\/a><\/td><td class=\"column-2\">04\/27<\/td><td class=\"column-3\">5<\/td><td class=\"column-4\">4<\/td><td class=\"column-5\">4<\/td><td class=\"column-6\"><a href=\"https:\/\/tinnunculus.sy-sy.cz\/index.php\/krouzkovani\/?table_filter=2021\" rel=\"noopener\" target=\"_blank\">4<\/a><\/td><td class=\"column-7\">05\/06<\/td><td class=\"column-8\">05\/29<\/td><td class=\"column-9\">05\/31<\/td>\n<\/tr>\n<tr class=\"row-8\">\n\t<td class=\"column-1\"><a href=\"https:\/\/tinnunculus.sy-sy.cz\/index.php\/deniky\/2020-2\/\" rel=\"noopener\" target=\"_blank\">2020<\/a><\/td><td class=\"column-2\">04\/23<\/td><td class=\"column-3\">6<\/td><td class=\"column-4\">6<\/td><td class=\"column-5\">6<\/td><td class=\"column-6\"><a href=\"https:\/\/tinnunculus.sy-sy.cz\/index.php\/krouzkovani\/?table_filter=2020\" rel=\"noopener\" target=\"_blank\">6<\/a><\/td><td class=\"column-7\">05\/04<\/td><td class=\"column-8\">05\/26<\/td><td class=\"column-9\">06\/01<\/td>\n<\/tr>\n<tr class=\"row-9\">\n\t<td class=\"column-1\"><a href=\"https:\/\/tinnunculus.sy-sy.cz\/index.php\/deniky\/2019-2\/\" rel=\"noopener\" target=\"_blank\">2019<\/a><\/td><td class=\"column-2\">04\/29<\/td><td class=\"column-3\">5<\/td><td class=\"column-4\">5<\/td><td class=\"column-5\">3<\/td><td class=\"column-6\"><a href=\"https:\/\/tinnunculus.sy-sy.cz\/index.php\/krouzkovani\/?table_filter=2019\" rel=\"noopener\" target=\"_blank\">3<\/a><\/td><td class=\"column-7\">05\/09<\/td><td class=\"column-8\">05\/31<\/td><td class=\"column-9\">06\/05<\/td>\n<\/tr>\n<tr class=\"row-10\">\n\t<td class=\"column-1\"><a href=\"https:\/\/tinnunculus.sy-sy.cz\/index.php\/deniky\/2018-2\/\" rel=\"noopener\" target=\"_blank\">2018<\/a><\/td><td class=\"column-2\">05\/12<\/td><td class=\"column-3\">5<\/td><td class=\"column-4\">4<\/td><td class=\"column-5\">4<\/td><td class=\"column-6\"><a href=\"https:\/\/tinnunculus.sy-sy.cz\/index.php\/krouzkovani\/?table_filter=2018\" rel=\"noopener\" target=\"_blank\">4<\/a><\/td><td class=\"column-7\">05\/19<\/td><td class=\"column-8\">06\/13<\/td><td class=\"column-9\">06\/16<\/td>\n<\/tr>\n<tr class=\"row-11\">\n\t<td class=\"column-1\"><a href=\"https:\/\/tinnunculus.sy-sy.cz\/index.php\/deniky\/2017-2\/\" rel=\"noopener\" target=\"_blank\">2017<\/a><\/td><td class=\"column-2\">--\/--<\/td><td class=\"column-3\">0<\/td><td class=\"column-4\">0<\/td><td class=\"column-5\">0<\/td><td class=\"column-6\">0<\/td><td class=\"column-7\">--\/--<\/td><td class=\"column-8\">--\/--<\/td><td class=\"column-9\">--\/--<\/td>\n<\/tr>\n<tr class=\"row-12\">\n\t<td class=\"column-1\"><a href=\"https:\/\/tinnunculus.sy-sy.cz\/index.php\/deniky\/2016-2\/\" rel=\"noopener\" target=\"_blank\">2016<\/a><\/td><td class=\"column-2\">04\/13<\/td><td class=\"column-3\">5<\/td><td class=\"column-4\">5<\/td><td class=\"column-5\">2<\/td><td class=\"column-6\">0<\/td><td class=\"column-7\">04\/21<\/td><td class=\"column-8\">05\/17<\/td><td class=\"column-9\">05\/19<\/td>\n<\/tr>\n<tr class=\"row-13\">\n\t<td class=\"column-1\"><a href=\"https:\/\/tinnunculus.sy-sy.cz\/index.php\/deniky\/2015-2\/\" rel=\"noopener\" target=\"_blank\">2015<\/a><\/td><td class=\"column-2\">04\/13<\/td><td class=\"column-3\">6<\/td><td class=\"column-4\">6<\/td><td class=\"column-5\">5<\/td><td class=\"column-6\">0<\/td><td class=\"column-7\">04\/23<\/td><td class=\"column-8\">05\/18<\/td><td class=\"column-9\">05\/21<\/td>\n<\/tr>\n<tr class=\"row-14\">\n\t<td class=\"column-1\"><a href=\"https:\/\/tinnunculus.sy-sy.cz\/index.php\/deniky\/2014-2\/\" rel=\"noopener\" target=\"_blank\">2014<\/a><\/td><td class=\"column-2\">04\/09<\/td><td class=\"column-3\">6<\/td><td class=\"column-4\">6<\/td><td class=\"column-5\">6<\/td><td class=\"column-6\">0<\/td><td class=\"column-7\">04\/20<\/td><td class=\"column-8\">05\/14<\/td><td class=\"column-9\">05\/18<\/td>\n<\/tr>\n<tr class=\"row-15\">\n\t<td class=\"column-1\"><a href=\"https:\/\/tinnunculus.sy-sy.cz\/index.php\/deniky\/2013-2\/\" rel=\"noopener\" target=\"_blank\">2013<\/a><\/td><td class=\"column-2\">05\/02<\/td><td class=\"column-3\">5<\/td><td class=\"column-4\">5<\/td><td class=\"column-5\">4<\/td><td class=\"column-6\">0<\/td><td class=\"column-7\">05\/11<\/td><td class=\"column-8\">06\/06<\/td><td class=\"column-9\">06\/08<\/td>\n<\/tr>\n<tr class=\"row-16\">\n\t<td class=\"column-1\"><a href=\"https:\/\/tinnunculus.sy-sy.cz\/index.php\/deniky\/2012-2\/\" rel=\"noopener\" target=\"_blank\">2012<\/a><\/td><td class=\"column-2\">04\/13<\/td><td class=\"column-3\">5<\/td><td class=\"column-4\">5<\/td><td class=\"column-5\">5<\/td><td class=\"column-6\">0<\/td><td class=\"column-7\">04\/23<\/td><td class=\"column-8\">05\/19<\/td><td class=\"column-9\">05\/21<\/td>\n<\/tr>\n<tr class=\"row-17\">\n\t<td class=\"column-1\"><a href=\"https:\/\/tinnunculus.sy-sy.cz\/index.php\/deniky\/2011-2\/\" rel=\"noopener\" target=\"_blank\">2011<\/a><\/td><td class=\"column-2\">04\/09<\/td><td class=\"column-3\">5<\/td><td class=\"column-4\">5<\/td><td class=\"column-5\">5<\/td><td class=\"column-6\">0<\/td><td class=\"column-7\">04\/18<\/td><td class=\"column-8\">05\/14<\/td><td class=\"column-9\">05\/15<\/td>\n<\/tr>\n<tr class=\"row-18\">\n\t<td class=\"column-1\"><a href=\"https:\/\/tinnunculus.sy-sy.cz\/index.php\/deniky\/2010-2\/\" rel=\"noopener\" target=\"_blank\">2010<\/a><\/td><td class=\"column-2\">04\/12<\/td><td class=\"column-3\">6<\/td><td class=\"column-4\">6<\/td><td class=\"column-5\">5<\/td><td class=\"column-6\">0<\/td><td class=\"column-7\">04\/22<\/td><td class=\"column-8\">05\/17<\/td><td class=\"column-9\">05\/20<\/td>\n<\/tr>\n<tr class=\"row-19\">\n\t<td class=\"column-1\"><a href=\"https:\/\/tinnunculus.sy-sy.cz\/index.php\/deniky\/2009-2\/\" rel=\"noopener\" target=\"_blank\">2009<\/a><\/td><td class=\"column-2\">04\/24<\/td><td class=\"column-3\">4<\/td><td class=\"column-4\">3<\/td><td class=\"column-5\">3<\/td><td class=\"column-6\">0<\/td><td class=\"column-7\">05\/01<\/td><td class=\"column-8\">05\/27<\/td><td class=\"column-9\">05\/28<\/td>\n<\/tr>\n<tr class=\"row-20\">\n\t<td class=\"column-1\"><a href=\"https:\/\/tinnunculus.sy-sy.cz\/index.php\/deniky\/2008-2\/\" rel=\"noopener\" target=\"_blank\">2008<\/a><\/td><td class=\"column-2\">05\/05<\/td><td class=\"column-3\">5<\/td><td class=\"column-4\">0<\/td><td class=\"column-5\">0<\/td><td class=\"column-6\">0<\/td><td class=\"column-7\">05\/13<\/td><td class=\"column-8\"><\/td><td class=\"column-9\"><\/td>\n<\/tr>\n<tr class=\"row-21\">\n\t<td class=\"column-1\"><a href=\"https:\/\/tinnunculus.sy-sy.cz\/index.php\/deniky\/2007-2\/\" rel=\"noopener\" target=\"_blank\">2007<\/a><\/td><td class=\"column-2\">05\/01 (?)<\/td><td class=\"column-3\">5<\/td><td class=\"column-4\">5<\/td><td class=\"column-5\">5<\/td><td class=\"column-6\">0<\/td><td class=\"column-7\">05\/10 <\/td><td class=\"column-8\">?<\/td><td class=\"column-9\">06\/04<\/td>\n<\/tr>\n<\/tbody>\n<tfoot>\n<tr class=\"row-22\">\n\t<th class=\"column-1\">Sum :<\/th><td class=\"column-2\"><\/td><th class=\"column-3\">103<\/th><th class=\"column-4\">88<\/th><th class=\"column-5\">80<\/th><th class=\"column-6\">0<\/th><td class=\"column-7\"><\/td><td class=\"column-8\"><\/td><td class=\"column-9\"><\/td>\n<\/tr>\n<\/tfoot>\n<\/table>\n<!-- #tablepress-22 from cache -->\n<ul>\n<li><a href=\"https:\/\/docs.google.com\/spreadsheets\/d\/1xjONdl1pv543PLV9Ubq0cllWvj2mcbl26LAHb4btqPI\/edit?usp=sharing\" target=\"_blank\" rel=\"noopener noreferrer\">Calendrier statistique (Google Sheets)<\/a><\/li>\n<li><a href=\"https:\/\/tinnunculus.sy-sy.cz\/index.php\/fr\/faucons-crecerelle\/\">Faucons cr\u00e9cerelle saisons<\/a><\/li>\n<\/ul>\n","protected":false},"excerpt":{"rendered":"<p>Calendrier statistique (Google Sheets) Faucons cr\u00e9cerelle saisons<\/p>\n","protected":false},"author":2,"featured_media":0,"parent":860,"menu_order":2,"comment_status":"closed","ping_status":"closed","template":"","meta":{"jetpack_post_was_ever_published":false,"footnotes":""},"categories":[],"tags":[],"class_list":["post-37644","page","type-page","status-publish","hentry"],"jetpack_shortlink":"https:\/\/wp.me\/P91gKE-9Na","jetpack-related-posts":[{"id":12425,"url":"https:\/\/tinnunculus.sy-sy.cz\/index.php\/fr\/faucons-crecerelle\/calendrier-statistique-2007\/","url_meta":{"origin":37644,"position":0},"title":"Calendrier statistique 2007-?","author":"Zuzana Syrov\u00e1 An\u00fd\u017eov\u00e1","date":"01\/05\/2020","format":false,"excerpt":"\ufeff Google Sheets Faucons cr\u00e9cerelle saisons R\u00e9sultats de la nidification des cr\u00e9cerelles","rel":"","context":"Podobn\u00fd p\u0159\u00edsp\u011bvek","block_context":{"text":"Podobn\u00fd p\u0159\u00edsp\u011bvek","link":""},"img":{"alt_text":"","src":"","width":0,"height":0},"classes":[]},{"id":12884,"url":"https:\/\/tinnunculus.sy-sy.cz\/index.php\/fr\/des-souris-et-des-crecerelles\/","url_meta":{"origin":37644,"position":1},"title":"Des souris et des cr\u00e9cerelles","author":"Zuzana Syrov\u00e1 An\u00fd\u017eov\u00e1","date":"30\/05\/2020","format":false,"excerpt":"Les faucons cr\u00e9cerelles vivent depuis longtemps avec nous sur le balcon de notre appartement dans la banlieue de Brno. Au d\u00e9part, ils utilisaient notre balcon uniquement comme abri et dortoir, mais depuis l'incendie de 2006, la situation a chang\u00e9. \u00c0 partir de la saison 2007, les cr\u00e9cerelles nichent ici. L'histoire\u2026","rel":"","context":"V \u201e\"Nos\" cr\u00e9cerelles\u201c","block_context":{"text":"\"Nos\" cr\u00e9cerelles","link":"https:\/\/tinnunculus.sy-sy.cz\/index.php\/fr\/category\/locataires-et-visiteurs\/nos-crecerelles\/"},"img":{"alt_text":"","src":"https:\/\/i0.wp.com\/tinnunculus.sy-sy.cz\/wp-content\/uploads\/2017\/08\/dsc22907_24x10cb-e1501697514766.jpg?fit=1200%2C500&ssl=1&resize=350%2C200","width":350,"height":200,"srcset":"https:\/\/i0.wp.com\/tinnunculus.sy-sy.cz\/wp-content\/uploads\/2017\/08\/dsc22907_24x10cb-e1501697514766.jpg?fit=1200%2C500&ssl=1&resize=350%2C200 1x, https:\/\/i0.wp.com\/tinnunculus.sy-sy.cz\/wp-content\/uploads\/2017\/08\/dsc22907_24x10cb-e1501697514766.jpg?fit=1200%2C500&ssl=1&resize=525%2C300 1.5x, https:\/\/i0.wp.com\/tinnunculus.sy-sy.cz\/wp-content\/uploads\/2017\/08\/dsc22907_24x10cb-e1501697514766.jpg?fit=1200%2C500&ssl=1&resize=700%2C400 2x, https:\/\/i0.wp.com\/tinnunculus.sy-sy.cz\/wp-content\/uploads\/2017\/08\/dsc22907_24x10cb-e1501697514766.jpg?fit=1200%2C500&ssl=1&resize=1050%2C600 3x"},"classes":[]},{"id":860,"url":"https:\/\/tinnunculus.sy-sy.cz\/index.php\/fr\/faucons-crecerelle\/","url_meta":{"origin":37644,"position":2},"title":"Faucons cr\u00e9cerelle saisons","author":"Zuzana Syrov\u00e1 An\u00fd\u017eov\u00e1","date":"04\/08\/2017","format":false,"excerpt":"2007 5 + 1 oeufs pondus (avant 2007\/05\/10). 5 petits n\u00e9s (2007\/06\/03 quatre; 2007\/06\/04 5\u00e8me). 5 petits envol\u00e9s. 2008 5 oeufs pondus (2008\/05\/05\u20142008\/05\/14). 0 petit n\u00e9. \u00a0les parents ont mang\u00e9 les 5 oeufs (2008\/06\/09\u20142008\/06\/23). 2009 4 oeufs pondus (2009\/04\/24\u20142009\/05\/01). 3 petits n\u00e9s (2009\/05\/27\u20142009\/05\/28). 3 petits envol\u00e9s (2009\/06\/24 deux, dont un\u2026","rel":"","context":"V \u201e\"Nos\" cr\u00e9cerelles\u201c","block_context":{"text":"\"Nos\" cr\u00e9cerelles","link":"https:\/\/tinnunculus.sy-sy.cz\/index.php\/fr\/category\/locataires-et-visiteurs\/nos-crecerelles\/"},"img":{"alt_text":"Vlajka \u010cesk\u00e9 republiky","src":"https:\/\/i0.wp.com\/statni.vlajky.org\/32\/ceska_republika.png?resize=350%2C200","width":350,"height":200},"classes":[]},{"id":9870,"url":"https:\/\/tinnunculus.sy-sy.cz\/index.php\/fr\/introduction-2\/","url_meta":{"origin":37644,"position":3},"title":"Introduction","author":"Zuzana Syrov\u00e1 An\u00fd\u017eov\u00e1","date":"09\/12\/2019","format":false,"excerpt":"Bienvenue chez les faucons cr\u00e9cerelles de Brno! Ce site est d\u00e9di\u00e9 aux faucons cr\u00e9cerelles, qui nichent sur notre balcon depuis 2007. Les faucons y passent la nuit sur les perchoirs souvent pendant toute l'ann\u00e9e. Un nichoir pour les martinets noirs est situ\u00e9 au-dessus de la fen\u00eatre voisine. Jusqu'\u00e0 pr\u00e9sent, nos\u2026","rel":"","context":"Podobn\u00fd p\u0159\u00edsp\u011bvek","block_context":{"text":"Podobn\u00fd p\u0159\u00edsp\u011bvek","link":""},"img":{"alt_text":"","src":"","width":0,"height":0},"classes":[]},{"id":37076,"url":"https:\/\/tinnunculus.sy-sy.cz\/index.php\/fr\/nos-crecerelles-online\/nos-webcams\/liste-des-cameras\/","url_meta":{"origin":37644,"position":4},"title":"Liste des cam\u00e9ras","author":"Zuzana Syrov\u00e1 An\u00fd\u017eov\u00e1","date":"23\/07\/2024","format":false,"excerpt":"Mis \u00e0 jour Balcon de cr\u00e9cerelles \u2194 Martinets \u2194 Fen\u00eatre de cr\u00e9cerelles \u2194 Tout \u2190\u00a0Nos webcams \u2190\u00a0YouTube Live","rel":"","context":"Podobn\u00fd p\u0159\u00edsp\u011bvek","block_context":{"text":"Podobn\u00fd p\u0159\u00edsp\u011bvek","link":""},"img":{"alt_text":"","src":"","width":0,"height":0},"classes":[]},{"id":9963,"url":"https:\/\/tinnunculus.sy-sy.cz\/index.php\/fr\/oiseaux-en-direct\/falco-tinnunculus-online-2\/","url_meta":{"origin":37644,"position":5},"title":"Falco tinnunculus online","author":"Zuzana Syrov\u00e1 An\u00fd\u017eov\u00e1","date":"10\/12\/2019","format":false,"excerpt":"Mis \u00e0 jour Termes tch\u00e8ques: lokalita = localisation, localit\u00e9 kamera = cam\u00e9ra Abr\u00e9viations: on+ cam\u00e9ra on-line on- cam\u00e9ra on-line,\u00a0mais un autre genre d'oiseau off\u00a0 cam\u00e9ra off-line Le tableau montre la derni\u00e8re ann\u00e9e au cours de laquelle les cr\u00e9cerelles ont nich\u00e9 avec succ\u00e8s ou sans succ\u00e8s dans la localit\u00e9. Codes des\u2026","rel":"","context":"Podobn\u00fd p\u0159\u00edsp\u011bvek","block_context":{"text":"Podobn\u00fd p\u0159\u00edsp\u011bvek","link":""},"img":{"alt_text":"","src":"","width":0,"height":0},"classes":[]}],"jetpack_sharing_enabled":true,"_links":{"self":[{"href":"https:\/\/tinnunculus.sy-sy.cz\/index.php\/wp-json\/wp\/v2\/pages\/37644","targetHints":{"allow":["GET"]}}],"collection":[{"href":"https:\/\/tinnunculus.sy-sy.cz\/index.php\/wp-json\/wp\/v2\/pages"}],"about":[{"href":"https:\/\/tinnunculus.sy-sy.cz\/index.php\/wp-json\/wp\/v2\/types\/page"}],"author":[{"embeddable":true,"href":"https:\/\/tinnunculus.sy-sy.cz\/index.php\/wp-json\/wp\/v2\/users\/2"}],"replies":[{"embeddable":true,"href":"https:\/\/tinnunculus.sy-sy.cz\/index.php\/wp-json\/wp\/v2\/comments?post=37644"}],"version-history":[{"count":3,"href":"https:\/\/tinnunculus.sy-sy.cz\/index.php\/wp-json\/wp\/v2\/pages\/37644\/revisions"}],"predecessor-version":[{"id":41194,"href":"https:\/\/tinnunculus.sy-sy.cz\/index.php\/wp-json\/wp\/v2\/pages\/37644\/revisions\/41194"}],"up":[{"embeddable":true,"href":"https:\/\/tinnunculus.sy-sy.cz\/index.php\/wp-json\/wp\/v2\/pages\/860"}],"wp:attachment":[{"href":"https:\/\/tinnunculus.sy-sy.cz\/index.php\/wp-json\/wp\/v2\/media?parent=37644"}],"wp:term":[{"taxonomy":"category","embeddable":true,"href":"https:\/\/tinnunculus.sy-sy.cz\/index.php\/wp-json\/wp\/v2\/categories?post=37644"},{"taxonomy":"post_tag","embeddable":true,"href":"https:\/\/tinnunculus.sy-sy.cz\/index.php\/wp-json\/wp\/v2\/tags?post=37644"}],"curies":[{"name":"wp","href":"https:\/\/api.w.org\/{rel}","templated":true}]}}