{"id":37641,"date":"2024-08-16T11:23:33","date_gmt":"2024-08-16T09:23:33","guid":{"rendered":"https:\/\/tinnunculus.sy-sy.cz\/?page_id=37641"},"modified":"2025-04-12T11:17:15","modified_gmt":"2025-04-12T09:17:15","slug":"kestrels-nesting-results","status":"publish","type":"page","link":"https:\/\/tinnunculus.sy-sy.cz\/index.php\/en\/kestrel-seasons\/kestrels-nesting-results\/","title":{"rendered":"Kestrels nesting results"},"content":{"rendered":"\n<table id=\"tablepress-22\" class=\"tablepress tablepress-id-22 tablepress-responsive\">\n<thead>\n<tr class=\"row-1\">\n\t<th class=\"column-1\">Rok<br \/>\nYear<\/th><th class=\"column-2\">Vejce<br \/>\nEggs<br \/>\n-<br \/>\nPrvn\u00ed<br \/>\nFirst<\/th><th class=\"column-3\">Vejce<br \/>\nEggs<\/th><th class=\"column-4\">Vyl\u00edhnuto<br \/>\nHatched<\/th><th class=\"column-5\">Vylet\u011blo<br \/>\nFledged<\/th><th class=\"column-6\">Krou\u017ekov\u00e1no<br \/>\nRinged<\/th><th class=\"column-7\">Vejce<br \/>\nEggs<br \/>\n-<br \/>\nPosledn\u00ed<br \/>\nLast<\/th><th class=\"column-8\">Vyl\u00edhnuto<br \/>\nHatched<br \/>\n-<br \/>\nPrvn\u00ed<br \/>\nFirst<\/th><th class=\"column-9\">Vyl\u00edhnuto<br \/>\nHatched<br \/>\n-<br \/>\nPosledn\u00ed<br \/>\nLast<\/th>\n<\/tr>\n<\/thead>\n<tbody class=\"row-striping row-hover\">\n<tr class=\"row-2\">\n\t<td class=\"column-1\"><a href=\"https:\/\/tinnunculus.sy-sy.cz\/index.php\/deniky\/2026-2\/\" rel=\"noopener\" target=\"_blank\">2026<\/a><\/td><td class=\"column-2\">05\/03<\/td><td class=\"column-3\">2<\/td><td class=\"column-4\"><\/td><td class=\"column-5\"><\/td><td class=\"column-6\"><\/td><td class=\"column-7\"><\/td><td class=\"column-8\"><\/td><td class=\"column-9\"><\/td>\n<\/tr>\n<tr class=\"row-3\">\n\t<td class=\"column-1\"><a href=\"https:\/\/tinnunculus.sy-sy.cz\/index.php\/deniky\/2025-2\/\" rel=\"noopener\" target=\"_blank\">2025<\/a><\/td><td class=\"column-2\">04\/03<\/td><td class=\"column-3\">7<\/td><td class=\"column-4\">7<\/td><td class=\"column-5\">7<\/td><td class=\"column-6\"><a href=\"https:\/\/tinnunculus.sy-sy.cz\/index.php\/krouzkovani\/?table_filter=2025\" rel=\"noopener\" target=\"_blank\">7<\/a><\/td><td class=\"column-7\">04\/16<\/td><td class=\"column-8\">05\/11<\/td><td class=\"column-9\">05\/14<\/td>\n<\/tr>\n<tr class=\"row-4\">\n\t<td class=\"column-1\"><a href=\"https:\/\/tinnunculus.sy-sy.cz\/index.php\/deniky\/2024-2\/\" rel=\"noopener\" target=\"_blank\">2024<\/a><\/td><td class=\"column-2\">04\/08<\/td><td class=\"column-3\">6<\/td><td class=\"column-4\">6<\/td><td class=\"column-5\">6<\/td><td class=\"column-6\"><a href=\"https:\/\/tinnunculus.sy-sy.cz\/index.php\/krouzkovani\/?table_filter=2024\" rel=\"noopener\" target=\"_blank\">6<\/a><\/td><td class=\"column-7\">04\/19<\/td><td class=\"column-8\">05\/14<\/td><td class=\"column-9\">05\/17<\/td>\n<\/tr>\n<tr class=\"row-5\">\n\t<td class=\"column-1\"><a href=\"https:\/\/tinnunculus.sy-sy.cz\/index.php\/deniky\/2023-2\/\" rel=\"noopener\" target=\"_blank\">2023<\/a><\/td><td class=\"column-2\">04\/15<\/td><td class=\"column-3\">6<\/td><td class=\"column-4\">6<\/td><td class=\"column-5\">6<\/td><td class=\"column-6\"><a href=\"https:\/\/tinnunculus.sy-sy.cz\/index.php\/krouzkovani\/?table_filter=2023\" rel=\"noopener\" target=\"_blank\">6<\/a><\/td><td class=\"column-7\">04\/27<\/td><td class=\"column-8\">05\/22<\/td><td class=\"column-9\">05\/24<\/td>\n<\/tr>\n<tr class=\"row-6\">\n\t<td class=\"column-1\"><a href=\"https:\/\/tinnunculus.sy-sy.cz\/index.php\/deniky\/2022-2\/\" rel=\"noopener\" target=\"_blank\">2022<\/a><\/td><td class=\"column-2\">05\/02<\/td><td class=\"column-3\">4<\/td><td class=\"column-4\">4<\/td><td class=\"column-5\">4<\/td><td class=\"column-6\"><a href=\"https:\/\/tinnunculus.sy-sy.cz\/index.php\/krouzkovani\/?table_filter=2022\" rel=\"noopener\" target=\"_blank\">4<\/a><\/td><td class=\"column-7\">05\/14<\/td><td class=\"column-8\">06\/07<\/td><td class=\"column-9\">05\/11<\/td>\n<\/tr>\n<tr class=\"row-7\">\n\t<td class=\"column-1\"><a href=\"https:\/\/tinnunculus.sy-sy.cz\/index.php\/deniky\/2021-2\/\" rel=\"noopener\" target=\"_blank\">2021<\/a><\/td><td class=\"column-2\">04\/27<\/td><td class=\"column-3\">5<\/td><td class=\"column-4\">4<\/td><td class=\"column-5\">4<\/td><td class=\"column-6\"><a href=\"https:\/\/tinnunculus.sy-sy.cz\/index.php\/krouzkovani\/?table_filter=2021\" rel=\"noopener\" target=\"_blank\">4<\/a><\/td><td class=\"column-7\">05\/06<\/td><td class=\"column-8\">05\/29<\/td><td class=\"column-9\">05\/31<\/td>\n<\/tr>\n<tr class=\"row-8\">\n\t<td class=\"column-1\"><a href=\"https:\/\/tinnunculus.sy-sy.cz\/index.php\/deniky\/2020-2\/\" rel=\"noopener\" target=\"_blank\">2020<\/a><\/td><td class=\"column-2\">04\/23<\/td><td class=\"column-3\">6<\/td><td class=\"column-4\">6<\/td><td class=\"column-5\">6<\/td><td class=\"column-6\"><a href=\"https:\/\/tinnunculus.sy-sy.cz\/index.php\/krouzkovani\/?table_filter=2020\" rel=\"noopener\" target=\"_blank\">6<\/a><\/td><td class=\"column-7\">05\/04<\/td><td class=\"column-8\">05\/26<\/td><td class=\"column-9\">06\/01<\/td>\n<\/tr>\n<tr class=\"row-9\">\n\t<td class=\"column-1\"><a href=\"https:\/\/tinnunculus.sy-sy.cz\/index.php\/deniky\/2019-2\/\" rel=\"noopener\" target=\"_blank\">2019<\/a><\/td><td class=\"column-2\">04\/29<\/td><td class=\"column-3\">5<\/td><td class=\"column-4\">5<\/td><td class=\"column-5\">3<\/td><td class=\"column-6\"><a href=\"https:\/\/tinnunculus.sy-sy.cz\/index.php\/krouzkovani\/?table_filter=2019\" rel=\"noopener\" target=\"_blank\">3<\/a><\/td><td class=\"column-7\">05\/09<\/td><td class=\"column-8\">05\/31<\/td><td class=\"column-9\">06\/05<\/td>\n<\/tr>\n<tr class=\"row-10\">\n\t<td class=\"column-1\"><a href=\"https:\/\/tinnunculus.sy-sy.cz\/index.php\/deniky\/2018-2\/\" rel=\"noopener\" target=\"_blank\">2018<\/a><\/td><td class=\"column-2\">05\/12<\/td><td class=\"column-3\">5<\/td><td class=\"column-4\">4<\/td><td class=\"column-5\">4<\/td><td class=\"column-6\"><a href=\"https:\/\/tinnunculus.sy-sy.cz\/index.php\/krouzkovani\/?table_filter=2018\" rel=\"noopener\" target=\"_blank\">4<\/a><\/td><td class=\"column-7\">05\/19<\/td><td class=\"column-8\">06\/13<\/td><td class=\"column-9\">06\/16<\/td>\n<\/tr>\n<tr class=\"row-11\">\n\t<td class=\"column-1\"><a href=\"https:\/\/tinnunculus.sy-sy.cz\/index.php\/deniky\/2017-2\/\" rel=\"noopener\" target=\"_blank\">2017<\/a><\/td><td class=\"column-2\">--\/--<\/td><td class=\"column-3\">0<\/td><td class=\"column-4\">0<\/td><td class=\"column-5\">0<\/td><td class=\"column-6\">0<\/td><td class=\"column-7\">--\/--<\/td><td class=\"column-8\">--\/--<\/td><td class=\"column-9\">--\/--<\/td>\n<\/tr>\n<tr class=\"row-12\">\n\t<td class=\"column-1\"><a href=\"https:\/\/tinnunculus.sy-sy.cz\/index.php\/deniky\/2016-2\/\" rel=\"noopener\" target=\"_blank\">2016<\/a><\/td><td class=\"column-2\">04\/13<\/td><td class=\"column-3\">5<\/td><td class=\"column-4\">5<\/td><td class=\"column-5\">2<\/td><td class=\"column-6\">0<\/td><td class=\"column-7\">04\/21<\/td><td class=\"column-8\">05\/17<\/td><td class=\"column-9\">05\/19<\/td>\n<\/tr>\n<tr class=\"row-13\">\n\t<td class=\"column-1\"><a href=\"https:\/\/tinnunculus.sy-sy.cz\/index.php\/deniky\/2015-2\/\" rel=\"noopener\" target=\"_blank\">2015<\/a><\/td><td class=\"column-2\">04\/13<\/td><td class=\"column-3\">6<\/td><td class=\"column-4\">6<\/td><td class=\"column-5\">5<\/td><td class=\"column-6\">0<\/td><td class=\"column-7\">04\/23<\/td><td class=\"column-8\">05\/18<\/td><td class=\"column-9\">05\/21<\/td>\n<\/tr>\n<tr class=\"row-14\">\n\t<td class=\"column-1\"><a href=\"https:\/\/tinnunculus.sy-sy.cz\/index.php\/deniky\/2014-2\/\" rel=\"noopener\" target=\"_blank\">2014<\/a><\/td><td class=\"column-2\">04\/09<\/td><td class=\"column-3\">6<\/td><td class=\"column-4\">6<\/td><td class=\"column-5\">6<\/td><td class=\"column-6\">0<\/td><td class=\"column-7\">04\/20<\/td><td class=\"column-8\">05\/14<\/td><td class=\"column-9\">05\/18<\/td>\n<\/tr>\n<tr class=\"row-15\">\n\t<td class=\"column-1\"><a href=\"https:\/\/tinnunculus.sy-sy.cz\/index.php\/deniky\/2013-2\/\" rel=\"noopener\" target=\"_blank\">2013<\/a><\/td><td class=\"column-2\">05\/02<\/td><td class=\"column-3\">5<\/td><td class=\"column-4\">5<\/td><td class=\"column-5\">4<\/td><td class=\"column-6\">0<\/td><td class=\"column-7\">05\/11<\/td><td class=\"column-8\">06\/06<\/td><td class=\"column-9\">06\/08<\/td>\n<\/tr>\n<tr class=\"row-16\">\n\t<td class=\"column-1\"><a href=\"https:\/\/tinnunculus.sy-sy.cz\/index.php\/deniky\/2012-2\/\" rel=\"noopener\" target=\"_blank\">2012<\/a><\/td><td class=\"column-2\">04\/13<\/td><td class=\"column-3\">5<\/td><td class=\"column-4\">5<\/td><td class=\"column-5\">5<\/td><td class=\"column-6\">0<\/td><td class=\"column-7\">04\/23<\/td><td class=\"column-8\">05\/19<\/td><td class=\"column-9\">05\/21<\/td>\n<\/tr>\n<tr class=\"row-17\">\n\t<td class=\"column-1\"><a href=\"https:\/\/tinnunculus.sy-sy.cz\/index.php\/deniky\/2011-2\/\" rel=\"noopener\" target=\"_blank\">2011<\/a><\/td><td class=\"column-2\">04\/09<\/td><td class=\"column-3\">5<\/td><td class=\"column-4\">5<\/td><td class=\"column-5\">5<\/td><td class=\"column-6\">0<\/td><td class=\"column-7\">04\/18<\/td><td class=\"column-8\">05\/14<\/td><td class=\"column-9\">05\/15<\/td>\n<\/tr>\n<tr class=\"row-18\">\n\t<td class=\"column-1\"><a href=\"https:\/\/tinnunculus.sy-sy.cz\/index.php\/deniky\/2010-2\/\" rel=\"noopener\" target=\"_blank\">2010<\/a><\/td><td class=\"column-2\">04\/12<\/td><td class=\"column-3\">6<\/td><td class=\"column-4\">6<\/td><td class=\"column-5\">5<\/td><td class=\"column-6\">0<\/td><td class=\"column-7\">04\/22<\/td><td class=\"column-8\">05\/17<\/td><td class=\"column-9\">05\/20<\/td>\n<\/tr>\n<tr class=\"row-19\">\n\t<td class=\"column-1\"><a href=\"https:\/\/tinnunculus.sy-sy.cz\/index.php\/deniky\/2009-2\/\" rel=\"noopener\" target=\"_blank\">2009<\/a><\/td><td class=\"column-2\">04\/24<\/td><td class=\"column-3\">4<\/td><td class=\"column-4\">3<\/td><td class=\"column-5\">3<\/td><td class=\"column-6\">0<\/td><td class=\"column-7\">05\/01<\/td><td class=\"column-8\">05\/27<\/td><td class=\"column-9\">05\/28<\/td>\n<\/tr>\n<tr class=\"row-20\">\n\t<td class=\"column-1\"><a href=\"https:\/\/tinnunculus.sy-sy.cz\/index.php\/deniky\/2008-2\/\" rel=\"noopener\" target=\"_blank\">2008<\/a><\/td><td class=\"column-2\">05\/05<\/td><td class=\"column-3\">5<\/td><td class=\"column-4\">0<\/td><td class=\"column-5\">0<\/td><td class=\"column-6\">0<\/td><td class=\"column-7\">05\/13<\/td><td class=\"column-8\"><\/td><td class=\"column-9\"><\/td>\n<\/tr>\n<tr class=\"row-21\">\n\t<td class=\"column-1\"><a href=\"https:\/\/tinnunculus.sy-sy.cz\/index.php\/deniky\/2007-2\/\" rel=\"noopener\" target=\"_blank\">2007<\/a><\/td><td class=\"column-2\">05\/01 (?)<\/td><td class=\"column-3\">5<\/td><td class=\"column-4\">5<\/td><td class=\"column-5\">5<\/td><td class=\"column-6\">0<\/td><td class=\"column-7\">05\/10 <\/td><td class=\"column-8\">?<\/td><td class=\"column-9\">06\/04<\/td>\n<\/tr>\n<\/tbody>\n<tfoot>\n<tr class=\"row-22\">\n\t<th class=\"column-1\">Sum :<\/th><td class=\"column-2\"><\/td><th class=\"column-3\">98<\/th><th class=\"column-4\">88<\/th><th class=\"column-5\">80<\/th><th class=\"column-6\">0<\/th><td class=\"column-7\"><\/td><td class=\"column-8\"><\/td><td class=\"column-9\"><\/td>\n<\/tr>\n<\/tfoot>\n<\/table>\n<!-- #tablepress-22 from cache -->\n<ul>\n<li><a href=\"https:\/\/docs.google.com\/spreadsheets\/d\/1xjONdl1pv543PLV9Ubq0cllWvj2mcbl26LAHb4btqPI\/edit?usp=sharing\" target=\"_blank\" rel=\"noopener noreferrer\">Statistical calendar (Google Sheets)<\/a><\/li>\n<li><a href=\"https:\/\/tinnunculus.sy-sy.cz\/index.php\/en\/kestrel-seasons\/\">Kestrel seasons<\/a><\/li>\n<\/ul>\n","protected":false},"excerpt":{"rendered":"<p>Statistical calendar (Google Sheets) Kestrel seasons<\/p>\n","protected":false},"author":2,"featured_media":0,"parent":865,"menu_order":2,"comment_status":"closed","ping_status":"closed","template":"","meta":{"jetpack_post_was_ever_published":false,"footnotes":""},"categories":[],"tags":[],"class_list":["post-37641","page","type-page","status-publish","hentry"],"jetpack_shortlink":"https:\/\/wp.me\/P91gKE-9N7","jetpack-related-posts":[{"id":12415,"url":"https:\/\/tinnunculus.sy-sy.cz\/index.php\/en\/kestrel-seasons\/statistics-2007\/","url_meta":{"origin":37641,"position":0},"title":"Statistical calendar 2007-?","author":"Zuzana Syrov\u00e1 An\u00fd\u017eov\u00e1","date":"01\/05\/2020","format":false,"excerpt":"\ufeff Google Sheets Kestrel seasons Kestrels nesting results","rel":"","context":"Podobn\u00fd p\u0159\u00edsp\u011bvek","block_context":{"text":"Podobn\u00fd p\u0159\u00edsp\u011bvek","link":""},"img":{"alt_text":"","src":"","width":0,"height":0},"classes":[]},{"id":865,"url":"https:\/\/tinnunculus.sy-sy.cz\/index.php\/en\/kestrel-seasons\/","url_meta":{"origin":37641,"position":1},"title":"Kestrel seasons","author":"Zuzana Syrov\u00e1 An\u00fd\u017eov\u00e1","date":"04\/08\/2017","format":false,"excerpt":"2007 5 + 1 eggs laid (before 2007\/05\/10). 5 eggs hatched (2007\/06\/03\u20142007\/06\/04). 5 juveniles fledged successfully. 2008 5 eggs laid (2008\/05\/05\u20142008\/05\/14). 0 eggs hatched. 5 eggs eaten by parents (2008\/06\/09\u20142008\/06\/23). 2009 4 eggs laid (2009\/04\/24\u20142009\/05\/01). 3 eggs hatched (2009\/05\/27\u20142009\/05\/28). 3 juveniles fledged (2 prematurely 2009\/06\/24 - one of them disappeared,\u2026","rel":"","context":"V \u201e\"Our\" kestrels\u201c","block_context":{"text":"\"Our\" kestrels","link":"https:\/\/tinnunculus.sy-sy.cz\/index.php\/en\/category\/tenants-and-visitors\/our-kestrels-en\/"},"img":{"alt_text":"Vlajka \u010cesk\u00e9 republiky","src":"https:\/\/i0.wp.com\/statni.vlajky.org\/32\/ceska_republika.png?resize=350%2C200","width":350,"height":200},"classes":[]},{"id":9813,"url":"https:\/\/tinnunculus.sy-sy.cz\/index.php\/en\/birds-online\/falco-tinnunculus-online\/","url_meta":{"origin":37641,"position":2},"title":"Falco tinnunculus online","author":"Zuzana Syrov\u00e1 An\u00fd\u017eov\u00e1","date":"08\/12\/2019","format":false,"excerpt":"Updated Czech Terms: lokalita = locality, site kamera = camera Abbreviations: on+ camera on-line on- camera on-line, but another kind of bird off\u00a0 camera off-line The table shows the last year in which the kestrels nested successfully or unsuccessfully in the locality. Country codes 2026 selection\u00a0\u00a0\u2194 All data without filter\u2026","rel":"","context":"Podobn\u00fd p\u0159\u00edsp\u011bvek","block_context":{"text":"Podobn\u00fd p\u0159\u00edsp\u011bvek","link":""},"img":{"alt_text":"","src":"","width":0,"height":0},"classes":[]},{"id":9804,"url":"https:\/\/tinnunculus.sy-sy.cz\/index.php\/en\/online\/","url_meta":{"origin":37641,"position":3},"title":"&#8222;Our&#8220; kestrels online","author":"Zuzana Syrov\u00e1 An\u00fd\u017eov\u00e1","date":"08\/12\/2019","format":false,"excerpt":"0\u00a6\u00a01\u00a6\u00a02\u00a6\u00a03\u00a6\u00a04\u00a6\u00a05\u00a6\u00a06\u00a6\u00a07\u00a6\u00a08\u00a6\u00a09\u00a612\u00a6\u00a013\u00a6\u00a014\u00a6\u00a015\u00a6\u00a016\u00a6\u00a017\u00a6\u00a018\u00a6\u00a019\u00a6\u00a020\u00a6 10\u00a6\u00a0 11\u00a6 21\u00a6 \u00a0 A virtual window into our balcony... Click the camera number to open the\u00a0 camera page; you can also select it from a list of our cameras. Main camera groups: the kestrel balcony\u00a0\u00a6\u00a0the swift nestboxes\u00a0\u00a6\u00a0the kestrel window. We are also testing a live stream on our\u2026","rel":"","context":"V \u201e\"Our\" kestrels\u201c","block_context":{"text":"\"Our\" kestrels","link":"https:\/\/tinnunculus.sy-sy.cz\/index.php\/en\/category\/tenants-and-visitors\/our-kestrels-en\/"},"img":{"alt_text":"Camera 1","src":"https:\/\/sy-sy.cz\/cam\/webapi\/entry.cgi?api=SYNO.SurveillanceStation.Stream.VideoStreaming&version=1&method=Stream&format=mjpeg&cameraId=2&StmKey=%229853f85e3f00a090389e5f3da7058a2c%22","width":350,"height":200,"srcset":"https:\/\/sy-sy.cz\/cam\/webapi\/entry.cgi?api=SYNO.SurveillanceStation.Stream.VideoStreaming&version=1&method=Stream&format=mjpeg&cameraId=2&StmKey=%229853f85e3f00a090389e5f3da7058a2c%22 1x, https:\/\/sy-sy.cz\/cam\/webapi\/entry.cgi?api=SYNO.SurveillanceStation.Stream.VideoStreaming&version=1&method=Stream&format=mjpeg&cameraId=2&StmKey=%229853f85e3f00a090389e5f3da7058a2c%22 1.5x, https:\/\/sy-sy.cz\/cam\/webapi\/entry.cgi?api=SYNO.SurveillanceStation.Stream.VideoStreaming&version=1&method=Stream&format=mjpeg&cameraId=2&StmKey=%229853f85e3f00a090389e5f3da7058a2c%22 2x, https:\/\/sy-sy.cz\/cam\/webapi\/entry.cgi?api=SYNO.SurveillanceStation.Stream.VideoStreaming&version=1&method=Stream&format=mjpeg&cameraId=2&StmKey=%229853f85e3f00a090389e5f3da7058a2c%22 3x, https:\/\/sy-sy.cz\/cam\/webapi\/entry.cgi?api=SYNO.SurveillanceStation.Stream.VideoStreaming&version=1&method=Stream&format=mjpeg&cameraId=2&StmKey=%229853f85e3f00a090389e5f3da7058a2c%22 4x"},"classes":[]},{"id":13117,"url":"https:\/\/tinnunculus.sy-sy.cz\/index.php\/en\/kestrel-seasons\/kestrel-ringing\/","url_meta":{"origin":37641,"position":4},"title":"Kestrel ringing","author":"Zuzana Syrov\u00e1 An\u00fd\u017eov\u00e1","date":"18\/06\/2020","format":false,"excerpt":"Reported rings","rel":"","context":"Podobn\u00fd p\u0159\u00edsp\u011bvek","block_context":{"text":"Podobn\u00fd p\u0159\u00edsp\u011bvek","link":""},"img":{"alt_text":"","src":"","width":0,"height":0},"classes":[]},{"id":9823,"url":"https:\/\/tinnunculus.sy-sy.cz\/index.php\/en\/birds-online\/apus-apus-online\/","url_meta":{"origin":37641,"position":5},"title":"Apus apus online","author":"Zuzana Syrov\u00e1 An\u00fd\u017eov\u00e1","date":"08\/12\/2019","format":false,"excerpt":"Updated Czech Terms: lokalita = locality, site kamera = camera Abbreviations: on+ camera on-line on- camera on-line, but another kind of bird off\u00a0 camera off-line The table shows the last year in which the swifts nested successfully or unsuccessfully in the locality. Country codes Links: View nesting birds: common swift\u2026","rel":"","context":"Podobn\u00fd p\u0159\u00edsp\u011bvek","block_context":{"text":"Podobn\u00fd p\u0159\u00edsp\u011bvek","link":""},"img":{"alt_text":"","src":"","width":0,"height":0},"classes":[]}],"jetpack_sharing_enabled":true,"_links":{"self":[{"href":"https:\/\/tinnunculus.sy-sy.cz\/index.php\/wp-json\/wp\/v2\/pages\/37641","targetHints":{"allow":["GET"]}}],"collection":[{"href":"https:\/\/tinnunculus.sy-sy.cz\/index.php\/wp-json\/wp\/v2\/pages"}],"about":[{"href":"https:\/\/tinnunculus.sy-sy.cz\/index.php\/wp-json\/wp\/v2\/types\/page"}],"author":[{"embeddable":true,"href":"https:\/\/tinnunculus.sy-sy.cz\/index.php\/wp-json\/wp\/v2\/users\/2"}],"replies":[{"embeddable":true,"href":"https:\/\/tinnunculus.sy-sy.cz\/index.php\/wp-json\/wp\/v2\/comments?post=37641"}],"version-history":[{"count":3,"href":"https:\/\/tinnunculus.sy-sy.cz\/index.php\/wp-json\/wp\/v2\/pages\/37641\/revisions"}],"predecessor-version":[{"id":41193,"href":"https:\/\/tinnunculus.sy-sy.cz\/index.php\/wp-json\/wp\/v2\/pages\/37641\/revisions\/41193"}],"up":[{"embeddable":true,"href":"https:\/\/tinnunculus.sy-sy.cz\/index.php\/wp-json\/wp\/v2\/pages\/865"}],"wp:attachment":[{"href":"https:\/\/tinnunculus.sy-sy.cz\/index.php\/wp-json\/wp\/v2\/media?parent=37641"}],"wp:term":[{"taxonomy":"category","embeddable":true,"href":"https:\/\/tinnunculus.sy-sy.cz\/index.php\/wp-json\/wp\/v2\/categories?post=37641"},{"taxonomy":"post_tag","embeddable":true,"href":"https:\/\/tinnunculus.sy-sy.cz\/index.php\/wp-json\/wp\/v2\/tags?post=37641"}],"curies":[{"name":"wp","href":"https:\/\/api.w.org\/{rel}","templated":true}]}}