{"id":37616,"date":"2024-08-16T09:57:58","date_gmt":"2024-08-16T07:57:58","guid":{"rendered":"https:\/\/tinnunculus.sy-sy.cz\/?page_id=37616"},"modified":"2025-12-14T23:37:55","modified_gmt":"2025-12-14T22:37:55","slug":"hnizdeni-postolek-vysledky","status":"publish","type":"page","link":"https:\/\/tinnunculus.sy-sy.cz\/index.php\/postolci-sezony\/hnizdeni-postolek-vysledky\/","title":{"rendered":"Hn\u00edzd\u011bn\u00ed po\u0161tolek &#8211; v\u00fdsledky"},"content":{"rendered":"\n<table id=\"tablepress-22\" class=\"tablepress tablepress-id-22 tablepress-responsive\">\n<thead>\n<tr class=\"row-1\">\n\t<th class=\"column-1\">Rok<br \/>\nYear<\/th><th class=\"column-2\">Vejce<br \/>\nEggs<br \/>\n-<br \/>\nPrvn\u00ed<br \/>\nFirst<\/th><th class=\"column-3\">Vejce<br \/>\nEggs<\/th><th class=\"column-4\">Vyl\u00edhnuto<br \/>\nHatched<\/th><th class=\"column-5\">Vylet\u011blo<br \/>\nFledged<\/th><th class=\"column-6\">Krou\u017ekov\u00e1no<br \/>\nRinged<\/th><th class=\"column-7\">Vejce<br \/>\nEggs<br \/>\n-<br \/>\nPosledn\u00ed<br \/>\nLast<\/th><th class=\"column-8\">Vyl\u00edhnuto<br \/>\nHatched<br \/>\n-<br \/>\nPrvn\u00ed<br \/>\nFirst<\/th><th class=\"column-9\">Vyl\u00edhnuto<br \/>\nHatched<br \/>\n-<br \/>\nPosledn\u00ed<br \/>\nLast<\/th>\n<\/tr>\n<\/thead>\n<tbody class=\"row-striping row-hover\">\n<tr class=\"row-2\">\n\t<td class=\"column-1\"><a href=\"https:\/\/tinnunculus.sy-sy.cz\/index.php\/deniky\/2026-2\/\" rel=\"noopener\" target=\"_blank\">2026<\/a><\/td><td class=\"column-2\">05\/03<\/td><td class=\"column-3\">2<\/td><td class=\"column-4\"><\/td><td class=\"column-5\"><\/td><td class=\"column-6\"><\/td><td class=\"column-7\"><\/td><td class=\"column-8\"><\/td><td class=\"column-9\"><\/td>\n<\/tr>\n<tr class=\"row-3\">\n\t<td class=\"column-1\"><a href=\"https:\/\/tinnunculus.sy-sy.cz\/index.php\/deniky\/2025-2\/\" rel=\"noopener\" target=\"_blank\">2025<\/a><\/td><td class=\"column-2\">04\/03<\/td><td class=\"column-3\">7<\/td><td class=\"column-4\">7<\/td><td class=\"column-5\">7<\/td><td class=\"column-6\"><a href=\"https:\/\/tinnunculus.sy-sy.cz\/index.php\/krouzkovani\/?table_filter=2025\" rel=\"noopener\" target=\"_blank\">7<\/a><\/td><td class=\"column-7\">04\/16<\/td><td class=\"column-8\">05\/11<\/td><td class=\"column-9\">05\/14<\/td>\n<\/tr>\n<tr class=\"row-4\">\n\t<td class=\"column-1\"><a href=\"https:\/\/tinnunculus.sy-sy.cz\/index.php\/deniky\/2024-2\/\" rel=\"noopener\" target=\"_blank\">2024<\/a><\/td><td class=\"column-2\">04\/08<\/td><td class=\"column-3\">6<\/td><td class=\"column-4\">6<\/td><td class=\"column-5\">6<\/td><td class=\"column-6\"><a href=\"https:\/\/tinnunculus.sy-sy.cz\/index.php\/krouzkovani\/?table_filter=2024\" rel=\"noopener\" target=\"_blank\">6<\/a><\/td><td class=\"column-7\">04\/19<\/td><td class=\"column-8\">05\/14<\/td><td class=\"column-9\">05\/17<\/td>\n<\/tr>\n<tr class=\"row-5\">\n\t<td class=\"column-1\"><a href=\"https:\/\/tinnunculus.sy-sy.cz\/index.php\/deniky\/2023-2\/\" rel=\"noopener\" target=\"_blank\">2023<\/a><\/td><td class=\"column-2\">04\/15<\/td><td class=\"column-3\">6<\/td><td class=\"column-4\">6<\/td><td class=\"column-5\">6<\/td><td class=\"column-6\"><a href=\"https:\/\/tinnunculus.sy-sy.cz\/index.php\/krouzkovani\/?table_filter=2023\" rel=\"noopener\" target=\"_blank\">6<\/a><\/td><td class=\"column-7\">04\/27<\/td><td class=\"column-8\">05\/22<\/td><td class=\"column-9\">05\/24<\/td>\n<\/tr>\n<tr class=\"row-6\">\n\t<td class=\"column-1\"><a href=\"https:\/\/tinnunculus.sy-sy.cz\/index.php\/deniky\/2022-2\/\" rel=\"noopener\" target=\"_blank\">2022<\/a><\/td><td class=\"column-2\">05\/02<\/td><td class=\"column-3\">4<\/td><td class=\"column-4\">4<\/td><td class=\"column-5\">4<\/td><td class=\"column-6\"><a href=\"https:\/\/tinnunculus.sy-sy.cz\/index.php\/krouzkovani\/?table_filter=2022\" rel=\"noopener\" target=\"_blank\">4<\/a><\/td><td class=\"column-7\">05\/14<\/td><td class=\"column-8\">06\/07<\/td><td class=\"column-9\">05\/11<\/td>\n<\/tr>\n<tr class=\"row-7\">\n\t<td class=\"column-1\"><a href=\"https:\/\/tinnunculus.sy-sy.cz\/index.php\/deniky\/2021-2\/\" rel=\"noopener\" target=\"_blank\">2021<\/a><\/td><td class=\"column-2\">04\/27<\/td><td class=\"column-3\">5<\/td><td class=\"column-4\">4<\/td><td class=\"column-5\">4<\/td><td class=\"column-6\"><a href=\"https:\/\/tinnunculus.sy-sy.cz\/index.php\/krouzkovani\/?table_filter=2021\" rel=\"noopener\" target=\"_blank\">4<\/a><\/td><td class=\"column-7\">05\/06<\/td><td class=\"column-8\">05\/29<\/td><td class=\"column-9\">05\/31<\/td>\n<\/tr>\n<tr class=\"row-8\">\n\t<td class=\"column-1\"><a href=\"https:\/\/tinnunculus.sy-sy.cz\/index.php\/deniky\/2020-2\/\" rel=\"noopener\" target=\"_blank\">2020<\/a><\/td><td class=\"column-2\">04\/23<\/td><td class=\"column-3\">6<\/td><td class=\"column-4\">6<\/td><td class=\"column-5\">6<\/td><td class=\"column-6\"><a href=\"https:\/\/tinnunculus.sy-sy.cz\/index.php\/krouzkovani\/?table_filter=2020\" rel=\"noopener\" target=\"_blank\">6<\/a><\/td><td class=\"column-7\">05\/04<\/td><td class=\"column-8\">05\/26<\/td><td class=\"column-9\">06\/01<\/td>\n<\/tr>\n<tr class=\"row-9\">\n\t<td class=\"column-1\"><a href=\"https:\/\/tinnunculus.sy-sy.cz\/index.php\/deniky\/2019-2\/\" rel=\"noopener\" target=\"_blank\">2019<\/a><\/td><td class=\"column-2\">04\/29<\/td><td class=\"column-3\">5<\/td><td class=\"column-4\">5<\/td><td class=\"column-5\">3<\/td><td class=\"column-6\"><a href=\"https:\/\/tinnunculus.sy-sy.cz\/index.php\/krouzkovani\/?table_filter=2019\" rel=\"noopener\" target=\"_blank\">3<\/a><\/td><td class=\"column-7\">05\/09<\/td><td class=\"column-8\">05\/31<\/td><td class=\"column-9\">06\/05<\/td>\n<\/tr>\n<tr class=\"row-10\">\n\t<td class=\"column-1\"><a href=\"https:\/\/tinnunculus.sy-sy.cz\/index.php\/deniky\/2018-2\/\" rel=\"noopener\" target=\"_blank\">2018<\/a><\/td><td class=\"column-2\">05\/12<\/td><td class=\"column-3\">5<\/td><td class=\"column-4\">4<\/td><td class=\"column-5\">4<\/td><td class=\"column-6\"><a href=\"https:\/\/tinnunculus.sy-sy.cz\/index.php\/krouzkovani\/?table_filter=2018\" rel=\"noopener\" target=\"_blank\">4<\/a><\/td><td class=\"column-7\">05\/19<\/td><td class=\"column-8\">06\/13<\/td><td class=\"column-9\">06\/16<\/td>\n<\/tr>\n<tr class=\"row-11\">\n\t<td class=\"column-1\"><a href=\"https:\/\/tinnunculus.sy-sy.cz\/index.php\/deniky\/2017-2\/\" rel=\"noopener\" target=\"_blank\">2017<\/a><\/td><td class=\"column-2\">--\/--<\/td><td class=\"column-3\">0<\/td><td class=\"column-4\">0<\/td><td class=\"column-5\">0<\/td><td class=\"column-6\">0<\/td><td class=\"column-7\">--\/--<\/td><td class=\"column-8\">--\/--<\/td><td class=\"column-9\">--\/--<\/td>\n<\/tr>\n<tr class=\"row-12\">\n\t<td class=\"column-1\"><a href=\"https:\/\/tinnunculus.sy-sy.cz\/index.php\/deniky\/2016-2\/\" rel=\"noopener\" target=\"_blank\">2016<\/a><\/td><td class=\"column-2\">04\/13<\/td><td class=\"column-3\">5<\/td><td class=\"column-4\">5<\/td><td class=\"column-5\">2<\/td><td class=\"column-6\">0<\/td><td class=\"column-7\">04\/21<\/td><td class=\"column-8\">05\/17<\/td><td class=\"column-9\">05\/19<\/td>\n<\/tr>\n<tr class=\"row-13\">\n\t<td class=\"column-1\"><a href=\"https:\/\/tinnunculus.sy-sy.cz\/index.php\/deniky\/2015-2\/\" rel=\"noopener\" target=\"_blank\">2015<\/a><\/td><td class=\"column-2\">04\/13<\/td><td class=\"column-3\">6<\/td><td class=\"column-4\">6<\/td><td class=\"column-5\">5<\/td><td class=\"column-6\">0<\/td><td class=\"column-7\">04\/23<\/td><td class=\"column-8\">05\/18<\/td><td class=\"column-9\">05\/21<\/td>\n<\/tr>\n<tr class=\"row-14\">\n\t<td class=\"column-1\"><a href=\"https:\/\/tinnunculus.sy-sy.cz\/index.php\/deniky\/2014-2\/\" rel=\"noopener\" target=\"_blank\">2014<\/a><\/td><td class=\"column-2\">04\/09<\/td><td class=\"column-3\">6<\/td><td class=\"column-4\">6<\/td><td class=\"column-5\">6<\/td><td class=\"column-6\">0<\/td><td class=\"column-7\">04\/20<\/td><td class=\"column-8\">05\/14<\/td><td class=\"column-9\">05\/18<\/td>\n<\/tr>\n<tr class=\"row-15\">\n\t<td class=\"column-1\"><a href=\"https:\/\/tinnunculus.sy-sy.cz\/index.php\/deniky\/2013-2\/\" rel=\"noopener\" target=\"_blank\">2013<\/a><\/td><td class=\"column-2\">05\/02<\/td><td class=\"column-3\">5<\/td><td class=\"column-4\">5<\/td><td class=\"column-5\">4<\/td><td class=\"column-6\">0<\/td><td class=\"column-7\">05\/11<\/td><td class=\"column-8\">06\/06<\/td><td class=\"column-9\">06\/08<\/td>\n<\/tr>\n<tr class=\"row-16\">\n\t<td class=\"column-1\"><a href=\"https:\/\/tinnunculus.sy-sy.cz\/index.php\/deniky\/2012-2\/\" rel=\"noopener\" target=\"_blank\">2012<\/a><\/td><td class=\"column-2\">04\/13<\/td><td class=\"column-3\">5<\/td><td class=\"column-4\">5<\/td><td class=\"column-5\">5<\/td><td class=\"column-6\">0<\/td><td class=\"column-7\">04\/23<\/td><td class=\"column-8\">05\/19<\/td><td class=\"column-9\">05\/21<\/td>\n<\/tr>\n<tr class=\"row-17\">\n\t<td class=\"column-1\"><a href=\"https:\/\/tinnunculus.sy-sy.cz\/index.php\/deniky\/2011-2\/\" rel=\"noopener\" target=\"_blank\">2011<\/a><\/td><td class=\"column-2\">04\/09<\/td><td class=\"column-3\">5<\/td><td class=\"column-4\">5<\/td><td class=\"column-5\">5<\/td><td class=\"column-6\">0<\/td><td class=\"column-7\">04\/18<\/td><td class=\"column-8\">05\/14<\/td><td class=\"column-9\">05\/15<\/td>\n<\/tr>\n<tr class=\"row-18\">\n\t<td class=\"column-1\"><a href=\"https:\/\/tinnunculus.sy-sy.cz\/index.php\/deniky\/2010-2\/\" rel=\"noopener\" target=\"_blank\">2010<\/a><\/td><td class=\"column-2\">04\/12<\/td><td class=\"column-3\">6<\/td><td class=\"column-4\">6<\/td><td class=\"column-5\">5<\/td><td class=\"column-6\">0<\/td><td class=\"column-7\">04\/22<\/td><td class=\"column-8\">05\/17<\/td><td class=\"column-9\">05\/20<\/td>\n<\/tr>\n<tr class=\"row-19\">\n\t<td class=\"column-1\"><a href=\"https:\/\/tinnunculus.sy-sy.cz\/index.php\/deniky\/2009-2\/\" rel=\"noopener\" target=\"_blank\">2009<\/a><\/td><td class=\"column-2\">04\/24<\/td><td class=\"column-3\">4<\/td><td class=\"column-4\">3<\/td><td class=\"column-5\">3<\/td><td class=\"column-6\">0<\/td><td class=\"column-7\">05\/01<\/td><td class=\"column-8\">05\/27<\/td><td class=\"column-9\">05\/28<\/td>\n<\/tr>\n<tr class=\"row-20\">\n\t<td class=\"column-1\"><a href=\"https:\/\/tinnunculus.sy-sy.cz\/index.php\/deniky\/2008-2\/\" rel=\"noopener\" target=\"_blank\">2008<\/a><\/td><td class=\"column-2\">05\/05<\/td><td class=\"column-3\">5<\/td><td class=\"column-4\">0<\/td><td class=\"column-5\">0<\/td><td class=\"column-6\">0<\/td><td class=\"column-7\">05\/13<\/td><td class=\"column-8\"><\/td><td class=\"column-9\"><\/td>\n<\/tr>\n<tr class=\"row-21\">\n\t<td class=\"column-1\"><a href=\"https:\/\/tinnunculus.sy-sy.cz\/index.php\/deniky\/2007-2\/\" rel=\"noopener\" target=\"_blank\">2007<\/a><\/td><td class=\"column-2\">05\/01 (?)<\/td><td class=\"column-3\">5<\/td><td class=\"column-4\">5<\/td><td class=\"column-5\">5<\/td><td class=\"column-6\">0<\/td><td class=\"column-7\">05\/10 <\/td><td class=\"column-8\">?<\/td><td class=\"column-9\">06\/04<\/td>\n<\/tr>\n<\/tbody>\n<tfoot>\n<tr class=\"row-22\">\n\t<th class=\"column-1\">Sum :<\/th><td class=\"column-2\"><\/td><th class=\"column-3\">98<\/th><th class=\"column-4\">88<\/th><th class=\"column-5\">80<\/th><th class=\"column-6\">0<\/th><td class=\"column-7\"><\/td><td class=\"column-8\"><\/td><td class=\"column-9\"><\/td>\n<\/tr>\n<\/tfoot>\n<\/table>\n\n<ul>\n<li><a href=\"https:\/\/docs.google.com\/spreadsheets\/d\/1xjONdl1pv543PLV9Ubq0cllWvj2mcbl26LAHb4btqPI\/edit?usp=sharing\" target=\"_blank\" rel=\"noopener noreferrer\">Statistick\u00e9 kalend\u00e1rium (Google Sheets)<\/a><\/li>\n<li><a href=\"https:\/\/tinnunculus.sy-sy.cz\/index.php\/deniky\/\">Den\u00edky 2007\u2014?<\/a><\/li>\n<li><a href=\"https:\/\/tinnunculus.sy-sy.cz\/index.php\/historie-hnizda\/postolci-sezony\/\">Po\u0161tol\u010d\u00ed sez\u00f3ny<\/a><\/li>\n<\/ul>\n","protected":false},"excerpt":{"rendered":"<p>Statistick\u00e9 kalend\u00e1rium (Google Sheets) Den\u00edky 2007\u2014? Po\u0161tol\u010d\u00ed sez\u00f3ny<\/p>\n","protected":false},"author":2,"featured_media":0,"parent":733,"menu_order":2,"comment_status":"closed","ping_status":"closed","template":"","meta":{"jetpack_post_was_ever_published":false,"footnotes":""},"categories":[],"tags":[],"class_list":["post-37616","page","type-page","status-publish","hentry"],"jetpack_shortlink":"https:\/\/wp.me\/P91gKE-9MI","jetpack-related-posts":[{"id":12409,"url":"https:\/\/tinnunculus.sy-sy.cz\/index.php\/postolci-sezony\/statisticke-kalendarium\/","url_meta":{"origin":37616,"position":0},"title":"Statistick\u00e9 kalend\u00e1rium","author":"Zuzana Syrov\u00e1 An\u00fd\u017eov\u00e1","date":"01\/05\/2020","format":false,"excerpt":"\ufeff Tabulka (Google Sheets) Den\u00edky 2007-? Po\u0161tol\u010d\u00ed sez\u00f3ny Hn\u00edzd\u011bn\u00ed po\u0161tolek \u2013 v\u00fdsledky","rel":"","context":"Podobn\u00fd p\u0159\u00edsp\u011bvek","block_context":{"text":"Podobn\u00fd p\u0159\u00edsp\u011bvek","link":""},"img":{"alt_text":"","src":"","width":0,"height":0},"classes":[]},{"id":1697,"url":"https:\/\/tinnunculus.sy-sy.cz\/index.php\/postolci-sezony\/historie-hnizda\/","url_meta":{"origin":37616,"position":1},"title":"Historie po\u0161tol\u010d\u00edho hn\u00edzda","author":"Zuzana Syrov\u00e1 An\u00fd\u017eov\u00e1","date":"08\/08\/2017","format":false,"excerpt":"Po\u0161tolky u n\u00e1s pravideln\u011b hn\u00edzd\u00ed od roku 2007.\u00a0 Vybraly si k tomu nejprve zastr\u010den\u00fd kout za starou sk\u0159\u00ed\u0148kou vystr\u010denou do lod\u017eie po po\u017e\u00e1ru.\u00a0 V\u00a0roce\u00a02016 byla po\u0161tol\u010d\u00ed hn\u00edzdn\u00ed sez\u00f3na dramaticky poznamen\u00e1na stavebn\u00edmi pracemi spojen\u00fdmi s tzv. revitalizac\u00ed, kter\u00e9 se prot\u00e1hly a\u017e do n\u00e1sleduj\u00edc\u00edho roku.\u00a0 I kdy\u017e v n\u00e1sleduj\u00edc\u00ed sez\u00f3n\u011b 2017 jevily\u2026","rel":"","context":"Podobn\u00fd p\u0159\u00edsp\u011bvek","block_context":{"text":"Podobn\u00fd p\u0159\u00edsp\u011bvek","link":""},"img":{"alt_text":"","src":"","width":0,"height":0},"classes":[]},{"id":20898,"url":"https:\/\/tinnunculus.sy-sy.cz\/index.php\/deniky\/2007-2\/sezona-2007\/","url_meta":{"origin":37616,"position":2},"title":"Sez\u00f3na 2007","author":"Zuzana Syrov\u00e1 An\u00fd\u017eov\u00e1","date":"18\/03\/2023","format":false,"excerpt":"\u00a0 Den\u00edk 2007","rel":"","context":"V \u201eden\u00edk\u201c","block_context":{"text":"den\u00edk","link":"https:\/\/tinnunculus.sy-sy.cz\/index.php\/tag\/denik\/"},"img":{"alt_text":"","src":"","width":0,"height":0},"classes":[]},{"id":733,"url":"https:\/\/tinnunculus.sy-sy.cz\/index.php\/postolci-sezony\/","url_meta":{"origin":37616,"position":3},"title":"Po\u0161tol\u010d\u00ed sez\u00f3ny","author":"Zuzana Syrov\u00e1 An\u00fd\u017eov\u00e1","date":"03\/08\/2017","format":false,"excerpt":"2007 Sneseno 5 vajec + 1 b\u00edl\u00e9 vejce (p\u0159ed 2007\/05\/10). Vyl\u00edhlo se 5 po\u0161tol\u010dat (2007\/06\/03 zji\u0161t\u011bna \u010dty\u0159i; 2007\/06\/04 p\u00e1t\u00e9). V\u0161ech 5 po\u0161tol\u010dat odchov\u00e1no a zd\u00e1rn\u011b vylet\u011blo. 2008 Sneseno 5 vajec (2008\/05\/05\u20142008\/05\/14). Vyl\u00edhlo se 0 po\u0161tol\u010dat. V\u0161ech 5 vajec zkonzumovali rodi\u010de (2008\/06\/09\u20142008\/06\/23). 2009 Snesena 4 vejce (2009\/04\/24\u20142009\/05\/01). Vyl\u00edhla se 3 po\u0161tol\u010data\u2026","rel":"","context":"V \u201e\"Na\u0161e\" po\u0161tolky\u201c","block_context":{"text":"\"Na\u0161e\" po\u0161tolky","link":"https:\/\/tinnunculus.sy-sy.cz\/index.php\/category\/nasi\/nase-postolky\/"},"img":{"alt_text":"Vlajka Francie","src":"https:\/\/i0.wp.com\/statni.vlajky.org\/32\/francie.png?resize=350%2C200","width":350,"height":200},"classes":[]},{"id":809,"url":"https:\/\/tinnunculus.sy-sy.cz\/index.php\/deniky\/","url_meta":{"origin":37616,"position":4},"title":"Den\u00edky","author":"Zuzana Syrov\u00e1 An\u00fd\u017eov\u00e1","date":"04\/08\/2017","format":false,"excerpt":"Den\u00edky obsahuj\u00ed i z\u00e1kladn\u00ed \u00fadaje o ud\u00e1lostech spojen\u00fdch i s na\u0161imi dal\u0161\u00edmi podn\u00e1jemn\u00edky a n\u00e1v\u0161t\u011bvn\u00edky. Pro jednotliv\u00e9 hn\u00edzdn\u00ed i nehn\u00edzdn\u00ed po\u0161tol\u010d\u00ed sezony postupn\u011b dopl\u0148ujeme ze z\u00e1znam\u016f podrobn\u011bj\u0161\u00ed data.\u00a0 Den\u00edky: Aktu\u00e1ln\u00ed v\u00fdro\u010d\u00ed: D\u016fle\u017eit\u00e1 data z historie my\u0161\u00ed \u00a6 po\u0161tolek \u00a6 ror\u00fds\u016f.","rel":"","context":"Podobn\u00fd p\u0159\u00edsp\u011bvek","block_context":{"text":"Podobn\u00fd p\u0159\u00edsp\u011bvek","link":""},"img":{"alt_text":"","src":"","width":0,"height":0},"classes":[]},{"id":20905,"url":"https:\/\/tinnunculus.sy-sy.cz\/index.php\/deniky\/2023-2\/sezona-2023\/","url_meta":{"origin":37616,"position":5},"title":"Sez\u00f3na 2023","author":"Zuzana Syrov\u00e1 An\u00fd\u017eov\u00e1","date":"18\/03\/2023","format":false,"excerpt":"\u00a0 Den\u00edk 2023","rel":"","context":"V \u201e\"Na\u0161e\" po\u0161tolky\u201c","block_context":{"text":"\"Na\u0161e\" po\u0161tolky","link":"https:\/\/tinnunculus.sy-sy.cz\/index.php\/category\/nasi\/nase-postolky\/"},"img":{"alt_text":"","src":"","width":0,"height":0},"classes":[]}],"jetpack_sharing_enabled":true,"_links":{"self":[{"href":"https:\/\/tinnunculus.sy-sy.cz\/index.php\/wp-json\/wp\/v2\/pages\/37616","targetHints":{"allow":["GET"]}}],"collection":[{"href":"https:\/\/tinnunculus.sy-sy.cz\/index.php\/wp-json\/wp\/v2\/pages"}],"about":[{"href":"https:\/\/tinnunculus.sy-sy.cz\/index.php\/wp-json\/wp\/v2\/types\/page"}],"author":[{"embeddable":true,"href":"https:\/\/tinnunculus.sy-sy.cz\/index.php\/wp-json\/wp\/v2\/users\/2"}],"replies":[{"embeddable":true,"href":"https:\/\/tinnunculus.sy-sy.cz\/index.php\/wp-json\/wp\/v2\/comments?post=37616"}],"version-history":[{"count":3,"href":"https:\/\/tinnunculus.sy-sy.cz\/index.php\/wp-json\/wp\/v2\/pages\/37616\/revisions"}],"predecessor-version":[{"id":41184,"href":"https:\/\/tinnunculus.sy-sy.cz\/index.php\/wp-json\/wp\/v2\/pages\/37616\/revisions\/41184"}],"up":[{"embeddable":true,"href":"https:\/\/tinnunculus.sy-sy.cz\/index.php\/wp-json\/wp\/v2\/pages\/733"}],"wp:attachment":[{"href":"https:\/\/tinnunculus.sy-sy.cz\/index.php\/wp-json\/wp\/v2\/media?parent=37616"}],"wp:term":[{"taxonomy":"category","embeddable":true,"href":"https:\/\/tinnunculus.sy-sy.cz\/index.php\/wp-json\/wp\/v2\/categories?post=37616"},{"taxonomy":"post_tag","embeddable":true,"href":"https:\/\/tinnunculus.sy-sy.cz\/index.php\/wp-json\/wp\/v2\/tags?post=37616"}],"curies":[{"name":"wp","href":"https:\/\/api.w.org\/{rel}","templated":true}]}}