{"id":37408,"date":"2024-08-13T18:23:29","date_gmt":"2024-08-13T16:23:29","guid":{"rendered":"https:\/\/tinnunculus.sy-sy.cz\/?page_id=37408"},"modified":"2025-03-15T08:25:15","modified_gmt":"2025-03-15T07:25:15","slug":"laendercodes","status":"publish","type":"page","link":"https:\/\/tinnunculus.sy-sy.cz\/index.php\/de\/voegel-online\/laendercodes\/","title":{"rendered":"L\u00e4ndercodes"},"content":{"rendered":"\n<table id=\"tablepress-21\" class=\"tablepress tablepress-id-21\">\n<thead>\n<tr class=\"row-1\">\n\t<td class=\"column-1\"><\/td><td class=\"column-2\"><\/td><th class=\"column-3\">DE<\/th><th class=\"column-4\"><img data-recalc-dims=\"1\" loading=\"lazy\" decoding=\"async\" src=\"https:\/\/i0.wp.com\/tinnunculus.sy-sy.cz\/wp-content\/uploads\/2024\/08\/kestrel_S.jpg?resize=30%2C30&#038;ssl=1\" alt=\"\" width=\"30\" height=\"30\" class=\"alignnone size-medium wp-image-37370\" \/><\/th><th class=\"column-5\"><img data-recalc-dims=\"1\" loading=\"lazy\" decoding=\"async\" src=\"https:\/\/i0.wp.com\/tinnunculus.sy-sy.cz\/wp-content\/uploads\/2024\/08\/swift-S1o.jpg?resize=30%2C30&#038;ssl=1\" alt=\"\" width=\"30\" height=\"30\" class=\"alignnone size-full wp-image-37373\" srcset=\"https:\/\/i0.wp.com\/tinnunculus.sy-sy.cz\/wp-content\/uploads\/2024\/08\/swift-S1o.jpg?w=108&amp;ssl=1 108w, https:\/\/i0.wp.com\/tinnunculus.sy-sy.cz\/wp-content\/uploads\/2024\/08\/swift-S1o.jpg?resize=100%2C100&amp;ssl=1 100w, https:\/\/i0.wp.com\/tinnunculus.sy-sy.cz\/wp-content\/uploads\/2024\/08\/swift-S1o.jpg?resize=50%2C50&amp;ssl=1 50w\" sizes=\"auto, (max-width: 30px) 100vw, 30px\" \/><\/th>\n<\/tr>\n<\/thead>\n<tbody class=\"row-striping row-hover\">\n<tr class=\"row-2\">\n\t<td class=\"column-1\">AT<\/td><td class=\"column-2\">\u00d6sterreich<\/td><td class=\"column-3\">\u00d6sterreich<\/td><td class=\"column-4\"><a href=\"https:\/\/tinnunculus.sy-sy.cz\/index.php\/de\/links-2\/falco-tinnunculus-online\/?table_filter=AT\">AT\u2192<\/a><\/td><td class=\"column-5\"><\/td>\n<\/tr>\n<tr class=\"row-3\">\n\t<td class=\"column-1\">BE<\/td><td class=\"column-2\">Belgique\u202f; <br \/>\nBelgi\u00eb\u202f; <br \/>\nBelgien<\/td><td class=\"column-3\">Belgien<\/td><td class=\"column-4\"><a href=\"https:\/\/tinnunculus.sy-sy.cz\/index.php\/de\/links-2\/falco-tinnunculus-online\/?table_filter=BE\">BE\u2192<\/a><\/td><td class=\"column-5\"><a href=\"https:\/\/tinnunculus.sy-sy.cz\/index.php\/de\/links-2\/apus-apus-online\/?table_filter=BE\">BE\u2192<\/a><\/td>\n<\/tr>\n<tr class=\"row-4\">\n\t<td class=\"column-1\">BY<\/td><td class=\"column-2\">\u0411\u0435\u043b\u0430\u0440\u0443\u0441\u044c<\/td><td class=\"column-3\">Belarus<\/td><td class=\"column-4\"><a href=\"https:\/\/tinnunculus.sy-sy.cz\/index.php\/de\/links-2\/falco-tinnunculus-online\/?table_filter=BY\">BY\u2192<\/a><\/td><td class=\"column-5\"><\/td>\n<\/tr>\n<tr class=\"row-5\">\n\t<td class=\"column-1\">CH<\/td><td class=\"column-2\">Conf\u0153deratio Helvetica<\/td><td class=\"column-3\">Schweiz<\/td><td class=\"column-4\"><a href=\"https:\/\/tinnunculus.sy-sy.cz\/index.php\/de\/links-2\/falco-tinnunculus-online\/?table_filter=CH\">CH\u2192<\/a><\/td><td class=\"column-5\"><a href=\"https:\/\/tinnunculus.sy-sy.cz\/index.php\/de\/links-2\/apus-apus-online\/?table_filter=CH\">CH\u2192<\/a><\/td>\n<\/tr>\n<tr class=\"row-6\">\n\t<td class=\"column-1\">CZ<\/td><td class=\"column-2\">\u010cesk\u00e1 republika<\/td><td class=\"column-3\">Tschechische Republik<\/td><td class=\"column-4\"><a href=\"https:\/\/tinnunculus.sy-sy.cz\/index.php\/de\/links-2\/falco-tinnunculus-online\/?table_filter=CZ\">CZ\u2192<\/a><\/td><td class=\"column-5\"><a href=\"https:\/\/tinnunculus.sy-sy.cz\/index.php\/de\/links-2\/apus-apus-online\/?table_filter=CZ\">CZ\u2192<\/a><\/td>\n<\/tr>\n<tr class=\"row-7\">\n\t<td class=\"column-1\">DE<\/td><td class=\"column-2\">Bundesrepublik Deutschland <\/td><td class=\"column-3\">Deutschland<\/td><td class=\"column-4\"><a href=\"https:\/\/tinnunculus.sy-sy.cz\/index.php\/de\/links-2\/falco-tinnunculus-online\/?table_filter=DE\">DE\u2192<\/a><\/td><td class=\"column-5\"><a href=\"https:\/\/tinnunculus.sy-sy.cz\/index.php\/de\/links-2\/apus-apus-online\/?table_filter=DE\">DE\u2192<\/a><\/td>\n<\/tr>\n<tr class=\"row-8\">\n\t<td class=\"column-1\">DK<\/td><td class=\"column-2\">Kongeriget Danmark<\/td><td class=\"column-3\">D\u00e4nemark<\/td><td class=\"column-4\"><a href=\"https:\/\/tinnunculus.sy-sy.cz\/index.php\/de\/links-2\/falco-tinnunculus-online\/?table_filter=DK\">DK\u2192<\/a><\/td><td class=\"column-5\"><\/td>\n<\/tr>\n<tr class=\"row-9\">\n\t<td class=\"column-1\">ES<\/td><td class=\"column-2\">Espa\u00f1a<\/td><td class=\"column-3\">Spanien<\/td><td class=\"column-4\"><a href=\"https:\/\/tinnunculus.sy-sy.cz\/index.php\/de\/links-2\/falco-tinnunculus-online\/?table_filter=ES\">ES\u2192<\/a><\/td><td class=\"column-5\"><a href=\"https:\/\/tinnunculus.sy-sy.cz\/index.php\/odkazy\/apus-apus-online\/?table_filter=ES\">ES\u2192<\/a><\/td>\n<\/tr>\n<tr class=\"row-10\">\n\t<td class=\"column-1\">FI<\/td><td class=\"column-2\">Suomen Tasavalta<\/td><td class=\"column-3\">Finnland<\/td><td class=\"column-4\"><a href=\"https:\/\/tinnunculus.sy-sy.cz\/index.php\/de\/links-2\/falco-tinnunculus-online\/?table_filter=FI\">FI\u2192<\/a><\/td><td class=\"column-5\"><\/td>\n<\/tr>\n<tr class=\"row-11\">\n\t<td class=\"column-1\">FR<\/td><td class=\"column-2\">R\u00e9publique fran\u00e7aise<\/td><td class=\"column-3\">Frankreich<\/td><td class=\"column-4\"><a href=\"https:\/\/tinnunculus.sy-sy.cz\/index.php\/de\/links-2\/falco-tinnunculus-online\/?table_filter=FR\">FR\u2192<\/a><\/td><td class=\"column-5\"><a href=\"https:\/\/tinnunculus.sy-sy.cz\/index.php\/odkazy\/apus-apus-online\/?table_filter=FR\">FR\u2192<\/a><\/td>\n<\/tr>\n<tr class=\"row-12\">\n\t<td class=\"column-1\">GB<\/td><td class=\"column-2\">United Kingdom<\/td><td class=\"column-3\">Vereinigtes K\u00f6nigreich<\/td><td class=\"column-4\"><a href=\"https:\/\/tinnunculus.sy-sy.cz\/index.php\/de\/links-2\/falco-tinnunculus-online\/?table_filter=GB\">GB\u2192<\/a><\/td><td class=\"column-5\"><a href=\"https:\/\/tinnunculus.sy-sy.cz\/index.php\/de\/links-2\/apus-apus-online\/?table_filter=GB\">GB\u2192<\/a><\/td>\n<\/tr>\n<tr class=\"row-13\">\n\t<td class=\"column-1\">GI<\/td><td class=\"column-2\">Gibraltar<\/td><td class=\"column-3\">Gibraltar<\/td><td class=\"column-4\"><\/td><td class=\"column-5\"><a href=\"https:\/\/tinnunculus.sy-sy.cz\/index.php\/odkazy\/apus-apus-online\/?table_filter=GI\">GI\u2192<\/a><\/td>\n<\/tr>\n<tr class=\"row-14\">\n\t<td class=\"column-1\">GR<\/td><td class=\"column-2\">\u0395\u03bb\u03bb\u03ac\u03b4\u03b1<\/td><td class=\"column-3\">Griechenland<\/td><td class=\"column-4\"><a href=\"https:\/\/tinnunculus.sy-sy.cz\/index.php\/de\/links-2\/falco-tinnunculus-online\/?table_filter=GR\">GR\u2192<\/a><\/td><td class=\"column-5\"><\/td>\n<\/tr>\n<tr class=\"row-15\">\n\t<td class=\"column-1\">HU<\/td><td class=\"column-2\">Magyarorsz\u00e1g<\/td><td class=\"column-3\">Ungarn<\/td><td class=\"column-4\"><a href=\"https:\/\/tinnunculus.sy-sy.cz\/index.php\/de\/links-2\/falco-tinnunculus-online\/?table_filter=HU\">HU\u2192<\/a><\/td><td class=\"column-5\"><\/td>\n<\/tr>\n<tr class=\"row-16\">\n\t<td class=\"column-1\">IE<\/td><td class=\"column-2\">\u00c9ire<\/td><td class=\"column-3\">Irland<\/td><td class=\"column-4\"><a href=\"https:\/\/tinnunculus.sy-sy.cz\/index.php\/de\/links-2\/falco-tinnunculus-online\/?table_filter=IE\">IE\u2192<\/a><\/td><td class=\"column-5\"><a href=\"https:\/\/tinnunculus.sy-sy.cz\/index.php\/de\/links-2\/apus-apus-online\/?table_filter=IE\">IE\u2192<\/a><\/td>\n<\/tr>\n<tr class=\"row-17\">\n\t<td class=\"column-1\">IL<\/td><td class=\"column-2\">\u05de\u05b0\u05d3\u05b4\u05d9\u05e0\u05b7\u05ea \u05d9\u05b4\u05e9\u05b0\u05c2\u05e8\u05b8\u05d0\u05b5\u05dc<\/td><td class=\"column-3\">Israel<\/td><td class=\"column-4\"><a href=\"https:\/\/tinnunculus.sy-sy.cz\/index.php\/de\/links-2\/falco-tinnunculus-online\/?table_filter=IL\">IL\u2192<\/a><\/td><td class=\"column-5\"><a href=\"https:\/\/tinnunculus.sy-sy.cz\/index.php\/de\/links-2\/apus-apus-online\/?table_filter=IL\">IL\u2192<\/a><\/td>\n<\/tr>\n<tr class=\"row-18\">\n\t<td class=\"column-1\">IT<\/td><td class=\"column-2\">Italia<\/td><td class=\"column-3\">Italien<\/td><td class=\"column-4\"><a href=\"https:\/\/tinnunculus.sy-sy.cz\/index.php\/de\/links-2\/falco-tinnunculus-online\/?table_filter=IT\">IT\u2192<\/a><\/td><td class=\"column-5\"><a href=\"https:\/\/tinnunculus.sy-sy.cz\/index.php\/de\/links-2\/apus-apus-online\/?table_filter=IT\">IT\u2192<\/a><\/td>\n<\/tr>\n<tr class=\"row-19\">\n\t<td class=\"column-1\">LU<\/td><td class=\"column-2\">Groussherzogtum L\u00ebtzebuerg<\/td><td class=\"column-3\">Luxemburg<\/td><td class=\"column-4\"><a href=\"https:\/\/tinnunculus.sy-sy.cz\/index.php\/de\/links-2\/falco-tinnunculus-online\/?table_filter=LU\">LU\u2192<\/a><\/td><td class=\"column-5\"><\/td>\n<\/tr>\n<tr class=\"row-20\">\n\t<td class=\"column-1\">LV<\/td><td class=\"column-2\">Latvijas<\/td><td class=\"column-3\">Lettland<\/td><td class=\"column-4\"><a href=\"https:\/\/tinnunculus.sy-sy.cz\/index.php\/de\/links-2\/falco-tinnunculus-online\/?table_filter=LV\">LV\u2192<\/a><\/td><td class=\"column-5\"><a href=\"https:\/\/tinnunculus.sy-sy.cz\/index.php\/de\/links-2\/apus-apus-online\/?table_filter=LV\">LV\u2192<\/a><\/td>\n<\/tr>\n<tr class=\"row-21\">\n\t<td class=\"column-1\">NL<\/td><td class=\"column-2\">Nederland<\/td><td class=\"column-3\">Niederlande<\/td><td class=\"column-4\"><a href=\"https:\/\/tinnunculus.sy-sy.cz\/index.php\/de\/links-2\/falco-tinnunculus-online\/?table_filter=NL\">NL\u2192<\/a><\/td><td class=\"column-5\"><a href=\"https:\/\/tinnunculus.sy-sy.cz\/index.php\/de\/links-2\/apus-apus-online\/?table_filter=NL\">NL\u2192<\/a><\/td>\n<\/tr>\n<tr class=\"row-22\">\n\t<td class=\"column-1\">PL<br \/>\n<\/td><td class=\"column-2\">Polska<\/td><td class=\"column-3\">Polen<\/td><td class=\"column-4\"><a href=\"https:\/\/tinnunculus.sy-sy.cz\/index.php\/de\/links-2\/falco-tinnunculus-online\/?table_filter=PL\">PL\u2192<\/a><\/td><td class=\"column-5\"><a href=\"https:\/\/tinnunculus.sy-sy.cz\/index.php\/de\/links-2\/apus-apus-online\/?table_filter=PL\">PL\u2192<\/a><\/td>\n<\/tr>\n<tr class=\"row-23\">\n\t<td class=\"column-1\">PT<\/td><td class=\"column-2\">Portugal<\/td><td class=\"column-3\">Portugal<\/td><td class=\"column-4\"><a href=\"https:\/\/tinnunculus.sy-sy.cz\/index.php\/de\/links-2\/falco-tinnunculus-online\/?table_filter=PT\">PT\u2192<\/a><\/td><td class=\"column-5\"><\/td>\n<\/tr>\n<tr class=\"row-24\">\n\t<td class=\"column-1\">RO<\/td><td class=\"column-2\">Rom\u00e2nia<\/td><td class=\"column-3\">Rum\u00e4nien<\/td><td class=\"column-4\"><a href=\"https:\/\/tinnunculus.sy-sy.cz\/index.php\/de\/links-2\/falco-tinnunculus-online\/?table_filter=RO\">RO\u2192<\/a><\/td><td class=\"column-5\"><\/td>\n<\/tr>\n<tr class=\"row-25\">\n\t<td class=\"column-1\">RU<\/td><td class=\"column-2\">\u0420\u043e\u0441\u0441\u0438\u0439\u0441\u043a\u0430\u044f \u0424\u0435\u0434\u0435\u0440\u0430\u0446\u0438\u044f<\/td><td class=\"column-3\">Russland<\/td><td class=\"column-4\"><a href=\"https:\/\/tinnunculus.sy-sy.cz\/index.php\/de\/links-2\/falco-tinnunculus-online\/?table_filter=RU\">RU\u2192<\/a><\/td><td class=\"column-5\"><a href=\"https:\/\/tinnunculus.sy-sy.cz\/index.php\/de\/links-2\/apus-apus-online\/?table_filter=RU\">RU\u2192<\/a><\/td>\n<\/tr>\n<tr class=\"row-26\">\n\t<td class=\"column-1\">SE<\/td><td class=\"column-2\">Sverige<\/td><td class=\"column-3\">Schweden<\/td><td class=\"column-4\"><a href=\"https:\/\/tinnunculus.sy-sy.cz\/index.php\/de\/links-2\/falco-tinnunculus-online\/?table_filter=SE\">SE\u2192<\/a><\/td><td class=\"column-5\"><\/td>\n<\/tr>\n<tr class=\"row-27\">\n\t<td class=\"column-1\">SK<\/td><td class=\"column-2\">Slovensk\u00e1 republika<\/td><td class=\"column-3\">Slowakei<\/td><td class=\"column-4\"><a href=\"https:\/\/tinnunculus.sy-sy.cz\/index.php\/de\/links-2\/falco-tinnunculus-online\/?table_filter=SK\">SK\u2192<\/a><\/td><td class=\"column-5\"><a href=\"https:\/\/tinnunculus.sy-sy.cz\/index.php\/de\/links-2\/apus-apus-online\/?table_filter=SK\">SK\u2192<\/a><\/td>\n<\/tr>\n<\/tbody>\n<tfoot>\n<tr class=\"row-28\">\n\t<td class=\"column-1\"><\/td><td class=\"column-2\"><\/td><td class=\"column-3\"><\/td><td class=\"column-4\"><\/td><td class=\"column-5\"><\/td>\n<\/tr>\n<\/tfoot>\n<\/table>\n\n<p><span class=\"tlid-translation translation\" lang=\"de\"><span class=\"\" title=\"\">Aktualisiert<\/span><\/span> 2026-05-02 11:45:54<\/p>\n<ul>\n<li><a href=\"http:\/\/www.iso.org\/iso\/home\/standards\/country_codes.htm\" target=\"_blank\" rel=\"noopener noreferrer\">Country Codes &#8211; ISO 3166<\/a><\/li>\n<\/ul>\n","protected":false},"excerpt":{"rendered":"<p>Aktualisiert Country Codes &#8211; ISO 3166<\/p>\n","protected":false},"author":2,"featured_media":0,"parent":40330,"menu_order":200,"comment_status":"closed","ping_status":"closed","template":"","meta":{"footnotes":""},"categories":[],"tags":[],"class_list":["post-37408","page","type-page","status-publish","hentry"],"jetpack_shortlink":"https:\/\/wp.me\/P91gKE-9Jm","jetpack-related-posts":[{"id":10013,"url":"https:\/\/tinnunculus.sy-sy.cz\/index.php\/de\/voegel-online\/apus-apus-online\/","url_meta":{"origin":37408,"position":0},"title":"Apus apus online","author":"Zuzana Syrov\u00e1 An\u00fd\u017eov\u00e1","date":"10\/12\/2019","format":false,"excerpt":"Aktualisiert\u00a0 lokalita = Lokalit\u00e4t, Ort, Lokalisierung kamera = Kamera ABK\u00dcRZUNGEN: on+ Kamera on-line on- Kamera on-line, aber andere Vogel off\u00a0 Kamera off-line Die Tabelle zeigt das letzte Jahr, in dem die Mauersegler geschachtelt haben. L\u00e4ndercodes Links: View nesting birds: common swift Webcams gierzwaluwen","rel":"","context":"Podobn\u00fd p\u0159\u00edsp\u011bvek","block_context":{"text":"Podobn\u00fd p\u0159\u00edsp\u011bvek","link":""},"img":{"alt_text":"","src":"","width":0,"height":0},"classes":[]},{"id":9966,"url":"https:\/\/tinnunculus.sy-sy.cz\/index.php\/de\/voegel-online\/falco-tinnunculus-online-3\/","url_meta":{"origin":37408,"position":1},"title":"Falco tinnunculus online","author":"Zuzana Syrov\u00e1 An\u00fd\u017eov\u00e1","date":"10\/12\/2019","format":false,"excerpt":"Aktualisiert \u00a0 lokalita = Lokalit\u00e4t, Ort, Lokalisierung kamera = Kamera ABK\u00dcRZUNGEN: on+ Kamera on-line on- Kamera on-line, aber andere Vogel off\u00a0 Kamera off-line Die Tabelle zeigt das letzte Jahr, in dem die Turmfalken geschachtelt haben. L\u00e4ndercodes 2026 selection\u00a0\u00a0\u2194 Alle Daten ohne Filter Links: View nesting birds: Eurasian Kestrel","rel":"","context":"Podobn\u00fd p\u0159\u00edsp\u011bvek","block_context":{"text":"Podobn\u00fd p\u0159\u00edsp\u011bvek","link":""},"img":{"alt_text":"","src":"","width":0,"height":0},"classes":[]},{"id":37078,"url":"https:\/\/tinnunculus.sy-sy.cz\/index.php\/de\/unsere-turmfalken-online\/unsere-webcams\/kameraliste\/","url_meta":{"origin":37408,"position":2},"title":"Kameraliste","author":"Zuzana Syrov\u00e1 An\u00fd\u017eov\u00e1","date":"23\/07\/2024","format":false,"excerpt":"Aktualisiert Turmfalkenbalkon \u2194 Mauersegler\u00a0\u2194 Turmfalkenfenster \u2194 Alle \u2190\u00a0Unsere Webcams \u2190\u00a0YouTube Live","rel":"","context":"Podobn\u00fd p\u0159\u00edsp\u011bvek","block_context":{"text":"Podobn\u00fd p\u0159\u00edsp\u011bvek","link":""},"img":{"alt_text":"","src":"","width":0,"height":0},"classes":[]},{"id":47363,"url":"https:\/\/tinnunculus.sy-sy.cz\/index.php\/de\/unsere-turmfalken-online\/unsere-webcams\/kameraliste\/kamera-21\/21-%c2%a6-kuechenfenster-turmfalken\/","url_meta":{"origin":37408,"position":3},"title":"21 \u00a6 K\u00fcchenfenster Turmfalken","author":"Zuzana Syrov\u00e1 An\u00fd\u017eov\u00e1","date":"23\/03\/2026","format":false,"excerpt":"21\u00a6","rel":"","context":"V \u201e\"Unsere\" Turmfalken\u201c","block_context":{"text":"\"Unsere\" Turmfalken","link":"https:\/\/tinnunculus.sy-sy.cz\/index.php\/de\/category\/mieter-und-besucher\/unsere-turmfalken\/"},"img":{"alt_text":"Camera 21","src":"https:\/\/sy-sy.cz\/cam\/webapi\/entry.cgi?api=SYNO.SurveillanceStation.Stream.VideoStreaming&version=1&method=Stream&format=mjpeg&cameraId=70&StmKey=%22ac0aa1938a31ee59376e7854dc7d885d%22","width":350,"height":200,"srcset":"https:\/\/sy-sy.cz\/cam\/webapi\/entry.cgi?api=SYNO.SurveillanceStation.Stream.VideoStreaming&version=1&method=Stream&format=mjpeg&cameraId=70&StmKey=%22ac0aa1938a31ee59376e7854dc7d885d%22 1x, https:\/\/sy-sy.cz\/cam\/webapi\/entry.cgi?api=SYNO.SurveillanceStation.Stream.VideoStreaming&version=1&method=Stream&format=mjpeg&cameraId=70&StmKey=%22ac0aa1938a31ee59376e7854dc7d885d%22 1.5x, https:\/\/sy-sy.cz\/cam\/webapi\/entry.cgi?api=SYNO.SurveillanceStation.Stream.VideoStreaming&version=1&method=Stream&format=mjpeg&cameraId=70&StmKey=%22ac0aa1938a31ee59376e7854dc7d885d%22 2x, https:\/\/sy-sy.cz\/cam\/webapi\/entry.cgi?api=SYNO.SurveillanceStation.Stream.VideoStreaming&version=1&method=Stream&format=mjpeg&cameraId=70&StmKey=%22ac0aa1938a31ee59376e7854dc7d885d%22 3x"},"classes":[]},{"id":47177,"url":"https:\/\/tinnunculus.sy-sy.cz\/index.php\/de\/unsere-turmfalken-online\/unsere-webcams\/kameraliste\/kamera-21\/","url_meta":{"origin":37408,"position":4},"title":"Kamera 21","author":"Zuzana Syrov\u00e1 An\u00fd\u017eov\u00e1","date":"21\/03\/2026","format":false,"excerpt":"0\u00a6\u00a01\u00a6\u00a02\u00a6\u00a03\u00a6\u00a04\u00a6\u00a05\u00a6\u00a06\u00a6\u00a07\u00a6\u00a08\u00a6\u00a09\u00a6 12\u00a6\u00a013\u00a6\u00a014\u00a6\u00a015\u00a6\u00a016\u00a6\u00a017\u00a6\u00a018\u00a6\u00a019\u00a6\u00a020\u00a6 10\u00a6\u00a0 11\u00a6 21\u00a6","rel":"","context":"V \u201e\"Unsere\" Turmfalken\u201c","block_context":{"text":"\"Unsere\" Turmfalken","link":"https:\/\/tinnunculus.sy-sy.cz\/index.php\/de\/category\/mieter-und-besucher\/unsere-turmfalken\/"},"img":{"alt_text":"Camera 21","src":"https:\/\/sy-sy.cz\/cam\/webapi\/entry.cgi?api=SYNO.SurveillanceStation.Stream.VideoStreaming&version=1&method=Stream&format=mjpeg&cameraId=70&StmKey=%22ac0aa1938a31ee59376e7854dc7d885d%22","width":350,"height":200,"srcset":"https:\/\/sy-sy.cz\/cam\/webapi\/entry.cgi?api=SYNO.SurveillanceStation.Stream.VideoStreaming&version=1&method=Stream&format=mjpeg&cameraId=70&StmKey=%22ac0aa1938a31ee59376e7854dc7d885d%22 1x, https:\/\/sy-sy.cz\/cam\/webapi\/entry.cgi?api=SYNO.SurveillanceStation.Stream.VideoStreaming&version=1&method=Stream&format=mjpeg&cameraId=70&StmKey=%22ac0aa1938a31ee59376e7854dc7d885d%22 1.5x, https:\/\/sy-sy.cz\/cam\/webapi\/entry.cgi?api=SYNO.SurveillanceStation.Stream.VideoStreaming&version=1&method=Stream&format=mjpeg&cameraId=70&StmKey=%22ac0aa1938a31ee59376e7854dc7d885d%22 2x, https:\/\/sy-sy.cz\/cam\/webapi\/entry.cgi?api=SYNO.SurveillanceStation.Stream.VideoStreaming&version=1&method=Stream&format=mjpeg&cameraId=70&StmKey=%22ac0aa1938a31ee59376e7854dc7d885d%22 3x"},"classes":[]},{"id":21002,"url":"https:\/\/tinnunculus.sy-sy.cz\/index.php\/de\/kalender\/","url_meta":{"origin":37408,"position":5},"title":"Kalender","author":"Zuzana Syrov\u00e1 An\u00fd\u017eov\u00e1","date":"19\/03\/2023","format":false,"excerpt":"","rel":"","context":"Podobn\u00fd p\u0159\u00edsp\u011bvek","block_context":{"text":"Podobn\u00fd p\u0159\u00edsp\u011bvek","link":""},"img":{"alt_text":"","src":"","width":0,"height":0},"classes":[]}],"jetpack_sharing_enabled":true,"_links":{"self":[{"href":"https:\/\/tinnunculus.sy-sy.cz\/index.php\/wp-json\/wp\/v2\/pages\/37408","targetHints":{"allow":["GET"]}}],"collection":[{"href":"https:\/\/tinnunculus.sy-sy.cz\/index.php\/wp-json\/wp\/v2\/pages"}],"about":[{"href":"https:\/\/tinnunculus.sy-sy.cz\/index.php\/wp-json\/wp\/v2\/types\/page"}],"author":[{"embeddable":true,"href":"https:\/\/tinnunculus.sy-sy.cz\/index.php\/wp-json\/wp\/v2\/users\/2"}],"replies":[{"embeddable":true,"href":"https:\/\/tinnunculus.sy-sy.cz\/index.php\/wp-json\/wp\/v2\/comments?post=37408"}],"version-history":[{"count":2,"href":"https:\/\/tinnunculus.sy-sy.cz\/index.php\/wp-json\/wp\/v2\/pages\/37408\/revisions"}],"predecessor-version":[{"id":37426,"href":"https:\/\/tinnunculus.sy-sy.cz\/index.php\/wp-json\/wp\/v2\/pages\/37408\/revisions\/37426"}],"up":[{"embeddable":true,"href":"https:\/\/tinnunculus.sy-sy.cz\/index.php\/wp-json\/wp\/v2\/pages\/40330"}],"wp:attachment":[{"href":"https:\/\/tinnunculus.sy-sy.cz\/index.php\/wp-json\/wp\/v2\/media?parent=37408"}],"wp:term":[{"taxonomy":"category","embeddable":true,"href":"https:\/\/tinnunculus.sy-sy.cz\/index.php\/wp-json\/wp\/v2\/categories?post=37408"},{"taxonomy":"post_tag","embeddable":true,"href":"https:\/\/tinnunculus.sy-sy.cz\/index.php\/wp-json\/wp\/v2\/tags?post=37408"}],"curies":[{"name":"wp","href":"https:\/\/api.w.org\/{rel}","templated":true}]}}