{"id":37406,"date":"2024-08-13T17:44:08","date_gmt":"2024-08-13T15:44:08","guid":{"rendered":"https:\/\/tinnunculus.sy-sy.cz\/?page_id=37406"},"modified":"2025-03-15T08:24:44","modified_gmt":"2025-03-15T07:24:44","slug":"codes-des-pays","status":"publish","type":"page","link":"https:\/\/tinnunculus.sy-sy.cz\/index.php\/fr\/oiseaux-en-direct\/codes-des-pays\/","title":{"rendered":"Codes des pays"},"content":{"rendered":"\n<table id=\"tablepress-20\" class=\"tablepress tablepress-id-20\">\n<thead>\n<tr class=\"row-1\">\n\t<td class=\"column-1\"><\/td><td class=\"column-2\"><\/td><th class=\"column-3\">FR<\/th><th class=\"column-4\"><img data-recalc-dims=\"1\" loading=\"lazy\" decoding=\"async\" src=\"https:\/\/i0.wp.com\/tinnunculus.sy-sy.cz\/wp-content\/uploads\/2024\/08\/kestrel_S.jpg?resize=30%2C30&#038;ssl=1\" alt=\"\" width=\"30\" height=\"30\" class=\"alignnone size-medium wp-image-37370\" \/><\/th><th class=\"column-5\"><img data-recalc-dims=\"1\" loading=\"lazy\" decoding=\"async\" src=\"https:\/\/i0.wp.com\/tinnunculus.sy-sy.cz\/wp-content\/uploads\/2024\/08\/swift-S1o.jpg?resize=30%2C30&#038;ssl=1\" alt=\"\" width=\"30\" height=\"30\" class=\"alignnone size-full wp-image-37373\" srcset=\"https:\/\/i0.wp.com\/tinnunculus.sy-sy.cz\/wp-content\/uploads\/2024\/08\/swift-S1o.jpg?w=108&amp;ssl=1 108w, https:\/\/i0.wp.com\/tinnunculus.sy-sy.cz\/wp-content\/uploads\/2024\/08\/swift-S1o.jpg?resize=100%2C100&amp;ssl=1 100w, https:\/\/i0.wp.com\/tinnunculus.sy-sy.cz\/wp-content\/uploads\/2024\/08\/swift-S1o.jpg?resize=50%2C50&amp;ssl=1 50w\" sizes=\"auto, (max-width: 30px) 100vw, 30px\" \/><\/th>\n<\/tr>\n<\/thead>\n<tbody class=\"row-striping row-hover\">\n<tr class=\"row-2\">\n\t<td class=\"column-1\">AT<\/td><td class=\"column-2\">\u00d6sterreich<\/td><td class=\"column-3\">Autriche<\/td><td class=\"column-4\"><a href=\"https:\/\/tinnunculus.sy-sy.cz\/index.php\/fr\/liens\/falco-tinnunculus-online\/?table_filter=AT\">AT\u2192<\/a><\/td><td class=\"column-5\"><\/td>\n<\/tr>\n<tr class=\"row-3\">\n\t<td class=\"column-1\">BE<\/td><td class=\"column-2\">Belgique\u202f; <br \/>\nBelgi\u00eb\u202f; <br \/>\nBelgien<\/td><td class=\"column-3\">Belgique<\/td><td class=\"column-4\"><a href=\"https:\/\/tinnunculus.sy-sy.cz\/index.php\/fr\/liens\/falco-tinnunculus-online\/?table_filter=BE\">BE\u2192<\/a><\/td><td class=\"column-5\"><a href=\"https:\/\/tinnunculus.sy-sy.cz\/index.php\/fr\/liens\/apus-apus-online\/?table_filter=BE\">BE\u2192<\/a><\/td>\n<\/tr>\n<tr class=\"row-4\">\n\t<td class=\"column-1\">BY<\/td><td class=\"column-2\">\u0411\u0435\u043b\u0430\u0440\u0443\u0441\u044c<\/td><td class=\"column-3\">B\u00e9larus <\/td><td class=\"column-4\"><a href=\"https:\/\/tinnunculus.sy-sy.cz\/index.php\/fr\/liens\/falco-tinnunculus-online\/?table_filter=BY\">BY\u2192<\/a><\/td><td class=\"column-5\"><\/td>\n<\/tr>\n<tr class=\"row-5\">\n\t<td class=\"column-1\">CH<\/td><td class=\"column-2\">Conf\u0153deratio Helvetica<\/td><td class=\"column-3\">Suisse <\/td><td class=\"column-4\"><a href=\"https:\/\/tinnunculus.sy-sy.cz\/index.php\/fr\/liens\/falco-tinnunculus-online\/?table_filter=CH\">CH\u2192<\/a><\/td><td class=\"column-5\"><a href=\"https:\/\/tinnunculus.sy-sy.cz\/index.php\/fr\/liens\/apus-apus-online\/?table_filter=CH\">CH\u2192<\/a><\/td>\n<\/tr>\n<tr class=\"row-6\">\n\t<td class=\"column-1\">CZ<\/td><td class=\"column-2\">\u010cesk\u00e1 republika<\/td><td class=\"column-3\">R\u00e9publique tch\u00e8que<\/td><td class=\"column-4\"><a href=\"https:\/\/tinnunculus.sy-sy.cz\/index.php\/fr\/liens\/falco-tinnunculus-online\/?table_filter=CZ\">CZ\u2192<\/a><\/td><td class=\"column-5\"><a href=\"https:\/\/tinnunculus.sy-sy.cz\/index.php\/fr\/liens\/apus-apus-online\/?table_filter=CZ\">CZ\u2192<\/a><\/td>\n<\/tr>\n<tr class=\"row-7\">\n\t<td class=\"column-1\">DE<\/td><td class=\"column-2\">Bundesrepublik Deutschland <\/td><td class=\"column-3\">Allemagne<\/td><td class=\"column-4\"><a href=\"https:\/\/tinnunculus.sy-sy.cz\/index.php\/fr\/liens\/falco-tinnunculus-online\/?table_filter=DE\">DE\u2192<\/a><\/td><td class=\"column-5\"><a href=\"https:\/\/tinnunculus.sy-sy.cz\/index.php\/fr\/liens\/apus-apus-online\/?table_filter=DE\">DE\u2192<\/a><\/td>\n<\/tr>\n<tr class=\"row-8\">\n\t<td class=\"column-1\">DK<\/td><td class=\"column-2\">Kongeriget Danmark<\/td><td class=\"column-3\">Danemark<\/td><td class=\"column-4\"><a href=\"https:\/\/tinnunculus.sy-sy.cz\/index.php\/fr\/liens\/falco-tinnunculus-online\/?table_filter=DK\">DK\u2192<\/a><\/td><td class=\"column-5\"><\/td>\n<\/tr>\n<tr class=\"row-9\">\n\t<td class=\"column-1\">ES<\/td><td class=\"column-2\">Espa\u00f1a<\/td><td class=\"column-3\">Espagne<\/td><td class=\"column-4\"><a href=\"https:\/\/tinnunculus.sy-sy.cz\/index.php\/fr\/liens\/falco-tinnunculus-online\/?table_filter=ES\">ES\u2192<\/a><\/td><td class=\"column-5\"><a href=\"https:\/\/tinnunculus.sy-sy.cz\/index.php\/odkazy\/apus-apus-online\/?table_filter=ES\">ES\u2192<\/a><\/td>\n<\/tr>\n<tr class=\"row-10\">\n\t<td class=\"column-1\">FI<\/td><td class=\"column-2\">Suomen Tasavalta<\/td><td class=\"column-3\">Finlande<\/td><td class=\"column-4\"><a href=\"https:\/\/tinnunculus.sy-sy.cz\/index.php\/fr\/liens\/falco-tinnunculus-online\/?table_filter=FI\">FI\u2192<\/a><\/td><td class=\"column-5\"><\/td>\n<\/tr>\n<tr class=\"row-11\">\n\t<td class=\"column-1\">FR<\/td><td class=\"column-2\">R\u00e9publique fran\u00e7aise<\/td><td class=\"column-3\">France<\/td><td class=\"column-4\"><a href=\"https:\/\/tinnunculus.sy-sy.cz\/index.php\/fr\/liens\/falco-tinnunculus-online\/?table_filter=FR\">FR\u2192<\/a><\/td><td class=\"column-5\"><\/td>\n<\/tr>\n<tr class=\"row-12\">\n\t<td class=\"column-1\">GB<\/td><td class=\"column-2\">United Kingdom<\/td><td class=\"column-3\">Royaume-Uni<\/td><td class=\"column-4\"><a href=\"https:\/\/tinnunculus.sy-sy.cz\/index.php\/fr\/liens\/falco-tinnunculus-online\/?table_filter=GB\">GB\u2192<\/a><\/td><td class=\"column-5\"><a href=\"https:\/\/tinnunculus.sy-sy.cz\/index.php\/fr\/liens\/apus-apus-online\/?table_filter=GB\">GB\u2192<\/a><\/td>\n<\/tr>\n<tr class=\"row-13\">\n\t<td class=\"column-1\">GI<\/td><td class=\"column-2\">Gibraltar<\/td><td class=\"column-3\">Gibraltar<\/td><td class=\"column-4\"><\/td><td class=\"column-5\"><a href=\"https:\/\/tinnunculus.sy-sy.cz\/index.php\/odkazy\/apus-apus-online\/?table_filter=GI\">GI\u2192<\/a><\/td>\n<\/tr>\n<tr class=\"row-14\">\n\t<td class=\"column-1\">GR<\/td><td class=\"column-2\">\u0395\u03bb\u03bb\u03ac\u03b4\u03b1<\/td><td class=\"column-3\">Gr\u00e8ce<\/td><td class=\"column-4\"><a href=\"https:\/\/tinnunculus.sy-sy.cz\/index.php\/fr\/liens\/falco-tinnunculus-online\/?table_filter=GR\">GR\u2192<\/a><\/td><td class=\"column-5\"><\/td>\n<\/tr>\n<tr class=\"row-15\">\n\t<td class=\"column-1\">HU<\/td><td class=\"column-2\">Magyarorsz\u00e1g<\/td><td class=\"column-3\">Hongrie<\/td><td class=\"column-4\"><a href=\"https:\/\/tinnunculus.sy-sy.cz\/index.php\/fr\/liens\/falco-tinnunculus-online\/?table_filter=HU\">HU\u2192<\/a><\/td><td class=\"column-5\"><\/td>\n<\/tr>\n<tr class=\"row-16\">\n\t<td class=\"column-1\">IE<\/td><td class=\"column-2\">\u00c9ire<\/td><td class=\"column-3\">Irlande<\/td><td class=\"column-4\"><a href=\"https:\/\/tinnunculus.sy-sy.cz\/index.php\/fr\/liens\/falco-tinnunculus-online\/?table_filter=IE\">IE\u2192<\/a><\/td><td class=\"column-5\"><a href=\"https:\/\/tinnunculus.sy-sy.cz\/index.php\/fr\/liens\/apus-apus-online\/?table_filter=IE\">IE\u2192<\/a><\/td>\n<\/tr>\n<tr class=\"row-17\">\n\t<td class=\"column-1\">IL<\/td><td class=\"column-2\">\u05de\u05b0\u05d3\u05b4\u05d9\u05e0\u05b7\u05ea \u05d9\u05b4\u05e9\u05b0\u05c2\u05e8\u05b8\u05d0\u05b5\u05dc<\/td><td class=\"column-3\">Isra\u00ebl<\/td><td class=\"column-4\"><a href=\"https:\/\/tinnunculus.sy-sy.cz\/index.php\/fr\/liens\/falco-tinnunculus-online\/?table_filter=IL\">IL\u2192<\/a><\/td><td class=\"column-5\"><a href=\"https:\/\/tinnunculus.sy-sy.cz\/index.php\/fr\/liens\/apus-apus-online\/?table_filter=IL\">IL\u2192<\/a><\/td>\n<\/tr>\n<tr class=\"row-18\">\n\t<td class=\"column-1\">IT<\/td><td class=\"column-2\">Italia<\/td><td class=\"column-3\">Italie<\/td><td class=\"column-4\"><a href=\"https:\/\/tinnunculus.sy-sy.cz\/index.php\/fr\/liens\/falco-tinnunculus-online\/?table_filter=IT\">IT\u2192<\/a><\/td><td class=\"column-5\"><a href=\"https:\/\/tinnunculus.sy-sy.cz\/index.php\/fr\/liens\/apus-apus-online\/?table_filter=IT\">IT\u2192<\/a><\/td>\n<\/tr>\n<tr class=\"row-19\">\n\t<td class=\"column-1\">LU<\/td><td class=\"column-2\">Groussherzogtum L\u00ebtzebuerg<\/td><td class=\"column-3\">Luxembourg<\/td><td class=\"column-4\"><a href=\"https:\/\/tinnunculus.sy-sy.cz\/index.php\/fr\/liens\/falco-tinnunculus-online\/?table_filter=LU\">LU\u2192<\/a><\/td><td class=\"column-5\"><\/td>\n<\/tr>\n<tr class=\"row-20\">\n\t<td class=\"column-1\">LV<\/td><td class=\"column-2\">Latvijas<\/td><td class=\"column-3\">Lettonie<\/td><td class=\"column-4\"><a href=\"https:\/\/tinnunculus.sy-sy.cz\/index.php\/fr\/liens\/falco-tinnunculus-online\/?table_filter=LV\">LV\u2192<\/a><\/td><td class=\"column-5\"><a href=\"https:\/\/tinnunculus.sy-sy.cz\/index.php\/fr\/liens\/apus-apus-online\/?table_filter=LV\">LV\u2192<\/a><\/td>\n<\/tr>\n<tr class=\"row-21\">\n\t<td class=\"column-1\">NL<\/td><td class=\"column-2\">Nederland<\/td><td class=\"column-3\">Pays-Bas<\/td><td class=\"column-4\"><a href=\"https:\/\/tinnunculus.sy-sy.cz\/index.php\/fr\/liens\/falco-tinnunculus-online\/?table_filter=NL\">NL\u2192<\/a><\/td><td class=\"column-5\"><a href=\"https:\/\/tinnunculus.sy-sy.cz\/index.php\/fr\/liens\/apus-apus-online\/?table_filter=NL\">NL\u2192<\/a><\/td>\n<\/tr>\n<tr class=\"row-22\">\n\t<td class=\"column-1\">PL<br \/>\n<\/td><td class=\"column-2\">Polska<\/td><td class=\"column-3\">Pologne<\/td><td class=\"column-4\"><a href=\"https:\/\/tinnunculus.sy-sy.cz\/index.php\/fr\/liens\/falco-tinnunculus-online\/?table_filter=PL\">PL\u2192<\/a><\/td><td class=\"column-5\"><a href=\"https:\/\/tinnunculus.sy-sy.cz\/index.php\/fr\/liens\/apus-apus-online\/?table_filter=PL\">PL\u2192<\/a><\/td>\n<\/tr>\n<tr class=\"row-23\">\n\t<td class=\"column-1\">PT<\/td><td class=\"column-2\">Portugal<\/td><td class=\"column-3\">Portugal<\/td><td class=\"column-4\"><a href=\"https:\/\/tinnunculus.sy-sy.cz\/index.php\/fr\/liens\/falco-tinnunculus-online\/?table_filter=PT\">PT\u2192<\/a><\/td><td class=\"column-5\"><\/td>\n<\/tr>\n<tr class=\"row-24\">\n\t<td class=\"column-1\">RO<\/td><td class=\"column-2\">Rom\u00e2nia<\/td><td class=\"column-3\">Roumanie<\/td><td class=\"column-4\"><a href=\"https:\/\/tinnunculus.sy-sy.cz\/index.php\/fr\/liens\/falco-tinnunculus-online\/?table_filter=RO\">RO\u2192<\/a><\/td><td class=\"column-5\"><\/td>\n<\/tr>\n<tr class=\"row-25\">\n\t<td class=\"column-1\">RU<\/td><td class=\"column-2\">\u0420\u043e\u0441\u0441\u0438\u0439\u0441\u043a\u0430\u044f \u0424\u0435\u0434\u0435\u0440\u0430\u0446\u0438\u044f<\/td><td class=\"column-3\">Russie<\/td><td class=\"column-4\"><a href=\"https:\/\/tinnunculus.sy-sy.cz\/index.php\/fr\/liens\/falco-tinnunculus-online\/?table_filter=RU\">RU\u2192<\/a><\/td><td class=\"column-5\"><a href=\"https:\/\/tinnunculus.sy-sy.cz\/index.php\/fr\/liens\/apus-apus-online\/?table_filter=RU\">RU\u2192<\/a><\/td>\n<\/tr>\n<tr class=\"row-26\">\n\t<td class=\"column-1\">SE<\/td><td class=\"column-2\">Sverige<\/td><td class=\"column-3\">Su\u00e8de<\/td><td class=\"column-4\"><a href=\"https:\/\/tinnunculus.sy-sy.cz\/index.php\/fr\/liens\/falco-tinnunculus-online\/?table_filter=SE\">SE\u2192<\/a><\/td><td class=\"column-5\"><\/td>\n<\/tr>\n<tr class=\"row-27\">\n\t<td class=\"column-1\">SK<\/td><td class=\"column-2\">Slovensk\u00e1 republika<\/td><td class=\"column-3\">Slovaquie<\/td><td class=\"column-4\"><a href=\"https:\/\/tinnunculus.sy-sy.cz\/index.php\/fr\/liens\/falco-tinnunculus-online\/?table_filter=SK\">SK\u2192<\/a><\/td><td class=\"column-5\"><a href=\"https:\/\/tinnunculus.sy-sy.cz\/index.php\/fr\/liens\/apus-apus-online\/?table_filter=SK\">SK\u2192<\/a><\/td>\n<\/tr>\n<\/tbody>\n<tfoot>\n<tr class=\"row-28\">\n\t<td class=\"column-1\"><\/td><td class=\"column-2\"><\/td><td class=\"column-3\"><\/td><td class=\"column-4\"><\/td><td class=\"column-5\"><\/td>\n<\/tr>\n<\/tfoot>\n<\/table>\n\n<p>Mis \u00e0 jour 2026-03-30 00:03:27<\/p>\n<ul>\n<li><a href=\"https:\/\/www.iso.org\/fr\/iso-3166-country-codes.html\" target=\"_blank\" rel=\"noopener\">Codes des noms de pays &#8211; ISO 3166<\/a><\/li>\n<\/ul>\n","protected":false},"excerpt":{"rendered":"<p>Mis \u00e0 jour Codes des noms de pays &#8211; ISO 3166<\/p>\n","protected":false},"author":2,"featured_media":0,"parent":40332,"menu_order":200,"comment_status":"closed","ping_status":"closed","template":"","meta":{"jetpack_post_was_ever_published":false,"footnotes":""},"categories":[],"tags":[],"class_list":["post-37406","page","type-page","status-publish","hentry"],"jetpack_shortlink":"https:\/\/wp.me\/P91gKE-9Jk","jetpack-related-posts":[{"id":10008,"url":"https:\/\/tinnunculus.sy-sy.cz\/index.php\/fr\/oiseaux-en-direct\/apus-apus-online\/","url_meta":{"origin":37406,"position":0},"title":"Apus apus online","author":"Zuzana Syrov\u00e1 An\u00fd\u017eov\u00e1","date":"10\/12\/2019","format":false,"excerpt":"Mis \u00e0 jour Termes tch\u00e8ques: lokalita = localisation, localit\u00e9 kamera = cam\u00e9ra Abr\u00e9viations: on+ cam\u00e9ra on-line on- cam\u00e9ra on-line,\u00a0mais un autre genre d'oiseau off\u00a0 cam\u00e9ra off-line Le tableau montre la derni\u00e8re ann\u00e9e au cours de laquelle les martinets ont nich\u00e9 avec succ\u00e8s ou sans succ\u00e8s dans la localit\u00e9. Codes des\u2026","rel":"","context":"Podobn\u00fd p\u0159\u00edsp\u011bvek","block_context":{"text":"Podobn\u00fd p\u0159\u00edsp\u011bvek","link":""},"img":{"alt_text":"","src":"","width":0,"height":0},"classes":[]},{"id":9963,"url":"https:\/\/tinnunculus.sy-sy.cz\/index.php\/fr\/oiseaux-en-direct\/falco-tinnunculus-online-2\/","url_meta":{"origin":37406,"position":1},"title":"Falco tinnunculus online","author":"Zuzana Syrov\u00e1 An\u00fd\u017eov\u00e1","date":"10\/12\/2019","format":false,"excerpt":"Mis \u00e0 jour Termes tch\u00e8ques: lokalita = localisation, localit\u00e9 kamera = cam\u00e9ra Abr\u00e9viations: on+ cam\u00e9ra on-line on- cam\u00e9ra on-line,\u00a0mais un autre genre d'oiseau off\u00a0 cam\u00e9ra off-line Le tableau montre la derni\u00e8re ann\u00e9e au cours de laquelle les cr\u00e9cerelles ont nich\u00e9 avec succ\u00e8s ou sans succ\u00e8s dans la localit\u00e9. Codes des\u2026","rel":"","context":"Podobn\u00fd p\u0159\u00edsp\u011bvek","block_context":{"text":"Podobn\u00fd p\u0159\u00edsp\u011bvek","link":""},"img":{"alt_text":"","src":"","width":0,"height":0},"classes":[]},{"id":37076,"url":"https:\/\/tinnunculus.sy-sy.cz\/index.php\/fr\/nos-crecerelles-online\/nos-webcams\/liste-des-cameras\/","url_meta":{"origin":37406,"position":2},"title":"Liste des cam\u00e9ras","author":"Zuzana Syrov\u00e1 An\u00fd\u017eov\u00e1","date":"23\/07\/2024","format":false,"excerpt":"Mis \u00e0 jour Balcon de cr\u00e9cerelles \u2194 Martinets \u2194 Fen\u00eatre de cr\u00e9cerelles \u2194 Tout \u2190\u00a0Nos webcams \u2190\u00a0YouTube Live","rel":"","context":"Podobn\u00fd p\u0159\u00edsp\u011bvek","block_context":{"text":"Podobn\u00fd p\u0159\u00edsp\u011bvek","link":""},"img":{"alt_text":"","src":"","width":0,"height":0},"classes":[]},{"id":11894,"url":"https:\/\/tinnunculus.sy-sy.cz\/index.php\/fr\/nos-crecerelles-online\/nos-webcams\/","url_meta":{"origin":37406,"position":3},"title":"Nos webcams","author":"Zuzana Syrov\u00e1 An\u00fd\u017eov\u00e1","date":"03\/04\/2020","format":false,"excerpt":"0\u00a6\u00a01\u00a6\u00a02\u00a6\u00a03\u00a6\u00a04\u00a6\u00a05\u00a6\u00a06\u00a6\u00a07\u00a6\u00a08\u00a6\u00a09\u00a6\u00a012\u00a6\u00a013\u00a6\u00a014\u00a6\u00a015\u00a6\u00a016\u00a6\u00a017\u00a6\u00a018\u00a6\u00a019\u00a6\u00a020\u00a6 10\u00a6\u00a0 11\u00a6 21\u00a6 \u2190\u00a0Liste des cam\u00e9ras Coin derri\u00e8re la porte du balcon avec le nouveau nid \u2013 AXIS M1135 (1) Nouveau nid \u00a6\u00a0Perchoirs au-dessus du nouveau nid \u00a6 Nichoirs des martinets \u2013 AXIS M2014-E (1) Perchoirs au-dessus du nouveau nid \u2013 AXIS M1125 (1) Perchoirs au-dessus de l'ancien nid\u2026","rel":"","context":"V \u201e\"Nos\" cr\u00e9cerelles\u201c","block_context":{"text":"\"Nos\" cr\u00e9cerelles","link":"https:\/\/tinnunculus.sy-sy.cz\/index.php\/fr\/category\/locataires-et-visiteurs\/nos-crecerelles\/"},"img":{"alt_text":"","src":"https:\/\/i0.wp.com\/tinnunculus.sy-sy.cz\/wp-content\/uploads\/2021\/05\/youtube-1718976_960_720-300x300.png?resize=350%2C200&ssl=1","width":350,"height":200},"classes":[]},{"id":9977,"url":"https:\/\/tinnunculus.sy-sy.cz\/index.php\/fr\/liens\/","url_meta":{"origin":37406,"position":4},"title":"Liens","author":"Zuzana Syrov\u00e1 An\u00fd\u017eov\u00e1","date":"10\/12\/2019","format":false,"excerpt":"Campagnol des champs (Microtus arvalis) Souris domestique (Mus musculus) Faucon cr\u00e9cerelle (Falco tinnunculus) Martinet noir (Apus apus) Base de donn\u00e9es faunistique de \u010cSO: Faucon cr\u00e9cerelle (Falco tinnunclus) in Avif Martinet noir (Apus apus) in Avif cam\u00e9ras en direct et vid\u00e9os mises \u00e0 jour: Faucon cr\u00e9cerelle (Falco tinnunculus) online Martinet noir\u2026","rel":"","context":"Podobn\u00fd p\u0159\u00edsp\u011bvek","block_context":{"text":"Podobn\u00fd p\u0159\u00edsp\u011bvek","link":""},"img":{"alt_text":"","src":"","width":0,"height":0},"classes":[]},{"id":12884,"url":"https:\/\/tinnunculus.sy-sy.cz\/index.php\/fr\/des-souris-et-des-crecerelles\/","url_meta":{"origin":37406,"position":5},"title":"Des souris et des cr\u00e9cerelles","author":"Zuzana Syrov\u00e1 An\u00fd\u017eov\u00e1","date":"30\/05\/2020","format":false,"excerpt":"Les faucons cr\u00e9cerelles vivent depuis longtemps avec nous sur le balcon de notre appartement dans la banlieue de Brno. Au d\u00e9part, ils utilisaient notre balcon uniquement comme abri et dortoir, mais depuis l'incendie de 2006, la situation a chang\u00e9. \u00c0 partir de la saison 2007, les cr\u00e9cerelles nichent ici. L'histoire\u2026","rel":"","context":"V \u201e\"Nos\" cr\u00e9cerelles\u201c","block_context":{"text":"\"Nos\" cr\u00e9cerelles","link":"https:\/\/tinnunculus.sy-sy.cz\/index.php\/fr\/category\/locataires-et-visiteurs\/nos-crecerelles\/"},"img":{"alt_text":"","src":"https:\/\/i0.wp.com\/tinnunculus.sy-sy.cz\/wp-content\/uploads\/2017\/08\/dsc22907_24x10cb-e1501697514766.jpg?fit=1200%2C500&ssl=1&resize=350%2C200","width":350,"height":200,"srcset":"https:\/\/i0.wp.com\/tinnunculus.sy-sy.cz\/wp-content\/uploads\/2017\/08\/dsc22907_24x10cb-e1501697514766.jpg?fit=1200%2C500&ssl=1&resize=350%2C200 1x, https:\/\/i0.wp.com\/tinnunculus.sy-sy.cz\/wp-content\/uploads\/2017\/08\/dsc22907_24x10cb-e1501697514766.jpg?fit=1200%2C500&ssl=1&resize=525%2C300 1.5x, https:\/\/i0.wp.com\/tinnunculus.sy-sy.cz\/wp-content\/uploads\/2017\/08\/dsc22907_24x10cb-e1501697514766.jpg?fit=1200%2C500&ssl=1&resize=700%2C400 2x, https:\/\/i0.wp.com\/tinnunculus.sy-sy.cz\/wp-content\/uploads\/2017\/08\/dsc22907_24x10cb-e1501697514766.jpg?fit=1200%2C500&ssl=1&resize=1050%2C600 3x"},"classes":[]}],"jetpack_sharing_enabled":true,"_links":{"self":[{"href":"https:\/\/tinnunculus.sy-sy.cz\/index.php\/wp-json\/wp\/v2\/pages\/37406","targetHints":{"allow":["GET"]}}],"collection":[{"href":"https:\/\/tinnunculus.sy-sy.cz\/index.php\/wp-json\/wp\/v2\/pages"}],"about":[{"href":"https:\/\/tinnunculus.sy-sy.cz\/index.php\/wp-json\/wp\/v2\/types\/page"}],"author":[{"embeddable":true,"href":"https:\/\/tinnunculus.sy-sy.cz\/index.php\/wp-json\/wp\/v2\/users\/2"}],"replies":[{"embeddable":true,"href":"https:\/\/tinnunculus.sy-sy.cz\/index.php\/wp-json\/wp\/v2\/comments?post=37406"}],"version-history":[{"count":2,"href":"https:\/\/tinnunculus.sy-sy.cz\/index.php\/wp-json\/wp\/v2\/pages\/37406\/revisions"}],"predecessor-version":[{"id":37423,"href":"https:\/\/tinnunculus.sy-sy.cz\/index.php\/wp-json\/wp\/v2\/pages\/37406\/revisions\/37423"}],"up":[{"embeddable":true,"href":"https:\/\/tinnunculus.sy-sy.cz\/index.php\/wp-json\/wp\/v2\/pages\/40332"}],"wp:attachment":[{"href":"https:\/\/tinnunculus.sy-sy.cz\/index.php\/wp-json\/wp\/v2\/media?parent=37406"}],"wp:term":[{"taxonomy":"category","embeddable":true,"href":"https:\/\/tinnunculus.sy-sy.cz\/index.php\/wp-json\/wp\/v2\/categories?post=37406"},{"taxonomy":"post_tag","embeddable":true,"href":"https:\/\/tinnunculus.sy-sy.cz\/index.php\/wp-json\/wp\/v2\/tags?post=37406"}],"curies":[{"name":"wp","href":"https:\/\/api.w.org\/{rel}","templated":true}]}}