{"id":2888,"date":"2018-01-12T22:22:20","date_gmt":"2018-01-12T21:22:20","guid":{"rendered":"http:\/\/tinnunculus.sy-sy.cz\/?page_id=2888"},"modified":"2025-12-15T09:05:25","modified_gmt":"2025-12-15T08:05:25","slug":"v-primem-prenosu-odjinud","status":"publish","type":"page","link":"https:\/\/tinnunculus.sy-sy.cz\/index.php\/v-primem-prenosu-odjinud\/","title":{"rendered":"V p\u0159\u00edm\u00e9m p\u0159enosu odjinud"},"content":{"rendered":"<ul>\n<li><a href=\"https:\/\/tinnunculus.sy-sy.cz\/index.php\/falco-tinnunculus-online\/\">Po\u0161tolka obecn\u00e1 (Falco tinnunculus) online<\/a><\/li>\n<li><a href=\"https:\/\/tinnunculus.sy-sy.cz\/index.php\/odkazy\/apus-apus-online\/\">Ror\u00fds obecn\u00fd (Apus apus) online<\/a><\/li>\n<li>Dal\u0161\u00ed druhy pt\u00e1k\u016f online:\n<ul>\n<li><a href=\"https:\/\/www.viewbirds.com\/\" target=\"_blank\" rel=\"noopener noreferrer\">View Nesting Birds (Bird\u00a0Cams)<\/a><\/li>\n<\/ul>\n<\/li>\n<\/ul>\n","protected":false},"excerpt":{"rendered":"<p>Po\u0161tolka obecn\u00e1 (Falco tinnunculus) online Ror\u00fds obecn\u00fd (Apus apus) online Dal\u0161\u00ed druhy pt\u00e1k\u016f online: View Nesting Birds (Bird\u00a0Cams)<\/p>\n","protected":false},"author":2,"featured_media":0,"parent":0,"menu_order":67,"comment_status":"closed","ping_status":"closed","template":"","meta":{"jetpack_post_was_ever_published":false,"footnotes":""},"categories":[],"tags":[],"class_list":["post-2888","page","type-page","status-publish","hentry"],"jetpack_shortlink":"https:\/\/wp.me\/P91gKE-KA","jetpack-related-posts":[{"id":1928,"url":"https:\/\/tinnunculus.sy-sy.cz\/index.php\/odkazy\/","url_meta":{"origin":2888,"position":0},"title":"Odkazy","author":"Zuzana Syrov\u00e1 An\u00fd\u017eov\u00e1","date":"14\/08\/2017","format":false,"excerpt":"Hrabo\u0161 poln\u00ed (Microtus arvalis) My\u0161 dom\u00e1c\u00ed (Mus musculus) Po\u0161tolka obecn\u00e1 (Falco tinnunculus) Ror\u00fds obecn\u00fd (Apus apus) Faunistick\u00e1 datab\u00e1ze \u010cSO: Po\u0161tolka obecn\u00e1 (Falco tinnunclus) in Avif Ror\u00fds obecn\u00fd (Apus apus) in Avif P\u0159\u00edm\u00e9 p\u0159enosy: Po\u0161tolka obecn\u00e1 (Falco tinnunculus) online Ror\u00fds obecn\u00fd (Apus apus) online Dal\u0161\u00ed druhy pt\u00e1k\u016f online: View Nesting Birds\u2026","rel":"","context":"Podobn\u00fd p\u0159\u00edsp\u011bvek","block_context":{"text":"Podobn\u00fd p\u0159\u00edsp\u011bvek","link":""},"img":{"alt_text":"","src":"","width":0,"height":0},"classes":[]},{"id":1937,"url":"https:\/\/tinnunculus.sy-sy.cz\/index.php\/v-primem-prenosu-odjinud\/apus-apus-online\/","url_meta":{"origin":2888,"position":1},"title":"Apus apus online","author":"Zuzana Syrov\u00e1 An\u00fd\u017eov\u00e1","date":"14\/08\/2017","format":false,"excerpt":"Aktualizov\u00e1no Pou\u017eit\u00e9 zkratky: on+ kamera on-line on- kamera on-line, ale sn\u00edm\u00e1 jin\u00fd druh pt\u00e1k\u016f off\u00a0 kamera off-line V tabulce se uv\u00e1d\u00ed posledn\u00ed rok, v n\u011bm\u017e ror\u00fdsi v dan\u00e9 lokalit\u011b \u00fasp\u011b\u0161n\u011b \u010di ne\u00fasp\u011b\u0161n\u011b hn\u00edzdili. K\u00f3dy zemi \u00a6 Country codes odkazy: View nesting birds: common swift Webcams gierzwaluwen","rel":"","context":"V \u201e\"Na\u0161i\" ror\u00fdsi\u201c","block_context":{"text":"\"Na\u0161i\" ror\u00fdsi","link":"https:\/\/tinnunculus.sy-sy.cz\/index.php\/category\/nasi\/nasi-rorysi\/"},"img":{"alt_text":"","src":"","width":0,"height":0},"classes":[]},{"id":46712,"url":"https:\/\/tinnunculus.sy-sy.cz\/index.php\/v-primem-prenosu\/zive-vysilani-youtube\/apus-apus-brunensis\/","url_meta":{"origin":2888,"position":2},"title":"Apus apus brunensis","author":"Zuzana Syrov\u00e1 An\u00fd\u017eov\u00e1","date":"12\/03\/2026","format":false,"excerpt":"Permalinks: https:\/\/camstreamer.com\/redirect\/aQ5q2ii4Y7Fnl8YL00vOwCnqJTWmITdUXETNJJ4J https:\/\/camstreamer.com\/redirect\/86o0gPUVvKlp0Z1n2hrui3NHx2D9RVGzrbFYqPHE FALCO TINNUNCULUS BRUNENSIS \u2194 APUS APUS BRUNENSIS","rel":"","context":"Podobn\u00fd p\u0159\u00edsp\u011bvek","block_context":{"text":"Podobn\u00fd p\u0159\u00edsp\u011bvek","link":""},"img":{"alt_text":"","src":"","width":0,"height":0},"classes":[]},{"id":9664,"url":"https:\/\/tinnunculus.sy-sy.cz\/index.php\/odkazy\/o-rorysech\/apus-apus-in-avif\/","url_meta":{"origin":2888,"position":3},"title":"Apus apus in Avif","author":"Zuzana Syrov\u00e1 An\u00fd\u017eov\u00e1","date":"23\/11\/2019","format":false,"excerpt":"pozorov\u00e1n\u00ed ror\u00fdse obecn\u00e9ho ve faunistick\u00e9 datab\u00e1zi \u010cSO: \u00a0 Kliknut\u00edm na z\u00e1znam se dostanete na jeho detail na avif.birdlife.cz, kde m\u00e1te mo\u017enost dal\u0161\u00edho podrobn\u011bj\u0161\u00edho vyhled\u00e1v\u00e1n\u00ed. \ufeff O faunistick\u00e9 datab\u00e1zi avif.birds.cz O ror\u00fdsovi: Vyhled\u00e1v\u00e1n\u00ed a vkl\u00e1d\u00e1n\u00ed hn\u00edzdi\u0161\u0165","rel":"","context":"Podobn\u00fd p\u0159\u00edsp\u011bvek","block_context":{"text":"Podobn\u00fd p\u0159\u00edsp\u011bvek","link":""},"img":{"alt_text":"","src":"","width":0,"height":0},"classes":[]},{"id":2210,"url":"https:\/\/tinnunculus.sy-sy.cz\/index.php\/odkazy\/o-rorysech\/","url_meta":{"origin":2888,"position":4},"title":"Odkazy: Ror\u00fds obecn\u00fd","author":"Zuzana Syrov\u00e1 An\u00fd\u017eov\u00e1","date":"15\/10\/2017","format":false,"excerpt":"V \u010de\u0161tin\u011b \u00a6 \u010de\u0161tina: Avibase: Ror\u00fds obecn\u00fd Apus apus (Linnaeus, 1758) Ror\u00fds obecn\u00fd na Wikipedii Ror\u00fdsi na FB \u010cesk\u00e1 spole\u010dnost ornitologick\u00e1: Pt\u00e1k roku 2004 Pt\u00e1k roku 2004 (bro\u017eura \u010cSO) Rorysi.cz (web \u010cSO) P\u0159\u00e1tel\u00e9 ror\u00fds\u016f \u010cesk\u00fd rozhlas : Hlas pro tento den \u010cesk\u00fd rozhlas: T\u011b\u017ek\u00fd \u017eivot ror\u00fdse 1. \u010d\u00e1st, 2. \u010d\u00e1st\u2026","rel":"","context":"Podobn\u00fd p\u0159\u00edsp\u011bvek","block_context":{"text":"Podobn\u00fd p\u0159\u00edsp\u011bvek","link":""},"img":{"alt_text":"","src":"","width":0,"height":0},"classes":[]},{"id":21239,"url":"https:\/\/tinnunculus.sy-sy.cz\/index.php\/v-primem-prenosu\/zive-vysilani-youtube\/","url_meta":{"origin":2888,"position":5},"title":"YouTube &#8211; \u017eiv\u00e9 vys\u00edl\u00e1n\u00ed","author":"Zuzana Syrov\u00e1 An\u00fd\u017eov\u00e1","date":"02\/04\/2023","format":false,"excerpt":"Aktu\u00e1ln\u00ed \u017eiv\u00e9 p\u0159enosy: Falco tinnunculus brunensis 1 \u2192 Falco tinnunculus brunensis 2 \u2192 Apus apus brunensis \u2192 Permalinks: https:\/\/camstreamer.com\/redirect\/A7NqLLFPJXtvFYnNq0lyj4NzktH1FZof7pI4eqpY https:\/\/camstreamer.com\/redirect\/5VlgU1vAmpgM7ORmXjOdcmdzxzEbkX7sJ2IhxQRB https:\/\/camstreamer.com\/redirect\/qp2VoL6U8vNXAWmqPu8ETq3oaYV6YzYztbu34cMx https:\/\/camstreamer.com\/redirect\/XAP6hVk7bKHeT8TQs5rBZb5jV78QywJIVkQS5Lqy https:\/\/camstreamer.com\/redirect\/aQ5q2ii4Y7Fnl8YL00vOwCnqJTWmITdUXETNJJ4J https:\/\/camstreamer.com\/redirect\/86o0gPUVvKlp0Z1n2hrui3NHx2D9RVGzrbFYqPHE https:\/\/camstreamer.com\/redirect\/YprDdaZ6MpC5b4EHoLae835OrfMqeQbmimRKSspC https:\/\/youtube.com\/channel\/UCx1tb6S-HFz_XUyk2bGxavw\/live https:\/\/youtube.com\/channel\/UCn2Pab5nlUR3-bwZhUKdDSw\/live FALCO TINNUNCULUS BRUNENSIS \u2194 APUS APUS BRUNENSIS","rel":"","context":"Podobn\u00fd p\u0159\u00edsp\u011bvek","block_context":{"text":"Podobn\u00fd p\u0159\u00edsp\u011bvek","link":""},"img":{"alt_text":"","src":"","width":0,"height":0},"classes":[]}],"jetpack_sharing_enabled":true,"_links":{"self":[{"href":"https:\/\/tinnunculus.sy-sy.cz\/index.php\/wp-json\/wp\/v2\/pages\/2888","targetHints":{"allow":["GET"]}}],"collection":[{"href":"https:\/\/tinnunculus.sy-sy.cz\/index.php\/wp-json\/wp\/v2\/pages"}],"about":[{"href":"https:\/\/tinnunculus.sy-sy.cz\/index.php\/wp-json\/wp\/v2\/types\/page"}],"author":[{"embeddable":true,"href":"https:\/\/tinnunculus.sy-sy.cz\/index.php\/wp-json\/wp\/v2\/users\/2"}],"replies":[{"embeddable":true,"href":"https:\/\/tinnunculus.sy-sy.cz\/index.php\/wp-json\/wp\/v2\/comments?post=2888"}],"version-history":[{"count":1,"href":"https:\/\/tinnunculus.sy-sy.cz\/index.php\/wp-json\/wp\/v2\/pages\/2888\/revisions"}],"predecessor-version":[{"id":32569,"href":"https:\/\/tinnunculus.sy-sy.cz\/index.php\/wp-json\/wp\/v2\/pages\/2888\/revisions\/32569"}],"wp:attachment":[{"href":"https:\/\/tinnunculus.sy-sy.cz\/index.php\/wp-json\/wp\/v2\/media?parent=2888"}],"wp:term":[{"taxonomy":"category","embeddable":true,"href":"https:\/\/tinnunculus.sy-sy.cz\/index.php\/wp-json\/wp\/v2\/categories?post=2888"},{"taxonomy":"post_tag","embeddable":true,"href":"https:\/\/tinnunculus.sy-sy.cz\/index.php\/wp-json\/wp\/v2\/tags?post=2888"}],"curies":[{"name":"wp","href":"https:\/\/api.w.org\/{rel}","templated":true}]}}