{"id":27841,"date":"2023-11-23T22:25:36","date_gmt":"2023-11-23T21:25:36","guid":{"rendered":"https:\/\/tinnunculus.sy-sy.cz\/?page_id=27841"},"modified":"2025-03-15T07:07:22","modified_gmt":"2025-03-15T06:07:22","slug":"axis-live-view-2","status":"publish","type":"page","link":"https:\/\/tinnunculus.sy-sy.cz\/index.php\/en\/online\/axis-live-view-2\/","title":{"rendered":"AXIS live view"},"content":{"rendered":"<p><img data-recalc-dims=\"1\" loading=\"lazy\" decoding=\"async\" data-attachment-id=\"43\" data-permalink=\"https:\/\/tinnunculus.sy-sy.cz\/index.php\/2017\/08\/08\/staronove-o-mysich-a-postolkach\/_0009901-uprav-cb\/\" data-orig-file=\"https:\/\/i0.wp.com\/tinnunculus.sy-sy.cz\/wp-content\/uploads\/2017\/07\/0009901-uprav-cb-e1501227510510.jpg?fit=1038%2C695&amp;ssl=1\" data-orig-size=\"1038,695\" data-comments-opened=\"1\" data-image-meta=\"{&quot;aperture&quot;:&quot;0&quot;,&quot;credit&quot;:&quot;&quot;,&quot;camera&quot;:&quot;&quot;,&quot;caption&quot;:&quot;&quot;,&quot;created_timestamp&quot;:&quot;0&quot;,&quot;copyright&quot;:&quot;&quot;,&quot;focal_length&quot;:&quot;0&quot;,&quot;iso&quot;:&quot;0&quot;,&quot;shutter_speed&quot;:&quot;0&quot;,&quot;title&quot;:&quot;&quot;,&quot;orientation&quot;:&quot;0&quot;}\" data-image-title=\"_0009901-uprav-cb\" data-image-description=\"\" data-image-caption=\"\" data-large-file=\"https:\/\/i0.wp.com\/tinnunculus.sy-sy.cz\/wp-content\/uploads\/2017\/07\/0009901-uprav-cb-e1501227510510.jpg?fit=525%2C351&amp;ssl=1\" class=\"wp-image-43 size-large aligncenter\" src=\"https:\/\/i0.wp.com\/tinnunculus.sy-sy.cz\/wp-content\/uploads\/2017\/07\/0009901-uprav-cb.jpg?resize=525%2C351&#038;ssl=1\" alt=\"\" width=\"525\" height=\"351\" \/><\/p>\n<p><em>AXIS live view is no longer accessible.<\/em><br \/>\n<em>You can still watch our kestrels live <a href=\"https:\/\/tinnunculus.sy-sy.cz\/index.php\/en\/online\/\">here<\/a>.<\/em><\/p>\n<p>&nbsp;<\/p>\n","protected":false},"excerpt":{"rendered":"<p>AXIS live view is no longer accessible. You can still watch our kestrels live here. &nbsp;<\/p>\n","protected":false},"author":2,"featured_media":0,"parent":9804,"menu_order":3,"comment_status":"closed","ping_status":"closed","template":"","meta":{"jetpack_post_was_ever_published":false,"footnotes":""},"categories":[],"tags":[],"class_list":["post-27841","page","type-page","status-publish","hentry"],"jetpack_shortlink":"https:\/\/wp.me\/P91gKE-7f3","jetpack-related-posts":[{"id":5970,"url":"https:\/\/tinnunculus.sy-sy.cz\/index.php\/en\/online\/our-webcams\/","url_meta":{"origin":27841,"position":0},"title":"Our webcams","author":"Zuzana Syrov\u00e1 An\u00fd\u017eov\u00e1","date":"29\/07\/2018","format":false,"excerpt":"0\u00a6\u00a01\u00a6\u00a02\u00a6\u00a03\u00a6\u00a04\u00a6\u00a05\u00a6\u00a06\u00a6\u00a07\u00a6\u00a08\u00a6\u00a09\u00a612\u00a6\u00a013\u00a6\u00a014\u00a6\u00a015\u00a6\u00a016\u00a6\u00a017\u00a6\u00a018\u00a6\u00a019\u00a6\u00a020\u00a6 10\u00a6\u00a0 11\u00a6 21\u00a6 \u2190\u00a0Camera list Part of the balcony near the door with the new nest \u2013 AXIS M1135 (1) New nest \u00a6 Perches above the new nest \u00a6 Swift nest boxes \u2013 AXIS M2014-E (1) Perches above the new nest \u2013 AXIS M1125 (1) Perches above the old\u2026","rel":"","context":"V \u201e(Web) cameras\u201c","block_context":{"text":"(Web) cameras","link":"https:\/\/tinnunculus.sy-sy.cz\/index.php\/en\/category\/live-broadcast\/webcams\/"},"img":{"alt_text":"","src":"https:\/\/i0.wp.com\/tinnunculus.sy-sy.cz\/wp-content\/uploads\/2021\/05\/youtube-1718976_960_720-300x300.png?resize=350%2C200&ssl=1","width":350,"height":200},"classes":[]},{"id":21172,"url":"https:\/\/tinnunculus.sy-sy.cz\/index.php\/en\/brno-kestrels\/","url_meta":{"origin":27841,"position":1},"title":"Brno kestrels","author":"Zuzana Syrov\u00e1 An\u00fd\u017eov\u00e1","date":"30\/03\/2023","format":false,"excerpt":"\u00a0 Here you can compare what is happening on our balcony in the Bystrc housing estate in the suburbs of Brno with the current events in the nestbox in the city center on Francouzsk\u00e1 Street or in the Bohunice housing estate. Our other cameras Live broadcasts from other locations. The\u2026","rel":"","context":"V \u201e(Web) cameras\u201c","block_context":{"text":"(Web) cameras","link":"https:\/\/tinnunculus.sy-sy.cz\/index.php\/en\/category\/live-broadcast\/webcams\/"},"img":{"alt_text":"","src":"","width":0,"height":0},"classes":[]},{"id":22488,"url":"https:\/\/tinnunculus.sy-sy.cz\/index.php\/en\/online\/our-webcams\/our-kestrels-webcams-nest\/","url_meta":{"origin":27841,"position":2},"title":"\u201cOur\u201d kestrels (web)cams: nest","author":"Zuzana Syrov\u00e1 An\u00fd\u017eov\u00e1","date":"08\/05\/2023","format":false,"excerpt":"\u00a0 You can scroll througit the of cameras. Click on the camera window to enlarge the preview. Click on its name to open the camera page. Camera groups: nest, perches, railing, outside the window, on the floor. You can also watch kestrels on the swift nestboxes. \u00a6 nest \u00a6 perches\u2026","rel":"","context":"V \u201e(Web) cameras\u201c","block_context":{"text":"(Web) cameras","link":"https:\/\/tinnunculus.sy-sy.cz\/index.php\/en\/category\/live-broadcast\/webcams\/"},"img":{"alt_text":"","src":"","width":0,"height":0},"classes":[]},{"id":22492,"url":"https:\/\/tinnunculus.sy-sy.cz\/index.php\/en\/online\/our-webcams\/our-kestrels-webcams-perches\/","url_meta":{"origin":27841,"position":3},"title":"\u201cOur\u201d kestrels (web)cams: perches","author":"Zuzana Syrov\u00e1 An\u00fd\u017eov\u00e1","date":"08\/05\/2023","format":false,"excerpt":"\u00a0 You can scroll througit the of cameras. Click on the camera window to enlarge the preview. Click on its name to open the camera page. Camera groups: nest, perch, railing, outside the window, on the floor. You can also watch kestrels on the swift nestboxes. \u00a6 nest \u00a6 perches\u2026","rel":"","context":"V \u201e(Web) cameras\u201c","block_context":{"text":"(Web) cameras","link":"https:\/\/tinnunculus.sy-sy.cz\/index.php\/en\/category\/live-broadcast\/webcams\/"},"img":{"alt_text":"","src":"","width":0,"height":0},"classes":[]},{"id":22502,"url":"https:\/\/tinnunculus.sy-sy.cz\/index.php\/en\/online\/our-webcams\/our-kestrels-webcams-on-the-floor\/","url_meta":{"origin":27841,"position":4},"title":"\u201cOur\u201d kestrels (web)cams: on the floor","author":"Zuzana Syrov\u00e1 An\u00fd\u017eov\u00e1","date":"08\/05\/2023","format":false,"excerpt":"\u00a0 You can scroll througit the of cameras. Click on the camera window to enlarge the preview. Click on its name to open the camera page. Camera groups: nest, perches, railing, outside the window, on the floor. You can also watch kestrels on the swift nestboxes. \u00a6 nest \u00a6 perches\u2026","rel":"","context":"V \u201e(Web) cameras\u201c","block_context":{"text":"(Web) cameras","link":"https:\/\/tinnunculus.sy-sy.cz\/index.php\/en\/category\/live-broadcast\/webcams\/"},"img":{"alt_text":"","src":"","width":0,"height":0},"classes":[]},{"id":1655,"url":"https:\/\/tinnunculus.sy-sy.cz\/index.php\/en\/basic-info\/","url_meta":{"origin":27841,"position":5},"title":"Of Mice and Kestrels","author":"Zuzana Syrov\u00e1 An\u00fd\u017eov\u00e1","date":"08\/08\/2017","format":false,"excerpt":"Kestrels (common or european kestrels) stay with us in our flat in a\u00a0housing estate in the suburb of Brno for a long time. Initially they used our balcony only as a shelter and dormitory, but since the fire in 2006, the situation changed. Starting with the 2007 season\u00a0kestrels are nesting\u2026","rel":"","context":"V \u201e\"Our\" kestrels\u201c","block_context":{"text":"\"Our\" kestrels","link":"https:\/\/tinnunculus.sy-sy.cz\/index.php\/en\/category\/tenants-and-visitors\/our-kestrels-en\/"},"img":{"alt_text":"","src":"https:\/\/i0.wp.com\/tinnunculus.sy-sy.cz\/wp-content\/uploads\/2017\/08\/dsc22907_24x10cb-e1501697514766.jpg?fit=1200%2C500&ssl=1&resize=350%2C200","width":350,"height":200,"srcset":"https:\/\/i0.wp.com\/tinnunculus.sy-sy.cz\/wp-content\/uploads\/2017\/08\/dsc22907_24x10cb-e1501697514766.jpg?fit=1200%2C500&ssl=1&resize=350%2C200 1x, https:\/\/i0.wp.com\/tinnunculus.sy-sy.cz\/wp-content\/uploads\/2017\/08\/dsc22907_24x10cb-e1501697514766.jpg?fit=1200%2C500&ssl=1&resize=525%2C300 1.5x, https:\/\/i0.wp.com\/tinnunculus.sy-sy.cz\/wp-content\/uploads\/2017\/08\/dsc22907_24x10cb-e1501697514766.jpg?fit=1200%2C500&ssl=1&resize=700%2C400 2x, https:\/\/i0.wp.com\/tinnunculus.sy-sy.cz\/wp-content\/uploads\/2017\/08\/dsc22907_24x10cb-e1501697514766.jpg?fit=1200%2C500&ssl=1&resize=1050%2C600 3x"},"classes":[]}],"jetpack_sharing_enabled":true,"_links":{"self":[{"href":"https:\/\/tinnunculus.sy-sy.cz\/index.php\/wp-json\/wp\/v2\/pages\/27841","targetHints":{"allow":["GET"]}}],"collection":[{"href":"https:\/\/tinnunculus.sy-sy.cz\/index.php\/wp-json\/wp\/v2\/pages"}],"about":[{"href":"https:\/\/tinnunculus.sy-sy.cz\/index.php\/wp-json\/wp\/v2\/types\/page"}],"author":[{"embeddable":true,"href":"https:\/\/tinnunculus.sy-sy.cz\/index.php\/wp-json\/wp\/v2\/users\/2"}],"replies":[{"embeddable":true,"href":"https:\/\/tinnunculus.sy-sy.cz\/index.php\/wp-json\/wp\/v2\/comments?post=27841"}],"version-history":[{"count":1,"href":"https:\/\/tinnunculus.sy-sy.cz\/index.php\/wp-json\/wp\/v2\/pages\/27841\/revisions"}],"predecessor-version":[{"id":27842,"href":"https:\/\/tinnunculus.sy-sy.cz\/index.php\/wp-json\/wp\/v2\/pages\/27841\/revisions\/27842"}],"up":[{"embeddable":true,"href":"https:\/\/tinnunculus.sy-sy.cz\/index.php\/wp-json\/wp\/v2\/pages\/9804"}],"wp:attachment":[{"href":"https:\/\/tinnunculus.sy-sy.cz\/index.php\/wp-json\/wp\/v2\/media?parent=27841"}],"wp:term":[{"taxonomy":"category","embeddable":true,"href":"https:\/\/tinnunculus.sy-sy.cz\/index.php\/wp-json\/wp\/v2\/categories?post=27841"},{"taxonomy":"post_tag","embeddable":true,"href":"https:\/\/tinnunculus.sy-sy.cz\/index.php\/wp-json\/wp\/v2\/tags?post=27841"}],"curies":[{"name":"wp","href":"https:\/\/api.w.org\/{rel}","templated":true}]}}