{"id":27839,"date":"2023-11-23T22:19:13","date_gmt":"2023-11-23T21:19:13","guid":{"rendered":"https:\/\/tinnunculus.sy-sy.cz\/?page_id=27839"},"modified":"2025-12-15T08:46:46","modified_gmt":"2025-12-15T07:46:46","slug":"axis-live-view","status":"publish","type":"page","link":"https:\/\/tinnunculus.sy-sy.cz\/index.php\/v-primem-prenosu\/axis-live-view\/","title":{"rendered":"AXIS live view"},"content":{"rendered":"<p><img data-recalc-dims=\"1\" loading=\"lazy\" decoding=\"async\" data-attachment-id=\"43\" data-permalink=\"https:\/\/tinnunculus.sy-sy.cz\/index.php\/2017\/08\/08\/staronove-o-mysich-a-postolkach\/_0009901-uprav-cb\/\" data-orig-file=\"https:\/\/i0.wp.com\/tinnunculus.sy-sy.cz\/wp-content\/uploads\/2017\/07\/0009901-uprav-cb-e1501227510510.jpg?fit=1038%2C695&amp;ssl=1\" data-orig-size=\"1038,695\" data-comments-opened=\"1\" data-image-meta=\"{&quot;aperture&quot;:&quot;0&quot;,&quot;credit&quot;:&quot;&quot;,&quot;camera&quot;:&quot;&quot;,&quot;caption&quot;:&quot;&quot;,&quot;created_timestamp&quot;:&quot;0&quot;,&quot;copyright&quot;:&quot;&quot;,&quot;focal_length&quot;:&quot;0&quot;,&quot;iso&quot;:&quot;0&quot;,&quot;shutter_speed&quot;:&quot;0&quot;,&quot;title&quot;:&quot;&quot;,&quot;orientation&quot;:&quot;0&quot;}\" data-image-title=\"_0009901-uprav-cb\" data-image-description=\"\" data-image-caption=\"\" data-large-file=\"https:\/\/i0.wp.com\/tinnunculus.sy-sy.cz\/wp-content\/uploads\/2017\/07\/0009901-uprav-cb-e1501227510510.jpg?fit=525%2C351&amp;ssl=1\" class=\"wp-image-43 size-large aligncenter\" src=\"https:\/\/i0.wp.com\/tinnunculus.sy-sy.cz\/wp-content\/uploads\/2017\/07\/0009901-uprav-cb.jpg?resize=525%2C351&#038;ssl=1\" alt=\"\" width=\"525\" height=\"351\" \/><\/p>\n<p><em>Str\u00e1nka u\u017e bohu\u017eel nen\u00ed p\u0159\u00edstupn\u00e1.<\/em><br \/>\n<em>P\u0159\u00edm\u00fd p\u0159enos a&nbsp;z\u00e1kladn\u00ed info o&nbsp;aktu\u00e1ln\u00edm d\u011bn\u00ed ale st\u00e1le najdete <a href=\"https:\/\/tinnunculus.sy-sy.cz\/index.php\/v-primem-prenosu\/\">zde<\/a>.<\/em><\/p>\n<p>&nbsp;<\/p>\n","protected":false},"excerpt":{"rendered":"<p>Str\u00e1nka u\u017e bohu\u017eel nen\u00ed p\u0159\u00edstupn\u00e1. P\u0159\u00edm\u00fd p\u0159enos a&nbsp;z\u00e1kladn\u00ed info o&nbsp;aktu\u00e1ln\u00edm d\u011bn\u00ed ale st\u00e1le najdete zde. &nbsp;<\/p>\n","protected":false},"author":2,"featured_media":0,"parent":786,"menu_order":3,"comment_status":"closed","ping_status":"closed","template":"","meta":{"jetpack_post_was_ever_published":false,"footnotes":""},"categories":[],"tags":[],"class_list":["post-27839","page","type-page","status-publish","hentry"],"jetpack_shortlink":"https:\/\/wp.me\/P91gKE-7f1","jetpack-related-posts":[{"id":5032,"url":"https:\/\/tinnunculus.sy-sy.cz\/index.php\/v-primem-prenosu\/nase-kamery\/","url_meta":{"origin":27839,"position":0},"title":"Na\u0161e kamery","author":"Zuzana Syrov\u00e1 An\u00fd\u017eov\u00e1","date":"04\/05\/2018","format":false,"excerpt":"0\u00a6\u00a01\u00a6\u00a02\u00a6\u00a03\u00a6\u00a04\u00a6\u00a05\u00a6\u00a06\u00a6\u00a07\u00a6\u00a08\u00a6\u00a09\u00a6\u00a012\u00a6\u00a013\u00a6\u00a014\u00a6\u00a015\u00a6\u00a016\u00a6\u00a017\u00a6\u00a018\u00a6\u00a019\u00a6\u00a020\u00a6 10\u00a6\u00a0\u00a011\u00a6 21\u00a6 \u2190\u00a0Seznam kamer Z\u00e1kladn\u00ed informace o sledov\u00e1n\u00ed po\u0161tolek pomoc\u00ed s\u00ed\u0165ov\u00fdch kamer poskytuje u\u017e \u010dl\u00e1nek O kamer\u00e1ch ku sledov\u00e1n\u00ed po\u0161tolek. Zachycuje stav do r.\u00a0 2016, kdy prob\u011bhly stavebn\u00ed pr\u00e1ce spojen\u00e9 s oblo\u017een\u00edm fas\u00e1dy polystyrenem a v\u00fdm\u011bnou lod\u017eie za hlub\u0161\u00ed s vy\u0161\u0161\u00edm plechov\u00fdm z\u00e1bradl\u00edm bez doln\u00ed vletov\u00e9 mezery nad podlahou.\u2026","rel":"","context":"V \u201e(Web)kamery\u201c","block_context":{"text":"(Web)kamery","link":"https:\/\/tinnunculus.sy-sy.cz\/index.php\/category\/zivy-prenos\/kamery\/"},"img":{"alt_text":"","src":"https:\/\/i0.wp.com\/tinnunculus.sy-sy.cz\/wp-content\/uploads\/2021\/05\/youtube-1718976_960_720-300x300.png?resize=350%2C200&ssl=1","width":350,"height":200},"classes":[]},{"id":19135,"url":"https:\/\/tinnunculus.sy-sy.cz\/index.php\/postolky-brnenske\/","url_meta":{"origin":27839,"position":1},"title":"Po\u0161tolky brn\u011bnsk\u00e9","author":"Zuzana Syrov\u00e1 An\u00fd\u017eov\u00e1","date":"14\/06\/2022","format":false,"excerpt":"\u00a0 D\u011bn\u00ed v na\u0161\u00ed po\u0161tol\u010d\u00ed lod\u017eii v s\u00eddli\u0161ti Bystrc na okraji Brna (info o \u017eiv\u00e9m p\u0159enosu \/ historie hn\u00edzda) m\u016f\u017eete porovnat s t\u00edm, co se pr\u00e1v\u011b d\u011bje v p\u0159\u00edm\u00e9m p\u0159enosu v budce v centru m\u011bsta na ulici Francouzsk\u00e9 (info o \u017eiv\u00e9m p\u0159enosu \/ historie hn\u00edzda) nebo v s\u00eddli\u0161ti Bohunice (info\u2026","rel":"","context":"V \u201e(Web)kamery\u201c","block_context":{"text":"(Web)kamery","link":"https:\/\/tinnunculus.sy-sy.cz\/index.php\/category\/zivy-prenos\/kamery\/"},"img":{"alt_text":"","src":"","width":0,"height":0},"classes":[]},{"id":18,"url":"https:\/\/tinnunculus.sy-sy.cz\/index.php\/a-homepage-section\/","url_meta":{"origin":27839,"position":2},"title":"O my\u0161\u00edch a&nbsp;po\u0161tolk\u00e1ch","author":"Zuzana Syrov\u00e1 An\u00fd\u017eov\u00e1","date":"28\/07\/2017","format":false,"excerpt":"Pro\u010d o po\u0161tolk\u00e1ch? Za d\u00e1vn\u00fdch a d\u00e1vn\u00fdch \u010das\u016f, n\u011bkdy t\u011bsn\u011b po roce 1986, kdy jsme se nast\u011bhovali do nov\u00e9ho bytu v panelov\u00e9m dom\u011b v s\u00eddli\u0161ti na okraji Brna, se v na\u0161\u00ed lod\u017eii objevily po\u0161tolky. Dlouh\u00e1 l\u00e9ta byla jejich obl\u00edben\u00fdm m\u00edstem pro p\u0159esp\u00e1n\u00ed a od roku 2007 zde i hn\u00edzd\u00ed. Vybraly\u2026","rel":"","context":"V \u201e\"Na\u0161e\" po\u0161tolky\u201c","block_context":{"text":"\"Na\u0161e\" po\u0161tolky","link":"https:\/\/tinnunculus.sy-sy.cz\/index.php\/category\/nasi\/nase-postolky\/"},"img":{"alt_text":"","src":"https:\/\/i0.wp.com\/tinnunculus.sy-sy.cz\/wp-content\/uploads\/2017\/08\/dsc22907_24x10cb-e1501697514766.jpg?fit=1200%2C500&ssl=1&resize=350%2C200","width":350,"height":200,"srcset":"https:\/\/i0.wp.com\/tinnunculus.sy-sy.cz\/wp-content\/uploads\/2017\/08\/dsc22907_24x10cb-e1501697514766.jpg?fit=1200%2C500&ssl=1&resize=350%2C200 1x, https:\/\/i0.wp.com\/tinnunculus.sy-sy.cz\/wp-content\/uploads\/2017\/08\/dsc22907_24x10cb-e1501697514766.jpg?fit=1200%2C500&ssl=1&resize=525%2C300 1.5x, https:\/\/i0.wp.com\/tinnunculus.sy-sy.cz\/wp-content\/uploads\/2017\/08\/dsc22907_24x10cb-e1501697514766.jpg?fit=1200%2C500&ssl=1&resize=700%2C400 2x, https:\/\/i0.wp.com\/tinnunculus.sy-sy.cz\/wp-content\/uploads\/2017\/08\/dsc22907_24x10cb-e1501697514766.jpg?fit=1200%2C500&ssl=1&resize=1050%2C600 3x"},"classes":[]},{"id":10473,"url":"https:\/\/tinnunculus.sy-sy.cz\/index.php\/faq-aneb-ckd\/","url_meta":{"origin":27839,"position":3},"title":"FAQ aneb \u010cKD","author":"Zuzana Syrov\u00e1 An\u00fd\u017eov\u00e1","date":"15\/02\/2020","format":false,"excerpt":"\u00a0 Na tomto m\u00edst\u011b najdete postupn\u011b dopl\u0148ovan\u00e9 odpov\u011bdi na \u010dasto kladen\u00e9 dotazy (odtud zkratka \u010cKD). Pokud nenajdete odpov\u011b\u010f na Va\u0161i ot\u00e1zku, nev\u00e1hejte n\u00e1m napsat. K naps\u00e1n\u00ed dotazu m\u016f\u017eete pou\u017e\u00edt po\u0161tol\u010d\u00ed formul\u00e1\u0159. P\u0159ed zad\u00e1n\u00edm dotazu se pod\u00edvejte i na str\u00e1nky s obecn\u00fdmi informacemi o po\u0161tok\u00e1ch:\u00a0 Po\u0161tolka obecn\u00e1 | obecn\u011b, ror\u00fdsech: Ror\u00fds\u2026","rel":"","context":"Podobn\u00fd p\u0159\u00edsp\u011bvek","block_context":{"text":"Podobn\u00fd p\u0159\u00edsp\u011bvek","link":""},"img":{"alt_text":"","src":"https:\/\/i0.wp.com\/tinnunculus.sy-sy.cz\/wp-content\/uploads\/2020\/02\/dsc29195_BW-1-1024x657.jpg?resize=350%2C200&ssl=1","width":350,"height":200,"srcset":"https:\/\/i0.wp.com\/tinnunculus.sy-sy.cz\/wp-content\/uploads\/2020\/02\/dsc29195_BW-1-1024x657.jpg?resize=350%2C200&ssl=1 1x, https:\/\/i0.wp.com\/tinnunculus.sy-sy.cz\/wp-content\/uploads\/2020\/02\/dsc29195_BW-1-1024x657.jpg?resize=525%2C300&ssl=1 1.5x"},"classes":[]},{"id":16039,"url":"https:\/\/tinnunculus.sy-sy.cz\/index.php\/v-primem-prenosu\/nase-kamery\/seznam-kamer\/kamera-10\/kamera-10-rorysovnik\/","url_meta":{"origin":27839,"position":4},"title":"10 \u00a6 Ror\u00fdsovn\u00edk","author":"Zuzana Syrov\u00e1 An\u00fd\u017eov\u00e1","date":"20\/05\/2021","format":false,"excerpt":"10\u00a6 10A\u00a6\u00a011\u00a6 KAMERA 10 \u00a6 KAMERA 10A \u00a0 \u2190 V p\u0159\u00edm\u00e9m p\u0159enosu z na\u0161\u00ed lod\u017eie \u2190 Na\u0161e kamery \u00a6 Our webcams \u2190 AXIS Live \u00a6\u00a0 YouTube Live","rel":"","context":"V \u201e\"Na\u0161e\" po\u0161tolky\u201c","block_context":{"text":"\"Na\u0161e\" po\u0161tolky","link":"https:\/\/tinnunculus.sy-sy.cz\/index.php\/category\/nasi\/nase-postolky\/"},"img":{"alt_text":"Camera 4","src":"https:\/\/sy-sy.cz\/cam\/webapi\/entry.cgi?api=SYNO.SurveillanceStation.Stream.VideoStreaming&version=1&method=Stream&format=mjpeg&cameraId=66&StmKey=%22a3020304e0596f25f91b755831413792%22","width":350,"height":200,"srcset":"https:\/\/sy-sy.cz\/cam\/webapi\/entry.cgi?api=SYNO.SurveillanceStation.Stream.VideoStreaming&version=1&method=Stream&format=mjpeg&cameraId=66&StmKey=%22a3020304e0596f25f91b755831413792%22 1x, https:\/\/sy-sy.cz\/cam\/webapi\/entry.cgi?api=SYNO.SurveillanceStation.Stream.VideoStreaming&version=1&method=Stream&format=mjpeg&cameraId=66&StmKey=%22a3020304e0596f25f91b755831413792%22 1.5x, https:\/\/sy-sy.cz\/cam\/webapi\/entry.cgi?api=SYNO.SurveillanceStation.Stream.VideoStreaming&version=1&method=Stream&format=mjpeg&cameraId=66&StmKey=%22a3020304e0596f25f91b755831413792%22 2x, https:\/\/sy-sy.cz\/cam\/webapi\/entry.cgi?api=SYNO.SurveillanceStation.Stream.VideoStreaming&version=1&method=Stream&format=mjpeg&cameraId=66&StmKey=%22a3020304e0596f25f91b755831413792%22 3x"},"classes":[]},{"id":1928,"url":"https:\/\/tinnunculus.sy-sy.cz\/index.php\/odkazy\/","url_meta":{"origin":27839,"position":5},"title":"Odkazy","author":"Zuzana Syrov\u00e1 An\u00fd\u017eov\u00e1","date":"14\/08\/2017","format":false,"excerpt":"Hrabo\u0161 poln\u00ed (Microtus arvalis) My\u0161 dom\u00e1c\u00ed (Mus musculus) Po\u0161tolka obecn\u00e1 (Falco tinnunculus) Ror\u00fds obecn\u00fd (Apus apus) Faunistick\u00e1 datab\u00e1ze \u010cSO: Po\u0161tolka obecn\u00e1 (Falco tinnunclus) in Avif Ror\u00fds obecn\u00fd (Apus apus) in Avif P\u0159\u00edm\u00e9 p\u0159enosy: Po\u0161tolka obecn\u00e1 (Falco tinnunculus) online Ror\u00fds obecn\u00fd (Apus apus) online Dal\u0161\u00ed druhy pt\u00e1k\u016f online: View Nesting Birds\u2026","rel":"","context":"Podobn\u00fd p\u0159\u00edsp\u011bvek","block_context":{"text":"Podobn\u00fd p\u0159\u00edsp\u011bvek","link":""},"img":{"alt_text":"","src":"","width":0,"height":0},"classes":[]}],"jetpack_sharing_enabled":true,"_links":{"self":[{"href":"https:\/\/tinnunculus.sy-sy.cz\/index.php\/wp-json\/wp\/v2\/pages\/27839","targetHints":{"allow":["GET"]}}],"collection":[{"href":"https:\/\/tinnunculus.sy-sy.cz\/index.php\/wp-json\/wp\/v2\/pages"}],"about":[{"href":"https:\/\/tinnunculus.sy-sy.cz\/index.php\/wp-json\/wp\/v2\/types\/page"}],"author":[{"embeddable":true,"href":"https:\/\/tinnunculus.sy-sy.cz\/index.php\/wp-json\/wp\/v2\/users\/2"}],"replies":[{"embeddable":true,"href":"https:\/\/tinnunculus.sy-sy.cz\/index.php\/wp-json\/wp\/v2\/comments?post=27839"}],"version-history":[{"count":1,"href":"https:\/\/tinnunculus.sy-sy.cz\/index.php\/wp-json\/wp\/v2\/pages\/27839\/revisions"}],"predecessor-version":[{"id":27840,"href":"https:\/\/tinnunculus.sy-sy.cz\/index.php\/wp-json\/wp\/v2\/pages\/27839\/revisions\/27840"}],"up":[{"embeddable":true,"href":"https:\/\/tinnunculus.sy-sy.cz\/index.php\/wp-json\/wp\/v2\/pages\/786"}],"wp:attachment":[{"href":"https:\/\/tinnunculus.sy-sy.cz\/index.php\/wp-json\/wp\/v2\/media?parent=27839"}],"wp:term":[{"taxonomy":"category","embeddable":true,"href":"https:\/\/tinnunculus.sy-sy.cz\/index.php\/wp-json\/wp\/v2\/categories?post=27839"},{"taxonomy":"post_tag","embeddable":true,"href":"https:\/\/tinnunculus.sy-sy.cz\/index.php\/wp-json\/wp\/v2\/tags?post=27839"}],"curies":[{"name":"wp","href":"https:\/\/api.w.org\/{rel}","templated":true}]}}