{"id":24843,"date":"2023-10-10T19:17:21","date_gmt":"2023-10-10T17:17:21","guid":{"rendered":"https:\/\/tinnunculus.sy-sy.cz\/?page_id=24843"},"modified":"2026-03-08T09:20:24","modified_gmt":"2026-03-08T08:20:24","slug":"postolky-z-francouzske","status":"publish","type":"page","link":"https:\/\/tinnunculus.sy-sy.cz\/index.php\/postolky-brnenske\/postolky-z-francouzske\/","title":{"rendered":"Po\u0161tolky z&nbsp;Francouzsk\u00e9"},"content":{"rendered":"<ul>\n<li><strong>2022<\/strong>\n<ul>\n<li>P\u0159\u00edm\u00fd p\u0159enos za\u010dal 8.6.2022. V&nbsp;t\u00e9 dob\u011b u\u017e se vyl\u00edhla 4 po\u0161tol\u010data.\u00a0V\u0161echna 4 po\u0161tol\u010data odchov\u00e1na a&nbsp;zd\u00e1rn\u011b vylet\u011bla.<\/li>\n<\/ul>\n<\/li>\n<li><strong>2023<\/strong>\n<ul>\n<li>Snesen\u00ed prvn\u00edho vejce zaznamen\u00e1no 14.4.2023. Samice za\u010dala sed\u011bt v&nbsp;noci z&nbsp;20.&nbsp;na 21.&nbsp;dubna \u0159\u00e1dn\u011b na vejc\u00edch. Prvn\u00ed po\u0161tol\u010de se vyl\u00edhlo 17.&nbsp;kv\u011btna dopoledne. 18.&nbsp;kv\u011btna odpoledne ji\u017e byla \u010dty\u0159i. 5.&nbsp;vejce se nevyl\u00edhlo.<br \/>\nZ\u00a0budky do ulice vylet\u011blo prvn\u00ed po\u0161tol\u010de 18.\u010dervna, zbyl\u00e1 20, \u010dervna.<\/li>\n<\/ul>\n<\/li>\n<li><strong>2024<\/strong>\n<ul>\n<li>Prvn\u00ed vejce sneseno kolem 11.5.2024. Samice na nich za\u010dala \u0159\u00e1dn\u011b sed\u011bt p\u0159ed 20.5.2024, 13.6.2024 se vyl\u00edhla 2 po\u0161tol\u010data, 16.6.2024 k&nbsp;nim p\u0159ibylo t\u0159et\u00ed. Prvn\u00ed vylet\u011blo z&nbsp;budky 15.7.2024, druh\u00e9 16.7.2024, posledn\u00ed 20.7.2024,<\/li>\n<\/ul>\n<\/li>\n<li><strong>2025<\/strong>\n<ul>\n<li>P\u0159\u00edm\u00fd p\u0159enos obnoven 8.4.2025. Zd\u00e1 se, \u017ee 26.4.2025 ji\u017e sneseno alespo\u0148 jedno vejce. Nebylo sice vid\u011bt, ale sami\u010dka v&nbsp;budce p\u0159es den dost posed\u00e1vala a&nbsp;bylo vid\u011bt, \u017ee prov\u00e1d\u00ed typick\u00e9 pohyby jako &#8222;\u0161ejkrov\u00e1n\u00ed&#8220; a&nbsp;obracen\u00ed vejce \/ vajec. Same\u010dek ji p\u0159itom u\u017e st\u0159\u00eddal. \u0158\u00e1dn\u011b sed\u011bt na vejc\u00edch a&nbsp;zah\u0159\u00edvat je za\u010dala v&nbsp;noci z&nbsp;1.&nbsp;na 2.&nbsp;kv\u011btna. Prvn\u00ed dv\u011b po\u0161tol\u010data se vyl\u00edhla 26.&nbsp;kv\u011btna, druh\u00e1 dv\u011b 27.&nbsp;kv\u011btna, z\u0159ejm\u011b posledn\u00ed p\u00e1t\u00e9 po\u0161tol\u010de p\u0159i\u0161lo na sv\u011bt 29.&nbsp;kv\u011btna. V&nbsp;t\u00e9 dob\u011b p\u0159estala sami\u010dka zah\u0159\u00edvat \u0161est\u00e9 vejce, kter\u00e9 pak je\u0161t\u011b n\u011bkolik dn\u00ed bylo na dn\u011b budky vid\u011bt. Nejmen\u0161\u00ed z&nbsp;po\u0161tol\u010dat uhynulo 8.&nbsp;\u010dervna. Od 26.&nbsp;\u010dervna za\u010d\u00ednaj\u00ed po\u0161tol\u010data vyletovat z&nbsp;budky.\u00a0 28.&nbsp;\u010dervna vylet\u011bla posledn\u00ed dv\u011b ze \u010dty\u0159.<\/li>\n<\/ul>\n<\/li>\n<li><strong>2026<\/strong>\n<ul>\n<li>N\u00e1mluvy za\u010daly koncem \u00fanora. Same\u010dek nos\u00ed sami\u010dce do budky d\u00e1rky, v\u011bt\u0161inou hrabo\u0161e.<\/li>\n<\/ul>\n<\/li>\n<\/ul>\n<p style=\"text-align: center;\">\n<div align=\"center\">Aktu\u00e1ln\u00ed d\u011bn\u00ed je mo\u017eno sledovat\u00a0<a href=\"https:\/\/tinnunculus.sy-sy.cz\/index.php\/postolky-brnenske\/\" target=\"_blank\" rel=\"noopener\">zde<\/a> nebo na YouTube:\u00a0<a href=\"https:\/\/www.youtube.com\/channel\/UC1eszM9Zl7oSKIiuf6pXu1Q\" target=\"_blank\" rel=\"noopener\">Po\u0161tolky \u2013 Brno<\/a>.<\/div>\n<div align=\"center\"><a href=\"https:\/\/photo.sy-sy.cz\/photo\/?t=Albums\/album_706f73746f6c65\/album_706f73746f6c652f4672616e636f757a736b61#Albums\/album_706f73746f6c65\/album_706f73746f6c652f4672616e636f757a736b61\">Foto a&nbsp;videoarchiv<\/a>.<\/div>\n<div align=\"center\"><a href=\"https:\/\/tinnunculus.sy-sy.cz\/index.php\/brnenske-postolky\/\" target=\"_blank\" rel=\"noopener\">Po\u0161tolky brn\u011bnsk\u00e9<\/a> v&nbsp;Bloku (aneb blogu, bloku \u010dili z\u00e1pisn\u00edku).<\/div>\n<div align=\"center\">***<\/div>\n<div align=\"center\"><\/div>\n<div align=\"center\"><\/div>\n<ul>\n<li><em><a href=\"https:\/\/tinnunculus.sy-sy.cz\/index.php\/portfolio\/cz-brno-francouzska\/\">Info o&nbsp;\u017eiv\u00e9m p\u0159enosu<\/a><\/em><\/li>\n<li><em><a href=\"https:\/\/tinnunculus.sy-sy.cz\/index.php\/v-primem-prenosu-odjinud\/falco-tinnunculus-online\/?table_filter=CZ\">P\u0159\u00edm\u00e9 p\u0159enosy z\u00a0\u010cR<\/a><\/em><\/li>\n<li><em><a href=\"https:\/\/tinnunculus.sy-sy.cz\/index.php\/odkazy\/falco-tinnunculus-online\/\">P\u0159\u00edm\u00e9 p\u0159enosy odjinud.<\/a><\/em><\/li>\n<\/ul>\n","protected":false},"excerpt":{"rendered":"<p>2022 P\u0159\u00edm\u00fd p\u0159enos za\u010dal 8.6.2022. V&nbsp;t\u00e9 dob\u011b u\u017e se vyl\u00edhla 4 po\u0161tol\u010data.\u00a0V\u0161echna 4 po\u0161tol\u010data odchov\u00e1na a&nbsp;zd\u00e1rn\u011b vylet\u011bla. 2023 Snesen\u00ed prvn\u00edho vejce zaznamen\u00e1no 14.4.2023. Samice za\u010dala sed\u011bt v&nbsp;noci z&nbsp;20.&nbsp;na 21.&nbsp;dubna \u0159\u00e1dn\u011b na vejc\u00edch. Prvn\u00ed po\u0161tol\u010de se vyl\u00edhlo 17.&nbsp;kv\u011btna dopoledne. 18.&nbsp;kv\u011btna odpoledne ji\u017e byla \u010dty\u0159i. 5.&nbsp;vejce se nevyl\u00edhlo. Z\u00a0budky do ulice vylet\u011blo prvn\u00ed po\u0161tol\u010de 18.\u010dervna, zbyl\u00e1 20, &hellip; <\/p>\n<p class=\"link-more\"><a href=\"https:\/\/tinnunculus.sy-sy.cz\/index.php\/postolky-brnenske\/postolky-z-francouzske\/\" class=\"more-link\">Pokra\u010dovat ve \u010dten\u00ed<span class=\"screen-reader-text\"> &#8222;Po\u0161tolky z&nbsp;Francouzsk\u00e9&#8220;<\/span><\/a><\/p>\n","protected":false},"author":2,"featured_media":0,"parent":19135,"menu_order":65,"comment_status":"closed","ping_status":"closed","template":"","meta":{"jetpack_post_was_ever_published":false,"footnotes":""},"categories":[218],"tags":[1030],"class_list":["post-24843","page","type-page","status-publish","hentry","category-falco-tinnunculus-online","tag-postolka-brnenska"],"jetpack_shortlink":"https:\/\/wp.me\/P91gKE-6sH","jetpack-related-posts":[{"id":733,"url":"https:\/\/tinnunculus.sy-sy.cz\/index.php\/postolci-sezony\/","url_meta":{"origin":24843,"position":0},"title":"Po\u0161tol\u010d\u00ed sez\u00f3ny","author":"Zuzana Syrov\u00e1 An\u00fd\u017eov\u00e1","date":"03\/08\/2017","format":false,"excerpt":"2007 Sneseno 5 vajec + 1 b\u00edl\u00e9 vejce (p\u0159ed 2007\/05\/10). Vyl\u00edhlo se 5 po\u0161tol\u010dat (2007\/06\/03 zji\u0161t\u011bna \u010dty\u0159i; 2007\/06\/04 p\u00e1t\u00e9). V\u0161ech 5 po\u0161tol\u010dat odchov\u00e1no a zd\u00e1rn\u011b vylet\u011blo. 2008 Sneseno 5 vajec (2008\/05\/05\u20142008\/05\/14). Vyl\u00edhlo se 0 po\u0161tol\u010dat. V\u0161ech 5 vajec zkonzumovali rodi\u010de (2008\/06\/09\u20142008\/06\/23). 2009 Snesena 4 vejce (2009\/04\/24\u20142009\/05\/01). Vyl\u00edhla se 3 po\u0161tol\u010data\u2026","rel":"","context":"V \u201e\"Na\u0161e\" po\u0161tolky\u201c","block_context":{"text":"\"Na\u0161e\" po\u0161tolky","link":"https:\/\/tinnunculus.sy-sy.cz\/index.php\/category\/nasi\/nase-postolky\/"},"img":{"alt_text":"Vlajka Francie","src":"https:\/\/i0.wp.com\/statni.vlajky.org\/32\/francie.png?resize=350%2C200","width":350,"height":200},"classes":[]},{"id":829,"url":"https:\/\/tinnunculus.sy-sy.cz\/index.php\/deniky\/2010-2\/","url_meta":{"origin":24843,"position":1},"title":"2010","author":"Zuzana Syrov\u00e1 An\u00fd\u017eov\u00e1","date":"04\/08\/2017","format":false,"excerpt":"2009 p\u0159edchoz\u00ed rok \u2194 n\u00e1sleduj\u00edc\u00ed rok 2011 2010\/02\/28 - same\u010dek i sami\u010dka v lod\u017eii a na z\u00e1bradl\u00ed 2010\/03\/20 - po\u0161tolky se vracej\u00ed 2010\/03\/29 - souboj sami\u010dky s ciz\u00ed po\u0161tol\u00ed 2010\/04\/01 - sami\u010dka op\u011bt zah\u00e1n\u00ed ciz\u00ed po\u0161tolku (ta m\u00e1 z\u00e1jem p\u0159edev\u0161\u00edm o same\u010dkovy my\u0161e) 2010\/04\/05 - same\u010dek p\u0159esouv\u00e1 lo\u0148sk\u00e9 vejce do\u2026","rel":"","context":"V \u201eden\u00edk\u201c","block_context":{"text":"den\u00edk","link":"https:\/\/tinnunculus.sy-sy.cz\/index.php\/tag\/denik\/"},"img":{"alt_text":"","src":"https:\/\/i0.wp.com\/tinnunculus.sy-sy.cz\/wp-content\/uploads\/2024\/03\/DSC_7697-1024x681.jpg?resize=350%2C200&ssl=1","width":350,"height":200,"srcset":"https:\/\/i0.wp.com\/tinnunculus.sy-sy.cz\/wp-content\/uploads\/2024\/03\/DSC_7697-1024x681.jpg?resize=350%2C200&ssl=1 1x, https:\/\/i0.wp.com\/tinnunculus.sy-sy.cz\/wp-content\/uploads\/2024\/03\/DSC_7697-1024x681.jpg?resize=525%2C300&ssl=1 1.5x"},"classes":[]},{"id":843,"url":"https:\/\/tinnunculus.sy-sy.cz\/index.php\/deniky\/2013-2\/","url_meta":{"origin":24843,"position":2},"title":"2013","author":"Zuzana Syrov\u00e1 An\u00fd\u017eov\u00e1","date":"04\/08\/2017","format":false,"excerpt":"2012 p\u0159edchoz\u00ed rok \u2194 n\u00e1sleduj\u00edc\u00ed rok 2014 2013\/03\/06 - instalace a spu\u0161t\u011bn\u00ed kamer 2013\/03\/07 - sami\u010dka p\u0159esp\u00e1v\u00e1 v lod\u017eii; po\u0161tolka na bid\u00fdlku (12:00-13:00) 2013\/03\/10 - sami\u010dka zah\u00e1n\u00ed holuba u hn\u00edzda (07:58); objevuje se same\u010dek (10:04) 2013\/03\/14 - same\u010dek p\u0159il\u00e9t\u00e1 za sami\u010dkou na bid\u00fdlko 2013\/03\/30 - poprv\u00e9 na hn\u00edzd\u011b: sami\u010dka r\u00e1no\u2026","rel":"","context":"V \u201eden\u00edk\u201c","block_context":{"text":"den\u00edk","link":"https:\/\/tinnunculus.sy-sy.cz\/index.php\/tag\/denik\/"},"img":{"alt_text":"","src":"https:\/\/i0.wp.com\/tinnunculus.sy-sy.cz\/wp-content\/uploads\/2024\/03\/P1150504-scaled-e1772796214136-1024x577.jpg?resize=350%2C200&ssl=1","width":350,"height":200,"srcset":"https:\/\/i0.wp.com\/tinnunculus.sy-sy.cz\/wp-content\/uploads\/2024\/03\/P1150504-scaled-e1772796214136-1024x577.jpg?resize=350%2C200&ssl=1 1x, https:\/\/i0.wp.com\/tinnunculus.sy-sy.cz\/wp-content\/uploads\/2024\/03\/P1150504-scaled-e1772796214136-1024x577.jpg?resize=525%2C300&ssl=1 1.5x"},"classes":[]},{"id":13997,"url":"https:\/\/tinnunculus.sy-sy.cz\/index.php\/deniky\/2021-2\/","url_meta":{"origin":24843,"position":3},"title":"2021","author":"Zuzana Syrov\u00e1 An\u00fd\u017eov\u00e1","date":"30\/11\/2020","format":false,"excerpt":"2020\u00a0 p\u0159edchoz\u00ed rok \u2194 n\u00e1sleduj\u00edc\u00ed rok 2022\u00a0 2021\/01\/01 \u2013 po\u0161tol\u010d\u00ed sami\u010dka vypla\u0161en\u00e1 o p\u016flnoci silvestrovsk\u00fdmi petardami p\u0159il\u00e9t\u00e1 a\u017e odpoledne (14:35); same\u010dek se objevuje vz\u00e1p\u011bt\u00ed za n\u00ed (14:54) 2021\/01\/10 - po\u0161tol\u010d\u00ed sami\u010dka se po p\u0159\u00edletu na noc (16:40) uchyluje do police pod stropem u dve\u0159\u00ed, kde vydr\u017e\u00ed a\u017e do 19:02 2021\/01\/26\u2026","rel":"","context":"V \u201eden\u00edk\u201c","block_context":{"text":"den\u00edk","link":"https:\/\/tinnunculus.sy-sy.cz\/index.php\/tag\/denik\/"},"img":{"alt_text":"","src":"https:\/\/i0.wp.com\/tinnunculus.sy-sy.cz\/wp-content\/uploads\/2021\/03\/20210331-1322037018-1024x576.jpg?resize=350%2C200&ssl=1","width":350,"height":200,"srcset":"https:\/\/i0.wp.com\/tinnunculus.sy-sy.cz\/wp-content\/uploads\/2021\/03\/20210331-1322037018-1024x576.jpg?resize=350%2C200&ssl=1 1x, https:\/\/i0.wp.com\/tinnunculus.sy-sy.cz\/wp-content\/uploads\/2021\/03\/20210331-1322037018-1024x576.jpg?resize=525%2C300&ssl=1 1.5x"},"classes":[]},{"id":823,"url":"https:\/\/tinnunculus.sy-sy.cz\/index.php\/deniky\/2009-2\/","url_meta":{"origin":24843,"position":4},"title":"2009","author":"Zuzana Syrov\u00e1 An\u00fd\u017eov\u00e1","date":"04\/08\/2017","format":false,"excerpt":"2008 p\u0159edchoz\u00ed rok \u2194 n\u00e1sleduj\u00edc\u00ed rok 2010 2009\/03\/18 - po\u0161tolka na z\u00e1bradl\u00ed (8:00) 2009\/03\/27 - same\u010dek se sami\u010dkou na obhl\u00eddce hn\u00edzda 2009\/03\/28 - span\u00ed na bid\u00fdlku 2009\/03\/29 - p\u00e1\u0159en\u00ed na ant\u00e9n\u011b a na bid\u00fdlku 2009\/03\/30 - nad r\u00e1nem zmizelo holoub\u011b; ciz\u00ed same\u010dek 2009\/03\/31 - same\u010dek p\u0159inesl my\u0161e (13:58) 2009\/04\/02 -\u2026","rel":"","context":"V \u201eden\u00edk\u201c","block_context":{"text":"den\u00edk","link":"https:\/\/tinnunculus.sy-sy.cz\/index.php\/tag\/denik\/"},"img":{"alt_text":"","src":"https:\/\/i0.wp.com\/tinnunculus.sy-sy.cz\/wp-content\/uploads\/2024\/03\/DSC_2834-1024x681.jpg?resize=350%2C200&ssl=1","width":350,"height":200,"srcset":"https:\/\/i0.wp.com\/tinnunculus.sy-sy.cz\/wp-content\/uploads\/2024\/03\/DSC_2834-1024x681.jpg?resize=350%2C200&ssl=1 1x, https:\/\/i0.wp.com\/tinnunculus.sy-sy.cz\/wp-content\/uploads\/2024\/03\/DSC_2834-1024x681.jpg?resize=525%2C300&ssl=1 1.5x"},"classes":[]},{"id":786,"url":"https:\/\/tinnunculus.sy-sy.cz\/index.php\/v-primem-prenosu\/","url_meta":{"origin":24843,"position":5},"title":"V p\u0159\u00edm\u00e9m p\u0159enosu","author":"Zuzana Syrov\u00e1 An\u00fd\u017eov\u00e1","date":"04\/08\/2017","format":false,"excerpt":"0\u00a6\u00a01\u00a6\u00a02\u00a6\u00a03\u00a6\u00a04\u00a6\u00a05\u00a6\u00a06\u00a6\u00a07\u00a6\u00a08\u00a6\u00a09\u00a6\u00a012\u00a6\u00a013\u00a6\u00a014\u00a6\u00a015\u00a6\u00a016\u00a6\u00a017\u00a6\u00a018\u00a6\u00a019\u00a6\u00a020\u00a6 10\u00a6\u00a0\u00a011\u00a6 21\u00a6 \u00a0 Kameru ke sledov\u00e1n\u00ed zvol\u00edte kliknut\u00edm na \u010d\u00edslo kamery nebo ji m\u016f\u017eete vybrat ze seznamu kamer. V\u00edce na str\u00e1nce Na\u0161e kamery. K dispozici jsou skupiny kamer:\u00a0\u00a0z po\u0161tol\u010d\u00ed lod\u017eie (hn\u00edzdo,\u00a0bid\u00fdlka,\u00a0z\u00e1bradl\u00ed,\u00a0za oknem,\u00a0na podlaze, ror\u00fdsovn\u00edk), z okol\u00ed ror\u00fdsovn\u00edku a z po\u0161tol\u010d\u00edho okna. Testujeme rovn\u011b\u017e \u017eiv\u00e9 vys\u00edl\u00e1n\u00ed na na\u0161em po\u0161tol\u010d\u00edm YouTube\u2026","rel":"","context":"V \u201e\"Na\u0161e\" po\u0161tolky\u201c","block_context":{"text":"\"Na\u0161e\" po\u0161tolky","link":"https:\/\/tinnunculus.sy-sy.cz\/index.php\/category\/nasi\/nase-postolky\/"},"img":{"alt_text":"Camera 1","src":"https:\/\/sy-sy.cz\/cam\/webapi\/entry.cgi?api=SYNO.SurveillanceStation.Stream.VideoStreaming&version=1&method=Stream&format=mjpeg&cameraId=2&StmKey=%229853f85e3f00a090389e5f3da7058a2c%22","width":350,"height":200,"srcset":"https:\/\/sy-sy.cz\/cam\/webapi\/entry.cgi?api=SYNO.SurveillanceStation.Stream.VideoStreaming&version=1&method=Stream&format=mjpeg&cameraId=2&StmKey=%229853f85e3f00a090389e5f3da7058a2c%22 1x, https:\/\/sy-sy.cz\/cam\/webapi\/entry.cgi?api=SYNO.SurveillanceStation.Stream.VideoStreaming&version=1&method=Stream&format=mjpeg&cameraId=2&StmKey=%229853f85e3f00a090389e5f3da7058a2c%22 1.5x, https:\/\/sy-sy.cz\/cam\/webapi\/entry.cgi?api=SYNO.SurveillanceStation.Stream.VideoStreaming&version=1&method=Stream&format=mjpeg&cameraId=2&StmKey=%229853f85e3f00a090389e5f3da7058a2c%22 2x, https:\/\/sy-sy.cz\/cam\/webapi\/entry.cgi?api=SYNO.SurveillanceStation.Stream.VideoStreaming&version=1&method=Stream&format=mjpeg&cameraId=2&StmKey=%229853f85e3f00a090389e5f3da7058a2c%22 3x, https:\/\/sy-sy.cz\/cam\/webapi\/entry.cgi?api=SYNO.SurveillanceStation.Stream.VideoStreaming&version=1&method=Stream&format=mjpeg&cameraId=2&StmKey=%229853f85e3f00a090389e5f3da7058a2c%22 4x"},"classes":[]}],"jetpack_sharing_enabled":true,"_links":{"self":[{"href":"https:\/\/tinnunculus.sy-sy.cz\/index.php\/wp-json\/wp\/v2\/pages\/24843","targetHints":{"allow":["GET"]}}],"collection":[{"href":"https:\/\/tinnunculus.sy-sy.cz\/index.php\/wp-json\/wp\/v2\/pages"}],"about":[{"href":"https:\/\/tinnunculus.sy-sy.cz\/index.php\/wp-json\/wp\/v2\/types\/page"}],"author":[{"embeddable":true,"href":"https:\/\/tinnunculus.sy-sy.cz\/index.php\/wp-json\/wp\/v2\/users\/2"}],"replies":[{"embeddable":true,"href":"https:\/\/tinnunculus.sy-sy.cz\/index.php\/wp-json\/wp\/v2\/comments?post=24843"}],"version-history":[{"count":3,"href":"https:\/\/tinnunculus.sy-sy.cz\/index.php\/wp-json\/wp\/v2\/pages\/24843\/revisions"}],"predecessor-version":[{"id":46520,"href":"https:\/\/tinnunculus.sy-sy.cz\/index.php\/wp-json\/wp\/v2\/pages\/24843\/revisions\/46520"}],"up":[{"embeddable":true,"href":"https:\/\/tinnunculus.sy-sy.cz\/index.php\/wp-json\/wp\/v2\/pages\/19135"}],"wp:attachment":[{"href":"https:\/\/tinnunculus.sy-sy.cz\/index.php\/wp-json\/wp\/v2\/media?parent=24843"}],"wp:term":[{"taxonomy":"category","embeddable":true,"href":"https:\/\/tinnunculus.sy-sy.cz\/index.php\/wp-json\/wp\/v2\/categories?post=24843"},{"taxonomy":"post_tag","embeddable":true,"href":"https:\/\/tinnunculus.sy-sy.cz\/index.php\/wp-json\/wp\/v2\/tags?post=24843"}],"curies":[{"name":"wp","href":"https:\/\/api.w.org\/{rel}","templated":true}]}}