{"id":2264,"date":"2017-10-15T22:43:07","date_gmt":"2017-10-15T20:43:07","guid":{"rendered":"http:\/\/tinnunculus.sy-sy.cz\/?page_id=2264"},"modified":"2025-12-28T22:03:37","modified_gmt":"2025-12-28T21:03:37","slug":"o-mysich","status":"publish","type":"page","link":"https:\/\/tinnunculus.sy-sy.cz\/index.php\/odkazy\/o-mysich\/","title":{"rendered":"Hrabo\u0161 poln\u00ed \u00a6 my\u0161 dom\u00e1c\u00ed"},"content":{"rendered":"<h5 id=\"hrabo\u0161-poln\u00ed-microtus-arvali\">Hrabo\u0161 poln\u00ed (Microtus arvalis)<\/h5>\n<ul>\n<li><a href=\"https:\/\/cs.wikipedia.org\/wiki\/Hrabo%C5%A1_poln%C3%AD\" target=\"_blank\" rel=\"noopener noreferrer\">Hrabo\u0161 poln\u00ed (Microtus arvalis)<\/a> na Wikipedii<\/li>\n<li>P\u0159\u00edroda.cz: <a href=\"https:\/\/www.priroda.cz\/lexikon.php?detail=427\" target=\"_blank\" rel=\"noopener noreferrer\">Hrabo\u0161 poln\u00ed &#8211; Microtus arvalis<\/a><\/li>\n<li><a href=\"http:\/\/www.biblioteka.cz\/\" target=\"_blank\" rel=\"noopener\">\u010cesk\u00e1 p\u0159\u00edrodov\u011bdn\u00e1 bibliot\u00e9ka<\/a>: <del>Seznam citac\u00ed p\u0159i\u0159azen\u00fdch k&nbsp;druhu Hrabo\u0161 poln\u00ed<\/del><\/li>\n<li>ISOP (AOPK): <a href=\"http:\/\/portal.nature.cz\/publik_syst\/nd_nalez-public.php?idTaxon=34399\" target=\"_blank\" rel=\"noopener noreferrer\">Microtus arvalis (Pallas, 1778) &#8211; hrabo\u0161 poln\u00ed<\/a><\/li>\n<li>OSEL: <a href=\"http:\/\/www.osel.cz\/2116-nejrychleji-se-vyvijejici-savec.html\" target=\"_blank\" rel=\"noopener noreferrer\">Nejrychleji se vyv\u00edjej\u00edc\u00ed savec<\/a><\/li>\n<li>\u010cSO: <a href=\"https:\/\/www.birdlife.cz\/co-delame\/vyzkum-a-ochrana-ptaku\/ochrana-lokalit-a-prostredi\/zemedelstvi\/hrabos-polni-rozcestnik-nejen-pro-zemedelce-a-vlastniky-pudy\/\" target=\"_blank\" rel=\"noopener\">Hrabo\u0161 poln\u00ed \u2013 rozcestn\u00edk (nejen) pro zem\u011bd\u011blce a&nbsp;vlastn\u00edky p\u016fdy<\/a><\/li>\n<\/ul>\n<h5 id=\"my\u0161-dom\u00e1c\u00ed-mus-musculus\">My\u0161 dom\u00e1c\u00ed (Mus musculus)<\/h5>\n<ul>\n<li><a href=\"https:\/\/cs.wikipedia.org\/wiki\/My%C5%A1_dom%C3%A1c%C3%AD\" target=\"_blank\" rel=\"noopener noreferrer\">My\u0161 dom\u00e1c\u00ed (Mus musculus)\u00a0<\/a> na Wikipedii<\/li>\n<li>P\u0159\u00edroda.cz: <a href=\"https:\/\/www.priroda.cz\/lexikon.php?detail=831\">My\u0161 dom\u00e1c\u00ed &#8211; Mus musculus<\/a><\/li>\n<li><a style=\"font-size: 1rem;\" href=\"http:\/\/www.biblioteka.cz\/\" target=\"_blank\" rel=\"noopener\">\u010cesk\u00e1 p\u0159\u00edrodov\u011bdn\u00e1 bibliot\u00e9ka: <\/a><del style=\"font-size: 1rem;\">Seznam citac\u00ed p\u0159i\u0159azen\u00fdch k&nbsp;druhu Hrabo\u0161<\/del><\/li>\n<li>ISOP (AOPK): <a href=\"http:\/\/portal.nature.cz\/publik_syst\/nd_nalez-public.php?idTaxon=34405\" target=\"_blank\" rel=\"noopener noreferrer\"><span class=\"c1\">Mus musculus Linnaeus, 1758 \u00a0&#8211;\u00a0my\u0161 dom\u00e1c\u00ed <\/span><\/a><\/li>\n<\/ul>\n<p>&nbsp;<\/p>\n<ul>\n<li>\n<p class=\"h1\"><a href=\"https:\/\/izahradkar.cz\/mysi-mysice-hrabosi-hryzci-nornici-rozpoznat\/?tema\" target=\"_blank\" rel=\"noopener noreferrer\">My\u0161i, my\u0161ice, hrabo\u0161i, hryzci, norn\u00edci; jak je rozpoznat<\/a><\/p>\n<\/li>\n<\/ul>\n<h5 id=\"\u00a0chov:\"><span class=\"c1\">\u00a0Chov:<\/span><\/h5>\n<ul>\n<li>Zv\u00ed\u0159e doma: <a href=\"http:\/\/zviredoma.cz\/mysi\" target=\"_blank\" rel=\"noopener noreferrer\">My\u0161i<\/a><\/li>\n<li>\u010cesk\u00fd klub chovatel\u016f my\u0161\u00ed<\/li>\n<li><a href=\"http:\/\/mysky.sochp.cz\/\" target=\"_self\" rel=\"home noopener\">Chovatel\u00e9 my\u0161ek &#8211; sdru\u017een\u00ed pod Specializovanou organizac\u00ed chovatel\u016f potkan\u016f, \u010cSCH z. s.<\/a><\/li>\n<li><a href=\"https:\/\/mafiamouse.wixsite.com\/chsmafiamouse\" target=\"_blank\" rel=\"noopener\">MafiaSpade &#8211; mousery<\/a><\/li>\n<li>Malinkat\u00e9 \u0161t\u011bst\u00ed<\/li>\n<li><a href=\"http:\/\/www.mouseworld.g6.cz\/index\/index1.html\" target=\"_blank\" rel=\"noopener noreferrer\">Mettler<\/a><\/li>\n<li><a href=\"https:\/\/mysi-kozisek8.webnode.cz\/\" target=\"_blank\" rel=\"noopener\">My\u0161\u00ed ko\u017e\u00ed\u0161ek<\/a><\/li>\n<\/ul>\n<p>&nbsp;<\/p>\n<p>Aktualizov\u00e1no: <span class=\"last-modified-timestamp\">28\/12\/2025 22:03<\/span><\/p>\n","protected":false},"excerpt":{"rendered":"<p>Hrabo\u0161 poln\u00ed (Microtus arvalis) Hrabo\u0161 poln\u00ed (Microtus arvalis) na Wikipedii P\u0159\u00edroda.cz: Hrabo\u0161 poln\u00ed &#8211; Microtus arvalis \u010cesk\u00e1 p\u0159\u00edrodov\u011bdn\u00e1 bibliot\u00e9ka: Seznam citac\u00ed p\u0159i\u0159azen\u00fdch k&nbsp;druhu Hrabo\u0161 poln\u00ed ISOP (AOPK): Microtus arvalis (Pallas, 1778) &#8211; hrabo\u0161 poln\u00ed OSEL: Nejrychleji se vyv\u00edjej\u00edc\u00ed savec \u010cSO: Hrabo\u0161 poln\u00ed \u2013 rozcestn\u00edk (nejen) pro zem\u011bd\u011blce a&nbsp;vlastn\u00edky p\u016fdy My\u0161 dom\u00e1c\u00ed (Mus musculus) My\u0161 dom\u00e1c\u00ed &hellip; <\/p>\n<p class=\"link-more\"><a href=\"https:\/\/tinnunculus.sy-sy.cz\/index.php\/odkazy\/o-mysich\/\" class=\"more-link\">Pokra\u010dovat ve \u010dten\u00ed<span class=\"screen-reader-text\"> &#8222;Hrabo\u0161 poln\u00ed \u00a6 my\u0161 dom\u00e1c\u00ed&#8220;<\/span><\/a><\/p>\n","protected":false},"author":2,"featured_media":0,"parent":1928,"menu_order":3,"comment_status":"closed","ping_status":"closed","template":"","meta":{"jetpack_post_was_ever_published":false,"footnotes":""},"categories":[],"tags":[],"class_list":["post-2264","page","type-page","status-publish","hentry"],"jetpack_shortlink":"https:\/\/wp.me\/P91gKE-Aw","jetpack-related-posts":[{"id":1928,"url":"https:\/\/tinnunculus.sy-sy.cz\/index.php\/odkazy\/","url_meta":{"origin":2264,"position":0},"title":"Odkazy","author":"Zuzana Syrov\u00e1 An\u00fd\u017eov\u00e1","date":"14\/08\/2017","format":false,"excerpt":"Hrabo\u0161 poln\u00ed (Microtus arvalis) My\u0161 dom\u00e1c\u00ed (Mus musculus) Po\u0161tolka obecn\u00e1 (Falco tinnunculus) Ror\u00fds obecn\u00fd (Apus apus) Faunistick\u00e1 datab\u00e1ze \u010cSO: Po\u0161tolka obecn\u00e1 (Falco tinnunclus) in Avif Ror\u00fds obecn\u00fd (Apus apus) in Avif P\u0159\u00edm\u00e9 p\u0159enosy: Po\u0161tolka obecn\u00e1 (Falco tinnunculus) online Ror\u00fds obecn\u00fd (Apus apus) online Dal\u0161\u00ed druhy pt\u00e1k\u016f online: View Nesting Birds\u2026","rel":"","context":"Podobn\u00fd p\u0159\u00edsp\u011bvek","block_context":{"text":"Podobn\u00fd p\u0159\u00edsp\u011bvek","link":""},"img":{"alt_text":"","src":"","width":0,"height":0},"classes":[]},{"id":6731,"url":"https:\/\/tinnunculus.sy-sy.cz\/index.php\/postolka-obecna-obecne\/","url_meta":{"origin":2264,"position":1},"title":"Po\u0161tolka obecn\u00e1 | obecn\u011b","author":"Zuzana Syrov\u00e1 An\u00fd\u017eov\u00e1","date":"10\/11\/2018","format":false,"excerpt":"V\u011bdeck\u00fd n\u00e1zev | Falco tinnunculus Linnaeus, 1758 \u00a0-\u00a0po\u0161tolka obecn\u00e1 Taxonomick\u00e9 za\u0159azen\u00ed | \u0159\u00ed\u0161e Animalia \/ kmen Chordata \/ t\u0159\u00edda Aves \/ \u0159\u00e1d Falconiformes \/ \u010dele\u010f Falconidae anglicky: Common Kestrel | b\u011blorusky: \u0417\u0432\u044b\u0447\u0430\u0439\u043d\u0430\u044f \u043f\u0443\u0441\u0442\u0430\u043b\u044c\u0433\u0430 | bulharsky: \u041a\u0435\u0440\u043a\u0435\u043d\u0435\u0437\u00a0| \u010desky: Po\u0161tolka obecn\u00e1\u00a0| \u010d\u00ednsky: \u7ea2\u96bc | d\u00e1nsky: T\u00e5rnfalk | finsky: Tuulihaukka | francouzsky: Faucon\u2026","rel":"","context":"V \u201eDravec\u201c","block_context":{"text":"Dravec","link":"https:\/\/tinnunculus.sy-sy.cz\/index.php\/category\/ostatni-zvirena\/ptaci\/dravec\/"},"img":{"alt_text":"","src":"https:\/\/i0.wp.com\/tinnunculus.sy-sy.cz\/wp-content\/uploads\/2018\/11\/kestrel-male-female_U1-300x208.jpg?resize=350%2C200&ssl=1","width":350,"height":200},"classes":[]},{"id":17502,"url":"https:\/\/tinnunculus.sy-sy.cz\/index.php\/deniky\/2023-2\/","url_meta":{"origin":2264,"position":2},"title":"2023","author":"Zuzana Syrov\u00e1 An\u00fd\u017eov\u00e1","date":"30\/12\/2021","format":false,"excerpt":"2022 p\u0159edchoz\u00ed rok \u2194 n\u00e1sleduj\u00edc\u00ed rok\u00a02024 2023\/01\/01 - silvestrovskou noc p\u0159e\u010dkal \"n\u00e1\u0161\" po\u0161tol\u010d\u00ed p\u00e1r ve zdrav\u00ed na bid\u00fdlku; sami\u010dka po r\u00e1nu zah\u00e1n\u00ed drz\u00e9 holuby 2023\/01\/03 - same\u010dek se dvo\u0159\u00ed sami\u010dce na hn\u00edzd\u011b 2023\/02\/07 - obletuje ciz\u00ed same\u010dek, kter\u00e9ho pron\u00e1sleduje vr\u00e1na (8:32); dom\u00e1c\u00ed zah\u00e1n\u011bj\u00ed vet\u0159elce; prvn\u00ed p\u00e1\u0159en\u00ed na z\u00e1bradl\u00ed (8:34) 2023\/02\/08\u2026","rel":"","context":"V \u201e\"Na\u0161e\" po\u0161tolky\u201c","block_context":{"text":"\"Na\u0161e\" po\u0161tolky","link":"https:\/\/tinnunculus.sy-sy.cz\/index.php\/category\/nasi\/nase-postolky\/"},"img":{"alt_text":"","src":"https:\/\/i0.wp.com\/tinnunculus.sy-sy.cz\/wp-content\/uploads\/2023\/03\/20230309_09-05-15-e1678350442869-1024x576.jpg?resize=350%2C200&ssl=1","width":350,"height":200,"srcset":"https:\/\/i0.wp.com\/tinnunculus.sy-sy.cz\/wp-content\/uploads\/2023\/03\/20230309_09-05-15-e1678350442869-1024x576.jpg?resize=350%2C200&ssl=1 1x, https:\/\/i0.wp.com\/tinnunculus.sy-sy.cz\/wp-content\/uploads\/2023\/03\/20230309_09-05-15-e1678350442869-1024x576.jpg?resize=525%2C300&ssl=1 1.5x"},"classes":[]},{"id":13997,"url":"https:\/\/tinnunculus.sy-sy.cz\/index.php\/deniky\/2021-2\/","url_meta":{"origin":2264,"position":3},"title":"2021","author":"Zuzana Syrov\u00e1 An\u00fd\u017eov\u00e1","date":"30\/11\/2020","format":false,"excerpt":"2020\u00a0 p\u0159edchoz\u00ed rok \u2194 n\u00e1sleduj\u00edc\u00ed rok 2022\u00a0 2021\/01\/01 \u2013 po\u0161tol\u010d\u00ed sami\u010dka vypla\u0161en\u00e1 o p\u016flnoci silvestrovsk\u00fdmi petardami p\u0159il\u00e9t\u00e1 a\u017e odpoledne (14:35); same\u010dek se objevuje vz\u00e1p\u011bt\u00ed za n\u00ed (14:54) 2021\/01\/10 - po\u0161tol\u010d\u00ed sami\u010dka se po p\u0159\u00edletu na noc (16:40) uchyluje do police pod stropem u dve\u0159\u00ed, kde vydr\u017e\u00ed a\u017e do 19:02 2021\/01\/26\u2026","rel":"","context":"V \u201eden\u00edk\u201c","block_context":{"text":"den\u00edk","link":"https:\/\/tinnunculus.sy-sy.cz\/index.php\/tag\/denik\/"},"img":{"alt_text":"","src":"https:\/\/i0.wp.com\/tinnunculus.sy-sy.cz\/wp-content\/uploads\/2021\/03\/20210331-1322037018-1024x576.jpg?resize=350%2C200&ssl=1","width":350,"height":200,"srcset":"https:\/\/i0.wp.com\/tinnunculus.sy-sy.cz\/wp-content\/uploads\/2021\/03\/20210331-1322037018-1024x576.jpg?resize=350%2C200&ssl=1 1x, https:\/\/i0.wp.com\/tinnunculus.sy-sy.cz\/wp-content\/uploads\/2021\/03\/20210331-1322037018-1024x576.jpg?resize=525%2C300&ssl=1 1.5x"},"classes":[]},{"id":10186,"url":"https:\/\/tinnunculus.sy-sy.cz\/index.php\/deniky\/2020-2\/","url_meta":{"origin":2264,"position":4},"title":"2020","author":"Zuzana Syrov\u00e1 An\u00fd\u017eov\u00e1","date":"29\/12\/2019","format":false,"excerpt":"2019\u00a0 p\u0159edchoz\u00ed rok \u2194 n\u00e1sleduj\u00edc\u00ed rok 2021 2020\/01\/01 - po\u0161tol\u010d\u00ed sami\u010dka vypla\u0161en\u00e1 p\u0159edchoz\u00ed ve\u010der silvestrovsk\u00fdmi petardami p\u0159il\u00e9t\u00e1 spolu se same\u010dkem na rann\u00ed inspekci (7:41\u20137:45); objevuj\u00ed se pak n\u011bkolikr\u00e1t za den a ve\u010der sami\u010dka op\u011bt p\u0159il\u00e9t\u00e1 na noc 2020\/01\/02 - po\u0161tol\u010d\u00ed sami\u010dka si p\u0159in\u00e1\u0161\u00ed do lod\u017eie hrabo\u0161e (9:12) 2020\/01\/06 - same\u010dek\u2026","rel":"","context":"V \u201eden\u00edk\u201c","block_context":{"text":"den\u00edk","link":"https:\/\/tinnunculus.sy-sy.cz\/index.php\/tag\/denik\/"},"img":{"alt_text":"","src":"https:\/\/i0.wp.com\/tinnunculus.sy-sy.cz\/wp-content\/uploads\/2020\/01\/20200101_08-20-38uprav-1024x677.jpg?resize=350%2C200&ssl=1","width":350,"height":200,"srcset":"https:\/\/i0.wp.com\/tinnunculus.sy-sy.cz\/wp-content\/uploads\/2020\/01\/20200101_08-20-38uprav-1024x677.jpg?resize=350%2C200&ssl=1 1x, https:\/\/i0.wp.com\/tinnunculus.sy-sy.cz\/wp-content\/uploads\/2020\/01\/20200101_08-20-38uprav-1024x677.jpg?resize=525%2C300&ssl=1 1.5x"},"classes":[]}],"jetpack_sharing_enabled":true,"_links":{"self":[{"href":"https:\/\/tinnunculus.sy-sy.cz\/index.php\/wp-json\/wp\/v2\/pages\/2264","targetHints":{"allow":["GET"]}}],"collection":[{"href":"https:\/\/tinnunculus.sy-sy.cz\/index.php\/wp-json\/wp\/v2\/pages"}],"about":[{"href":"https:\/\/tinnunculus.sy-sy.cz\/index.php\/wp-json\/wp\/v2\/types\/page"}],"author":[{"embeddable":true,"href":"https:\/\/tinnunculus.sy-sy.cz\/index.php\/wp-json\/wp\/v2\/users\/2"}],"replies":[{"embeddable":true,"href":"https:\/\/tinnunculus.sy-sy.cz\/index.php\/wp-json\/wp\/v2\/comments?post=2264"}],"version-history":[{"count":3,"href":"https:\/\/tinnunculus.sy-sy.cz\/index.php\/wp-json\/wp\/v2\/pages\/2264\/revisions"}],"predecessor-version":[{"id":45530,"href":"https:\/\/tinnunculus.sy-sy.cz\/index.php\/wp-json\/wp\/v2\/pages\/2264\/revisions\/45530"}],"up":[{"embeddable":true,"href":"https:\/\/tinnunculus.sy-sy.cz\/index.php\/wp-json\/wp\/v2\/pages\/1928"}],"wp:attachment":[{"href":"https:\/\/tinnunculus.sy-sy.cz\/index.php\/wp-json\/wp\/v2\/media?parent=2264"}],"wp:term":[{"taxonomy":"category","embeddable":true,"href":"https:\/\/tinnunculus.sy-sy.cz\/index.php\/wp-json\/wp\/v2\/categories?post=2264"},{"taxonomy":"post_tag","embeddable":true,"href":"https:\/\/tinnunculus.sy-sy.cz\/index.php\/wp-json\/wp\/v2\/tags?post=2264"}],"curies":[{"name":"wp","href":"https:\/\/api.w.org\/{rel}","templated":true}]}}