{"id":22325,"date":"2023-05-05T23:54:50","date_gmt":"2023-05-05T21:54:50","guid":{"rendered":"https:\/\/tinnunculus.sy-sy.cz\/?page_id=22325"},"modified":"2025-12-15T08:45:29","modified_gmt":"2025-12-15T07:45:29","slug":"webkamery-z-nasi-lodzie-za-oknem-2","status":"publish","type":"page","link":"https:\/\/tinnunculus.sy-sy.cz\/index.php\/v-primem-prenosu\/nase-kamery\/webkamery-z-nasi-lodzie-za-oknem-2\/","title":{"rendered":"(Web)kamery z&nbsp;na\u0161\u00ed lod\u017eie: dole na podlaze"},"content":{"rendered":"<hr \/>\n<div class=\"pt-cv-wrapper\"><div class=\"pt-cv-view pt-cv-scrollable pt-cv-colsys\" id=\"pt-cv-view-e5fe6899wf\"><div data-id=\"pt-cv-page-1\" class=\"pt-cv-page\" data-cvc=\"1\"><div id=\"e30f34bzue\" class=\"pt-cv-carousel pt-cv-slide\" data-ride=\"cvcarousel\" data-interval=false><ol class=\"pt-cv-carousel-indicators\"><li data-target=\"#e30f34bzue\" data-cvslide-to=\"0\" class=\"active\"><\/li>\n<li data-target=\"#e30f34bzue\" data-cvslide-to=\"1\" class=\"\"><\/li>\n<li data-target=\"#e30f34bzue\" data-cvslide-to=\"2\" class=\"\"><\/li>\n<li data-target=\"#e30f34bzue\" data-cvslide-to=\"3\" class=\"\"><\/li><\/ol>\n<div class=\"carousel-inner\"><div class=\"item active\"><div class=\"row\"><div class=\"col-md-12 pt-cv-content-item pt-cv-1-col\" ><div class=\"pt-cv-carousel-caption pt-cv-cap-wo-img\"><a href=\"https:\/\/tinnunculus.sy-sy.cz\/index.php\/v-primem-prenosu\/nase-kamery\/seznam-kamer\/kamera-8\/8-postolci-lodzie\/\" class=\"_self pt-cv-href-thumbnail pt-cv-thumb-default\" target=\"_self\" ><\/a>\n<h4 class=\"pt-cv-title\"><a href=\"https:\/\/tinnunculus.sy-sy.cz\/index.php\/v-primem-prenosu\/nase-kamery\/seznam-kamer\/kamera-8\/8-postolci-lodzie\/\" class=\"_self\" target=\"_self\" >8  \u00a6 Po\u0161tol\u010d\u00ed lod\u017eie: star\u00e9 hn\u00edzdo<\/a><\/h4>\n<div class=\"pt-cv-content\"><h5 id=\"anchor-65e44adb39db2\"><a href=\"https:\/\/sy-sy.cz\/cam\/webapi\/entry.cgi?api=SYNO.SurveillanceStation.Stream.VideoStreaming&amp;version=1&amp;method=Stream&amp;format=mjpeg&amp;cameraId=19&amp;StmKey=%2205af68c3d89ab413f24d56758e6d64c3%22\" target=\"_blank\" rel=\"noopener\"><img loading=\"lazy\" decoding=\"async\" class=\"alignnone\" src=\"https:\/\/sy-sy.cz\/cam\/webapi\/entry.cgi?api=SYNO.SurveillanceStation.Stream.VideoStreaming&amp;version=1&amp;method=Stream&amp;format=mjpeg&amp;cameraId=19&amp;StmKey=%2205af68c3d89ab413f24d56758e6d64c3%22\" alt=\"Camera 8\" width=\"640\" height=\"512\" \/><\/a><\/h5>\n<h5><a href=\"https:\/\/tinnunculus.sy-sy.cz\/index.php\/nase-kamery\/kamera-0\/\">0<\/a>\u00a6 <a href=\"https:\/\/tinnunculus.sy-sy.cz\/index.php\/nase-kamery\/kamera-1\/\">1<\/a>\u00a6 <a href=\"https:\/\/tinnunculus.sy-sy.cz\/index.php\/nase-kamery\/kamera-2\/\">2<\/a>\u00a6 <a href=\"https:\/\/tinnunculus.sy-sy.cz\/index.php\/nase-kamery\/kamera-3\/\">3<\/a>\u00a6 <a href=\"https:\/\/tinnunculus.sy-sy.cz\/index.php\/nase-kamery\/kamera-4\/\">4<\/a>\u00a6 <a href=\"https:\/\/tinnunculus.sy-sy.cz\/index.php\/nase-kamery\/kamera-5\/\">5<\/a>\u00a6 <a href=\"https:\/\/tinnunculus.sy-sy.cz\/index.php\/nase-kamery\/kamera-6\/\">6<\/a>\u00a6 <a href=\"https:\/\/tinnunculus.sy-sy.cz\/index.php\/nase-kamery\/kamera-7\/\">7<\/a>\u00a6 <a href=\"https:\/\/tinnunculus.sy-sy.cz\/index.php\/nase-kamery\/kamera-9\/\">9<\/a>\u00a6 <a href=\"https:\/\/tinnunculus.sy-sy.cz\/index.php\/nase-kamery\/kamera-10\/\">10<\/a>\u00a6 <a href=\"https:\/\/tinnunculus.sy-sy.cz\/index.php\/nase-kamery\/kamera-11\/\">11<\/a>\u00a6 <a href=\"https:\/\/tinnunculus.sy-sy.cz\/index.php\/nase-kamery\/kamera-12\/\">12<\/a>\u00a6 <a href=\"https:\/\/tinnunculus.sy-sy.cz\/index.php\/kamera-13\/\">13<\/a>\u00a6 <a href=\"https:\/\/tinnunculus.sy-sy.cz\/index.php\/kamera-14\/\">14<\/a>\u00a6 <a href=\"https:\/\/tinnunculus.sy-sy.cz\/index.php\/nase-kamery\/kamera-15\/\">15<\/a>\u00a6 <a href=\"https:\/\/tinnunculus.sy-sy.cz\/index.php\/nase-kamery\/kamera-16\/\">16<\/a>\u00a6 <a href=\"https:\/\/tinnunculus.sy-sy.cz\/index.php\/nase-kamery\/kamera-17\/\">17<\/a>\u00a6\u00a0<a href=\"https:\/\/tinnunculus.sy-sy.cz\/index.php\/kamera-18\/\">18<\/a>\u00a6 <span style=\"color: #999999;\"><a href=\"https:\/\/tinnunculus.sy-sy.cz\/index.php\/nase-kamery\/kamera-19\/\">19<\/a>\u00a6 <a href=\"https:\/\/tinnunculus.sy-sy.cz\/index.php\/nase-kamery\/kamera-20\/\">20<\/a>\u00a6<\/span><\/h5>\n<p>&nbsp;<\/p>\n<\/div><\/div><\/div><\/div><\/div>\n<div class=\"item\"><div class=\"row\"><div class=\"col-md-12 pt-cv-content-item pt-cv-1-col\" ><div class=\"pt-cv-carousel-caption pt-cv-cap-wo-img\"><a href=\"https:\/\/tinnunculus.sy-sy.cz\/index.php\/v-primem-prenosu\/nase-kamery\/seznam-kamer\/kamera-7\/7-postolci-lodzie\/\" class=\"_self pt-cv-href-thumbnail pt-cv-thumb-default\" target=\"_self\" ><\/a>\n<h4 class=\"pt-cv-title\"><a href=\"https:\/\/tinnunculus.sy-sy.cz\/index.php\/v-primem-prenosu\/nase-kamery\/seznam-kamer\/kamera-7\/7-postolci-lodzie\/\" class=\"_self\" target=\"_self\" >7 \u00a6 Po\u0161tol\u010d\u00ed lod\u017eie<\/a><\/h4>\n<div class=\"pt-cv-content\"><h5 id=\"anchor-65e342f98e407\"><a href=\"https:\/\/sy-sy.cz\/cam\/webapi\/entry.cgi?api=SYNO.SurveillanceStation.Stream.VideoStreaming&amp;version=1&amp;method=Stream&amp;format=mjpeg&amp;cameraId=14&amp;StmKey=%22449ead37e2ad431696e1beec981c203e%22\" target=\"_blank\" rel=\"noopener\"><img loading=\"lazy\" decoding=\"async\" class=\"alignnone\" title=\"Live\" src=\"https:\/\/sy-sy.cz\/cam\/webapi\/entry.cgi?api=SYNO.SurveillanceStation.Stream.VideoStreaming&amp;version=1&amp;method=Stream&amp;format=mjpeg&amp;cameraId=14&amp;StmKey=%22449ead37e2ad431696e1beec981c203e%22\" alt=\"Camera 7\" width=\"1280\" height=\"800\" \/><\/a><\/h5>\n<h5><a href=\"https:\/\/tinnunculus.sy-sy.cz\/index.php\/nase-kamery\/kamera-0\/\">0<\/a>\u00a6 <a href=\"https:\/\/tinnunculus.sy-sy.cz\/index.php\/nase-kamery\/kamera-1\/\">1<\/a>\u00a6 <a href=\"https:\/\/tinnunculus.sy-sy.cz\/index.php\/nase-kamery\/kamera-2\/\">2<\/a>\u00a6 <a href=\"https:\/\/tinnunculus.sy-sy.cz\/index.php\/nase-kamery\/kamera-3\/\">3<\/a>\u00a6 <a href=\"https:\/\/tinnunculus.sy-sy.cz\/index.php\/nase-kamery\/kamera-4\/\">4<\/a>\u00a6 <a href=\"https:\/\/tinnunculus.sy-sy.cz\/index.php\/nase-kamery\/kamera-5\/\">5<\/a>\u00a6 <a href=\"https:\/\/tinnunculus.sy-sy.cz\/index.php\/nase-kamery\/kamera-6\/\">6<\/a>\u00a6 <a href=\"https:\/\/tinnunculus.sy-sy.cz\/index.php\/nase-kamery\/kamera-8\/\">8<\/a>\u00a6 <a href=\"https:\/\/tinnunculus.sy-sy.cz\/index.php\/nase-kamery\/kamera-9\/\">9<\/a>\u00a6 <a href=\"https:\/\/tinnunculus.sy-sy.cz\/index.php\/nase-kamery\/kamera-10\/\">10<\/a>\u00a6 <a href=\"https:\/\/tinnunculus.sy-sy.cz\/index.php\/nase-kamery\/kamera-11\/\">11<\/a>\u00a6 <a href=\"https:\/\/tinnunculus.sy-sy.cz\/index.php\/nase-kamery\/kamera-12\/\">12<\/a>\u00a6 <a href=\"https:\/\/tinnunculus.sy-sy.cz\/index.php\/kamera-13\/\">13<\/a>\u00a6 <a href=\"https:\/\/tinnunculus.sy-sy.cz\/index.php\/kamera-14\/\">14<\/a>\u00a6 <a href=\"https:\/\/tinnunculus.sy-sy.cz\/index.php\/nase-kamery\/kamera-15\/\">15<\/a>\u00a6 <a href=\"https:\/\/tinnunculus.sy-sy.cz\/index.php\/nase-kamery\/kamera-16\/\">16<\/a>\u00a6 <a href=\"https:\/\/tinnunculus.sy-sy.cz\/index.php\/nase-kamery\/kamera-17\/\">17<\/a>\u00a6\u00a0<a href=\"https:\/\/tinnunculus.sy-sy.cz\/index.php\/kamera-18\/\">18<\/a>\u00a6 <span style=\"color: #999999;\"><a href=\"https:\/\/tinnunculus.sy-sy.cz\/index.php\/nase-kamery\/kamera-19\/\">19<\/a>\u00a6 <a href=\"https:\/\/tinnunculus.sy-sy.cz\/index.php\/nase-kamery\/kamera-20\/\">20<\/a>\u00a6<\/span><\/h5>\n<p>&nbsp;<\/p>\n<\/div><\/div><\/div><\/div><\/div>\n<div class=\"item\"><div class=\"row\"><div class=\"col-md-12 pt-cv-content-item pt-cv-1-col\" ><div class=\"pt-cv-carousel-caption pt-cv-cap-wo-img\"><a href=\"https:\/\/tinnunculus.sy-sy.cz\/index.php\/v-primem-prenosu\/nase-kamery\/seznam-kamer\/kamera-6\/6-postolci-lodzie\/\" class=\"_self pt-cv-href-thumbnail pt-cv-thumb-default\" target=\"_self\" ><\/a>\n<h4 class=\"pt-cv-title\"><a href=\"https:\/\/tinnunculus.sy-sy.cz\/index.php\/v-primem-prenosu\/nase-kamery\/seznam-kamer\/kamera-6\/6-postolci-lodzie\/\" class=\"_self\" target=\"_self\" >6 \u00a6 Po\u0161tol\u010d\u00ed lod\u017eie<\/a><\/h4>\n<div class=\"pt-cv-content\"><h5 id=\"anchor-65e448cd2fcc5\"><a href=\"https:\/\/sy-sy.cz\/cam\/webapi\/entry.cgi?api=SYNO.SurveillanceStation.Stream.VideoStreaming&amp;version=1&amp;method=Stream&amp;format=mjpeg&amp;cameraId=18&amp;StmKey=%22752a839c0eeb8fd2ca73a95c3f5f76c2%22\" target=\"_blank\" rel=\"noopener\"><img loading=\"lazy\" decoding=\"async\" class=\"alignnone\" src=\"https:\/\/sy-sy.cz\/cam\/webapi\/entry.cgi?api=SYNO.SurveillanceStation.Stream.VideoStreaming&amp;version=1&amp;method=Stream&amp;format=mjpeg&amp;cameraId=18&amp;StmKey=%22752a839c0eeb8fd2ca73a95c3f5f76c2%22\" alt=\"Camera 6\" width=\"640\" height=\"512\" \/><\/a><\/h5>\n<h5><a href=\"https:\/\/tinnunculus.sy-sy.cz\/index.php\/nase-kamery\/kamera-0\/\">0<\/a>\u00a6 <a href=\"https:\/\/tinnunculus.sy-sy.cz\/index.php\/nase-kamery\/kamera-1\/\">1<\/a>\u00a6 <a href=\"https:\/\/tinnunculus.sy-sy.cz\/index.php\/nase-kamery\/kamera-2\/\">2<\/a>\u00a6 <a href=\"https:\/\/tinnunculus.sy-sy.cz\/index.php\/nase-kamery\/kamera-3\/\">3<\/a>\u00a6 <a href=\"https:\/\/tinnunculus.sy-sy.cz\/index.php\/nase-kamery\/kamera-4\/\">4<\/a>\u00a6 <a href=\"https:\/\/tinnunculus.sy-sy.cz\/index.php\/nase-kamery\/kamera-5\/\">5<\/a>\u00a6 <a href=\"https:\/\/tinnunculus.sy-sy.cz\/index.php\/nase-kamery\/kamera-7\/\">7<\/a>\u00a6 <a href=\"https:\/\/tinnunculus.sy-sy.cz\/index.php\/nase-kamery\/kamera-8\/\">8<\/a>\u00a6 <a href=\"https:\/\/tinnunculus.sy-sy.cz\/index.php\/nase-kamery\/kamera-9\/\">9<\/a>\u00a6 <a href=\"https:\/\/tinnunculus.sy-sy.cz\/index.php\/nase-kamery\/kamera-10\/\">10<\/a>\u00a6 <a href=\"https:\/\/tinnunculus.sy-sy.cz\/index.php\/nase-kamery\/kamera-11\/\">11<\/a>\u00a6 <a href=\"https:\/\/tinnunculus.sy-sy.cz\/index.php\/nase-kamery\/kamera-12\/\">12<\/a>\u00a6 <a href=\"https:\/\/tinnunculus.sy-sy.cz\/index.php\/kamera-13\/\">13<\/a>\u00a6 <a href=\"https:\/\/tinnunculus.sy-sy.cz\/index.php\/kamera-14\/\">14<\/a>\u00a6 <a href=\"https:\/\/tinnunculus.sy-sy.cz\/index.php\/nase-kamery\/kamera-15\/\">15<\/a>\u00a6 <a href=\"https:\/\/tinnunculus.sy-sy.cz\/index.php\/nase-kamery\/kamera-16\/\">16<\/a>\u00a6 <a href=\"https:\/\/tinnunculus.sy-sy.cz\/index.php\/nase-kamery\/kamera-17\/\">17<\/a>\u00a6\u00a0<a href=\"https:\/\/tinnunculus.sy-sy.cz\/index.php\/kamera-18\/\">18<\/a>\u00a6 <span style=\"color: #999999;\"><a href=\"https:\/\/tinnunculus.sy-sy.cz\/index.php\/nase-kamery\/kamera-19\/\">19<\/a>\u00a6 <a href=\"https:\/\/tinnunculus.sy-sy.cz\/index.php\/nase-kamery\/kamera-20\/\">20<\/a>\u00a6<\/span><\/h5>\n<h5 id=\"kamera\u00a00\u00a0\u00a6\u00a01\u00a0\u00a6\u00a02\u00a0\u00a6\u00a03\"><\/h5>\n<\/div><\/div><\/div><\/div><\/div>\n<div class=\"item\"><div class=\"row\"><div class=\"col-md-12 pt-cv-content-item pt-cv-1-col\" ><div class=\"pt-cv-carousel-caption pt-cv-cap-wo-img\"><a href=\"https:\/\/tinnunculus.sy-sy.cz\/index.php\/v-primem-prenosu\/nase-kamery\/seznam-kamer\/kamera-13\/13-postolci-lodzie\/\" class=\"_self pt-cv-href-thumbnail pt-cv-thumb-default\" target=\"_self\" ><\/a>\n<h4 class=\"pt-cv-title\"><a href=\"https:\/\/tinnunculus.sy-sy.cz\/index.php\/v-primem-prenosu\/nase-kamery\/seznam-kamer\/kamera-13\/13-postolci-lodzie\/\" class=\"_self\" target=\"_self\" >13 \u00a6 Po\u0161tol\u010d\u00ed lod\u017eie<\/a><\/h4>\n<div class=\"pt-cv-content\"><h5 id=\"anchor-65e355c48e211\"><a href=\"https:\/\/sy-sy.cz\/cam\/webapi\/entry.cgi?api=SYNO.SurveillanceStation.Stream.VideoStreaming&amp;version=1&amp;method=Stream&amp;format=mjpeg&amp;cameraId=10&amp;StmKey=%22f56c2bb421c4a435d0ce7ee464957eac%22\" target=\"_blank\" rel=\"noopener\"><img loading=\"lazy\" decoding=\"async\" class=\"alignnone\" src=\"https:\/\/sy-sy.cz\/cam\/webapi\/entry.cgi?api=SYNO.SurveillanceStation.Stream.VideoStreaming&amp;version=1&amp;method=Stream&amp;format=mjpeg&amp;cameraId=10&amp;StmKey=%22f56c2bb421c4a435d0ce7ee464957eac%22\" alt=\"Camera 13\" width=\"1280\" height=\"720\" \/><\/a><\/h5>\n<h5><a href=\"https:\/\/tinnunculus.sy-sy.cz\/index.php\/nase-kamery\/kamera-0\/\">0<\/a>\u00a6 <a href=\"https:\/\/tinnunculus.sy-sy.cz\/index.php\/nase-kamery\/kamera-1\/\">1<\/a>\u00a6 <a href=\"https:\/\/tinnunculus.sy-sy.cz\/index.php\/nase-kamery\/kamera-2\/\">2<\/a>\u00a6 <a href=\"https:\/\/tinnunculus.sy-sy.cz\/index.php\/nase-kamery\/kamera-3\/\">3<\/a>\u00a6 <a href=\"https:\/\/tinnunculus.sy-sy.cz\/index.php\/nase-kamery\/kamera-4\/\">4<\/a>\u00a6 <a href=\"https:\/\/tinnunculus.sy-sy.cz\/index.php\/nase-kamery\/kamera-5\/\">5<\/a>\u00a6 <a href=\"https:\/\/tinnunculus.sy-sy.cz\/index.php\/nase-kamery\/kamera-6\/\">6<\/a>\u00a6 <a href=\"https:\/\/tinnunculus.sy-sy.cz\/index.php\/nase-kamery\/kamera-7\/\">7<\/a>\u00a6 <a href=\"https:\/\/tinnunculus.sy-sy.cz\/index.php\/nase-kamery\/kamera-8\/\">8<\/a>\u00a6 <a href=\"https:\/\/tinnunculus.sy-sy.cz\/index.php\/nase-kamery\/kamera-9\/\">9<\/a>\u00a6 <a href=\"https:\/\/tinnunculus.sy-sy.cz\/index.php\/nase-kamery\/kamera-10\/\">10<\/a>\u00a6 <a href=\"https:\/\/tinnunculus.sy-sy.cz\/index.php\/nase-kamery\/kamera-11\/\">11<\/a>\u00a6 <a href=\"https:\/\/tinnunculus.sy-sy.cz\/index.php\/nase-kamery\/kamera-12\/\">12<\/a>\u00a6 <a href=\"https:\/\/tinnunculus.sy-sy.cz\/index.php\/kamera-14\/\">14<\/a>\u00a6 <a href=\"https:\/\/tinnunculus.sy-sy.cz\/index.php\/nase-kamery\/kamera-15\/\">15<\/a>\u00a6 <a href=\"https:\/\/tinnunculus.sy-sy.cz\/index.php\/nase-kamery\/kamera-16\/\">16<\/a>\u00a6 <a href=\"https:\/\/tinnunculus.sy-sy.cz\/index.php\/nase-kamery\/kamera-17\/\">17<\/a>\u00a6\u00a0<a href=\"https:\/\/tinnunculus.sy-sy.cz\/index.php\/kamera-18\/\">18<\/a>\u00a6 <span style=\"color: #999999;\"><a href=\"https:\/\/tinnunculus.sy-sy.cz\/index.php\/nase-kamery\/kamera-19\/\">19<\/a>\u00a6 <a href=\"https:\/\/tinnunculus.sy-sy.cz\/index.php\/nase-kamery\/kamera-20\/\">20<\/a>\u00a6<\/span><\/h5>\n<p>&nbsp;<\/p>\n<\/div><\/div><\/div><\/div><\/div><\/div>\n<a class=\"left carousel-control\" data-target=\"#e30f34bzue\" data-cvslide=\"prev\">\r\n\t\t\t\t\t\t<span class=\"glyphicon glyphicon-chevron-left\"><\/span>\r\n\t\t\t\t\t<\/a>\r\n\t\t\t\t\t<a class=\"right carousel-control\" data-target=\"#e30f34bzue\" data-cvslide=\"next\">\r\n\t\t\t\t\t\t<span class=\"glyphicon glyphicon-chevron-right\"><\/span>\r\n\t\t\t\t\t<\/a><\/div><\/div><\/div><\/div>\n<p>&nbsp;<\/p>\n<p>&nbsp;<\/p>\n<h5 id=\"\u00a6-hn\u00edzdo\u00a0\u00a6-bid\u00fdlka-\u00a6-z\u00e1\">\u00a6 <a href=\"https:\/\/tinnunculus.sy-sy.cz\/index.php\/nase-kamery\/webkamery-z-nasi-lodzie\/\">hn\u00edzdo<\/a>\u00a0\u00a6 <a href=\"https:\/\/tinnunculus.sy-sy.cz\/index.php\/webkamery-z-nasi-lodzie-bidylka\/\">bid\u00fdlka<\/a> \u00a6 <a href=\"https:\/\/tinnunculus.sy-sy.cz\/index.php\/nase-kamery\/webkamery-z-nasi-lodzie-zabradli\/\">z\u00e1bradl\u00ed<\/a> \u00a6 <a href=\"https:\/\/tinnunculus.sy-sy.cz\/index.php\/nase-kamery\/webkamery-z-nasi-lodzie-za-oknem\/\">za oknem<\/a> \u00a6 <a href=\"https:\/\/tinnunculus.sy-sy.cz\/index.php\/nase-kamery\/webkamery-z-nasi-lodzie-za-oknem-2\/\">na podlaze<\/a> \u00a6<\/h5>\n","protected":false},"excerpt":{"rendered":"<p>&nbsp; &nbsp; \u00a6 hn\u00edzdo\u00a0\u00a6 bid\u00fdlka \u00a6 z\u00e1bradl\u00ed \u00a6 za oknem \u00a6 na podlaze \u00a6<\/p>\n","protected":false},"author":2,"featured_media":0,"parent":5032,"menu_order":103,"comment_status":"closed","ping_status":"closed","template":"","meta":{"jetpack_post_was_ever_published":false,"footnotes":""},"categories":[118,149,114],"tags":[],"class_list":["post-22325","page","type-page","status-publish","hentry","category-kamery","category-z-nasi-lodzie","category-zivy-prenos"],"jetpack_shortlink":"https:\/\/wp.me\/P91gKE-5O5","jetpack-related-posts":[{"id":22290,"url":"https:\/\/tinnunculus.sy-sy.cz\/index.php\/v-primem-prenosu\/nase-kamery\/webkamery-z-nasi-lodzie\/","url_meta":{"origin":22325,"position":0},"title":"(Web)kamery z&nbsp;na\u0161\u00ed lod\u017eie: hn\u00edzdo","author":"Zuzana Syrov\u00e1 An\u00fd\u017eov\u00e1","date":"05\/05\/2023","format":false,"excerpt":"\u00a0 \u00a0 \u00a6 hn\u00edzdo\u00a0\u00a6 bid\u00fdlka \u00a6 z\u00e1bradl\u00ed \u00a6 za oknem \u00a6 na podlaze \u00a6","rel":"","context":"V \u201e(Web)kamery\u201c","block_context":{"text":"(Web)kamery","link":"https:\/\/tinnunculus.sy-sy.cz\/index.php\/category\/zivy-prenos\/kamery\/"},"img":{"alt_text":"","src":"","width":0,"height":0},"classes":[]},{"id":22322,"url":"https:\/\/tinnunculus.sy-sy.cz\/index.php\/v-primem-prenosu\/nase-kamery\/webkamery-z-nasi-lodzie-bidylka\/","url_meta":{"origin":22325,"position":1},"title":"(Web)kamery z&nbsp;na\u0161\u00ed lod\u017eie: bid\u00fdlka","author":"Zuzana Syrov\u00e1 An\u00fd\u017eov\u00e1","date":"05\/05\/2023","format":false,"excerpt":"\u00a0 \u00a0 \u00a6 hn\u00edzdo\u00a0\u00a6 bid\u00fdlka \u00a6 z\u00e1bradl\u00ed \u00a6 za oknem \u00a6 na podlaze \u00a6","rel":"","context":"V \u201e(Web)kamery\u201c","block_context":{"text":"(Web)kamery","link":"https:\/\/tinnunculus.sy-sy.cz\/index.php\/category\/zivy-prenos\/kamery\/"},"img":{"alt_text":"","src":"","width":0,"height":0},"classes":[]},{"id":22331,"url":"https:\/\/tinnunculus.sy-sy.cz\/index.php\/v-primem-prenosu\/nase-kamery\/webkamery-z-nasi-lodzie-za-oknem\/","url_meta":{"origin":22325,"position":2},"title":"(Web)kamery z&nbsp;na\u0161\u00ed lod\u017eie: venku za oknem","author":"Zuzana Syrov\u00e1 An\u00fd\u017eov\u00e1","date":"06\/05\/2023","format":false,"excerpt":"\u00a0 \u00a0 \u00a6 hn\u00edzdo\u00a0\u00a6 bid\u00fdlka \u00a6 z\u00e1bradl\u00ed \u00a6 za oknem \u00a6 na podlaze \u00a6","rel":"","context":"V \u201e(Web)kamery\u201c","block_context":{"text":"(Web)kamery","link":"https:\/\/tinnunculus.sy-sy.cz\/index.php\/category\/zivy-prenos\/kamery\/"},"img":{"alt_text":"","src":"","width":0,"height":0},"classes":[]},{"id":22311,"url":"https:\/\/tinnunculus.sy-sy.cz\/index.php\/v-primem-prenosu\/nase-kamery\/webkamery-z-nasi-lodzie-zabradli\/","url_meta":{"origin":22325,"position":3},"title":"(Web)kamery z&nbsp;na\u0161\u00ed lod\u017eie: z\u00e1bradl\u00ed","author":"Zuzana Syrov\u00e1 An\u00fd\u017eov\u00e1","date":"05\/05\/2023","format":false,"excerpt":"\u00a0 \u00a0 \u00a6 hn\u00edzdo\u00a0\u00a6 bid\u00fdlka \u00a6 z\u00e1bradl\u00ed \u00a6 za oknem \u00a6 na podlaze \u00a6","rel":"","context":"Podobn\u00fd p\u0159\u00edsp\u011bvek","block_context":{"text":"Podobn\u00fd p\u0159\u00edsp\u011bvek","link":""},"img":{"alt_text":"","src":"","width":0,"height":0},"classes":[]},{"id":22175,"url":"https:\/\/tinnunculus.sy-sy.cz\/index.php\/v-primem-prenosu\/nase-kamery\/seznam-kamer\/kamera-6\/6-postolci-lodzie\/","url_meta":{"origin":22325,"position":4},"title":"6 \u00a6 Po\u0161tol\u010d\u00ed lod\u017eie","author":"Zuzana Syrov\u00e1 An\u00fd\u017eov\u00e1","date":"02\/05\/2023","format":false,"excerpt":"0\u00a6 1\u00a6 2\u00a6 3\u00a6 4\u00a6 5\u00a6 7\u00a6 8\u00a6 9\u00a6 10\u00a6 11\u00a6 12\u00a6 13\u00a6 14\u00a6 15\u00a6 16\u00a6 17\u00a6\u00a018\u00a6 19\u00a6 20\u00a6","rel":"","context":"V \u201e\"Na\u0161e\" po\u0161tolky\u201c","block_context":{"text":"\"Na\u0161e\" po\u0161tolky","link":"https:\/\/tinnunculus.sy-sy.cz\/index.php\/category\/nasi\/nase-postolky\/"},"img":{"alt_text":"Camera 6","src":"https:\/\/sy-sy.cz\/cam\/webapi\/entry.cgi?api=SYNO.SurveillanceStation.Stream.VideoStreaming&version=1&method=Stream&format=mjpeg&cameraId=18&StmKey=%22752a839c0eeb8fd2ca73a95c3f5f76c2%22","width":350,"height":200,"srcset":"https:\/\/sy-sy.cz\/cam\/webapi\/entry.cgi?api=SYNO.SurveillanceStation.Stream.VideoStreaming&version=1&method=Stream&format=mjpeg&cameraId=18&StmKey=%22752a839c0eeb8fd2ca73a95c3f5f76c2%22 1x, https:\/\/sy-sy.cz\/cam\/webapi\/entry.cgi?api=SYNO.SurveillanceStation.Stream.VideoStreaming&version=1&method=Stream&format=mjpeg&cameraId=18&StmKey=%22752a839c0eeb8fd2ca73a95c3f5f76c2%22 1.5x"},"classes":[]},{"id":22217,"url":"https:\/\/tinnunculus.sy-sy.cz\/index.php\/v-primem-prenosu\/nase-kamery\/seznam-kamer\/kamera-7\/7-postolci-lodzie\/","url_meta":{"origin":22325,"position":5},"title":"7 \u00a6 Po\u0161tol\u010d\u00ed lod\u017eie","author":"Zuzana Syrov\u00e1 An\u00fd\u017eov\u00e1","date":"03\/05\/2023","format":false,"excerpt":"0\u00a6 1\u00a6 2\u00a6 3\u00a6 4\u00a6 5\u00a6 6\u00a6 8\u00a6 9\u00a6 10\u00a6 11\u00a6 12\u00a6 13\u00a6 14\u00a6 15\u00a6 16\u00a6 17\u00a6\u00a018\u00a6 19\u00a6 20\u00a6 \u00a0","rel":"","context":"V \u201e\"Na\u0161e\" po\u0161tolky\u201c","block_context":{"text":"\"Na\u0161e\" po\u0161tolky","link":"https:\/\/tinnunculus.sy-sy.cz\/index.php\/category\/nasi\/nase-postolky\/"},"img":{"alt_text":"Camera 7","src":"https:\/\/sy-sy.cz\/cam\/webapi\/entry.cgi?api=SYNO.SurveillanceStation.Stream.VideoStreaming&version=1&method=Stream&format=mjpeg&cameraId=14&StmKey=%22449ead37e2ad431696e1beec981c203e%22","width":350,"height":200,"srcset":"https:\/\/sy-sy.cz\/cam\/webapi\/entry.cgi?api=SYNO.SurveillanceStation.Stream.VideoStreaming&version=1&method=Stream&format=mjpeg&cameraId=14&StmKey=%22449ead37e2ad431696e1beec981c203e%22 1x, https:\/\/sy-sy.cz\/cam\/webapi\/entry.cgi?api=SYNO.SurveillanceStation.Stream.VideoStreaming&version=1&method=Stream&format=mjpeg&cameraId=14&StmKey=%22449ead37e2ad431696e1beec981c203e%22 1.5x, https:\/\/sy-sy.cz\/cam\/webapi\/entry.cgi?api=SYNO.SurveillanceStation.Stream.VideoStreaming&version=1&method=Stream&format=mjpeg&cameraId=14&StmKey=%22449ead37e2ad431696e1beec981c203e%22 2x, https:\/\/sy-sy.cz\/cam\/webapi\/entry.cgi?api=SYNO.SurveillanceStation.Stream.VideoStreaming&version=1&method=Stream&format=mjpeg&cameraId=14&StmKey=%22449ead37e2ad431696e1beec981c203e%22 3x"},"classes":[]}],"jetpack_sharing_enabled":true,"_links":{"self":[{"href":"https:\/\/tinnunculus.sy-sy.cz\/index.php\/wp-json\/wp\/v2\/pages\/22325","targetHints":{"allow":["GET"]}}],"collection":[{"href":"https:\/\/tinnunculus.sy-sy.cz\/index.php\/wp-json\/wp\/v2\/pages"}],"about":[{"href":"https:\/\/tinnunculus.sy-sy.cz\/index.php\/wp-json\/wp\/v2\/types\/page"}],"author":[{"embeddable":true,"href":"https:\/\/tinnunculus.sy-sy.cz\/index.php\/wp-json\/wp\/v2\/users\/2"}],"replies":[{"embeddable":true,"href":"https:\/\/tinnunculus.sy-sy.cz\/index.php\/wp-json\/wp\/v2\/comments?post=22325"}],"version-history":[{"count":2,"href":"https:\/\/tinnunculus.sy-sy.cz\/index.php\/wp-json\/wp\/v2\/pages\/22325\/revisions"}],"predecessor-version":[{"id":24221,"href":"https:\/\/tinnunculus.sy-sy.cz\/index.php\/wp-json\/wp\/v2\/pages\/22325\/revisions\/24221"}],"up":[{"embeddable":true,"href":"https:\/\/tinnunculus.sy-sy.cz\/index.php\/wp-json\/wp\/v2\/pages\/5032"}],"wp:attachment":[{"href":"https:\/\/tinnunculus.sy-sy.cz\/index.php\/wp-json\/wp\/v2\/media?parent=22325"}],"wp:term":[{"taxonomy":"category","embeddable":true,"href":"https:\/\/tinnunculus.sy-sy.cz\/index.php\/wp-json\/wp\/v2\/categories?post=22325"},{"taxonomy":"post_tag","embeddable":true,"href":"https:\/\/tinnunculus.sy-sy.cz\/index.php\/wp-json\/wp\/v2\/tags?post=22325"}],"curies":[{"name":"wp","href":"https:\/\/api.w.org\/{rel}","templated":true}]}}